{"id":357211,"date":"2026-02-26T11:38:26","date_gmt":"2026-02-26T09:38:26","guid":{"rendered":"https:\/\/test.puhdasplus.ee\/\/tooted\/uncategorized\/folats-500-%c2%b5g-60-kapsulas\/"},"modified":"2026-03-04T22:07:36","modified_gmt":"2026-03-04T20:07:36","slug":"folats-500-%c2%b5g-60-kapsulas","status":"publish","type":"product","link":"https:\/\/test.puhdasplus.ee\/lv\/tooted\/vitamini\/b-vitamins\/folats-500-%c2%b5g-60-kapsulas\/","title":{"rendered":"Fol\u0101ts 500 \u00b5g, 60 kapsulas"},"content":{"rendered":"<h2 data-start=\"231\" data-end=\"257\">K\u0101p\u0113c fol\u0101ts ir svar\u012bgs?<\/h2>\n<p data-start=\"259\" data-end=\"464\">Fol\u0101ts (B9 vitam\u012bns) ir organismam nepiecie\u0161ams \u016bden\u012b \u0161\u0137\u012bsto\u0161s vitam\u012bns, kas piedal\u0101s daudzos dz\u012bv\u012bbai svar\u012bgos procesos. T\u0101 k\u0101 cilv\u0113ka organisms pats fol\u0101tu nera\u017eo, tas j\u0101uz\u0146em ar p\u0101rtiku vai, ja nepiecie\u0161ams, ar uztura bag\u0101tin\u0101t\u0101jiem. <\/p>\n<p data-start=\"466\" data-end=\"584\">Puhdas+ Fol\u0101ts satur bioakt\u012bvo 5-metiltetrahidrofol\u0101tu (Quatrefolic\u00ae), kas ir organismam gatava fol\u0101ta forma.<\/p>\n<h2 data-start=\"573\" data-end=\"595\">Fol\u0101ts veicina:<\/h2>\n<ul data-start=\"597\" data-end=\"832\">\n<li data-start=\"597\" data-end=\"632\">\n<p data-start=\"599\" data-end=\"632\">norm\u0101lu asinsradi<\/p>\n<\/li>\n<li data-start=\"633\" data-end=\"657\">\n<p data-start=\"635\" data-end=\"657\">\u0161\u016bnu dal\u012b\u0161anos<\/p>\n<\/li>\n<li data-start=\"658\" data-end=\"703\">\n<p data-start=\"660\" data-end=\"703\">norm\u0101lu homociste\u012bna vielmai\u0146u<\/p>\n<\/li>\n<li data-start=\"704\" data-end=\"749\">\n<p data-start=\"706\" data-end=\"749\">norm\u0101las psiholo\u0123isk\u0101s funkcijas<\/p>\n<\/li>\n<li data-start=\"750\" data-end=\"792\">\n<p data-start=\"752\" data-end=\"792\">norm\u0101lu im\u016bnsist\u0113mas darb\u012bbu<\/p>\n<\/li>\n<li data-start=\"793\" data-end=\"832\">\n<p data-start=\"795\" data-end=\"832\">noguruma un nesp\u0113ka mazin\u0101\u0161anu<\/p>\n<\/li>\n<\/ul>\n<p data-start=\"834\" data-end=\"889\">Turkl\u0101t fol\u0101ts veicina <strong data-start=\"933\" data-end=\"965\">m\u0101tes audu veido\u0161anos gr\u016btniec\u012bbas laik\u0101<\/strong>, t\u0101p\u0113c pietiekama fol\u0101ta uz\u0146em\u0161ana ir svar\u012bga sieviet\u0113m, kuras pl\u0101no gr\u016btniec\u012bbu vai ir st\u0101vokl\u012b.<\/p>\n<h2 data-start=\"1067\" data-end=\"1084\">Kam tas ir piem\u0113rots?<\/h2>\n<ul data-start=\"1086\" data-end=\"1307\">\n<li data-start=\"1086\" data-end=\"1137\">\n<p data-start=\"1088\" data-end=\"1137\">Sieviet\u0113m gr\u016btniec\u012bbas pl\u0101no\u0161anas un gr\u016btniec\u012bbas laik\u0101<\/p>\n<\/li>\n<li data-start=\"1138\" data-end=\"1203\">\n<p data-start=\"1140\" data-end=\"1203\">Cilv\u0113kiem, kuri v\u0113las atbalst\u012bt norm\u0101lu asinsradi<\/p>\n<\/li>\n<li data-start=\"1204\" data-end=\"1272\">\n<p data-start=\"1206\" data-end=\"1272\">Tiem, kuri j\u016btas noguru\u0161i un v\u0113las atbalst\u012bt ener\u0123ijas apmai\u0146u<\/p>\n<\/li>\n<li data-start=\"1273\" data-end=\"1307\">\n<p data-start=\"1275\" data-end=\"1307\">Veg\u0101niem un ve\u0123et\u0101rie\u0161iem<\/p>\n<\/li>\n<\/ul>\n<h2 data-start=\"896\" data-end=\"910\">Sast\u0101vda\u013cas<\/h2>\n<p data-start=\"912\" data-end=\"1041\">Apjoma palielin\u0101t\u0101js (mikrokrist\u0101lisk\u0101 celuloze), kapsulas apvalks (hidroksipropilmetilceluloze), 5-metiltetrahidrofol\u0101ts (Quatrefolic\u00ae).<\/p>\n<p data-start=\"1043\" data-end=\"1118\">Nesatur laktozi, glut\u0113nu, raugu vai pievienotu cukuru. Piem\u0113rots veg\u0101niem.<\/p>\n<h2 data-start=\"1125\" data-end=\"1167\">Akt\u012bv\u0101s vielas saturs diennakts dev\u0101<\/h2>\n<p data-start=\"1169\" data-end=\"1191\"><strong data-start=\"1169\" data-end=\"1191\">1 kapsula satur:<\/strong><\/p>\n<ul data-start=\"1192\" data-end=\"1241\">\n<li data-start=\"1192\" data-end=\"1241\">\n<p data-start=\"1194\" data-end=\"1241\">Fol\u0101ts 500 \u00b5g (250% no uzturvielu atsauces v\u0113rt\u012bbas*)<\/p>\n<\/li>\n<\/ul>\n<p data-start=\"1243\" data-end=\"1287\">* Uzturvielu atsauces v\u0113rt\u012bba pieaugu\u0161ajiem (NRV).<\/p>\n<h2 data-start=\"1294\" data-end=\"1307\">Lietojums<\/h2>\n<p data-start=\"1309\" data-end=\"1372\">Ieteicam\u0101 deva pieaugu\u0161ajiem ir 1 kapsula dien\u0101, uzdzerot \u016bdeni.<\/p>\n<h2 data-start=\"1379\" data-end=\"1391\">Br\u012bdin\u0101jumi<\/h2>\n<p data-start=\"1393\" data-end=\"1563\">Nep\u0101rsniegt ieteicamo diennakts devu.<br data-start=\"1433\" data-end=\"1436\">Neizmantot uztura bag\u0101tin\u0101t\u0101ju pilnv\u0113rt\u012bga un sabalans\u0113ta uztura un vesel\u012bga dz\u012bvesveida aizvieto\u0161anai.<br data-start=\"1524\" data-end=\"1527\">Glab\u0101t b\u0113rniem nepieejam\u0101 viet\u0101.<\/p>\n<h2 data-start=\"1570\" data-end=\"1584\">Uzglab\u0101\u0161ana<\/h2>\n<p data-start=\"1586\" data-end=\"1648\">Uzglab\u0101t saus\u0101 un v\u0113s\u0101 viet\u0101, sarg\u0101t no tie\u0161iem saules stariem.<\/p>\n<h2 data-start=\"1314\" data-end=\"1330\">Produkta priek\u0161roc\u012bbas<\/h2>\n<ul data-start=\"1332\" data-end=\"1525\">\n<li data-start=\"1332\" data-end=\"1386\">\n<p data-start=\"1334\" data-end=\"1386\">Satur bioakt\u012bvu fol\u0101ta formu (Quatrefolic\u00ae)<\/p>\n<\/li>\n<li data-start=\"1387\" data-end=\"1446\">\n<p data-start=\"1389\" data-end=\"1446\">500 \u00b5g fol\u0101ta kapsul\u0101 (250% no NRV)<\/p>\n<\/li>\n<li data-start=\"1447\" data-end=\"1467\">\n<p data-start=\"1449\" data-end=\"1467\">Piem\u0113rots veg\u0101niem<\/p>\n<\/li>\n<li data-start=\"1468\" data-end=\"1504\">\n<p data-start=\"1470\" data-end=\"1504\">Nesatur laktozi un glut\u0113nu<\/p>\n<\/li>\n<li data-start=\"1505\" data-end=\"1525\">\n<p data-start=\"1507\" data-end=\"1525\">\u0112rta kapsulu forma<\/p>\n<\/li>\n<\/ul>\n<p><strong data-start=\"1475\" data-end=\"1486\">Ra\u017eot\u0101js:<\/strong> New Organics Oy, Somija<br data-start=\"1509\" data-end=\"1512\"><strong data-start=\"1512\" data-end=\"1527\">Import\u0113t\u0101js:<\/strong> NordenBio O\u00dc, Narvas \u0161oseja 7, 10117 Tallinna, Igaunija<\/p>\n","protected":false},"excerpt":{"rendered":"<p data-start=\"220\" data-end=\"380\">Puhdas+ Fol\u0101ts satur bioakt\u012bvo fol\u0101tu (B9 vitam\u012bnu) 5-metiltetrahidrofol\u0101ta form\u0101 (Quatrefolic\u00ae). Tas ir organismam gatavas formas fol\u0101ts. <\/p>\n<p data-start=\"382\" data-end=\"566\">Fol\u0101ts ir \u016bden\u012b \u0161\u0137\u012bsto\u0161s B grupas vitam\u012bns, kas ir svar\u012bgs ikdienas uztura papildin\u0101\u0161anai. Produkts ir piem\u0113rots pieaugu\u0161ajiem, k\u0101 ar\u012b ve\u0123et\u0101rie\u0161iem un veg\u0101niem. <\/p>\n","protected":false},"featured_media":357212,"comment_status":"open","ping_status":"closed","template":"","meta":{"_acf_changed":false},"product_brand":[],"product_cat":[3207,3205],"product_tag":[7688,7691,7685,7687,7686,6352,7692,4572,3068,7695,3218,7689,7690,7694,7684,7693],"class_list":{"0":"post-357211","1":"product","2":"type-product","3":"status-publish","4":"has-post-thumbnail","6":"product_cat-b-vitamins","7":"product_cat-vitamini","8":"product_tag-5-metiltetrahidrofolats","9":"product_tag-asinsrade","10":"product_tag-b9-vitamins","11":"product_tag-bioaktivs-folats","12":"product_tag-folata-uztura-bagatinatajs","13":"product_tag-folatu","14":"product_tag-grutniecibas-planosana","15":"product_tag-homocisteina-metabolisms","16":"product_tag-imunsistemas-atbalsts","17":"product_tag-kapsulas","18":"product_tag-noguruma-mazinasana","19":"product_tag-quatrefolic","20":"product_tag-sunu-dalisanas","21":"product_tag-veganu-vitamins","22":"product_tag-vitamins-b9","23":"product_tag-vitamins-grutniecibas-laika","25":"first","26":"onbackorder","27":"taxable","28":"shipping-taxable","29":"purchasable","30":"product-type-simple"},"acf":[],"yoast_head":"<!-- This site is optimized with the Yoast SEO plugin v27.1.1 - https:\/\/yoast.com\/product\/yoast-seo-wordpress\/ -->\n<title>Fol\u0101ts 500 \u00b5g, 60 kapsulas - Puhdas+<\/title>\n<meta name=\"description\" content=\"Fol\u0101ts 500 \u00b5g bioakt\u012bv\u0101 form\u0101. Atbalsta asinsradi, \u0161\u016bnu dal\u012b\u0161anos un pal\u012bdz mazin\u0101t nogurumu. 60 kapsulas. Piem\u0113rots veg\u0101niem.\" \/>\n<meta name=\"robots\" content=\"noindex, follow, max-snippet:-1, max-image-preview:large, max-video-preview:-1\" \/>\n<meta property=\"og:locale\" content=\"lv_LV\" \/>\n<meta property=\"og:type\" content=\"article\" \/>\n<meta property=\"og:title\" content=\"Fol\u0101ts 500 \u00b5g, 60 kapsulas - Puhdas+\" \/>\n<meta property=\"og:description\" content=\"Fol\u0101ts 500 \u00b5g bioakt\u012bv\u0101 form\u0101. Atbalsta asinsradi, \u0161\u016bnu dal\u012b\u0161anos un pal\u012bdz mazin\u0101t nogurumu. 60 kapsulas. Piem\u0113rots veg\u0101niem.\" \/>\n<meta property=\"og:url\" content=\"https:\/\/test.puhdasplus.ee\/lv\/tooted\/vitamini\/b-vitamins\/folats-500-%c2%b5g-60-kapsulas\/\" \/>\n<meta property=\"og:site_name\" content=\"Puhdas+\" \/>\n<meta property=\"article:publisher\" content=\"https:\/\/www.facebook.com\/puhdasplus\" \/>\n<meta property=\"article:modified_time\" content=\"2026-03-04T20:07:36+00:00\" \/>\n<meta property=\"og:image\" content=\"https:\/\/test.puhdasplus.ee\/wp-content\/uploads\/2026\/02\/Puhdas-Folaat-500-\u00b5g-60-kapslit-\u2013-toidulisand-scaled.jpg\" \/>\n\t<meta property=\"og:image:width\" content=\"1862\" \/>\n\t<meta property=\"og:image:height\" content=\"2560\" \/>\n\t<meta property=\"og:image:type\" content=\"image\/jpeg\" \/>\n<meta name=\"twitter:card\" content=\"summary_large_image\" \/>\n<meta name=\"twitter:label1\" content=\"Est. reading time\" \/>\n\t<meta name=\"twitter:data1\" content=\"2 min\u016btes\" \/>\n<script type=\"application\/ld+json\" class=\"yoast-schema-graph\">{\"@context\":\"https:\/\/schema.org\",\"@graph\":[{\"@type\":\"WebPage\",\"@id\":\"https:\/\/test.puhdasplus.ee\/lv\/tooted\/vitamini\/b-vitamins\/folats-500-%c2%b5g-60-kapsulas\/\",\"url\":\"https:\/\/test.puhdasplus.ee\/lv\/tooted\/vitamini\/b-vitamins\/folats-500-%c2%b5g-60-kapsulas\/\",\"name\":\"Fol\u0101ts 500 \u00b5g, 60 kapsulas - Puhdas+\",\"isPartOf\":{\"@id\":\"https:\/\/test.puhdasplus.ee\/lv\/#website\"},\"primaryImageOfPage\":{\"@id\":\"https:\/\/test.puhdasplus.ee\/lv\/tooted\/vitamini\/b-vitamins\/folats-500-%c2%b5g-60-kapsulas\/#primaryimage\"},\"image\":{\"@id\":\"https:\/\/test.puhdasplus.ee\/lv\/tooted\/vitamini\/b-vitamins\/folats-500-%c2%b5g-60-kapsulas\/#primaryimage\"},\"thumbnailUrl\":\"https:\/\/test.puhdasplus.ee\/wp-content\/uploads\/2026\/02\/Puhdas-Folaat-500-\u00b5g-60-kapslit-\u2013-toidulisand-scaled.jpg\",\"datePublished\":\"2026-02-26T09:38:26+00:00\",\"dateModified\":\"2026-03-04T20:07:36+00:00\",\"description\":\"Fol\u0101ts 500 \u00b5g bioakt\u012bv\u0101 form\u0101. Atbalsta asinsradi, \u0161\u016bnu dal\u012b\u0161anos un pal\u012bdz mazin\u0101t nogurumu. 60 kapsulas. Piem\u0113rots veg\u0101niem.\",\"breadcrumb\":{\"@id\":\"https:\/\/test.puhdasplus.ee\/lv\/tooted\/vitamini\/b-vitamins\/folats-500-%c2%b5g-60-kapsulas\/#breadcrumb\"},\"inLanguage\":\"lv-LV\",\"potentialAction\":[{\"@type\":\"ReadAction\",\"target\":[\"https:\/\/test.puhdasplus.ee\/lv\/tooted\/vitamini\/b-vitamins\/folats-500-%c2%b5g-60-kapsulas\/\"]}]},{\"@type\":\"ImageObject\",\"inLanguage\":\"lv-LV\",\"@id\":\"https:\/\/test.puhdasplus.ee\/lv\/tooted\/vitamini\/b-vitamins\/folats-500-%c2%b5g-60-kapsulas\/#primaryimage\",\"url\":\"https:\/\/test.puhdasplus.ee\/wp-content\/uploads\/2026\/02\/Puhdas-Folaat-500-\u00b5g-60-kapslit-\u2013-toidulisand-scaled.jpg\",\"contentUrl\":\"https:\/\/test.puhdasplus.ee\/wp-content\/uploads\/2026\/02\/Puhdas-Folaat-500-\u00b5g-60-kapslit-\u2013-toidulisand-scaled.jpg\",\"width\":1862,\"height\":2560,\"caption\":\"Puhdas+ Fol\u0101ts 500 \u00b5g, 60 kapsulas \u2013 uztura bag\u0101tin\u0101t\u0101js\"},{\"@type\":\"BreadcrumbList\",\"@id\":\"https:\/\/test.puhdasplus.ee\/lv\/tooted\/vitamini\/b-vitamins\/folats-500-%c2%b5g-60-kapsulas\/#breadcrumb\",\"itemListElement\":[{\"@type\":\"ListItem\",\"position\":1,\"name\":\"S\u0101kums\",\"item\":\"https:\/\/test.puhdasplus.ee\/lv\/\"},{\"@type\":\"ListItem\",\"position\":2,\"name\":\"Produkti\",\"item\":\"https:\/\/test.puhdasplus.ee\/lv\/veikals\/\"},{\"@type\":\"ListItem\",\"position\":3,\"name\":\"Fol\u0101ts 500 \u00b5g, 60 kapsulas\"}]},{\"@type\":\"WebSite\",\"@id\":\"https:\/\/test.puhdasplus.ee\/lv\/#website\",\"url\":\"https:\/\/test.puhdasplus.ee\/lv\/\",\"name\":\"Puhdas+\",\"description\":\"Vitamiinid, Toidulisandid, looduskosmeetika, tervis, sport\",\"publisher\":{\"@id\":\"https:\/\/test.puhdasplus.ee\/lv\/#organization\"},\"potentialAction\":[{\"@type\":\"SearchAction\",\"target\":{\"@type\":\"EntryPoint\",\"urlTemplate\":\"https:\/\/test.puhdasplus.ee\/lv\/?s={search_term_string}\"},\"query-input\":{\"@type\":\"PropertyValueSpecification\",\"valueRequired\":true,\"valueName\":\"search_term_string\"}}],\"inLanguage\":\"lv-LV\"},{\"@type\":\"Organization\",\"@id\":\"https:\/\/test.puhdasplus.ee\/lv\/#organization\",\"name\":\"Puhdas+\",\"alternateName\":\"Puhdasplus\",\"url\":\"https:\/\/test.puhdasplus.ee\/lv\/\",\"logo\":{\"@type\":\"ImageObject\",\"inLanguage\":\"lv-LV\",\"@id\":\"https:\/\/test.puhdasplus.ee\/lv\/#\/schema\/logo\/image\/\",\"url\":\"https:\/\/test.puhdasplus.ee\/\/wp-content\/uploads\/2019\/10\/puhdas_logo-arvele.png\",\"contentUrl\":\"https:\/\/test.puhdasplus.ee\/\/wp-content\/uploads\/2019\/10\/puhdas_logo-arvele.png\",\"width\":114,\"height\":94,\"caption\":\"Puhdas+\"},\"image\":{\"@id\":\"https:\/\/test.puhdasplus.ee\/lv\/#\/schema\/logo\/image\/\"},\"sameAs\":[\"https:\/\/www.facebook.com\/puhdasplus\",\"https:\/\/www.instagram.com\/puhdasplus_ee\/\"]}]}<\/script>\n<!-- \/ Yoast SEO plugin. -->","yoast_head_json":{"title":"Fol\u0101ts 500 \u00b5g, 60 kapsulas - Puhdas+","description":"Fol\u0101ts 500 \u00b5g bioakt\u012bv\u0101 form\u0101. Atbalsta asinsradi, \u0161\u016bnu dal\u012b\u0161anos un pal\u012bdz mazin\u0101t nogurumu. 60 kapsulas. Piem\u0113rots veg\u0101niem.","robots":{"index":"noindex","follow":"follow","max-snippet":"max-snippet:-1","max-image-preview":"max-image-preview:large","max-video-preview":"max-video-preview:-1"},"og_locale":"lv_LV","og_type":"article","og_title":"Fol\u0101ts 500 \u00b5g, 60 kapsulas - Puhdas+","og_description":"Fol\u0101ts 500 \u00b5g bioakt\u012bv\u0101 form\u0101. Atbalsta asinsradi, \u0161\u016bnu dal\u012b\u0161anos un pal\u012bdz mazin\u0101t nogurumu. 60 kapsulas. Piem\u0113rots veg\u0101niem.","og_url":"https:\/\/test.puhdasplus.ee\/lv\/tooted\/vitamini\/b-vitamins\/folats-500-%c2%b5g-60-kapsulas\/","og_site_name":"Puhdas+","article_publisher":"https:\/\/www.facebook.com\/puhdasplus","article_modified_time":"2026-03-04T20:07:36+00:00","og_image":[{"width":1862,"height":2560,"url":"https:\/\/test.puhdasplus.ee\/wp-content\/uploads\/2026\/02\/Puhdas-Folaat-500-\u00b5g-60-kapslit-\u2013-toidulisand-scaled.jpg","type":"image\/jpeg"}],"twitter_card":"summary_large_image","twitter_misc":{"Est. reading time":"2 min\u016btes"},"schema":{"@context":"https:\/\/schema.org","@graph":[{"@type":"WebPage","@id":"https:\/\/test.puhdasplus.ee\/lv\/tooted\/vitamini\/b-vitamins\/folats-500-%c2%b5g-60-kapsulas\/","url":"https:\/\/test.puhdasplus.ee\/lv\/tooted\/vitamini\/b-vitamins\/folats-500-%c2%b5g-60-kapsulas\/","name":"Fol\u0101ts 500 \u00b5g, 60 kapsulas - Puhdas+","isPartOf":{"@id":"https:\/\/test.puhdasplus.ee\/lv\/#website"},"primaryImageOfPage":{"@id":"https:\/\/test.puhdasplus.ee\/lv\/tooted\/vitamini\/b-vitamins\/folats-500-%c2%b5g-60-kapsulas\/#primaryimage"},"image":{"@id":"https:\/\/test.puhdasplus.ee\/lv\/tooted\/vitamini\/b-vitamins\/folats-500-%c2%b5g-60-kapsulas\/#primaryimage"},"thumbnailUrl":"https:\/\/test.puhdasplus.ee\/wp-content\/uploads\/2026\/02\/Puhdas-Folaat-500-\u00b5g-60-kapslit-\u2013-toidulisand-scaled.jpg","datePublished":"2026-02-26T09:38:26+00:00","dateModified":"2026-03-04T20:07:36+00:00","description":"Fol\u0101ts 500 \u00b5g bioakt\u012bv\u0101 form\u0101. Atbalsta asinsradi, \u0161\u016bnu dal\u012b\u0161anos un pal\u012bdz mazin\u0101t nogurumu. 60 kapsulas. Piem\u0113rots veg\u0101niem.","breadcrumb":{"@id":"https:\/\/test.puhdasplus.ee\/lv\/tooted\/vitamini\/b-vitamins\/folats-500-%c2%b5g-60-kapsulas\/#breadcrumb"},"inLanguage":"lv-LV","potentialAction":[{"@type":"ReadAction","target":["https:\/\/test.puhdasplus.ee\/lv\/tooted\/vitamini\/b-vitamins\/folats-500-%c2%b5g-60-kapsulas\/"]}]},{"@type":"ImageObject","inLanguage":"lv-LV","@id":"https:\/\/test.puhdasplus.ee\/lv\/tooted\/vitamini\/b-vitamins\/folats-500-%c2%b5g-60-kapsulas\/#primaryimage","url":"https:\/\/test.puhdasplus.ee\/wp-content\/uploads\/2026\/02\/Puhdas-Folaat-500-\u00b5g-60-kapslit-\u2013-toidulisand-scaled.jpg","contentUrl":"https:\/\/test.puhdasplus.ee\/wp-content\/uploads\/2026\/02\/Puhdas-Folaat-500-\u00b5g-60-kapslit-\u2013-toidulisand-scaled.jpg","width":1862,"height":2560,"caption":"Puhdas+ Fol\u0101ts 500 \u00b5g, 60 kapsulas \u2013 uztura bag\u0101tin\u0101t\u0101js"},{"@type":"BreadcrumbList","@id":"https:\/\/test.puhdasplus.ee\/lv\/tooted\/vitamini\/b-vitamins\/folats-500-%c2%b5g-60-kapsulas\/#breadcrumb","itemListElement":[{"@type":"ListItem","position":1,"name":"S\u0101kums","item":"https:\/\/test.puhdasplus.ee\/lv\/"},{"@type":"ListItem","position":2,"name":"Produkti","item":"https:\/\/test.puhdasplus.ee\/lv\/veikals\/"},{"@type":"ListItem","position":3,"name":"Fol\u0101ts 500 \u00b5g, 60 kapsulas"}]},{"@type":"WebSite","@id":"https:\/\/test.puhdasplus.ee\/lv\/#website","url":"https:\/\/test.puhdasplus.ee\/lv\/","name":"Puhdas+","description":"Vitamiinid, Toidulisandid, looduskosmeetika, tervis, sport","publisher":{"@id":"https:\/\/test.puhdasplus.ee\/lv\/#organization"},"potentialAction":[{"@type":"SearchAction","target":{"@type":"EntryPoint","urlTemplate":"https:\/\/test.puhdasplus.ee\/lv\/?s={search_term_string}"},"query-input":{"@type":"PropertyValueSpecification","valueRequired":true,"valueName":"search_term_string"}}],"inLanguage":"lv-LV"},{"@type":"Organization","@id":"https:\/\/test.puhdasplus.ee\/lv\/#organization","name":"Puhdas+","alternateName":"Puhdasplus","url":"https:\/\/test.puhdasplus.ee\/lv\/","logo":{"@type":"ImageObject","inLanguage":"lv-LV","@id":"https:\/\/test.puhdasplus.ee\/lv\/#\/schema\/logo\/image\/","url":"https:\/\/test.puhdasplus.ee\/\/wp-content\/uploads\/2019\/10\/puhdas_logo-arvele.png","contentUrl":"https:\/\/test.puhdasplus.ee\/\/wp-content\/uploads\/2019\/10\/puhdas_logo-arvele.png","width":114,"height":94,"caption":"Puhdas+"},"image":{"@id":"https:\/\/test.puhdasplus.ee\/lv\/#\/schema\/logo\/image\/"},"sameAs":["https:\/\/www.facebook.com\/puhdasplus","https:\/\/www.instagram.com\/puhdasplus_ee\/"]}]}},"_links":{"self":[{"href":"https:\/\/test.puhdasplus.ee\/lv\/wp-json\/wp\/v2\/product\/357211","targetHints":{"allow":["GET"]}}],"collection":[{"href":"https:\/\/test.puhdasplus.ee\/lv\/wp-json\/wp\/v2\/product"}],"about":[{"href":"https:\/\/test.puhdasplus.ee\/lv\/wp-json\/wp\/v2\/types\/product"}],"replies":[{"embeddable":true,"href":"https:\/\/test.puhdasplus.ee\/lv\/wp-json\/wp\/v2\/comments?post=357211"}],"wp:featuredmedia":[{"embeddable":true,"href":"https:\/\/test.puhdasplus.ee\/lv\/wp-json\/wp\/v2\/media\/357212"}],"wp:attachment":[{"href":"https:\/\/test.puhdasplus.ee\/lv\/wp-json\/wp\/v2\/media?parent=357211"}],"wp:term":[{"taxonomy":"product_brand","embeddable":true,"href":"https:\/\/test.puhdasplus.ee\/lv\/wp-json\/wp\/v2\/product_brand?post=357211"},{"taxonomy":"product_cat","embeddable":true,"href":"https:\/\/test.puhdasplus.ee\/lv\/wp-json\/wp\/v2\/product_cat?post=357211"},{"taxonomy":"product_tag","embeddable":true,"href":"https:\/\/test.puhdasplus.ee\/lv\/wp-json\/wp\/v2\/product_tag?post=357211"}],"curies":[{"name":"wp","href":"https:\/\/api.w.org\/{rel}","templated":true}]}}