{"id":354510,"date":"2025-10-05T10:06:39","date_gmt":"2025-10-05T07:06:39","guid":{"rendered":"https:\/\/test.puhdasplus.ee\/\/tooted\/uncategorized\/kofeina-kopsanas-ella-100-ml\/"},"modified":"2026-02-22T22:45:45","modified_gmt":"2026-02-22T20:45:45","slug":"kofeina-kopsanas-ella-100-ml","status":"publish","type":"product","link":"https:\/\/test.puhdasplus.ee\/lv\/tooted\/kosmetika\/kofeina-kopsanas-ella-100-ml\/","title":{"rendered":"Kofe\u012bna kop\u0161anas e\u013c\u013ca 100 ml"},"content":{"rendered":"<p data-start=\"182\" data-end=\"414\">Kofe\u012bna e\u013c\u013ca ir efekt\u012bvs un dab\u012bgs mais\u012bjums, kas pal\u012bdz atdz\u012bvin\u0101t galvas \u0101du un stiprin\u0101t matus no sakn\u0113m l\u012bdz galiem. Viegl\u0101, bet barojo\u0161\u0101 formula \u0101tri ies\u016bcas un nepadara matus smagus vai taukainus. <\/p>\n<p data-start=\"416\" data-end=\"674\">E\u013c\u013ca satur <strong data-start=\"429\" data-end=\"441\">kofe\u012bnu<\/strong> , kas pal\u012bdz stimul\u0113t asinsriti galvas \u0101d\u0101 un atbalsta dabisko matu aug\u0161anu.<br data-start=\"521\" data-end=\"524\"> Turkl\u0101t kop\u0161anas e\u013c\u013ca satur <strong data-start=\"546\" data-end=\"601\">r\u012bcine\u013c\u013cu, arg\u0101na e\u013c\u013cu, lavandas e\u013c\u013cu un rozmar\u012bna e\u013c\u013cu<\/strong> , kas baro un aizsarg\u0101 matus, pie\u0161\u0137irot tiem vitalit\u0101ti un sp\u012bdumu.<\/p>\n<p data-start=\"676\" data-end=\"693\"><strong data-start=\"676\" data-end=\"691\">Lietojums:<\/strong><\/p>\n<ul data-start=\"694\" data-end=\"959\">\n<li data-start=\"694\" data-end=\"755\">\n<p data-start=\"696\" data-end=\"755\">Uzkl\u0101jiet e\u013c\u013cu uz sausiem vai mitriem matiem un galvas \u0101das.<\/p>\n<\/li>\n<li data-start=\"756\" data-end=\"839\">\n<p data-start=\"758\" data-end=\"839\">Viegli iemas\u0113jiet, lai stimul\u0113tu galvas \u0101das asinsriti un barotu matu saknes.<\/p>\n<\/li>\n<li data-start=\"840\" data-end=\"914\">\n<p data-start=\"842\" data-end=\"914\">\u013baujiet e\u013c\u013cai iedarboties vismaz 10 min\u016btes vai, ja v\u0113laties, uz nakti.<\/p>\n<\/li>\n<li data-start=\"915\" data-end=\"959\">\n<p data-start=\"917\" data-end=\"959\">P\u0113c tam r\u016bp\u012bgi nomazg\u0101jiet ar \u0161amp\u016bnu.<\/p>\n<\/li>\n<\/ul>\n<p data-start=\"961\" data-end=\"1185\"><strong data-start=\"961\" data-end=\"973\">Rezult\u0101ts:<\/strong><br data-start=\"973\" data-end=\"976\"> Regul\u0101ri lietojot, e\u013c\u013ca pal\u012bdz uzlabot matu visp\u0101r\u0113jo st\u0101vokli, pie\u0161\u0137irt tiem elast\u012bbu un mazin\u0101t sausumu. \u012apa\u0161i piem\u0113rots rudens un ziemas sezonai, kad matiem nepiecie\u0161ams papildu atbalsts un mitrin\u0101\u0161ana.<\/p>\n<p data-start=\"1187\" data-end=\"1306\"><strong data-start=\"1187\" data-end=\"1203\">Uzglab\u0101\u0161ana:<\/strong><br data-start=\"1203\" data-end=\"1206\"> Uzglab\u0101t istabas temperat\u016br\u0101, sarg\u0101t no tie\u0161iem saules stariem. P\u0113c lieto\u0161anas cie\u0161i aizveriet pudeli.<\/p>\n","protected":false},"excerpt":{"rendered":"<p>Viegla un efekt\u012bva kofe\u012bnu saturo\u0161a kondicion\u0113jo\u0161a e\u013c\u013ca, kas baro galvas \u0101du un stiprina matus, padarot tos m\u012bkstus, sp\u012bd\u012bgus un dz\u012bv\u012bgus.<\/p>\n","protected":false},"featured_media":354522,"comment_status":"open","ping_status":"closed","template":"","meta":{"_acf_changed":false},"product_brand":[],"product_cat":[3296,3067,2533],"product_tag":[7493,7501,4797,7390,4247,7400,7401,7491,7492,3310,2580,7503,4216,7391,2555,7497,7495,7409,7499,7506],"class_list":{"0":"post-354510","1":"product","2":"type-product","3":"status-publish","4":"has-post-thumbnail","6":"product_cat-ada-mati-nagi","7":"product_cat-ipasie-piedavajumi","8":"product_cat-kosmetika","9":"product_tag-argana-ella-2","10":"product_tag-atjaunojosa-ella","11":"product_tag-dabiga-ella","12":"product_tag-dabiga-kosmetika","13":"product_tag-galvas-adas-kopsana","14":"product_tag-galvas-adas-stimulacija","15":"product_tag-galvas-adas-stimulants","16":"product_tag-kofeina-ella","17":"product_tag-kofeina-terapija","18":"product_tag-matu-augsanas-atbalsts","19":"product_tag-matu-kopsana","20":"product_tag-matu-spidums","21":"product_tag-matu-stiprinasana","22":"product_tag-matu-vitalitate","23":"product_tag-mitrinosa-ella","24":"product_tag-ricinella-2","25":"product_tag-rozmarina-ella","26":"product_tag-rudens-kopsana-2","27":"product_tag-sausu-matu-kopsana","28":"product_tag-veganu-aprupe","30":"first","31":"instock","32":"sale","33":"taxable","34":"shipping-taxable","35":"purchasable","36":"product-type-simple"},"acf":[],"yoast_head":"<!-- This site is optimized with the Yoast SEO plugin v27.1.1 - https:\/\/yoast.com\/product\/yoast-seo-wordpress\/ -->\n<title>Kofe\u012bna kop\u0161anas e\u013c\u013ca 100 ml - Puhdas+<\/title>\n<meta name=\"description\" content=\"Pure+ kofe\u012bna matu kop\u0161anas e\u013c\u013ca uzmundrina galvas \u0101du un stiprina matus. Dab\u012bga matu kop\u0161anas proced\u016bra ar kofe\u012bnu un augu e\u013c\u013c\u0101m, kas pie\u0161\u0137ir matiem sp\u0113ku un sp\u012bdumu.\" \/>\n<meta name=\"robots\" content=\"noindex, follow, max-snippet:-1, max-image-preview:large, max-video-preview:-1\" \/>\n<meta property=\"og:locale\" content=\"lv_LV\" \/>\n<meta property=\"og:type\" content=\"article\" \/>\n<meta property=\"og:title\" content=\"Kofe\u012bna kop\u0161anas e\u013c\u013ca 100 ml - Puhdas+\" \/>\n<meta property=\"og:description\" content=\"Pure+ kofe\u012bna matu kop\u0161anas e\u013c\u013ca uzmundrina galvas \u0101du un stiprina matus. Dab\u012bga matu kop\u0161anas proced\u016bra ar kofe\u012bnu un augu e\u013c\u013c\u0101m, kas pie\u0161\u0137ir matiem sp\u0113ku un sp\u012bdumu.\" \/>\n<meta property=\"og:url\" content=\"https:\/\/test.puhdasplus.ee\/lv\/tooted\/kosmetika\/kofeina-kopsanas-ella-100-ml\/\" \/>\n<meta property=\"og:site_name\" content=\"Puhdas+\" \/>\n<meta property=\"article:publisher\" content=\"https:\/\/www.facebook.com\/puhdasplus\" \/>\n<meta property=\"article:modified_time\" content=\"2026-02-22T20:45:45+00:00\" \/>\n<meta property=\"og:image\" content=\"https:\/\/test.puhdasplus.ee\/wp-content\/uploads\/2025\/10\/tooted-ilma-taustata-copy-3-scaled.jpg\" \/>\n\t<meta property=\"og:image:width\" content=\"1862\" \/>\n\t<meta property=\"og:image:height\" content=\"2560\" \/>\n\t<meta property=\"og:image:type\" content=\"image\/jpeg\" \/>\n<meta name=\"twitter:card\" content=\"summary_large_image\" \/>\n<meta name=\"twitter:label1\" content=\"Est. reading time\" \/>\n\t<meta name=\"twitter:data1\" content=\"1 minute\" \/>\n<script type=\"application\/ld+json\" class=\"yoast-schema-graph\">{\"@context\":\"https:\/\/schema.org\",\"@graph\":[{\"@type\":\"WebPage\",\"@id\":\"https:\/\/test.puhdasplus.ee\/lv\/tooted\/kosmetika\/kofeina-kopsanas-ella-100-ml\/\",\"url\":\"https:\/\/test.puhdasplus.ee\/lv\/tooted\/kosmetika\/kofeina-kopsanas-ella-100-ml\/\",\"name\":\"Kofe\u012bna kop\u0161anas e\u013c\u013ca 100 ml - Puhdas+\",\"isPartOf\":{\"@id\":\"https:\/\/test.puhdasplus.ee\/lv\/#website\"},\"primaryImageOfPage\":{\"@id\":\"https:\/\/test.puhdasplus.ee\/lv\/tooted\/kosmetika\/kofeina-kopsanas-ella-100-ml\/#primaryimage\"},\"image\":{\"@id\":\"https:\/\/test.puhdasplus.ee\/lv\/tooted\/kosmetika\/kofeina-kopsanas-ella-100-ml\/#primaryimage\"},\"thumbnailUrl\":\"https:\/\/test.puhdasplus.ee\/wp-content\/uploads\/2025\/10\/tooted-ilma-taustata-copy-3-scaled.jpg\",\"datePublished\":\"2025-10-05T07:06:39+00:00\",\"dateModified\":\"2026-02-22T20:45:45+00:00\",\"description\":\"Pure+ kofe\u012bna matu kop\u0161anas e\u013c\u013ca uzmundrina galvas \u0101du un stiprina matus. Dab\u012bga matu kop\u0161anas proced\u016bra ar kofe\u012bnu un augu e\u013c\u013c\u0101m, kas pie\u0161\u0137ir matiem sp\u0113ku un sp\u012bdumu.\",\"breadcrumb\":{\"@id\":\"https:\/\/test.puhdasplus.ee\/lv\/tooted\/kosmetika\/kofeina-kopsanas-ella-100-ml\/#breadcrumb\"},\"inLanguage\":\"lv-LV\",\"potentialAction\":[{\"@type\":\"ReadAction\",\"target\":[\"https:\/\/test.puhdasplus.ee\/lv\/tooted\/kosmetika\/kofeina-kopsanas-ella-100-ml\/\"]}]},{\"@type\":\"ImageObject\",\"inLanguage\":\"lv-LV\",\"@id\":\"https:\/\/test.puhdasplus.ee\/lv\/tooted\/kosmetika\/kofeina-kopsanas-ella-100-ml\/#primaryimage\",\"url\":\"https:\/\/test.puhdasplus.ee\/wp-content\/uploads\/2025\/10\/tooted-ilma-taustata-copy-3-scaled.jpg\",\"contentUrl\":\"https:\/\/test.puhdasplus.ee\/wp-content\/uploads\/2025\/10\/tooted-ilma-taustata-copy-3-scaled.jpg\",\"width\":1862,\"height\":2560,\"caption\":\"Kofe\u012bna kop\u0161anas e\u013c\u013ca 100 ml\"},{\"@type\":\"BreadcrumbList\",\"@id\":\"https:\/\/test.puhdasplus.ee\/lv\/tooted\/kosmetika\/kofeina-kopsanas-ella-100-ml\/#breadcrumb\",\"itemListElement\":[{\"@type\":\"ListItem\",\"position\":1,\"name\":\"S\u0101kums\",\"item\":\"https:\/\/test.puhdasplus.ee\/lv\/\"},{\"@type\":\"ListItem\",\"position\":2,\"name\":\"Produkti\",\"item\":\"https:\/\/test.puhdasplus.ee\/lv\/veikals\/\"},{\"@type\":\"ListItem\",\"position\":3,\"name\":\"Kofe\u012bna kop\u0161anas e\u013c\u013ca 100 ml\"}]},{\"@type\":\"WebSite\",\"@id\":\"https:\/\/test.puhdasplus.ee\/lv\/#website\",\"url\":\"https:\/\/test.puhdasplus.ee\/lv\/\",\"name\":\"Puhdas+\",\"description\":\"Vitamiinid, Toidulisandid, looduskosmeetika, tervis, sport\",\"publisher\":{\"@id\":\"https:\/\/test.puhdasplus.ee\/lv\/#organization\"},\"potentialAction\":[{\"@type\":\"SearchAction\",\"target\":{\"@type\":\"EntryPoint\",\"urlTemplate\":\"https:\/\/test.puhdasplus.ee\/lv\/?s={search_term_string}\"},\"query-input\":{\"@type\":\"PropertyValueSpecification\",\"valueRequired\":true,\"valueName\":\"search_term_string\"}}],\"inLanguage\":\"lv-LV\"},{\"@type\":\"Organization\",\"@id\":\"https:\/\/test.puhdasplus.ee\/lv\/#organization\",\"name\":\"Puhdas+\",\"alternateName\":\"Puhdasplus\",\"url\":\"https:\/\/test.puhdasplus.ee\/lv\/\",\"logo\":{\"@type\":\"ImageObject\",\"inLanguage\":\"lv-LV\",\"@id\":\"https:\/\/test.puhdasplus.ee\/lv\/#\/schema\/logo\/image\/\",\"url\":\"https:\/\/test.puhdasplus.ee\/\/wp-content\/uploads\/2019\/10\/puhdas_logo-arvele.png\",\"contentUrl\":\"https:\/\/test.puhdasplus.ee\/\/wp-content\/uploads\/2019\/10\/puhdas_logo-arvele.png\",\"width\":114,\"height\":94,\"caption\":\"Puhdas+\"},\"image\":{\"@id\":\"https:\/\/test.puhdasplus.ee\/lv\/#\/schema\/logo\/image\/\"},\"sameAs\":[\"https:\/\/www.facebook.com\/puhdasplus\",\"https:\/\/www.instagram.com\/puhdasplus_ee\/\"]}]}<\/script>\n<!-- \/ Yoast SEO plugin. -->","yoast_head_json":{"title":"Kofe\u012bna kop\u0161anas e\u013c\u013ca 100 ml - Puhdas+","description":"Pure+ kofe\u012bna matu kop\u0161anas e\u013c\u013ca uzmundrina galvas \u0101du un stiprina matus. Dab\u012bga matu kop\u0161anas proced\u016bra ar kofe\u012bnu un augu e\u013c\u013c\u0101m, kas pie\u0161\u0137ir matiem sp\u0113ku un sp\u012bdumu.","robots":{"index":"noindex","follow":"follow","max-snippet":"max-snippet:-1","max-image-preview":"max-image-preview:large","max-video-preview":"max-video-preview:-1"},"og_locale":"lv_LV","og_type":"article","og_title":"Kofe\u012bna kop\u0161anas e\u013c\u013ca 100 ml - Puhdas+","og_description":"Pure+ kofe\u012bna matu kop\u0161anas e\u013c\u013ca uzmundrina galvas \u0101du un stiprina matus. Dab\u012bga matu kop\u0161anas proced\u016bra ar kofe\u012bnu un augu e\u013c\u013c\u0101m, kas pie\u0161\u0137ir matiem sp\u0113ku un sp\u012bdumu.","og_url":"https:\/\/test.puhdasplus.ee\/lv\/tooted\/kosmetika\/kofeina-kopsanas-ella-100-ml\/","og_site_name":"Puhdas+","article_publisher":"https:\/\/www.facebook.com\/puhdasplus","article_modified_time":"2026-02-22T20:45:45+00:00","og_image":[{"width":1862,"height":2560,"url":"https:\/\/test.puhdasplus.ee\/wp-content\/uploads\/2025\/10\/tooted-ilma-taustata-copy-3-scaled.jpg","type":"image\/jpeg"}],"twitter_card":"summary_large_image","twitter_misc":{"Est. reading time":"1 minute"},"schema":{"@context":"https:\/\/schema.org","@graph":[{"@type":"WebPage","@id":"https:\/\/test.puhdasplus.ee\/lv\/tooted\/kosmetika\/kofeina-kopsanas-ella-100-ml\/","url":"https:\/\/test.puhdasplus.ee\/lv\/tooted\/kosmetika\/kofeina-kopsanas-ella-100-ml\/","name":"Kofe\u012bna kop\u0161anas e\u013c\u013ca 100 ml - Puhdas+","isPartOf":{"@id":"https:\/\/test.puhdasplus.ee\/lv\/#website"},"primaryImageOfPage":{"@id":"https:\/\/test.puhdasplus.ee\/lv\/tooted\/kosmetika\/kofeina-kopsanas-ella-100-ml\/#primaryimage"},"image":{"@id":"https:\/\/test.puhdasplus.ee\/lv\/tooted\/kosmetika\/kofeina-kopsanas-ella-100-ml\/#primaryimage"},"thumbnailUrl":"https:\/\/test.puhdasplus.ee\/wp-content\/uploads\/2025\/10\/tooted-ilma-taustata-copy-3-scaled.jpg","datePublished":"2025-10-05T07:06:39+00:00","dateModified":"2026-02-22T20:45:45+00:00","description":"Pure+ kofe\u012bna matu kop\u0161anas e\u013c\u013ca uzmundrina galvas \u0101du un stiprina matus. Dab\u012bga matu kop\u0161anas proced\u016bra ar kofe\u012bnu un augu e\u013c\u013c\u0101m, kas pie\u0161\u0137ir matiem sp\u0113ku un sp\u012bdumu.","breadcrumb":{"@id":"https:\/\/test.puhdasplus.ee\/lv\/tooted\/kosmetika\/kofeina-kopsanas-ella-100-ml\/#breadcrumb"},"inLanguage":"lv-LV","potentialAction":[{"@type":"ReadAction","target":["https:\/\/test.puhdasplus.ee\/lv\/tooted\/kosmetika\/kofeina-kopsanas-ella-100-ml\/"]}]},{"@type":"ImageObject","inLanguage":"lv-LV","@id":"https:\/\/test.puhdasplus.ee\/lv\/tooted\/kosmetika\/kofeina-kopsanas-ella-100-ml\/#primaryimage","url":"https:\/\/test.puhdasplus.ee\/wp-content\/uploads\/2025\/10\/tooted-ilma-taustata-copy-3-scaled.jpg","contentUrl":"https:\/\/test.puhdasplus.ee\/wp-content\/uploads\/2025\/10\/tooted-ilma-taustata-copy-3-scaled.jpg","width":1862,"height":2560,"caption":"Kofe\u012bna kop\u0161anas e\u013c\u013ca 100 ml"},{"@type":"BreadcrumbList","@id":"https:\/\/test.puhdasplus.ee\/lv\/tooted\/kosmetika\/kofeina-kopsanas-ella-100-ml\/#breadcrumb","itemListElement":[{"@type":"ListItem","position":1,"name":"S\u0101kums","item":"https:\/\/test.puhdasplus.ee\/lv\/"},{"@type":"ListItem","position":2,"name":"Produkti","item":"https:\/\/test.puhdasplus.ee\/lv\/veikals\/"},{"@type":"ListItem","position":3,"name":"Kofe\u012bna kop\u0161anas e\u013c\u013ca 100 ml"}]},{"@type":"WebSite","@id":"https:\/\/test.puhdasplus.ee\/lv\/#website","url":"https:\/\/test.puhdasplus.ee\/lv\/","name":"Puhdas+","description":"Vitamiinid, Toidulisandid, looduskosmeetika, tervis, sport","publisher":{"@id":"https:\/\/test.puhdasplus.ee\/lv\/#organization"},"potentialAction":[{"@type":"SearchAction","target":{"@type":"EntryPoint","urlTemplate":"https:\/\/test.puhdasplus.ee\/lv\/?s={search_term_string}"},"query-input":{"@type":"PropertyValueSpecification","valueRequired":true,"valueName":"search_term_string"}}],"inLanguage":"lv-LV"},{"@type":"Organization","@id":"https:\/\/test.puhdasplus.ee\/lv\/#organization","name":"Puhdas+","alternateName":"Puhdasplus","url":"https:\/\/test.puhdasplus.ee\/lv\/","logo":{"@type":"ImageObject","inLanguage":"lv-LV","@id":"https:\/\/test.puhdasplus.ee\/lv\/#\/schema\/logo\/image\/","url":"https:\/\/test.puhdasplus.ee\/\/wp-content\/uploads\/2019\/10\/puhdas_logo-arvele.png","contentUrl":"https:\/\/test.puhdasplus.ee\/\/wp-content\/uploads\/2019\/10\/puhdas_logo-arvele.png","width":114,"height":94,"caption":"Puhdas+"},"image":{"@id":"https:\/\/test.puhdasplus.ee\/lv\/#\/schema\/logo\/image\/"},"sameAs":["https:\/\/www.facebook.com\/puhdasplus","https:\/\/www.instagram.com\/puhdasplus_ee\/"]}]}},"_links":{"self":[{"href":"https:\/\/test.puhdasplus.ee\/lv\/wp-json\/wp\/v2\/product\/354510","targetHints":{"allow":["GET"]}}],"collection":[{"href":"https:\/\/test.puhdasplus.ee\/lv\/wp-json\/wp\/v2\/product"}],"about":[{"href":"https:\/\/test.puhdasplus.ee\/lv\/wp-json\/wp\/v2\/types\/product"}],"replies":[{"embeddable":true,"href":"https:\/\/test.puhdasplus.ee\/lv\/wp-json\/wp\/v2\/comments?post=354510"}],"wp:featuredmedia":[{"embeddable":true,"href":"https:\/\/test.puhdasplus.ee\/lv\/wp-json\/wp\/v2\/media\/354522"}],"wp:attachment":[{"href":"https:\/\/test.puhdasplus.ee\/lv\/wp-json\/wp\/v2\/media?parent=354510"}],"wp:term":[{"taxonomy":"product_brand","embeddable":true,"href":"https:\/\/test.puhdasplus.ee\/lv\/wp-json\/wp\/v2\/product_brand?post=354510"},{"taxonomy":"product_cat","embeddable":true,"href":"https:\/\/test.puhdasplus.ee\/lv\/wp-json\/wp\/v2\/product_cat?post=354510"},{"taxonomy":"product_tag","embeddable":true,"href":"https:\/\/test.puhdasplus.ee\/lv\/wp-json\/wp\/v2\/product_tag?post=354510"}],"curies":[{"name":"wp","href":"https:\/\/api.w.org\/{rel}","templated":true}]}}