{"id":354497,"date":"2025-10-05T09:55:56","date_gmt":"2025-10-05T06:55:56","guid":{"rendered":"https:\/\/test.puhdasplus.ee\/\/tooted\/uncategorized\/sals-aerosols-matiem-250-ml\/"},"modified":"2026-02-22T22:45:25","modified_gmt":"2026-02-22T20:45:25","slug":"sals-aerosols-matiem-250-ml","status":"publish","type":"product","link":"https:\/\/test.puhdasplus.ee\/lv\/tooted\/kosmetika\/sals-aerosols-matiem-250-ml\/","title":{"rendered":"S\u0101ls aerosols matiem 250 ml"},"content":{"rendered":"<h3 data-start=\"223\" data-end=\"265\">Dabiska tekst\u016bra un apjoms katru dienu<\/h3>\n<p data-start=\"266\" data-end=\"522\"><strong data-start=\"266\" data-end=\"288\">Puhdas+ s\u0101ls aerosols<\/strong> pie\u0161\u0137ir matiem vieglu fiks\u0101ciju, apjomu un dabisku tekst\u016bru \u2013 it k\u0101 b\u016btu pavad\u012bjis dienu j\u016bras br\u012bz\u0113. S\u0101ls aerosols pal\u012bdz pan\u0101kt popul\u0101ro \u201cpludmales efektu\u201d un pie\u0161\u0137ir matiem dz\u012bv\u012bgumu un kust\u012bbu, tos neapslogojot. <\/p>\n<p data-start=\"524\" data-end=\"676\">Piem\u0113rots ikdienas lieto\u0161anai visu veidu matiem, gan sieviet\u0113m, gan v\u012brie\u0161iem. Ra\u017eots Somij\u0101, iev\u0113rojot Puhdas+ t\u012br\u012bbas un vienk\u0101r\u0161\u012bbas principus. <\/p>\n<h3 data-start=\"683\" data-end=\"706\">Ietekme un ieguvumi<\/h3>\n<ul data-start=\"707\" data-end=\"1042\">\n<li data-start=\"707\" data-end=\"749\">\n<p data-start=\"709\" data-end=\"749\">Pie\u0161\u0137ir matiem <strong data-start=\"715\" data-end=\"738\">apjomu un elast\u012bbu<\/strong><\/p>\n<\/li>\n<li data-start=\"750\" data-end=\"798\">\n<p data-start=\"752\" data-end=\"798\">Pie\u0161\u0137ir <strong data-start=\"758\" data-end=\"796\">dabisku, nedaudz mat\u0113tu tekst\u016bru<\/strong><\/p>\n<\/li>\n<li data-start=\"799\" data-end=\"853\">\n<p data-start=\"801\" data-end=\"853\">Pal\u012bdz rad\u012bt \" <strong data-start=\"813\" data-end=\"827\">pludmales izskata<\/strong> \" efektu<\/p>\n<\/li>\n<li data-start=\"854\" data-end=\"923\">\n<p data-start=\"856\" data-end=\"923\">Piem\u0113rots lieto\u0161anai <strong data-start=\"875\" data-end=\"921\">gan sausiem, gan nedaudz mitriem matiem<\/strong><\/p>\n<\/li>\n<li data-start=\"924\" data-end=\"967\">\n<p data-start=\"926\" data-end=\"967\">Neatst\u0101j matus lip\u012bgus vai smagus<\/p>\n<\/li>\n<li data-start=\"968\" data-end=\"1042\">\n<p data-start=\"970\" data-end=\"1042\"><strong data-start=\"970\" data-end=\"984\">Pantenols<\/strong> un <strong data-start=\"988\" data-end=\"1005\">alvejas ekstrakts<\/strong> mitrina un kopj galvas \u0101du.<\/p>\n<\/li>\n<\/ul>\n<h3 data-start=\"1049\" data-end=\"1074\">K\u0101 lietot<\/h3>\n<ol data-start=\"1075\" data-end=\"1341\">\n<li data-start=\"1075\" data-end=\"1111\">\n<p data-start=\"1078\" data-end=\"1111\">Pirms lieto\u0161anas sakratiet pudeli.<\/p>\n<\/li>\n<li data-start=\"1112\" data-end=\"1178\">\n<p data-start=\"1115\" data-end=\"1178\">Vienm\u0113r\u012bgi izsmidziniet uz matiem (mitriem vai sausiem).<\/p>\n<\/li>\n<li data-start=\"1179\" data-end=\"1259\">\n<p data-start=\"1182\" data-end=\"1259\">Veidojiet ar pirkstiem vai f\u0113nu, lai ieg\u016btu v\u0113lamo tekst\u016bru un p\u016bkainu izskatu.<\/p>\n<\/li>\n<li data-start=\"1260\" data-end=\"1341\">\n<p data-start=\"1263\" data-end=\"1341\">Ja v\u0113laties, pievienojiet nedaudz vair\u0101k produkta matu galiem vai sakn\u0113m, lai ieg\u016btu papildu apjomu.<\/p>\n<\/li>\n<\/ol>\n<h3 data-start=\"1348\" data-end=\"1362\">Sast\u0101vs<\/h3>\n<p data-start=\"1363\" data-end=\"1620\">\u016adens, denatur\u0113ts spirts, VP\/VA kopolim\u0113rs, n\u0101trija hlor\u012bds, magnija sulf\u0101ts, prop\u0101ndiols, glicer\u012bns, PEG-40 hidrogen\u0113ta r\u012bcine\u013c\u013ca, n\u0101trija benzo\u0101ts, pantenols, piparm\u0113tras lapu e\u013c\u013ca, k\u0101lija sorb\u0101ts, citronsk\u0101be, alvejas lapu ekstrakts, mentols.<\/p>\n<p data-start=\"1622\" data-end=\"1694\"><strong data-start=\"1622\" data-end=\"1694\">Veg\u0101ns \u2022 Bez glut\u0113na \u2022 Nesatur pievienotas smar\u017evielas vai kr\u0101svielas<\/strong><\/p>\n<p data-start=\"1622\" data-end=\"1694\">Ra\u017eots Somij\u0101. Puhdas+ produkti ir paz\u012bstami ar sav\u0101m <strong data-start=\"1793\" data-end=\"1826\">t\u012braj\u0101m un efekt\u012bvaj\u0101m sast\u0101vda\u013c\u0101m<\/strong> \u2013 tie nesatur nevajadz\u012bgas piedevas, ir piem\u0113roti jut\u012bgai galvas \u0101dai un atbalsta matu dabisko strukt\u016bru.<\/p>\n","protected":false},"excerpt":{"rendered":"<p data-start=\"369\" data-end=\"766\">Puhdas+ s\u0101ls laka ir dab\u012bga matu laka, kas pie\u0161\u0137ir matiem p\u016bkainu un tekstur\u0113tu izskatu, it k\u0101 b\u016btu pavad\u012bjusi dienu j\u016bras br\u012bz\u0113. T\u0101 pal\u012bdz rad\u012bt popul\u0101ro \u201cpludmales efektu\" jeb pludmales izskatu, vienlaikus pie\u0161\u0137irot matiem apjomu, kust\u012bbu un vieglu fiks\u0101ciju. Laka nepadara matus lip\u012bgus vai smagn\u0113jus un ir ide\u0101li piem\u0113rota ikdienas lieto\u0161anai visu veidu matiem.  <\/p>\n<p data-start=\"768\" data-end=\"1077\">Spreja satur dab\u012bgas miner\u0101lvielas un kopjo\u0161as sast\u0101vda\u013cas, piem\u0113ram, pantenolu un alvejas ekstraktu, kas pal\u012bdz mitrin\u0101t matus un galvas \u0101du, saglab\u0101jot to dabisko elast\u012bbu. Bezalkoholisk\u0101 un <strong data-start=\"980\" data-end=\"997\">veg\u0101nisk\u0101<\/strong> formula nodro\u0161ina, ka produkts neiz\u017e\u0101v\u0113 matus un ir piem\u0113rots ar\u012b jut\u012bgai galvas \u0101dai. <\/p>\n<p data-start=\"1079\" data-end=\"1408\">Puhdas+ s\u0101ls aerosols ir lieliski piem\u0113rots gan \u012bsu, gan garu matu veido\u0161anai. To var lietot gan sausiem, gan nedaudz mitriem matiem \u2014 vienk\u0101r\u0161i izsmidziniet matos, ieveidojiet ar pirkstiem un \u013caujiet no\u017e\u016bt dabiski vai ar f\u0113nu. Rezult\u0101ts ir p\u016bkaina, viegla, mat\u0113ta tekst\u016bra, kas saglab\u0101jas visu dienu.  <\/p>\n","protected":false},"featured_media":354498,"comment_status":"open","ping_status":"closed","template":"","meta":{"_acf_changed":false},"product_brand":[],"product_cat":[3296,2533],"product_tag":[7433,7437,7390,4244,7446,7447,7448,7442,2580,7435,7451,7441,4215,7440,7439,7438,7443,6988,7434,7449,7450,7436,7444,2813,4250,7445],"class_list":{"0":"post-354497","1":"product","2":"type-product","3":"status-publish","4":"has-post-thumbnail","6":"product_cat-ada-mati-nagi","7":"product_cat-kosmetika","8":"product_tag-alveja","9":"product_tag-apjoma-sprejs","10":"product_tag-dabiga-kosmetika","11":"product_tag-dabiga-matu-kopsana","12":"product_tag-dabigs-matu-laka","13":"product_tag-juras-sals-aerosols","14":"product_tag-jutigai-galvas-adai","15":"product_tag-matu-apjoms","16":"product_tag-matu-kopsana","17":"product_tag-matu-laka","18":"product_tag-matu-veidosana-2","19":"product_tag-matu-veidosana","20":"product_tag-pantenols","21":"product_tag-pludmales-efekts","22":"product_tag-pludmales-frizura","23":"product_tag-pludmales-izskats","24":"product_tag-pukaina-frizura","25":"product_tag-razots-somija","26":"product_tag-sals-aerosols","27":"product_tag-skaistumkopsanas-lidzeklis","28":"product_tag-skaistumkopsanas-rutina","29":"product_tag-teksturas-aerosols","30":"product_tag-teksturejoss-matu-laka","31":"product_tag-tirs","32":"product_tag-veganu-matu-kopsana","33":"product_tag-veganu-matu-laka","35":"first","36":"onbackorder","37":"taxable","38":"shipping-taxable","39":"purchasable","40":"product-type-simple"},"acf":[],"yoast_head":"<!-- This site is optimized with the Yoast SEO plugin v27.1.1 - https:\/\/yoast.com\/product\/yoast-seo-wordpress\/ -->\n<title>S\u0101ls aerosols matiem 250 ml - Puhdas+<\/title>\n<meta name=\"description\" content=\"Pure+ s\u0101ls laka pie\u0161\u0137ir matiem dabisku apjomu un tekst\u016bru. Dab\u012bgs veg\u0101nisks matu laka pludmales stila friz\u016bru veido\u0161anai, piem\u0113rots visiem matu tipiem.\" \/>\n<meta name=\"robots\" content=\"noindex, follow, max-snippet:-1, max-image-preview:large, max-video-preview:-1\" \/>\n<meta property=\"og:locale\" content=\"lv_LV\" \/>\n<meta property=\"og:type\" content=\"article\" \/>\n<meta property=\"og:title\" content=\"S\u0101ls aerosols matiem 250 ml - Puhdas+\" \/>\n<meta property=\"og:description\" content=\"Pure+ s\u0101ls laka pie\u0161\u0137ir matiem dabisku apjomu un tekst\u016bru. Dab\u012bgs veg\u0101nisks matu laka pludmales stila friz\u016bru veido\u0161anai, piem\u0113rots visiem matu tipiem.\" \/>\n<meta property=\"og:url\" content=\"https:\/\/test.puhdasplus.ee\/lv\/tooted\/kosmetika\/sals-aerosols-matiem-250-ml\/\" \/>\n<meta property=\"og:site_name\" content=\"Puhdas+\" \/>\n<meta property=\"article:publisher\" content=\"https:\/\/www.facebook.com\/puhdasplus\" \/>\n<meta property=\"article:modified_time\" content=\"2026-02-22T20:45:25+00:00\" \/>\n<meta property=\"og:image\" content=\"https:\/\/test.puhdasplus.ee\/wp-content\/uploads\/2025\/10\/tooted-ilma-taustata-copy-2-scaled.jpg\" \/>\n\t<meta property=\"og:image:width\" content=\"1862\" \/>\n\t<meta property=\"og:image:height\" content=\"2560\" \/>\n\t<meta property=\"og:image:type\" content=\"image\/jpeg\" \/>\n<meta name=\"twitter:card\" content=\"summary_large_image\" \/>\n<meta name=\"twitter:label1\" content=\"Est. reading time\" \/>\n\t<meta name=\"twitter:data1\" content=\"1 minute\" \/>\n<script type=\"application\/ld+json\" class=\"yoast-schema-graph\">{\"@context\":\"https:\/\/schema.org\",\"@graph\":[{\"@type\":\"WebPage\",\"@id\":\"https:\/\/test.puhdasplus.ee\/lv\/tooted\/kosmetika\/sals-aerosols-matiem-250-ml\/\",\"url\":\"https:\/\/test.puhdasplus.ee\/lv\/tooted\/kosmetika\/sals-aerosols-matiem-250-ml\/\",\"name\":\"S\u0101ls aerosols matiem 250 ml - Puhdas+\",\"isPartOf\":{\"@id\":\"https:\/\/test.puhdasplus.ee\/lv\/#website\"},\"primaryImageOfPage\":{\"@id\":\"https:\/\/test.puhdasplus.ee\/lv\/tooted\/kosmetika\/sals-aerosols-matiem-250-ml\/#primaryimage\"},\"image\":{\"@id\":\"https:\/\/test.puhdasplus.ee\/lv\/tooted\/kosmetika\/sals-aerosols-matiem-250-ml\/#primaryimage\"},\"thumbnailUrl\":\"https:\/\/test.puhdasplus.ee\/wp-content\/uploads\/2025\/10\/tooted-ilma-taustata-copy-2-scaled.jpg\",\"datePublished\":\"2025-10-05T06:55:56+00:00\",\"dateModified\":\"2026-02-22T20:45:25+00:00\",\"description\":\"Pure+ s\u0101ls laka pie\u0161\u0137ir matiem dabisku apjomu un tekst\u016bru. Dab\u012bgs veg\u0101nisks matu laka pludmales stila friz\u016bru veido\u0161anai, piem\u0113rots visiem matu tipiem.\",\"breadcrumb\":{\"@id\":\"https:\/\/test.puhdasplus.ee\/lv\/tooted\/kosmetika\/sals-aerosols-matiem-250-ml\/#breadcrumb\"},\"inLanguage\":\"lv-LV\",\"potentialAction\":[{\"@type\":\"ReadAction\",\"target\":[\"https:\/\/test.puhdasplus.ee\/lv\/tooted\/kosmetika\/sals-aerosols-matiem-250-ml\/\"]}]},{\"@type\":\"ImageObject\",\"inLanguage\":\"lv-LV\",\"@id\":\"https:\/\/test.puhdasplus.ee\/lv\/tooted\/kosmetika\/sals-aerosols-matiem-250-ml\/#primaryimage\",\"url\":\"https:\/\/test.puhdasplus.ee\/wp-content\/uploads\/2025\/10\/tooted-ilma-taustata-copy-2-scaled.jpg\",\"contentUrl\":\"https:\/\/test.puhdasplus.ee\/wp-content\/uploads\/2025\/10\/tooted-ilma-taustata-copy-2-scaled.jpg\",\"width\":1862,\"height\":2560,\"caption\":\"s\u0101ls aerosols matiem\"},{\"@type\":\"BreadcrumbList\",\"@id\":\"https:\/\/test.puhdasplus.ee\/lv\/tooted\/kosmetika\/sals-aerosols-matiem-250-ml\/#breadcrumb\",\"itemListElement\":[{\"@type\":\"ListItem\",\"position\":1,\"name\":\"S\u0101kums\",\"item\":\"https:\/\/test.puhdasplus.ee\/lv\/\"},{\"@type\":\"ListItem\",\"position\":2,\"name\":\"Produkti\",\"item\":\"https:\/\/test.puhdasplus.ee\/lv\/veikals\/\"},{\"@type\":\"ListItem\",\"position\":3,\"name\":\"S\u0101ls aerosols matiem 250 ml\"}]},{\"@type\":\"WebSite\",\"@id\":\"https:\/\/test.puhdasplus.ee\/lv\/#website\",\"url\":\"https:\/\/test.puhdasplus.ee\/lv\/\",\"name\":\"Puhdas+\",\"description\":\"Vitamiinid, Toidulisandid, looduskosmeetika, tervis, sport\",\"publisher\":{\"@id\":\"https:\/\/test.puhdasplus.ee\/lv\/#organization\"},\"potentialAction\":[{\"@type\":\"SearchAction\",\"target\":{\"@type\":\"EntryPoint\",\"urlTemplate\":\"https:\/\/test.puhdasplus.ee\/lv\/?s={search_term_string}\"},\"query-input\":{\"@type\":\"PropertyValueSpecification\",\"valueRequired\":true,\"valueName\":\"search_term_string\"}}],\"inLanguage\":\"lv-LV\"},{\"@type\":\"Organization\",\"@id\":\"https:\/\/test.puhdasplus.ee\/lv\/#organization\",\"name\":\"Puhdas+\",\"alternateName\":\"Puhdasplus\",\"url\":\"https:\/\/test.puhdasplus.ee\/lv\/\",\"logo\":{\"@type\":\"ImageObject\",\"inLanguage\":\"lv-LV\",\"@id\":\"https:\/\/test.puhdasplus.ee\/lv\/#\/schema\/logo\/image\/\",\"url\":\"https:\/\/test.puhdasplus.ee\/\/wp-content\/uploads\/2019\/10\/puhdas_logo-arvele.png\",\"contentUrl\":\"https:\/\/test.puhdasplus.ee\/\/wp-content\/uploads\/2019\/10\/puhdas_logo-arvele.png\",\"width\":114,\"height\":94,\"caption\":\"Puhdas+\"},\"image\":{\"@id\":\"https:\/\/test.puhdasplus.ee\/lv\/#\/schema\/logo\/image\/\"},\"sameAs\":[\"https:\/\/www.facebook.com\/puhdasplus\",\"https:\/\/www.instagram.com\/puhdasplus_ee\/\"]}]}<\/script>\n<!-- \/ Yoast SEO plugin. -->","yoast_head_json":{"title":"S\u0101ls aerosols matiem 250 ml - Puhdas+","description":"Pure+ s\u0101ls laka pie\u0161\u0137ir matiem dabisku apjomu un tekst\u016bru. Dab\u012bgs veg\u0101nisks matu laka pludmales stila friz\u016bru veido\u0161anai, piem\u0113rots visiem matu tipiem.","robots":{"index":"noindex","follow":"follow","max-snippet":"max-snippet:-1","max-image-preview":"max-image-preview:large","max-video-preview":"max-video-preview:-1"},"og_locale":"lv_LV","og_type":"article","og_title":"S\u0101ls aerosols matiem 250 ml - Puhdas+","og_description":"Pure+ s\u0101ls laka pie\u0161\u0137ir matiem dabisku apjomu un tekst\u016bru. Dab\u012bgs veg\u0101nisks matu laka pludmales stila friz\u016bru veido\u0161anai, piem\u0113rots visiem matu tipiem.","og_url":"https:\/\/test.puhdasplus.ee\/lv\/tooted\/kosmetika\/sals-aerosols-matiem-250-ml\/","og_site_name":"Puhdas+","article_publisher":"https:\/\/www.facebook.com\/puhdasplus","article_modified_time":"2026-02-22T20:45:25+00:00","og_image":[{"width":1862,"height":2560,"url":"https:\/\/test.puhdasplus.ee\/wp-content\/uploads\/2025\/10\/tooted-ilma-taustata-copy-2-scaled.jpg","type":"image\/jpeg"}],"twitter_card":"summary_large_image","twitter_misc":{"Est. reading time":"1 minute"},"schema":{"@context":"https:\/\/schema.org","@graph":[{"@type":"WebPage","@id":"https:\/\/test.puhdasplus.ee\/lv\/tooted\/kosmetika\/sals-aerosols-matiem-250-ml\/","url":"https:\/\/test.puhdasplus.ee\/lv\/tooted\/kosmetika\/sals-aerosols-matiem-250-ml\/","name":"S\u0101ls aerosols matiem 250 ml - Puhdas+","isPartOf":{"@id":"https:\/\/test.puhdasplus.ee\/lv\/#website"},"primaryImageOfPage":{"@id":"https:\/\/test.puhdasplus.ee\/lv\/tooted\/kosmetika\/sals-aerosols-matiem-250-ml\/#primaryimage"},"image":{"@id":"https:\/\/test.puhdasplus.ee\/lv\/tooted\/kosmetika\/sals-aerosols-matiem-250-ml\/#primaryimage"},"thumbnailUrl":"https:\/\/test.puhdasplus.ee\/wp-content\/uploads\/2025\/10\/tooted-ilma-taustata-copy-2-scaled.jpg","datePublished":"2025-10-05T06:55:56+00:00","dateModified":"2026-02-22T20:45:25+00:00","description":"Pure+ s\u0101ls laka pie\u0161\u0137ir matiem dabisku apjomu un tekst\u016bru. Dab\u012bgs veg\u0101nisks matu laka pludmales stila friz\u016bru veido\u0161anai, piem\u0113rots visiem matu tipiem.","breadcrumb":{"@id":"https:\/\/test.puhdasplus.ee\/lv\/tooted\/kosmetika\/sals-aerosols-matiem-250-ml\/#breadcrumb"},"inLanguage":"lv-LV","potentialAction":[{"@type":"ReadAction","target":["https:\/\/test.puhdasplus.ee\/lv\/tooted\/kosmetika\/sals-aerosols-matiem-250-ml\/"]}]},{"@type":"ImageObject","inLanguage":"lv-LV","@id":"https:\/\/test.puhdasplus.ee\/lv\/tooted\/kosmetika\/sals-aerosols-matiem-250-ml\/#primaryimage","url":"https:\/\/test.puhdasplus.ee\/wp-content\/uploads\/2025\/10\/tooted-ilma-taustata-copy-2-scaled.jpg","contentUrl":"https:\/\/test.puhdasplus.ee\/wp-content\/uploads\/2025\/10\/tooted-ilma-taustata-copy-2-scaled.jpg","width":1862,"height":2560,"caption":"s\u0101ls aerosols matiem"},{"@type":"BreadcrumbList","@id":"https:\/\/test.puhdasplus.ee\/lv\/tooted\/kosmetika\/sals-aerosols-matiem-250-ml\/#breadcrumb","itemListElement":[{"@type":"ListItem","position":1,"name":"S\u0101kums","item":"https:\/\/test.puhdasplus.ee\/lv\/"},{"@type":"ListItem","position":2,"name":"Produkti","item":"https:\/\/test.puhdasplus.ee\/lv\/veikals\/"},{"@type":"ListItem","position":3,"name":"S\u0101ls aerosols matiem 250 ml"}]},{"@type":"WebSite","@id":"https:\/\/test.puhdasplus.ee\/lv\/#website","url":"https:\/\/test.puhdasplus.ee\/lv\/","name":"Puhdas+","description":"Vitamiinid, Toidulisandid, looduskosmeetika, tervis, sport","publisher":{"@id":"https:\/\/test.puhdasplus.ee\/lv\/#organization"},"potentialAction":[{"@type":"SearchAction","target":{"@type":"EntryPoint","urlTemplate":"https:\/\/test.puhdasplus.ee\/lv\/?s={search_term_string}"},"query-input":{"@type":"PropertyValueSpecification","valueRequired":true,"valueName":"search_term_string"}}],"inLanguage":"lv-LV"},{"@type":"Organization","@id":"https:\/\/test.puhdasplus.ee\/lv\/#organization","name":"Puhdas+","alternateName":"Puhdasplus","url":"https:\/\/test.puhdasplus.ee\/lv\/","logo":{"@type":"ImageObject","inLanguage":"lv-LV","@id":"https:\/\/test.puhdasplus.ee\/lv\/#\/schema\/logo\/image\/","url":"https:\/\/test.puhdasplus.ee\/\/wp-content\/uploads\/2019\/10\/puhdas_logo-arvele.png","contentUrl":"https:\/\/test.puhdasplus.ee\/\/wp-content\/uploads\/2019\/10\/puhdas_logo-arvele.png","width":114,"height":94,"caption":"Puhdas+"},"image":{"@id":"https:\/\/test.puhdasplus.ee\/lv\/#\/schema\/logo\/image\/"},"sameAs":["https:\/\/www.facebook.com\/puhdasplus","https:\/\/www.instagram.com\/puhdasplus_ee\/"]}]}},"_links":{"self":[{"href":"https:\/\/test.puhdasplus.ee\/lv\/wp-json\/wp\/v2\/product\/354497","targetHints":{"allow":["GET"]}}],"collection":[{"href":"https:\/\/test.puhdasplus.ee\/lv\/wp-json\/wp\/v2\/product"}],"about":[{"href":"https:\/\/test.puhdasplus.ee\/lv\/wp-json\/wp\/v2\/types\/product"}],"replies":[{"embeddable":true,"href":"https:\/\/test.puhdasplus.ee\/lv\/wp-json\/wp\/v2\/comments?post=354497"}],"wp:featuredmedia":[{"embeddable":true,"href":"https:\/\/test.puhdasplus.ee\/lv\/wp-json\/wp\/v2\/media\/354498"}],"wp:attachment":[{"href":"https:\/\/test.puhdasplus.ee\/lv\/wp-json\/wp\/v2\/media?parent=354497"}],"wp:term":[{"taxonomy":"product_brand","embeddable":true,"href":"https:\/\/test.puhdasplus.ee\/lv\/wp-json\/wp\/v2\/product_brand?post=354497"},{"taxonomy":"product_cat","embeddable":true,"href":"https:\/\/test.puhdasplus.ee\/lv\/wp-json\/wp\/v2\/product_cat?post=354497"},{"taxonomy":"product_tag","embeddable":true,"href":"https:\/\/test.puhdasplus.ee\/lv\/wp-json\/wp\/v2\/product_tag?post=354497"}],"curies":[{"name":"wp","href":"https:\/\/api.w.org\/{rel}","templated":true}]}}