{"id":354481,"date":"2025-10-05T10:18:40","date_gmt":"2025-10-05T07:18:40","guid":{"rendered":"https:\/\/test.puhdasplus.ee\/\/tooted\/uncategorized\/kofeina-galvas-adas-kopsanas-lidzeklis-200-ml\/"},"modified":"2026-02-22T22:45:35","modified_gmt":"2026-02-22T20:45:35","slug":"kofeina-galvas-adas-kopsanas-lidzeklis-200-ml","status":"publish","type":"product","link":"https:\/\/test.puhdasplus.ee\/lv\/tooted\/kosmetika\/kofeina-galvas-adas-kopsanas-lidzeklis-200-ml\/","title":{"rendered":"Kofe\u012bna galvas \u0101das kop\u0161anas l\u012bdzeklis 200 ml"},"content":{"rendered":"<p>\u0160\u012b ir viegla un stimul\u0113jo\u0161a galvas \u0101das kop\u0161anas proced\u016bra, kas apvieno <strong data-start=\"380\" data-end=\"407\">kofe\u012bna, barojo\u0161u augu e\u013c\u013cu un bioakt\u012bvo vielu stimul\u0113jo\u0161o iedarb\u012bbu<\/strong> , lai atbalst\u012btu galvas \u0101das l\u012bdzsvaru un matu vitalit\u0101ti. Produkts pal\u012bdz aktiviz\u0113t mikrocirkul\u0101ciju un sniedz papildu atbalstu matu sak\u0146u vesel\u012bbai. <\/p>\n<p data-start=\"574\" data-end=\"615\"><strong data-start=\"574\" data-end=\"613\">Galven\u0101s sast\u0101vda\u013cas un to iedarb\u012bba<\/strong><\/p>\n<ul data-start=\"616\" data-end=\"1237\">\n<li data-start=\"616\" data-end=\"693\">\n<p data-start=\"618\" data-end=\"693\"><strong data-start=\"618\" data-end=\"629\">Kofe\u012bns<\/strong> \u2013 stimul\u0113 asinsriti galvas \u0101d\u0101 un pal\u012bdz stiprin\u0101t matu saknes.<\/p>\n<\/li>\n<li data-start=\"694\" data-end=\"775\">\n<p data-start=\"696\" data-end=\"775\"><strong data-start=\"696\" data-end=\"728\">Niacinam\u012bds (B3 vitam\u012bns)<\/strong> \u2013 atbalsta galvas \u0101das vesel\u012bbu un matu stiprumu.<\/p>\n<\/li>\n<li data-start=\"776\" data-end=\"858\">\n<p data-start=\"778\" data-end=\"858\"><strong data-start=\"778\" data-end=\"809\">Pantenols (provitam\u012bns B5)<\/strong> \u2013 mitrina un aizsarg\u0101 matus no iz\u017e\u016b\u0161anas.<\/p>\n<\/li>\n<li data-start=\"859\" data-end=\"948\">\n<p data-start=\"861\" data-end=\"948\"><strong data-start=\"861\" data-end=\"883\">\u0160\u012b sviests un arg\u0101na e\u013c\u013ca<\/strong> \u2013 baro un m\u012bkstina matus, tos nepadarot smagus.<\/p>\n<\/li>\n<li data-start=\"949\" data-end=\"1054\">\n<p data-start=\"951\" data-end=\"1054\"><strong data-start=\"951\" data-end=\"983\">Serenojas (z\u0101\u0123zobain\u0101s palmas) ekstrakts<\/strong> \u2013 sast\u0101vda\u013ca, ko bie\u017ei lieto matu izkri\u0161anas nov\u0113r\u0161anai.<\/p>\n<\/li>\n<li data-start=\"1055\" data-end=\"1147\">\n<p data-start=\"1057\" data-end=\"1147\"><strong data-start=\"1057\" data-end=\"1081\">Arb\u016bzu s\u0113klu e\u013c\u013ca<\/strong> \u2013 antioksidanta iedarb\u012bba, aizsarg\u0101 matus no \u0101r\u0113jiem faktoriem.<\/p>\n<\/li>\n<li data-start=\"1148\" data-end=\"1237\">\n<p data-start=\"1150\" data-end=\"1237\"><strong data-start=\"1150\" data-end=\"1172\">Piparm\u0113tru lapu e\u013c\u013ca<\/strong> \u2013 atv\u0113sina un atsvaidzina galvas \u0101du, pie\u0161\u0137irot pat\u012bkamu arom\u0101tu.<\/p>\n<\/li>\n<\/ul>\n<p data-start=\"1239\" data-end=\"1255\"><strong data-start=\"1239\" data-end=\"1253\">Lietojums<\/strong><\/p>\n<ul data-start=\"1256\" data-end=\"1476\">\n<li data-start=\"1256\" data-end=\"1299\">\n<p data-start=\"1258\" data-end=\"1299\">Pirms lieto\u0161anas viegli sakratiet pudeli.<\/p>\n<\/li>\n<li data-start=\"1300\" data-end=\"1384\">\n<p data-start=\"1302\" data-end=\"1384\">Uzkl\u0101jiet \u0101rst\u0113\u0161anas \u0161\u0137idrumu tie\u0161i uz galvas \u0101das un viegli iemas\u0113jiet, s\u0101kot no sakn\u0113m, e\u013c\u013cu virzien\u0101.<\/p>\n<\/li>\n<li data-start=\"1385\" data-end=\"1432\">\n<p data-start=\"1387\" data-end=\"1432\">Piln\u012bga rut\u012bnas da\u013ca \u2013 <strong data-start=\"1407\" data-end=\"1429\">skalo\u0161ana nav nepiecie\u0161ama<\/strong> .<\/p>\n<\/li>\n<li data-start=\"1433\" data-end=\"1476\">\n<p data-start=\"1435\" data-end=\"1476\">Lietojiet katru dienu vai p\u0113c nepiecie\u0161am\u012bbas.<\/p>\n<\/li>\n<\/ul>\n<p data-start=\"1478\" data-end=\"1733\"><strong data-start=\"1478\" data-end=\"1501\">Rezult\u0101ts<\/strong><br data-start=\"1501\" data-end=\"1504\"> Regul\u0101ri lietojot, kondicionieris pal\u012bdz uzlabot matu visp\u0101r\u0113jo st\u0101vokli, stiprin\u0101t matu sak\u0146u vesel\u012bbu un pie\u0161\u0137irt matiem elast\u012bbu un sp\u012bdumu. Tas ir \u012bpa\u0161i piem\u0113rots gadalaikam, kad matiem un galvas \u0101dai nepiecie\u0161ama papildu stimul\u0101cija un kop\u0161ana. <\/p>\n<p data-start=\"1478\" data-end=\"1733\"><strong data-start=\"134\" data-end=\"150\">Sast\u0101vda\u013cas:<\/strong><br data-start=\"150\" data-end=\"153\"> \u016adens (Aqua), niacinam\u012bds (B3 vitam\u012bns), pentil\u0113nglikols, pantenols (provitam\u012bns B5), glicer\u012bns, kofe\u012bns, za\u013c\u0101s t\u0113jas lapu ekstrakts (Camellia Sinensis), PEG-40 hidrogen\u0113ta r\u012bcine\u013c\u013ca, citronsk\u0101be, sahar\u012bda izom\u0113rs, z\u0101\u0123zobain\u0101s palmas aug\u013cu ekstrakts (Serenoa Serrulata), argin\u012bns, piparm\u0113tru lapu e\u013c\u013ca (Mentha Arvensis), k\u0101lija sorb\u0101ts, sorb\u012bnsk\u0101be, n\u0101trija citr\u0101ts, mentols.<\/p>\n<p data-start=\"1735\" data-end=\"1752\"><strong data-start=\"1735\" data-end=\"1750\">Uzglab\u0101\u0161ana<\/strong><\/p>\n<ul data-start=\"1753\" data-end=\"1953\">\n<li data-start=\"1753\" data-end=\"1810\">\n<p data-start=\"1755\" data-end=\"1810\">Uzglab\u0101t v\u0113s\u0101, saus\u0101 viet\u0101, sarg\u0101t no gaismas.<\/p>\n<\/li>\n<li data-start=\"1811\" data-end=\"1856\">\n<p data-start=\"1813\" data-end=\"1856\">P\u0113c lieto\u0161anas cie\u0161i aizveriet pudeli.<\/p>\n<\/li>\n<li data-start=\"1857\" data-end=\"1953\">\n<p data-start=\"1859\" data-end=\"1953\">Izvair\u012bties no tie\u0161iem saules stariem un augstas temperat\u016bras, kas var samazin\u0101t produkta stabilit\u0101ti.<\/p>\n<\/li>\n<\/ul>\n","protected":false},"excerpt":{"rendered":"<p>Pure+ kofe\u012bna galvas \u0101das kop\u0161anas l\u012bdzeklis uzmundrina un atsvaidzina galvas \u0101du, pal\u012bdzot uztur\u0113t matu stipr\u012bbu un vitalit\u0101ti. Satur kofe\u012bnu, niacinam\u012bdu un za\u013c\u0101s t\u0113jas ekstraktu, kas stimul\u0113 galvas \u0101das asinsriti un baro matu saknes. <\/p>\n","protected":false},"featured_media":354482,"comment_status":"open","ping_status":"closed","template":"","meta":{"_acf_changed":false},"product_brand":[],"product_cat":[3296,3067,2533],"product_tag":[7402,6580,2638,4247,7400,7401,7414,7410,7412,7392,3310,4246,2580,7413,4216,2945,4215,7409,7411,4139,7389],"class_list":{"0":"post-354481","1":"product","2":"type-product","3":"status-publish","4":"has-post-thumbnail","6":"product_cat-ada-mati-nagi","7":"product_cat-ipasie-piedavajumi","8":"product_cat-kosmetika","9":"product_tag-atsvaidzinosa-kopsana","10":"product_tag-b3-vitamins","11":"product_tag-dabiska-aprupe","12":"product_tag-galvas-adas-kopsana","13":"product_tag-galvas-adas-stimulacija","14":"product_tag-galvas-adas-stimulants","15":"product_tag-galvas-adas-toniks","16":"product_tag-kofeina-kopsanas-skidrums","17":"product_tag-kofeina-skidrums","18":"product_tag-kofeins","19":"product_tag-matu-augsanas-atbalsts","20":"product_tag-matu-izkrisanas-samazinasana","21":"product_tag-matu-kopsana","22":"product_tag-matu-saknu-atbalsts","23":"product_tag-matu-stiprinasana","24":"product_tag-niacinamids","25":"product_tag-pantenols","26":"product_tag-rudens-kopsana-2","27":"product_tag-stimulejosa-aprupe","28":"product_tag-veganu-kosmetika","29":"product_tag-zalas-tejas-ekstrakts","31":"first","32":"instock","33":"sale","34":"taxable","35":"shipping-taxable","36":"purchasable","37":"product-type-simple"},"acf":[],"yoast_head":"<!-- This site is optimized with the Yoast SEO plugin v27.1.1 - https:\/\/yoast.com\/product\/yoast-seo-wordpress\/ -->\n<title>Kofe\u012bna galvas \u0101das kop\u0161anas l\u012bdzeklis 200 ml - Puhdas+<\/title>\n<meta name=\"description\" content=\"Pure+ kofe\u012bnu saturo\u0161s galvas \u0101das kop\u0161anas \u0161\u0137idrums stimul\u0113 asinsriti un stiprina matus. Satur kofe\u012bnu, niacinam\u012bdu un za\u013c\u0101s t\u0113jas ekstraktu.\" \/>\n<meta name=\"robots\" content=\"noindex, follow, max-snippet:-1, max-image-preview:large, max-video-preview:-1\" \/>\n<meta property=\"og:locale\" content=\"lv_LV\" \/>\n<meta property=\"og:type\" content=\"article\" \/>\n<meta property=\"og:title\" content=\"Kofe\u012bna galvas \u0101das kop\u0161anas l\u012bdzeklis 200 ml - Puhdas+\" \/>\n<meta property=\"og:description\" content=\"Pure+ kofe\u012bnu saturo\u0161s galvas \u0101das kop\u0161anas \u0161\u0137idrums stimul\u0113 asinsriti un stiprina matus. Satur kofe\u012bnu, niacinam\u012bdu un za\u013c\u0101s t\u0113jas ekstraktu.\" \/>\n<meta property=\"og:url\" content=\"https:\/\/test.puhdasplus.ee\/lv\/tooted\/kosmetika\/kofeina-galvas-adas-kopsanas-lidzeklis-200-ml\/\" \/>\n<meta property=\"og:site_name\" content=\"Puhdas+\" \/>\n<meta property=\"article:publisher\" content=\"https:\/\/www.facebook.com\/puhdasplus\" \/>\n<meta property=\"article:modified_time\" content=\"2026-02-22T20:45:35+00:00\" \/>\n<meta property=\"og:image\" content=\"https:\/\/test.puhdasplus.ee\/wp-content\/uploads\/2025\/10\/tooted-ilma-taustata-copy-4-scaled.jpg\" \/>\n\t<meta property=\"og:image:width\" content=\"1862\" \/>\n\t<meta property=\"og:image:height\" content=\"2560\" \/>\n\t<meta property=\"og:image:type\" content=\"image\/jpeg\" \/>\n<meta name=\"twitter:card\" content=\"summary_large_image\" \/>\n<meta name=\"twitter:label1\" content=\"Est. reading time\" \/>\n\t<meta name=\"twitter:data1\" content=\"2 min\u016btes\" \/>\n<script type=\"application\/ld+json\" class=\"yoast-schema-graph\">{\"@context\":\"https:\/\/schema.org\",\"@graph\":[{\"@type\":\"WebPage\",\"@id\":\"https:\/\/test.puhdasplus.ee\/lv\/tooted\/kosmetika\/kofeina-galvas-adas-kopsanas-lidzeklis-200-ml\/\",\"url\":\"https:\/\/test.puhdasplus.ee\/lv\/tooted\/kosmetika\/kofeina-galvas-adas-kopsanas-lidzeklis-200-ml\/\",\"name\":\"Kofe\u012bna galvas \u0101das kop\u0161anas l\u012bdzeklis 200 ml - Puhdas+\",\"isPartOf\":{\"@id\":\"https:\/\/test.puhdasplus.ee\/lv\/#website\"},\"primaryImageOfPage\":{\"@id\":\"https:\/\/test.puhdasplus.ee\/lv\/tooted\/kosmetika\/kofeina-galvas-adas-kopsanas-lidzeklis-200-ml\/#primaryimage\"},\"image\":{\"@id\":\"https:\/\/test.puhdasplus.ee\/lv\/tooted\/kosmetika\/kofeina-galvas-adas-kopsanas-lidzeklis-200-ml\/#primaryimage\"},\"thumbnailUrl\":\"https:\/\/test.puhdasplus.ee\/wp-content\/uploads\/2025\/10\/tooted-ilma-taustata-copy-4-scaled.jpg\",\"datePublished\":\"2025-10-05T07:18:40+00:00\",\"dateModified\":\"2026-02-22T20:45:35+00:00\",\"description\":\"Pure+ kofe\u012bnu saturo\u0161s galvas \u0101das kop\u0161anas \u0161\u0137idrums stimul\u0113 asinsriti un stiprina matus. Satur kofe\u012bnu, niacinam\u012bdu un za\u013c\u0101s t\u0113jas ekstraktu.\",\"breadcrumb\":{\"@id\":\"https:\/\/test.puhdasplus.ee\/lv\/tooted\/kosmetika\/kofeina-galvas-adas-kopsanas-lidzeklis-200-ml\/#breadcrumb\"},\"inLanguage\":\"lv-LV\",\"potentialAction\":[{\"@type\":\"ReadAction\",\"target\":[\"https:\/\/test.puhdasplus.ee\/lv\/tooted\/kosmetika\/kofeina-galvas-adas-kopsanas-lidzeklis-200-ml\/\"]}]},{\"@type\":\"ImageObject\",\"inLanguage\":\"lv-LV\",\"@id\":\"https:\/\/test.puhdasplus.ee\/lv\/tooted\/kosmetika\/kofeina-galvas-adas-kopsanas-lidzeklis-200-ml\/#primaryimage\",\"url\":\"https:\/\/test.puhdasplus.ee\/wp-content\/uploads\/2025\/10\/tooted-ilma-taustata-copy-4-scaled.jpg\",\"contentUrl\":\"https:\/\/test.puhdasplus.ee\/wp-content\/uploads\/2025\/10\/tooted-ilma-taustata-copy-4-scaled.jpg\",\"width\":1862,\"height\":2560,\"caption\":\"Kofe\u012bna galvas \u0101das kop\u0161anas l\u012bdzeklis 200 ml\"},{\"@type\":\"BreadcrumbList\",\"@id\":\"https:\/\/test.puhdasplus.ee\/lv\/tooted\/kosmetika\/kofeina-galvas-adas-kopsanas-lidzeklis-200-ml\/#breadcrumb\",\"itemListElement\":[{\"@type\":\"ListItem\",\"position\":1,\"name\":\"S\u0101kums\",\"item\":\"https:\/\/test.puhdasplus.ee\/lv\/\"},{\"@type\":\"ListItem\",\"position\":2,\"name\":\"Produkti\",\"item\":\"https:\/\/test.puhdasplus.ee\/lv\/veikals\/\"},{\"@type\":\"ListItem\",\"position\":3,\"name\":\"Kofe\u012bna galvas \u0101das kop\u0161anas l\u012bdzeklis 200 ml\"}]},{\"@type\":\"WebSite\",\"@id\":\"https:\/\/test.puhdasplus.ee\/lv\/#website\",\"url\":\"https:\/\/test.puhdasplus.ee\/lv\/\",\"name\":\"Puhdas+\",\"description\":\"Vitamiinid, Toidulisandid, looduskosmeetika, tervis, sport\",\"publisher\":{\"@id\":\"https:\/\/test.puhdasplus.ee\/lv\/#organization\"},\"potentialAction\":[{\"@type\":\"SearchAction\",\"target\":{\"@type\":\"EntryPoint\",\"urlTemplate\":\"https:\/\/test.puhdasplus.ee\/lv\/?s={search_term_string}\"},\"query-input\":{\"@type\":\"PropertyValueSpecification\",\"valueRequired\":true,\"valueName\":\"search_term_string\"}}],\"inLanguage\":\"lv-LV\"},{\"@type\":\"Organization\",\"@id\":\"https:\/\/test.puhdasplus.ee\/lv\/#organization\",\"name\":\"Puhdas+\",\"alternateName\":\"Puhdasplus\",\"url\":\"https:\/\/test.puhdasplus.ee\/lv\/\",\"logo\":{\"@type\":\"ImageObject\",\"inLanguage\":\"lv-LV\",\"@id\":\"https:\/\/test.puhdasplus.ee\/lv\/#\/schema\/logo\/image\/\",\"url\":\"https:\/\/test.puhdasplus.ee\/\/wp-content\/uploads\/2019\/10\/puhdas_logo-arvele.png\",\"contentUrl\":\"https:\/\/test.puhdasplus.ee\/\/wp-content\/uploads\/2019\/10\/puhdas_logo-arvele.png\",\"width\":114,\"height\":94,\"caption\":\"Puhdas+\"},\"image\":{\"@id\":\"https:\/\/test.puhdasplus.ee\/lv\/#\/schema\/logo\/image\/\"},\"sameAs\":[\"https:\/\/www.facebook.com\/puhdasplus\",\"https:\/\/www.instagram.com\/puhdasplus_ee\/\"]}]}<\/script>\n<!-- \/ Yoast SEO plugin. -->","yoast_head_json":{"title":"Kofe\u012bna galvas \u0101das kop\u0161anas l\u012bdzeklis 200 ml - Puhdas+","description":"Pure+ kofe\u012bnu saturo\u0161s galvas \u0101das kop\u0161anas \u0161\u0137idrums stimul\u0113 asinsriti un stiprina matus. Satur kofe\u012bnu, niacinam\u012bdu un za\u013c\u0101s t\u0113jas ekstraktu.","robots":{"index":"noindex","follow":"follow","max-snippet":"max-snippet:-1","max-image-preview":"max-image-preview:large","max-video-preview":"max-video-preview:-1"},"og_locale":"lv_LV","og_type":"article","og_title":"Kofe\u012bna galvas \u0101das kop\u0161anas l\u012bdzeklis 200 ml - Puhdas+","og_description":"Pure+ kofe\u012bnu saturo\u0161s galvas \u0101das kop\u0161anas \u0161\u0137idrums stimul\u0113 asinsriti un stiprina matus. Satur kofe\u012bnu, niacinam\u012bdu un za\u013c\u0101s t\u0113jas ekstraktu.","og_url":"https:\/\/test.puhdasplus.ee\/lv\/tooted\/kosmetika\/kofeina-galvas-adas-kopsanas-lidzeklis-200-ml\/","og_site_name":"Puhdas+","article_publisher":"https:\/\/www.facebook.com\/puhdasplus","article_modified_time":"2026-02-22T20:45:35+00:00","og_image":[{"width":1862,"height":2560,"url":"https:\/\/test.puhdasplus.ee\/wp-content\/uploads\/2025\/10\/tooted-ilma-taustata-copy-4-scaled.jpg","type":"image\/jpeg"}],"twitter_card":"summary_large_image","twitter_misc":{"Est. reading time":"2 min\u016btes"},"schema":{"@context":"https:\/\/schema.org","@graph":[{"@type":"WebPage","@id":"https:\/\/test.puhdasplus.ee\/lv\/tooted\/kosmetika\/kofeina-galvas-adas-kopsanas-lidzeklis-200-ml\/","url":"https:\/\/test.puhdasplus.ee\/lv\/tooted\/kosmetika\/kofeina-galvas-adas-kopsanas-lidzeklis-200-ml\/","name":"Kofe\u012bna galvas \u0101das kop\u0161anas l\u012bdzeklis 200 ml - Puhdas+","isPartOf":{"@id":"https:\/\/test.puhdasplus.ee\/lv\/#website"},"primaryImageOfPage":{"@id":"https:\/\/test.puhdasplus.ee\/lv\/tooted\/kosmetika\/kofeina-galvas-adas-kopsanas-lidzeklis-200-ml\/#primaryimage"},"image":{"@id":"https:\/\/test.puhdasplus.ee\/lv\/tooted\/kosmetika\/kofeina-galvas-adas-kopsanas-lidzeklis-200-ml\/#primaryimage"},"thumbnailUrl":"https:\/\/test.puhdasplus.ee\/wp-content\/uploads\/2025\/10\/tooted-ilma-taustata-copy-4-scaled.jpg","datePublished":"2025-10-05T07:18:40+00:00","dateModified":"2026-02-22T20:45:35+00:00","description":"Pure+ kofe\u012bnu saturo\u0161s galvas \u0101das kop\u0161anas \u0161\u0137idrums stimul\u0113 asinsriti un stiprina matus. Satur kofe\u012bnu, niacinam\u012bdu un za\u013c\u0101s t\u0113jas ekstraktu.","breadcrumb":{"@id":"https:\/\/test.puhdasplus.ee\/lv\/tooted\/kosmetika\/kofeina-galvas-adas-kopsanas-lidzeklis-200-ml\/#breadcrumb"},"inLanguage":"lv-LV","potentialAction":[{"@type":"ReadAction","target":["https:\/\/test.puhdasplus.ee\/lv\/tooted\/kosmetika\/kofeina-galvas-adas-kopsanas-lidzeklis-200-ml\/"]}]},{"@type":"ImageObject","inLanguage":"lv-LV","@id":"https:\/\/test.puhdasplus.ee\/lv\/tooted\/kosmetika\/kofeina-galvas-adas-kopsanas-lidzeklis-200-ml\/#primaryimage","url":"https:\/\/test.puhdasplus.ee\/wp-content\/uploads\/2025\/10\/tooted-ilma-taustata-copy-4-scaled.jpg","contentUrl":"https:\/\/test.puhdasplus.ee\/wp-content\/uploads\/2025\/10\/tooted-ilma-taustata-copy-4-scaled.jpg","width":1862,"height":2560,"caption":"Kofe\u012bna galvas \u0101das kop\u0161anas l\u012bdzeklis 200 ml"},{"@type":"BreadcrumbList","@id":"https:\/\/test.puhdasplus.ee\/lv\/tooted\/kosmetika\/kofeina-galvas-adas-kopsanas-lidzeklis-200-ml\/#breadcrumb","itemListElement":[{"@type":"ListItem","position":1,"name":"S\u0101kums","item":"https:\/\/test.puhdasplus.ee\/lv\/"},{"@type":"ListItem","position":2,"name":"Produkti","item":"https:\/\/test.puhdasplus.ee\/lv\/veikals\/"},{"@type":"ListItem","position":3,"name":"Kofe\u012bna galvas \u0101das kop\u0161anas l\u012bdzeklis 200 ml"}]},{"@type":"WebSite","@id":"https:\/\/test.puhdasplus.ee\/lv\/#website","url":"https:\/\/test.puhdasplus.ee\/lv\/","name":"Puhdas+","description":"Vitamiinid, Toidulisandid, looduskosmeetika, tervis, sport","publisher":{"@id":"https:\/\/test.puhdasplus.ee\/lv\/#organization"},"potentialAction":[{"@type":"SearchAction","target":{"@type":"EntryPoint","urlTemplate":"https:\/\/test.puhdasplus.ee\/lv\/?s={search_term_string}"},"query-input":{"@type":"PropertyValueSpecification","valueRequired":true,"valueName":"search_term_string"}}],"inLanguage":"lv-LV"},{"@type":"Organization","@id":"https:\/\/test.puhdasplus.ee\/lv\/#organization","name":"Puhdas+","alternateName":"Puhdasplus","url":"https:\/\/test.puhdasplus.ee\/lv\/","logo":{"@type":"ImageObject","inLanguage":"lv-LV","@id":"https:\/\/test.puhdasplus.ee\/lv\/#\/schema\/logo\/image\/","url":"https:\/\/test.puhdasplus.ee\/\/wp-content\/uploads\/2019\/10\/puhdas_logo-arvele.png","contentUrl":"https:\/\/test.puhdasplus.ee\/\/wp-content\/uploads\/2019\/10\/puhdas_logo-arvele.png","width":114,"height":94,"caption":"Puhdas+"},"image":{"@id":"https:\/\/test.puhdasplus.ee\/lv\/#\/schema\/logo\/image\/"},"sameAs":["https:\/\/www.facebook.com\/puhdasplus","https:\/\/www.instagram.com\/puhdasplus_ee\/"]}]}},"_links":{"self":[{"href":"https:\/\/test.puhdasplus.ee\/lv\/wp-json\/wp\/v2\/product\/354481","targetHints":{"allow":["GET"]}}],"collection":[{"href":"https:\/\/test.puhdasplus.ee\/lv\/wp-json\/wp\/v2\/product"}],"about":[{"href":"https:\/\/test.puhdasplus.ee\/lv\/wp-json\/wp\/v2\/types\/product"}],"replies":[{"embeddable":true,"href":"https:\/\/test.puhdasplus.ee\/lv\/wp-json\/wp\/v2\/comments?post=354481"}],"wp:featuredmedia":[{"embeddable":true,"href":"https:\/\/test.puhdasplus.ee\/lv\/wp-json\/wp\/v2\/media\/354482"}],"wp:attachment":[{"href":"https:\/\/test.puhdasplus.ee\/lv\/wp-json\/wp\/v2\/media?parent=354481"}],"wp:term":[{"taxonomy":"product_brand","embeddable":true,"href":"https:\/\/test.puhdasplus.ee\/lv\/wp-json\/wp\/v2\/product_brand?post=354481"},{"taxonomy":"product_cat","embeddable":true,"href":"https:\/\/test.puhdasplus.ee\/lv\/wp-json\/wp\/v2\/product_cat?post=354481"},{"taxonomy":"product_tag","embeddable":true,"href":"https:\/\/test.puhdasplus.ee\/lv\/wp-json\/wp\/v2\/product_tag?post=354481"}],"curies":[{"name":"wp","href":"https:\/\/api.w.org\/{rel}","templated":true}]}}