{"id":354474,"date":"2025-10-05T10:31:09","date_gmt":"2025-10-05T07:31:09","guid":{"rendered":"https:\/\/test.puhdasplus.ee\/\/tooted\/uncategorized\/kofeina-sampuns-250-ml\/"},"modified":"2026-02-22T22:45:25","modified_gmt":"2026-02-22T20:45:25","slug":"kofeina-sampuns-250-ml","status":"publish","type":"product","link":"https:\/\/test.puhdasplus.ee\/lv\/tooted\/kosmetika\/kofeina-sampuns-250-ml\/","title":{"rendered":"Kofe\u012bna \u0161amp\u016bns 250 ml"},"content":{"rendered":"<p data-start=\"258\" data-end=\"552\">Pure+ kofe\u012bna \u0161amp\u016bns ir r\u016bp\u012bgi izstr\u0101d\u0101ts, lai att\u012br\u012btu matus un stimul\u0113tu galvas \u0101du. Ar savu vieglo, bet iedarb\u012bgo formulu \u0161amp\u016bns satur vair\u0101kas kopjo\u0161as sast\u0101vda\u013cas, kas atbalsta matu stipr\u012bbu, vitalit\u0101ti un labsaj\u016btu, tos nep\u0101rslogojot. <\/p>\n<p data-start=\"554\" data-end=\"588\"><strong data-start=\"554\" data-end=\"586\">Galven\u0101s akt\u012bv\u0101s sast\u0101vda\u013cas un to iedarb\u012bba<\/strong><\/p>\n<ul data-start=\"589\" data-end=\"1057\">\n<li data-start=\"589\" data-end=\"686\">\n<p data-start=\"591\" data-end=\"686\"><strong data-start=\"591\" data-end=\"602\">Kofe\u012bns<\/strong> \u2013 pal\u012bdz stimul\u0113t \u0161\u016bnu vielmai\u0146u galvas \u0101d\u0101 un stiprin\u0101t matu sak\u0146u l\u012bmen\u012b.<\/p>\n<\/li>\n<li data-start=\"687\" data-end=\"786\">\n<p data-start=\"689\" data-end=\"786\"><strong data-start=\"689\" data-end=\"720\">Niacinam\u012bds (B3 vitam\u012bns)<\/strong> \u2013 atbalsta galvas \u0101das l\u012bdzsvaru un pal\u012bdz saglab\u0101t matu elast\u012bbu.<\/p>\n<\/li>\n<li data-start=\"787\" data-end=\"894\">\n<p data-start=\"789\" data-end=\"894\"><strong data-start=\"789\" data-end=\"820\">Pantenols (provitam\u012bns B5)<\/strong> \u2013 mitrina un pal\u012bdz saglab\u0101t matu maigumu, pateicoties mitruma l\u012bmenim.<\/p>\n<\/li>\n<li data-start=\"895\" data-end=\"983\">\n<p data-start=\"897\" data-end=\"983\"><strong data-start=\"897\" data-end=\"927\">Za\u013c\u0101s t\u0113jas lapu ekstrakts<\/strong> \u2013 antioksidanta iedarb\u012bba, aizsarg\u0101 matus un galvas \u0101du.<\/p>\n<\/li>\n<li data-start=\"984\" data-end=\"1057\">\n<p data-start=\"986\" data-end=\"1057\"><strong data-start=\"986\" data-end=\"997\">Mentols<\/strong> \u2013 nodro\u0161ina v\u0113sino\u0161u efektu un svaiguma saj\u016btu p\u0113c lieto\u0161anas.<\/p>\n<\/li>\n<\/ul>\n<p data-start=\"1059\" data-end=\"1075\"><strong data-start=\"1059\" data-end=\"1073\">Lietojums<\/strong><\/p>\n<ul data-start=\"1076\" data-end=\"1319\">\n<li data-start=\"1076\" data-end=\"1169\">\n<p data-start=\"1078\" data-end=\"1169\">Samitriniet matus un viegli iemas\u0113jiet \u0161amp\u016bnu galvas \u0101d\u0101, atst\u0101jot to iedarboties apm\u0113ram 2 min\u016btes.<\/p>\n<\/li>\n<li data-start=\"1170\" data-end=\"1197\">\n<p data-start=\"1172\" data-end=\"1197\">R\u016bp\u012bgi noskalojiet ar \u016bdeni.<\/p>\n<\/li>\n<li data-start=\"1198\" data-end=\"1229\">\n<p data-start=\"1200\" data-end=\"1229\">Atk\u0101rtojiet lieto\u0161anu, ja nepiecie\u0161ams.<\/p>\n<\/li>\n<li data-start=\"1230\" data-end=\"1319\">\n<p data-start=\"1232\" data-end=\"1319\">Lai ieg\u016btu lab\u0101kos rezult\u0101tus, lietojiet kop\u0101 ar apkopes \u0161\u0137idrumu vai e\u013c\u013cu no t\u0101s pa\u0161as s\u0113rijas.<\/p>\n<\/li>\n<\/ul>\n<p data-start=\"1321\" data-end=\"1515\"><strong data-start=\"1321\" data-end=\"1332\">Rezult\u0101ts<\/strong><br data-start=\"1332\" data-end=\"1335\"> Maiga un regul\u0101ra lieto\u0161ana var padar\u012bt matus t\u012brus, gai\u0161\u0101kus un dz\u012bv\u012bg\u0101kus. Lietojot katru dienu, galvas \u0101da jut\u012bsies atsvaidzin\u0101ta, un mati \u2013 stipr\u0101ki un l\u012bdzsvarot\u0101ki. <\/p>\n<p data-start=\"1517\" data-end=\"1739\"><strong data-start=\"1517\" data-end=\"1531\">Piem\u0113rot\u012bba<\/strong><br data-start=\"1531\" data-end=\"1534\"> Piem\u0113rots da\u017e\u0101diem matu tipiem, \u012bpa\u0161i tiem, kas mekl\u0113 nenoskalojamu kondicionieri, kas sniedz papildu atbalstu galvas \u0101dai un matu sakn\u0113m. Piem\u0113rots ar\u012b rudens sezonai, kad matiem un galvas \u0101dai var b\u016bt nepiecie\u0161ama papildu baro\u0161ana. <\/p>\n<p data-start=\"1517\" data-end=\"1739\"><strong data-start=\"128\" data-end=\"144\">Sast\u0101vda\u013cas:<\/strong><br data-start=\"144\" data-end=\"147\"> \u016adens (Aqua), n\u0101trija laurilsulf\u0101ts, glicer\u012bns, pentil\u0113nglikols, kokamidopropilbeta\u012bns, ksant\u0101na sve\u0137i, decilglikoz\u012bds, kokoglikoz\u012bds, glicerilole\u0101ts, niacinam\u012bds (B3 vitam\u012bns), pantenols (provitam\u012bns B5), kofe\u012bns, sahar\u012bda izom\u0113rs, piensk\u0101be, z\u0101\u0123zobain\u0101s palmas aug\u013cu ekstrakts (Serenoa Serrulata), za\u013c\u0101s t\u0113jas lapu ekstrakts (Camellia Sinensis), piparm\u0113tru lapu e\u013c\u013ca (Mentha Arvensis), argin\u012bns, citronsk\u0101be, k\u0101lija sorb\u0101ts, sorb\u012bnsk\u0101be, n\u0101trija benzo\u0101ts, hidrogen\u0113ts augu glicer\u012bda citr\u0101ts, mentols.<\/p>\n<p data-start=\"1741\" data-end=\"1758\"><strong data-start=\"1741\" data-end=\"1756\">Uzglab\u0101\u0161ana<\/strong><\/p>\n<ul data-start=\"1759\" data-end=\"1923\">\n<li data-start=\"1759\" data-end=\"1820\">\n<p data-start=\"1761\" data-end=\"1820\">Uzglab\u0101t saus\u0101 viet\u0101, istabas temperat\u016br\u0101 un sarg\u0101t no gaismas.<\/p>\n<\/li>\n<li data-start=\"1821\" data-end=\"1865\">\n<p data-start=\"1823\" data-end=\"1865\">P\u0113c lieto\u0161anas cie\u0161i aizveriet v\u0101ci\u0146u.<\/p>\n<\/li>\n<li data-start=\"1866\" data-end=\"1923\">\n<p data-start=\"1868\" data-end=\"1923\">Izvairieties no tie\u0161iem saules stariem un augstas temperat\u016bras.<\/p>\n<\/li>\n<\/ul>\n","protected":false},"excerpt":{"rendered":"<p>Pure+ kofe\u012bna \u0161amp\u016bns maigi att\u012bra un uzmundrina galvas \u0101du. Satur kofe\u012bnu, niacinam\u012bdu, pantenolu un za\u013c\u0101s t\u0113jas ekstraktu, kas atbalsta matu stipr\u012bbu, vitalit\u0101ti un galvas \u0101das l\u012bdzsvaru. <\/p>\n","protected":false},"featured_media":354478,"comment_status":"open","ping_status":"closed","template":"","meta":{"_acf_changed":false},"product_brand":[],"product_cat":[3296,3067,2533],"product_tag":[7402,7390,7405,4247,7400,7401,7408,7403,7392,3310,6201,2580,4216,7391,7406,2945,4215,7393,7404,7407,7389],"class_list":{"0":"post-354474","1":"product","2":"type-product","3":"status-publish","4":"has-post-thumbnail","6":"product_cat-ada-mati-nagi","7":"product_cat-ipasie-piedavajumi","8":"product_cat-kosmetika","9":"product_tag-atsvaidzinosa-kopsana","10":"product_tag-dabiga-kosmetika","11":"product_tag-dabigs-sampuns","12":"product_tag-galvas-adas-kopsana","13":"product_tag-galvas-adas-stimulacija","14":"product_tag-galvas-adas-stimulants","15":"product_tag-ikdienas-sampuns","16":"product_tag-kofeina-sampuns","17":"product_tag-kofeins","18":"product_tag-matu-augsanas-atbalsts","19":"product_tag-matu-izkrisana","20":"product_tag-matu-kopsana","21":"product_tag-matu-stiprinasana","22":"product_tag-matu-vitalitate","23":"product_tag-mentols","24":"product_tag-niacinamids","25":"product_tag-pantenols","26":"product_tag-rudens-kopsana","27":"product_tag-stimulejoss-sampuns","28":"product_tag-veganu-sampuns","29":"product_tag-zalas-tejas-ekstrakts","31":"first","32":"instock","33":"sale","34":"taxable","35":"shipping-taxable","36":"purchasable","37":"product-type-simple"},"acf":[],"yoast_head":"<!-- This site is optimized with the Yoast SEO plugin v27.1.1 - https:\/\/yoast.com\/product\/yoast-seo-wordpress\/ -->\n<title>Kofe\u012bna \u0161amp\u016bns 250 ml - Puhdas+<\/title>\n<meta name=\"description\" content=\"Pure+ kofe\u012bna \u0161amp\u016bns uzmundrina galvas \u0101du un stiprina matus. Satur kofe\u012bnu, niacinam\u012bdu un za\u013c\u0101s t\u0113jas ekstraktu, lai atbalst\u012btu matu vitalit\u0101ti.\" \/>\n<meta name=\"robots\" content=\"noindex, follow, max-snippet:-1, max-image-preview:large, max-video-preview:-1\" \/>\n<meta property=\"og:locale\" content=\"lv_LV\" \/>\n<meta property=\"og:type\" content=\"article\" \/>\n<meta property=\"og:title\" content=\"Kofe\u012bna \u0161amp\u016bns 250 ml - Puhdas+\" \/>\n<meta property=\"og:description\" content=\"Pure+ kofe\u012bna \u0161amp\u016bns uzmundrina galvas \u0101du un stiprina matus. Satur kofe\u012bnu, niacinam\u012bdu un za\u013c\u0101s t\u0113jas ekstraktu, lai atbalst\u012btu matu vitalit\u0101ti.\" \/>\n<meta property=\"og:url\" content=\"https:\/\/test.puhdasplus.ee\/lv\/tooted\/kosmetika\/kofeina-sampuns-250-ml\/\" \/>\n<meta property=\"og:site_name\" content=\"Puhdas+\" \/>\n<meta property=\"article:publisher\" content=\"https:\/\/www.facebook.com\/puhdasplus\" \/>\n<meta property=\"article:modified_time\" content=\"2026-02-22T20:45:25+00:00\" \/>\n<meta property=\"og:image\" content=\"https:\/\/test.puhdasplus.ee\/wp-content\/uploads\/2025\/10\/tooted-ilma-taustata-copy-5-scaled.jpg\" \/>\n\t<meta property=\"og:image:width\" content=\"1862\" \/>\n\t<meta property=\"og:image:height\" content=\"2560\" \/>\n\t<meta property=\"og:image:type\" content=\"image\/jpeg\" \/>\n<meta name=\"twitter:card\" content=\"summary_large_image\" \/>\n<meta name=\"twitter:label1\" content=\"Est. reading time\" \/>\n\t<meta name=\"twitter:data1\" content=\"2 min\u016btes\" \/>\n<script type=\"application\/ld+json\" class=\"yoast-schema-graph\">{\"@context\":\"https:\/\/schema.org\",\"@graph\":[{\"@type\":\"WebPage\",\"@id\":\"https:\/\/test.puhdasplus.ee\/lv\/tooted\/kosmetika\/kofeina-sampuns-250-ml\/\",\"url\":\"https:\/\/test.puhdasplus.ee\/lv\/tooted\/kosmetika\/kofeina-sampuns-250-ml\/\",\"name\":\"Kofe\u012bna \u0161amp\u016bns 250 ml - Puhdas+\",\"isPartOf\":{\"@id\":\"https:\/\/test.puhdasplus.ee\/lv\/#website\"},\"primaryImageOfPage\":{\"@id\":\"https:\/\/test.puhdasplus.ee\/lv\/tooted\/kosmetika\/kofeina-sampuns-250-ml\/#primaryimage\"},\"image\":{\"@id\":\"https:\/\/test.puhdasplus.ee\/lv\/tooted\/kosmetika\/kofeina-sampuns-250-ml\/#primaryimage\"},\"thumbnailUrl\":\"https:\/\/test.puhdasplus.ee\/wp-content\/uploads\/2025\/10\/tooted-ilma-taustata-copy-5-scaled.jpg\",\"datePublished\":\"2025-10-05T07:31:09+00:00\",\"dateModified\":\"2026-02-22T20:45:25+00:00\",\"description\":\"Pure+ kofe\u012bna \u0161amp\u016bns uzmundrina galvas \u0101du un stiprina matus. Satur kofe\u012bnu, niacinam\u012bdu un za\u013c\u0101s t\u0113jas ekstraktu, lai atbalst\u012btu matu vitalit\u0101ti.\",\"breadcrumb\":{\"@id\":\"https:\/\/test.puhdasplus.ee\/lv\/tooted\/kosmetika\/kofeina-sampuns-250-ml\/#breadcrumb\"},\"inLanguage\":\"lv-LV\",\"potentialAction\":[{\"@type\":\"ReadAction\",\"target\":[\"https:\/\/test.puhdasplus.ee\/lv\/tooted\/kosmetika\/kofeina-sampuns-250-ml\/\"]}]},{\"@type\":\"ImageObject\",\"inLanguage\":\"lv-LV\",\"@id\":\"https:\/\/test.puhdasplus.ee\/lv\/tooted\/kosmetika\/kofeina-sampuns-250-ml\/#primaryimage\",\"url\":\"https:\/\/test.puhdasplus.ee\/wp-content\/uploads\/2025\/10\/tooted-ilma-taustata-copy-5-scaled.jpg\",\"contentUrl\":\"https:\/\/test.puhdasplus.ee\/wp-content\/uploads\/2025\/10\/tooted-ilma-taustata-copy-5-scaled.jpg\",\"width\":1862,\"height\":2560,\"caption\":\"Kofe\u012bna \u0161amp\u016bns 250 ml\"},{\"@type\":\"BreadcrumbList\",\"@id\":\"https:\/\/test.puhdasplus.ee\/lv\/tooted\/kosmetika\/kofeina-sampuns-250-ml\/#breadcrumb\",\"itemListElement\":[{\"@type\":\"ListItem\",\"position\":1,\"name\":\"S\u0101kums\",\"item\":\"https:\/\/test.puhdasplus.ee\/lv\/\"},{\"@type\":\"ListItem\",\"position\":2,\"name\":\"Produkti\",\"item\":\"https:\/\/test.puhdasplus.ee\/lv\/veikals\/\"},{\"@type\":\"ListItem\",\"position\":3,\"name\":\"Kofe\u012bna \u0161amp\u016bns 250 ml\"}]},{\"@type\":\"WebSite\",\"@id\":\"https:\/\/test.puhdasplus.ee\/lv\/#website\",\"url\":\"https:\/\/test.puhdasplus.ee\/lv\/\",\"name\":\"Puhdas+\",\"description\":\"Vitamiinid, Toidulisandid, looduskosmeetika, tervis, sport\",\"publisher\":{\"@id\":\"https:\/\/test.puhdasplus.ee\/lv\/#organization\"},\"potentialAction\":[{\"@type\":\"SearchAction\",\"target\":{\"@type\":\"EntryPoint\",\"urlTemplate\":\"https:\/\/test.puhdasplus.ee\/lv\/?s={search_term_string}\"},\"query-input\":{\"@type\":\"PropertyValueSpecification\",\"valueRequired\":true,\"valueName\":\"search_term_string\"}}],\"inLanguage\":\"lv-LV\"},{\"@type\":\"Organization\",\"@id\":\"https:\/\/test.puhdasplus.ee\/lv\/#organization\",\"name\":\"Puhdas+\",\"alternateName\":\"Puhdasplus\",\"url\":\"https:\/\/test.puhdasplus.ee\/lv\/\",\"logo\":{\"@type\":\"ImageObject\",\"inLanguage\":\"lv-LV\",\"@id\":\"https:\/\/test.puhdasplus.ee\/lv\/#\/schema\/logo\/image\/\",\"url\":\"https:\/\/test.puhdasplus.ee\/\/wp-content\/uploads\/2019\/10\/puhdas_logo-arvele.png\",\"contentUrl\":\"https:\/\/test.puhdasplus.ee\/\/wp-content\/uploads\/2019\/10\/puhdas_logo-arvele.png\",\"width\":114,\"height\":94,\"caption\":\"Puhdas+\"},\"image\":{\"@id\":\"https:\/\/test.puhdasplus.ee\/lv\/#\/schema\/logo\/image\/\"},\"sameAs\":[\"https:\/\/www.facebook.com\/puhdasplus\",\"https:\/\/www.instagram.com\/puhdasplus_ee\/\"]}]}<\/script>\n<!-- \/ Yoast SEO plugin. -->","yoast_head_json":{"title":"Kofe\u012bna \u0161amp\u016bns 250 ml - Puhdas+","description":"Pure+ kofe\u012bna \u0161amp\u016bns uzmundrina galvas \u0101du un stiprina matus. Satur kofe\u012bnu, niacinam\u012bdu un za\u013c\u0101s t\u0113jas ekstraktu, lai atbalst\u012btu matu vitalit\u0101ti.","robots":{"index":"noindex","follow":"follow","max-snippet":"max-snippet:-1","max-image-preview":"max-image-preview:large","max-video-preview":"max-video-preview:-1"},"og_locale":"lv_LV","og_type":"article","og_title":"Kofe\u012bna \u0161amp\u016bns 250 ml - Puhdas+","og_description":"Pure+ kofe\u012bna \u0161amp\u016bns uzmundrina galvas \u0101du un stiprina matus. Satur kofe\u012bnu, niacinam\u012bdu un za\u013c\u0101s t\u0113jas ekstraktu, lai atbalst\u012btu matu vitalit\u0101ti.","og_url":"https:\/\/test.puhdasplus.ee\/lv\/tooted\/kosmetika\/kofeina-sampuns-250-ml\/","og_site_name":"Puhdas+","article_publisher":"https:\/\/www.facebook.com\/puhdasplus","article_modified_time":"2026-02-22T20:45:25+00:00","og_image":[{"width":1862,"height":2560,"url":"https:\/\/test.puhdasplus.ee\/wp-content\/uploads\/2025\/10\/tooted-ilma-taustata-copy-5-scaled.jpg","type":"image\/jpeg"}],"twitter_card":"summary_large_image","twitter_misc":{"Est. reading time":"2 min\u016btes"},"schema":{"@context":"https:\/\/schema.org","@graph":[{"@type":"WebPage","@id":"https:\/\/test.puhdasplus.ee\/lv\/tooted\/kosmetika\/kofeina-sampuns-250-ml\/","url":"https:\/\/test.puhdasplus.ee\/lv\/tooted\/kosmetika\/kofeina-sampuns-250-ml\/","name":"Kofe\u012bna \u0161amp\u016bns 250 ml - Puhdas+","isPartOf":{"@id":"https:\/\/test.puhdasplus.ee\/lv\/#website"},"primaryImageOfPage":{"@id":"https:\/\/test.puhdasplus.ee\/lv\/tooted\/kosmetika\/kofeina-sampuns-250-ml\/#primaryimage"},"image":{"@id":"https:\/\/test.puhdasplus.ee\/lv\/tooted\/kosmetika\/kofeina-sampuns-250-ml\/#primaryimage"},"thumbnailUrl":"https:\/\/test.puhdasplus.ee\/wp-content\/uploads\/2025\/10\/tooted-ilma-taustata-copy-5-scaled.jpg","datePublished":"2025-10-05T07:31:09+00:00","dateModified":"2026-02-22T20:45:25+00:00","description":"Pure+ kofe\u012bna \u0161amp\u016bns uzmundrina galvas \u0101du un stiprina matus. Satur kofe\u012bnu, niacinam\u012bdu un za\u013c\u0101s t\u0113jas ekstraktu, lai atbalst\u012btu matu vitalit\u0101ti.","breadcrumb":{"@id":"https:\/\/test.puhdasplus.ee\/lv\/tooted\/kosmetika\/kofeina-sampuns-250-ml\/#breadcrumb"},"inLanguage":"lv-LV","potentialAction":[{"@type":"ReadAction","target":["https:\/\/test.puhdasplus.ee\/lv\/tooted\/kosmetika\/kofeina-sampuns-250-ml\/"]}]},{"@type":"ImageObject","inLanguage":"lv-LV","@id":"https:\/\/test.puhdasplus.ee\/lv\/tooted\/kosmetika\/kofeina-sampuns-250-ml\/#primaryimage","url":"https:\/\/test.puhdasplus.ee\/wp-content\/uploads\/2025\/10\/tooted-ilma-taustata-copy-5-scaled.jpg","contentUrl":"https:\/\/test.puhdasplus.ee\/wp-content\/uploads\/2025\/10\/tooted-ilma-taustata-copy-5-scaled.jpg","width":1862,"height":2560,"caption":"Kofe\u012bna \u0161amp\u016bns 250 ml"},{"@type":"BreadcrumbList","@id":"https:\/\/test.puhdasplus.ee\/lv\/tooted\/kosmetika\/kofeina-sampuns-250-ml\/#breadcrumb","itemListElement":[{"@type":"ListItem","position":1,"name":"S\u0101kums","item":"https:\/\/test.puhdasplus.ee\/lv\/"},{"@type":"ListItem","position":2,"name":"Produkti","item":"https:\/\/test.puhdasplus.ee\/lv\/veikals\/"},{"@type":"ListItem","position":3,"name":"Kofe\u012bna \u0161amp\u016bns 250 ml"}]},{"@type":"WebSite","@id":"https:\/\/test.puhdasplus.ee\/lv\/#website","url":"https:\/\/test.puhdasplus.ee\/lv\/","name":"Puhdas+","description":"Vitamiinid, Toidulisandid, looduskosmeetika, tervis, sport","publisher":{"@id":"https:\/\/test.puhdasplus.ee\/lv\/#organization"},"potentialAction":[{"@type":"SearchAction","target":{"@type":"EntryPoint","urlTemplate":"https:\/\/test.puhdasplus.ee\/lv\/?s={search_term_string}"},"query-input":{"@type":"PropertyValueSpecification","valueRequired":true,"valueName":"search_term_string"}}],"inLanguage":"lv-LV"},{"@type":"Organization","@id":"https:\/\/test.puhdasplus.ee\/lv\/#organization","name":"Puhdas+","alternateName":"Puhdasplus","url":"https:\/\/test.puhdasplus.ee\/lv\/","logo":{"@type":"ImageObject","inLanguage":"lv-LV","@id":"https:\/\/test.puhdasplus.ee\/lv\/#\/schema\/logo\/image\/","url":"https:\/\/test.puhdasplus.ee\/\/wp-content\/uploads\/2019\/10\/puhdas_logo-arvele.png","contentUrl":"https:\/\/test.puhdasplus.ee\/\/wp-content\/uploads\/2019\/10\/puhdas_logo-arvele.png","width":114,"height":94,"caption":"Puhdas+"},"image":{"@id":"https:\/\/test.puhdasplus.ee\/lv\/#\/schema\/logo\/image\/"},"sameAs":["https:\/\/www.facebook.com\/puhdasplus","https:\/\/www.instagram.com\/puhdasplus_ee\/"]}]}},"_links":{"self":[{"href":"https:\/\/test.puhdasplus.ee\/lv\/wp-json\/wp\/v2\/product\/354474","targetHints":{"allow":["GET"]}}],"collection":[{"href":"https:\/\/test.puhdasplus.ee\/lv\/wp-json\/wp\/v2\/product"}],"about":[{"href":"https:\/\/test.puhdasplus.ee\/lv\/wp-json\/wp\/v2\/types\/product"}],"replies":[{"embeddable":true,"href":"https:\/\/test.puhdasplus.ee\/lv\/wp-json\/wp\/v2\/comments?post=354474"}],"wp:featuredmedia":[{"embeddable":true,"href":"https:\/\/test.puhdasplus.ee\/lv\/wp-json\/wp\/v2\/media\/354478"}],"wp:attachment":[{"href":"https:\/\/test.puhdasplus.ee\/lv\/wp-json\/wp\/v2\/media?parent=354474"}],"wp:term":[{"taxonomy":"product_brand","embeddable":true,"href":"https:\/\/test.puhdasplus.ee\/lv\/wp-json\/wp\/v2\/product_brand?post=354474"},{"taxonomy":"product_cat","embeddable":true,"href":"https:\/\/test.puhdasplus.ee\/lv\/wp-json\/wp\/v2\/product_cat?post=354474"},{"taxonomy":"product_tag","embeddable":true,"href":"https:\/\/test.puhdasplus.ee\/lv\/wp-json\/wp\/v2\/product_tag?post=354474"}],"curies":[{"name":"wp","href":"https:\/\/api.w.org\/{rel}","templated":true}]}}