{"id":354465,"date":"2025-10-05T10:40:23","date_gmt":"2025-10-05T07:40:23","guid":{"rendered":"https:\/\/test.puhdasplus.ee\/\/tooted\/uncategorized\/kofeina-matu-kondicionieris-200-ml\/"},"modified":"2026-02-22T22:45:19","modified_gmt":"2026-02-22T20:45:19","slug":"kofeina-matu-kondicionieris-200-ml","status":"publish","type":"product","link":"https:\/\/test.puhdasplus.ee\/lv\/tooted\/kosmetika\/kofeina-matu-kondicionieris-200-ml\/","title":{"rendered":"Kofe\u012bna matu kondicionieris 200 ml"},"content":{"rendered":"<p data-start=\"317\" data-end=\"556\">Pure+ kofe\u012bna matu kondicionieris ir mitrino\u0161s un uzmundrino\u0161s kop\u0161anas l\u012bdzeklis, kas pie\u0161\u0137ir matiem vitalit\u0101ti, maigumu un gludumu. Viegl\u0101 formula labi ies\u016bcas \u0101d\u0101, padarot matus p\u016bkainus un koptus, tos neapslogojot. <\/p>\n<p data-start=\"558\" data-end=\"756\">Kondicionieris ir lielisks papildin\u0101jums <strong data-start=\"586\" data-end=\"616\">Pure+ kofe\u012bna \u0161amp\u016bnam<\/strong> , pal\u012bdzot stiprin\u0101t matu saknes un atjaunot dabisko sp\u012bdumu. Regul\u0101ra lieto\u0161ana pal\u012bdz matiem saglab\u0101t elast\u012bbu un vieglu \u0137emm\u0113\u0161anu. <\/p>\n<p data-start=\"763\" data-end=\"803\"><strong data-start=\"763\" data-end=\"801\">Galven\u0101s akt\u012bv\u0101s sast\u0101vda\u013cas un to priek\u0161roc\u012bbas:<\/strong><\/p>\n<ul data-start=\"804\" data-end=\"1304\">\n<li data-start=\"804\" data-end=\"893\">\n<p data-start=\"806\" data-end=\"893\"><strong data-start=\"806\" data-end=\"817\">Kofe\u012bns<\/strong> \u2013 stimul\u0113 asinsriti galvas \u0101d\u0101 un pal\u012bdz stiprin\u0101t matus no sakn\u0113m.<\/p>\n<\/li>\n<li data-start=\"894\" data-end=\"987\">\n<p data-start=\"896\" data-end=\"987\"><strong data-start=\"896\" data-end=\"927\">Niacinam\u012bds (B3 vitam\u012bns)<\/strong> \u2013 atbalsta galvas \u0101das l\u012bdzsvaru un uzlabo matu strukt\u016bru.<\/p>\n<\/li>\n<li data-start=\"988\" data-end=\"1106\">\n<p data-start=\"990\" data-end=\"1106\"><strong data-start=\"990\" data-end=\"1021\">Pantenols (provitam\u012bns B5)<\/strong> \u2013 mitrina un aizsarg\u0101 matus no iz\u017e\u016b\u0161anas, pie\u0161\u0137irot tiem elast\u012bbu un maigumu.<\/p>\n<\/li>\n<li data-start=\"1107\" data-end=\"1209\">\n<p data-start=\"1109\" data-end=\"1209\"><strong data-start=\"1109\" data-end=\"1134\">Za\u013c\u0101s t\u0113jas ekstrakts<\/strong> \u2013 darbojas k\u0101 antioksidants un pal\u012bdz aizsarg\u0101t matus no apk\u0101rt\u0113j\u0101s vides kait\u012bg\u0101s ietekmes.<\/p>\n<\/li>\n<li data-start=\"1210\" data-end=\"1304\">\n<p data-start=\"1212\" data-end=\"1304\"><strong data-start=\"1212\" data-end=\"1228\">Augu e\u013c\u013cas<\/strong> (piem\u0113ram, arg\u0101na e\u013c\u013ca) \u2013 izl\u012bdzina un baro matus, pie\u0161\u0137irot tiem dabisku sp\u012bdumu.<\/p>\n<\/li>\n<\/ul>\n<p data-start=\"1311\" data-end=\"1328\"><strong data-start=\"1311\" data-end=\"1326\">Lietojums:<\/strong><\/p>\n<ol data-start=\"1329\" data-end=\"1618\">\n<li data-start=\"1329\" data-end=\"1441\">\n<p data-start=\"1332\" data-end=\"1441\">P\u0113c matu mazg\u0101\u0161anas ar \u0161amp\u016bnu uzkl\u0101jiet kondicionieri uz mitriem matiem, \u012bpa\u0161u uzman\u012bbu piev\u0113r\u0161ot matu vidusda\u013cai un galiem.<\/p>\n<\/li>\n<li data-start=\"1442\" data-end=\"1504\">\n<p data-start=\"1445\" data-end=\"1504\">Atst\u0101jiet iedarboties 1\u20132 min\u016btes, lai akt\u012bv\u0101s sast\u0101vda\u013cas var\u0113tu ies\u016bkties.<\/p>\n<\/li>\n<li data-start=\"1505\" data-end=\"1539\">\n<p data-start=\"1508\" data-end=\"1539\">R\u016bp\u012bgi noskalojiet ar siltu \u016bdeni.<\/p>\n<\/li>\n<li data-start=\"1540\" data-end=\"1618\">\n<p data-start=\"1543\" data-end=\"1618\">Lai ieg\u016btu lab\u0101kos rezult\u0101tus, lietojiet kop\u0101 ar <strong data-start=\"1585\" data-end=\"1615\">Pure+ kofe\u012bna \u0161amp\u016bnu<\/strong> .<\/p>\n<\/li>\n<\/ol>\n<p><strong data-start=\"1625\" data-end=\"1637\">Rezult\u0101ts:<\/strong><br data-start=\"1637\" data-end=\"1640\"> Mati paliek m\u012bksti, sp\u012bd\u012bgi un viegli \u0137emm\u0113jami. Kofe\u012bna un vitam\u012bnu kombin\u0101cija pal\u012bdz uztur\u0113t matu vitalit\u0101ti un iztur\u012bbu, savuk\u0101rt mitrino\u0161\u0101s sast\u0101vda\u013cas atjauno dabisko sp\u012bdumu un gludumu.<\/p>\n<p>Piem\u0113rots ikdienas lieto\u0161anai visu veidu matiem, \u012bpa\u0161i sausiem, boj\u0101tiem vai nedz\u012bviem matiem.<\/p>\n<p data-start=\"1998\" data-end=\"2016\"><strong data-start=\"1998\" data-end=\"2014\">Uzglab\u0101\u0161ana:<\/strong><\/p>\n<ul data-start=\"2017\" data-end=\"2177\">\n<li data-start=\"2017\" data-end=\"2069\">\n<p data-start=\"2019\" data-end=\"2069\">Uzglab\u0101t saus\u0101, v\u0113s\u0101 viet\u0101 un pasarg\u0101t no gaismas.<\/p>\n<\/li>\n<li data-start=\"2070\" data-end=\"2115\">\n<p data-start=\"2072\" data-end=\"2115\">P\u0113c lieto\u0161anas cie\u0161i aizveriet pudeli.<\/p>\n<\/li>\n<li data-start=\"2116\" data-end=\"2177\">\n<p data-start=\"2118\" data-end=\"2177\">Izvairieties no tie\u0161iem saules stariem un \u013coti augstas temperat\u016bras.<\/p>\n<\/li>\n<\/ul>\n<p><strong data-start=\"140\" data-end=\"156\">Sast\u0101vda\u013cas:<\/strong><br data-start=\"156\" data-end=\"159\"> \u016adens (Aqua), glicer\u012bns, cetearilspirts, distearoiletila dimonija hlor\u012bds, \u0161\u012b sviests (Butyrospermum Parkii Butter)*, cetrimonija hlor\u012bds, dikaprililkarbon\u0101ts, koko kapril\u0101ts\/kapr\u0101ts, Argania Spinosa kauli\u0146u e\u013c\u013ca (Argania Spinosa kauli\u0146u e\u013c\u013ca), niacinam\u012bds (B3 vitam\u012bns), cetearilglikoz\u012bds, dodek\u0101ns, kofe\u012bns, pantenols (provitam\u012bns B5), n\u0101trija benzo\u0101ts, citronsk\u0101be, z\u0101\u0123zobain\u0101s palmas aug\u013cu ekstrakts (Serenoa Serrulata), arb\u016bza s\u0113klu e\u013c\u013ca (Citrullus Lanatus Seed Oil), piparm\u0113tru lapu e\u013c\u013ca (Mentha Arvensis), k\u0101lija sorb\u0101ts, tokoferols (E vitam\u012bns), sojas pupi\u0146u e\u013c\u013ca (Glycine Soja Oil), glikoze, sorb\u012bnsk\u0101be, mentols.<\/p>\n","protected":false},"excerpt":{"rendered":"<p>Mitrino\u0161s un atjaunojo\u0161s kofe\u012bnu saturo\u0161s matu kondicionieris, kas padara matus m\u012bkstus, stiprus un sp\u012bd\u012bgus. Satur kofe\u012bnu, niacinam\u012bdu un za\u013c\u0101s t\u0113jas ekstraktu. <\/p>\n","protected":false},"featured_media":354470,"comment_status":"open","ping_status":"closed","template":"","meta":{"_acf_changed":false},"product_brand":[],"product_cat":[3296,3067,2533],"product_tag":[5261,7397,7390,7399,4247,4197,7394,7396,7392,7398,4212,2580,4216,7391,4213,2945,4215,7393,7395,7389],"class_list":{"0":"post-354465","1":"product","2":"type-product","3":"status-publish","4":"has-post-thumbnail","6":"product_cat-ada-mati-nagi","7":"product_cat-ipasie-piedavajumi","8":"product_cat-kosmetika","9":"product_tag-atjaunojosa-aprupe","10":"product_tag-bojati-mati","11":"product_tag-dabiga-kosmetika","12":"product_tag-dabigs-matu-kondicionieris","13":"product_tag-galvas-adas-kopsana","14":"product_tag-ikdienas-apkope","15":"product_tag-kofeina-kondicionieris","16":"product_tag-kofeina-matu-kopsanas-lidzeklis","17":"product_tag-kofeins","18":"product_tag-kondicionieris-sausiem-matiem","19":"product_tag-matu-kondicionieris","20":"product_tag-matu-kopsana","21":"product_tag-matu-stiprinasana","22":"product_tag-matu-vitalitate","23":"product_tag-mitrinoss-balzams","24":"product_tag-niacinamids","25":"product_tag-pantenols","26":"product_tag-rudens-kopsana","27":"product_tag-vegans-kondicionieris","28":"product_tag-zalas-tejas-ekstrakts","30":"first","31":"instock","32":"sale","33":"taxable","34":"shipping-taxable","35":"purchasable","36":"product-type-simple"},"acf":[],"yoast_head":"<!-- This site is optimized with the Yoast SEO plugin v27.1.1 - https:\/\/yoast.com\/product\/yoast-seo-wordpress\/ -->\n<title>Kofe\u012bna matu kondicionieris 200 ml - Puhdas+<\/title>\n<meta name=\"description\" content=\"Pure+ kofe\u012bna matu kondicionieris atjauno un mitrina matus, pie\u0161\u0137irot tiem maigumu un vitalit\u0101ti. Stiprina matus ar kofe\u012bnu un za\u013c\u0101s t\u0113jas ekstraktu.\" \/>\n<meta name=\"robots\" content=\"noindex, follow, max-snippet:-1, max-image-preview:large, max-video-preview:-1\" \/>\n<meta property=\"og:locale\" content=\"lv_LV\" \/>\n<meta property=\"og:type\" content=\"article\" \/>\n<meta property=\"og:title\" content=\"Kofe\u012bna matu kondicionieris 200 ml - Puhdas+\" \/>\n<meta property=\"og:description\" content=\"Pure+ kofe\u012bna matu kondicionieris atjauno un mitrina matus, pie\u0161\u0137irot tiem maigumu un vitalit\u0101ti. Stiprina matus ar kofe\u012bnu un za\u013c\u0101s t\u0113jas ekstraktu.\" \/>\n<meta property=\"og:url\" content=\"https:\/\/test.puhdasplus.ee\/lv\/tooted\/kosmetika\/kofeina-matu-kondicionieris-200-ml\/\" \/>\n<meta property=\"og:site_name\" content=\"Puhdas+\" \/>\n<meta property=\"article:publisher\" content=\"https:\/\/www.facebook.com\/puhdasplus\" \/>\n<meta property=\"article:modified_time\" content=\"2026-02-22T20:45:19+00:00\" \/>\n<meta property=\"og:image\" content=\"https:\/\/test.puhdasplus.ee\/wp-content\/uploads\/2025\/10\/tooted-ilma-taustata-copy-6-scaled.jpg\" \/>\n\t<meta property=\"og:image:width\" content=\"1862\" \/>\n\t<meta property=\"og:image:height\" content=\"2560\" \/>\n\t<meta property=\"og:image:type\" content=\"image\/jpeg\" \/>\n<meta name=\"twitter:card\" content=\"summary_large_image\" \/>\n<meta name=\"twitter:label1\" content=\"Est. reading time\" \/>\n\t<meta name=\"twitter:data1\" content=\"2 min\u016btes\" \/>\n<script type=\"application\/ld+json\" class=\"yoast-schema-graph\">{\"@context\":\"https:\/\/schema.org\",\"@graph\":[{\"@type\":\"WebPage\",\"@id\":\"https:\/\/test.puhdasplus.ee\/lv\/tooted\/kosmetika\/kofeina-matu-kondicionieris-200-ml\/\",\"url\":\"https:\/\/test.puhdasplus.ee\/lv\/tooted\/kosmetika\/kofeina-matu-kondicionieris-200-ml\/\",\"name\":\"Kofe\u012bna matu kondicionieris 200 ml - Puhdas+\",\"isPartOf\":{\"@id\":\"https:\/\/test.puhdasplus.ee\/lv\/#website\"},\"primaryImageOfPage\":{\"@id\":\"https:\/\/test.puhdasplus.ee\/lv\/tooted\/kosmetika\/kofeina-matu-kondicionieris-200-ml\/#primaryimage\"},\"image\":{\"@id\":\"https:\/\/test.puhdasplus.ee\/lv\/tooted\/kosmetika\/kofeina-matu-kondicionieris-200-ml\/#primaryimage\"},\"thumbnailUrl\":\"https:\/\/test.puhdasplus.ee\/wp-content\/uploads\/2025\/10\/tooted-ilma-taustata-copy-6-scaled.jpg\",\"datePublished\":\"2025-10-05T07:40:23+00:00\",\"dateModified\":\"2026-02-22T20:45:19+00:00\",\"description\":\"Pure+ kofe\u012bna matu kondicionieris atjauno un mitrina matus, pie\u0161\u0137irot tiem maigumu un vitalit\u0101ti. Stiprina matus ar kofe\u012bnu un za\u013c\u0101s t\u0113jas ekstraktu.\",\"breadcrumb\":{\"@id\":\"https:\/\/test.puhdasplus.ee\/lv\/tooted\/kosmetika\/kofeina-matu-kondicionieris-200-ml\/#breadcrumb\"},\"inLanguage\":\"lv-LV\",\"potentialAction\":[{\"@type\":\"ReadAction\",\"target\":[\"https:\/\/test.puhdasplus.ee\/lv\/tooted\/kosmetika\/kofeina-matu-kondicionieris-200-ml\/\"]}]},{\"@type\":\"ImageObject\",\"inLanguage\":\"lv-LV\",\"@id\":\"https:\/\/test.puhdasplus.ee\/lv\/tooted\/kosmetika\/kofeina-matu-kondicionieris-200-ml\/#primaryimage\",\"url\":\"https:\/\/test.puhdasplus.ee\/wp-content\/uploads\/2025\/10\/tooted-ilma-taustata-copy-6-scaled.jpg\",\"contentUrl\":\"https:\/\/test.puhdasplus.ee\/wp-content\/uploads\/2025\/10\/tooted-ilma-taustata-copy-6-scaled.jpg\",\"width\":1862,\"height\":2560,\"caption\":\"Kofe\u012bna matu kondicionieris\"},{\"@type\":\"BreadcrumbList\",\"@id\":\"https:\/\/test.puhdasplus.ee\/lv\/tooted\/kosmetika\/kofeina-matu-kondicionieris-200-ml\/#breadcrumb\",\"itemListElement\":[{\"@type\":\"ListItem\",\"position\":1,\"name\":\"S\u0101kums\",\"item\":\"https:\/\/test.puhdasplus.ee\/lv\/\"},{\"@type\":\"ListItem\",\"position\":2,\"name\":\"Produkti\",\"item\":\"https:\/\/test.puhdasplus.ee\/lv\/veikals\/\"},{\"@type\":\"ListItem\",\"position\":3,\"name\":\"Kofe\u012bna matu kondicionieris 200 ml\"}]},{\"@type\":\"WebSite\",\"@id\":\"https:\/\/test.puhdasplus.ee\/lv\/#website\",\"url\":\"https:\/\/test.puhdasplus.ee\/lv\/\",\"name\":\"Puhdas+\",\"description\":\"Vitamiinid, Toidulisandid, looduskosmeetika, tervis, sport\",\"publisher\":{\"@id\":\"https:\/\/test.puhdasplus.ee\/lv\/#organization\"},\"potentialAction\":[{\"@type\":\"SearchAction\",\"target\":{\"@type\":\"EntryPoint\",\"urlTemplate\":\"https:\/\/test.puhdasplus.ee\/lv\/?s={search_term_string}\"},\"query-input\":{\"@type\":\"PropertyValueSpecification\",\"valueRequired\":true,\"valueName\":\"search_term_string\"}}],\"inLanguage\":\"lv-LV\"},{\"@type\":\"Organization\",\"@id\":\"https:\/\/test.puhdasplus.ee\/lv\/#organization\",\"name\":\"Puhdas+\",\"alternateName\":\"Puhdasplus\",\"url\":\"https:\/\/test.puhdasplus.ee\/lv\/\",\"logo\":{\"@type\":\"ImageObject\",\"inLanguage\":\"lv-LV\",\"@id\":\"https:\/\/test.puhdasplus.ee\/lv\/#\/schema\/logo\/image\/\",\"url\":\"https:\/\/test.puhdasplus.ee\/\/wp-content\/uploads\/2019\/10\/puhdas_logo-arvele.png\",\"contentUrl\":\"https:\/\/test.puhdasplus.ee\/\/wp-content\/uploads\/2019\/10\/puhdas_logo-arvele.png\",\"width\":114,\"height\":94,\"caption\":\"Puhdas+\"},\"image\":{\"@id\":\"https:\/\/test.puhdasplus.ee\/lv\/#\/schema\/logo\/image\/\"},\"sameAs\":[\"https:\/\/www.facebook.com\/puhdasplus\",\"https:\/\/www.instagram.com\/puhdasplus_ee\/\"]}]}<\/script>\n<!-- \/ Yoast SEO plugin. -->","yoast_head_json":{"title":"Kofe\u012bna matu kondicionieris 200 ml - Puhdas+","description":"Pure+ kofe\u012bna matu kondicionieris atjauno un mitrina matus, pie\u0161\u0137irot tiem maigumu un vitalit\u0101ti. Stiprina matus ar kofe\u012bnu un za\u013c\u0101s t\u0113jas ekstraktu.","robots":{"index":"noindex","follow":"follow","max-snippet":"max-snippet:-1","max-image-preview":"max-image-preview:large","max-video-preview":"max-video-preview:-1"},"og_locale":"lv_LV","og_type":"article","og_title":"Kofe\u012bna matu kondicionieris 200 ml - Puhdas+","og_description":"Pure+ kofe\u012bna matu kondicionieris atjauno un mitrina matus, pie\u0161\u0137irot tiem maigumu un vitalit\u0101ti. Stiprina matus ar kofe\u012bnu un za\u013c\u0101s t\u0113jas ekstraktu.","og_url":"https:\/\/test.puhdasplus.ee\/lv\/tooted\/kosmetika\/kofeina-matu-kondicionieris-200-ml\/","og_site_name":"Puhdas+","article_publisher":"https:\/\/www.facebook.com\/puhdasplus","article_modified_time":"2026-02-22T20:45:19+00:00","og_image":[{"width":1862,"height":2560,"url":"https:\/\/test.puhdasplus.ee\/wp-content\/uploads\/2025\/10\/tooted-ilma-taustata-copy-6-scaled.jpg","type":"image\/jpeg"}],"twitter_card":"summary_large_image","twitter_misc":{"Est. reading time":"2 min\u016btes"},"schema":{"@context":"https:\/\/schema.org","@graph":[{"@type":"WebPage","@id":"https:\/\/test.puhdasplus.ee\/lv\/tooted\/kosmetika\/kofeina-matu-kondicionieris-200-ml\/","url":"https:\/\/test.puhdasplus.ee\/lv\/tooted\/kosmetika\/kofeina-matu-kondicionieris-200-ml\/","name":"Kofe\u012bna matu kondicionieris 200 ml - Puhdas+","isPartOf":{"@id":"https:\/\/test.puhdasplus.ee\/lv\/#website"},"primaryImageOfPage":{"@id":"https:\/\/test.puhdasplus.ee\/lv\/tooted\/kosmetika\/kofeina-matu-kondicionieris-200-ml\/#primaryimage"},"image":{"@id":"https:\/\/test.puhdasplus.ee\/lv\/tooted\/kosmetika\/kofeina-matu-kondicionieris-200-ml\/#primaryimage"},"thumbnailUrl":"https:\/\/test.puhdasplus.ee\/wp-content\/uploads\/2025\/10\/tooted-ilma-taustata-copy-6-scaled.jpg","datePublished":"2025-10-05T07:40:23+00:00","dateModified":"2026-02-22T20:45:19+00:00","description":"Pure+ kofe\u012bna matu kondicionieris atjauno un mitrina matus, pie\u0161\u0137irot tiem maigumu un vitalit\u0101ti. Stiprina matus ar kofe\u012bnu un za\u013c\u0101s t\u0113jas ekstraktu.","breadcrumb":{"@id":"https:\/\/test.puhdasplus.ee\/lv\/tooted\/kosmetika\/kofeina-matu-kondicionieris-200-ml\/#breadcrumb"},"inLanguage":"lv-LV","potentialAction":[{"@type":"ReadAction","target":["https:\/\/test.puhdasplus.ee\/lv\/tooted\/kosmetika\/kofeina-matu-kondicionieris-200-ml\/"]}]},{"@type":"ImageObject","inLanguage":"lv-LV","@id":"https:\/\/test.puhdasplus.ee\/lv\/tooted\/kosmetika\/kofeina-matu-kondicionieris-200-ml\/#primaryimage","url":"https:\/\/test.puhdasplus.ee\/wp-content\/uploads\/2025\/10\/tooted-ilma-taustata-copy-6-scaled.jpg","contentUrl":"https:\/\/test.puhdasplus.ee\/wp-content\/uploads\/2025\/10\/tooted-ilma-taustata-copy-6-scaled.jpg","width":1862,"height":2560,"caption":"Kofe\u012bna matu kondicionieris"},{"@type":"BreadcrumbList","@id":"https:\/\/test.puhdasplus.ee\/lv\/tooted\/kosmetika\/kofeina-matu-kondicionieris-200-ml\/#breadcrumb","itemListElement":[{"@type":"ListItem","position":1,"name":"S\u0101kums","item":"https:\/\/test.puhdasplus.ee\/lv\/"},{"@type":"ListItem","position":2,"name":"Produkti","item":"https:\/\/test.puhdasplus.ee\/lv\/veikals\/"},{"@type":"ListItem","position":3,"name":"Kofe\u012bna matu kondicionieris 200 ml"}]},{"@type":"WebSite","@id":"https:\/\/test.puhdasplus.ee\/lv\/#website","url":"https:\/\/test.puhdasplus.ee\/lv\/","name":"Puhdas+","description":"Vitamiinid, Toidulisandid, looduskosmeetika, tervis, sport","publisher":{"@id":"https:\/\/test.puhdasplus.ee\/lv\/#organization"},"potentialAction":[{"@type":"SearchAction","target":{"@type":"EntryPoint","urlTemplate":"https:\/\/test.puhdasplus.ee\/lv\/?s={search_term_string}"},"query-input":{"@type":"PropertyValueSpecification","valueRequired":true,"valueName":"search_term_string"}}],"inLanguage":"lv-LV"},{"@type":"Organization","@id":"https:\/\/test.puhdasplus.ee\/lv\/#organization","name":"Puhdas+","alternateName":"Puhdasplus","url":"https:\/\/test.puhdasplus.ee\/lv\/","logo":{"@type":"ImageObject","inLanguage":"lv-LV","@id":"https:\/\/test.puhdasplus.ee\/lv\/#\/schema\/logo\/image\/","url":"https:\/\/test.puhdasplus.ee\/\/wp-content\/uploads\/2019\/10\/puhdas_logo-arvele.png","contentUrl":"https:\/\/test.puhdasplus.ee\/\/wp-content\/uploads\/2019\/10\/puhdas_logo-arvele.png","width":114,"height":94,"caption":"Puhdas+"},"image":{"@id":"https:\/\/test.puhdasplus.ee\/lv\/#\/schema\/logo\/image\/"},"sameAs":["https:\/\/www.facebook.com\/puhdasplus","https:\/\/www.instagram.com\/puhdasplus_ee\/"]}]}},"_links":{"self":[{"href":"https:\/\/test.puhdasplus.ee\/lv\/wp-json\/wp\/v2\/product\/354465","targetHints":{"allow":["GET"]}}],"collection":[{"href":"https:\/\/test.puhdasplus.ee\/lv\/wp-json\/wp\/v2\/product"}],"about":[{"href":"https:\/\/test.puhdasplus.ee\/lv\/wp-json\/wp\/v2\/types\/product"}],"replies":[{"embeddable":true,"href":"https:\/\/test.puhdasplus.ee\/lv\/wp-json\/wp\/v2\/comments?post=354465"}],"wp:featuredmedia":[{"embeddable":true,"href":"https:\/\/test.puhdasplus.ee\/lv\/wp-json\/wp\/v2\/media\/354470"}],"wp:attachment":[{"href":"https:\/\/test.puhdasplus.ee\/lv\/wp-json\/wp\/v2\/media?parent=354465"}],"wp:term":[{"taxonomy":"product_brand","embeddable":true,"href":"https:\/\/test.puhdasplus.ee\/lv\/wp-json\/wp\/v2\/product_brand?post=354465"},{"taxonomy":"product_cat","embeddable":true,"href":"https:\/\/test.puhdasplus.ee\/lv\/wp-json\/wp\/v2\/product_cat?post=354465"},{"taxonomy":"product_tag","embeddable":true,"href":"https:\/\/test.puhdasplus.ee\/lv\/wp-json\/wp\/v2\/product_tag?post=354465"}],"curies":[{"name":"wp","href":"https:\/\/api.w.org\/{rel}","templated":true}]}}