{"id":354122,"date":"2025-09-16T13:44:54","date_gmt":"2025-09-16T10:44:54","guid":{"rendered":"https:\/\/test.puhdasplus.ee\/\/tooted\/uncategorized\/laba-redze-ar-luteinu-zeaksantinu-un-omega-3-75-kapsulas\/"},"modified":"2026-02-22T22:45:37","modified_gmt":"2026-02-22T20:45:37","slug":"laba-redze-ar-luteinu-zeaksantinu-un-omega-3-75-kapsulas","status":"publish","type":"product","link":"https:\/\/test.puhdasplus.ee\/lv\/tooted\/acim\/laba-redze-ar-luteinu-zeaksantinu-un-omega-3-75-kapsulas\/","title":{"rendered":"Laba redze ar lute\u012bnu, zeaksant\u012bnu un omega-3 75 kapsulas"},"content":{"rendered":"<p><strong data-start=\"183\" data-end=\"201\">\u201cGood Vision\u201d<\/strong> ir uztura bag\u0101tin\u0101t\u0101js, kas \u012bpa\u0161i izstr\u0101d\u0101ts acu vesel\u012bbas atbalstam, un satur lute\u012bnu, zeaksant\u012bnu, omega-3 tauksk\u0101bes (DHA un EPA), cinku, A un B2 vitam\u012bnus. \u0160\u012bs uzturvielas pal\u012bdz aizsarg\u0101t acis no oksidat\u012bv\u0101 stresa un atbalsta norm\u0101lu redzi. <\/p>\n<h3 data-start=\"539\" data-end=\"572\">Akt\u012bv\u0101s sast\u0101vda\u013cas un to priek\u0161roc\u012bbas<\/h3>\n<ul data-start=\"573\" data-end=\"1092\">\n<li data-start=\"573\" data-end=\"733\">\n<p data-start=\"575\" data-end=\"733\"><strong data-start=\"575\" data-end=\"620\">Lute\u012bns un zeaksant\u012bns (XanMax\u00ae ekstrakts)<\/strong> \u2013 dabiski karotino\u012bdi, kas uzkr\u0101jas t\u012bklenes makul\u0101 un atbalsta asu redzi.<\/p>\n<\/li>\n<li data-start=\"734\" data-end=\"835\">\n<p data-start=\"736\" data-end=\"835\"><strong data-start=\"736\" data-end=\"761\">DHA un EPA (omega-3)<\/strong> \u2013 veicina norm\u0101lu acu un nervu sist\u0113mas darb\u012bbu.<\/p>\n<\/li>\n<li data-start=\"836\" data-end=\"907\">\n<p data-start=\"838\" data-end=\"907\"><strong data-start=\"838\" data-end=\"847\">Cinks<\/strong> \u2013 veicina norm\u0101lu redzi un A vitam\u012bna metabolismu.<\/p>\n<\/li>\n<li data-start=\"908\" data-end=\"977\">\n<p data-start=\"910\" data-end=\"977\"><strong data-start=\"910\" data-end=\"924\">A vitam\u012bns<\/strong> \u2013 nepiecie\u0161ams norm\u0101lai acu darb\u012bbai.<\/p>\n<\/li>\n<li data-start=\"978\" data-end=\"1092\">\n<p data-start=\"980\" data-end=\"1092\"><strong data-start=\"980\" data-end=\"1009\">B2 vitam\u012bns (riboflav\u012bns)<\/strong> \u2013 pal\u012bdz uztur\u0113t g\u013cot\u0101das vesel\u012bbu un aizsarg\u0101 \u0161\u016bnas no oksidat\u012bv\u0101 stresa.<\/p>\n<\/li>\n<\/ul>\n<p data-start=\"499\" data-end=\"516\"><strong data-start=\"499\" data-end=\"514\">Sast\u0101vda\u013cas<\/strong><\/p>\n<ul data-start=\"517\" data-end=\"869\">\n<li data-start=\"517\" data-end=\"557\">\n<p data-start=\"519\" data-end=\"557\">zivju e\u013c\u013cas koncentr\u0101ts (triglicer\u012bds)<\/p>\n<\/li>\n<li data-start=\"558\" data-end=\"581\">\n<p data-start=\"560\" data-end=\"581\">zivju smiltis (\u017eelat\u012bns)<\/p>\n<\/li>\n<li data-start=\"582\" data-end=\"607\">\n<p data-start=\"584\" data-end=\"607\">mitrin\u0101t\u0101js: glicer\u012bns<\/p>\n<\/li>\n<li data-start=\"608\" data-end=\"634\">\n<p data-start=\"610\" data-end=\"634\">p\u0101rkl\u0101jums: bi\u0161u vasks<\/p>\n<\/li>\n<li data-start=\"635\" data-end=\"715\">\n<p data-start=\"637\" data-end=\"715\">XanMax 2004 (kli\u0146\u0123er\u012b\u0161u ziedu ekstrakts \u2013 <em data-start=\"678\" data-end=\"697\">Tagetes erecta L.<\/em> , saulespu\u0137u e\u013c\u013ca)<\/p>\n<\/li>\n<li data-start=\"716\" data-end=\"735\">\n<p data-start=\"718\" data-end=\"735\">cinka pikolin\u0101ts<\/p>\n<\/li>\n<li data-start=\"736\" data-end=\"771\">\n<p data-start=\"738\" data-end=\"771\">emulgators: saulespu\u0137u lecit\u012bns<\/p>\n<\/li>\n<li data-start=\"772\" data-end=\"799\">\n<p data-start=\"774\" data-end=\"799\">kr\u0101sviela: beta-karot\u012bns<\/p>\n<\/li>\n<li data-start=\"800\" data-end=\"839\">\n<p data-start=\"802\" data-end=\"839\">retinilpalmit\u0101ts (A vitam\u012bna veids)<\/p>\n<\/li>\n<li data-start=\"840\" data-end=\"869\">\n<p data-start=\"842\" data-end=\"869\">riboflav\u012bns (B2 vitam\u012bns)<\/p>\n<\/li>\n<\/ul>\n<p data-start=\"871\" data-end=\"891\"><strong data-start=\"871\" data-end=\"889\">Produkta funkcijas<\/strong><\/p>\n<ul data-start=\"892\" data-end=\"1019\">\n<li data-start=\"892\" data-end=\"959\">\n<p data-start=\"894\" data-end=\"959\">Nesatur laktozi, cukurus, s\u0101li, soju, glut\u0113nu vai raugu<\/p>\n<\/li>\n<li data-start=\"960\" data-end=\"982\">\n<p data-start=\"962\" data-end=\"982\">Bez saldin\u0101t\u0101jiem<\/p>\n<\/li>\n<li data-start=\"983\" data-end=\"1019\">\n<p data-start=\"985\" data-end=\"1019\">Produkts ir paredz\u0113ts pieaugu\u0161ajiem.<\/p>\n<\/li>\n<\/ul>\n<p data-start=\"1021\" data-end=\"1062\"><strong data-start=\"1021\" data-end=\"1060\">Uzturv\u0113rt\u012bbas inform\u0101cija uz vienu kapsulu<\/strong><\/p>\n<div class=\"_tableContainer_1rjym_1\">\n<div class=\"group _tableWrapper_1rjym_13 flex w-fit flex-col-reverse\" tabindex=\"-1\">\n<table class=\"w-fit min-w-(--thread-content-width)\" data-start=\"1063\" data-end=\"1360\">\n<thead data-start=\"1063\" data-end=\"1084\">\n<tr data-start=\"1063\" data-end=\"1084\">\n<th data-start=\"1063\" data-end=\"1075\" data-col-size=\"sm\">Komponents<\/th>\n<th data-start=\"1075\" data-end=\"1084\" data-col-size=\"md\">Daudzums<\/th>\n<\/tr>\n<\/thead>\n<tbody data-start=\"1118\" data-end=\"1360\">\n<tr data-start=\"1118\" data-end=\"1140\">\n<td data-start=\"1118\" data-end=\"1132\" data-col-size=\"sm\">Zeaksant\u012bns<\/td>\n<td data-start=\"1132\" data-end=\"1140\" data-col-size=\"md\">2 mg<\/td>\n<\/tr>\n<tr data-start=\"1141\" data-end=\"1160\">\n<td data-start=\"1141\" data-end=\"1151\" data-col-size=\"sm\">Lute\u012bns<\/td>\n<td data-col-size=\"md\" data-start=\"1151\" data-end=\"1160\">10 mg<\/td>\n<\/tr>\n<tr data-start=\"1161\" data-end=\"1220\">\n<td data-start=\"1161\" data-end=\"1169\" data-col-size=\"sm\">Cinks<\/td>\n<td data-start=\"1169\" data-end=\"1220\" data-col-size=\"md\">10 mg (100% no ieteicam\u0101s dienas devas)<\/td>\n<\/tr>\n<tr data-start=\"1221\" data-end=\"1252\">\n<td data-start=\"1221\" data-end=\"1234\" data-col-size=\"sm\">A vitam\u012bns<\/td>\n<td data-col-size=\"md\" data-start=\"1234\" data-end=\"1252\">800 \u00b5g (100%)<\/td>\n<\/tr>\n<tr data-start=\"1253\" data-end=\"1285\">\n<td data-start=\"1253\" data-end=\"1267\" data-col-size=\"sm\">B2 vitam\u012bns<\/td>\n<td data-start=\"1267\" data-end=\"1285\" data-col-size=\"md\">1,4 mg (100%)<\/td>\n<\/tr>\n<tr data-start=\"1286\" data-end=\"1360\">\n<td data-start=\"1286\" data-end=\"1307\" data-col-size=\"sm\">Omega-3 tauksk\u0101bes<\/td>\n<td data-start=\"1307\" data-end=\"1360\" data-col-size=\"md\">kop\u0101 670 mg, ieskaitot DHA 500 mg un EPA 100 mg<\/td>\n<\/tr>\n<\/tbody>\n<\/table>\n<\/div>\n<\/div>\n<h3 data-start=\"1094\" data-end=\"1110\">Lietojums<\/h3>\n<ul data-start=\"1111\" data-end=\"1307\">\n<li data-start=\"1111\" data-end=\"1170\">\n<p data-start=\"1113\" data-end=\"1170\">Pieaugu\u0161ajiem: <strong data-start=\"1130\" data-end=\"1149\">1 kapsula dien\u0101,<\/strong> uzdzerot gl\u0101zi \u016bdens.<\/p>\n<\/li>\n<li data-start=\"1171\" data-end=\"1214\">\n<p data-start=\"1173\" data-end=\"1214\">Nep\u0101rsniedziet ieteicamo dienas devu.<\/p>\n<\/li>\n<li data-start=\"1215\" data-end=\"1307\">\n<p data-start=\"1217\" data-end=\"1307\">Uztura bag\u0101tin\u0101t\u0101js neaizst\u0101j daudzveid\u012bgu un sabalans\u0113tu uzturu vai vesel\u012bgu dz\u012bvesveidu.<\/p>\n<\/li>\n<\/ul>\n<h3 data-start=\"1589\" data-end=\"1625\">Piem\u0113rots lieto\u0161anai, ja v\u0113laties:<\/h3>\n<ul data-start=\"1626\" data-end=\"1778\">\n<li data-start=\"1626\" data-end=\"1672\">\n<p data-start=\"1628\" data-end=\"1672\">atbalst\u012bt acu vesel\u012bbu un redzes asumu<\/p>\n<\/li>\n<li data-start=\"1673\" data-end=\"1728\">\n<p data-start=\"1675\" data-end=\"1728\">nodro\u0161ina acu aizsardz\u012bbu pret oksidat\u012bvo stresu<\/p>\n<\/li>\n<li data-start=\"1729\" data-end=\"1778\">\n<p data-start=\"1731\" data-end=\"1778\">nov\u0113rst ar vecumu saist\u012btu redzes zudumu<\/p>\n<\/li>\n<\/ul>\n<p>Iepakojum\u0101 ir <strong data-start=\"483\" data-end=\"517\">60 kapsulas + 15 bezmaksas kapsulas<\/strong> \u2013 kop\u0101 75 kapsulas.<\/p>\n","protected":false},"excerpt":{"rendered":"<p><strong data-start=\"328\" data-end=\"360\">Good Vision 60+15 kapsulas<\/strong> \u2013 uztura bag\u0101tin\u0101t\u0101js, kas atbalsta acu vesel\u012bbu ar lute\u012bnu, zeaksant\u012bnu, omega-3, cinku, A un B2 vitam\u012bniem. Pal\u012bdz uztur\u0113t norm\u0101lu redzi un aizsarg\u0101 acis no oksidat\u012bv\u0101 stresa. <\/p>\n","protected":false},"featured_media":353905,"comment_status":"open","ping_status":"closed","template":"","meta":{"_acf_changed":false},"product_brand":[],"product_cat":[4584],"product_tag":[4586,7155,7150,6501,7157,7154,4059,7152,7153,4588,3966,7151,7156,4587],"class_list":{"0":"post-354122","1":"product","2":"type-product","3":"status-publish","4":"has-post-thumbnail","6":"product_cat-acim","7":"product_tag-a-vitamins-lv","8":"product_tag-acu-uztura-bagatinatajs","9":"product_tag-acu-veseliba","10":"product_tag-antioksidanti","11":"product_tag-ar-vecumu-saistits-acu-atbalsts","12":"product_tag-b2-vitamins","13":"product_tag-cinks","14":"product_tag-dha","15":"product_tag-epa","16":"product_tag-luteins","17":"product_tag-omega-3-lv","18":"product_tag-redzes-atbalsts","19":"product_tag-redzes-uzlabosana","20":"product_tag-zeaksantins","22":"first","23":"onbackorder","24":"taxable","25":"shipping-taxable","26":"purchasable","27":"product-type-simple"},"acf":[],"yoast_head":"<!-- This site is optimized with the Yoast SEO plugin v27.1.1 - https:\/\/yoast.com\/product\/yoast-seo-wordpress\/ -->\n<title>Laba redze ar lute\u012bnu, zeaksant\u012bnu un omega-3 75 kapsulas - Puhdas+<\/title>\n<meta name=\"description\" content=\"Good Vision 60+15 kapsulas \u2013 uztura bag\u0101tin\u0101t\u0101js acu vesel\u012bbas atbalstam. Satur lute\u012bnu, zeaksant\u012bnu, omega-3 tauksk\u0101bes, cinku, A un B2 vitam\u012bnus.\" \/>\n<meta name=\"robots\" content=\"noindex, follow, max-snippet:-1, max-image-preview:large, max-video-preview:-1\" \/>\n<meta property=\"og:locale\" content=\"lv_LV\" \/>\n<meta property=\"og:type\" content=\"article\" \/>\n<meta property=\"og:title\" content=\"Laba redze ar lute\u012bnu, zeaksant\u012bnu un omega-3 75 kapsulas - Puhdas+\" \/>\n<meta property=\"og:description\" content=\"Good Vision 60+15 kapsulas \u2013 uztura bag\u0101tin\u0101t\u0101js acu vesel\u012bbas atbalstam. Satur lute\u012bnu, zeaksant\u012bnu, omega-3 tauksk\u0101bes, cinku, A un B2 vitam\u012bnus.\" \/>\n<meta property=\"og:url\" content=\"https:\/\/test.puhdasplus.ee\/lv\/tooted\/acim\/laba-redze-ar-luteinu-zeaksantinu-un-omega-3-75-kapsulas\/\" \/>\n<meta property=\"og:site_name\" content=\"Puhdas+\" \/>\n<meta property=\"article:publisher\" content=\"https:\/\/www.facebook.com\/puhdasplus\" \/>\n<meta property=\"article:modified_time\" content=\"2026-02-22T20:45:37+00:00\" \/>\n<meta property=\"og:image\" content=\"https:\/\/test.puhdasplus.ee\/wp-content\/uploads\/2025\/09\/tooted-ilma-taustata-copy-5-scaled.jpg\" \/>\n\t<meta property=\"og:image:width\" content=\"1862\" \/>\n\t<meta property=\"og:image:height\" content=\"2560\" \/>\n\t<meta property=\"og:image:type\" content=\"image\/jpeg\" \/>\n<meta name=\"twitter:card\" content=\"summary_large_image\" \/>\n<meta name=\"twitter:label1\" content=\"Est. reading time\" \/>\n\t<meta name=\"twitter:data1\" content=\"2 min\u016btes\" \/>\n<script type=\"application\/ld+json\" class=\"yoast-schema-graph\">{\"@context\":\"https:\/\/schema.org\",\"@graph\":[{\"@type\":\"WebPage\",\"@id\":\"https:\/\/test.puhdasplus.ee\/lv\/tooted\/acim\/laba-redze-ar-luteinu-zeaksantinu-un-omega-3-75-kapsulas\/\",\"url\":\"https:\/\/test.puhdasplus.ee\/lv\/tooted\/acim\/laba-redze-ar-luteinu-zeaksantinu-un-omega-3-75-kapsulas\/\",\"name\":\"Laba redze ar lute\u012bnu, zeaksant\u012bnu un omega-3 75 kapsulas - Puhdas+\",\"isPartOf\":{\"@id\":\"https:\/\/test.puhdasplus.ee\/lv\/#website\"},\"primaryImageOfPage\":{\"@id\":\"https:\/\/test.puhdasplus.ee\/lv\/tooted\/acim\/laba-redze-ar-luteinu-zeaksantinu-un-omega-3-75-kapsulas\/#primaryimage\"},\"image\":{\"@id\":\"https:\/\/test.puhdasplus.ee\/lv\/tooted\/acim\/laba-redze-ar-luteinu-zeaksantinu-un-omega-3-75-kapsulas\/#primaryimage\"},\"thumbnailUrl\":\"https:\/\/test.puhdasplus.ee\/wp-content\/uploads\/2025\/09\/tooted-ilma-taustata-copy-5-scaled.jpg\",\"datePublished\":\"2025-09-16T10:44:54+00:00\",\"dateModified\":\"2026-02-22T20:45:37+00:00\",\"description\":\"Good Vision 60+15 kapsulas \u2013 uztura bag\u0101tin\u0101t\u0101js acu vesel\u012bbas atbalstam. Satur lute\u012bnu, zeaksant\u012bnu, omega-3 tauksk\u0101bes, cinku, A un B2 vitam\u012bnus.\",\"breadcrumb\":{\"@id\":\"https:\/\/test.puhdasplus.ee\/lv\/tooted\/acim\/laba-redze-ar-luteinu-zeaksantinu-un-omega-3-75-kapsulas\/#breadcrumb\"},\"inLanguage\":\"lv-LV\",\"potentialAction\":[{\"@type\":\"ReadAction\",\"target\":[\"https:\/\/test.puhdasplus.ee\/lv\/tooted\/acim\/laba-redze-ar-luteinu-zeaksantinu-un-omega-3-75-kapsulas\/\"]}]},{\"@type\":\"ImageObject\",\"inLanguage\":\"lv-LV\",\"@id\":\"https:\/\/test.puhdasplus.ee\/lv\/tooted\/acim\/laba-redze-ar-luteinu-zeaksantinu-un-omega-3-75-kapsulas\/#primaryimage\",\"url\":\"https:\/\/test.puhdasplus.ee\/wp-content\/uploads\/2025\/09\/tooted-ilma-taustata-copy-5-scaled.jpg\",\"contentUrl\":\"https:\/\/test.puhdasplus.ee\/wp-content\/uploads\/2025\/09\/tooted-ilma-taustata-copy-5-scaled.jpg\",\"width\":1862,\"height\":2560,\"caption\":\"Laba redze ar lute\u012bnu, zeaksant\u012bnu un omega-3 75 kapsulas\"},{\"@type\":\"BreadcrumbList\",\"@id\":\"https:\/\/test.puhdasplus.ee\/lv\/tooted\/acim\/laba-redze-ar-luteinu-zeaksantinu-un-omega-3-75-kapsulas\/#breadcrumb\",\"itemListElement\":[{\"@type\":\"ListItem\",\"position\":1,\"name\":\"S\u0101kums\",\"item\":\"https:\/\/test.puhdasplus.ee\/lv\/\"},{\"@type\":\"ListItem\",\"position\":2,\"name\":\"Produkti\",\"item\":\"https:\/\/test.puhdasplus.ee\/lv\/veikals\/\"},{\"@type\":\"ListItem\",\"position\":3,\"name\":\"Laba redze ar lute\u012bnu, zeaksant\u012bnu un omega-3 75 kapsulas\"}]},{\"@type\":\"WebSite\",\"@id\":\"https:\/\/test.puhdasplus.ee\/lv\/#website\",\"url\":\"https:\/\/test.puhdasplus.ee\/lv\/\",\"name\":\"Puhdas+\",\"description\":\"Vitamiinid, Toidulisandid, looduskosmeetika, tervis, sport\",\"publisher\":{\"@id\":\"https:\/\/test.puhdasplus.ee\/lv\/#organization\"},\"potentialAction\":[{\"@type\":\"SearchAction\",\"target\":{\"@type\":\"EntryPoint\",\"urlTemplate\":\"https:\/\/test.puhdasplus.ee\/lv\/?s={search_term_string}\"},\"query-input\":{\"@type\":\"PropertyValueSpecification\",\"valueRequired\":true,\"valueName\":\"search_term_string\"}}],\"inLanguage\":\"lv-LV\"},{\"@type\":\"Organization\",\"@id\":\"https:\/\/test.puhdasplus.ee\/lv\/#organization\",\"name\":\"Puhdas+\",\"alternateName\":\"Puhdasplus\",\"url\":\"https:\/\/test.puhdasplus.ee\/lv\/\",\"logo\":{\"@type\":\"ImageObject\",\"inLanguage\":\"lv-LV\",\"@id\":\"https:\/\/test.puhdasplus.ee\/lv\/#\/schema\/logo\/image\/\",\"url\":\"https:\/\/test.puhdasplus.ee\/\/wp-content\/uploads\/2019\/10\/puhdas_logo-arvele.png\",\"contentUrl\":\"https:\/\/test.puhdasplus.ee\/\/wp-content\/uploads\/2019\/10\/puhdas_logo-arvele.png\",\"width\":114,\"height\":94,\"caption\":\"Puhdas+\"},\"image\":{\"@id\":\"https:\/\/test.puhdasplus.ee\/lv\/#\/schema\/logo\/image\/\"},\"sameAs\":[\"https:\/\/www.facebook.com\/puhdasplus\",\"https:\/\/www.instagram.com\/puhdasplus_ee\/\"]}]}<\/script>\n<!-- \/ Yoast SEO plugin. -->","yoast_head_json":{"title":"Laba redze ar lute\u012bnu, zeaksant\u012bnu un omega-3 75 kapsulas - Puhdas+","description":"Good Vision 60+15 kapsulas \u2013 uztura bag\u0101tin\u0101t\u0101js acu vesel\u012bbas atbalstam. Satur lute\u012bnu, zeaksant\u012bnu, omega-3 tauksk\u0101bes, cinku, A un B2 vitam\u012bnus.","robots":{"index":"noindex","follow":"follow","max-snippet":"max-snippet:-1","max-image-preview":"max-image-preview:large","max-video-preview":"max-video-preview:-1"},"og_locale":"lv_LV","og_type":"article","og_title":"Laba redze ar lute\u012bnu, zeaksant\u012bnu un omega-3 75 kapsulas - Puhdas+","og_description":"Good Vision 60+15 kapsulas \u2013 uztura bag\u0101tin\u0101t\u0101js acu vesel\u012bbas atbalstam. Satur lute\u012bnu, zeaksant\u012bnu, omega-3 tauksk\u0101bes, cinku, A un B2 vitam\u012bnus.","og_url":"https:\/\/test.puhdasplus.ee\/lv\/tooted\/acim\/laba-redze-ar-luteinu-zeaksantinu-un-omega-3-75-kapsulas\/","og_site_name":"Puhdas+","article_publisher":"https:\/\/www.facebook.com\/puhdasplus","article_modified_time":"2026-02-22T20:45:37+00:00","og_image":[{"width":1862,"height":2560,"url":"https:\/\/test.puhdasplus.ee\/wp-content\/uploads\/2025\/09\/tooted-ilma-taustata-copy-5-scaled.jpg","type":"image\/jpeg"}],"twitter_card":"summary_large_image","twitter_misc":{"Est. reading time":"2 min\u016btes"},"schema":{"@context":"https:\/\/schema.org","@graph":[{"@type":"WebPage","@id":"https:\/\/test.puhdasplus.ee\/lv\/tooted\/acim\/laba-redze-ar-luteinu-zeaksantinu-un-omega-3-75-kapsulas\/","url":"https:\/\/test.puhdasplus.ee\/lv\/tooted\/acim\/laba-redze-ar-luteinu-zeaksantinu-un-omega-3-75-kapsulas\/","name":"Laba redze ar lute\u012bnu, zeaksant\u012bnu un omega-3 75 kapsulas - Puhdas+","isPartOf":{"@id":"https:\/\/test.puhdasplus.ee\/lv\/#website"},"primaryImageOfPage":{"@id":"https:\/\/test.puhdasplus.ee\/lv\/tooted\/acim\/laba-redze-ar-luteinu-zeaksantinu-un-omega-3-75-kapsulas\/#primaryimage"},"image":{"@id":"https:\/\/test.puhdasplus.ee\/lv\/tooted\/acim\/laba-redze-ar-luteinu-zeaksantinu-un-omega-3-75-kapsulas\/#primaryimage"},"thumbnailUrl":"https:\/\/test.puhdasplus.ee\/wp-content\/uploads\/2025\/09\/tooted-ilma-taustata-copy-5-scaled.jpg","datePublished":"2025-09-16T10:44:54+00:00","dateModified":"2026-02-22T20:45:37+00:00","description":"Good Vision 60+15 kapsulas \u2013 uztura bag\u0101tin\u0101t\u0101js acu vesel\u012bbas atbalstam. Satur lute\u012bnu, zeaksant\u012bnu, omega-3 tauksk\u0101bes, cinku, A un B2 vitam\u012bnus.","breadcrumb":{"@id":"https:\/\/test.puhdasplus.ee\/lv\/tooted\/acim\/laba-redze-ar-luteinu-zeaksantinu-un-omega-3-75-kapsulas\/#breadcrumb"},"inLanguage":"lv-LV","potentialAction":[{"@type":"ReadAction","target":["https:\/\/test.puhdasplus.ee\/lv\/tooted\/acim\/laba-redze-ar-luteinu-zeaksantinu-un-omega-3-75-kapsulas\/"]}]},{"@type":"ImageObject","inLanguage":"lv-LV","@id":"https:\/\/test.puhdasplus.ee\/lv\/tooted\/acim\/laba-redze-ar-luteinu-zeaksantinu-un-omega-3-75-kapsulas\/#primaryimage","url":"https:\/\/test.puhdasplus.ee\/wp-content\/uploads\/2025\/09\/tooted-ilma-taustata-copy-5-scaled.jpg","contentUrl":"https:\/\/test.puhdasplus.ee\/wp-content\/uploads\/2025\/09\/tooted-ilma-taustata-copy-5-scaled.jpg","width":1862,"height":2560,"caption":"Laba redze ar lute\u012bnu, zeaksant\u012bnu un omega-3 75 kapsulas"},{"@type":"BreadcrumbList","@id":"https:\/\/test.puhdasplus.ee\/lv\/tooted\/acim\/laba-redze-ar-luteinu-zeaksantinu-un-omega-3-75-kapsulas\/#breadcrumb","itemListElement":[{"@type":"ListItem","position":1,"name":"S\u0101kums","item":"https:\/\/test.puhdasplus.ee\/lv\/"},{"@type":"ListItem","position":2,"name":"Produkti","item":"https:\/\/test.puhdasplus.ee\/lv\/veikals\/"},{"@type":"ListItem","position":3,"name":"Laba redze ar lute\u012bnu, zeaksant\u012bnu un omega-3 75 kapsulas"}]},{"@type":"WebSite","@id":"https:\/\/test.puhdasplus.ee\/lv\/#website","url":"https:\/\/test.puhdasplus.ee\/lv\/","name":"Puhdas+","description":"Vitamiinid, Toidulisandid, looduskosmeetika, tervis, sport","publisher":{"@id":"https:\/\/test.puhdasplus.ee\/lv\/#organization"},"potentialAction":[{"@type":"SearchAction","target":{"@type":"EntryPoint","urlTemplate":"https:\/\/test.puhdasplus.ee\/lv\/?s={search_term_string}"},"query-input":{"@type":"PropertyValueSpecification","valueRequired":true,"valueName":"search_term_string"}}],"inLanguage":"lv-LV"},{"@type":"Organization","@id":"https:\/\/test.puhdasplus.ee\/lv\/#organization","name":"Puhdas+","alternateName":"Puhdasplus","url":"https:\/\/test.puhdasplus.ee\/lv\/","logo":{"@type":"ImageObject","inLanguage":"lv-LV","@id":"https:\/\/test.puhdasplus.ee\/lv\/#\/schema\/logo\/image\/","url":"https:\/\/test.puhdasplus.ee\/\/wp-content\/uploads\/2019\/10\/puhdas_logo-arvele.png","contentUrl":"https:\/\/test.puhdasplus.ee\/\/wp-content\/uploads\/2019\/10\/puhdas_logo-arvele.png","width":114,"height":94,"caption":"Puhdas+"},"image":{"@id":"https:\/\/test.puhdasplus.ee\/lv\/#\/schema\/logo\/image\/"},"sameAs":["https:\/\/www.facebook.com\/puhdasplus","https:\/\/www.instagram.com\/puhdasplus_ee\/"]}]}},"_links":{"self":[{"href":"https:\/\/test.puhdasplus.ee\/lv\/wp-json\/wp\/v2\/product\/354122","targetHints":{"allow":["GET"]}}],"collection":[{"href":"https:\/\/test.puhdasplus.ee\/lv\/wp-json\/wp\/v2\/product"}],"about":[{"href":"https:\/\/test.puhdasplus.ee\/lv\/wp-json\/wp\/v2\/types\/product"}],"replies":[{"embeddable":true,"href":"https:\/\/test.puhdasplus.ee\/lv\/wp-json\/wp\/v2\/comments?post=354122"}],"wp:featuredmedia":[{"embeddable":true,"href":"https:\/\/test.puhdasplus.ee\/lv\/wp-json\/wp\/v2\/media\/353905"}],"wp:attachment":[{"href":"https:\/\/test.puhdasplus.ee\/lv\/wp-json\/wp\/v2\/media?parent=354122"}],"wp:term":[{"taxonomy":"product_brand","embeddable":true,"href":"https:\/\/test.puhdasplus.ee\/lv\/wp-json\/wp\/v2\/product_brand?post=354122"},{"taxonomy":"product_cat","embeddable":true,"href":"https:\/\/test.puhdasplus.ee\/lv\/wp-json\/wp\/v2\/product_cat?post=354122"},{"taxonomy":"product_tag","embeddable":true,"href":"https:\/\/test.puhdasplus.ee\/lv\/wp-json\/wp\/v2\/product_tag?post=354122"}],"curies":[{"name":"wp","href":"https:\/\/api.w.org\/{rel}","templated":true}]}}