{"id":354110,"date":"2025-09-15T20:46:06","date_gmt":"2025-09-15T17:46:06","guid":{"rendered":"https:\/\/test.puhdasplus.ee\/\/tooted\/uncategorized\/c-vitamins-500-mg-60-kapsulas\/"},"modified":"2026-02-22T22:45:34","modified_gmt":"2026-02-22T20:45:34","slug":"c-vitamins-500-mg-60-kapsulas","status":"publish","type":"product","link":"https:\/\/test.puhdasplus.ee\/lv\/tooted\/vitamini\/c-vitamins\/c-vitamins-500-mg-60-kapsulas\/","title":{"rendered":"Sp\u0113c\u012bgs C vitam\u012bns 500 mg 60 kapsulas"},"content":{"rendered":"<p class=\"p1\"><b>Kas ir Pure+ Strong C vitam\u012bna uztura bag\u0101tin\u0101t\u0101js un k\u0101p\u0113c tas ir nepiecie\u0161ams?<\/b><b><\/b><\/p>\n<p class=\"p2\">Pure+ Strong C vitam\u012bna uztura bag\u0101tin\u0101t\u0101js satur ku\u0146\u0123im draudz\u012bgu un viegli uzs\u016bco\u0161u n\u0101trija askorb\u0101tu \u2013 C vitam\u012bna formu, kas piem\u0113rota ar\u012b jut\u012bgai gremo\u0161anai. C vitam\u012bns ir svar\u012bgs organisma antioksidants, kas pal\u012bdz aizsarg\u0101t \u0161\u016bnas no oksidat\u012bv\u0101 stresa un ir nepiecie\u0161ams daudzu organisma procesu norm\u0101lai norisei. <\/p>\n<p class=\"p1\"><b>Atbalsta im\u016bnsist\u0113mu, ener\u0123ijas metabolismu un kolag\u0113na ra\u017eo\u0161anu<\/b><b><\/b><\/p>\n<p class=\"p2\">C vitam\u012bns veicina norm\u0101lu im\u016bnsist\u0113mas darb\u012bbu, ener\u0123ijas vielmai\u0146u un norm\u0101las psiholo\u0123isk\u0101s funkcijas. Tas ar\u012b veicina norm\u0101lu kolag\u0113na veido\u0161anos, kas ir nepiecie\u0161ams norm\u0101lai asinsvadu, kaulu, skrim\u0161\u013cu, smaganu, \u0101das un zobu darb\u012bbai. C vitam\u012bns pal\u012bdz mazin\u0101t nogurumu un nesp\u0113ku.  <\/p>\n<p class=\"p1\"><b>Sast\u0101vda\u013cas<\/b><b><\/b><\/p>\n<p class=\"p2\">N\u0101trija askorb\u0101ts, kapsulas apvalks (hidroksipropilmetilceluloze).<\/p>\n<p class=\"p2\">Nesatur pienu, laktozi, glut\u0113nu, raugu, cukurus, s\u0101li, cieti, soju vai m\u0101ksl\u012bgos saldin\u0101t\u0101jus. Piem\u0113rots gan ve\u0123et\u0101rie\u0161iem, gan veg\u0101niem. <\/p>\n<p class=\"p1\"><b>Uzturv\u0113rt\u012bba<\/b><b><\/b><\/p>\n<p class=\"p2\">1 kapsula satur: C vitam\u012bnu 620 mg (775% \u200b\u200b\u200b\u200bNRV*)<\/p>\n<p class=\"p2\">*NRV \u2013 ieteicam\u0101 dienas deva<\/p>\n<p class=\"p1\"><b>Lietojums<\/b><b><\/b><\/p>\n<p class=\"p2\">Lietojiet 1 kapsulu dien\u0101, uzdzerot \u016bdeni. Nep\u0101rsniedziet ieteicamo devu.<\/p>\n<p class=\"p2\">Uztura bag\u0101tin\u0101t\u0101js neaizst\u0101j daudzveid\u012bgu un sabalans\u0113tu uzturu vai vesel\u012bgu dz\u012bvesveidu. Sarg\u0101t no b\u0113rniem.<\/p>\n<p class=\"p1\"><b>Neto daudzums<\/b><b><\/b><\/p>\n<p class=\"p2\">60 kapsulas (33 g)<\/p>\n","protected":false},"excerpt":{"rendered":"<p>Sp\u0113c\u012bgs un ku\u0146\u0123im draudz\u012bgs C vitam\u012bna uztura bag\u0101tin\u0101t\u0101js, kas atbalsta imunit\u0101ti, mazina nogurumu un veicina kolag\u0113na veido\u0161anos. Piem\u0113rots veg\u0101niem, bez glut\u0113na, laktozes un m\u0101ksl\u012bg\u0101m piedev\u0101m. <\/p>\n","protected":false},"featured_media":353895,"comment_status":"open","ping_status":"closed","template":"","meta":{"_acf_changed":false},"product_brand":[],"product_cat":[6350,3067,3205],"product_tag":[7092,7103,7101,6986,3348,3347,6945,7091,3752,7094,7104,3211,7089,7097,7099,2974],"class_list":{"0":"post-354110","1":"product","2":"type-product","3":"status-publish","4":"has-post-thumbnail","6":"product_cat-c-vitamins","7":"product_cat-ipasie-piedavajumi","8":"product_cat-vitamini","9":"product_tag-adas-veseliba-un-kolagena-razosana","10":"product_tag-aizsardzibai-aukstaja-sezona","11":"product_tag-atjaunosanas-pec-fiziskas-slodzes","12":"product_tag-bez-cukura","13":"product_tag-bez-glutena","14":"product_tag-bez-laktozes","15":"product_tag-bez-piedevam-2","16":"product_tag-energija-un-vitalitate","17":"product_tag-imunsistemas-atbalsts-lv","18":"product_tag-kaulu-un-locitavu-atbalsts","19":"product_tag-kungim-draudzigs-c-vitamins","20":"product_tag-nervu-sistemas-atbalsts","21":"product_tag-noguruma-un-izsikuma-mazinasana","22":"product_tag-smaganu-un-zobu-veseliba","23":"product_tag-stresa-un-noguruma-laiks","24":"product_tag-vegans","26":"first","27":"instock","28":"sale","29":"taxable","30":"shipping-taxable","31":"purchasable","32":"product-type-simple"},"acf":[],"yoast_head":"<!-- This site is optimized with the Yoast SEO plugin v27.1.1 - https:\/\/yoast.com\/product\/yoast-seo-wordpress\/ -->\n<title>Sp\u0113c\u012bgs C vitam\u012bns 500 mg 60 kapsulas - Puhdas+<\/title>\n<meta name=\"description\" content=\"Pure+ C vitam\u012bns 60 kapsulas \u2013 sp\u0113c\u012bgs un ku\u0146\u0123im draudz\u012bgs uztura bag\u0101tin\u0101t\u0101js, kas atbalsta imunit\u0101ti, nodro\u0161ina ener\u0123iju un pal\u012bdz uztur\u0113t \u0101das, kaulu un zobu vesel\u012bbu.\" \/>\n<meta name=\"robots\" content=\"noindex, follow, max-snippet:-1, max-image-preview:large, max-video-preview:-1\" \/>\n<meta property=\"og:locale\" content=\"lv_LV\" \/>\n<meta property=\"og:type\" content=\"article\" \/>\n<meta property=\"og:title\" content=\"Sp\u0113c\u012bgs C vitam\u012bns 500 mg 60 kapsulas - Puhdas+\" \/>\n<meta property=\"og:description\" content=\"Pure+ C vitam\u012bns 60 kapsulas \u2013 sp\u0113c\u012bgs un ku\u0146\u0123im draudz\u012bgs uztura bag\u0101tin\u0101t\u0101js, kas atbalsta imunit\u0101ti, nodro\u0161ina ener\u0123iju un pal\u012bdz uztur\u0113t \u0101das, kaulu un zobu vesel\u012bbu.\" \/>\n<meta property=\"og:url\" content=\"https:\/\/test.puhdasplus.ee\/lv\/tooted\/vitamini\/c-vitamins\/c-vitamins-500-mg-60-kapsulas\/\" \/>\n<meta property=\"og:site_name\" content=\"Puhdas+\" \/>\n<meta property=\"article:publisher\" content=\"https:\/\/www.facebook.com\/puhdasplus\" \/>\n<meta property=\"article:modified_time\" content=\"2026-02-22T20:45:34+00:00\" \/>\n<meta property=\"og:image\" content=\"https:\/\/test.puhdasplus.ee\/wp-content\/uploads\/2025\/09\/tooted-ilma-taustata-2-scaled.jpg\" \/>\n\t<meta property=\"og:image:width\" content=\"1862\" \/>\n\t<meta property=\"og:image:height\" content=\"2560\" \/>\n\t<meta property=\"og:image:type\" content=\"image\/jpeg\" \/>\n<meta name=\"twitter:card\" content=\"summary_large_image\" \/>\n<meta name=\"twitter:label1\" content=\"Est. reading time\" \/>\n\t<meta name=\"twitter:data1\" content=\"1 minute\" \/>\n<script type=\"application\/ld+json\" class=\"yoast-schema-graph\">{\"@context\":\"https:\/\/schema.org\",\"@graph\":[{\"@type\":\"WebPage\",\"@id\":\"https:\/\/test.puhdasplus.ee\/lv\/tooted\/vitamini\/c-vitamins\/c-vitamins-500-mg-60-kapsulas\/\",\"url\":\"https:\/\/test.puhdasplus.ee\/lv\/tooted\/vitamini\/c-vitamins\/c-vitamins-500-mg-60-kapsulas\/\",\"name\":\"Sp\u0113c\u012bgs C vitam\u012bns 500 mg 60 kapsulas - Puhdas+\",\"isPartOf\":{\"@id\":\"https:\/\/test.puhdasplus.ee\/lv\/#website\"},\"primaryImageOfPage\":{\"@id\":\"https:\/\/test.puhdasplus.ee\/lv\/tooted\/vitamini\/c-vitamins\/c-vitamins-500-mg-60-kapsulas\/#primaryimage\"},\"image\":{\"@id\":\"https:\/\/test.puhdasplus.ee\/lv\/tooted\/vitamini\/c-vitamins\/c-vitamins-500-mg-60-kapsulas\/#primaryimage\"},\"thumbnailUrl\":\"https:\/\/test.puhdasplus.ee\/wp-content\/uploads\/2025\/09\/tooted-ilma-taustata-2-scaled.jpg\",\"datePublished\":\"2025-09-15T17:46:06+00:00\",\"dateModified\":\"2026-02-22T20:45:34+00:00\",\"description\":\"Pure+ C vitam\u012bns 60 kapsulas \u2013 sp\u0113c\u012bgs un ku\u0146\u0123im draudz\u012bgs uztura bag\u0101tin\u0101t\u0101js, kas atbalsta imunit\u0101ti, nodro\u0161ina ener\u0123iju un pal\u012bdz uztur\u0113t \u0101das, kaulu un zobu vesel\u012bbu.\",\"breadcrumb\":{\"@id\":\"https:\/\/test.puhdasplus.ee\/lv\/tooted\/vitamini\/c-vitamins\/c-vitamins-500-mg-60-kapsulas\/#breadcrumb\"},\"inLanguage\":\"lv-LV\",\"potentialAction\":[{\"@type\":\"ReadAction\",\"target\":[\"https:\/\/test.puhdasplus.ee\/lv\/tooted\/vitamini\/c-vitamins\/c-vitamins-500-mg-60-kapsulas\/\"]}]},{\"@type\":\"ImageObject\",\"inLanguage\":\"lv-LV\",\"@id\":\"https:\/\/test.puhdasplus.ee\/lv\/tooted\/vitamini\/c-vitamins\/c-vitamins-500-mg-60-kapsulas\/#primaryimage\",\"url\":\"https:\/\/test.puhdasplus.ee\/wp-content\/uploads\/2025\/09\/tooted-ilma-taustata-2-scaled.jpg\",\"contentUrl\":\"https:\/\/test.puhdasplus.ee\/wp-content\/uploads\/2025\/09\/tooted-ilma-taustata-2-scaled.jpg\",\"width\":1862,\"height\":2560,\"caption\":\"Pure+ C vitam\u012bns 60 kapsulas\"},{\"@type\":\"BreadcrumbList\",\"@id\":\"https:\/\/test.puhdasplus.ee\/lv\/tooted\/vitamini\/c-vitamins\/c-vitamins-500-mg-60-kapsulas\/#breadcrumb\",\"itemListElement\":[{\"@type\":\"ListItem\",\"position\":1,\"name\":\"S\u0101kums\",\"item\":\"https:\/\/test.puhdasplus.ee\/lv\/\"},{\"@type\":\"ListItem\",\"position\":2,\"name\":\"Produkti\",\"item\":\"https:\/\/test.puhdasplus.ee\/lv\/veikals\/\"},{\"@type\":\"ListItem\",\"position\":3,\"name\":\"Sp\u0113c\u012bgs C vitam\u012bns 500 mg 60 kapsulas\"}]},{\"@type\":\"WebSite\",\"@id\":\"https:\/\/test.puhdasplus.ee\/lv\/#website\",\"url\":\"https:\/\/test.puhdasplus.ee\/lv\/\",\"name\":\"Puhdas+\",\"description\":\"Vitamiinid, Toidulisandid, looduskosmeetika, tervis, sport\",\"publisher\":{\"@id\":\"https:\/\/test.puhdasplus.ee\/lv\/#organization\"},\"potentialAction\":[{\"@type\":\"SearchAction\",\"target\":{\"@type\":\"EntryPoint\",\"urlTemplate\":\"https:\/\/test.puhdasplus.ee\/lv\/?s={search_term_string}\"},\"query-input\":{\"@type\":\"PropertyValueSpecification\",\"valueRequired\":true,\"valueName\":\"search_term_string\"}}],\"inLanguage\":\"lv-LV\"},{\"@type\":\"Organization\",\"@id\":\"https:\/\/test.puhdasplus.ee\/lv\/#organization\",\"name\":\"Puhdas+\",\"alternateName\":\"Puhdasplus\",\"url\":\"https:\/\/test.puhdasplus.ee\/lv\/\",\"logo\":{\"@type\":\"ImageObject\",\"inLanguage\":\"lv-LV\",\"@id\":\"https:\/\/test.puhdasplus.ee\/lv\/#\/schema\/logo\/image\/\",\"url\":\"https:\/\/test.puhdasplus.ee\/\/wp-content\/uploads\/2019\/10\/puhdas_logo-arvele.png\",\"contentUrl\":\"https:\/\/test.puhdasplus.ee\/\/wp-content\/uploads\/2019\/10\/puhdas_logo-arvele.png\",\"width\":114,\"height\":94,\"caption\":\"Puhdas+\"},\"image\":{\"@id\":\"https:\/\/test.puhdasplus.ee\/lv\/#\/schema\/logo\/image\/\"},\"sameAs\":[\"https:\/\/www.facebook.com\/puhdasplus\",\"https:\/\/www.instagram.com\/puhdasplus_ee\/\"]}]}<\/script>\n<!-- \/ Yoast SEO plugin. -->","yoast_head_json":{"title":"Sp\u0113c\u012bgs C vitam\u012bns 500 mg 60 kapsulas - Puhdas+","description":"Pure+ C vitam\u012bns 60 kapsulas \u2013 sp\u0113c\u012bgs un ku\u0146\u0123im draudz\u012bgs uztura bag\u0101tin\u0101t\u0101js, kas atbalsta imunit\u0101ti, nodro\u0161ina ener\u0123iju un pal\u012bdz uztur\u0113t \u0101das, kaulu un zobu vesel\u012bbu.","robots":{"index":"noindex","follow":"follow","max-snippet":"max-snippet:-1","max-image-preview":"max-image-preview:large","max-video-preview":"max-video-preview:-1"},"og_locale":"lv_LV","og_type":"article","og_title":"Sp\u0113c\u012bgs C vitam\u012bns 500 mg 60 kapsulas - Puhdas+","og_description":"Pure+ C vitam\u012bns 60 kapsulas \u2013 sp\u0113c\u012bgs un ku\u0146\u0123im draudz\u012bgs uztura bag\u0101tin\u0101t\u0101js, kas atbalsta imunit\u0101ti, nodro\u0161ina ener\u0123iju un pal\u012bdz uztur\u0113t \u0101das, kaulu un zobu vesel\u012bbu.","og_url":"https:\/\/test.puhdasplus.ee\/lv\/tooted\/vitamini\/c-vitamins\/c-vitamins-500-mg-60-kapsulas\/","og_site_name":"Puhdas+","article_publisher":"https:\/\/www.facebook.com\/puhdasplus","article_modified_time":"2026-02-22T20:45:34+00:00","og_image":[{"width":1862,"height":2560,"url":"https:\/\/test.puhdasplus.ee\/wp-content\/uploads\/2025\/09\/tooted-ilma-taustata-2-scaled.jpg","type":"image\/jpeg"}],"twitter_card":"summary_large_image","twitter_misc":{"Est. reading time":"1 minute"},"schema":{"@context":"https:\/\/schema.org","@graph":[{"@type":"WebPage","@id":"https:\/\/test.puhdasplus.ee\/lv\/tooted\/vitamini\/c-vitamins\/c-vitamins-500-mg-60-kapsulas\/","url":"https:\/\/test.puhdasplus.ee\/lv\/tooted\/vitamini\/c-vitamins\/c-vitamins-500-mg-60-kapsulas\/","name":"Sp\u0113c\u012bgs C vitam\u012bns 500 mg 60 kapsulas - Puhdas+","isPartOf":{"@id":"https:\/\/test.puhdasplus.ee\/lv\/#website"},"primaryImageOfPage":{"@id":"https:\/\/test.puhdasplus.ee\/lv\/tooted\/vitamini\/c-vitamins\/c-vitamins-500-mg-60-kapsulas\/#primaryimage"},"image":{"@id":"https:\/\/test.puhdasplus.ee\/lv\/tooted\/vitamini\/c-vitamins\/c-vitamins-500-mg-60-kapsulas\/#primaryimage"},"thumbnailUrl":"https:\/\/test.puhdasplus.ee\/wp-content\/uploads\/2025\/09\/tooted-ilma-taustata-2-scaled.jpg","datePublished":"2025-09-15T17:46:06+00:00","dateModified":"2026-02-22T20:45:34+00:00","description":"Pure+ C vitam\u012bns 60 kapsulas \u2013 sp\u0113c\u012bgs un ku\u0146\u0123im draudz\u012bgs uztura bag\u0101tin\u0101t\u0101js, kas atbalsta imunit\u0101ti, nodro\u0161ina ener\u0123iju un pal\u012bdz uztur\u0113t \u0101das, kaulu un zobu vesel\u012bbu.","breadcrumb":{"@id":"https:\/\/test.puhdasplus.ee\/lv\/tooted\/vitamini\/c-vitamins\/c-vitamins-500-mg-60-kapsulas\/#breadcrumb"},"inLanguage":"lv-LV","potentialAction":[{"@type":"ReadAction","target":["https:\/\/test.puhdasplus.ee\/lv\/tooted\/vitamini\/c-vitamins\/c-vitamins-500-mg-60-kapsulas\/"]}]},{"@type":"ImageObject","inLanguage":"lv-LV","@id":"https:\/\/test.puhdasplus.ee\/lv\/tooted\/vitamini\/c-vitamins\/c-vitamins-500-mg-60-kapsulas\/#primaryimage","url":"https:\/\/test.puhdasplus.ee\/wp-content\/uploads\/2025\/09\/tooted-ilma-taustata-2-scaled.jpg","contentUrl":"https:\/\/test.puhdasplus.ee\/wp-content\/uploads\/2025\/09\/tooted-ilma-taustata-2-scaled.jpg","width":1862,"height":2560,"caption":"Pure+ C vitam\u012bns 60 kapsulas"},{"@type":"BreadcrumbList","@id":"https:\/\/test.puhdasplus.ee\/lv\/tooted\/vitamini\/c-vitamins\/c-vitamins-500-mg-60-kapsulas\/#breadcrumb","itemListElement":[{"@type":"ListItem","position":1,"name":"S\u0101kums","item":"https:\/\/test.puhdasplus.ee\/lv\/"},{"@type":"ListItem","position":2,"name":"Produkti","item":"https:\/\/test.puhdasplus.ee\/lv\/veikals\/"},{"@type":"ListItem","position":3,"name":"Sp\u0113c\u012bgs C vitam\u012bns 500 mg 60 kapsulas"}]},{"@type":"WebSite","@id":"https:\/\/test.puhdasplus.ee\/lv\/#website","url":"https:\/\/test.puhdasplus.ee\/lv\/","name":"Puhdas+","description":"Vitamiinid, Toidulisandid, looduskosmeetika, tervis, sport","publisher":{"@id":"https:\/\/test.puhdasplus.ee\/lv\/#organization"},"potentialAction":[{"@type":"SearchAction","target":{"@type":"EntryPoint","urlTemplate":"https:\/\/test.puhdasplus.ee\/lv\/?s={search_term_string}"},"query-input":{"@type":"PropertyValueSpecification","valueRequired":true,"valueName":"search_term_string"}}],"inLanguage":"lv-LV"},{"@type":"Organization","@id":"https:\/\/test.puhdasplus.ee\/lv\/#organization","name":"Puhdas+","alternateName":"Puhdasplus","url":"https:\/\/test.puhdasplus.ee\/lv\/","logo":{"@type":"ImageObject","inLanguage":"lv-LV","@id":"https:\/\/test.puhdasplus.ee\/lv\/#\/schema\/logo\/image\/","url":"https:\/\/test.puhdasplus.ee\/\/wp-content\/uploads\/2019\/10\/puhdas_logo-arvele.png","contentUrl":"https:\/\/test.puhdasplus.ee\/\/wp-content\/uploads\/2019\/10\/puhdas_logo-arvele.png","width":114,"height":94,"caption":"Puhdas+"},"image":{"@id":"https:\/\/test.puhdasplus.ee\/lv\/#\/schema\/logo\/image\/"},"sameAs":["https:\/\/www.facebook.com\/puhdasplus","https:\/\/www.instagram.com\/puhdasplus_ee\/"]}]}},"_links":{"self":[{"href":"https:\/\/test.puhdasplus.ee\/lv\/wp-json\/wp\/v2\/product\/354110","targetHints":{"allow":["GET"]}}],"collection":[{"href":"https:\/\/test.puhdasplus.ee\/lv\/wp-json\/wp\/v2\/product"}],"about":[{"href":"https:\/\/test.puhdasplus.ee\/lv\/wp-json\/wp\/v2\/types\/product"}],"replies":[{"embeddable":true,"href":"https:\/\/test.puhdasplus.ee\/lv\/wp-json\/wp\/v2\/comments?post=354110"}],"wp:featuredmedia":[{"embeddable":true,"href":"https:\/\/test.puhdasplus.ee\/lv\/wp-json\/wp\/v2\/media\/353895"}],"wp:attachment":[{"href":"https:\/\/test.puhdasplus.ee\/lv\/wp-json\/wp\/v2\/media?parent=354110"}],"wp:term":[{"taxonomy":"product_brand","embeddable":true,"href":"https:\/\/test.puhdasplus.ee\/lv\/wp-json\/wp\/v2\/product_brand?post=354110"},{"taxonomy":"product_cat","embeddable":true,"href":"https:\/\/test.puhdasplus.ee\/lv\/wp-json\/wp\/v2\/product_cat?post=354110"},{"taxonomy":"product_tag","embeddable":true,"href":"https:\/\/test.puhdasplus.ee\/lv\/wp-json\/wp\/v2\/product_tag?post=354110"}],"curies":[{"name":"wp","href":"https:\/\/api.w.org\/{rel}","templated":true}]}}