{"id":354105,"date":"2025-09-10T10:58:47","date_gmt":"2025-09-10T07:58:47","guid":{"rendered":"https:\/\/test.puhdasplus.ee\/\/tooted\/uncategorized\/baldrians-300-mg-60-kapsulas\/"},"modified":"2026-02-22T22:45:39","modified_gmt":"2026-02-22T20:45:39","slug":"baldrians-300-mg-60-kapsulas","status":"publish","type":"product","link":"https:\/\/test.puhdasplus.ee\/lv\/tooted\/stress-un-miegs\/baldrians-300-mg-60-kapsulas\/","title":{"rendered":"Baldri\u0101ns 300 mg 60 kapsulas"},"content":{"rendered":"<p data-start=\"136\" data-end=\"379\"><strong data-start=\"136\" data-end=\"168\">Pure+ Valerian 60 kapsulas<\/strong> satur 300 mg baldri\u0101na (Valeriana officinalis) saknes ekstrakta katr\u0101 kapsul\u0101. Baldri\u0101ns ir labi paz\u012bstams un tradicion\u0101li lietots augs. <\/p>\n<p data-start=\"381\" data-end=\"553\">Ra\u017eots Somij\u0101 no t\u012br\u0101m izejviel\u0101m un nesatur nevajadz\u012bgas piedevas.<\/p>\n<p data-start=\"555\" data-end=\"570\"><strong data-start=\"555\" data-end=\"568\">Funkcijas:<\/strong><\/p>\n<ul data-start=\"571\" data-end=\"800\">\n<li data-start=\"571\" data-end=\"638\">\n<p data-start=\"573\" data-end=\"638\">Sp\u0113c\u012bga deva: <strong data-start=\"586\" data-end=\"636\">300 mg baldri\u0101na saknes ekstrakta vien\u0101 kapsul\u0101<\/strong><\/p>\n<\/li>\n<li data-start=\"639\" data-end=\"680\">\n<p data-start=\"641\" data-end=\"680\">Tradicion\u0101li izmantots augs<\/p>\n<\/li>\n<li data-start=\"681\" data-end=\"761\">\n<p data-start=\"683\" data-end=\"761\">Piem\u0113rots veg\u0101niem, nesatur laktozi, glut\u0113nu, raugu, soju vai saldin\u0101t\u0101jus<\/p>\n<\/li>\n<li data-start=\"762\" data-end=\"800\">\n<p data-start=\"764\" data-end=\"800\">T\u012bras un augstas kvalit\u0101tes sast\u0101vda\u013cas<\/p>\n<\/li>\n<\/ul>\n<p data-start=\"802\" data-end=\"1000\"><strong data-start=\"802\" data-end=\"818\">Sast\u0101vda\u013cas:<\/strong><br data-start=\"818\" data-end=\"821\"> Baldri\u0101na (Valeriana officinalis) saknes ekstrakts, pildviela (mikrokrist\u0101lisk\u0101 celuloze), kapsulas apvalks (hidroksipropilmetilceluloze), pretsalipes viela (sil\u012bcija dioks\u012bds).<\/p>\n<p data-start=\"1002\" data-end=\"1019\"><strong data-start=\"1002\" data-end=\"1017\">Lietojums:<\/strong><\/p>\n<ul data-start=\"1020\" data-end=\"1321\">\n<li data-start=\"1020\" data-end=\"1099\">\n<p data-start=\"1022\" data-end=\"1099\">Ieteicam\u0101 deva pieaugu\u0161ajiem ir <strong data-start=\"1058\" data-end=\"1077\">1 kapsula dien\u0101<\/strong> , v\u0113lams vakar\u0101.<\/p>\n<\/li>\n<li data-start=\"1100\" data-end=\"1135\">\n<p data-start=\"1102\" data-end=\"1135\">Dienas devu nedr\u012bkst p\u0101rsniegt.<\/p>\n<\/li>\n<li data-start=\"1136\" data-end=\"1228\">\n<p data-start=\"1138\" data-end=\"1228\">Uztura bag\u0101tin\u0101t\u0101js neaizst\u0101j daudzveid\u012bgu un sabalans\u0113tu uzturu vai vesel\u012bgu dz\u012bvesveidu.<\/p>\n<\/li>\n<li data-start=\"1229\" data-end=\"1267\">\n<p data-start=\"1231\" data-end=\"1267\">Sarg\u0101t no b\u0113rniem.<\/p>\n<\/li>\n<li data-start=\"1268\" data-end=\"1321\">\n<p data-start=\"1270\" data-end=\"1321\">Nav ieteicams lietot gr\u016btniec\u012bbas un lakt\u0101cijas laik\u0101.<\/p>\n<\/li>\n<\/ul>\n","protected":false},"excerpt":{"rendered":"<p><strong data-start=\"1351\" data-end=\"1383\">Pure+ Valerian 60 kapsulas<\/strong> \u2013 dab\u012bgs uztura bag\u0101tin\u0101t\u0101js, kas satur 300 mg baldri\u0101na saknes ekstrakta vien\u0101 kapsul\u0101. Baldri\u0101ns ir labi paz\u012bstams un tradicion\u0101li lietots augs. Piem\u0113rots veg\u0101niem, bez piedev\u0101m.  <\/p>\n","protected":false},"featured_media":353827,"comment_status":"open","ping_status":"closed","template":"","meta":{"_acf_changed":false},"product_brand":[],"product_cat":[3067,3037],"product_tag":[7060,5728,7057,7657,3348,3347,7067,7061,7064,7066,2813,2974],"class_list":{"0":"post-354105","1":"product","2":"type-product","3":"status-publish","4":"has-post-thumbnail","6":"product_cat-ipasie-piedavajumi","7":"product_cat-stress-un-miegs","8":"product_tag-arstniecibas-baldrians","9":"product_tag-augu-izcelsmes-uztura-bagatinatajs","10":"product_tag-baldrians","11":"product_tag-baldrians-2","12":"product_tag-bez-glutena","13":"product_tag-bez-laktozes","14":"product_tag-dabisks-nomierinoss-lidzeklis","15":"product_tag-miega-lidzeklis","16":"product_tag-nomierinoss-uztura-bagatinatajs","17":"product_tag-stresa-mazinasana-2","18":"product_tag-tirs","19":"product_tag-vegans","21":"first","22":"instock","23":"sale","24":"taxable","25":"shipping-taxable","26":"purchasable","27":"product-type-simple"},"acf":[],"yoast_head":"<!-- This site is optimized with the Yoast SEO plugin v27.1.1 - https:\/\/yoast.com\/product\/yoast-seo-wordpress\/ -->\n<title>Baldri\u0101ns 300 mg 60 kapsulas - Puhdas+<\/title>\n<meta name=\"description\" content=\"Pure+ Valerian 60 kapsulas \u2013 sp\u0113c\u012bgs 300 mg baldri\u0101na ekstrakta. Dabisks atbalsts stresa mazin\u0101\u0161anai, relaks\u0101cijai un lab\u0101kam miegam.\" \/>\n<meta name=\"robots\" content=\"noindex, follow, max-snippet:-1, max-image-preview:large, max-video-preview:-1\" \/>\n<meta property=\"og:locale\" content=\"lv_LV\" \/>\n<meta property=\"og:type\" content=\"article\" \/>\n<meta property=\"og:title\" content=\"Baldri\u0101ns 300 mg 60 kapsulas - Puhdas+\" \/>\n<meta property=\"og:description\" content=\"Pure+ Valerian 60 kapsulas \u2013 sp\u0113c\u012bgs 300 mg baldri\u0101na ekstrakta. Dabisks atbalsts stresa mazin\u0101\u0161anai, relaks\u0101cijai un lab\u0101kam miegam.\" \/>\n<meta property=\"og:url\" content=\"https:\/\/test.puhdasplus.ee\/lv\/tooted\/stress-un-miegs\/baldrians-300-mg-60-kapsulas\/\" \/>\n<meta property=\"og:site_name\" content=\"Puhdas+\" \/>\n<meta property=\"article:publisher\" content=\"https:\/\/www.facebook.com\/puhdasplus\" \/>\n<meta property=\"article:modified_time\" content=\"2026-02-22T20:45:39+00:00\" \/>\n<meta property=\"og:image\" content=\"https:\/\/test.puhdasplus.ee\/wp-content\/uploads\/2025\/09\/tooted-ilma-taustata-copy-4-scaled.jpg\" \/>\n\t<meta property=\"og:image:width\" content=\"1862\" \/>\n\t<meta property=\"og:image:height\" content=\"2560\" \/>\n\t<meta property=\"og:image:type\" content=\"image\/jpeg\" \/>\n<meta name=\"twitter:card\" content=\"summary_large_image\" \/>\n<meta name=\"twitter:label1\" content=\"Est. reading time\" \/>\n\t<meta name=\"twitter:data1\" content=\"1 minute\" \/>\n<script type=\"application\/ld+json\" class=\"yoast-schema-graph\">{\"@context\":\"https:\/\/schema.org\",\"@graph\":[{\"@type\":\"WebPage\",\"@id\":\"https:\/\/test.puhdasplus.ee\/lv\/tooted\/stress-un-miegs\/baldrians-300-mg-60-kapsulas\/\",\"url\":\"https:\/\/test.puhdasplus.ee\/lv\/tooted\/stress-un-miegs\/baldrians-300-mg-60-kapsulas\/\",\"name\":\"Baldri\u0101ns 300 mg 60 kapsulas - Puhdas+\",\"isPartOf\":{\"@id\":\"https:\/\/test.puhdasplus.ee\/lv\/#website\"},\"primaryImageOfPage\":{\"@id\":\"https:\/\/test.puhdasplus.ee\/lv\/tooted\/stress-un-miegs\/baldrians-300-mg-60-kapsulas\/#primaryimage\"},\"image\":{\"@id\":\"https:\/\/test.puhdasplus.ee\/lv\/tooted\/stress-un-miegs\/baldrians-300-mg-60-kapsulas\/#primaryimage\"},\"thumbnailUrl\":\"https:\/\/test.puhdasplus.ee\/wp-content\/uploads\/2025\/09\/tooted-ilma-taustata-copy-4-scaled.jpg\",\"datePublished\":\"2025-09-10T07:58:47+00:00\",\"dateModified\":\"2026-02-22T20:45:39+00:00\",\"description\":\"Pure+ Valerian 60 kapsulas \u2013 sp\u0113c\u012bgs 300 mg baldri\u0101na ekstrakta. Dabisks atbalsts stresa mazin\u0101\u0161anai, relaks\u0101cijai un lab\u0101kam miegam.\",\"breadcrumb\":{\"@id\":\"https:\/\/test.puhdasplus.ee\/lv\/tooted\/stress-un-miegs\/baldrians-300-mg-60-kapsulas\/#breadcrumb\"},\"inLanguage\":\"lv-LV\",\"potentialAction\":[{\"@type\":\"ReadAction\",\"target\":[\"https:\/\/test.puhdasplus.ee\/lv\/tooted\/stress-un-miegs\/baldrians-300-mg-60-kapsulas\/\"]}]},{\"@type\":\"ImageObject\",\"inLanguage\":\"lv-LV\",\"@id\":\"https:\/\/test.puhdasplus.ee\/lv\/tooted\/stress-un-miegs\/baldrians-300-mg-60-kapsulas\/#primaryimage\",\"url\":\"https:\/\/test.puhdasplus.ee\/wp-content\/uploads\/2025\/09\/tooted-ilma-taustata-copy-4-scaled.jpg\",\"contentUrl\":\"https:\/\/test.puhdasplus.ee\/wp-content\/uploads\/2025\/09\/tooted-ilma-taustata-copy-4-scaled.jpg\",\"width\":1862,\"height\":2560,\"caption\":\"Pure+ baldri\u0101na 60 kapsulas\"},{\"@type\":\"BreadcrumbList\",\"@id\":\"https:\/\/test.puhdasplus.ee\/lv\/tooted\/stress-un-miegs\/baldrians-300-mg-60-kapsulas\/#breadcrumb\",\"itemListElement\":[{\"@type\":\"ListItem\",\"position\":1,\"name\":\"S\u0101kums\",\"item\":\"https:\/\/test.puhdasplus.ee\/lv\/\"},{\"@type\":\"ListItem\",\"position\":2,\"name\":\"Produkti\",\"item\":\"https:\/\/test.puhdasplus.ee\/lv\/veikals\/\"},{\"@type\":\"ListItem\",\"position\":3,\"name\":\"Baldri\u0101ns 300 mg 60 kapsulas\"}]},{\"@type\":\"WebSite\",\"@id\":\"https:\/\/test.puhdasplus.ee\/lv\/#website\",\"url\":\"https:\/\/test.puhdasplus.ee\/lv\/\",\"name\":\"Puhdas+\",\"description\":\"Vitamiinid, Toidulisandid, looduskosmeetika, tervis, sport\",\"publisher\":{\"@id\":\"https:\/\/test.puhdasplus.ee\/lv\/#organization\"},\"potentialAction\":[{\"@type\":\"SearchAction\",\"target\":{\"@type\":\"EntryPoint\",\"urlTemplate\":\"https:\/\/test.puhdasplus.ee\/lv\/?s={search_term_string}\"},\"query-input\":{\"@type\":\"PropertyValueSpecification\",\"valueRequired\":true,\"valueName\":\"search_term_string\"}}],\"inLanguage\":\"lv-LV\"},{\"@type\":\"Organization\",\"@id\":\"https:\/\/test.puhdasplus.ee\/lv\/#organization\",\"name\":\"Puhdas+\",\"alternateName\":\"Puhdasplus\",\"url\":\"https:\/\/test.puhdasplus.ee\/lv\/\",\"logo\":{\"@type\":\"ImageObject\",\"inLanguage\":\"lv-LV\",\"@id\":\"https:\/\/test.puhdasplus.ee\/lv\/#\/schema\/logo\/image\/\",\"url\":\"https:\/\/test.puhdasplus.ee\/\/wp-content\/uploads\/2019\/10\/puhdas_logo-arvele.png\",\"contentUrl\":\"https:\/\/test.puhdasplus.ee\/\/wp-content\/uploads\/2019\/10\/puhdas_logo-arvele.png\",\"width\":114,\"height\":94,\"caption\":\"Puhdas+\"},\"image\":{\"@id\":\"https:\/\/test.puhdasplus.ee\/lv\/#\/schema\/logo\/image\/\"},\"sameAs\":[\"https:\/\/www.facebook.com\/puhdasplus\",\"https:\/\/www.instagram.com\/puhdasplus_ee\/\"]}]}<\/script>\n<!-- \/ Yoast SEO plugin. -->","yoast_head_json":{"title":"Baldri\u0101ns 300 mg 60 kapsulas - Puhdas+","description":"Pure+ Valerian 60 kapsulas \u2013 sp\u0113c\u012bgs 300 mg baldri\u0101na ekstrakta. Dabisks atbalsts stresa mazin\u0101\u0161anai, relaks\u0101cijai un lab\u0101kam miegam.","robots":{"index":"noindex","follow":"follow","max-snippet":"max-snippet:-1","max-image-preview":"max-image-preview:large","max-video-preview":"max-video-preview:-1"},"og_locale":"lv_LV","og_type":"article","og_title":"Baldri\u0101ns 300 mg 60 kapsulas - Puhdas+","og_description":"Pure+ Valerian 60 kapsulas \u2013 sp\u0113c\u012bgs 300 mg baldri\u0101na ekstrakta. Dabisks atbalsts stresa mazin\u0101\u0161anai, relaks\u0101cijai un lab\u0101kam miegam.","og_url":"https:\/\/test.puhdasplus.ee\/lv\/tooted\/stress-un-miegs\/baldrians-300-mg-60-kapsulas\/","og_site_name":"Puhdas+","article_publisher":"https:\/\/www.facebook.com\/puhdasplus","article_modified_time":"2026-02-22T20:45:39+00:00","og_image":[{"width":1862,"height":2560,"url":"https:\/\/test.puhdasplus.ee\/wp-content\/uploads\/2025\/09\/tooted-ilma-taustata-copy-4-scaled.jpg","type":"image\/jpeg"}],"twitter_card":"summary_large_image","twitter_misc":{"Est. reading time":"1 minute"},"schema":{"@context":"https:\/\/schema.org","@graph":[{"@type":"WebPage","@id":"https:\/\/test.puhdasplus.ee\/lv\/tooted\/stress-un-miegs\/baldrians-300-mg-60-kapsulas\/","url":"https:\/\/test.puhdasplus.ee\/lv\/tooted\/stress-un-miegs\/baldrians-300-mg-60-kapsulas\/","name":"Baldri\u0101ns 300 mg 60 kapsulas - Puhdas+","isPartOf":{"@id":"https:\/\/test.puhdasplus.ee\/lv\/#website"},"primaryImageOfPage":{"@id":"https:\/\/test.puhdasplus.ee\/lv\/tooted\/stress-un-miegs\/baldrians-300-mg-60-kapsulas\/#primaryimage"},"image":{"@id":"https:\/\/test.puhdasplus.ee\/lv\/tooted\/stress-un-miegs\/baldrians-300-mg-60-kapsulas\/#primaryimage"},"thumbnailUrl":"https:\/\/test.puhdasplus.ee\/wp-content\/uploads\/2025\/09\/tooted-ilma-taustata-copy-4-scaled.jpg","datePublished":"2025-09-10T07:58:47+00:00","dateModified":"2026-02-22T20:45:39+00:00","description":"Pure+ Valerian 60 kapsulas \u2013 sp\u0113c\u012bgs 300 mg baldri\u0101na ekstrakta. Dabisks atbalsts stresa mazin\u0101\u0161anai, relaks\u0101cijai un lab\u0101kam miegam.","breadcrumb":{"@id":"https:\/\/test.puhdasplus.ee\/lv\/tooted\/stress-un-miegs\/baldrians-300-mg-60-kapsulas\/#breadcrumb"},"inLanguage":"lv-LV","potentialAction":[{"@type":"ReadAction","target":["https:\/\/test.puhdasplus.ee\/lv\/tooted\/stress-un-miegs\/baldrians-300-mg-60-kapsulas\/"]}]},{"@type":"ImageObject","inLanguage":"lv-LV","@id":"https:\/\/test.puhdasplus.ee\/lv\/tooted\/stress-un-miegs\/baldrians-300-mg-60-kapsulas\/#primaryimage","url":"https:\/\/test.puhdasplus.ee\/wp-content\/uploads\/2025\/09\/tooted-ilma-taustata-copy-4-scaled.jpg","contentUrl":"https:\/\/test.puhdasplus.ee\/wp-content\/uploads\/2025\/09\/tooted-ilma-taustata-copy-4-scaled.jpg","width":1862,"height":2560,"caption":"Pure+ baldri\u0101na 60 kapsulas"},{"@type":"BreadcrumbList","@id":"https:\/\/test.puhdasplus.ee\/lv\/tooted\/stress-un-miegs\/baldrians-300-mg-60-kapsulas\/#breadcrumb","itemListElement":[{"@type":"ListItem","position":1,"name":"S\u0101kums","item":"https:\/\/test.puhdasplus.ee\/lv\/"},{"@type":"ListItem","position":2,"name":"Produkti","item":"https:\/\/test.puhdasplus.ee\/lv\/veikals\/"},{"@type":"ListItem","position":3,"name":"Baldri\u0101ns 300 mg 60 kapsulas"}]},{"@type":"WebSite","@id":"https:\/\/test.puhdasplus.ee\/lv\/#website","url":"https:\/\/test.puhdasplus.ee\/lv\/","name":"Puhdas+","description":"Vitamiinid, Toidulisandid, looduskosmeetika, tervis, sport","publisher":{"@id":"https:\/\/test.puhdasplus.ee\/lv\/#organization"},"potentialAction":[{"@type":"SearchAction","target":{"@type":"EntryPoint","urlTemplate":"https:\/\/test.puhdasplus.ee\/lv\/?s={search_term_string}"},"query-input":{"@type":"PropertyValueSpecification","valueRequired":true,"valueName":"search_term_string"}}],"inLanguage":"lv-LV"},{"@type":"Organization","@id":"https:\/\/test.puhdasplus.ee\/lv\/#organization","name":"Puhdas+","alternateName":"Puhdasplus","url":"https:\/\/test.puhdasplus.ee\/lv\/","logo":{"@type":"ImageObject","inLanguage":"lv-LV","@id":"https:\/\/test.puhdasplus.ee\/lv\/#\/schema\/logo\/image\/","url":"https:\/\/test.puhdasplus.ee\/\/wp-content\/uploads\/2019\/10\/puhdas_logo-arvele.png","contentUrl":"https:\/\/test.puhdasplus.ee\/\/wp-content\/uploads\/2019\/10\/puhdas_logo-arvele.png","width":114,"height":94,"caption":"Puhdas+"},"image":{"@id":"https:\/\/test.puhdasplus.ee\/lv\/#\/schema\/logo\/image\/"},"sameAs":["https:\/\/www.facebook.com\/puhdasplus","https:\/\/www.instagram.com\/puhdasplus_ee\/"]}]}},"_links":{"self":[{"href":"https:\/\/test.puhdasplus.ee\/lv\/wp-json\/wp\/v2\/product\/354105","targetHints":{"allow":["GET"]}}],"collection":[{"href":"https:\/\/test.puhdasplus.ee\/lv\/wp-json\/wp\/v2\/product"}],"about":[{"href":"https:\/\/test.puhdasplus.ee\/lv\/wp-json\/wp\/v2\/types\/product"}],"replies":[{"embeddable":true,"href":"https:\/\/test.puhdasplus.ee\/lv\/wp-json\/wp\/v2\/comments?post=354105"}],"wp:featuredmedia":[{"embeddable":true,"href":"https:\/\/test.puhdasplus.ee\/lv\/wp-json\/wp\/v2\/media\/353827"}],"wp:attachment":[{"href":"https:\/\/test.puhdasplus.ee\/lv\/wp-json\/wp\/v2\/media?parent=354105"}],"wp:term":[{"taxonomy":"product_brand","embeddable":true,"href":"https:\/\/test.puhdasplus.ee\/lv\/wp-json\/wp\/v2\/product_brand?post=354105"},{"taxonomy":"product_cat","embeddable":true,"href":"https:\/\/test.puhdasplus.ee\/lv\/wp-json\/wp\/v2\/product_cat?post=354105"},{"taxonomy":"product_tag","embeddable":true,"href":"https:\/\/test.puhdasplus.ee\/lv\/wp-json\/wp\/v2\/product_tag?post=354105"}],"curies":[{"name":"wp","href":"https:\/\/api.w.org\/{rel}","templated":true}]}}