{"id":354089,"date":"2025-09-10T10:51:52","date_gmt":"2025-09-10T07:51:52","guid":{"rendered":"https:\/\/test.puhdasplus.ee\/\/tooted\/uncategorized\/strong-bromelain-800-gdu-344-mg-60-kapsulas\/"},"modified":"2026-02-22T22:45:42","modified_gmt":"2026-02-22T20:45:42","slug":"strong-bromelain-800-gdu-344-mg-60-kapsulas","status":"publish","type":"product","link":"https:\/\/test.puhdasplus.ee\/lv\/tooted\/gremosana-un-vielmaina\/strong-bromelain-800-gdu-344-mg-60-kapsulas\/","title":{"rendered":"Strong Bromelain 800 GDU 344 mg 60 kapsulas"},"content":{"rendered":"<p data-start=\"163\" data-end=\"403\"><strong data-start=\"163\" data-end=\"220\">Pure+ Strong Bromelain 800 GDU (344 mg), 60 kapsulas<\/strong> satur akt\u012bvo bromela\u012bnu \u2013 proteol\u012btisku enz\u012bmu, kas ieg\u016bts no ananasiem.<\/p>\n<p data-start=\"405\" data-end=\"610\">Produkts nesatur laktozi, glut\u0113nu, cukuru, s\u0101li, kukur\u016bzu, soju un saldin\u0101t\u0101jus, un ir piem\u0113rots veg\u0101niem un ve\u0123et\u0101rie\u0161iem. Ra\u017eots Somij\u0101, iev\u0113rojot augstus t\u012br\u012bbas un kvalit\u0101tes standartus. <\/p>\n<p data-start=\"612\" data-end=\"627\"><strong data-start=\"612\" data-end=\"625\">Funkcijas:<\/strong><\/p>\n<ul>\n<li data-start=\"687\" data-end=\"756\"><b>enz\u012bms, ko izmanto, lai pal\u012bdz\u0113tu p\u0101rtikas gremo\u0161an\u0101<\/b><\/li>\n<li data-start=\"757\" data-end=\"820\">\n<p data-start=\"759\" data-end=\"820\">Piem\u0113rots veg\u0101niem, bez glut\u0113na, laktozes vai saldin\u0101t\u0101jiem<\/p>\n<\/li>\n<li data-start=\"821\" data-end=\"871\">\n<p data-start=\"823\" data-end=\"871\">T\u012bras sast\u0101vda\u013cas un augsts akt\u012bvo vielu saturs<\/p>\n<\/li>\n<\/ul>\n<p data-start=\"873\" data-end=\"994\"><strong data-start=\"873\" data-end=\"889\">Sast\u0101vda\u013cas:<\/strong><br data-start=\"889\" data-end=\"892\"> Bromela\u012bns, pildviela (r\u012bsu milti), kapsula (hidroksipropilmetilceluloze), MCT pulveris (no kokosrieksta).<\/p>\n<p data-start=\"2265\" data-end=\"2369\"><strong data-start=\"2265\" data-end=\"2286\">Uzturvielu saturs:<\/strong><br data-start=\"2286\" data-end=\"2289\"> 1 kapsul\u0101: Bromela\u012bns 800 GDU (344 mg)<br data-start=\"2327\" data-end=\"2330\"> 2 kapsul\u0101s: Bromela\u012bns 1600 GDU (688 mg)<\/p>\n<p data-start=\"2678\" data-end=\"2722\"><strong data-start=\"2678\" data-end=\"2694\">Uzglab\u0101\u0161ana:<\/strong> Saus\u0101 viet\u0101 un istabas temperat\u016br\u0101.<\/p>\n<p data-start=\"996\" data-end=\"1013\"><strong data-start=\"996\" data-end=\"1011\">Lietojums:<\/strong><\/p>\n<ul data-start=\"1014\" data-end=\"1245\">\n<li data-start=\"1014\" data-end=\"1066\">\n<p data-start=\"1016\" data-end=\"1066\">Pieaugu\u0161ajiem lietot 1\u20132 kapsulas dien\u0101 \u0113\u0161anas laik\u0101.<\/p>\n<\/li>\n<li data-start=\"1067\" data-end=\"1113\">\n<p data-start=\"1069\" data-end=\"1113\">Ieteicamo dienas devu nedr\u012bkst p\u0101rsniegt.<\/p>\n<\/li>\n<li data-start=\"1114\" data-end=\"1206\">\n<p data-start=\"1116\" data-end=\"1206\">Uztura bag\u0101tin\u0101t\u0101js neaizst\u0101j daudzveid\u012bgu un sabalans\u0113tu uzturu vai vesel\u012bgu dz\u012bvesveidu.<\/p>\n<\/li>\n<li data-start=\"1207\" data-end=\"1245\">\n<p data-start=\"1209\" data-end=\"1245\">Sarg\u0101t no b\u0113rniem.<\/p>\n<\/li>\n<\/ul>\n","protected":false},"excerpt":{"rendered":"<p><strong data-start=\"1295\" data-end=\"1352\">Pure+ Strong Bromelain 800 GDU (344 mg), 60 kapsulas<\/strong> \u2013 sp\u0113c\u012bgs no anan\u0101siem ieg\u016bts enz\u012bms <b>ar augstu fermentat\u012bvo aktivit\u0101ti.<\/b><\/p>\n<p> Bez glut\u0113na un piem\u0113rots veg\u0101niem.<\/p>\n","protected":false},"featured_media":353821,"comment_status":"open","ping_status":"closed","template":"","meta":{"_acf_changed":false},"product_brand":[],"product_cat":[3344],"product_tag":[3605,3348,3347,7021,7025,7028,7027,7023,7018,2813,3206,2974],"class_list":{"0":"post-354089","1":"product","2":"type-product","3":"status-publish","4":"has-post-thumbnail","6":"product_cat-gremosana-un-vielmaina","7":"product_tag-atveselosanas","8":"product_tag-bez-glutena","9":"product_tag-bez-laktozes","10":"product_tag-bromelains","11":"product_tag-gremosanas-atbalsts-2","12":"product_tag-gremosanas-sistema","13":"product_tag-no-ananasiem-ieguts-enzims","14":"product_tag-proteolitiskais-enzims","15":"product_tag-specigs-bromelains","16":"product_tag-tirs","17":"product_tag-uztura-bagatinatajs","18":"product_tag-vegans","20":"first","21":"onbackorder","22":"taxable","23":"shipping-taxable","24":"purchasable","25":"product-type-simple"},"acf":[],"yoast_head":"<!-- This site is optimized with the Yoast SEO plugin v27.1.1 - https:\/\/yoast.com\/product\/yoast-seo-wordpress\/ -->\n<title>Strong Bromelain 800 GDU 344 mg 60 kapsulas - Puhdas+<\/title>\n<meta name=\"description\" content=\"Pure+ Strong Bromelain 800 GDU (344 mg), 60 kapsulas \u2013 no ananasiem ieg\u016bts enz\u012bms, kas atbalsta gremo\u0161anu un pal\u012bdz organismam atjaunoties.\" \/>\n<meta name=\"robots\" content=\"noindex, follow, max-snippet:-1, max-image-preview:large, max-video-preview:-1\" \/>\n<meta property=\"og:locale\" content=\"lv_LV\" \/>\n<meta property=\"og:type\" content=\"article\" \/>\n<meta property=\"og:title\" content=\"Strong Bromelain 800 GDU 344 mg 60 kapsulas - Puhdas+\" \/>\n<meta property=\"og:description\" content=\"Pure+ Strong Bromelain 800 GDU (344 mg), 60 kapsulas \u2013 no ananasiem ieg\u016bts enz\u012bms, kas atbalsta gremo\u0161anu un pal\u012bdz organismam atjaunoties.\" \/>\n<meta property=\"og:url\" content=\"https:\/\/test.puhdasplus.ee\/lv\/tooted\/gremosana-un-vielmaina\/strong-bromelain-800-gdu-344-mg-60-kapsulas\/\" \/>\n<meta property=\"og:site_name\" content=\"Puhdas+\" \/>\n<meta property=\"article:publisher\" content=\"https:\/\/www.facebook.com\/puhdasplus\" \/>\n<meta property=\"article:modified_time\" content=\"2026-02-22T20:45:42+00:00\" \/>\n<meta property=\"og:image\" content=\"https:\/\/test.puhdasplus.ee\/wp-content\/uploads\/2025\/09\/tooted-ilma-taustata-copy-3-scaled.jpg\" \/>\n\t<meta property=\"og:image:width\" content=\"1862\" \/>\n\t<meta property=\"og:image:height\" content=\"2560\" \/>\n\t<meta property=\"og:image:type\" content=\"image\/jpeg\" \/>\n<meta name=\"twitter:card\" content=\"summary_large_image\" \/>\n<meta name=\"twitter:label1\" content=\"Est. reading time\" \/>\n\t<meta name=\"twitter:data1\" content=\"1 minute\" \/>\n<script type=\"application\/ld+json\" class=\"yoast-schema-graph\">{\"@context\":\"https:\/\/schema.org\",\"@graph\":[{\"@type\":\"WebPage\",\"@id\":\"https:\/\/test.puhdasplus.ee\/lv\/tooted\/gremosana-un-vielmaina\/strong-bromelain-800-gdu-344-mg-60-kapsulas\/\",\"url\":\"https:\/\/test.puhdasplus.ee\/lv\/tooted\/gremosana-un-vielmaina\/strong-bromelain-800-gdu-344-mg-60-kapsulas\/\",\"name\":\"Strong Bromelain 800 GDU 344 mg 60 kapsulas - Puhdas+\",\"isPartOf\":{\"@id\":\"https:\/\/test.puhdasplus.ee\/lv\/#website\"},\"primaryImageOfPage\":{\"@id\":\"https:\/\/test.puhdasplus.ee\/lv\/tooted\/gremosana-un-vielmaina\/strong-bromelain-800-gdu-344-mg-60-kapsulas\/#primaryimage\"},\"image\":{\"@id\":\"https:\/\/test.puhdasplus.ee\/lv\/tooted\/gremosana-un-vielmaina\/strong-bromelain-800-gdu-344-mg-60-kapsulas\/#primaryimage\"},\"thumbnailUrl\":\"https:\/\/test.puhdasplus.ee\/wp-content\/uploads\/2025\/09\/tooted-ilma-taustata-copy-3-scaled.jpg\",\"datePublished\":\"2025-09-10T07:51:52+00:00\",\"dateModified\":\"2026-02-22T20:45:42+00:00\",\"description\":\"Pure+ Strong Bromelain 800 GDU (344 mg), 60 kapsulas \u2013 no ananasiem ieg\u016bts enz\u012bms, kas atbalsta gremo\u0161anu un pal\u012bdz organismam atjaunoties.\",\"breadcrumb\":{\"@id\":\"https:\/\/test.puhdasplus.ee\/lv\/tooted\/gremosana-un-vielmaina\/strong-bromelain-800-gdu-344-mg-60-kapsulas\/#breadcrumb\"},\"inLanguage\":\"lv-LV\",\"potentialAction\":[{\"@type\":\"ReadAction\",\"target\":[\"https:\/\/test.puhdasplus.ee\/lv\/tooted\/gremosana-un-vielmaina\/strong-bromelain-800-gdu-344-mg-60-kapsulas\/\"]}]},{\"@type\":\"ImageObject\",\"inLanguage\":\"lv-LV\",\"@id\":\"https:\/\/test.puhdasplus.ee\/lv\/tooted\/gremosana-un-vielmaina\/strong-bromelain-800-gdu-344-mg-60-kapsulas\/#primaryimage\",\"url\":\"https:\/\/test.puhdasplus.ee\/wp-content\/uploads\/2025\/09\/tooted-ilma-taustata-copy-3-scaled.jpg\",\"contentUrl\":\"https:\/\/test.puhdasplus.ee\/wp-content\/uploads\/2025\/09\/tooted-ilma-taustata-copy-3-scaled.jpg\",\"width\":1862,\"height\":2560,\"caption\":\"Pure+ Strength bromela\u012bns 800 GDU (344 mg), 60 kapsulas\"},{\"@type\":\"BreadcrumbList\",\"@id\":\"https:\/\/test.puhdasplus.ee\/lv\/tooted\/gremosana-un-vielmaina\/strong-bromelain-800-gdu-344-mg-60-kapsulas\/#breadcrumb\",\"itemListElement\":[{\"@type\":\"ListItem\",\"position\":1,\"name\":\"S\u0101kums\",\"item\":\"https:\/\/test.puhdasplus.ee\/lv\/\"},{\"@type\":\"ListItem\",\"position\":2,\"name\":\"Produkti\",\"item\":\"https:\/\/test.puhdasplus.ee\/lv\/veikals\/\"},{\"@type\":\"ListItem\",\"position\":3,\"name\":\"Strong Bromelain 800 GDU 344 mg 60 kapsulas\"}]},{\"@type\":\"WebSite\",\"@id\":\"https:\/\/test.puhdasplus.ee\/lv\/#website\",\"url\":\"https:\/\/test.puhdasplus.ee\/lv\/\",\"name\":\"Puhdas+\",\"description\":\"Vitamiinid, Toidulisandid, looduskosmeetika, tervis, sport\",\"publisher\":{\"@id\":\"https:\/\/test.puhdasplus.ee\/lv\/#organization\"},\"potentialAction\":[{\"@type\":\"SearchAction\",\"target\":{\"@type\":\"EntryPoint\",\"urlTemplate\":\"https:\/\/test.puhdasplus.ee\/lv\/?s={search_term_string}\"},\"query-input\":{\"@type\":\"PropertyValueSpecification\",\"valueRequired\":true,\"valueName\":\"search_term_string\"}}],\"inLanguage\":\"lv-LV\"},{\"@type\":\"Organization\",\"@id\":\"https:\/\/test.puhdasplus.ee\/lv\/#organization\",\"name\":\"Puhdas+\",\"alternateName\":\"Puhdasplus\",\"url\":\"https:\/\/test.puhdasplus.ee\/lv\/\",\"logo\":{\"@type\":\"ImageObject\",\"inLanguage\":\"lv-LV\",\"@id\":\"https:\/\/test.puhdasplus.ee\/lv\/#\/schema\/logo\/image\/\",\"url\":\"https:\/\/test.puhdasplus.ee\/\/wp-content\/uploads\/2019\/10\/puhdas_logo-arvele.png\",\"contentUrl\":\"https:\/\/test.puhdasplus.ee\/\/wp-content\/uploads\/2019\/10\/puhdas_logo-arvele.png\",\"width\":114,\"height\":94,\"caption\":\"Puhdas+\"},\"image\":{\"@id\":\"https:\/\/test.puhdasplus.ee\/lv\/#\/schema\/logo\/image\/\"},\"sameAs\":[\"https:\/\/www.facebook.com\/puhdasplus\",\"https:\/\/www.instagram.com\/puhdasplus_ee\/\"]}]}<\/script>\n<!-- \/ Yoast SEO plugin. -->","yoast_head_json":{"title":"Strong Bromelain 800 GDU 344 mg 60 kapsulas - Puhdas+","description":"Pure+ Strong Bromelain 800 GDU (344 mg), 60 kapsulas \u2013 no ananasiem ieg\u016bts enz\u012bms, kas atbalsta gremo\u0161anu un pal\u012bdz organismam atjaunoties.","robots":{"index":"noindex","follow":"follow","max-snippet":"max-snippet:-1","max-image-preview":"max-image-preview:large","max-video-preview":"max-video-preview:-1"},"og_locale":"lv_LV","og_type":"article","og_title":"Strong Bromelain 800 GDU 344 mg 60 kapsulas - Puhdas+","og_description":"Pure+ Strong Bromelain 800 GDU (344 mg), 60 kapsulas \u2013 no ananasiem ieg\u016bts enz\u012bms, kas atbalsta gremo\u0161anu un pal\u012bdz organismam atjaunoties.","og_url":"https:\/\/test.puhdasplus.ee\/lv\/tooted\/gremosana-un-vielmaina\/strong-bromelain-800-gdu-344-mg-60-kapsulas\/","og_site_name":"Puhdas+","article_publisher":"https:\/\/www.facebook.com\/puhdasplus","article_modified_time":"2026-02-22T20:45:42+00:00","og_image":[{"width":1862,"height":2560,"url":"https:\/\/test.puhdasplus.ee\/wp-content\/uploads\/2025\/09\/tooted-ilma-taustata-copy-3-scaled.jpg","type":"image\/jpeg"}],"twitter_card":"summary_large_image","twitter_misc":{"Est. reading time":"1 minute"},"schema":{"@context":"https:\/\/schema.org","@graph":[{"@type":"WebPage","@id":"https:\/\/test.puhdasplus.ee\/lv\/tooted\/gremosana-un-vielmaina\/strong-bromelain-800-gdu-344-mg-60-kapsulas\/","url":"https:\/\/test.puhdasplus.ee\/lv\/tooted\/gremosana-un-vielmaina\/strong-bromelain-800-gdu-344-mg-60-kapsulas\/","name":"Strong Bromelain 800 GDU 344 mg 60 kapsulas - Puhdas+","isPartOf":{"@id":"https:\/\/test.puhdasplus.ee\/lv\/#website"},"primaryImageOfPage":{"@id":"https:\/\/test.puhdasplus.ee\/lv\/tooted\/gremosana-un-vielmaina\/strong-bromelain-800-gdu-344-mg-60-kapsulas\/#primaryimage"},"image":{"@id":"https:\/\/test.puhdasplus.ee\/lv\/tooted\/gremosana-un-vielmaina\/strong-bromelain-800-gdu-344-mg-60-kapsulas\/#primaryimage"},"thumbnailUrl":"https:\/\/test.puhdasplus.ee\/wp-content\/uploads\/2025\/09\/tooted-ilma-taustata-copy-3-scaled.jpg","datePublished":"2025-09-10T07:51:52+00:00","dateModified":"2026-02-22T20:45:42+00:00","description":"Pure+ Strong Bromelain 800 GDU (344 mg), 60 kapsulas \u2013 no ananasiem ieg\u016bts enz\u012bms, kas atbalsta gremo\u0161anu un pal\u012bdz organismam atjaunoties.","breadcrumb":{"@id":"https:\/\/test.puhdasplus.ee\/lv\/tooted\/gremosana-un-vielmaina\/strong-bromelain-800-gdu-344-mg-60-kapsulas\/#breadcrumb"},"inLanguage":"lv-LV","potentialAction":[{"@type":"ReadAction","target":["https:\/\/test.puhdasplus.ee\/lv\/tooted\/gremosana-un-vielmaina\/strong-bromelain-800-gdu-344-mg-60-kapsulas\/"]}]},{"@type":"ImageObject","inLanguage":"lv-LV","@id":"https:\/\/test.puhdasplus.ee\/lv\/tooted\/gremosana-un-vielmaina\/strong-bromelain-800-gdu-344-mg-60-kapsulas\/#primaryimage","url":"https:\/\/test.puhdasplus.ee\/wp-content\/uploads\/2025\/09\/tooted-ilma-taustata-copy-3-scaled.jpg","contentUrl":"https:\/\/test.puhdasplus.ee\/wp-content\/uploads\/2025\/09\/tooted-ilma-taustata-copy-3-scaled.jpg","width":1862,"height":2560,"caption":"Pure+ Strength bromela\u012bns 800 GDU (344 mg), 60 kapsulas"},{"@type":"BreadcrumbList","@id":"https:\/\/test.puhdasplus.ee\/lv\/tooted\/gremosana-un-vielmaina\/strong-bromelain-800-gdu-344-mg-60-kapsulas\/#breadcrumb","itemListElement":[{"@type":"ListItem","position":1,"name":"S\u0101kums","item":"https:\/\/test.puhdasplus.ee\/lv\/"},{"@type":"ListItem","position":2,"name":"Produkti","item":"https:\/\/test.puhdasplus.ee\/lv\/veikals\/"},{"@type":"ListItem","position":3,"name":"Strong Bromelain 800 GDU 344 mg 60 kapsulas"}]},{"@type":"WebSite","@id":"https:\/\/test.puhdasplus.ee\/lv\/#website","url":"https:\/\/test.puhdasplus.ee\/lv\/","name":"Puhdas+","description":"Vitamiinid, Toidulisandid, looduskosmeetika, tervis, sport","publisher":{"@id":"https:\/\/test.puhdasplus.ee\/lv\/#organization"},"potentialAction":[{"@type":"SearchAction","target":{"@type":"EntryPoint","urlTemplate":"https:\/\/test.puhdasplus.ee\/lv\/?s={search_term_string}"},"query-input":{"@type":"PropertyValueSpecification","valueRequired":true,"valueName":"search_term_string"}}],"inLanguage":"lv-LV"},{"@type":"Organization","@id":"https:\/\/test.puhdasplus.ee\/lv\/#organization","name":"Puhdas+","alternateName":"Puhdasplus","url":"https:\/\/test.puhdasplus.ee\/lv\/","logo":{"@type":"ImageObject","inLanguage":"lv-LV","@id":"https:\/\/test.puhdasplus.ee\/lv\/#\/schema\/logo\/image\/","url":"https:\/\/test.puhdasplus.ee\/\/wp-content\/uploads\/2019\/10\/puhdas_logo-arvele.png","contentUrl":"https:\/\/test.puhdasplus.ee\/\/wp-content\/uploads\/2019\/10\/puhdas_logo-arvele.png","width":114,"height":94,"caption":"Puhdas+"},"image":{"@id":"https:\/\/test.puhdasplus.ee\/lv\/#\/schema\/logo\/image\/"},"sameAs":["https:\/\/www.facebook.com\/puhdasplus","https:\/\/www.instagram.com\/puhdasplus_ee\/"]}]}},"_links":{"self":[{"href":"https:\/\/test.puhdasplus.ee\/lv\/wp-json\/wp\/v2\/product\/354089","targetHints":{"allow":["GET"]}}],"collection":[{"href":"https:\/\/test.puhdasplus.ee\/lv\/wp-json\/wp\/v2\/product"}],"about":[{"href":"https:\/\/test.puhdasplus.ee\/lv\/wp-json\/wp\/v2\/types\/product"}],"replies":[{"embeddable":true,"href":"https:\/\/test.puhdasplus.ee\/lv\/wp-json\/wp\/v2\/comments?post=354089"}],"wp:featuredmedia":[{"embeddable":true,"href":"https:\/\/test.puhdasplus.ee\/lv\/wp-json\/wp\/v2\/media\/353821"}],"wp:attachment":[{"href":"https:\/\/test.puhdasplus.ee\/lv\/wp-json\/wp\/v2\/media?parent=354089"}],"wp:term":[{"taxonomy":"product_brand","embeddable":true,"href":"https:\/\/test.puhdasplus.ee\/lv\/wp-json\/wp\/v2\/product_brand?post=354089"},{"taxonomy":"product_cat","embeddable":true,"href":"https:\/\/test.puhdasplus.ee\/lv\/wp-json\/wp\/v2\/product_cat?post=354089"},{"taxonomy":"product_tag","embeddable":true,"href":"https:\/\/test.puhdasplus.ee\/lv\/wp-json\/wp\/v2\/product_tag?post=354089"}],"curies":[{"name":"wp","href":"https:\/\/api.w.org\/{rel}","templated":true}]}}