{"id":354082,"date":"2025-09-10T10:32:02","date_gmt":"2025-09-10T07:32:02","guid":{"rendered":"https:\/\/test.puhdasplus.ee\/\/tooted\/uncategorized\/kolagena-konfektes-50-gab\/"},"modified":"2026-03-04T22:03:09","modified_gmt":"2026-03-04T20:03:09","slug":"kolagena-konfektes-50-gab","status":"publish","type":"product","link":"https:\/\/test.puhdasplus.ee\/lv\/tooted\/ada-mati-nagi\/kolagens\/kolagena-konfektes-50-gab\/","title":{"rendered":"Kolag\u0113na konfektes 50 gab."},"content":{"rendered":"<p>Puhdas+ kolag\u0113na konfektes ir m\u012bkstas un gardas ave\u0146u gar\u0161as konfektes, kas satur hidroliz\u0113tu liellopu kolag\u0113nu. Pateicoties to bezcukura sast\u0101vam, t\u0101s ir labi piem\u0113rotas ikdienas lieto\u0161anai, nodro\u0161inot \u0113rtu veidu, k\u0101 uz\u0146emt kolag\u0113nu. Produkts nesatur glut\u0113nu un laktozi, un nesatur piena produktus, raugu vai soju.  <\/p>\n<p data-start=\"522\" data-end=\"537\"><strong data-start=\"522\" data-end=\"535\">Funkcijas:<\/strong><\/p>\n<ul data-start=\"538\" data-end=\"775\">\n<li data-start=\"538\" data-end=\"593\">\n<p data-start=\"540\" data-end=\"593\">1\u20134 konfektes satur kop\u0101 <strong data-start=\"565\" data-end=\"591\">250\u20131000 mg kolag\u0113na<\/strong><\/p>\n<\/li>\n<li data-start=\"594\" data-end=\"624\">\n<p data-start=\"596\" data-end=\"624\">Bez cukura un bez glut\u0113na<\/p>\n<\/li>\n<li data-start=\"625\" data-end=\"651\">\n<p data-start=\"627\" data-end=\"651\">Dab\u012bga ave\u0146u gar\u0161a<\/p>\n<\/li>\n<li data-start=\"652\" data-end=\"717\">\n<p data-start=\"654\" data-end=\"717\">Ra\u017eots Somij\u0101, iev\u0113rojot augstus t\u012br\u012bbas un kvalit\u0101tes standartus<\/p>\n<\/li>\n<li data-start=\"718\" data-end=\"775\">\n<p data-start=\"720\" data-end=\"775\">Viegli lietojams bez \u016bdens \u2013 \u0113rts ikdienas risin\u0101jums<\/p>\n<\/li>\n<\/ul>\n<p><strong data-start=\"777\" data-end=\"793\">Sast\u0101vda\u013cas:<\/strong><br data-start=\"793\" data-end=\"796\"> Saldin\u0101t\u0101js (maltitola s\u012brups), \u016bdens, hidroliz\u0113ts liellopu kolag\u0113ns, biezin\u0101t\u0101js (pekt\u012bns), sk\u0101buma regul\u0113t\u0101js (citronsk\u0101be), dab\u012bga ave\u0146u gar\u0161a, kr\u0101sviela (antocian\u012bns), glaz\u016bras l\u012bdzeklis (karnaubas vasks).<\/p>\n<p data-start=\"1003\" data-end=\"1020\"><strong data-start=\"1003\" data-end=\"1018\">Lietojums:<\/strong><\/p>\n<ul data-start=\"1021\" data-end=\"1230\">\n<li data-start=\"1021\" data-end=\"1065\">\n<p data-start=\"1023\" data-end=\"1065\">Ieteicam\u0101 dienas deva: <strong data-start=\"1050\" data-end=\"1063\">1\u20134 konfektes<\/strong><\/p>\n<\/li>\n<li data-start=\"1066\" data-end=\"1100\">\n<p data-start=\"1068\" data-end=\"1100\">Dienas devu nedr\u012bkst p\u0101rsniegt.<\/p>\n<\/li>\n<li data-start=\"1101\" data-end=\"1192\">\n<p data-start=\"1103\" data-end=\"1192\">Uztura bag\u0101tin\u0101t\u0101js neaizst\u0101j daudzveid\u012bgu un sabalans\u0113tu uzturu vai vesel\u012bgu dz\u012bvesveidu.<\/p>\n<\/li>\n<li data-start=\"1193\" data-end=\"1230\">\n<p data-start=\"1195\" data-end=\"1230\">Sarg\u0101t no b\u0113rniem.<\/p>\n<\/li>\n<\/ul>\n","protected":false},"excerpt":{"rendered":"<p><strong data-start=\"1269\" data-end=\"1303\">Puhdas+ kolag\u0113na konfektes 50 gab.<\/strong> \u2013 bezcukura konfektes ar ave\u0146u gar\u0161u, kas satur hidroliz\u0113tu kolag\u0113nu (250\u20131000 mg dien\u0101). Gardas un vienk\u0101r\u0161as kolag\u0113na uz\u0146em\u0161anas iesp\u0113jas. <\/p>\n","protected":false},"featured_media":353799,"comment_status":"open","ping_status":"closed","template":"","meta":{"_acf_changed":false},"product_brand":[],"product_cat":[3296,4069],"product_tag":[6946,6986,3348,3347,4071,6982,6281,3484,6988,6984,2813,6943],"class_list":{"0":"post-354082","1":"product","2":"type-product","3":"status-publish","4":"has-post-thumbnail","6":"product_cat-ada-mati-nagi","7":"product_cat-kolagens","8":"product_tag-ada-mati-nagi","9":"product_tag-bez-cukura","10":"product_tag-bez-glutena","11":"product_tag-bez-laktozes","12":"product_tag-hidrolizets-kolagens","13":"product_tag-kolagena-konfektes","14":"product_tag-kolagena-uztura-bagatinatajs","15":"product_tag-kolagens","16":"product_tag-razots-somija","17":"product_tag-skaistumkopsanas-piedevas","18":"product_tag-tirs","19":"product_tag-uztura-bagatinataji","21":"first","22":"onbackorder","23":"taxable","24":"shipping-taxable","25":"purchasable","26":"product-type-simple"},"acf":[],"yoast_head":"<!-- This site is optimized with the Yoast SEO plugin v27.1.1 - https:\/\/yoast.com\/product\/yoast-seo-wordpress\/ -->\n<title>Kolag\u0113na konfektes 50 gab. - Puhdas+<\/title>\n<meta name=\"description\" content=\"Puhdas+ kolag\u0113na konfektes 50 gab. \u2013 bezcukura ave\u0146u gar\u0161as konfektes ar hidroliz\u0113tu kolag\u0113nu. Vienk\u0101r\u0161s un gards atbalsts \u0101das, matu un nagu labsaj\u016btai.\" \/>\n<meta name=\"robots\" content=\"noindex, follow, max-snippet:-1, max-image-preview:large, max-video-preview:-1\" \/>\n<meta property=\"og:locale\" content=\"lv_LV\" \/>\n<meta property=\"og:type\" content=\"article\" \/>\n<meta property=\"og:title\" content=\"Kolag\u0113na konfektes 50 gab. - Puhdas+\" \/>\n<meta property=\"og:description\" content=\"Puhdas+ kolag\u0113na konfektes 50 gab. \u2013 bezcukura ave\u0146u gar\u0161as konfektes ar hidroliz\u0113tu kolag\u0113nu. Vienk\u0101r\u0161s un gards atbalsts \u0101das, matu un nagu labsaj\u016btai.\" \/>\n<meta property=\"og:url\" content=\"https:\/\/test.puhdasplus.ee\/lv\/tooted\/ada-mati-nagi\/kolagens\/kolagena-konfektes-50-gab\/\" \/>\n<meta property=\"og:site_name\" content=\"Puhdas+\" \/>\n<meta property=\"article:publisher\" content=\"https:\/\/www.facebook.com\/puhdasplus\" \/>\n<meta property=\"article:modified_time\" content=\"2026-03-04T20:03:09+00:00\" \/>\n<meta property=\"og:image\" content=\"https:\/\/test.puhdasplus.ee\/wp-content\/uploads\/2025\/09\/tooted-ilma-taustata-copy-1-scaled.jpg\" \/>\n\t<meta property=\"og:image:width\" content=\"1862\" \/>\n\t<meta property=\"og:image:height\" content=\"2560\" \/>\n\t<meta property=\"og:image:type\" content=\"image\/jpeg\" \/>\n<meta name=\"twitter:card\" content=\"summary_large_image\" \/>\n<meta name=\"twitter:label1\" content=\"Est. reading time\" \/>\n\t<meta name=\"twitter:data1\" content=\"1 minute\" \/>\n<script type=\"application\/ld+json\" class=\"yoast-schema-graph\">{\"@context\":\"https:\/\/schema.org\",\"@graph\":[{\"@type\":\"WebPage\",\"@id\":\"https:\/\/test.puhdasplus.ee\/lv\/tooted\/ada-mati-nagi\/kolagens\/kolagena-konfektes-50-gab\/\",\"url\":\"https:\/\/test.puhdasplus.ee\/lv\/tooted\/ada-mati-nagi\/kolagens\/kolagena-konfektes-50-gab\/\",\"name\":\"Kolag\u0113na konfektes 50 gab. - Puhdas+\",\"isPartOf\":{\"@id\":\"https:\/\/test.puhdasplus.ee\/lv\/#website\"},\"primaryImageOfPage\":{\"@id\":\"https:\/\/test.puhdasplus.ee\/lv\/tooted\/ada-mati-nagi\/kolagens\/kolagena-konfektes-50-gab\/#primaryimage\"},\"image\":{\"@id\":\"https:\/\/test.puhdasplus.ee\/lv\/tooted\/ada-mati-nagi\/kolagens\/kolagena-konfektes-50-gab\/#primaryimage\"},\"thumbnailUrl\":\"https:\/\/test.puhdasplus.ee\/wp-content\/uploads\/2025\/09\/tooted-ilma-taustata-copy-1-scaled.jpg\",\"datePublished\":\"2025-09-10T07:32:02+00:00\",\"dateModified\":\"2026-03-04T20:03:09+00:00\",\"description\":\"Puhdas+ kolag\u0113na konfektes 50 gab. \u2013 bezcukura ave\u0146u gar\u0161as konfektes ar hidroliz\u0113tu kolag\u0113nu. Vienk\u0101r\u0161s un gards atbalsts \u0101das, matu un nagu labsaj\u016btai.\",\"breadcrumb\":{\"@id\":\"https:\/\/test.puhdasplus.ee\/lv\/tooted\/ada-mati-nagi\/kolagens\/kolagena-konfektes-50-gab\/#breadcrumb\"},\"inLanguage\":\"lv-LV\",\"potentialAction\":[{\"@type\":\"ReadAction\",\"target\":[\"https:\/\/test.puhdasplus.ee\/lv\/tooted\/ada-mati-nagi\/kolagens\/kolagena-konfektes-50-gab\/\"]}]},{\"@type\":\"ImageObject\",\"inLanguage\":\"lv-LV\",\"@id\":\"https:\/\/test.puhdasplus.ee\/lv\/tooted\/ada-mati-nagi\/kolagens\/kolagena-konfektes-50-gab\/#primaryimage\",\"url\":\"https:\/\/test.puhdasplus.ee\/wp-content\/uploads\/2025\/09\/tooted-ilma-taustata-copy-1-scaled.jpg\",\"contentUrl\":\"https:\/\/test.puhdasplus.ee\/wp-content\/uploads\/2025\/09\/tooted-ilma-taustata-copy-1-scaled.jpg\",\"width\":1862,\"height\":2560,\"caption\":\"Pure+ kolag\u0113na konfektes 50 gab.\"},{\"@type\":\"BreadcrumbList\",\"@id\":\"https:\/\/test.puhdasplus.ee\/lv\/tooted\/ada-mati-nagi\/kolagens\/kolagena-konfektes-50-gab\/#breadcrumb\",\"itemListElement\":[{\"@type\":\"ListItem\",\"position\":1,\"name\":\"S\u0101kums\",\"item\":\"https:\/\/test.puhdasplus.ee\/lv\/\"},{\"@type\":\"ListItem\",\"position\":2,\"name\":\"Produkti\",\"item\":\"https:\/\/test.puhdasplus.ee\/lv\/veikals\/\"},{\"@type\":\"ListItem\",\"position\":3,\"name\":\"Kolag\u0113na konfektes 50 gab.\"}]},{\"@type\":\"WebSite\",\"@id\":\"https:\/\/test.puhdasplus.ee\/lv\/#website\",\"url\":\"https:\/\/test.puhdasplus.ee\/lv\/\",\"name\":\"Puhdas+\",\"description\":\"Vitamiinid, Toidulisandid, looduskosmeetika, tervis, sport\",\"publisher\":{\"@id\":\"https:\/\/test.puhdasplus.ee\/lv\/#organization\"},\"potentialAction\":[{\"@type\":\"SearchAction\",\"target\":{\"@type\":\"EntryPoint\",\"urlTemplate\":\"https:\/\/test.puhdasplus.ee\/lv\/?s={search_term_string}\"},\"query-input\":{\"@type\":\"PropertyValueSpecification\",\"valueRequired\":true,\"valueName\":\"search_term_string\"}}],\"inLanguage\":\"lv-LV\"},{\"@type\":\"Organization\",\"@id\":\"https:\/\/test.puhdasplus.ee\/lv\/#organization\",\"name\":\"Puhdas+\",\"alternateName\":\"Puhdasplus\",\"url\":\"https:\/\/test.puhdasplus.ee\/lv\/\",\"logo\":{\"@type\":\"ImageObject\",\"inLanguage\":\"lv-LV\",\"@id\":\"https:\/\/test.puhdasplus.ee\/lv\/#\/schema\/logo\/image\/\",\"url\":\"https:\/\/test.puhdasplus.ee\/\/wp-content\/uploads\/2019\/10\/puhdas_logo-arvele.png\",\"contentUrl\":\"https:\/\/test.puhdasplus.ee\/\/wp-content\/uploads\/2019\/10\/puhdas_logo-arvele.png\",\"width\":114,\"height\":94,\"caption\":\"Puhdas+\"},\"image\":{\"@id\":\"https:\/\/test.puhdasplus.ee\/lv\/#\/schema\/logo\/image\/\"},\"sameAs\":[\"https:\/\/www.facebook.com\/puhdasplus\",\"https:\/\/www.instagram.com\/puhdasplus_ee\/\"]}]}<\/script>\n<!-- \/ Yoast SEO plugin. -->","yoast_head_json":{"title":"Kolag\u0113na konfektes 50 gab. - Puhdas+","description":"Puhdas+ kolag\u0113na konfektes 50 gab. \u2013 bezcukura ave\u0146u gar\u0161as konfektes ar hidroliz\u0113tu kolag\u0113nu. Vienk\u0101r\u0161s un gards atbalsts \u0101das, matu un nagu labsaj\u016btai.","robots":{"index":"noindex","follow":"follow","max-snippet":"max-snippet:-1","max-image-preview":"max-image-preview:large","max-video-preview":"max-video-preview:-1"},"og_locale":"lv_LV","og_type":"article","og_title":"Kolag\u0113na konfektes 50 gab. - Puhdas+","og_description":"Puhdas+ kolag\u0113na konfektes 50 gab. \u2013 bezcukura ave\u0146u gar\u0161as konfektes ar hidroliz\u0113tu kolag\u0113nu. Vienk\u0101r\u0161s un gards atbalsts \u0101das, matu un nagu labsaj\u016btai.","og_url":"https:\/\/test.puhdasplus.ee\/lv\/tooted\/ada-mati-nagi\/kolagens\/kolagena-konfektes-50-gab\/","og_site_name":"Puhdas+","article_publisher":"https:\/\/www.facebook.com\/puhdasplus","article_modified_time":"2026-03-04T20:03:09+00:00","og_image":[{"width":1862,"height":2560,"url":"https:\/\/test.puhdasplus.ee\/wp-content\/uploads\/2025\/09\/tooted-ilma-taustata-copy-1-scaled.jpg","type":"image\/jpeg"}],"twitter_card":"summary_large_image","twitter_misc":{"Est. reading time":"1 minute"},"schema":{"@context":"https:\/\/schema.org","@graph":[{"@type":"WebPage","@id":"https:\/\/test.puhdasplus.ee\/lv\/tooted\/ada-mati-nagi\/kolagens\/kolagena-konfektes-50-gab\/","url":"https:\/\/test.puhdasplus.ee\/lv\/tooted\/ada-mati-nagi\/kolagens\/kolagena-konfektes-50-gab\/","name":"Kolag\u0113na konfektes 50 gab. - Puhdas+","isPartOf":{"@id":"https:\/\/test.puhdasplus.ee\/lv\/#website"},"primaryImageOfPage":{"@id":"https:\/\/test.puhdasplus.ee\/lv\/tooted\/ada-mati-nagi\/kolagens\/kolagena-konfektes-50-gab\/#primaryimage"},"image":{"@id":"https:\/\/test.puhdasplus.ee\/lv\/tooted\/ada-mati-nagi\/kolagens\/kolagena-konfektes-50-gab\/#primaryimage"},"thumbnailUrl":"https:\/\/test.puhdasplus.ee\/wp-content\/uploads\/2025\/09\/tooted-ilma-taustata-copy-1-scaled.jpg","datePublished":"2025-09-10T07:32:02+00:00","dateModified":"2026-03-04T20:03:09+00:00","description":"Puhdas+ kolag\u0113na konfektes 50 gab. \u2013 bezcukura ave\u0146u gar\u0161as konfektes ar hidroliz\u0113tu kolag\u0113nu. Vienk\u0101r\u0161s un gards atbalsts \u0101das, matu un nagu labsaj\u016btai.","breadcrumb":{"@id":"https:\/\/test.puhdasplus.ee\/lv\/tooted\/ada-mati-nagi\/kolagens\/kolagena-konfektes-50-gab\/#breadcrumb"},"inLanguage":"lv-LV","potentialAction":[{"@type":"ReadAction","target":["https:\/\/test.puhdasplus.ee\/lv\/tooted\/ada-mati-nagi\/kolagens\/kolagena-konfektes-50-gab\/"]}]},{"@type":"ImageObject","inLanguage":"lv-LV","@id":"https:\/\/test.puhdasplus.ee\/lv\/tooted\/ada-mati-nagi\/kolagens\/kolagena-konfektes-50-gab\/#primaryimage","url":"https:\/\/test.puhdasplus.ee\/wp-content\/uploads\/2025\/09\/tooted-ilma-taustata-copy-1-scaled.jpg","contentUrl":"https:\/\/test.puhdasplus.ee\/wp-content\/uploads\/2025\/09\/tooted-ilma-taustata-copy-1-scaled.jpg","width":1862,"height":2560,"caption":"Pure+ kolag\u0113na konfektes 50 gab."},{"@type":"BreadcrumbList","@id":"https:\/\/test.puhdasplus.ee\/lv\/tooted\/ada-mati-nagi\/kolagens\/kolagena-konfektes-50-gab\/#breadcrumb","itemListElement":[{"@type":"ListItem","position":1,"name":"S\u0101kums","item":"https:\/\/test.puhdasplus.ee\/lv\/"},{"@type":"ListItem","position":2,"name":"Produkti","item":"https:\/\/test.puhdasplus.ee\/lv\/veikals\/"},{"@type":"ListItem","position":3,"name":"Kolag\u0113na konfektes 50 gab."}]},{"@type":"WebSite","@id":"https:\/\/test.puhdasplus.ee\/lv\/#website","url":"https:\/\/test.puhdasplus.ee\/lv\/","name":"Puhdas+","description":"Vitamiinid, Toidulisandid, looduskosmeetika, tervis, sport","publisher":{"@id":"https:\/\/test.puhdasplus.ee\/lv\/#organization"},"potentialAction":[{"@type":"SearchAction","target":{"@type":"EntryPoint","urlTemplate":"https:\/\/test.puhdasplus.ee\/lv\/?s={search_term_string}"},"query-input":{"@type":"PropertyValueSpecification","valueRequired":true,"valueName":"search_term_string"}}],"inLanguage":"lv-LV"},{"@type":"Organization","@id":"https:\/\/test.puhdasplus.ee\/lv\/#organization","name":"Puhdas+","alternateName":"Puhdasplus","url":"https:\/\/test.puhdasplus.ee\/lv\/","logo":{"@type":"ImageObject","inLanguage":"lv-LV","@id":"https:\/\/test.puhdasplus.ee\/lv\/#\/schema\/logo\/image\/","url":"https:\/\/test.puhdasplus.ee\/\/wp-content\/uploads\/2019\/10\/puhdas_logo-arvele.png","contentUrl":"https:\/\/test.puhdasplus.ee\/\/wp-content\/uploads\/2019\/10\/puhdas_logo-arvele.png","width":114,"height":94,"caption":"Puhdas+"},"image":{"@id":"https:\/\/test.puhdasplus.ee\/lv\/#\/schema\/logo\/image\/"},"sameAs":["https:\/\/www.facebook.com\/puhdasplus","https:\/\/www.instagram.com\/puhdasplus_ee\/"]}]}},"_links":{"self":[{"href":"https:\/\/test.puhdasplus.ee\/lv\/wp-json\/wp\/v2\/product\/354082","targetHints":{"allow":["GET"]}}],"collection":[{"href":"https:\/\/test.puhdasplus.ee\/lv\/wp-json\/wp\/v2\/product"}],"about":[{"href":"https:\/\/test.puhdasplus.ee\/lv\/wp-json\/wp\/v2\/types\/product"}],"replies":[{"embeddable":true,"href":"https:\/\/test.puhdasplus.ee\/lv\/wp-json\/wp\/v2\/comments?post=354082"}],"wp:featuredmedia":[{"embeddable":true,"href":"https:\/\/test.puhdasplus.ee\/lv\/wp-json\/wp\/v2\/media\/353799"}],"wp:attachment":[{"href":"https:\/\/test.puhdasplus.ee\/lv\/wp-json\/wp\/v2\/media?parent=354082"}],"wp:term":[{"taxonomy":"product_brand","embeddable":true,"href":"https:\/\/test.puhdasplus.ee\/lv\/wp-json\/wp\/v2\/product_brand?post=354082"},{"taxonomy":"product_cat","embeddable":true,"href":"https:\/\/test.puhdasplus.ee\/lv\/wp-json\/wp\/v2\/product_cat?post=354082"},{"taxonomy":"product_tag","embeddable":true,"href":"https:\/\/test.puhdasplus.ee\/lv\/wp-json\/wp\/v2\/product_tag?post=354082"}],"curies":[{"name":"wp","href":"https:\/\/api.w.org\/{rel}","templated":true}]}}