{"id":353953,"date":"2025-09-10T10:20:34","date_gmt":"2025-09-10T07:20:34","guid":{"rendered":"https:\/\/test.puhdasplus.ee\/\/tooted\/uncategorized\/stipra-diatomita-zeme-200-g\/"},"modified":"2026-02-22T22:45:45","modified_gmt":"2026-02-22T20:45:45","slug":"stipra-diatomita-zeme-200-g","status":"publish","type":"product","link":"https:\/\/test.puhdasplus.ee\/lv\/tooted\/minerali\/stipra-diatomita-zeme-200-g\/","title":{"rendered":"Stipra diatom\u012bta zeme 200 g"},"content":{"rendered":"<p>Pure+ Strong diatom\u012bta zeme ir augstas t\u012br\u012bbas pak\u0101pes sil\u012bcija dioks\u012bda pulveris (100% t\u012brs sil\u012bcija dioks\u012bda pulveris). Tas ir piln\u012bb\u0101 bezpiedevu uztura bag\u0101tin\u0101t\u0101js, kas nesatur konservantus, kr\u0101svielas, pildvielas, saldin\u0101t\u0101jus, s\u0101li, glut\u0113nu, laktozi, pienu, raugu vai soju. Produkts ir bez aromatiz\u0113t\u0101ja un piem\u0113rots gan veg\u0101niem, gan ve\u0123et\u0101rie\u0161iem.  <\/p>\n<p data-start=\"492\" data-end=\"518\"><strong data-start=\"492\" data-end=\"516\">Funkcijas un priek\u0161roc\u012bbas:<\/strong><\/p>\n<ul data-start=\"519\" data-end=\"740\">\n<li data-start=\"519\" data-end=\"560\">\n<p data-start=\"521\" data-end=\"560\">100% t\u012brs un bez piedev\u0101m sast\u0101vs<\/p>\n<\/li>\n<li data-start=\"561\" data-end=\"614\">\n<p data-start=\"563\" data-end=\"614\">Nesatur alerg\u0113nus vai ierastas piedevas<\/p>\n<\/li>\n<li data-start=\"615\" data-end=\"673\">\n<p data-start=\"617\" data-end=\"673\">Bez gar\u0161as \u2013 viegli sajaucams ar \u0113dieniem un dz\u0113rieniem<\/p>\n<\/li>\n<li data-start=\"674\" data-end=\"740\">\n<p data-start=\"676\" data-end=\"740\">Ra\u017eots Somij\u0101 atbilsto\u0161i augstiem kvalit\u0101tes standartiem<\/p>\n<\/li>\n<\/ul>\n<p data-start=\"742\" data-end=\"762\"><strong data-start=\"742\" data-end=\"760\">Lietot\u0101ja rokasgr\u0101mata:<\/strong><\/p>\n<ul data-start=\"763\" data-end=\"1045\">\n<li data-start=\"763\" data-end=\"866\">\n<p data-start=\"765\" data-end=\"866\">Ieteicam\u0101 dienas deva: 1-2 t\u0113jkarotes (aptuveni 2-4 g) dien\u0101. Pievienojiet \u0161\u0137idrumam vai \u0113dienam. <\/p>\n<\/li>\n<li data-start=\"867\" data-end=\"913\">\n<p data-start=\"869\" data-end=\"913\">Ieteicamo dienas devu nedr\u012bkst p\u0101rsniegt.<\/p>\n<\/li>\n<li data-start=\"914\" data-end=\"1006\">\n<p data-start=\"916\" data-end=\"1006\">Uztura bag\u0101tin\u0101t\u0101js neaizst\u0101j daudzveid\u012bgu un sabalans\u0113tu uzturu vai vesel\u012bgu dz\u012bvesveidu.<\/p>\n<\/li>\n<li data-start=\"1007\" data-end=\"1045\">\n<p data-start=\"1009\" data-end=\"1045\">Sarg\u0101t no b\u0113rniem.<\/p>\n<\/li>\n<li data-start=\"1007\" data-end=\"1045\">Uzglab\u0101t saus\u0101 viet\u0101 un istabas temperat\u016br\u0101.<\/li>\n<\/ul>\n<p><strong data-start=\"1047\" data-end=\"1059\">Uzturvielu saturs:<\/strong><\/p>\n<ul>\n<li data-start=\"1047\" data-end=\"1061\">1 t\u0113jkarote (2 g) satur 0,94 g sil\u012bcija dioks\u012bda<\/li>\n<li data-start=\"1047\" data-end=\"1061\">2 t\u0113jkarotes (4 g) satur 1,87 g sil\u012bcija dioks\u012bda<\/li>\n<\/ul>\n<p data-start=\"1047\" data-end=\"1061\"><strong data-start=\"1047\" data-end=\"1059\">Neto daudzums:<\/strong><\/p>\n<ul data-start=\"1062\" data-end=\"1171\">\n<li data-start=\"1062\" data-end=\"1103\">200 g (apm\u0113ram 100 porcijas)<\/li>\n<\/ul>\n<h3 data-start=\"80\" data-end=\"96\">Sast\u0101vda\u013cas<\/h3>\n<ul data-start=\"98\" data-end=\"511\">\n<li data-start=\"98\" data-end=\"245\">\n<p data-start=\"100\" data-end=\"245\"><strong data-start=\"100\" data-end=\"120\">100% diatom\u012bta zeme<\/strong> (dab\u012bgs sil\u012bcija dioks\u012bda avots). Produkts nesatur nek\u0101das citas vielas. <\/p>\n<\/li>\n<\/ul>\n","protected":false},"excerpt":{"rendered":"<p><strong data-start=\"64\" data-end=\"98\">Pure+ Strong Silica 200 g<\/strong> ir 100% t\u012brs un bezgar\u0161as sil\u012bcija dioks\u012bda pulveris, kas ra\u017eots bez jebk\u0101d\u0101m piedev\u0101m vai pildviel\u0101m. Pateicoties neitr\u0101lajai gar\u0161ai, to ir viegli sajaukt ar \u016bdeni, sulu, sm\u016btijiem vai p\u0101rtiku. Produkts nesatur glut\u0113nu, laktozi, piena produktus, raugu, soju vai saldin\u0101t\u0101jus, t\u0101p\u0113c ir piem\u0113rots ar\u012b veg\u0101niem un ve\u0123et\u0101rie\u0161iem. Ra\u017eots Somij\u0101 saska\u0146\u0101 ar augstiem kvalit\u0101tes standartiem, lai nodro\u0161in\u0101tu t\u012br\u012bbu un dro\u0161\u012bbu.   <\/p>\n","protected":false},"featured_media":353793,"comment_status":"open","ping_status":"closed","template":"","meta":{"_acf_changed":false},"product_brand":[],"product_cat":[3483,3200],"product_tag":[6946,3348,3347,6945,6947,6345,6941,6938,6936,2813,6943,5564],"class_list":{"0":"post-353953","1":"product","2":"type-product","3":"status-publish","4":"has-post-thumbnail","6":"product_cat-locitavas-muskuli-un-kauli","7":"product_cat-minerali","8":"product_tag-ada-mati-nagi","9":"product_tag-bez-glutena","10":"product_tag-bez-laktozes","11":"product_tag-bez-piedevam-2","12":"product_tag-kauli-un-locitavas","13":"product_tag-minerali","14":"product_tag-silicija-dioksids","15":"product_tag-silicija-piedeva","16":"product_tag-silicija-pulveris","17":"product_tag-tirs","18":"product_tag-uztura-bagatinataji","19":"product_tag-veganu-uztura-bagatinatajs","21":"first","22":"onbackorder","23":"taxable","24":"shipping-taxable","25":"purchasable","26":"product-type-simple"},"acf":[],"yoast_head":"<!-- This site is optimized with the Yoast SEO plugin v27.1.1 - https:\/\/yoast.com\/product\/yoast-seo-wordpress\/ -->\n<title>Stipra diatom\u012bta zeme 200 g - Puhdas+<\/title>\n<meta name=\"description\" content=\"Pure+ Strong sil\u012bcija pulveris 200 g \u2013 100% t\u012brs un bez piedev\u0101m sil\u012bcija pulveris. Bez gar\u0161as un viegli sajaucams ar dz\u0113rieniem vai \u0113dieniem. Piem\u0113rots veg\u0101niem.\" \/>\n<meta name=\"robots\" content=\"noindex, follow, max-snippet:-1, max-image-preview:large, max-video-preview:-1\" \/>\n<meta property=\"og:locale\" content=\"lv_LV\" \/>\n<meta property=\"og:type\" content=\"article\" \/>\n<meta property=\"og:title\" content=\"Stipra diatom\u012bta zeme 200 g - Puhdas+\" \/>\n<meta property=\"og:description\" content=\"Pure+ Strong sil\u012bcija pulveris 200 g \u2013 100% t\u012brs un bez piedev\u0101m sil\u012bcija pulveris. Bez gar\u0161as un viegli sajaucams ar dz\u0113rieniem vai \u0113dieniem. Piem\u0113rots veg\u0101niem.\" \/>\n<meta property=\"og:url\" content=\"https:\/\/test.puhdasplus.ee\/lv\/tooted\/minerali\/stipra-diatomita-zeme-200-g\/\" \/>\n<meta property=\"og:site_name\" content=\"Puhdas+\" \/>\n<meta property=\"article:publisher\" content=\"https:\/\/www.facebook.com\/puhdasplus\" \/>\n<meta property=\"article:modified_time\" content=\"2026-02-22T20:45:45+00:00\" \/>\n<meta property=\"og:image\" content=\"https:\/\/test.puhdasplus.ee\/wp-content\/uploads\/2025\/09\/tooted-ilma-taustata-1-scaled.jpg\" \/>\n\t<meta property=\"og:image:width\" content=\"1862\" \/>\n\t<meta property=\"og:image:height\" content=\"2560\" \/>\n\t<meta property=\"og:image:type\" content=\"image\/jpeg\" \/>\n<meta name=\"twitter:card\" content=\"summary_large_image\" \/>\n<meta name=\"twitter:label1\" content=\"Est. reading time\" \/>\n\t<meta name=\"twitter:data1\" content=\"1 minute\" \/>\n<script type=\"application\/ld+json\" class=\"yoast-schema-graph\">{\"@context\":\"https:\/\/schema.org\",\"@graph\":[{\"@type\":\"WebPage\",\"@id\":\"https:\/\/test.puhdasplus.ee\/lv\/tooted\/minerali\/stipra-diatomita-zeme-200-g\/\",\"url\":\"https:\/\/test.puhdasplus.ee\/lv\/tooted\/minerali\/stipra-diatomita-zeme-200-g\/\",\"name\":\"Stipra diatom\u012bta zeme 200 g - Puhdas+\",\"isPartOf\":{\"@id\":\"https:\/\/test.puhdasplus.ee\/lv\/#website\"},\"primaryImageOfPage\":{\"@id\":\"https:\/\/test.puhdasplus.ee\/lv\/tooted\/minerali\/stipra-diatomita-zeme-200-g\/#primaryimage\"},\"image\":{\"@id\":\"https:\/\/test.puhdasplus.ee\/lv\/tooted\/minerali\/stipra-diatomita-zeme-200-g\/#primaryimage\"},\"thumbnailUrl\":\"https:\/\/test.puhdasplus.ee\/wp-content\/uploads\/2025\/09\/tooted-ilma-taustata-1-scaled.jpg\",\"datePublished\":\"2025-09-10T07:20:34+00:00\",\"dateModified\":\"2026-02-22T20:45:45+00:00\",\"description\":\"Pure+ Strong sil\u012bcija pulveris 200 g \u2013 100% t\u012brs un bez piedev\u0101m sil\u012bcija pulveris. Bez gar\u0161as un viegli sajaucams ar dz\u0113rieniem vai \u0113dieniem. Piem\u0113rots veg\u0101niem.\",\"breadcrumb\":{\"@id\":\"https:\/\/test.puhdasplus.ee\/lv\/tooted\/minerali\/stipra-diatomita-zeme-200-g\/#breadcrumb\"},\"inLanguage\":\"lv-LV\",\"potentialAction\":[{\"@type\":\"ReadAction\",\"target\":[\"https:\/\/test.puhdasplus.ee\/lv\/tooted\/minerali\/stipra-diatomita-zeme-200-g\/\"]}]},{\"@type\":\"ImageObject\",\"inLanguage\":\"lv-LV\",\"@id\":\"https:\/\/test.puhdasplus.ee\/lv\/tooted\/minerali\/stipra-diatomita-zeme-200-g\/#primaryimage\",\"url\":\"https:\/\/test.puhdasplus.ee\/wp-content\/uploads\/2025\/09\/tooted-ilma-taustata-1-scaled.jpg\",\"contentUrl\":\"https:\/\/test.puhdasplus.ee\/wp-content\/uploads\/2025\/09\/tooted-ilma-taustata-1-scaled.jpg\",\"width\":1862,\"height\":2560,\"caption\":\"Pure+ stiprs sil\u012bcija dioks\u012bda pulveris 200 g\"},{\"@type\":\"BreadcrumbList\",\"@id\":\"https:\/\/test.puhdasplus.ee\/lv\/tooted\/minerali\/stipra-diatomita-zeme-200-g\/#breadcrumb\",\"itemListElement\":[{\"@type\":\"ListItem\",\"position\":1,\"name\":\"S\u0101kums\",\"item\":\"https:\/\/test.puhdasplus.ee\/lv\/\"},{\"@type\":\"ListItem\",\"position\":2,\"name\":\"Produkti\",\"item\":\"https:\/\/test.puhdasplus.ee\/lv\/veikals\/\"},{\"@type\":\"ListItem\",\"position\":3,\"name\":\"Stipra diatom\u012bta zeme 200 g\"}]},{\"@type\":\"WebSite\",\"@id\":\"https:\/\/test.puhdasplus.ee\/lv\/#website\",\"url\":\"https:\/\/test.puhdasplus.ee\/lv\/\",\"name\":\"Puhdas+\",\"description\":\"Vitamiinid, Toidulisandid, looduskosmeetika, tervis, sport\",\"publisher\":{\"@id\":\"https:\/\/test.puhdasplus.ee\/lv\/#organization\"},\"potentialAction\":[{\"@type\":\"SearchAction\",\"target\":{\"@type\":\"EntryPoint\",\"urlTemplate\":\"https:\/\/test.puhdasplus.ee\/lv\/?s={search_term_string}\"},\"query-input\":{\"@type\":\"PropertyValueSpecification\",\"valueRequired\":true,\"valueName\":\"search_term_string\"}}],\"inLanguage\":\"lv-LV\"},{\"@type\":\"Organization\",\"@id\":\"https:\/\/test.puhdasplus.ee\/lv\/#organization\",\"name\":\"Puhdas+\",\"alternateName\":\"Puhdasplus\",\"url\":\"https:\/\/test.puhdasplus.ee\/lv\/\",\"logo\":{\"@type\":\"ImageObject\",\"inLanguage\":\"lv-LV\",\"@id\":\"https:\/\/test.puhdasplus.ee\/lv\/#\/schema\/logo\/image\/\",\"url\":\"https:\/\/test.puhdasplus.ee\/\/wp-content\/uploads\/2019\/10\/puhdas_logo-arvele.png\",\"contentUrl\":\"https:\/\/test.puhdasplus.ee\/\/wp-content\/uploads\/2019\/10\/puhdas_logo-arvele.png\",\"width\":114,\"height\":94,\"caption\":\"Puhdas+\"},\"image\":{\"@id\":\"https:\/\/test.puhdasplus.ee\/lv\/#\/schema\/logo\/image\/\"},\"sameAs\":[\"https:\/\/www.facebook.com\/puhdasplus\",\"https:\/\/www.instagram.com\/puhdasplus_ee\/\"]}]}<\/script>\n<!-- \/ Yoast SEO plugin. -->","yoast_head_json":{"title":"Stipra diatom\u012bta zeme 200 g - Puhdas+","description":"Pure+ Strong sil\u012bcija pulveris 200 g \u2013 100% t\u012brs un bez piedev\u0101m sil\u012bcija pulveris. Bez gar\u0161as un viegli sajaucams ar dz\u0113rieniem vai \u0113dieniem. Piem\u0113rots veg\u0101niem.","robots":{"index":"noindex","follow":"follow","max-snippet":"max-snippet:-1","max-image-preview":"max-image-preview:large","max-video-preview":"max-video-preview:-1"},"og_locale":"lv_LV","og_type":"article","og_title":"Stipra diatom\u012bta zeme 200 g - Puhdas+","og_description":"Pure+ Strong sil\u012bcija pulveris 200 g \u2013 100% t\u012brs un bez piedev\u0101m sil\u012bcija pulveris. Bez gar\u0161as un viegli sajaucams ar dz\u0113rieniem vai \u0113dieniem. Piem\u0113rots veg\u0101niem.","og_url":"https:\/\/test.puhdasplus.ee\/lv\/tooted\/minerali\/stipra-diatomita-zeme-200-g\/","og_site_name":"Puhdas+","article_publisher":"https:\/\/www.facebook.com\/puhdasplus","article_modified_time":"2026-02-22T20:45:45+00:00","og_image":[{"width":1862,"height":2560,"url":"https:\/\/test.puhdasplus.ee\/wp-content\/uploads\/2025\/09\/tooted-ilma-taustata-1-scaled.jpg","type":"image\/jpeg"}],"twitter_card":"summary_large_image","twitter_misc":{"Est. reading time":"1 minute"},"schema":{"@context":"https:\/\/schema.org","@graph":[{"@type":"WebPage","@id":"https:\/\/test.puhdasplus.ee\/lv\/tooted\/minerali\/stipra-diatomita-zeme-200-g\/","url":"https:\/\/test.puhdasplus.ee\/lv\/tooted\/minerali\/stipra-diatomita-zeme-200-g\/","name":"Stipra diatom\u012bta zeme 200 g - Puhdas+","isPartOf":{"@id":"https:\/\/test.puhdasplus.ee\/lv\/#website"},"primaryImageOfPage":{"@id":"https:\/\/test.puhdasplus.ee\/lv\/tooted\/minerali\/stipra-diatomita-zeme-200-g\/#primaryimage"},"image":{"@id":"https:\/\/test.puhdasplus.ee\/lv\/tooted\/minerali\/stipra-diatomita-zeme-200-g\/#primaryimage"},"thumbnailUrl":"https:\/\/test.puhdasplus.ee\/wp-content\/uploads\/2025\/09\/tooted-ilma-taustata-1-scaled.jpg","datePublished":"2025-09-10T07:20:34+00:00","dateModified":"2026-02-22T20:45:45+00:00","description":"Pure+ Strong sil\u012bcija pulveris 200 g \u2013 100% t\u012brs un bez piedev\u0101m sil\u012bcija pulveris. Bez gar\u0161as un viegli sajaucams ar dz\u0113rieniem vai \u0113dieniem. Piem\u0113rots veg\u0101niem.","breadcrumb":{"@id":"https:\/\/test.puhdasplus.ee\/lv\/tooted\/minerali\/stipra-diatomita-zeme-200-g\/#breadcrumb"},"inLanguage":"lv-LV","potentialAction":[{"@type":"ReadAction","target":["https:\/\/test.puhdasplus.ee\/lv\/tooted\/minerali\/stipra-diatomita-zeme-200-g\/"]}]},{"@type":"ImageObject","inLanguage":"lv-LV","@id":"https:\/\/test.puhdasplus.ee\/lv\/tooted\/minerali\/stipra-diatomita-zeme-200-g\/#primaryimage","url":"https:\/\/test.puhdasplus.ee\/wp-content\/uploads\/2025\/09\/tooted-ilma-taustata-1-scaled.jpg","contentUrl":"https:\/\/test.puhdasplus.ee\/wp-content\/uploads\/2025\/09\/tooted-ilma-taustata-1-scaled.jpg","width":1862,"height":2560,"caption":"Pure+ stiprs sil\u012bcija dioks\u012bda pulveris 200 g"},{"@type":"BreadcrumbList","@id":"https:\/\/test.puhdasplus.ee\/lv\/tooted\/minerali\/stipra-diatomita-zeme-200-g\/#breadcrumb","itemListElement":[{"@type":"ListItem","position":1,"name":"S\u0101kums","item":"https:\/\/test.puhdasplus.ee\/lv\/"},{"@type":"ListItem","position":2,"name":"Produkti","item":"https:\/\/test.puhdasplus.ee\/lv\/veikals\/"},{"@type":"ListItem","position":3,"name":"Stipra diatom\u012bta zeme 200 g"}]},{"@type":"WebSite","@id":"https:\/\/test.puhdasplus.ee\/lv\/#website","url":"https:\/\/test.puhdasplus.ee\/lv\/","name":"Puhdas+","description":"Vitamiinid, Toidulisandid, looduskosmeetika, tervis, sport","publisher":{"@id":"https:\/\/test.puhdasplus.ee\/lv\/#organization"},"potentialAction":[{"@type":"SearchAction","target":{"@type":"EntryPoint","urlTemplate":"https:\/\/test.puhdasplus.ee\/lv\/?s={search_term_string}"},"query-input":{"@type":"PropertyValueSpecification","valueRequired":true,"valueName":"search_term_string"}}],"inLanguage":"lv-LV"},{"@type":"Organization","@id":"https:\/\/test.puhdasplus.ee\/lv\/#organization","name":"Puhdas+","alternateName":"Puhdasplus","url":"https:\/\/test.puhdasplus.ee\/lv\/","logo":{"@type":"ImageObject","inLanguage":"lv-LV","@id":"https:\/\/test.puhdasplus.ee\/lv\/#\/schema\/logo\/image\/","url":"https:\/\/test.puhdasplus.ee\/\/wp-content\/uploads\/2019\/10\/puhdas_logo-arvele.png","contentUrl":"https:\/\/test.puhdasplus.ee\/\/wp-content\/uploads\/2019\/10\/puhdas_logo-arvele.png","width":114,"height":94,"caption":"Puhdas+"},"image":{"@id":"https:\/\/test.puhdasplus.ee\/lv\/#\/schema\/logo\/image\/"},"sameAs":["https:\/\/www.facebook.com\/puhdasplus","https:\/\/www.instagram.com\/puhdasplus_ee\/"]}]}},"_links":{"self":[{"href":"https:\/\/test.puhdasplus.ee\/lv\/wp-json\/wp\/v2\/product\/353953","targetHints":{"allow":["GET"]}}],"collection":[{"href":"https:\/\/test.puhdasplus.ee\/lv\/wp-json\/wp\/v2\/product"}],"about":[{"href":"https:\/\/test.puhdasplus.ee\/lv\/wp-json\/wp\/v2\/types\/product"}],"replies":[{"embeddable":true,"href":"https:\/\/test.puhdasplus.ee\/lv\/wp-json\/wp\/v2\/comments?post=353953"}],"wp:featuredmedia":[{"embeddable":true,"href":"https:\/\/test.puhdasplus.ee\/lv\/wp-json\/wp\/v2\/media\/353793"}],"wp:attachment":[{"href":"https:\/\/test.puhdasplus.ee\/lv\/wp-json\/wp\/v2\/media?parent=353953"}],"wp:term":[{"taxonomy":"product_brand","embeddable":true,"href":"https:\/\/test.puhdasplus.ee\/lv\/wp-json\/wp\/v2\/product_brand?post=353953"},{"taxonomy":"product_cat","embeddable":true,"href":"https:\/\/test.puhdasplus.ee\/lv\/wp-json\/wp\/v2\/product_cat?post=353953"},{"taxonomy":"product_tag","embeddable":true,"href":"https:\/\/test.puhdasplus.ee\/lv\/wp-json\/wp\/v2\/product_tag?post=353953"}],"curies":[{"name":"wp","href":"https:\/\/api.w.org\/{rel}","templated":true}]}}