{"id":353645,"date":"2019-11-23T22:13:55","date_gmt":"2019-11-23T20:13:55","guid":{"rendered":"https:\/\/test.puhdasplus.ee\/\/tooted\/uncategorized\/vegan-d3-vitamins-50-%c2%b5g-60-kapsulas\/"},"modified":"2026-03-10T14:38:07","modified_gmt":"2026-03-10T12:38:07","slug":"vegan-d3-vitamins-50-%c2%b5g-60-kapsulas","status":"publish","type":"product","link":"https:\/\/test.puhdasplus.ee\/lv\/tooted\/vitamini\/d-vitamins\/vegan-d3-vitamins-50-%c2%b5g-60-kapsulas\/","title":{"rendered":"Vegan D3 vitam\u012bns 50 \u00b5g 60 kapsulas"},"content":{"rendered":"<p data-start=\"101\" data-end=\"466\">Veg\u0101ns D3 vitam\u012bns 50 \u00b5g ir <strong data-start=\"136\" data-end=\"172\">100% augu izcelsmes D3 vitam\u012bna avots<\/strong> , kas ieg\u016bts no <strong data-start=\"188\" data-end=\"211\">\u0137\u0113rpju ekstrakta<\/strong> , padarot to ide\u0101li piem\u0113rotu <strong data-start=\"237\" data-end=\"271\">veg\u0101niem un ve\u0123et\u0101rie\u0161iem<\/strong> . <strong data-start=\"273\" data-end=\"307\">D3 vitam\u012bnam (holekalciferolam)<\/strong> ir svar\u012bga loma <strong data-start=\"329\" data-end=\"400\">im\u016bnsist\u0113mas, kaulu, musku\u013cu un kalcija metabolisma atbalst\u012b\u0161an\u0101<\/strong> , pal\u012bdzot <strong data-start=\"410\" data-end=\"463\">uztur\u0113t stiprus kaulus un mazin\u0101t nogurumu<\/strong> .<\/p>\n<p data-start=\"468\" data-end=\"643\"><strong data-start=\"468\" data-end=\"521\">50 \u00b5g deva ir ide\u0101li piem\u0113rota ikdienas lieto\u0161anai<\/strong> , \u012bpa\u0161i rudens un ziemas m\u0113ne\u0161os, kad dabisk\u0101 saules gaisma nav pietiekama, lai nodro\u0161in\u0101tu optim\u0101lu D vitam\u012bna l\u012bmeni organism\u0101.<\/p>\n<p data-start=\"0\" data-end=\"39\"><strong data-start=\"0\" data-end=\"37\">Labi uzs\u016bcas augu izcelsmes D3 vitam\u012bns!<\/strong> <strong data-start=\"41\" data-end=\"64\">D3 vitam\u012bns<\/strong> satur zin\u0101tniski p\u0113t\u012btu augu izcelsmes <strong data-start=\"103\" data-end=\"129\">Vitashine D3<\/strong> .<br data-start=\"130\" data-end=\"133\"> Augstas kvalit\u0101tes D3 vitam\u012bns, kas ieg\u016bts no \u0137\u0113rpjiem, ir <strong data-start=\"206\" data-end=\"240\">dabisk\u0101 bioakt\u012bv\u0101 form\u0101<\/strong> , nodro\u0161inot lab\u0101ku uzs\u016bk\u0161anos.<\/p>\n<p>Kapsulas satur augu izcelsmes D3 vitam\u012bnu, kas nepiecie\u0161ams im\u016bnsist\u0113mas, kaulu un zobu vesel\u012bbai.<\/p>\n<p>D vitam\u012bns ir gan uzturviela, kas ieg\u016bta no p\u0101rtikas, gan hormons, ko organisms sp\u0113j sintez\u0113t, rea\u0123\u0113jot uz saules gaismu. D vitam\u012bns ir tikpat svar\u012bgs kaulu vesel\u012bbai k\u0101 kalcijs. Tam ir svar\u012bga loma kalcija un fosfora uzs\u016bk\u0161an\u0101, kas abi ir kaulu strukt\u016bras sast\u0101vda\u013cas, un \u0161o miner\u0101lvielu l\u012bme\u0146a uztur\u0113\u0161an\u0101 asin\u012bs. Ja uztur\u0101 ir pietiekami daudz kalcija un fosfora, D vitam\u012bns veicina to uzs\u016bk\u0161anos no gremo\u0161anas trakta; ja uztur\u0101 ir p\u0101r\u0101k maz \u0161o miner\u0101lvielu, D vitam\u012bns samazina to izdal\u012b\u0161anos no organisma caur nier\u0113m un atbr\u012bvo t\u0101s no kauliem. D vitam\u012bna defic\u012bta gad\u012bjum\u0101 no tiev\u0101s zarnas tiek absorb\u0113ti tikai aptuveni 10\u201315% kalcija, savuk\u0101rt pietiekama l\u012bme\u0146a gad\u012bjum\u0101 tiek absorb\u0113ti aptuveni 30%, gr\u016btniec\u012bbas, lakt\u0101cijas un straujas aug\u0161anas laik\u0101 palielinoties l\u012bdz 80%.    <\/p>\n<p>Liel\u0101kajai da\u013cai organisma audu un \u0161\u016bnu ir D vitam\u012bna receptori, kas nor\u0101da uz D vitam\u012bna pla\u0161o biolo\u0123isko lomu organism\u0101. D vitam\u012bns ir iesaist\u012bts im\u016bnsist\u0113mas darb\u012bb\u0101, sirds musku\u013ca darb\u012bb\u0101, nervu audu darb\u012bb\u0101 un ir nepiecie\u0161ams norm\u0101lai asins rec\u0113\u0161anai. <\/p>\n<ul>\n<li data-start=\"274\" data-end=\"411\"><strong data-start=\"276\" data-end=\"322\">Atbalsta norm\u0101lu im\u016bnsist\u0113mas darb\u012bbu<\/strong><\/li>\n<li data-start=\"274\" data-end=\"411\"><strong data-start=\"327\" data-end=\"372\">Pal\u012bdz uztur\u0113t vesel\u012bgus kaulus un zobus<\/strong><\/li>\n<li data-start=\"274\" data-end=\"411\"><strong data-start=\"377\" data-end=\"409\">100% augu izcelsmes un \u013coti labi uzs\u016bcas<\/strong><\/li>\n<\/ul>\n<p data-start=\"0\" data-end=\"176\"><strong data-start=\"36\" data-end=\"104\">Unik\u0101lais, uz augu izcelsmes b\u0101zes veidotais, augstas kvalit\u0101tes D3 vitam\u012bns,<\/strong> ko izmanto veg\u0101niskajos D3 produktos, ir ieg\u016bts <strong data-start=\"115\" data-end=\"173\">no organiska, \u0122MO nesaturo\u0161a auga \u2013 t\u012bra \u0137\u0113rpja<\/strong> .<\/p>\n<p data-start=\"178\" data-end=\"289\" data-is-last-node=\"\"><strong>Sast\u0101vda\u013cas:<\/strong> Pildvielas (hidroksipropilmetilceluloze, mikrokrist\u0101lisk\u0101 celuloze), kapsula (stabilizatori: hidroksipropilmetilceluloze, gell\u0101na sve\u0137i), holekalciferola prepar\u0101ts.<\/p>\n<p data-start=\"191\" data-end=\"327\"><strong data-start=\"191\" data-end=\"205\">Nesatur<\/strong> laktozi, raugu vai glut\u0113nu. <strong data-start=\"238\" data-end=\"252\">Nesatur<\/strong> s\u0101li, soju vai saldin\u0101t\u0101jus. <strong data-start=\"284\" data-end=\"325\">Piem\u0113rots ve\u0123et\u0101rie\u0161iem un veg\u0101niem.<\/strong><\/p>\n<p data-start=\"191\" data-end=\"327\">Produkta ra\u017eo\u0161an\u0101 <strong data-start=\"198\" data-end=\"213\">netiek izmantotas nek\u0101das<\/strong> papildu sast\u0101vda\u013cas, piem\u0113ram <strong data-start=\"235\" data-end=\"288\">, konservanti, kr\u0101svielas vai virsmas apstr\u0101des l\u012bdzek\u013ci<\/strong> .<\/p>\n<h4 data-start=\"818\" data-end=\"847\"><strong data-start=\"823\" data-end=\"845\">Lieto\u0161anas instrukcija:<\/strong><\/h4>\n<ol data-start=\"848\" data-end=\"1069\">\n<li data-start=\"848\" data-end=\"890\"> <strong data-start=\"851\" data-end=\"876\">1 kapsula dien\u0101,<\/strong> uzdzerot \u016bdeni.<\/li>\n<li data-start=\"891\" data-end=\"977\"><strong data-start=\"894\" data-end=\"917\">Ieteicams lietot<\/strong> rudens un ziemas sezon\u0101 vai p\u0113c \u0101rsta ieteikuma.<\/li>\n<li data-start=\"978\" data-end=\"1069\"><strong data-start=\"981\" data-end=\"1014\">Lai sasniegtu lab\u0101kos rezult\u0101tus,<\/strong> lietojiet kop\u0101 ar taukainu malt\u012bti, lai veicin\u0101tu uzs\u016bk\u0161anos.<\/li>\n<\/ol>\n<h4 data-start=\"1071\" data-end=\"1114\"><strong data-start=\"1076\" data-end=\"1112\">Sast\u0101vda\u013cas un to priek\u0161roc\u012bbas:<\/strong><\/h4>\n<ul data-start=\"1115\" data-end=\"1332\">\n<li data-start=\"1115\" data-end=\"1262\"><strong data-start=\"1117\" data-end=\"1177\">D3 vitam\u012bns (50 \u00b5g holekalciferola no \u0137\u0113rpju ekstrakta)<\/strong> \u2013 atbalsta <strong data-start=\"1187\" data-end=\"1259\">im\u016bnsist\u0113mu, kaulu un musku\u013cu vesel\u012bbu, k\u0101 ar\u012b kalcija metabolismu<\/strong> .<\/li>\n<li data-start=\"1263\" data-end=\"1332\"><strong data-start=\"1265\" data-end=\"1286\">D\u0101rze\u0146u kapsulas apvalks<\/strong> \u2013 piem\u0113rots <strong data-start=\"1295\" data-end=\"1329\">veg\u0101niem un ve\u0123et\u0101rie\u0161iem<\/strong> .<\/li>\n<\/ul>\n<p><strong>Uzturv\u0113rt\u012bbas inform\u0101cija: 1 kapsula<\/strong> D3 vitam\u012bns 50 \u00b5g (*1000 %) *% no ieteicam\u0101s dienas devas pieaugu\u0161ajiem NRV*<\/p>\n<p data-start=\"0\" data-end=\"62\"><strong data-start=\"0\" data-end=\"20\">Deva:<\/strong> 1 kapsula dien\u0101. Nep\u0101rsniedziet ieteicamo dienas devu. <\/p>\n<p data-start=\"64\" data-end=\"192\" data-is-last-node=\"\">Uztura bag\u0101tin\u0101t\u0101js neaizst\u0101j daudzveid\u012bgu un sabalans\u0113tu uzturu vai vesel\u012bgu dz\u012bvesveidu.<br data-start=\"152\" data-end=\"155\"> Sarg\u0101t no b\u0113rniem.<\/p>\n","protected":false},"excerpt":{"rendered":"<p data-start=\"63\" data-end=\"348\">Augu izcelsmes un labi uzs\u016bco\u0161s D3 vitam\u012bns, kas atbalsta <strong data-start=\"719\" data-end=\"775\">imunit\u0101ti, kaulus, musku\u013cus un kalcija vielmai\u0146u<\/strong> . Piem\u0113rots veg\u0101niem un ve\u0123et\u0101rie\u0161iem. <\/p>\n<p data-start=\"350\" data-end=\"613\">\u0160is produkts ir <strong data-start=\"363\" data-end=\"378\">100% augu izcelsmes<\/strong> , bez \u0122MO un <strong data-start=\"392\" data-end=\"427\">nesatur nevajadz\u012bgas piedevas<\/strong> , piem\u0113ram, konservantus, kr\u0101svielas vai virsmas apstr\u0101des l\u012bdzek\u013cus. <strong data-start=\"485\" data-end=\"521\">Bez laktozes, glut\u0113na un sojas<\/strong> , padarot to piem\u0113rotu veg\u0101niem un ikvienam, kur\u0161 nov\u0113rt\u0113 t\u012bru un dab\u012bgu uztura bag\u0101tin\u0101t\u0101ju.<\/p>\n","protected":false},"featured_media":353649,"comment_status":"closed","ping_status":"closed","template":"","meta":{"_acf_changed":false},"product_brand":[],"product_cat":[4542,3205],"product_tag":[6853,4544,4546,4543,5853,3486,3752,3491,4545,6854,2974,6852,6729,4549],"class_list":{"0":"post-353645","1":"product","2":"type-product","3":"status-publish","4":"has-post-thumbnail","6":"product_cat-d-vitamins","7":"product_cat-vitamini","8":"product_tag-augu-izcelsmes-d3","9":"product_tag-d-vitamins","10":"product_tag-d3-vitamina-piedeva","11":"product_tag-d3-vitamins","12":"product_tag-dabisks","13":"product_tag-imunsistema","14":"product_tag-imunsistemas-atbalsts-lv","15":"product_tag-kalcija-absorbcija","16":"product_tag-kaulu-un-muskulu-veseliba","17":"product_tag-kerpju-ekstrakts","18":"product_tag-vegans","19":"product_tag-vegans-d3-vitamins","20":"product_tag-veganu-vitamini","21":"product_tag-vitamini-rudenim-un-ziemai","23":"first","24":"onbackorder","25":"taxable","26":"shipping-taxable","27":"purchasable","28":"product-type-simple"},"acf":[],"yoast_head":"<!-- This site is optimized with the Yoast SEO plugin v27.1.1 - https:\/\/yoast.com\/product\/yoast-seo-wordpress\/ -->\n<title>Vegan D3 vitam\u012bns 50 \u00b5g 60 kapsulas - Puhdas+<\/title>\n<meta name=\"description\" content=\"Veg\u0101ns D3 vitam\u012bns 50 \u00b5g ir 100% augu izcelsmes un \u013coti labi absorb\u0113jams D vitam\u012bna avots, kas atbalsta imunit\u0101ti, kaulus un musku\u013cus. Dab\u012bgs.\" \/>\n<meta name=\"robots\" content=\"noindex, follow, max-snippet:-1, max-image-preview:large, max-video-preview:-1\" \/>\n<meta property=\"og:locale\" content=\"lv_LV\" \/>\n<meta property=\"og:type\" content=\"article\" \/>\n<meta property=\"og:title\" content=\"Vegan D3 vitam\u012bns 50 \u00b5g 60 kapsulas - Puhdas+\" \/>\n<meta property=\"og:description\" content=\"Veg\u0101ns D3 vitam\u012bns 50 \u00b5g ir 100% augu izcelsmes un \u013coti labi absorb\u0113jams D vitam\u012bna avots, kas atbalsta imunit\u0101ti, kaulus un musku\u013cus. Dab\u012bgs.\" \/>\n<meta property=\"og:url\" content=\"https:\/\/test.puhdasplus.ee\/lv\/tooted\/vitamini\/d-vitamins\/vegan-d3-vitamins-50-%c2%b5g-60-kapsulas\/\" \/>\n<meta property=\"og:site_name\" content=\"Puhdas+\" \/>\n<meta property=\"article:publisher\" content=\"https:\/\/www.facebook.com\/puhdasplus\" \/>\n<meta property=\"article:modified_time\" content=\"2026-03-10T12:38:07+00:00\" \/>\n<meta property=\"og:image\" content=\"https:\/\/test.puhdasplus.ee\/wp-content\/uploads\/2019\/11\/Untitled-design-45.jpg\" \/>\n\t<meta property=\"og:image:width\" content=\"1862\" \/>\n\t<meta property=\"og:image:height\" content=\"2560\" \/>\n\t<meta property=\"og:image:type\" content=\"image\/jpeg\" \/>\n<meta name=\"twitter:card\" content=\"summary_large_image\" \/>\n<meta name=\"twitter:label1\" content=\"Est. reading time\" \/>\n\t<meta name=\"twitter:data1\" content=\"3 min\u016btes\" \/>\n<script type=\"application\/ld+json\" class=\"yoast-schema-graph\">{\"@context\":\"https:\/\/schema.org\",\"@graph\":[{\"@type\":\"WebPage\",\"@id\":\"https:\/\/test.puhdasplus.ee\/lv\/tooted\/vitamini\/d-vitamins\/vegan-d3-vitamins-50-%c2%b5g-60-kapsulas\/\",\"url\":\"https:\/\/test.puhdasplus.ee\/lv\/tooted\/vitamini\/d-vitamins\/vegan-d3-vitamins-50-%c2%b5g-60-kapsulas\/\",\"name\":\"Vegan D3 vitam\u012bns 50 \u00b5g 60 kapsulas - Puhdas+\",\"isPartOf\":{\"@id\":\"https:\/\/test.puhdasplus.ee\/lv\/#website\"},\"primaryImageOfPage\":{\"@id\":\"https:\/\/test.puhdasplus.ee\/lv\/tooted\/vitamini\/d-vitamins\/vegan-d3-vitamins-50-%c2%b5g-60-kapsulas\/#primaryimage\"},\"image\":{\"@id\":\"https:\/\/test.puhdasplus.ee\/lv\/tooted\/vitamini\/d-vitamins\/vegan-d3-vitamins-50-%c2%b5g-60-kapsulas\/#primaryimage\"},\"thumbnailUrl\":\"https:\/\/test.puhdasplus.ee\/wp-content\/uploads\/2019\/11\/Untitled-design-45.jpg\",\"datePublished\":\"2019-11-23T20:13:55+00:00\",\"dateModified\":\"2026-03-10T12:38:07+00:00\",\"description\":\"Veg\u0101ns D3 vitam\u012bns 50 \u00b5g ir 100% augu izcelsmes un \u013coti labi absorb\u0113jams D vitam\u012bna avots, kas atbalsta imunit\u0101ti, kaulus un musku\u013cus. Dab\u012bgs.\",\"breadcrumb\":{\"@id\":\"https:\/\/test.puhdasplus.ee\/lv\/tooted\/vitamini\/d-vitamins\/vegan-d3-vitamins-50-%c2%b5g-60-kapsulas\/#breadcrumb\"},\"inLanguage\":\"lv-LV\",\"potentialAction\":[{\"@type\":\"ReadAction\",\"target\":[\"https:\/\/test.puhdasplus.ee\/lv\/tooted\/vitamini\/d-vitamins\/vegan-d3-vitamins-50-%c2%b5g-60-kapsulas\/\"]}]},{\"@type\":\"ImageObject\",\"inLanguage\":\"lv-LV\",\"@id\":\"https:\/\/test.puhdasplus.ee\/lv\/tooted\/vitamini\/d-vitamins\/vegan-d3-vitamins-50-%c2%b5g-60-kapsulas\/#primaryimage\",\"url\":\"https:\/\/test.puhdasplus.ee\/wp-content\/uploads\/2019\/11\/Untitled-design-45.jpg\",\"contentUrl\":\"https:\/\/test.puhdasplus.ee\/wp-content\/uploads\/2019\/11\/Untitled-design-45.jpg\",\"width\":1862,\"height\":2560,\"caption\":\"D3 vitam\u012bns 50\u00b5g 60 kapsulas (veg\u0101niskas)\"},{\"@type\":\"BreadcrumbList\",\"@id\":\"https:\/\/test.puhdasplus.ee\/lv\/tooted\/vitamini\/d-vitamins\/vegan-d3-vitamins-50-%c2%b5g-60-kapsulas\/#breadcrumb\",\"itemListElement\":[{\"@type\":\"ListItem\",\"position\":1,\"name\":\"S\u0101kums\",\"item\":\"https:\/\/test.puhdasplus.ee\/lv\/\"},{\"@type\":\"ListItem\",\"position\":2,\"name\":\"Produkti\",\"item\":\"https:\/\/test.puhdasplus.ee\/lv\/veikals\/\"},{\"@type\":\"ListItem\",\"position\":3,\"name\":\"Vegan D3 vitam\u012bns 50 \u00b5g 60 kapsulas\"}]},{\"@type\":\"WebSite\",\"@id\":\"https:\/\/test.puhdasplus.ee\/lv\/#website\",\"url\":\"https:\/\/test.puhdasplus.ee\/lv\/\",\"name\":\"Puhdas+\",\"description\":\"Vitamiinid, Toidulisandid, looduskosmeetika, tervis, sport\",\"publisher\":{\"@id\":\"https:\/\/test.puhdasplus.ee\/lv\/#organization\"},\"potentialAction\":[{\"@type\":\"SearchAction\",\"target\":{\"@type\":\"EntryPoint\",\"urlTemplate\":\"https:\/\/test.puhdasplus.ee\/lv\/?s={search_term_string}\"},\"query-input\":{\"@type\":\"PropertyValueSpecification\",\"valueRequired\":true,\"valueName\":\"search_term_string\"}}],\"inLanguage\":\"lv-LV\"},{\"@type\":\"Organization\",\"@id\":\"https:\/\/test.puhdasplus.ee\/lv\/#organization\",\"name\":\"Puhdas+\",\"alternateName\":\"Puhdasplus\",\"url\":\"https:\/\/test.puhdasplus.ee\/lv\/\",\"logo\":{\"@type\":\"ImageObject\",\"inLanguage\":\"lv-LV\",\"@id\":\"https:\/\/test.puhdasplus.ee\/lv\/#\/schema\/logo\/image\/\",\"url\":\"https:\/\/test.puhdasplus.ee\/\/wp-content\/uploads\/2019\/10\/puhdas_logo-arvele.png\",\"contentUrl\":\"https:\/\/test.puhdasplus.ee\/\/wp-content\/uploads\/2019\/10\/puhdas_logo-arvele.png\",\"width\":114,\"height\":94,\"caption\":\"Puhdas+\"},\"image\":{\"@id\":\"https:\/\/test.puhdasplus.ee\/lv\/#\/schema\/logo\/image\/\"},\"sameAs\":[\"https:\/\/www.facebook.com\/puhdasplus\",\"https:\/\/www.instagram.com\/puhdasplus_ee\/\"]}]}<\/script>\n<!-- \/ Yoast SEO plugin. -->","yoast_head_json":{"title":"Vegan D3 vitam\u012bns 50 \u00b5g 60 kapsulas - Puhdas+","description":"Veg\u0101ns D3 vitam\u012bns 50 \u00b5g ir 100% augu izcelsmes un \u013coti labi absorb\u0113jams D vitam\u012bna avots, kas atbalsta imunit\u0101ti, kaulus un musku\u013cus. Dab\u012bgs.","robots":{"index":"noindex","follow":"follow","max-snippet":"max-snippet:-1","max-image-preview":"max-image-preview:large","max-video-preview":"max-video-preview:-1"},"og_locale":"lv_LV","og_type":"article","og_title":"Vegan D3 vitam\u012bns 50 \u00b5g 60 kapsulas - Puhdas+","og_description":"Veg\u0101ns D3 vitam\u012bns 50 \u00b5g ir 100% augu izcelsmes un \u013coti labi absorb\u0113jams D vitam\u012bna avots, kas atbalsta imunit\u0101ti, kaulus un musku\u013cus. Dab\u012bgs.","og_url":"https:\/\/test.puhdasplus.ee\/lv\/tooted\/vitamini\/d-vitamins\/vegan-d3-vitamins-50-%c2%b5g-60-kapsulas\/","og_site_name":"Puhdas+","article_publisher":"https:\/\/www.facebook.com\/puhdasplus","article_modified_time":"2026-03-10T12:38:07+00:00","og_image":[{"width":1862,"height":2560,"url":"https:\/\/test.puhdasplus.ee\/wp-content\/uploads\/2019\/11\/Untitled-design-45.jpg","type":"image\/jpeg"}],"twitter_card":"summary_large_image","twitter_misc":{"Est. reading time":"3 min\u016btes"},"schema":{"@context":"https:\/\/schema.org","@graph":[{"@type":"WebPage","@id":"https:\/\/test.puhdasplus.ee\/lv\/tooted\/vitamini\/d-vitamins\/vegan-d3-vitamins-50-%c2%b5g-60-kapsulas\/","url":"https:\/\/test.puhdasplus.ee\/lv\/tooted\/vitamini\/d-vitamins\/vegan-d3-vitamins-50-%c2%b5g-60-kapsulas\/","name":"Vegan D3 vitam\u012bns 50 \u00b5g 60 kapsulas - Puhdas+","isPartOf":{"@id":"https:\/\/test.puhdasplus.ee\/lv\/#website"},"primaryImageOfPage":{"@id":"https:\/\/test.puhdasplus.ee\/lv\/tooted\/vitamini\/d-vitamins\/vegan-d3-vitamins-50-%c2%b5g-60-kapsulas\/#primaryimage"},"image":{"@id":"https:\/\/test.puhdasplus.ee\/lv\/tooted\/vitamini\/d-vitamins\/vegan-d3-vitamins-50-%c2%b5g-60-kapsulas\/#primaryimage"},"thumbnailUrl":"https:\/\/test.puhdasplus.ee\/wp-content\/uploads\/2019\/11\/Untitled-design-45.jpg","datePublished":"2019-11-23T20:13:55+00:00","dateModified":"2026-03-10T12:38:07+00:00","description":"Veg\u0101ns D3 vitam\u012bns 50 \u00b5g ir 100% augu izcelsmes un \u013coti labi absorb\u0113jams D vitam\u012bna avots, kas atbalsta imunit\u0101ti, kaulus un musku\u013cus. Dab\u012bgs.","breadcrumb":{"@id":"https:\/\/test.puhdasplus.ee\/lv\/tooted\/vitamini\/d-vitamins\/vegan-d3-vitamins-50-%c2%b5g-60-kapsulas\/#breadcrumb"},"inLanguage":"lv-LV","potentialAction":[{"@type":"ReadAction","target":["https:\/\/test.puhdasplus.ee\/lv\/tooted\/vitamini\/d-vitamins\/vegan-d3-vitamins-50-%c2%b5g-60-kapsulas\/"]}]},{"@type":"ImageObject","inLanguage":"lv-LV","@id":"https:\/\/test.puhdasplus.ee\/lv\/tooted\/vitamini\/d-vitamins\/vegan-d3-vitamins-50-%c2%b5g-60-kapsulas\/#primaryimage","url":"https:\/\/test.puhdasplus.ee\/wp-content\/uploads\/2019\/11\/Untitled-design-45.jpg","contentUrl":"https:\/\/test.puhdasplus.ee\/wp-content\/uploads\/2019\/11\/Untitled-design-45.jpg","width":1862,"height":2560,"caption":"D3 vitam\u012bns 50\u00b5g 60 kapsulas (veg\u0101niskas)"},{"@type":"BreadcrumbList","@id":"https:\/\/test.puhdasplus.ee\/lv\/tooted\/vitamini\/d-vitamins\/vegan-d3-vitamins-50-%c2%b5g-60-kapsulas\/#breadcrumb","itemListElement":[{"@type":"ListItem","position":1,"name":"S\u0101kums","item":"https:\/\/test.puhdasplus.ee\/lv\/"},{"@type":"ListItem","position":2,"name":"Produkti","item":"https:\/\/test.puhdasplus.ee\/lv\/veikals\/"},{"@type":"ListItem","position":3,"name":"Vegan D3 vitam\u012bns 50 \u00b5g 60 kapsulas"}]},{"@type":"WebSite","@id":"https:\/\/test.puhdasplus.ee\/lv\/#website","url":"https:\/\/test.puhdasplus.ee\/lv\/","name":"Puhdas+","description":"Vitamiinid, Toidulisandid, looduskosmeetika, tervis, sport","publisher":{"@id":"https:\/\/test.puhdasplus.ee\/lv\/#organization"},"potentialAction":[{"@type":"SearchAction","target":{"@type":"EntryPoint","urlTemplate":"https:\/\/test.puhdasplus.ee\/lv\/?s={search_term_string}"},"query-input":{"@type":"PropertyValueSpecification","valueRequired":true,"valueName":"search_term_string"}}],"inLanguage":"lv-LV"},{"@type":"Organization","@id":"https:\/\/test.puhdasplus.ee\/lv\/#organization","name":"Puhdas+","alternateName":"Puhdasplus","url":"https:\/\/test.puhdasplus.ee\/lv\/","logo":{"@type":"ImageObject","inLanguage":"lv-LV","@id":"https:\/\/test.puhdasplus.ee\/lv\/#\/schema\/logo\/image\/","url":"https:\/\/test.puhdasplus.ee\/\/wp-content\/uploads\/2019\/10\/puhdas_logo-arvele.png","contentUrl":"https:\/\/test.puhdasplus.ee\/\/wp-content\/uploads\/2019\/10\/puhdas_logo-arvele.png","width":114,"height":94,"caption":"Puhdas+"},"image":{"@id":"https:\/\/test.puhdasplus.ee\/lv\/#\/schema\/logo\/image\/"},"sameAs":["https:\/\/www.facebook.com\/puhdasplus","https:\/\/www.instagram.com\/puhdasplus_ee\/"]}]}},"_links":{"self":[{"href":"https:\/\/test.puhdasplus.ee\/lv\/wp-json\/wp\/v2\/product\/353645","targetHints":{"allow":["GET"]}}],"collection":[{"href":"https:\/\/test.puhdasplus.ee\/lv\/wp-json\/wp\/v2\/product"}],"about":[{"href":"https:\/\/test.puhdasplus.ee\/lv\/wp-json\/wp\/v2\/types\/product"}],"replies":[{"embeddable":true,"href":"https:\/\/test.puhdasplus.ee\/lv\/wp-json\/wp\/v2\/comments?post=353645"}],"wp:featuredmedia":[{"embeddable":true,"href":"https:\/\/test.puhdasplus.ee\/lv\/wp-json\/wp\/v2\/media\/353649"}],"wp:attachment":[{"href":"https:\/\/test.puhdasplus.ee\/lv\/wp-json\/wp\/v2\/media?parent=353645"}],"wp:term":[{"taxonomy":"product_brand","embeddable":true,"href":"https:\/\/test.puhdasplus.ee\/lv\/wp-json\/wp\/v2\/product_brand?post=353645"},{"taxonomy":"product_cat","embeddable":true,"href":"https:\/\/test.puhdasplus.ee\/lv\/wp-json\/wp\/v2\/product_cat?post=353645"},{"taxonomy":"product_tag","embeddable":true,"href":"https:\/\/test.puhdasplus.ee\/lv\/wp-json\/wp\/v2\/product_tag?post=353645"}],"curies":[{"name":"wp","href":"https:\/\/api.w.org\/{rel}","templated":true}]}}