{"id":353618,"date":"2019-11-23T21:21:18","date_gmt":"2019-11-23T19:21:18","guid":{"rendered":"https:\/\/test.puhdasplus.ee\/\/tooted\/uncategorized\/kolagena-pulveris-250-g\/"},"modified":"2026-03-10T14:38:01","modified_gmt":"2026-03-10T12:38:01","slug":"kolagena-pulveris-250-g","status":"publish","type":"product","link":"https:\/\/test.puhdasplus.ee\/lv\/tooted\/ada-mati-nagi\/kolagens\/kolagena-pulveris-250-g\/","title":{"rendered":"Kolag\u0113na pulveris 250 g"},"content":{"rendered":"<h3 data-start=\"293\" data-end=\"803\"><strong data-start=\"293\" data-end=\"322\">Collagen Natural<\/strong> ir t\u012brs hidroliz\u0113ts zivju kolag\u0113na pulveris, kas atbalsta \u0101das, matu, nagu un loc\u012btavu vesel\u012bbu.<\/h3>\n<p data-start=\"293\" data-end=\"803\">Bezgar\u0161\u012bgais un piedev\u0101m nesaturo\u0161ais pulveris viegli sajaucas ar da\u017e\u0101diem dz\u0113rieniem un p\u0101rtikas produktiem, piem\u0113ram, \u016bdeni, sulu, jogurtu vai sm\u016btijiem. Kolag\u0113ns ir b\u016btiska olbaltumviela, kas veido aptuveni 30% no cilv\u0113ka \u0137erme\u0146a olbaltumviel\u0101m un kam ir galven\u0101 loma \u0101das elast\u012bbas un loc\u012btavu funkcijas nodro\u0161in\u0101\u0161an\u0101. P\u0113c 25 gadu vecuma organisma kolag\u0113na ra\u017eo\u0161ana s\u0101k samazin\u0101ties, t\u0101p\u0113c uztura bag\u0101tin\u0101t\u0101ju lieto\u0161ana var b\u016bt labv\u0113l\u012bga.   <\/p>\n<h4 data-start=\"805\" data-end=\"827\"><strong data-start=\"805\" data-end=\"827\">Kolag\u0113na galven\u0101s \u012bpa\u0161\u012bbas:<\/strong><\/h4>\n<ul data-start=\"828\" data-end=\"1154\">\n<li data-start=\"828\" data-end=\"930\"><strong data-start=\"830\" data-end=\"868\">T\u012brs hidroliz\u0113ts zivju kolag\u0113ns:<\/strong> atbalsta \u0101das elast\u012bbu, matu stipr\u012bbu un loc\u012btavu kust\u012bgumu.<\/li>\n<li data-start=\"931\" data-end=\"1073\"><strong data-start=\"933\" data-end=\"961\">Bez gar\u0161as un piedev\u0101m:<\/strong> Nesatur konservantus, kr\u0101svielas vai citas piedevas; viegli pievienot da\u017e\u0101diem dz\u0113rieniem un \u0113dieniem.<\/li>\n<li data-start=\"1074\" data-end=\"1154\"><strong data-start=\"1076\" data-end=\"1099\">Viegli uzs\u016bcas:<\/strong> Hidroliz\u0113t\u0101 forma nodro\u0161ina lab\u0101ku uzs\u016bk\u0161anos organism\u0101.<\/li>\n<\/ul>\n<p data-start=\"1156\" data-end=\"1464\"><strong data-start=\"1156\" data-end=\"1171\">Lieto\u0161ana:<\/strong> Ieteicam\u0101 dienas deva ir 1 \u0113damkarote (aptuveni 8 g). Sajauciet pulveri gl\u0101z\u0113 \u016bdens, sulas, jogurta vai sm\u016btija un nekav\u0113joties izdzeriet.  Nep\u0101rsniedziet ieteicamo dienas devu. Uztura bag\u0101tin\u0101t\u0101js neaizst\u0101j daudzveid\u012bgu un sabalans\u0113tu uzturu vai vesel\u012bgu dz\u012bvesveidu. Sarg\u0101t no b\u0113rniem.<\/p>\n<p data-start=\"1466\" data-end=\"1591\"><strong data-start=\"1466\" data-end=\"1482\">Sast\u0101vda\u013cas:<\/strong> Hidroliz\u0113ts zivju kolag\u0113ns. Nesatur laktozi, raugu, glut\u0113nu, cukuru, s\u0101li, cieti, kukur\u016bzu vai soju. <\/p>\n<p data-start=\"1593\" data-end=\"1642\"><strong data-start=\"1593\" data-end=\"1642\">Uzturv\u0113rt\u012bbas inform\u0101cija (1 \u0113damkarote \/ 8 g):<\/strong><\/p>\n<ul data-start=\"1643\" data-end=\"1667\">\n<li data-start=\"1643\" data-end=\"1667\"><strong data-start=\"1645\" data-end=\"1663\">Zivju kolag\u0113ns:<\/strong> 8 g<\/li>\n<\/ul>\n","protected":false},"excerpt":{"rendered":"<p><strong data-start=\"1693\" data-end=\"1722\">Collagen Natural<\/strong> ir t\u012brs un bezgar\u0161\u012bgs hidroliz\u0113ts zivju kolag\u0113na pulveris, kas atbalsta vesel\u012bgu \u0101du, matus, nagus un loc\u012btavas. Viegli sajaucams ar da\u017e\u0101diem dz\u0113rieniem un \u0113dieniem. <\/p>\n","protected":false},"featured_media":353623,"comment_status":"closed","ping_status":"closed","template":"","meta":{"_acf_changed":false},"product_brand":[],"product_cat":[3296,4069],"product_tag":[4165,6279,3484,5369,4003,4008,2559],"class_list":{"0":"post-353618","1":"product","2":"type-product","3":"status-publish","4":"has-post-thumbnail","6":"product_cat-ada-mati-nagi","7":"product_cat-kolagens","8":"product_tag-hidrolizets-zivju-kolagens","9":"product_tag-kolagena-pulveris","10":"product_tag-kolagens","11":"product_tag-locitavam","12":"product_tag-matiem","13":"product_tag-nagiem","14":"product_tag-tirs-skaistums","16":"first","17":"onbackorder","18":"taxable","19":"shipping-taxable","20":"purchasable","21":"product-type-simple"},"acf":[],"yoast_head":"<!-- This site is optimized with the Yoast SEO plugin v27.1.1 - https:\/\/yoast.com\/product\/yoast-seo-wordpress\/ -->\n<title>Kolag\u0113na pulveris 250 g - Puhdas+<\/title>\n<meta name=\"description\" content=\"Dab\u012bgais kolag\u0113ns 250 g \u2013 t\u012brs hidroliz\u0113ts zivju kolag\u0113na pulveris \u0101das, matu un loc\u012btavu vesel\u012bbas atbalstam. Viegli pievienot dz\u0113rieniem un \u0113dieniem.\" \/>\n<meta name=\"robots\" content=\"noindex, follow, max-snippet:-1, max-image-preview:large, max-video-preview:-1\" \/>\n<meta property=\"og:locale\" content=\"lv_LV\" \/>\n<meta property=\"og:type\" content=\"article\" \/>\n<meta property=\"og:title\" content=\"Kolag\u0113na pulveris 250 g - Puhdas+\" \/>\n<meta property=\"og:description\" content=\"Dab\u012bgais kolag\u0113ns 250 g \u2013 t\u012brs hidroliz\u0113ts zivju kolag\u0113na pulveris \u0101das, matu un loc\u012btavu vesel\u012bbas atbalstam. Viegli pievienot dz\u0113rieniem un \u0113dieniem.\" \/>\n<meta property=\"og:url\" content=\"https:\/\/test.puhdasplus.ee\/lv\/tooted\/ada-mati-nagi\/kolagens\/kolagena-pulveris-250-g\/\" \/>\n<meta property=\"og:site_name\" content=\"Puhdas+\" \/>\n<meta property=\"article:publisher\" content=\"https:\/\/www.facebook.com\/puhdasplus\" \/>\n<meta property=\"article:modified_time\" content=\"2026-03-10T12:38:01+00:00\" \/>\n<meta property=\"og:image\" content=\"https:\/\/test.puhdasplus.ee\/wp-content\/uploads\/2025\/03\/38.jpg\" \/>\n\t<meta property=\"og:image:width\" content=\"1862\" \/>\n\t<meta property=\"og:image:height\" content=\"2560\" \/>\n\t<meta property=\"og:image:type\" content=\"image\/jpeg\" \/>\n<meta name=\"twitter:card\" content=\"summary_large_image\" \/>\n<meta name=\"twitter:label1\" content=\"Est. reading time\" \/>\n\t<meta name=\"twitter:data1\" content=\"1 minute\" \/>\n<script type=\"application\/ld+json\" class=\"yoast-schema-graph\">{\"@context\":\"https:\/\/schema.org\",\"@graph\":[{\"@type\":\"WebPage\",\"@id\":\"https:\/\/test.puhdasplus.ee\/lv\/tooted\/ada-mati-nagi\/kolagens\/kolagena-pulveris-250-g\/\",\"url\":\"https:\/\/test.puhdasplus.ee\/lv\/tooted\/ada-mati-nagi\/kolagens\/kolagena-pulveris-250-g\/\",\"name\":\"Kolag\u0113na pulveris 250 g - Puhdas+\",\"isPartOf\":{\"@id\":\"https:\/\/test.puhdasplus.ee\/lv\/#website\"},\"primaryImageOfPage\":{\"@id\":\"https:\/\/test.puhdasplus.ee\/lv\/tooted\/ada-mati-nagi\/kolagens\/kolagena-pulveris-250-g\/#primaryimage\"},\"image\":{\"@id\":\"https:\/\/test.puhdasplus.ee\/lv\/tooted\/ada-mati-nagi\/kolagens\/kolagena-pulveris-250-g\/#primaryimage\"},\"thumbnailUrl\":\"https:\/\/test.puhdasplus.ee\/wp-content\/uploads\/2025\/03\/38.jpg\",\"datePublished\":\"2019-11-23T19:21:18+00:00\",\"dateModified\":\"2026-03-10T12:38:01+00:00\",\"description\":\"Dab\u012bgais kolag\u0113ns 250 g \u2013 t\u012brs hidroliz\u0113ts zivju kolag\u0113na pulveris \u0101das, matu un loc\u012btavu vesel\u012bbas atbalstam. Viegli pievienot dz\u0113rieniem un \u0113dieniem.\",\"breadcrumb\":{\"@id\":\"https:\/\/test.puhdasplus.ee\/lv\/tooted\/ada-mati-nagi\/kolagens\/kolagena-pulveris-250-g\/#breadcrumb\"},\"inLanguage\":\"lv-LV\",\"potentialAction\":[{\"@type\":\"ReadAction\",\"target\":[\"https:\/\/test.puhdasplus.ee\/lv\/tooted\/ada-mati-nagi\/kolagens\/kolagena-pulveris-250-g\/\"]}]},{\"@type\":\"ImageObject\",\"inLanguage\":\"lv-LV\",\"@id\":\"https:\/\/test.puhdasplus.ee\/lv\/tooted\/ada-mati-nagi\/kolagens\/kolagena-pulveris-250-g\/#primaryimage\",\"url\":\"https:\/\/test.puhdasplus.ee\/wp-content\/uploads\/2025\/03\/38.jpg\",\"contentUrl\":\"https:\/\/test.puhdasplus.ee\/wp-content\/uploads\/2025\/03\/38.jpg\",\"width\":1862,\"height\":2560,\"caption\":\"Kolag\u0113na pulveris 250 g\"},{\"@type\":\"BreadcrumbList\",\"@id\":\"https:\/\/test.puhdasplus.ee\/lv\/tooted\/ada-mati-nagi\/kolagens\/kolagena-pulveris-250-g\/#breadcrumb\",\"itemListElement\":[{\"@type\":\"ListItem\",\"position\":1,\"name\":\"S\u0101kums\",\"item\":\"https:\/\/test.puhdasplus.ee\/lv\/\"},{\"@type\":\"ListItem\",\"position\":2,\"name\":\"Produkti\",\"item\":\"https:\/\/test.puhdasplus.ee\/lv\/veikals\/\"},{\"@type\":\"ListItem\",\"position\":3,\"name\":\"Kolag\u0113na pulveris 250 g\"}]},{\"@type\":\"WebSite\",\"@id\":\"https:\/\/test.puhdasplus.ee\/lv\/#website\",\"url\":\"https:\/\/test.puhdasplus.ee\/lv\/\",\"name\":\"Puhdas+\",\"description\":\"Vitamiinid, Toidulisandid, looduskosmeetika, tervis, sport\",\"publisher\":{\"@id\":\"https:\/\/test.puhdasplus.ee\/lv\/#organization\"},\"potentialAction\":[{\"@type\":\"SearchAction\",\"target\":{\"@type\":\"EntryPoint\",\"urlTemplate\":\"https:\/\/test.puhdasplus.ee\/lv\/?s={search_term_string}\"},\"query-input\":{\"@type\":\"PropertyValueSpecification\",\"valueRequired\":true,\"valueName\":\"search_term_string\"}}],\"inLanguage\":\"lv-LV\"},{\"@type\":\"Organization\",\"@id\":\"https:\/\/test.puhdasplus.ee\/lv\/#organization\",\"name\":\"Puhdas+\",\"alternateName\":\"Puhdasplus\",\"url\":\"https:\/\/test.puhdasplus.ee\/lv\/\",\"logo\":{\"@type\":\"ImageObject\",\"inLanguage\":\"lv-LV\",\"@id\":\"https:\/\/test.puhdasplus.ee\/lv\/#\/schema\/logo\/image\/\",\"url\":\"https:\/\/test.puhdasplus.ee\/\/wp-content\/uploads\/2019\/10\/puhdas_logo-arvele.png\",\"contentUrl\":\"https:\/\/test.puhdasplus.ee\/\/wp-content\/uploads\/2019\/10\/puhdas_logo-arvele.png\",\"width\":114,\"height\":94,\"caption\":\"Puhdas+\"},\"image\":{\"@id\":\"https:\/\/test.puhdasplus.ee\/lv\/#\/schema\/logo\/image\/\"},\"sameAs\":[\"https:\/\/www.facebook.com\/puhdasplus\",\"https:\/\/www.instagram.com\/puhdasplus_ee\/\"]}]}<\/script>\n<!-- \/ Yoast SEO plugin. -->","yoast_head_json":{"title":"Kolag\u0113na pulveris 250 g - Puhdas+","description":"Dab\u012bgais kolag\u0113ns 250 g \u2013 t\u012brs hidroliz\u0113ts zivju kolag\u0113na pulveris \u0101das, matu un loc\u012btavu vesel\u012bbas atbalstam. Viegli pievienot dz\u0113rieniem un \u0113dieniem.","robots":{"index":"noindex","follow":"follow","max-snippet":"max-snippet:-1","max-image-preview":"max-image-preview:large","max-video-preview":"max-video-preview:-1"},"og_locale":"lv_LV","og_type":"article","og_title":"Kolag\u0113na pulveris 250 g - Puhdas+","og_description":"Dab\u012bgais kolag\u0113ns 250 g \u2013 t\u012brs hidroliz\u0113ts zivju kolag\u0113na pulveris \u0101das, matu un loc\u012btavu vesel\u012bbas atbalstam. Viegli pievienot dz\u0113rieniem un \u0113dieniem.","og_url":"https:\/\/test.puhdasplus.ee\/lv\/tooted\/ada-mati-nagi\/kolagens\/kolagena-pulveris-250-g\/","og_site_name":"Puhdas+","article_publisher":"https:\/\/www.facebook.com\/puhdasplus","article_modified_time":"2026-03-10T12:38:01+00:00","og_image":[{"width":1862,"height":2560,"url":"https:\/\/test.puhdasplus.ee\/wp-content\/uploads\/2025\/03\/38.jpg","type":"image\/jpeg"}],"twitter_card":"summary_large_image","twitter_misc":{"Est. reading time":"1 minute"},"schema":{"@context":"https:\/\/schema.org","@graph":[{"@type":"WebPage","@id":"https:\/\/test.puhdasplus.ee\/lv\/tooted\/ada-mati-nagi\/kolagens\/kolagena-pulveris-250-g\/","url":"https:\/\/test.puhdasplus.ee\/lv\/tooted\/ada-mati-nagi\/kolagens\/kolagena-pulveris-250-g\/","name":"Kolag\u0113na pulveris 250 g - Puhdas+","isPartOf":{"@id":"https:\/\/test.puhdasplus.ee\/lv\/#website"},"primaryImageOfPage":{"@id":"https:\/\/test.puhdasplus.ee\/lv\/tooted\/ada-mati-nagi\/kolagens\/kolagena-pulveris-250-g\/#primaryimage"},"image":{"@id":"https:\/\/test.puhdasplus.ee\/lv\/tooted\/ada-mati-nagi\/kolagens\/kolagena-pulveris-250-g\/#primaryimage"},"thumbnailUrl":"https:\/\/test.puhdasplus.ee\/wp-content\/uploads\/2025\/03\/38.jpg","datePublished":"2019-11-23T19:21:18+00:00","dateModified":"2026-03-10T12:38:01+00:00","description":"Dab\u012bgais kolag\u0113ns 250 g \u2013 t\u012brs hidroliz\u0113ts zivju kolag\u0113na pulveris \u0101das, matu un loc\u012btavu vesel\u012bbas atbalstam. Viegli pievienot dz\u0113rieniem un \u0113dieniem.","breadcrumb":{"@id":"https:\/\/test.puhdasplus.ee\/lv\/tooted\/ada-mati-nagi\/kolagens\/kolagena-pulveris-250-g\/#breadcrumb"},"inLanguage":"lv-LV","potentialAction":[{"@type":"ReadAction","target":["https:\/\/test.puhdasplus.ee\/lv\/tooted\/ada-mati-nagi\/kolagens\/kolagena-pulveris-250-g\/"]}]},{"@type":"ImageObject","inLanguage":"lv-LV","@id":"https:\/\/test.puhdasplus.ee\/lv\/tooted\/ada-mati-nagi\/kolagens\/kolagena-pulveris-250-g\/#primaryimage","url":"https:\/\/test.puhdasplus.ee\/wp-content\/uploads\/2025\/03\/38.jpg","contentUrl":"https:\/\/test.puhdasplus.ee\/wp-content\/uploads\/2025\/03\/38.jpg","width":1862,"height":2560,"caption":"Kolag\u0113na pulveris 250 g"},{"@type":"BreadcrumbList","@id":"https:\/\/test.puhdasplus.ee\/lv\/tooted\/ada-mati-nagi\/kolagens\/kolagena-pulveris-250-g\/#breadcrumb","itemListElement":[{"@type":"ListItem","position":1,"name":"S\u0101kums","item":"https:\/\/test.puhdasplus.ee\/lv\/"},{"@type":"ListItem","position":2,"name":"Produkti","item":"https:\/\/test.puhdasplus.ee\/lv\/veikals\/"},{"@type":"ListItem","position":3,"name":"Kolag\u0113na pulveris 250 g"}]},{"@type":"WebSite","@id":"https:\/\/test.puhdasplus.ee\/lv\/#website","url":"https:\/\/test.puhdasplus.ee\/lv\/","name":"Puhdas+","description":"Vitamiinid, Toidulisandid, looduskosmeetika, tervis, sport","publisher":{"@id":"https:\/\/test.puhdasplus.ee\/lv\/#organization"},"potentialAction":[{"@type":"SearchAction","target":{"@type":"EntryPoint","urlTemplate":"https:\/\/test.puhdasplus.ee\/lv\/?s={search_term_string}"},"query-input":{"@type":"PropertyValueSpecification","valueRequired":true,"valueName":"search_term_string"}}],"inLanguage":"lv-LV"},{"@type":"Organization","@id":"https:\/\/test.puhdasplus.ee\/lv\/#organization","name":"Puhdas+","alternateName":"Puhdasplus","url":"https:\/\/test.puhdasplus.ee\/lv\/","logo":{"@type":"ImageObject","inLanguage":"lv-LV","@id":"https:\/\/test.puhdasplus.ee\/lv\/#\/schema\/logo\/image\/","url":"https:\/\/test.puhdasplus.ee\/\/wp-content\/uploads\/2019\/10\/puhdas_logo-arvele.png","contentUrl":"https:\/\/test.puhdasplus.ee\/\/wp-content\/uploads\/2019\/10\/puhdas_logo-arvele.png","width":114,"height":94,"caption":"Puhdas+"},"image":{"@id":"https:\/\/test.puhdasplus.ee\/lv\/#\/schema\/logo\/image\/"},"sameAs":["https:\/\/www.facebook.com\/puhdasplus","https:\/\/www.instagram.com\/puhdasplus_ee\/"]}]}},"_links":{"self":[{"href":"https:\/\/test.puhdasplus.ee\/lv\/wp-json\/wp\/v2\/product\/353618","targetHints":{"allow":["GET"]}}],"collection":[{"href":"https:\/\/test.puhdasplus.ee\/lv\/wp-json\/wp\/v2\/product"}],"about":[{"href":"https:\/\/test.puhdasplus.ee\/lv\/wp-json\/wp\/v2\/types\/product"}],"replies":[{"embeddable":true,"href":"https:\/\/test.puhdasplus.ee\/lv\/wp-json\/wp\/v2\/comments?post=353618"}],"wp:featuredmedia":[{"embeddable":true,"href":"https:\/\/test.puhdasplus.ee\/lv\/wp-json\/wp\/v2\/media\/353623"}],"wp:attachment":[{"href":"https:\/\/test.puhdasplus.ee\/lv\/wp-json\/wp\/v2\/media?parent=353618"}],"wp:term":[{"taxonomy":"product_brand","embeddable":true,"href":"https:\/\/test.puhdasplus.ee\/lv\/wp-json\/wp\/v2\/product_brand?post=353618"},{"taxonomy":"product_cat","embeddable":true,"href":"https:\/\/test.puhdasplus.ee\/lv\/wp-json\/wp\/v2\/product_cat?post=353618"},{"taxonomy":"product_tag","embeddable":true,"href":"https:\/\/test.puhdasplus.ee\/lv\/wp-json\/wp\/v2\/product_tag?post=353618"}],"curies":[{"name":"wp","href":"https:\/\/api.w.org\/{rel}","templated":true}]}}