{"id":353600,"date":"2019-11-23T21:41:47","date_gmt":"2019-11-23T19:41:47","guid":{"rendered":"https:\/\/test.puhdasplus.ee\/\/tooted\/uncategorized\/augstakas-kvalitates-kolagens-250-g\/"},"modified":"2026-03-10T14:37:56","modified_gmt":"2026-03-10T12:37:56","slug":"augstakas-kvalitates-kolagens-250-g","status":"publish","type":"product","link":"https:\/\/test.puhdasplus.ee\/lv\/tooted\/ada-mati-nagi\/kolagens\/augstakas-kvalitates-kolagens-250-g\/","title":{"rendered":"Augst\u0101k\u0101s kvalit\u0101tes kolag\u0113ns 250 g"},"content":{"rendered":"<p><span class=\"relative -mx-px my-[-0.2rem] rounded px-px py-[0.2rem] bg-[#FCECC1] dark:bg-[#64572A] transition-colors duration-100 ease-in-out\"><strong data-start=\"0\" data-end=\"28\" data-is-only-node=\"\">Puhdas+ Premium Collagen<\/strong> ir augstas kvalit\u0101tes uztura bag\u0101tin\u0101t\u0101js, kas apvieno hidroliz\u0113tu zivju kolag\u0113nu, hialuronsk\u0101bi, biot\u012bnu un C vitam\u012bnu.<\/span> <span class=\"relative -mx-px my-[-0.2rem] rounded px-px py-[0.2rem] transition-colors duration-100 ease-in-out\">\u0160is unik\u0101lais sast\u0101vs atbalsta \u0101das elast\u012bbu, mitrin\u0101\u0161anu un jaun\u012bbu, k\u0101 ar\u012b pal\u012bdz uztur\u0113t vesel\u012bgus matus un nagus.<\/span> <span class=\"relative -mx-px my-[-0.2rem] rounded px-px py-[0.2rem] transition-colors duration-100 ease-in-out\">Produkts ir ra\u017eots Somij\u0101, iev\u0113rojot augstus kvalit\u0101tes standartus, un nesatur konservantus, kr\u0101svielas vai citas piedevas.<\/span><\/p>\n<h2 data-start=\"364\" data-end=\"408\">Kas ir kolag\u0113ns un hialuronsk\u0101be?<\/h2>\n<p class=\"\" data-start=\"410\" data-end=\"569\"><span class=\"relative -mx-px my-[-0.2rem] rounded px-px py-[0.2rem] transition-colors duration-100 ease-in-out\"><strong data-start=\"0\" data-end=\"13\" data-is-only-node=\"\">Kolag\u0113ns<\/strong> ir visizplat\u012bt\u0101kais prote\u012bns organism\u0101, kas pie\u0161\u0137ir iztur\u012bbu un elast\u012bbu \u0101dai, kauliem, loc\u012btav\u0101m un c\u012bpsl\u0101m.<\/span> <span class=\"relative -mx-px my-[-0.2rem] rounded px-px py-[0.2rem] transition-colors duration-100 ease-in-out\">Novecojot, organisma kolag\u0113na ra\u017eo\u0161ana samazin\u0101s, kas var izrais\u012bt \u0101das \u013cenganumu, grumbas un loc\u012btavu st\u012bvumu.<\/span> <span class=\"relative -mx-px my-[-0.2rem] rounded px-px py-[0.2rem] transition-colors duration-100 ease-in-out\">Kolag\u0113na uztura bag\u0101tin\u0101t\u0101ju lieto\u0161ana var pal\u012bdz\u0113t saglab\u0101t \u0101das elast\u012bbu, mitrin\u0101\u0161anu un jaun\u012bbu.<\/span><\/p>\n<p class=\"\" data-start=\"571\" data-end=\"696\"><span class=\"relative -mx-px my-[-0.2rem] rounded px-px py-[0.2rem] transition-colors duration-100 ease-in-out\"><strong data-start=\"0\" data-end=\"17\" data-is-only-node=\"\">Hialuronsk\u0101be<\/strong> ir dabiska viela, kas saist\u0101s ar \u016bdeni un pal\u012bdz uztur\u0113t \u0101das mitruma l\u012bmeni, elast\u012bbu un gludumu.<\/span> <span class=\"relative -mx-px my-[-0.2rem] rounded px-px py-[0.2rem] transition-colors duration-100 ease-in-out\">T\u0101s pievieno\u0161ana k\u0101 uztura bag\u0101tin\u0101t\u0101js var uzlabot \u0101das mitrin\u0101\u0161anu un mazin\u0101t sausumu.<\/span><\/p>\n<h2 data-start=\"703\" data-end=\"755\">K\u0101p\u0113c Pure+ Premium kolag\u0113ns ir noder\u012bgs?<\/h2>\n<h3 data-start=\"759\" data-end=\"886\">Atbalsta \u0101das elast\u012bbu un mitrin\u0101\u0161anu<\/h3>\n<p class=\"\" data-start=\"759\" data-end=\"886\"><span class=\"relative -mx-px my-[-0.2rem] rounded px-px py-[0.2rem] transition-colors duration-100 ease-in-out\">Hidroliz\u0113ts zivju kolag\u0113ns un hialuronsk\u0101be pal\u012bdz saglab\u0101t \u0101das iztur\u012bbu un elast\u012bbu, samazinot grumbu redzam\u012bbu un uzlabojot \u0101das kop\u0113jo izskatu.<\/span><\/p>\n<h3 data-start=\"890\" data-end=\"1007\">Stiprina matus un nagus<\/h3>\n<p class=\"\" data-start=\"890\" data-end=\"1007\"><span class=\"relative -mx-px my-[-0.2rem] rounded px-px py-[0.2rem] transition-colors duration-100 ease-in-out\">Biot\u012bns veicina norm\u0101lu matu un nagu st\u0101vokli, atbalstot to aug\u0161anu un iztur\u012bbu.<\/span><\/p>\n<h3 data-start=\"1011\" data-end=\"1129\">Efekt\u012bva antioksidantu aizsardz\u012bba<\/h3>\n<p class=\"\" data-start=\"1011\" data-end=\"1129\"><span class=\"relative -mx-px my-[-0.2rem] rounded px-px py-[0.2rem] transition-colors duration-100 ease-in-out\">C vitam\u012bns pal\u012bdz aizsarg\u0101t \u0161\u016bnas no oksidat\u012bv\u0101 stresa un atbalsta organisma pa\u0161a kolag\u0113na ra\u017eo\u0161anu.<\/span><\/p>\n<h2 data-start=\"1136\" data-end=\"1186\">Kam piem\u0113rots Puhdas+ Premium kolag\u0113ns?<\/h2>\n<ul data-start=\"1188\" data-end=\"1542\">\n<li class=\"\" data-start=\"1188\" data-end=\"1275\">\n<p class=\"\" data-start=\"1190\" data-end=\"1275\"><span class=\"relative -mx-px my-[-0.2rem] rounded px-px py-[0.2rem] transition-colors duration-100 ease-in-out\">Tiem, kas v\u0113las saglab\u0101t vai atjaunot jaunekl\u012bgu \u0101du<\/span><\/p>\n<\/li>\n<li class=\"\" data-start=\"1277\" data-end=\"1364\">\n<p class=\"\" data-start=\"1279\" data-end=\"1364\"><span class=\"relative -mx-px my-[-0.2rem] rounded px-px py-[0.2rem] transition-colors duration-100 ease-in-out\">Tiem, kas v\u0113las stiprin\u0101t matus un nagus<\/span><\/p>\n<\/li>\n<li class=\"\" data-start=\"1366\" data-end=\"1453\">\n<p class=\"\" data-start=\"1368\" data-end=\"1453\"><span class=\"relative -mx-px my-[-0.2rem] rounded px-px py-[0.2rem] transition-colors duration-100 ease-in-out\">Tiem, kam ir sausa vai nedz\u012bva \u0101da<\/span><\/p>\n<\/li>\n<li class=\"\" data-start=\"1455\" data-end=\"1542\">\n<p class=\"\" data-start=\"1457\" data-end=\"1542\"><span class=\"relative -mx-px my-[-0.2rem] rounded px-px py-[0.2rem] transition-colors duration-100 ease-in-out\">Visiem, kas v\u0113las dabisku skaistumu un labsaj\u016btu no iek\u0161ienes<\/span><\/p>\n<\/li>\n<\/ul>\n<h2 data-start=\"1549\" data-end=\"1570\">Lietojums<\/h2>\n<p class=\"\" data-start=\"1572\" data-end=\"1687\"><strong data-start=\"1572\" data-end=\"1601\">Ieteicam\u0101 dienas deva:<\/strong> <span class=\"relative -mx-px my-[-0.2rem] rounded px-px py-[0.2rem] transition-colors duration-100 ease-in-out\">1\u20132 \u0113damkarotes dien\u0101, uzdzerot \u016bdeni.<\/span><\/p>\n<p class=\"\" data-start=\"1689\" data-end=\"1774\"><span class=\"relative -mx-px my-[-0.2rem] rounded px-px py-[0.2rem] transition-colors duration-100 ease-in-out\">Pulveri var sajaukt, piem\u0113ram, ar gl\u0101zi \u016bdens, sulu, jogurtu vai sm\u016btiju.<\/span><\/p>\n<p class=\"\" data-start=\"1776\" data-end=\"1953\"><span class=\"relative -mx-px my-[-0.2rem] rounded px-px py-[0.2rem] transition-colors duration-100 ease-in-out\">Nep\u0101rsniedziet ieteicamo dienas devu.<\/span> <span class=\"relative -mx-px my-[-0.2rem] rounded px-px py-[0.2rem] transition-colors duration-100 ease-in-out\">Uztura bag\u0101tin\u0101t\u0101js neaizst\u0101j daudzveid\u012bgu uzturu vai vesel\u012bgu dz\u012bvesveidu.<\/span> <span class=\"relative -mx-px my-[-0.2rem] rounded px-px py-[0.2rem] transition-colors duration-100 ease-in-out\">Sarg\u0101t no b\u0113rniem.<\/span><\/p>\n<h2 data-start=\"1960\" data-end=\"1998\">Sast\u0101vda\u013cas un uzturv\u0113rt\u012bba<\/h2>\n<p class=\"\" data-start=\"2000\" data-end=\"2102\"><strong data-start=\"2000\" data-end=\"2016\">Sast\u0101vda\u013cas:<\/strong> <span class=\"relative -mx-px my-[-0.2rem] rounded px-px py-[0.2rem] transition-colors duration-100 ease-in-out\">hidroliz\u0113ts zivju kolag\u0113ns, L-askorb\u012bnsk\u0101be (C vitam\u012bns), n\u0101trija hialuron\u0101ts (hialuronsk\u0101be), D-biot\u012bns.<\/span><\/p>\n<p class=\"\" data-start=\"2104\" data-end=\"2142\"><strong data-start=\"2104\" data-end=\"2142\">Uzturv\u0113rt\u012bba (1\u20132 \u0113damkarotes):<\/strong><\/p>\n<ul data-start=\"2144\" data-end=\"2498\">\n<li class=\"\" data-start=\"2144\" data-end=\"2231\">\n<p class=\"\" data-start=\"2146\" data-end=\"2231\"><span class=\"relative -mx-px my-[-0.2rem] rounded px-px py-[0.2rem] transition-colors duration-100 ease-in-out\">Kolag\u0113ns: 5\u201310 g<\/span><\/p>\n<\/li>\n<li class=\"\" data-start=\"2233\" data-end=\"2320\">\n<p class=\"\" data-start=\"2235\" data-end=\"2320\"><span class=\"relative -mx-px my-[-0.2rem] rounded px-px py-[0.2rem] transition-colors duration-100 ease-in-out\">Hialuronsk\u0101be: 40\u201380 mg<\/span><\/p>\n<\/li>\n<li class=\"\" data-start=\"2322\" data-end=\"2409\">\n<p class=\"\" data-start=\"2324\" data-end=\"2409\"><span class=\"relative -mx-px my-[-0.2rem] rounded px-px py-[0.2rem] transition-colors duration-100 ease-in-out\">Biot\u012bns: 5000\u201310&nbsp;000 \u00b5g<\/span> (10&nbsp;000\u201320&nbsp;000 % no ieteicam\u0101s dienas devas)<\/p>\n<\/li>\n<li class=\"\" data-start=\"2411\" data-end=\"2498\">\n<p class=\"\" data-start=\"2413\" data-end=\"2498\"><span class=\"relative -mx-px my-[-0.2rem] rounded px-px py-[0.2rem] bg-[#FCECC1] dark:bg-[#64572A] transition-colors duration-100 ease-in-out\">C vitam\u012bns: 200\u2013400 mg<\/span> (250\u2013500 % no ieteicam\u0101s dienas devas). NRV \u2013 ieteicam\u0101 dienas deva pieaugu\u0161ajam. <\/p>\n<\/li>\n<\/ul>\n","protected":false},"excerpt":{"rendered":"<p>Puhdas+ Premium Collagen 250 g ir augstas kvalit\u0101tes kolag\u0113na pulveris, kas apvieno hidroliz\u0113tu zivju kolag\u0113nu, hialuronsk\u0101bi, biot\u012bnu un C vitam\u012bnu, lai atbalst\u012btu \u0101das, matu un nagu vesel\u012bbu no iek\u0161puses. Kolag\u0113ns un hialuronsk\u0101be pal\u012bdz saglab\u0101t \u0101das elast\u012bbu, mitrin\u0101\u0161anu un gludumu, savuk\u0101rt biot\u012bns un C vitam\u012bns veicina \u0101das atjauno\u0161anos un matu stipr\u012bbu. Tas ir labi piem\u0113rots sausai vai novecojo\u0161ai \u0101dai un ikvienam, kur\u0161 v\u0113las dabisk\u0101 veid\u0101 uzlabot savu skaistumu. Pulverim ir neitr\u0101la gar\u0161a, tas viegli \u0161\u0137\u012bst un nesatur m\u0101ksl\u012bgas piedevas.   <\/p>\n","protected":false},"featured_media":353610,"comment_status":"closed","ping_status":"closed","template":"","meta":{"_acf_changed":false},"product_brand":[],"product_cat":[3296,3297,3067,4069],"product_tag":[2537,3299,3202,2535,4165,3484,6834,2559],"class_list":{"0":"post-353600","1":"product","2":"type-product","3":"status-publish","4":"has-post-thumbnail","6":"product_cat-ada-mati-nagi","7":"product_cat-biotins","8":"product_cat-ipasie-piedavajumi","9":"product_cat-kolagens","10":"product_tag-adas-elastiba","11":"product_tag-biotins","12":"product_tag-c-vitamins-lv","13":"product_tag-hialuronskabe","14":"product_tag-hidrolizets-zivju-kolagens","15":"product_tag-kolagens","16":"product_tag-premium-kolaza","17":"product_tag-tirs-skaistums","19":"first","20":"instock","21":"sale","22":"featured","23":"taxable","24":"shipping-taxable","25":"purchasable","26":"product-type-simple"},"acf":[],"yoast_head":"<!-- This site is optimized with the Yoast SEO plugin v27.1.1 - https:\/\/yoast.com\/product\/yoast-seo-wordpress\/ -->\n<title>Augst\u0101k\u0101s kvalit\u0101tes kolag\u0113ns 250 g - Puhdas+<\/title>\n<meta name=\"description\" content=\"Augst\u0101k\u0101s kvalit\u0101tes kolag\u0113na pulveris ar biot\u012bnu, C vitam\u012bnu un hialuronsk\u0101bi \u0101das, matu un nagu stiprin\u0101\u0161anai. Dabisks skaistums no iek\u0161ienes.\" \/>\n<meta name=\"robots\" content=\"noindex, follow, max-snippet:-1, max-image-preview:large, max-video-preview:-1\" \/>\n<meta property=\"og:locale\" content=\"lv_LV\" \/>\n<meta property=\"og:type\" content=\"article\" \/>\n<meta property=\"og:title\" content=\"Augst\u0101k\u0101s kvalit\u0101tes kolag\u0113ns 250 g - Puhdas+\" \/>\n<meta property=\"og:description\" content=\"Augst\u0101k\u0101s kvalit\u0101tes kolag\u0113na pulveris ar biot\u012bnu, C vitam\u012bnu un hialuronsk\u0101bi \u0101das, matu un nagu stiprin\u0101\u0161anai. Dabisks skaistums no iek\u0161ienes.\" \/>\n<meta property=\"og:url\" content=\"https:\/\/test.puhdasplus.ee\/lv\/tooted\/ada-mati-nagi\/kolagens\/augstakas-kvalitates-kolagens-250-g\/\" \/>\n<meta property=\"og:site_name\" content=\"Puhdas+\" \/>\n<meta property=\"article:publisher\" content=\"https:\/\/www.facebook.com\/puhdasplus\" \/>\n<meta property=\"article:modified_time\" content=\"2026-03-10T12:37:56+00:00\" \/>\n<meta property=\"og:image\" content=\"https:\/\/test.puhdasplus.ee\/wp-content\/uploads\/2019\/11\/Untitled-design-45-copy-4.jpg\" \/>\n\t<meta property=\"og:image:width\" content=\"1862\" \/>\n\t<meta property=\"og:image:height\" content=\"2560\" \/>\n\t<meta property=\"og:image:type\" content=\"image\/jpeg\" \/>\n<meta name=\"twitter:card\" content=\"summary_large_image\" \/>\n<meta name=\"twitter:label1\" content=\"Est. reading time\" \/>\n\t<meta name=\"twitter:data1\" content=\"2 min\u016btes\" \/>\n<script type=\"application\/ld+json\" class=\"yoast-schema-graph\">{\"@context\":\"https:\/\/schema.org\",\"@graph\":[{\"@type\":\"WebPage\",\"@id\":\"https:\/\/test.puhdasplus.ee\/lv\/tooted\/ada-mati-nagi\/kolagens\/augstakas-kvalitates-kolagens-250-g\/\",\"url\":\"https:\/\/test.puhdasplus.ee\/lv\/tooted\/ada-mati-nagi\/kolagens\/augstakas-kvalitates-kolagens-250-g\/\",\"name\":\"Augst\u0101k\u0101s kvalit\u0101tes kolag\u0113ns 250 g - Puhdas+\",\"isPartOf\":{\"@id\":\"https:\/\/test.puhdasplus.ee\/lv\/#website\"},\"primaryImageOfPage\":{\"@id\":\"https:\/\/test.puhdasplus.ee\/lv\/tooted\/ada-mati-nagi\/kolagens\/augstakas-kvalitates-kolagens-250-g\/#primaryimage\"},\"image\":{\"@id\":\"https:\/\/test.puhdasplus.ee\/lv\/tooted\/ada-mati-nagi\/kolagens\/augstakas-kvalitates-kolagens-250-g\/#primaryimage\"},\"thumbnailUrl\":\"https:\/\/test.puhdasplus.ee\/wp-content\/uploads\/2019\/11\/Untitled-design-45-copy-4.jpg\",\"datePublished\":\"2019-11-23T19:41:47+00:00\",\"dateModified\":\"2026-03-10T12:37:56+00:00\",\"description\":\"Augst\u0101k\u0101s kvalit\u0101tes kolag\u0113na pulveris ar biot\u012bnu, C vitam\u012bnu un hialuronsk\u0101bi \u0101das, matu un nagu stiprin\u0101\u0161anai. Dabisks skaistums no iek\u0161ienes.\",\"breadcrumb\":{\"@id\":\"https:\/\/test.puhdasplus.ee\/lv\/tooted\/ada-mati-nagi\/kolagens\/augstakas-kvalitates-kolagens-250-g\/#breadcrumb\"},\"inLanguage\":\"lv-LV\",\"potentialAction\":[{\"@type\":\"ReadAction\",\"target\":[\"https:\/\/test.puhdasplus.ee\/lv\/tooted\/ada-mati-nagi\/kolagens\/augstakas-kvalitates-kolagens-250-g\/\"]}]},{\"@type\":\"ImageObject\",\"inLanguage\":\"lv-LV\",\"@id\":\"https:\/\/test.puhdasplus.ee\/lv\/tooted\/ada-mati-nagi\/kolagens\/augstakas-kvalitates-kolagens-250-g\/#primaryimage\",\"url\":\"https:\/\/test.puhdasplus.ee\/wp-content\/uploads\/2019\/11\/Untitled-design-45-copy-4.jpg\",\"contentUrl\":\"https:\/\/test.puhdasplus.ee\/wp-content\/uploads\/2019\/11\/Untitled-design-45-copy-4.jpg\",\"width\":1862,\"height\":2560,\"caption\":\"Augst\u0101k\u0101s kvalit\u0101tes kolag\u0113na pulveris 250 g\"},{\"@type\":\"BreadcrumbList\",\"@id\":\"https:\/\/test.puhdasplus.ee\/lv\/tooted\/ada-mati-nagi\/kolagens\/augstakas-kvalitates-kolagens-250-g\/#breadcrumb\",\"itemListElement\":[{\"@type\":\"ListItem\",\"position\":1,\"name\":\"S\u0101kums\",\"item\":\"https:\/\/test.puhdasplus.ee\/lv\/\"},{\"@type\":\"ListItem\",\"position\":2,\"name\":\"Produkti\",\"item\":\"https:\/\/test.puhdasplus.ee\/lv\/veikals\/\"},{\"@type\":\"ListItem\",\"position\":3,\"name\":\"Augst\u0101k\u0101s kvalit\u0101tes kolag\u0113ns 250 g\"}]},{\"@type\":\"WebSite\",\"@id\":\"https:\/\/test.puhdasplus.ee\/lv\/#website\",\"url\":\"https:\/\/test.puhdasplus.ee\/lv\/\",\"name\":\"Puhdas+\",\"description\":\"Vitamiinid, Toidulisandid, looduskosmeetika, tervis, sport\",\"publisher\":{\"@id\":\"https:\/\/test.puhdasplus.ee\/lv\/#organization\"},\"potentialAction\":[{\"@type\":\"SearchAction\",\"target\":{\"@type\":\"EntryPoint\",\"urlTemplate\":\"https:\/\/test.puhdasplus.ee\/lv\/?s={search_term_string}\"},\"query-input\":{\"@type\":\"PropertyValueSpecification\",\"valueRequired\":true,\"valueName\":\"search_term_string\"}}],\"inLanguage\":\"lv-LV\"},{\"@type\":\"Organization\",\"@id\":\"https:\/\/test.puhdasplus.ee\/lv\/#organization\",\"name\":\"Puhdas+\",\"alternateName\":\"Puhdasplus\",\"url\":\"https:\/\/test.puhdasplus.ee\/lv\/\",\"logo\":{\"@type\":\"ImageObject\",\"inLanguage\":\"lv-LV\",\"@id\":\"https:\/\/test.puhdasplus.ee\/lv\/#\/schema\/logo\/image\/\",\"url\":\"https:\/\/test.puhdasplus.ee\/\/wp-content\/uploads\/2019\/10\/puhdas_logo-arvele.png\",\"contentUrl\":\"https:\/\/test.puhdasplus.ee\/\/wp-content\/uploads\/2019\/10\/puhdas_logo-arvele.png\",\"width\":114,\"height\":94,\"caption\":\"Puhdas+\"},\"image\":{\"@id\":\"https:\/\/test.puhdasplus.ee\/lv\/#\/schema\/logo\/image\/\"},\"sameAs\":[\"https:\/\/www.facebook.com\/puhdasplus\",\"https:\/\/www.instagram.com\/puhdasplus_ee\/\"]}]}<\/script>\n<!-- \/ Yoast SEO plugin. -->","yoast_head_json":{"title":"Augst\u0101k\u0101s kvalit\u0101tes kolag\u0113ns 250 g - Puhdas+","description":"Augst\u0101k\u0101s kvalit\u0101tes kolag\u0113na pulveris ar biot\u012bnu, C vitam\u012bnu un hialuronsk\u0101bi \u0101das, matu un nagu stiprin\u0101\u0161anai. Dabisks skaistums no iek\u0161ienes.","robots":{"index":"noindex","follow":"follow","max-snippet":"max-snippet:-1","max-image-preview":"max-image-preview:large","max-video-preview":"max-video-preview:-1"},"og_locale":"lv_LV","og_type":"article","og_title":"Augst\u0101k\u0101s kvalit\u0101tes kolag\u0113ns 250 g - Puhdas+","og_description":"Augst\u0101k\u0101s kvalit\u0101tes kolag\u0113na pulveris ar biot\u012bnu, C vitam\u012bnu un hialuronsk\u0101bi \u0101das, matu un nagu stiprin\u0101\u0161anai. Dabisks skaistums no iek\u0161ienes.","og_url":"https:\/\/test.puhdasplus.ee\/lv\/tooted\/ada-mati-nagi\/kolagens\/augstakas-kvalitates-kolagens-250-g\/","og_site_name":"Puhdas+","article_publisher":"https:\/\/www.facebook.com\/puhdasplus","article_modified_time":"2026-03-10T12:37:56+00:00","og_image":[{"width":1862,"height":2560,"url":"https:\/\/test.puhdasplus.ee\/wp-content\/uploads\/2019\/11\/Untitled-design-45-copy-4.jpg","type":"image\/jpeg"}],"twitter_card":"summary_large_image","twitter_misc":{"Est. reading time":"2 min\u016btes"},"schema":{"@context":"https:\/\/schema.org","@graph":[{"@type":"WebPage","@id":"https:\/\/test.puhdasplus.ee\/lv\/tooted\/ada-mati-nagi\/kolagens\/augstakas-kvalitates-kolagens-250-g\/","url":"https:\/\/test.puhdasplus.ee\/lv\/tooted\/ada-mati-nagi\/kolagens\/augstakas-kvalitates-kolagens-250-g\/","name":"Augst\u0101k\u0101s kvalit\u0101tes kolag\u0113ns 250 g - Puhdas+","isPartOf":{"@id":"https:\/\/test.puhdasplus.ee\/lv\/#website"},"primaryImageOfPage":{"@id":"https:\/\/test.puhdasplus.ee\/lv\/tooted\/ada-mati-nagi\/kolagens\/augstakas-kvalitates-kolagens-250-g\/#primaryimage"},"image":{"@id":"https:\/\/test.puhdasplus.ee\/lv\/tooted\/ada-mati-nagi\/kolagens\/augstakas-kvalitates-kolagens-250-g\/#primaryimage"},"thumbnailUrl":"https:\/\/test.puhdasplus.ee\/wp-content\/uploads\/2019\/11\/Untitled-design-45-copy-4.jpg","datePublished":"2019-11-23T19:41:47+00:00","dateModified":"2026-03-10T12:37:56+00:00","description":"Augst\u0101k\u0101s kvalit\u0101tes kolag\u0113na pulveris ar biot\u012bnu, C vitam\u012bnu un hialuronsk\u0101bi \u0101das, matu un nagu stiprin\u0101\u0161anai. Dabisks skaistums no iek\u0161ienes.","breadcrumb":{"@id":"https:\/\/test.puhdasplus.ee\/lv\/tooted\/ada-mati-nagi\/kolagens\/augstakas-kvalitates-kolagens-250-g\/#breadcrumb"},"inLanguage":"lv-LV","potentialAction":[{"@type":"ReadAction","target":["https:\/\/test.puhdasplus.ee\/lv\/tooted\/ada-mati-nagi\/kolagens\/augstakas-kvalitates-kolagens-250-g\/"]}]},{"@type":"ImageObject","inLanguage":"lv-LV","@id":"https:\/\/test.puhdasplus.ee\/lv\/tooted\/ada-mati-nagi\/kolagens\/augstakas-kvalitates-kolagens-250-g\/#primaryimage","url":"https:\/\/test.puhdasplus.ee\/wp-content\/uploads\/2019\/11\/Untitled-design-45-copy-4.jpg","contentUrl":"https:\/\/test.puhdasplus.ee\/wp-content\/uploads\/2019\/11\/Untitled-design-45-copy-4.jpg","width":1862,"height":2560,"caption":"Augst\u0101k\u0101s kvalit\u0101tes kolag\u0113na pulveris 250 g"},{"@type":"BreadcrumbList","@id":"https:\/\/test.puhdasplus.ee\/lv\/tooted\/ada-mati-nagi\/kolagens\/augstakas-kvalitates-kolagens-250-g\/#breadcrumb","itemListElement":[{"@type":"ListItem","position":1,"name":"S\u0101kums","item":"https:\/\/test.puhdasplus.ee\/lv\/"},{"@type":"ListItem","position":2,"name":"Produkti","item":"https:\/\/test.puhdasplus.ee\/lv\/veikals\/"},{"@type":"ListItem","position":3,"name":"Augst\u0101k\u0101s kvalit\u0101tes kolag\u0113ns 250 g"}]},{"@type":"WebSite","@id":"https:\/\/test.puhdasplus.ee\/lv\/#website","url":"https:\/\/test.puhdasplus.ee\/lv\/","name":"Puhdas+","description":"Vitamiinid, Toidulisandid, looduskosmeetika, tervis, sport","publisher":{"@id":"https:\/\/test.puhdasplus.ee\/lv\/#organization"},"potentialAction":[{"@type":"SearchAction","target":{"@type":"EntryPoint","urlTemplate":"https:\/\/test.puhdasplus.ee\/lv\/?s={search_term_string}"},"query-input":{"@type":"PropertyValueSpecification","valueRequired":true,"valueName":"search_term_string"}}],"inLanguage":"lv-LV"},{"@type":"Organization","@id":"https:\/\/test.puhdasplus.ee\/lv\/#organization","name":"Puhdas+","alternateName":"Puhdasplus","url":"https:\/\/test.puhdasplus.ee\/lv\/","logo":{"@type":"ImageObject","inLanguage":"lv-LV","@id":"https:\/\/test.puhdasplus.ee\/lv\/#\/schema\/logo\/image\/","url":"https:\/\/test.puhdasplus.ee\/\/wp-content\/uploads\/2019\/10\/puhdas_logo-arvele.png","contentUrl":"https:\/\/test.puhdasplus.ee\/\/wp-content\/uploads\/2019\/10\/puhdas_logo-arvele.png","width":114,"height":94,"caption":"Puhdas+"},"image":{"@id":"https:\/\/test.puhdasplus.ee\/lv\/#\/schema\/logo\/image\/"},"sameAs":["https:\/\/www.facebook.com\/puhdasplus","https:\/\/www.instagram.com\/puhdasplus_ee\/"]}]}},"_links":{"self":[{"href":"https:\/\/test.puhdasplus.ee\/lv\/wp-json\/wp\/v2\/product\/353600","targetHints":{"allow":["GET"]}}],"collection":[{"href":"https:\/\/test.puhdasplus.ee\/lv\/wp-json\/wp\/v2\/product"}],"about":[{"href":"https:\/\/test.puhdasplus.ee\/lv\/wp-json\/wp\/v2\/types\/product"}],"replies":[{"embeddable":true,"href":"https:\/\/test.puhdasplus.ee\/lv\/wp-json\/wp\/v2\/comments?post=353600"}],"wp:featuredmedia":[{"embeddable":true,"href":"https:\/\/test.puhdasplus.ee\/lv\/wp-json\/wp\/v2\/media\/353610"}],"wp:attachment":[{"href":"https:\/\/test.puhdasplus.ee\/lv\/wp-json\/wp\/v2\/media?parent=353600"}],"wp:term":[{"taxonomy":"product_brand","embeddable":true,"href":"https:\/\/test.puhdasplus.ee\/lv\/wp-json\/wp\/v2\/product_brand?post=353600"},{"taxonomy":"product_cat","embeddable":true,"href":"https:\/\/test.puhdasplus.ee\/lv\/wp-json\/wp\/v2\/product_cat?post=353600"},{"taxonomy":"product_tag","embeddable":true,"href":"https:\/\/test.puhdasplus.ee\/lv\/wp-json\/wp\/v2\/product_tag?post=353600"}],"curies":[{"name":"wp","href":"https:\/\/api.w.org\/{rel}","templated":true}]}}