{"id":353584,"date":"2019-11-23T19:36:23","date_gmt":"2019-11-23T17:36:23","guid":{"rendered":"https:\/\/test.puhdasplus.ee\/\/tooted\/uncategorized\/magnija-aerosols-locitavam-150-ml\/"},"modified":"2026-03-10T14:44:01","modified_gmt":"2026-03-10T12:44:01","slug":"magnija-aerosols-locitavam-150-ml","status":"publish","type":"product","link":"https:\/\/test.puhdasplus.ee\/lv\/tooted\/minerali\/magnijs\/magnija-aerosols-locitavam-150-ml\/","title":{"rendered":"Magnija aerosols loc\u012btav\u0101m 150 ml"},"content":{"rendered":"<h2 class=\"\" data-start=\"285\" data-end=\"358\">Kas ir Pure+ magnija aerosols loc\u012btav\u0101m un k\u0101p\u0113c to lietot?<\/h2>\n<p class=\"\" data-start=\"264\" data-end=\"723\">Puhdas+ magnija aerosols loc\u012btav\u0101m ir dab\u012bgs un efekt\u012bvs magnija aerosols, kas paredz\u0113ts \u0101r\u012bgai lieto\u0161anai uz loc\u012btav\u0101m un musku\u013ciem. Produkts ir izstr\u0101d\u0101ts, lai atvieglotu saspringtu, noguru\u0161u un p\u0101rslogotu musku\u013cu st\u0101vokli, k\u0101 ar\u012b atbalst\u012btu loc\u012btavu kust\u012bgumu un labsaj\u016btu. Aerosols satur magnija hlor\u012bdu, augu izcelsmes glikozam\u012bnu, mentolu, eikalipta e\u013c\u013cu un arnikas ekstraktu \u2013 dab\u012bgas sast\u0101vda\u013cas ar nomierino\u0161u, relaks\u0113jo\u0161u un atv\u0113sino\u0161u efektu.  <\/p>\n<p class=\"\" data-start=\"725\" data-end=\"1140\">Magnijs ir svar\u012bgs miner\u0101ls, kas veicina norm\u0101lu musku\u013cu darb\u012bbu, atbalsta nervu sist\u0113mu un ener\u0123ijas metabolismu. T\u0101 lok\u0101la lieto\u0161ana tiek uzskat\u012bta par efekt\u012bvu veidu, k\u0101 sniegt atvieglojumu tie\u0161i tur, kur musku\u013ci ir saspringti vai noguru\u0161i \u2013 piem\u0113ram, p\u0113c fizisk\u0101s slodzes, fiziska darba vai ilgsto\u0161as \u200b\u200bs\u0113d\u0113\u0161anas. Uzsmidzin\u0101ts uz \u0101das, magnijs \u0101tri ies\u016bcas un neatst\u0101j lip\u012bgu saj\u016btu, vienlaikus nodro\u0161inot pat\u012bkamu svaigumu.  <\/p>\n<p class=\"\" data-start=\"1142\" data-end=\"1704\">Glikozam\u012bns ir dabisks savienojums, kas atrodams loc\u012btavu skrim\u0161\u013cos, un t\u0101 ra\u017eo\u0161ana samazin\u0101s l\u012bdz ar vecumu. Pievienojot to \u0101r\u012bgai kop\u0161anas l\u012bdzeklim, tiek veicin\u0101ta loc\u012btavu labsaj\u016bta, \u012bpa\u0161i gados vec\u0101kiem un akt\u012bviem cilv\u0113kiem. Mentols un eikalipts nodro\u0161ina atv\u0113sino\u0161u un stimul\u0113jo\u0161u efektu, pal\u012bdzot nomierin\u0101t noguru\u0161us musku\u013cus un mazin\u0101t diskomfortu. Arnika ir paz\u012bstama ar sav\u0101m pretiekaisuma un audus re\u0123ener\u0113jo\u0161aj\u0101m \u012bpa\u0161\u012bb\u0101m \u2013 t\u0101 var pal\u012bdz\u0113t mazin\u0101t piet\u016bkumu, veicin\u0101t atvese\u013co\u0161anos p\u0113c sastiepumiem, sasitumiem vai zilumiem un pa\u0101trin\u0101t \u0101das dz\u012b\u0161anu.   <\/p>\n<p class=\"\" data-start=\"1706\" data-end=\"2009\">Puhdas+ magnija aerosols loc\u012btav\u0101m ir piem\u0113rots ikdienas lieto\u0161anai un ir lieliska dabiska izv\u0113le tiem, kas mekl\u0113 atbalstu musku\u013ciem un loc\u012btav\u0101m, neizmantojot iek\u0161\u0137\u012bgi lietojamus l\u012bdzek\u013cus. Pateicoties praktiskajai aerosola formai, produktu ir \u0113rti lietot jebkur\u0101 laik\u0101 \u2013 m\u0101j\u0101s, sporta z\u0101l\u0113 vai ce\u013cojuma laik\u0101. <\/p>\n<h2 data-start=\"1486\" data-end=\"1511\">Lieto\u0161anas priek\u0161roc\u012bbas<\/h2>\n<ul data-start=\"1513\" data-end=\"1838\">\n<li class=\"\" data-start=\"1513\" data-end=\"1584\">\n<p class=\"\" data-start=\"1515\" data-end=\"1584\">\u0112rta izsmidzin\u0101ma forma \u2013 neatst\u0101j traipus uz rok\u0101m un \u0101du lip\u012bgu<\/p>\n<\/li>\n<li class=\"\" data-start=\"1585\" data-end=\"1644\">\n<p class=\"\" data-start=\"1587\" data-end=\"1644\">Dab\u012bgs sast\u0101vs, piem\u0113rots pat jut\u012bgai \u0101dai<\/p>\n<\/li>\n<li class=\"\" data-start=\"1645\" data-end=\"1688\">\n<p class=\"\" data-start=\"1647\" data-end=\"1688\">\u0100tra uzs\u016bk\u0161an\u0101s \u2013 iedarb\u012bba bez gaid\u012b\u0161anas<\/p>\n<\/li>\n<li class=\"\" data-start=\"1689\" data-end=\"1740\">\n<p class=\"\" data-start=\"1691\" data-end=\"1740\">Veicina musku\u013cu atjauno\u0161anos un loc\u012btavu kust\u012bgumu<\/p>\n<\/li>\n<li class=\"\" data-start=\"1741\" data-end=\"1838\">\n<p class=\"\" data-start=\"1743\" data-end=\"1838\">Piem\u0113rots lieto\u0161anai gan uz lok\u0101las iedarb\u012bbas, gan liel\u0101k\u0101m \u0137erme\u0146a da\u013c\u0101m, piem\u0113ram, ce\u013cgaliem, pleciem, pakau\u0161a da\u013cai vai mugurai.<\/p>\n<\/li>\n<\/ul>\n<h3 class=\"\" data-start=\"1845\" data-end=\"1873\">Kad un kam tas ir piem\u0113rots?<\/h3>\n<p class=\"\" data-start=\"1875\" data-end=\"1926\">Pure+ magnija aerosols loc\u012btav\u0101m ir piem\u0113rots tiem, kas:<\/p>\n<ul data-start=\"1927\" data-end=\"2199\">\n<li class=\"\" data-start=\"1927\" data-end=\"1976\">\n<p class=\"\" data-start=\"1929\" data-end=\"1976\">regul\u0101ri vingrojiet vai daudz p\u0101rvietojieties<\/p>\n<\/li>\n<li class=\"\" data-start=\"1977\" data-end=\"2017\">\n<p class=\"\" data-start=\"1979\" data-end=\"2017\">str\u0101d\u0101t s\u0113dus vai st\u0101vus<\/p>\n<\/li>\n<li class=\"\" data-start=\"2018\" data-end=\"2057\">\n<p class=\"\" data-start=\"2020\" data-end=\"2057\">j\u016btat musku\u013cu vai loc\u012btavu nogurumu<\/p>\n<\/li>\n<li class=\"\" data-start=\"2058\" data-end=\"2125\">\n<p class=\"\" data-start=\"2060\" data-end=\"2125\">mekl\u0113 dabisku, ne-iek\u0161\u0137\u012bgi lietojamu uztura bag\u0101tin\u0101t\u0101ju<\/p>\n<\/li>\n<li class=\"\" data-start=\"2126\" data-end=\"2199\">\n<p class=\"\" data-start=\"2128\" data-end=\"2199\">v\u0113las ikdienas atbalstu mobilit\u0101tes un fizisk\u0101 komforta veicin\u0101\u0161anai<\/p>\n<\/li>\n<\/ul>\n<p class=\"\" data-start=\"2201\" data-end=\"2368\">Aerosolu ir viegli lietot m\u0101j\u0101s, sporta z\u0101l\u0113 vai ce\u013cojuma laik\u0101 \u2013 vienk\u0101r\u0161i izsmidziniet uz t\u012bras \u0101das, nepiecie\u0161am\u012bbas gad\u012bjum\u0101 vair\u0101kas reizes dien\u0101. Lai ieg\u016btu lab\u0101kos rezult\u0101tus, lietojiet regul\u0101ri. <\/p>\n<h2 data-start=\"542\" data-end=\"562\">K\u0101 lietot?<\/h2>\n<p class=\"\" data-start=\"564\" data-end=\"807\"><span class=\"relative -mx-px my-[-0.2rem] rounded px-px py-[0.2rem] transition-colors duration-100 ease-in-out\">Aerosols j\u0101uzkl\u0101j uz t\u012bras \u0101das v\u0113lamaj\u0101 zon\u0101, piem\u0113ram, loc\u012btav\u0101s vai musku\u013cos.<\/span> <span class=\"relative -mx-px my-[-0.2rem] rounded px-px py-[0.2rem] transition-colors duration-100 ease-in-out\">Ieteicams l\u012bdzekli izsmidzin\u0101t 4\u20135 reizes no aptuveni 10 cm att\u0101luma.<\/span> <span class=\"relative -mx-px my-[-0.2rem] rounded px-px py-[0.2rem] transition-colors duration-100 ease-in-out\">Magnijs lab\u0101k uzs\u016bcas, ja to uzkl\u0101j uz pl\u0101nas \u0101das, piem\u0113ram, apak\u0161delma iek\u0161pus\u0113 vai tie\u0161i uz probl\u0113mzonas.<\/span> <span class=\"relative -mx-px my-[-0.2rem] rounded px-px py-[0.2rem] transition-colors duration-100 ease-in-out\">Aerosols \u0101tri ies\u016bcas un neatst\u0101j lip\u012bgu saj\u016btu uz \u0101das.<\/span> <span class=\"relative -mx-px my-[-0.2rem] rounded px-px py-[0.2rem] transition-colors duration-100 ease-in-out\">Jut\u012bgai \u0101dai pirmaj\u0101 lieto\u0161anas reiz\u0113 var rasties neliela tirp\u0161ana vai aps\u0101rtums, kas parasti izz\u016bd, regul\u0101ri lietojot.<\/span><\/p>\n<h2 data-start=\"542\" data-end=\"562\">Br\u012bdin\u0101jumi:<\/h2>\n<p><span class=\"relative -mx-px my-[-0.2rem] rounded px-px py-[0.2rem] transition-colors duration-100 ease-in-out\">Izvair\u012bties no saskares ar ac\u012bm un g\u013cot\u0101d\u0101m. Sarg\u0101t no b\u0113rniem. Nav piem\u0113rots b\u0113rniem l\u012bdz 3 gadu vecumam.<\/span><\/p>\n<h2 data-start=\"542\" data-end=\"562\">Uzglab\u0101\u0161ana:<\/h2>\n<p>Uzglab\u0101t istabas temperat\u016br\u0101, sarg\u0101t no tie\u0161iem saules stariem.<\/p>\n<h2 data-start=\"542\" data-end=\"562\">Sast\u0101vda\u013cas (INCI):<\/h2>\n<p class=\"\" data-start=\"831\" data-end=\"916\">\u016adens, magnija hlor\u012bds, polisorb\u0101ts 20, piparm\u0113tras lapu e\u013c\u013ca, mentols, glikozam\u012bna hidrohlor\u012bds, arnikas ziedu ekstrakts, glicer\u012bns, n\u0101trija benzo\u0101ts, k\u0101lija sorb\u0101ts.<\/p>\n","protected":false},"excerpt":{"rendered":"<p class=\"\" data-start=\"320\" data-end=\"824\">Pure+ Magnesium Spray Nivelille ir dab\u012bgs un efekt\u012bvs \u0101r\u012bgs aerosols, kas paredz\u0113ts loc\u012btavu un musku\u013cu ikdienas labsaj\u016btas atbalstam. Produkt\u0101 eso\u0161ais magnija hlor\u012bds ies\u016bcas tie\u0161i caur \u0101du un pal\u012bdz atsl\u0101bin\u0101t musku\u013cu sasprindzin\u0101jumu un nomierin\u0101t noguru\u0161u \u0137ermeni p\u0113c fizisk\u0101m aktivit\u0101t\u0113m vai saspringtas dienas. Aerosols ir bag\u0101tin\u0101ts ar augu izcelsmes glikozam\u012bnu, mentolu un arnikas ekstraktu \u2013 visas sast\u0101vda\u013cas tradicion\u0101li tiek v\u0113rt\u0113tas loc\u012btavu kust\u012bguma, audu re\u0123ener\u0101cijas un \u0101das nomierin\u0101\u0161anas atbalstam.  <\/p>\n<p class=\"\" data-start=\"826\" data-end=\"1169\">Produkts ir piem\u0113rots lieto\u0161anai p\u0113c musku\u013cu sasprindzin\u0101juma, loc\u012btavu st\u012bvuma, nemier\u012bgo k\u0101ju sindroma vai p\u0101rslodzes un ir ide\u0101ls sabiedrotais akt\u012bvam dz\u012bvesveidam. Smidzin\u0101t\u0101ja forma ir \u0113rta, \u0101tra un higi\u0113niska \u2013 t\u0101 neatst\u0101j traipus uz rok\u0101m un lip\u012bgu saj\u016btu uz \u0101das. <\/p>\n<p data-start=\"1362\" data-end=\"1440\">\n","protected":false},"featured_media":353588,"comment_status":"closed","ping_status":"closed","template":"","meta":{"_acf_changed":false},"product_brand":[],"product_cat":[3067,3483,3280,3200],"product_tag":[6794,5854,3203,3225],"class_list":{"0":"post-353584","1":"product","2":"type-product","3":"status-publish","4":"has-post-thumbnail","6":"product_cat-ipasie-piedavajumi","7":"product_cat-locitavas-muskuli-un-kauli","8":"product_cat-magnijs","9":"product_cat-minerali","10":"product_tag-glikozamins-lv","11":"product_tag-magnija-aerosols","12":"product_tag-magnijs","13":"product_tag-muskuli-un-locitavas","15":"first","16":"instock","17":"sale","18":"featured","19":"taxable","20":"shipping-taxable","21":"purchasable","22":"product-type-simple"},"acf":[],"yoast_head":"<!-- This site is optimized with the Yoast SEO plugin v27.1.1 - https:\/\/yoast.com\/product\/yoast-seo-wordpress\/ -->\n<title>Magnija aerosols loc\u012btav\u0101m 150 ml - Puhdas+<\/title>\n<meta name=\"description\" content=\"Dab\u012bgs magnija aerosols loc\u012btavu un musku\u013cu kop\u0161anai. \u0100tri ies\u016bcas, atsl\u0101bina saspringt\u0101s vietas un atbalsta kust\u012bbu br\u012bv\u012bbu.\" \/>\n<meta name=\"robots\" content=\"noindex, follow, max-snippet:-1, max-image-preview:large, max-video-preview:-1\" \/>\n<meta property=\"og:locale\" content=\"lv_LV\" \/>\n<meta property=\"og:type\" content=\"article\" \/>\n<meta property=\"og:title\" content=\"Magnija aerosols loc\u012btav\u0101m 150 ml - Puhdas+\" \/>\n<meta property=\"og:description\" content=\"Dab\u012bgs magnija aerosols loc\u012btavu un musku\u013cu kop\u0161anai. \u0100tri ies\u016bcas, atsl\u0101bina saspringt\u0101s vietas un atbalsta kust\u012bbu br\u012bv\u012bbu.\" \/>\n<meta property=\"og:url\" content=\"https:\/\/test.puhdasplus.ee\/lv\/tooted\/minerali\/magnijs\/magnija-aerosols-locitavam-150-ml\/\" \/>\n<meta property=\"og:site_name\" content=\"Puhdas+\" \/>\n<meta property=\"article:publisher\" content=\"https:\/\/www.facebook.com\/puhdasplus\" \/>\n<meta property=\"article:modified_time\" content=\"2026-03-10T12:44:01+00:00\" \/>\n<meta property=\"og:image\" content=\"https:\/\/test.puhdasplus.ee\/wp-content\/uploads\/2025\/03\/31.jpg\" \/>\n\t<meta property=\"og:image:width\" content=\"1862\" \/>\n\t<meta property=\"og:image:height\" content=\"2560\" \/>\n\t<meta property=\"og:image:type\" content=\"image\/jpeg\" \/>\n<meta name=\"twitter:card\" content=\"summary_large_image\" \/>\n<meta name=\"twitter:label1\" content=\"Est. reading time\" \/>\n\t<meta name=\"twitter:data1\" content=\"4 min\u016btes\" \/>\n<script type=\"application\/ld+json\" class=\"yoast-schema-graph\">{\"@context\":\"https:\/\/schema.org\",\"@graph\":[{\"@type\":\"WebPage\",\"@id\":\"https:\/\/test.puhdasplus.ee\/lv\/tooted\/minerali\/magnijs\/magnija-aerosols-locitavam-150-ml\/\",\"url\":\"https:\/\/test.puhdasplus.ee\/lv\/tooted\/minerali\/magnijs\/magnija-aerosols-locitavam-150-ml\/\",\"name\":\"Magnija aerosols loc\u012btav\u0101m 150 ml - Puhdas+\",\"isPartOf\":{\"@id\":\"https:\/\/test.puhdasplus.ee\/lv\/#website\"},\"primaryImageOfPage\":{\"@id\":\"https:\/\/test.puhdasplus.ee\/lv\/tooted\/minerali\/magnijs\/magnija-aerosols-locitavam-150-ml\/#primaryimage\"},\"image\":{\"@id\":\"https:\/\/test.puhdasplus.ee\/lv\/tooted\/minerali\/magnijs\/magnija-aerosols-locitavam-150-ml\/#primaryimage\"},\"thumbnailUrl\":\"https:\/\/test.puhdasplus.ee\/wp-content\/uploads\/2025\/03\/31.jpg\",\"datePublished\":\"2019-11-23T17:36:23+00:00\",\"dateModified\":\"2026-03-10T12:44:01+00:00\",\"description\":\"Dab\u012bgs magnija aerosols loc\u012btavu un musku\u013cu kop\u0161anai. \u0100tri ies\u016bcas, atsl\u0101bina saspringt\u0101s vietas un atbalsta kust\u012bbu br\u012bv\u012bbu.\",\"breadcrumb\":{\"@id\":\"https:\/\/test.puhdasplus.ee\/lv\/tooted\/minerali\/magnijs\/magnija-aerosols-locitavam-150-ml\/#breadcrumb\"},\"inLanguage\":\"lv-LV\",\"potentialAction\":[{\"@type\":\"ReadAction\",\"target\":[\"https:\/\/test.puhdasplus.ee\/lv\/tooted\/minerali\/magnijs\/magnija-aerosols-locitavam-150-ml\/\"]}]},{\"@type\":\"ImageObject\",\"inLanguage\":\"lv-LV\",\"@id\":\"https:\/\/test.puhdasplus.ee\/lv\/tooted\/minerali\/magnijs\/magnija-aerosols-locitavam-150-ml\/#primaryimage\",\"url\":\"https:\/\/test.puhdasplus.ee\/wp-content\/uploads\/2025\/03\/31.jpg\",\"contentUrl\":\"https:\/\/test.puhdasplus.ee\/wp-content\/uploads\/2025\/03\/31.jpg\",\"width\":1862,\"height\":2560,\"caption\":\"Magnija aerosols Nivelille 150ml\"},{\"@type\":\"BreadcrumbList\",\"@id\":\"https:\/\/test.puhdasplus.ee\/lv\/tooted\/minerali\/magnijs\/magnija-aerosols-locitavam-150-ml\/#breadcrumb\",\"itemListElement\":[{\"@type\":\"ListItem\",\"position\":1,\"name\":\"S\u0101kums\",\"item\":\"https:\/\/test.puhdasplus.ee\/lv\/\"},{\"@type\":\"ListItem\",\"position\":2,\"name\":\"Produkti\",\"item\":\"https:\/\/test.puhdasplus.ee\/lv\/veikals\/\"},{\"@type\":\"ListItem\",\"position\":3,\"name\":\"Magnija aerosols loc\u012btav\u0101m 150 ml\"}]},{\"@type\":\"WebSite\",\"@id\":\"https:\/\/test.puhdasplus.ee\/lv\/#website\",\"url\":\"https:\/\/test.puhdasplus.ee\/lv\/\",\"name\":\"Puhdas+\",\"description\":\"Vitamiinid, Toidulisandid, looduskosmeetika, tervis, sport\",\"publisher\":{\"@id\":\"https:\/\/test.puhdasplus.ee\/lv\/#organization\"},\"potentialAction\":[{\"@type\":\"SearchAction\",\"target\":{\"@type\":\"EntryPoint\",\"urlTemplate\":\"https:\/\/test.puhdasplus.ee\/lv\/?s={search_term_string}\"},\"query-input\":{\"@type\":\"PropertyValueSpecification\",\"valueRequired\":true,\"valueName\":\"search_term_string\"}}],\"inLanguage\":\"lv-LV\"},{\"@type\":\"Organization\",\"@id\":\"https:\/\/test.puhdasplus.ee\/lv\/#organization\",\"name\":\"Puhdas+\",\"alternateName\":\"Puhdasplus\",\"url\":\"https:\/\/test.puhdasplus.ee\/lv\/\",\"logo\":{\"@type\":\"ImageObject\",\"inLanguage\":\"lv-LV\",\"@id\":\"https:\/\/test.puhdasplus.ee\/lv\/#\/schema\/logo\/image\/\",\"url\":\"https:\/\/test.puhdasplus.ee\/\/wp-content\/uploads\/2019\/10\/puhdas_logo-arvele.png\",\"contentUrl\":\"https:\/\/test.puhdasplus.ee\/\/wp-content\/uploads\/2019\/10\/puhdas_logo-arvele.png\",\"width\":114,\"height\":94,\"caption\":\"Puhdas+\"},\"image\":{\"@id\":\"https:\/\/test.puhdasplus.ee\/lv\/#\/schema\/logo\/image\/\"},\"sameAs\":[\"https:\/\/www.facebook.com\/puhdasplus\",\"https:\/\/www.instagram.com\/puhdasplus_ee\/\"]}]}<\/script>\n<!-- \/ Yoast SEO plugin. -->","yoast_head_json":{"title":"Magnija aerosols loc\u012btav\u0101m 150 ml - Puhdas+","description":"Dab\u012bgs magnija aerosols loc\u012btavu un musku\u013cu kop\u0161anai. \u0100tri ies\u016bcas, atsl\u0101bina saspringt\u0101s vietas un atbalsta kust\u012bbu br\u012bv\u012bbu.","robots":{"index":"noindex","follow":"follow","max-snippet":"max-snippet:-1","max-image-preview":"max-image-preview:large","max-video-preview":"max-video-preview:-1"},"og_locale":"lv_LV","og_type":"article","og_title":"Magnija aerosols loc\u012btav\u0101m 150 ml - Puhdas+","og_description":"Dab\u012bgs magnija aerosols loc\u012btavu un musku\u013cu kop\u0161anai. \u0100tri ies\u016bcas, atsl\u0101bina saspringt\u0101s vietas un atbalsta kust\u012bbu br\u012bv\u012bbu.","og_url":"https:\/\/test.puhdasplus.ee\/lv\/tooted\/minerali\/magnijs\/magnija-aerosols-locitavam-150-ml\/","og_site_name":"Puhdas+","article_publisher":"https:\/\/www.facebook.com\/puhdasplus","article_modified_time":"2026-03-10T12:44:01+00:00","og_image":[{"width":1862,"height":2560,"url":"https:\/\/test.puhdasplus.ee\/wp-content\/uploads\/2025\/03\/31.jpg","type":"image\/jpeg"}],"twitter_card":"summary_large_image","twitter_misc":{"Est. reading time":"4 min\u016btes"},"schema":{"@context":"https:\/\/schema.org","@graph":[{"@type":"WebPage","@id":"https:\/\/test.puhdasplus.ee\/lv\/tooted\/minerali\/magnijs\/magnija-aerosols-locitavam-150-ml\/","url":"https:\/\/test.puhdasplus.ee\/lv\/tooted\/minerali\/magnijs\/magnija-aerosols-locitavam-150-ml\/","name":"Magnija aerosols loc\u012btav\u0101m 150 ml - Puhdas+","isPartOf":{"@id":"https:\/\/test.puhdasplus.ee\/lv\/#website"},"primaryImageOfPage":{"@id":"https:\/\/test.puhdasplus.ee\/lv\/tooted\/minerali\/magnijs\/magnija-aerosols-locitavam-150-ml\/#primaryimage"},"image":{"@id":"https:\/\/test.puhdasplus.ee\/lv\/tooted\/minerali\/magnijs\/magnija-aerosols-locitavam-150-ml\/#primaryimage"},"thumbnailUrl":"https:\/\/test.puhdasplus.ee\/wp-content\/uploads\/2025\/03\/31.jpg","datePublished":"2019-11-23T17:36:23+00:00","dateModified":"2026-03-10T12:44:01+00:00","description":"Dab\u012bgs magnija aerosols loc\u012btavu un musku\u013cu kop\u0161anai. \u0100tri ies\u016bcas, atsl\u0101bina saspringt\u0101s vietas un atbalsta kust\u012bbu br\u012bv\u012bbu.","breadcrumb":{"@id":"https:\/\/test.puhdasplus.ee\/lv\/tooted\/minerali\/magnijs\/magnija-aerosols-locitavam-150-ml\/#breadcrumb"},"inLanguage":"lv-LV","potentialAction":[{"@type":"ReadAction","target":["https:\/\/test.puhdasplus.ee\/lv\/tooted\/minerali\/magnijs\/magnija-aerosols-locitavam-150-ml\/"]}]},{"@type":"ImageObject","inLanguage":"lv-LV","@id":"https:\/\/test.puhdasplus.ee\/lv\/tooted\/minerali\/magnijs\/magnija-aerosols-locitavam-150-ml\/#primaryimage","url":"https:\/\/test.puhdasplus.ee\/wp-content\/uploads\/2025\/03\/31.jpg","contentUrl":"https:\/\/test.puhdasplus.ee\/wp-content\/uploads\/2025\/03\/31.jpg","width":1862,"height":2560,"caption":"Magnija aerosols Nivelille 150ml"},{"@type":"BreadcrumbList","@id":"https:\/\/test.puhdasplus.ee\/lv\/tooted\/minerali\/magnijs\/magnija-aerosols-locitavam-150-ml\/#breadcrumb","itemListElement":[{"@type":"ListItem","position":1,"name":"S\u0101kums","item":"https:\/\/test.puhdasplus.ee\/lv\/"},{"@type":"ListItem","position":2,"name":"Produkti","item":"https:\/\/test.puhdasplus.ee\/lv\/veikals\/"},{"@type":"ListItem","position":3,"name":"Magnija aerosols loc\u012btav\u0101m 150 ml"}]},{"@type":"WebSite","@id":"https:\/\/test.puhdasplus.ee\/lv\/#website","url":"https:\/\/test.puhdasplus.ee\/lv\/","name":"Puhdas+","description":"Vitamiinid, Toidulisandid, looduskosmeetika, tervis, sport","publisher":{"@id":"https:\/\/test.puhdasplus.ee\/lv\/#organization"},"potentialAction":[{"@type":"SearchAction","target":{"@type":"EntryPoint","urlTemplate":"https:\/\/test.puhdasplus.ee\/lv\/?s={search_term_string}"},"query-input":{"@type":"PropertyValueSpecification","valueRequired":true,"valueName":"search_term_string"}}],"inLanguage":"lv-LV"},{"@type":"Organization","@id":"https:\/\/test.puhdasplus.ee\/lv\/#organization","name":"Puhdas+","alternateName":"Puhdasplus","url":"https:\/\/test.puhdasplus.ee\/lv\/","logo":{"@type":"ImageObject","inLanguage":"lv-LV","@id":"https:\/\/test.puhdasplus.ee\/lv\/#\/schema\/logo\/image\/","url":"https:\/\/test.puhdasplus.ee\/\/wp-content\/uploads\/2019\/10\/puhdas_logo-arvele.png","contentUrl":"https:\/\/test.puhdasplus.ee\/\/wp-content\/uploads\/2019\/10\/puhdas_logo-arvele.png","width":114,"height":94,"caption":"Puhdas+"},"image":{"@id":"https:\/\/test.puhdasplus.ee\/lv\/#\/schema\/logo\/image\/"},"sameAs":["https:\/\/www.facebook.com\/puhdasplus","https:\/\/www.instagram.com\/puhdasplus_ee\/"]}]}},"_links":{"self":[{"href":"https:\/\/test.puhdasplus.ee\/lv\/wp-json\/wp\/v2\/product\/353584","targetHints":{"allow":["GET"]}}],"collection":[{"href":"https:\/\/test.puhdasplus.ee\/lv\/wp-json\/wp\/v2\/product"}],"about":[{"href":"https:\/\/test.puhdasplus.ee\/lv\/wp-json\/wp\/v2\/types\/product"}],"replies":[{"embeddable":true,"href":"https:\/\/test.puhdasplus.ee\/lv\/wp-json\/wp\/v2\/comments?post=353584"}],"wp:featuredmedia":[{"embeddable":true,"href":"https:\/\/test.puhdasplus.ee\/lv\/wp-json\/wp\/v2\/media\/353588"}],"wp:attachment":[{"href":"https:\/\/test.puhdasplus.ee\/lv\/wp-json\/wp\/v2\/media?parent=353584"}],"wp:term":[{"taxonomy":"product_brand","embeddable":true,"href":"https:\/\/test.puhdasplus.ee\/lv\/wp-json\/wp\/v2\/product_brand?post=353584"},{"taxonomy":"product_cat","embeddable":true,"href":"https:\/\/test.puhdasplus.ee\/lv\/wp-json\/wp\/v2\/product_cat?post=353584"},{"taxonomy":"product_tag","embeddable":true,"href":"https:\/\/test.puhdasplus.ee\/lv\/wp-json\/wp\/v2\/product_tag?post=353584"}],"curies":[{"name":"wp","href":"https:\/\/api.w.org\/{rel}","templated":true}]}}