{"id":353568,"date":"2019-11-23T20:29:43","date_gmt":"2019-11-23T18:29:43","guid":{"rendered":"https:\/\/test.puhdasplus.ee\/\/tooted\/uncategorized\/d-ribozes-pulveris-200g\/"},"modified":"2026-03-10T14:44:23","modified_gmt":"2026-03-10T12:44:23","slug":"d-ribozes-pulveris-200g","status":"publish","type":"product","link":"https:\/\/test.puhdasplus.ee\/lv\/tooted\/stress-un-miegs\/d-ribozes-pulveris-200g\/","title":{"rendered":"D-ribozes pulveris 200g"},"content":{"rendered":"<h2 data-start=\"213\" data-end=\"242\">Kas ir Pure+ D-riboze?<\/h2>\n<p class=\"\" data-start=\"244\" data-end=\"363\">D-riboze ir 100% t\u012brs un augstas kvalit\u0101tes uztura bag\u0101tin\u0101t\u0101js, kas satur tikai D-ribozi \u2013 dabisku og\u013chidr\u0101tu, kas piedal\u0101s organisma ener\u0123ijas ra\u017eo\u0161anas procesos. Produkts ir ra\u017eots Somij\u0101, iev\u0113rojot augstus kvalit\u0101tes standartus, un nesatur konservantus, kr\u0101svielas vai citas piedevas.<\/p>\n<h2 data-start=\"370\" data-end=\"394\">K\u0101p\u0113c tas ir noder\u012bgi?<\/h2>\n<p data-start=\"581\" data-end=\"832\">D-ribozes pulveris ir 100% t\u012brs un bez piedev\u0101m, kas satur tikai D-ribozi, dabisku og\u013chidr\u0101tu, kam ir svar\u012bga loma \u0161\u016bnu ener\u0123ijas metabolism\u0101. D-riboze ir iesaist\u012bta organisma galven\u0101 ener\u0123ijas avota \u2013 ATP (adenoz\u012bna trifosf\u0101ta) \u2013 veido\u0161an\u0101. <\/p>\n<p data-start=\"834\" data-end=\"1198\">D-riboze, lietojot to k\u0101 uztura bag\u0101tin\u0101t\u0101ju, var atbalst\u012bt ener\u0123ijas ra\u017eo\u0161anas procesus, \u012bpa\u0161i p\u0113c fiziskas slodzes. T\u0101 ir piem\u0113rota tiem, kas mekl\u0113 uztura bag\u0101tin\u0101t\u0101ju, kas veicina norm\u0101lu ener\u0123ijas metabolismu un atbalsta atjauno\u0161anos. D-ribozei nav stimul\u0113jo\u0161as iedarb\u012bbas k\u0101 kofe\u012bnam \u2013 t\u0101 m\u0101ksl\u012bgi nera\u017eo ener\u0123iju, bet ir dabiska organisma metabolisma sast\u0101vda\u013ca.  <\/p>\n<p class=\"\" data-start=\"689\" data-end=\"997\">D-ribozes lieto\u0161ana k\u0101 uztura bag\u0101tin\u0101t\u0101js pal\u012bdz atjaunot ATP l\u012bmeni \u0161\u016bn\u0101s, kas var b\u016bt trauc\u0113ts p\u0113c intens\u012bvas fiziskas slodzes, slim\u012bbas, stresa vai ar noveco\u0161anos saist\u012btas vielmai\u0146as pal\u0113nin\u0101\u0161an\u0101s. Tas ir \u012bpa\u0161i svar\u012bgi sirds muskulim, smadzen\u0113m un musku\u013ciem, kuriem nepiecie\u0161ama past\u0101v\u012bga un liela ener\u0123ijas pl\u016bsma. <\/p>\n<p class=\"\" data-start=\"999\" data-end=\"1335\">Cilv\u0113kiem, kuriem tr\u016bkst ener\u0123ijas, ir hronisks nogurums vai kuri atg\u016bstas p\u0113c intens\u012bvas fizisk\u0101s slodzes vai slim\u012bbas, D-ribozes lieto\u0161ana var pal\u012bdz\u0113t <strong data-start=\"1143\" data-end=\"1188\">atjaunot vitalit\u0101ti un fizisko iztur\u012bbu<\/strong> . T\u0101 nav stimulante, t\u0101pat k\u0101 kofe\u012bns \u2013 riboze \u201cm\u0101ksl\u012bgi\" nera\u017eo ener\u0123iju, bet gan atbalsta organisma dabisko un mier\u012bgo ener\u0123ijas ra\u017eo\u0161anu. <\/p>\n<h3 class=\"\" data-start=\"1337\" data-end=\"1377\">Ener\u0123ijas atg\u016b\u0161anas atbalsts<\/h3>\n<p data-start=\"1232\" data-end=\"1521\">D-riboze ir dabiska organisma ener\u0123ijas ra\u017eo\u0161anas procesu sast\u0101vda\u013ca, kuras noz\u012bme var palielin\u0101ties intens\u012bvas fizisk\u0101s slodzes, stresa vai ar vecumu saist\u012btu vielmai\u0146as izmai\u0146u laik\u0101. T\u0101 var\u0113tu b\u016bt piem\u0113rota uztura bag\u0101tin\u0101t\u0101ja cilv\u0113kiem, kuri v\u0113las papildin\u0101t savu ener\u0123ijas l\u012bmeni vai atjaunoties ar uztura pal\u012bdz\u012bbu. <\/p>\n<p data-start=\"1523\" data-end=\"1737\">D-riboze ir b\u016btiska sast\u0101vda\u013ca <b>adenoz\u012bna trifosf\u0101ta<\/b> (ATF) un <b>nukle\u012bnsk\u0101bju<\/b> (DNS un RNS) sint\u0113z\u0113. <b>ATF ir organisma galvenais ener\u0123ijas avots, \u012bpa\u0161i musku\u013ciem un sirdij<\/b> . D-ribozes papildin\u0101\u0161ana var pal\u012bdz\u0113t: <\/p>\n<ul data-start=\"1739\" data-end=\"1923\">\n<li data-start=\"1739\" data-end=\"1776\">\n<p data-start=\"1741\" data-end=\"1776\"><b>atbalst\u012bt ener\u0123ijas ra\u017eo\u0161anu \u0161\u016bn\u0101s<\/b><\/p>\n<\/li>\n<li data-start=\"1777\" data-end=\"1826\">\n<p data-start=\"1779\" data-end=\"1826\"><b>atbalst\u012bt atjauno\u0161anos p\u0113c fiziskas slodzes<\/b><\/p>\n<\/li>\n<li data-start=\"1827\" data-end=\"1877\">\n<p data-start=\"1829\" data-end=\"1877\"><b>atbalst\u012bt norm\u0101lu sirds un musku\u013cu darb\u012bbu<\/b><\/p>\n<\/li>\n<li data-start=\"1878\" data-end=\"1923\">\n<p data-start=\"1880\" data-end=\"1923\"><b>uztur\u0113t ener\u0123ijas l\u012bmeni noguruma periodos<\/b><\/p>\n<\/li>\n<\/ul>\n<h2 data-start=\"775\" data-end=\"797\">Kam tas ir piem\u0113rots?<\/h2>\n<p class=\"\" data-start=\"799\" data-end=\"884\"><span class=\"relative -mx-px my-[-0.2rem] rounded px-px py-[0.2rem] transition-colors duration-100 ease-in-out\">Pure+ D-riboze ir piem\u0113rota:<\/span><\/p>\n<ul data-start=\"886\" data-end=\"1099\">\n<li class=\"\" data-start=\"886\" data-end=\"927\">\n<p class=\"\" data-start=\"888\" data-end=\"927\"><span class=\"relative -mx-px my-[-0.2rem] rounded px-px py-[0.2rem] transition-colors duration-100 ease-in-out\">Cilv\u0113kiem, kuri v\u0113las uztur\u0113t savu ener\u0123ijas l\u012bmeni<\/span><\/p>\n<\/li>\n<li class=\"\" data-start=\"928\" data-end=\"969\">\n<p class=\"\" data-start=\"930\" data-end=\"969\"><span class=\"relative -mx-px my-[-0.2rem] rounded px-px py-[0.2rem] transition-colors duration-100 ease-in-out\">Sportistiem un cilv\u0113kiem ar akt\u012bvu dz\u012bvesveidu<\/span><\/p>\n<\/li>\n<li class=\"\" data-start=\"970\" data-end=\"1011\">\n<p class=\"\" data-start=\"972\" data-end=\"1011\"><span class=\"relative -mx-px my-[-0.2rem] rounded px-px py-[0.2rem] transition-colors duration-100 ease-in-out\">Tiem, kas v\u0113las atbalst\u012bt sirds vesel\u012bbu<\/span><\/p>\n<\/li>\n<li class=\"\" data-start=\"1012\" data-end=\"1099\">\n<p class=\"\" data-start=\"1014\" data-end=\"1099\"><span class=\"relative -mx-px my-[-0.2rem] rounded px-px py-[0.2rem] transition-colors duration-100 ease-in-out\">Cilv\u0113kiem, kas mekl\u0113 uztura bag\u0101tin\u0101t\u0101ju bez piedev\u0101m un labi uzs\u016bco\u0161u<\/span><\/p>\n<\/li>\n<\/ul>\n<h2 data-start=\"1106\" data-end=\"1120\">Lietojums<\/h2>\n<p class=\"\" data-start=\"1122\" data-end=\"1247\"><span class=\"relative -mx-px my-[-0.2rem] rounded px-px py-[0.2rem] transition-colors duration-100 ease-in-out\"><strong data-start=\"0\" data-end=\"20\" data-is-only-node=\"\">Ieteicam\u0101 deva<\/strong> : 1\u20132 t\u0113jkarotes (apm\u0113ram 5\u201310 g) dien\u0101.<\/span> <span class=\"relative -mx-px my-[-0.2rem] rounded px-px py-[0.2rem] transition-colors duration-100 ease-in-out\">Pulveri sajauc ar \u016bdeni, sulu vai jogurtu.<\/span><\/p>\n<p class=\"\" data-start=\"1249\" data-end=\"1334\"><span class=\"relative -mx-px my-[-0.2rem] rounded px-px py-[0.2rem] transition-colors duration-100 ease-in-out\">Nep\u0101rsniedziet ieteicamo dienas devu. Uztura bag\u0101tin\u0101t\u0101js neaizst\u0101j daudzveid\u012bgu un sabalans\u0113tu uzturu vai vesel\u012bgu dz\u012bvesveidu. Sarg\u0101t no b\u0113rniem.  <\/span>\u200b<\/p>\n<h2 data-start=\"1341\" data-end=\"1356\">Sast\u0101vda\u013cas<\/h2>\n<ul data-start=\"1358\" data-end=\"1445\">\n<li class=\"\" data-start=\"1358\" data-end=\"1445\">\n<p class=\"\" data-start=\"1360\" data-end=\"1445\"><span class=\"relative -mx-px my-[-0.2rem] rounded px-px py-[0.2rem] transition-colors duration-100 ease-in-out\">D-riboze<\/span><\/p>\n<\/li>\n<\/ul>\n<p class=\"\" data-start=\"1447\" data-end=\"1572\"><span class=\"relative -mx-px my-[-0.2rem] rounded px-px py-[0.2rem] transition-colors duration-100 ease-in-out\"><strong data-start=\"0\" data-end=\"14\" data-is-only-node=\"\">Nesatur<\/strong> : laktozi, glut\u0113nu, raugu, cukuru, s\u0101li, cieti, kukur\u016bzu vai soju.<\/span> <span class=\"relative -mx-px my-[-0.2rem] rounded px-px py-[0.2rem] transition-colors duration-100 ease-in-out\">Piem\u0113rots veg\u0101niem un ve\u0123et\u0101rie\u0161iem.<\/span><\/p>\n<h2 data-start=\"1579\" data-end=\"1595\">Uzturv\u0113rt\u012bba<\/h2>\n<p class=\"\" data-start=\"1597\" data-end=\"1682\"><span class=\"relative -mx-px my-[-0.2rem] rounded px-px py-[0.2rem] transition-colors duration-100 ease-in-out\"><strong data-start=\"0\" data-end=\"39\" data-is-only-node=\"\">1\u20132 t\u0113jkarotes (5\u201310 g) satur<\/strong> :<\/span><\/p>\n<ul data-start=\"1684\" data-end=\"1771\">\n<li class=\"\" data-start=\"1684\" data-end=\"1771\">\n<p class=\"\" data-start=\"1686\" data-end=\"1771\"><span class=\"relative -mx-px my-[-0.2rem] rounded px-px py-[0.2rem] transition-colors duration-100 ease-in-out\">D-riboze: 5\u201310 g<\/span><\/p>\n<\/li>\n<\/ul>\n","protected":false},"excerpt":{"rendered":"<p class=\"\" data-start=\"204\" data-end=\"567\">Pure+ D-Ribose pulveris ir dab\u012bgs un t\u012brs uztura bag\u0101tin\u0101t\u0101js, kas atbalsta organisma \u0161\u016bnu ener\u0123iju no iek\u0161ienes. D-Ribose ir dab\u012bgs cukurs, kas organismam nepiecie\u0161ams adenoz\u012bna trifosf\u0101ta (ATF) \u2013 organisma galven\u0101 ener\u0123ijas avota \u2013 ra\u017eo\u0161anai. K\u0101 uztura bag\u0101tin\u0101t\u0101js tas pal\u012bdz pa\u0101trin\u0101t atjauno\u0161anos p\u0113c fiziskas slodzes, mazin\u0101t nogurumu un atbalst\u012bt sirds un musku\u013cu darb\u012bbu.  <\/p>\n<p class=\"\" data-start=\"569\" data-end=\"870\">\u012apa\u0161i ir tas, ka D-riboze m\u0101ksl\u012bgi nestimul\u0113 organismu, bet gan pal\u012bdz dabisk\u0101 un ilgtsp\u0113j\u012bg\u0101 veid\u0101 apg\u0101d\u0101t \u0161\u016bnas ar nepiecie\u0161amo ener\u0123iju. Pulverim ir neitr\u0101la gar\u0161a, tas ir viegli sajaucams un piem\u0113rots ikdienas lieto\u0161anai tiem, kas mekl\u0113 papildu atbalstu vitalit\u0101tes, atjauno\u0161an\u0101s vai ener\u0123ijas l\u012bme\u0146a uzlabo\u0161anai. <\/p>\n<p class=\"\" data-start=\"872\" data-end=\"1052\">Produkts ir 100% t\u012brs, veg\u0101niem draudz\u012bgs un bez m\u0101ksl\u012bg\u0101m piedev\u0101m, glut\u0113na vai laktozes \u2013 ide\u0101la izv\u0113le cilv\u0113kiem ar jut\u012bgu gremo\u0161anu vai tiem, kam r\u016bp vesel\u012bgs uzturs.<\/p>\n","protected":false},"featured_media":354353,"comment_status":"closed","ping_status":"closed","template":"","meta":{"_acf_changed":false},"product_brand":[],"product_cat":[3509,3067,3483,3037],"product_tag":[6828,3605,6827,3042,3044,5865,3206],"class_list":{"0":"post-353568","1":"product","2":"type-product","3":"status-publish","4":"has-post-thumbnail","6":"product_cat-aminoskabes","7":"product_cat-ipasie-piedavajumi","8":"product_cat-locitavas-muskuli-un-kauli","9":"product_cat-stress-un-miegs","10":"product_tag-atp-lv","11":"product_tag-atveselosanas","12":"product_tag-d-riboze-lv","13":"product_tag-energija-lv","14":"product_tag-energija-un-nogurums","15":"product_tag-fiziska-veiktspeja","16":"product_tag-uztura-bagatinatajs","18":"first","19":"instock","20":"sale","21":"taxable","22":"shipping-taxable","23":"purchasable","24":"product-type-simple"},"acf":[],"yoast_head":"<!-- This site is optimized with the Yoast SEO plugin v27.1.1 - https:\/\/yoast.com\/product\/yoast-seo-wordpress\/ -->\n<title>D-ribozes pulveris 200g - Puhdas+<\/title>\n<meta name=\"description\" content=\"T\u012brs D-ribozes pulveris \u0161\u016bnu ener\u0123ijai un atjauno\u0161an\u0101s procesam. Atbalsta ATP veido\u0161anos, sirds un musku\u013cu darb\u012bbu. Veg\u0101niem draudz\u012bgs un bez piedev\u0101m ener\u0123ijas avots.\" \/>\n<meta name=\"robots\" content=\"noindex, follow, max-snippet:-1, max-image-preview:large, max-video-preview:-1\" \/>\n<meta property=\"og:locale\" content=\"lv_LV\" \/>\n<meta property=\"og:type\" content=\"article\" \/>\n<meta property=\"og:title\" content=\"D-ribozes pulveris 200g - Puhdas+\" \/>\n<meta property=\"og:description\" content=\"T\u012brs D-ribozes pulveris \u0161\u016bnu ener\u0123ijai un atjauno\u0161an\u0101s procesam. Atbalsta ATP veido\u0161anos, sirds un musku\u013cu darb\u012bbu. Veg\u0101niem draudz\u012bgs un bez piedev\u0101m ener\u0123ijas avots.\" \/>\n<meta property=\"og:url\" content=\"https:\/\/test.puhdasplus.ee\/lv\/tooted\/stress-un-miegs\/d-ribozes-pulveris-200g\/\" \/>\n<meta property=\"og:site_name\" content=\"Puhdas+\" \/>\n<meta property=\"article:publisher\" content=\"https:\/\/www.facebook.com\/puhdasplus\" \/>\n<meta property=\"article:modified_time\" content=\"2026-03-10T12:44:23+00:00\" \/>\n<meta property=\"og:image\" content=\"https:\/\/test.puhdasplus.ee\/wp-content\/uploads\/2019\/11\/tooted-ilma-taustata-copy-scaled.jpg\" \/>\n\t<meta property=\"og:image:width\" content=\"1862\" \/>\n\t<meta property=\"og:image:height\" content=\"2560\" \/>\n\t<meta property=\"og:image:type\" content=\"image\/jpeg\" \/>\n<meta name=\"twitter:card\" content=\"summary_large_image\" \/>\n<meta name=\"twitter:label1\" content=\"Est. reading time\" \/>\n\t<meta name=\"twitter:data1\" content=\"3 min\u016btes\" \/>\n<script type=\"application\/ld+json\" class=\"yoast-schema-graph\">{\"@context\":\"https:\/\/schema.org\",\"@graph\":[{\"@type\":\"WebPage\",\"@id\":\"https:\/\/test.puhdasplus.ee\/lv\/tooted\/stress-un-miegs\/d-ribozes-pulveris-200g\/\",\"url\":\"https:\/\/test.puhdasplus.ee\/lv\/tooted\/stress-un-miegs\/d-ribozes-pulveris-200g\/\",\"name\":\"D-ribozes pulveris 200g - Puhdas+\",\"isPartOf\":{\"@id\":\"https:\/\/test.puhdasplus.ee\/lv\/#website\"},\"primaryImageOfPage\":{\"@id\":\"https:\/\/test.puhdasplus.ee\/lv\/tooted\/stress-un-miegs\/d-ribozes-pulveris-200g\/#primaryimage\"},\"image\":{\"@id\":\"https:\/\/test.puhdasplus.ee\/lv\/tooted\/stress-un-miegs\/d-ribozes-pulveris-200g\/#primaryimage\"},\"thumbnailUrl\":\"https:\/\/test.puhdasplus.ee\/wp-content\/uploads\/2019\/11\/tooted-ilma-taustata-copy-scaled.jpg\",\"datePublished\":\"2019-11-23T18:29:43+00:00\",\"dateModified\":\"2026-03-10T12:44:23+00:00\",\"description\":\"T\u012brs D-ribozes pulveris \u0161\u016bnu ener\u0123ijai un atjauno\u0161an\u0101s procesam. Atbalsta ATP veido\u0161anos, sirds un musku\u013cu darb\u012bbu. Veg\u0101niem draudz\u012bgs un bez piedev\u0101m ener\u0123ijas avots.\",\"breadcrumb\":{\"@id\":\"https:\/\/test.puhdasplus.ee\/lv\/tooted\/stress-un-miegs\/d-ribozes-pulveris-200g\/#breadcrumb\"},\"inLanguage\":\"lv-LV\",\"potentialAction\":[{\"@type\":\"ReadAction\",\"target\":[\"https:\/\/test.puhdasplus.ee\/lv\/tooted\/stress-un-miegs\/d-ribozes-pulveris-200g\/\"]}]},{\"@type\":\"ImageObject\",\"inLanguage\":\"lv-LV\",\"@id\":\"https:\/\/test.puhdasplus.ee\/lv\/tooted\/stress-un-miegs\/d-ribozes-pulveris-200g\/#primaryimage\",\"url\":\"https:\/\/test.puhdasplus.ee\/wp-content\/uploads\/2019\/11\/tooted-ilma-taustata-copy-scaled.jpg\",\"contentUrl\":\"https:\/\/test.puhdasplus.ee\/wp-content\/uploads\/2019\/11\/tooted-ilma-taustata-copy-scaled.jpg\",\"width\":1862,\"height\":2560,\"caption\":\"D-riboze\"},{\"@type\":\"BreadcrumbList\",\"@id\":\"https:\/\/test.puhdasplus.ee\/lv\/tooted\/stress-un-miegs\/d-ribozes-pulveris-200g\/#breadcrumb\",\"itemListElement\":[{\"@type\":\"ListItem\",\"position\":1,\"name\":\"S\u0101kums\",\"item\":\"https:\/\/test.puhdasplus.ee\/lv\/\"},{\"@type\":\"ListItem\",\"position\":2,\"name\":\"Produkti\",\"item\":\"https:\/\/test.puhdasplus.ee\/lv\/veikals\/\"},{\"@type\":\"ListItem\",\"position\":3,\"name\":\"D-ribozes pulveris 200g\"}]},{\"@type\":\"WebSite\",\"@id\":\"https:\/\/test.puhdasplus.ee\/lv\/#website\",\"url\":\"https:\/\/test.puhdasplus.ee\/lv\/\",\"name\":\"Puhdas+\",\"description\":\"Vitamiinid, Toidulisandid, looduskosmeetika, tervis, sport\",\"publisher\":{\"@id\":\"https:\/\/test.puhdasplus.ee\/lv\/#organization\"},\"potentialAction\":[{\"@type\":\"SearchAction\",\"target\":{\"@type\":\"EntryPoint\",\"urlTemplate\":\"https:\/\/test.puhdasplus.ee\/lv\/?s={search_term_string}\"},\"query-input\":{\"@type\":\"PropertyValueSpecification\",\"valueRequired\":true,\"valueName\":\"search_term_string\"}}],\"inLanguage\":\"lv-LV\"},{\"@type\":\"Organization\",\"@id\":\"https:\/\/test.puhdasplus.ee\/lv\/#organization\",\"name\":\"Puhdas+\",\"alternateName\":\"Puhdasplus\",\"url\":\"https:\/\/test.puhdasplus.ee\/lv\/\",\"logo\":{\"@type\":\"ImageObject\",\"inLanguage\":\"lv-LV\",\"@id\":\"https:\/\/test.puhdasplus.ee\/lv\/#\/schema\/logo\/image\/\",\"url\":\"https:\/\/test.puhdasplus.ee\/\/wp-content\/uploads\/2019\/10\/puhdas_logo-arvele.png\",\"contentUrl\":\"https:\/\/test.puhdasplus.ee\/\/wp-content\/uploads\/2019\/10\/puhdas_logo-arvele.png\",\"width\":114,\"height\":94,\"caption\":\"Puhdas+\"},\"image\":{\"@id\":\"https:\/\/test.puhdasplus.ee\/lv\/#\/schema\/logo\/image\/\"},\"sameAs\":[\"https:\/\/www.facebook.com\/puhdasplus\",\"https:\/\/www.instagram.com\/puhdasplus_ee\/\"]}]}<\/script>\n<!-- \/ Yoast SEO plugin. -->","yoast_head_json":{"title":"D-ribozes pulveris 200g - Puhdas+","description":"T\u012brs D-ribozes pulveris \u0161\u016bnu ener\u0123ijai un atjauno\u0161an\u0101s procesam. Atbalsta ATP veido\u0161anos, sirds un musku\u013cu darb\u012bbu. Veg\u0101niem draudz\u012bgs un bez piedev\u0101m ener\u0123ijas avots.","robots":{"index":"noindex","follow":"follow","max-snippet":"max-snippet:-1","max-image-preview":"max-image-preview:large","max-video-preview":"max-video-preview:-1"},"og_locale":"lv_LV","og_type":"article","og_title":"D-ribozes pulveris 200g - Puhdas+","og_description":"T\u012brs D-ribozes pulveris \u0161\u016bnu ener\u0123ijai un atjauno\u0161an\u0101s procesam. Atbalsta ATP veido\u0161anos, sirds un musku\u013cu darb\u012bbu. Veg\u0101niem draudz\u012bgs un bez piedev\u0101m ener\u0123ijas avots.","og_url":"https:\/\/test.puhdasplus.ee\/lv\/tooted\/stress-un-miegs\/d-ribozes-pulveris-200g\/","og_site_name":"Puhdas+","article_publisher":"https:\/\/www.facebook.com\/puhdasplus","article_modified_time":"2026-03-10T12:44:23+00:00","og_image":[{"width":1862,"height":2560,"url":"https:\/\/test.puhdasplus.ee\/wp-content\/uploads\/2019\/11\/tooted-ilma-taustata-copy-scaled.jpg","type":"image\/jpeg"}],"twitter_card":"summary_large_image","twitter_misc":{"Est. reading time":"3 min\u016btes"},"schema":{"@context":"https:\/\/schema.org","@graph":[{"@type":"WebPage","@id":"https:\/\/test.puhdasplus.ee\/lv\/tooted\/stress-un-miegs\/d-ribozes-pulveris-200g\/","url":"https:\/\/test.puhdasplus.ee\/lv\/tooted\/stress-un-miegs\/d-ribozes-pulveris-200g\/","name":"D-ribozes pulveris 200g - Puhdas+","isPartOf":{"@id":"https:\/\/test.puhdasplus.ee\/lv\/#website"},"primaryImageOfPage":{"@id":"https:\/\/test.puhdasplus.ee\/lv\/tooted\/stress-un-miegs\/d-ribozes-pulveris-200g\/#primaryimage"},"image":{"@id":"https:\/\/test.puhdasplus.ee\/lv\/tooted\/stress-un-miegs\/d-ribozes-pulveris-200g\/#primaryimage"},"thumbnailUrl":"https:\/\/test.puhdasplus.ee\/wp-content\/uploads\/2019\/11\/tooted-ilma-taustata-copy-scaled.jpg","datePublished":"2019-11-23T18:29:43+00:00","dateModified":"2026-03-10T12:44:23+00:00","description":"T\u012brs D-ribozes pulveris \u0161\u016bnu ener\u0123ijai un atjauno\u0161an\u0101s procesam. Atbalsta ATP veido\u0161anos, sirds un musku\u013cu darb\u012bbu. Veg\u0101niem draudz\u012bgs un bez piedev\u0101m ener\u0123ijas avots.","breadcrumb":{"@id":"https:\/\/test.puhdasplus.ee\/lv\/tooted\/stress-un-miegs\/d-ribozes-pulveris-200g\/#breadcrumb"},"inLanguage":"lv-LV","potentialAction":[{"@type":"ReadAction","target":["https:\/\/test.puhdasplus.ee\/lv\/tooted\/stress-un-miegs\/d-ribozes-pulveris-200g\/"]}]},{"@type":"ImageObject","inLanguage":"lv-LV","@id":"https:\/\/test.puhdasplus.ee\/lv\/tooted\/stress-un-miegs\/d-ribozes-pulveris-200g\/#primaryimage","url":"https:\/\/test.puhdasplus.ee\/wp-content\/uploads\/2019\/11\/tooted-ilma-taustata-copy-scaled.jpg","contentUrl":"https:\/\/test.puhdasplus.ee\/wp-content\/uploads\/2019\/11\/tooted-ilma-taustata-copy-scaled.jpg","width":1862,"height":2560,"caption":"D-riboze"},{"@type":"BreadcrumbList","@id":"https:\/\/test.puhdasplus.ee\/lv\/tooted\/stress-un-miegs\/d-ribozes-pulveris-200g\/#breadcrumb","itemListElement":[{"@type":"ListItem","position":1,"name":"S\u0101kums","item":"https:\/\/test.puhdasplus.ee\/lv\/"},{"@type":"ListItem","position":2,"name":"Produkti","item":"https:\/\/test.puhdasplus.ee\/lv\/veikals\/"},{"@type":"ListItem","position":3,"name":"D-ribozes pulveris 200g"}]},{"@type":"WebSite","@id":"https:\/\/test.puhdasplus.ee\/lv\/#website","url":"https:\/\/test.puhdasplus.ee\/lv\/","name":"Puhdas+","description":"Vitamiinid, Toidulisandid, looduskosmeetika, tervis, sport","publisher":{"@id":"https:\/\/test.puhdasplus.ee\/lv\/#organization"},"potentialAction":[{"@type":"SearchAction","target":{"@type":"EntryPoint","urlTemplate":"https:\/\/test.puhdasplus.ee\/lv\/?s={search_term_string}"},"query-input":{"@type":"PropertyValueSpecification","valueRequired":true,"valueName":"search_term_string"}}],"inLanguage":"lv-LV"},{"@type":"Organization","@id":"https:\/\/test.puhdasplus.ee\/lv\/#organization","name":"Puhdas+","alternateName":"Puhdasplus","url":"https:\/\/test.puhdasplus.ee\/lv\/","logo":{"@type":"ImageObject","inLanguage":"lv-LV","@id":"https:\/\/test.puhdasplus.ee\/lv\/#\/schema\/logo\/image\/","url":"https:\/\/test.puhdasplus.ee\/\/wp-content\/uploads\/2019\/10\/puhdas_logo-arvele.png","contentUrl":"https:\/\/test.puhdasplus.ee\/\/wp-content\/uploads\/2019\/10\/puhdas_logo-arvele.png","width":114,"height":94,"caption":"Puhdas+"},"image":{"@id":"https:\/\/test.puhdasplus.ee\/lv\/#\/schema\/logo\/image\/"},"sameAs":["https:\/\/www.facebook.com\/puhdasplus","https:\/\/www.instagram.com\/puhdasplus_ee\/"]}]}},"_links":{"self":[{"href":"https:\/\/test.puhdasplus.ee\/lv\/wp-json\/wp\/v2\/product\/353568","targetHints":{"allow":["GET"]}}],"collection":[{"href":"https:\/\/test.puhdasplus.ee\/lv\/wp-json\/wp\/v2\/product"}],"about":[{"href":"https:\/\/test.puhdasplus.ee\/lv\/wp-json\/wp\/v2\/types\/product"}],"replies":[{"embeddable":true,"href":"https:\/\/test.puhdasplus.ee\/lv\/wp-json\/wp\/v2\/comments?post=353568"}],"wp:featuredmedia":[{"embeddable":true,"href":"https:\/\/test.puhdasplus.ee\/lv\/wp-json\/wp\/v2\/media\/354353"}],"wp:attachment":[{"href":"https:\/\/test.puhdasplus.ee\/lv\/wp-json\/wp\/v2\/media?parent=353568"}],"wp:term":[{"taxonomy":"product_brand","embeddable":true,"href":"https:\/\/test.puhdasplus.ee\/lv\/wp-json\/wp\/v2\/product_brand?post=353568"},{"taxonomy":"product_cat","embeddable":true,"href":"https:\/\/test.puhdasplus.ee\/lv\/wp-json\/wp\/v2\/product_cat?post=353568"},{"taxonomy":"product_tag","embeddable":true,"href":"https:\/\/test.puhdasplus.ee\/lv\/wp-json\/wp\/v2\/product_tag?post=353568"}],"curies":[{"name":"wp","href":"https:\/\/api.w.org\/{rel}","templated":true}]}}