{"id":353561,"date":"2019-11-23T19:22:28","date_gmt":"2019-11-23T17:22:28","guid":{"rendered":"https:\/\/test.puhdasplus.ee\/\/tooted\/uncategorized\/skaistuma-biotins-10-000-%ce%bcg-60-kapsulas\/"},"modified":"2026-03-10T14:44:15","modified_gmt":"2026-03-10T12:44:15","slug":"skaistuma-biotins-10-000-%ce%bcg-60-kapsulas","status":"publish","type":"product","link":"https:\/\/test.puhdasplus.ee\/lv\/tooted\/ipasie-piedavajumi\/skaistuma-biotins-10-000-%ce%bcg-60-kapsulas\/","title":{"rendered":"Skaistuma biot\u012bns 10 000 \u03bcg 60 kapsulas"},"content":{"rendered":"<h2 data-start=\"288\" data-end=\"313\">Kas ir biot\u012bns?<\/h2>\n<p class=\"\" data-start=\"315\" data-end=\"595\">Biot\u012bns, kas paz\u012bstams ar\u012b k\u0101 B7 vitam\u012bns vai H vitam\u012bns, ir \u016bden\u012b \u0161\u0137\u012bsto\u0161s vitam\u012bns, kas veicina ener\u0123ijas ra\u017eo\u0161anu un norm\u0101lu bar\u012bbas vielu metabolismu. Tas ar\u012b atbalsta norm\u0101lu matu un \u0101das vesel\u012bbu, k\u0101 ar\u012b norm\u0101lu nervu sist\u0113mas darb\u012bbu un psiholo\u0123isk\u0101s funkcijas. <\/p>\n<h2 data-start=\"602\" data-end=\"645\">K\u0101p\u0113c Pure+ Biot\u012bns ir noder\u012bgs?<\/h2>\n<h3 data-start=\"647\" data-end=\"689\">Atbalsta norm\u0101lu matu un \u0101das st\u0101vokli<\/h3>\n<p class=\"\" data-start=\"690\" data-end=\"896\">Biot\u012bns pal\u012bdz uztur\u0113t <strong data-start=\"714\" data-end=\"753\">norm\u0101lu matu un \u0101das st\u0101vokli<\/strong> . Regul\u0101ra biot\u012bna lieto\u0161ana var veicin\u0101t matu aug\u0161anu, mazin\u0101t matu trauslumu un uzlabot \u0101das mitruma l\u012bmeni un elast\u012bbu. <\/p>\n<h3 data-start=\"898\" data-end=\"934\">Im\u016bnsist\u0113ma un nervu sist\u0113ma<\/h3>\n<p class=\"\" data-start=\"935\" data-end=\"1084\">Biot\u012bns veicina <strong data-start=\"992\" data-end=\"1033\">norm\u0101lu nervu sist\u0113mas darb\u012bbu un psiholo\u0123isk\u0101s funkcijas<\/strong> .<\/p>\n<h3 data-start=\"1086\" data-end=\"1115\">Metabolisma atbalst\u012bt\u0101js<\/h3>\n<p class=\"\" data-start=\"1116\" data-end=\"1236\">B7 vitam\u012bns veicina <strong data-start=\"1140\" data-end=\"1203\">ener\u0123ijas ra\u017eo\u0161anu un norm\u0101lu bar\u012bbas vielu metabolismu<\/strong> .<\/p>\n<h3 data-start=\"1238\" data-end=\"1274\">Dab\u012bgs un t\u012brs sast\u0101vs<\/h3>\n<p class=\"\" data-start=\"1275\" data-end=\"1400\">Pure+ Biotin nesatur m\u0101ksl\u012bgas kr\u0101svielas, aromatiz\u0113t\u0101jus, glut\u0113nu, laktozi, raugu vai saldin\u0101t\u0101jus. Tas ir piem\u0113rots ar\u012b veg\u0101niem. <\/p>\n<h2 data-start=\"1407\" data-end=\"1448\">Kam ir piem\u0113rots Pure+ Biotin?<\/h2>\n<ul data-start=\"1450\" data-end=\"1742\">\n<li class=\"\" data-start=\"1450\" data-end=\"1510\">\n<p class=\"\" data-start=\"1452\" data-end=\"1510\">Tiem, kuri v\u0113las atbalst\u012bt <strong data-start=\"1482\" data-end=\"1508\">matu un \u0101das st\u0101vokli<\/strong><\/p>\n<\/li>\n<li class=\"\" data-start=\"1511\" data-end=\"1594\">\n<p class=\"\" data-start=\"1513\" data-end=\"1594\">Cilv\u0113kiem, kuri j\u016btas <strong data-start=\"1538\" data-end=\"1562\">noguru\u0161i vai stresa p\u0101r\u0146emti<\/strong> un kuri v\u0113las saglab\u0101t nervu sist\u0113mas darb\u012bbu l\u012bdzsvar\u0101<\/p>\n<\/li>\n<li class=\"\" data-start=\"1595\" data-end=\"1673\">\n<p class=\"\" data-start=\"1597\" data-end=\"1673\">Veg\u0101niem un ve\u0123et\u0101rie\u0161iem, kuru uztur\u0101 var b\u016bt biot\u012bna tr\u016bkums<\/p>\n<\/li>\n<li class=\"\" data-start=\"1674\" data-end=\"1742\">\n<p class=\"\" data-start=\"1676\" data-end=\"1742\">Visiem, kas dod priek\u0161roku <strong data-start=\"1700\" data-end=\"1742\">t\u012bram un bez piedev\u0101m uztura bag\u0101tin\u0101t\u0101jam<\/strong><\/p>\n<\/li>\n<\/ul>\n<h2 data-start=\"1749\" data-end=\"1770\">Lietojums<\/h2>\n<p class=\"\" data-start=\"1772\" data-end=\"1829\"><strong data-start=\"1772\" data-end=\"1801\">Ieteicam\u0101 dienas deva:<\/strong> 1 kapsula dien\u0101, uzdzerot \u016bdeni.<\/p>\n<p class=\"\" data-start=\"1831\" data-end=\"2011\">Nep\u0101rsniedziet ieteicamo dienas devu. Uztura bag\u0101tin\u0101t\u0101js neaizst\u0101j daudzveid\u012bgu un sabalans\u0113tu uzturu vai vesel\u012bgu dz\u012bvesveidu. Sarg\u0101t no b\u0113rniem.  <\/p>\n<h2 data-start=\"2018\" data-end=\"2056\">Sast\u0101vda\u013cas un uzturv\u0113rt\u012bba<\/h2>\n<ul data-start=\"2058\" data-end=\"2280\">\n<li class=\"\" data-start=\"2058\" data-end=\"2187\">\n<p class=\"\" data-start=\"2060\" data-end=\"2187\"><strong data-start=\"2060\" data-end=\"2076\">Sast\u0101vda\u013cas:<\/strong> mikrokrist\u0101lisk\u0101 celuloze (pildviela), kapsula (hidroksipropilmetilceluloze, gell\u0101na sve\u0137i), D-biot\u012bns<\/p>\n<\/li>\n<li class=\"\" data-start=\"2188\" data-end=\"2280\">\n<p class=\"\" data-start=\"2190\" data-end=\"2214\"><strong data-start=\"2190\" data-end=\"2212\">1 kapsula satur:<\/strong><\/p>\n<ul data-start=\"2217\" data-end=\"2280\">\n<li class=\"\" data-start=\"2217\" data-end=\"2280\">\n<p class=\"\" data-start=\"2219\" data-end=\"2280\">Biot\u012bns: 10&nbsp;000 \u00b5g (20&nbsp;000&nbsp;% no ieteicam\u0101s dienas devas \u2014 NRV*)<\/p>\n<\/li>\n<\/ul>\n<\/li>\n<\/ul>\n<p>&nbsp;<\/p>\n<p><strong data-start=\"68\" data-end=\"79\">Ra\u017eot\u0101js:<\/strong> New Organics Oy, Somija<br data-start=\"102\" data-end=\"105\"><strong data-start=\"105\" data-end=\"120\">Import\u0113t\u0101js:<\/strong> NordenBio O\u00dc, Narvas \u0161oseja 7, 10117 Tallina<\/p>\n","protected":false},"excerpt":{"rendered":"<p class=\"\" data-start=\"195\" data-end=\"725\">Pure+ Biotin 10 000 \u00b5g ir sp\u0113c\u012bgs un t\u012brs uztura bag\u0101tin\u0101t\u0101js, kas pal\u012bdz uztur\u0113t norm\u0101lu matu un \u0101das st\u0101vokli un atbalsta norm\u0101lu nervu sist\u0113mas darb\u012bbu un psiholo\u0123isk\u0101s funkcijas. Biot\u012bns, kas paz\u012bstams ar\u012b k\u0101 B7 vitam\u012bns, ir iesaist\u012bts ener\u0123ijas ra\u017eo\u0161an\u0101 un bar\u012bbas vielu metabolism\u0101. Produkts ir labi piem\u0113rots tiem, kas v\u0113las atbalst\u012bt norm\u0101lu matu un \u0101das st\u0101vokli, k\u0101 ar\u012b nervu sist\u0113mas darb\u012bbu. Kapsulas nesatur glut\u0113nu, laktozi vai m\u0101ksl\u012bgas piedevas, un t\u0101s ir piem\u0113rotas ar\u012b veg\u0101niem.   <\/p>\n","protected":false},"featured_media":353567,"comment_status":"closed","ping_status":"closed","template":"","meta":{"_acf_changed":false},"product_brand":[],"product_cat":[3296,3297,3067],"product_tag":[3301,6464,6826,3303,6823,2541,3307,4190,2559,2974,3304,6825],"class_list":{"0":"post-353561","1":"product","2":"type-product","3":"status-publish","4":"has-post-thumbnail","6":"product_cat-ada-mati-nagi","7":"product_cat-biotins","8":"product_cat-ipasie-piedavajumi","9":"product_tag-adas-veseliba","10":"product_tag-atbalstot-matu-augsanu","11":"product_tag-b7-vitamins","12":"product_tag-biotina-piedeva","13":"product_tag-biotins-10-000-g","14":"product_tag-dabiska-skaistumkopsana","15":"product_tag-skaistuma-vitamins","16":"product_tag-specigi-mati","17":"product_tag-tirs-skaistums","18":"product_tag-vegans","19":"product_tag-vegans-biotins","20":"product_tag-veseligi-nagi","22":"first","23":"instock","24":"sale","25":"featured","26":"taxable","27":"shipping-taxable","28":"purchasable","29":"product-type-simple"},"acf":[],"yoast_head":"<!-- This site is optimized with the Yoast SEO plugin v27.1.1 - https:\/\/yoast.com\/product\/yoast-seo-wordpress\/ -->\n<title>Skaistuma biot\u012bns 10 000 \u03bcg 60 kapsulas - Puhdas+<\/title>\n<meta name=\"description\" content=\"Beauty Vahva Biotin 10 000 \u00b5g \u2013 sp\u0113c\u012bgs veg\u0101nisks biot\u012bna uztura bag\u0101tin\u0101t\u0101js, kas atbalsta matu aug\u0161anu, nagu stipr\u012bbu un \u0101das vesel\u012bbu.\" \/>\n<meta name=\"robots\" content=\"noindex, follow, max-snippet:-1, max-image-preview:large, max-video-preview:-1\" \/>\n<meta property=\"og:locale\" content=\"lv_LV\" \/>\n<meta property=\"og:type\" content=\"article\" \/>\n<meta property=\"og:title\" content=\"Skaistuma biot\u012bns 10 000 \u03bcg 60 kapsulas - Puhdas+\" \/>\n<meta property=\"og:description\" content=\"Beauty Vahva Biotin 10 000 \u00b5g \u2013 sp\u0113c\u012bgs veg\u0101nisks biot\u012bna uztura bag\u0101tin\u0101t\u0101js, kas atbalsta matu aug\u0161anu, nagu stipr\u012bbu un \u0101das vesel\u012bbu.\" \/>\n<meta property=\"og:url\" content=\"https:\/\/test.puhdasplus.ee\/lv\/tooted\/ipasie-piedavajumi\/skaistuma-biotins-10-000-%ce%bcg-60-kapsulas\/\" \/>\n<meta property=\"og:site_name\" content=\"Puhdas+\" \/>\n<meta property=\"article:publisher\" content=\"https:\/\/www.facebook.com\/puhdasplus\" \/>\n<meta property=\"article:modified_time\" content=\"2026-03-10T12:44:15+00:00\" \/>\n<meta property=\"og:image\" content=\"https:\/\/test.puhdasplus.ee\/wp-content\/uploads\/2019\/11\/Untitled-design-45-1.jpg\" \/>\n\t<meta property=\"og:image:width\" content=\"1862\" \/>\n\t<meta property=\"og:image:height\" content=\"2560\" \/>\n\t<meta property=\"og:image:type\" content=\"image\/jpeg\" \/>\n<meta name=\"twitter:card\" content=\"summary_large_image\" \/>\n<meta name=\"twitter:label1\" content=\"Est. reading time\" \/>\n\t<meta name=\"twitter:data1\" content=\"2 min\u016btes\" \/>\n<script type=\"application\/ld+json\" class=\"yoast-schema-graph\">{\"@context\":\"https:\/\/schema.org\",\"@graph\":[{\"@type\":\"WebPage\",\"@id\":\"https:\/\/test.puhdasplus.ee\/lv\/tooted\/ipasie-piedavajumi\/skaistuma-biotins-10-000-%ce%bcg-60-kapsulas\/\",\"url\":\"https:\/\/test.puhdasplus.ee\/lv\/tooted\/ipasie-piedavajumi\/skaistuma-biotins-10-000-%ce%bcg-60-kapsulas\/\",\"name\":\"Skaistuma biot\u012bns 10 000 \u03bcg 60 kapsulas - Puhdas+\",\"isPartOf\":{\"@id\":\"https:\/\/test.puhdasplus.ee\/lv\/#website\"},\"primaryImageOfPage\":{\"@id\":\"https:\/\/test.puhdasplus.ee\/lv\/tooted\/ipasie-piedavajumi\/skaistuma-biotins-10-000-%ce%bcg-60-kapsulas\/#primaryimage\"},\"image\":{\"@id\":\"https:\/\/test.puhdasplus.ee\/lv\/tooted\/ipasie-piedavajumi\/skaistuma-biotins-10-000-%ce%bcg-60-kapsulas\/#primaryimage\"},\"thumbnailUrl\":\"https:\/\/test.puhdasplus.ee\/wp-content\/uploads\/2019\/11\/Untitled-design-45-1.jpg\",\"datePublished\":\"2019-11-23T17:22:28+00:00\",\"dateModified\":\"2026-03-10T12:44:15+00:00\",\"description\":\"Beauty Vahva Biotin 10 000 \u00b5g \u2013 sp\u0113c\u012bgs veg\u0101nisks biot\u012bna uztura bag\u0101tin\u0101t\u0101js, kas atbalsta matu aug\u0161anu, nagu stipr\u012bbu un \u0101das vesel\u012bbu.\",\"breadcrumb\":{\"@id\":\"https:\/\/test.puhdasplus.ee\/lv\/tooted\/ipasie-piedavajumi\/skaistuma-biotins-10-000-%ce%bcg-60-kapsulas\/#breadcrumb\"},\"inLanguage\":\"lv-LV\",\"potentialAction\":[{\"@type\":\"ReadAction\",\"target\":[\"https:\/\/test.puhdasplus.ee\/lv\/tooted\/ipasie-piedavajumi\/skaistuma-biotins-10-000-%ce%bcg-60-kapsulas\/\"]}]},{\"@type\":\"ImageObject\",\"inLanguage\":\"lv-LV\",\"@id\":\"https:\/\/test.puhdasplus.ee\/lv\/tooted\/ipasie-piedavajumi\/skaistuma-biotins-10-000-%ce%bcg-60-kapsulas\/#primaryimage\",\"url\":\"https:\/\/test.puhdasplus.ee\/wp-content\/uploads\/2019\/11\/Untitled-design-45-1.jpg\",\"contentUrl\":\"https:\/\/test.puhdasplus.ee\/wp-content\/uploads\/2019\/11\/Untitled-design-45-1.jpg\",\"width\":1862,\"height\":2560,\"caption\":\"Biot\u012bns Beauty+ 10 000 \u03bcg 60 kapsulas\"},{\"@type\":\"BreadcrumbList\",\"@id\":\"https:\/\/test.puhdasplus.ee\/lv\/tooted\/ipasie-piedavajumi\/skaistuma-biotins-10-000-%ce%bcg-60-kapsulas\/#breadcrumb\",\"itemListElement\":[{\"@type\":\"ListItem\",\"position\":1,\"name\":\"S\u0101kums\",\"item\":\"https:\/\/test.puhdasplus.ee\/lv\/\"},{\"@type\":\"ListItem\",\"position\":2,\"name\":\"Produkti\",\"item\":\"https:\/\/test.puhdasplus.ee\/lv\/veikals\/\"},{\"@type\":\"ListItem\",\"position\":3,\"name\":\"Skaistuma biot\u012bns 10 000 \u03bcg 60 kapsulas\"}]},{\"@type\":\"WebSite\",\"@id\":\"https:\/\/test.puhdasplus.ee\/lv\/#website\",\"url\":\"https:\/\/test.puhdasplus.ee\/lv\/\",\"name\":\"Puhdas+\",\"description\":\"Vitamiinid, Toidulisandid, looduskosmeetika, tervis, sport\",\"publisher\":{\"@id\":\"https:\/\/test.puhdasplus.ee\/lv\/#organization\"},\"potentialAction\":[{\"@type\":\"SearchAction\",\"target\":{\"@type\":\"EntryPoint\",\"urlTemplate\":\"https:\/\/test.puhdasplus.ee\/lv\/?s={search_term_string}\"},\"query-input\":{\"@type\":\"PropertyValueSpecification\",\"valueRequired\":true,\"valueName\":\"search_term_string\"}}],\"inLanguage\":\"lv-LV\"},{\"@type\":\"Organization\",\"@id\":\"https:\/\/test.puhdasplus.ee\/lv\/#organization\",\"name\":\"Puhdas+\",\"alternateName\":\"Puhdasplus\",\"url\":\"https:\/\/test.puhdasplus.ee\/lv\/\",\"logo\":{\"@type\":\"ImageObject\",\"inLanguage\":\"lv-LV\",\"@id\":\"https:\/\/test.puhdasplus.ee\/lv\/#\/schema\/logo\/image\/\",\"url\":\"https:\/\/test.puhdasplus.ee\/\/wp-content\/uploads\/2019\/10\/puhdas_logo-arvele.png\",\"contentUrl\":\"https:\/\/test.puhdasplus.ee\/\/wp-content\/uploads\/2019\/10\/puhdas_logo-arvele.png\",\"width\":114,\"height\":94,\"caption\":\"Puhdas+\"},\"image\":{\"@id\":\"https:\/\/test.puhdasplus.ee\/lv\/#\/schema\/logo\/image\/\"},\"sameAs\":[\"https:\/\/www.facebook.com\/puhdasplus\",\"https:\/\/www.instagram.com\/puhdasplus_ee\/\"]}]}<\/script>\n<!-- \/ Yoast SEO plugin. -->","yoast_head_json":{"title":"Skaistuma biot\u012bns 10 000 \u03bcg 60 kapsulas - Puhdas+","description":"Beauty Vahva Biotin 10 000 \u00b5g \u2013 sp\u0113c\u012bgs veg\u0101nisks biot\u012bna uztura bag\u0101tin\u0101t\u0101js, kas atbalsta matu aug\u0161anu, nagu stipr\u012bbu un \u0101das vesel\u012bbu.","robots":{"index":"noindex","follow":"follow","max-snippet":"max-snippet:-1","max-image-preview":"max-image-preview:large","max-video-preview":"max-video-preview:-1"},"og_locale":"lv_LV","og_type":"article","og_title":"Skaistuma biot\u012bns 10 000 \u03bcg 60 kapsulas - Puhdas+","og_description":"Beauty Vahva Biotin 10 000 \u00b5g \u2013 sp\u0113c\u012bgs veg\u0101nisks biot\u012bna uztura bag\u0101tin\u0101t\u0101js, kas atbalsta matu aug\u0161anu, nagu stipr\u012bbu un \u0101das vesel\u012bbu.","og_url":"https:\/\/test.puhdasplus.ee\/lv\/tooted\/ipasie-piedavajumi\/skaistuma-biotins-10-000-%ce%bcg-60-kapsulas\/","og_site_name":"Puhdas+","article_publisher":"https:\/\/www.facebook.com\/puhdasplus","article_modified_time":"2026-03-10T12:44:15+00:00","og_image":[{"width":1862,"height":2560,"url":"https:\/\/test.puhdasplus.ee\/wp-content\/uploads\/2019\/11\/Untitled-design-45-1.jpg","type":"image\/jpeg"}],"twitter_card":"summary_large_image","twitter_misc":{"Est. reading time":"2 min\u016btes"},"schema":{"@context":"https:\/\/schema.org","@graph":[{"@type":"WebPage","@id":"https:\/\/test.puhdasplus.ee\/lv\/tooted\/ipasie-piedavajumi\/skaistuma-biotins-10-000-%ce%bcg-60-kapsulas\/","url":"https:\/\/test.puhdasplus.ee\/lv\/tooted\/ipasie-piedavajumi\/skaistuma-biotins-10-000-%ce%bcg-60-kapsulas\/","name":"Skaistuma biot\u012bns 10 000 \u03bcg 60 kapsulas - Puhdas+","isPartOf":{"@id":"https:\/\/test.puhdasplus.ee\/lv\/#website"},"primaryImageOfPage":{"@id":"https:\/\/test.puhdasplus.ee\/lv\/tooted\/ipasie-piedavajumi\/skaistuma-biotins-10-000-%ce%bcg-60-kapsulas\/#primaryimage"},"image":{"@id":"https:\/\/test.puhdasplus.ee\/lv\/tooted\/ipasie-piedavajumi\/skaistuma-biotins-10-000-%ce%bcg-60-kapsulas\/#primaryimage"},"thumbnailUrl":"https:\/\/test.puhdasplus.ee\/wp-content\/uploads\/2019\/11\/Untitled-design-45-1.jpg","datePublished":"2019-11-23T17:22:28+00:00","dateModified":"2026-03-10T12:44:15+00:00","description":"Beauty Vahva Biotin 10 000 \u00b5g \u2013 sp\u0113c\u012bgs veg\u0101nisks biot\u012bna uztura bag\u0101tin\u0101t\u0101js, kas atbalsta matu aug\u0161anu, nagu stipr\u012bbu un \u0101das vesel\u012bbu.","breadcrumb":{"@id":"https:\/\/test.puhdasplus.ee\/lv\/tooted\/ipasie-piedavajumi\/skaistuma-biotins-10-000-%ce%bcg-60-kapsulas\/#breadcrumb"},"inLanguage":"lv-LV","potentialAction":[{"@type":"ReadAction","target":["https:\/\/test.puhdasplus.ee\/lv\/tooted\/ipasie-piedavajumi\/skaistuma-biotins-10-000-%ce%bcg-60-kapsulas\/"]}]},{"@type":"ImageObject","inLanguage":"lv-LV","@id":"https:\/\/test.puhdasplus.ee\/lv\/tooted\/ipasie-piedavajumi\/skaistuma-biotins-10-000-%ce%bcg-60-kapsulas\/#primaryimage","url":"https:\/\/test.puhdasplus.ee\/wp-content\/uploads\/2019\/11\/Untitled-design-45-1.jpg","contentUrl":"https:\/\/test.puhdasplus.ee\/wp-content\/uploads\/2019\/11\/Untitled-design-45-1.jpg","width":1862,"height":2560,"caption":"Biot\u012bns Beauty+ 10 000 \u03bcg 60 kapsulas"},{"@type":"BreadcrumbList","@id":"https:\/\/test.puhdasplus.ee\/lv\/tooted\/ipasie-piedavajumi\/skaistuma-biotins-10-000-%ce%bcg-60-kapsulas\/#breadcrumb","itemListElement":[{"@type":"ListItem","position":1,"name":"S\u0101kums","item":"https:\/\/test.puhdasplus.ee\/lv\/"},{"@type":"ListItem","position":2,"name":"Produkti","item":"https:\/\/test.puhdasplus.ee\/lv\/veikals\/"},{"@type":"ListItem","position":3,"name":"Skaistuma biot\u012bns 10 000 \u03bcg 60 kapsulas"}]},{"@type":"WebSite","@id":"https:\/\/test.puhdasplus.ee\/lv\/#website","url":"https:\/\/test.puhdasplus.ee\/lv\/","name":"Puhdas+","description":"Vitamiinid, Toidulisandid, looduskosmeetika, tervis, sport","publisher":{"@id":"https:\/\/test.puhdasplus.ee\/lv\/#organization"},"potentialAction":[{"@type":"SearchAction","target":{"@type":"EntryPoint","urlTemplate":"https:\/\/test.puhdasplus.ee\/lv\/?s={search_term_string}"},"query-input":{"@type":"PropertyValueSpecification","valueRequired":true,"valueName":"search_term_string"}}],"inLanguage":"lv-LV"},{"@type":"Organization","@id":"https:\/\/test.puhdasplus.ee\/lv\/#organization","name":"Puhdas+","alternateName":"Puhdasplus","url":"https:\/\/test.puhdasplus.ee\/lv\/","logo":{"@type":"ImageObject","inLanguage":"lv-LV","@id":"https:\/\/test.puhdasplus.ee\/lv\/#\/schema\/logo\/image\/","url":"https:\/\/test.puhdasplus.ee\/\/wp-content\/uploads\/2019\/10\/puhdas_logo-arvele.png","contentUrl":"https:\/\/test.puhdasplus.ee\/\/wp-content\/uploads\/2019\/10\/puhdas_logo-arvele.png","width":114,"height":94,"caption":"Puhdas+"},"image":{"@id":"https:\/\/test.puhdasplus.ee\/lv\/#\/schema\/logo\/image\/"},"sameAs":["https:\/\/www.facebook.com\/puhdasplus","https:\/\/www.instagram.com\/puhdasplus_ee\/"]}]}},"_links":{"self":[{"href":"https:\/\/test.puhdasplus.ee\/lv\/wp-json\/wp\/v2\/product\/353561","targetHints":{"allow":["GET"]}}],"collection":[{"href":"https:\/\/test.puhdasplus.ee\/lv\/wp-json\/wp\/v2\/product"}],"about":[{"href":"https:\/\/test.puhdasplus.ee\/lv\/wp-json\/wp\/v2\/types\/product"}],"replies":[{"embeddable":true,"href":"https:\/\/test.puhdasplus.ee\/lv\/wp-json\/wp\/v2\/comments?post=353561"}],"wp:featuredmedia":[{"embeddable":true,"href":"https:\/\/test.puhdasplus.ee\/lv\/wp-json\/wp\/v2\/media\/353567"}],"wp:attachment":[{"href":"https:\/\/test.puhdasplus.ee\/lv\/wp-json\/wp\/v2\/media?parent=353561"}],"wp:term":[{"taxonomy":"product_brand","embeddable":true,"href":"https:\/\/test.puhdasplus.ee\/lv\/wp-json\/wp\/v2\/product_brand?post=353561"},{"taxonomy":"product_cat","embeddable":true,"href":"https:\/\/test.puhdasplus.ee\/lv\/wp-json\/wp\/v2\/product_cat?post=353561"},{"taxonomy":"product_tag","embeddable":true,"href":"https:\/\/test.puhdasplus.ee\/lv\/wp-json\/wp\/v2\/product_tag?post=353561"}],"curies":[{"name":"wp","href":"https:\/\/api.w.org\/{rel}","templated":true}]}}