{"id":353550,"date":"2019-11-23T19:09:51","date_gmt":"2019-11-23T17:09:51","guid":{"rendered":"https:\/\/test.puhdasplus.ee\/\/tooted\/uncategorized\/k2-vitamins-100-%c2%b5g-60-kapsulas\/"},"modified":"2026-03-10T14:43:59","modified_gmt":"2026-03-10T12:43:59","slug":"k2-vitamins-100-%c2%b5g-60-kapsulas","status":"publish","type":"product","link":"https:\/\/test.puhdasplus.ee\/lv\/tooted\/vitamini\/k2-vitamins\/k2-vitamins-100-%c2%b5g-60-kapsulas\/","title":{"rendered":"K2 vitam\u012bns 100 \u00b5g 60 kapsulas"},"content":{"rendered":"<div class=\"article-body__item article-body__item--htmlElement\"><\/div>\n<h2 data-start=\"213\" data-end=\"259\">Kas ir K2 vitam\u012bns un k\u0101p\u0113c tas ir svar\u012bgs?<\/h2>\n<p class=\"\" data-start=\"261\" data-end=\"418\"><span class=\"relative -mx-px my-[-0.2rem] rounded px-px py-[0.2rem] transition-colors duration-100 ease-in-out\">K2 vitam\u012bns, kas paz\u012bstams ar\u012b k\u0101 menakinons, ir taukos \u0161\u0137\u012bsto\u0161s vitam\u012bns, kam ir svar\u012bga loma kalcija metabolism\u0101 organism\u0101.<\/span> <span class=\"relative -mx-px my-[-0.2rem] rounded px-px py-[0.2rem] transition-colors duration-100 ease-in-out\">Tas pal\u012bdz novirz\u012bt kalciju uz kauliem un zobiem, atbalstot to stipr\u012bbu un strukt\u016bru.<\/span> <span class=\"relative -mx-px my-[-0.2rem] rounded px-px py-[0.2rem] transition-colors duration-100 ease-in-out\">K2 vitam\u012bns piedal\u0101s ar\u012b norm\u0101l\u0101 asins rec\u0113\u0161anas proces\u0101, pal\u012bdzot saglab\u0101t asinsvadu elast\u012bbu un vesel\u012bbu.<\/span><\/p>\n<p class=\"\" data-start=\"377\" data-end=\"738\">Pure+ K2 vitam\u012bna 100 \u00b5g kapsulas ir augstas kvalit\u0101tes uztura bag\u0101tin\u0101t\u0101js, kas satur K2 vitam\u012bnu t\u0101 dabiskaj\u0101 un bioakt\u012bv\u0101 form\u0101 \u2013 menahinonu-7 (MK-7). \u0160is vitam\u012bns ir \u012bpa\u0161i svar\u012bgs kalcija metabolism\u0101: K2 pal\u012bdz organismam novirz\u012bt kalciju uz viet\u0101m, kur tam j\u0101b\u016bt \u2013 kaulos un zobos \u2013, nevis m\u012bkstajos audos, kur tas var\u0113tu uzkr\u0101ties nev\u0113lam\u0101s viet\u0101s. <\/p>\n<p class=\"\" data-start=\"740\" data-end=\"759\">K2 vitam\u012bns atbalsta:<\/p>\n<ul data-start=\"760\" data-end=\"1012\">\n<li class=\"\" data-start=\"760\" data-end=\"841\">\n<p class=\"\" data-start=\"762\" data-end=\"841\"><strong data-start=\"762\" data-end=\"792\">norm\u0101lu kaulu st\u0101vokli<\/strong> , veicinot kalcija saist\u012b\u0161anos ar kaulu audiem,<\/p>\n<\/li>\n<li class=\"\" data-start=\"842\" data-end=\"949\">\n<p class=\"\" data-start=\"844\" data-end=\"949\"><strong data-start=\"844\" data-end=\"886\">norm\u0101lu asins rec\u0113\u0161anas funkciju<\/strong> , kas ir svar\u012bga ikdienas \u0137erme\u0146a l\u012bdzsvara uztur\u0113\u0161anai,<\/p>\n<\/li>\n<li class=\"\" data-start=\"950\" data-end=\"1012\">\n<p class=\"\" data-start=\"952\" data-end=\"1012\"><strong data-start=\"952\" data-end=\"987\">pareizu kalcija p\u0101rvieto\u0161anos organism\u0101<\/strong> , sadarbojoties ar D vitam\u012bnu.<\/p>\n<\/li>\n<\/ul>\n<p class=\"\" data-start=\"1014\" data-end=\"1347\">Lai gan K2 vitam\u012bns ir atrodams da\u017eos ferment\u0113tos p\u0101rtikas produktos (piem\u0113ram, natto \u2013 jap\u0101\u0146u sojas pupi\u0146\u0101s), parastaj\u0101 uztur\u0101 tas bie\u017ei vien ir nepietiekams, \u012bpa\u0161i Rietumu di\u0113t\u0101s. T\u0101p\u0113c uztura bag\u0101tin\u0101t\u0101js ir \u0113rts un efekt\u012bvs veids, k\u0101 nodro\u0161in\u0101t pietiekamu K2 dienas uz\u0146em\u0161anu, \u012bpa\u0161i vecumdien\u0101s vai ja uzturs ir bag\u0101ts ar kalciju vai D vitam\u012bnu. <\/p>\n<p class=\"\" data-start=\"1349\" data-end=\"1629\">Pure+ K2 vitam\u012bns satur 100 \u00b5g K2 vitam\u012bna menahinona-7 veid\u0101, kas organism\u0101 <strong data-start=\"1437\" data-end=\"1477\">izdal\u0101s l\u0113ni un labi uzs\u016bcas<\/strong> . Kapsulas ir piem\u0113rotas ikdienas lieto\u0161anai un ir ra\u017eotas bez m\u0101ksl\u012bg\u0101m piedev\u0101m \u2013 t\u0101s nesatur glut\u0113nu, laktozi, saldin\u0101t\u0101jus vai alerg\u0113nus. <\/p>\n<h2 data-start=\"425\" data-end=\"471\">Kam piem\u0113rots Puhdas+ K2 vitam\u012bns 100 \u00b5g?<\/h2>\n<p class=\"\" data-start=\"473\" data-end=\"592\"><span class=\"relative -mx-px my-[-0.2rem] rounded px-px py-[0.2rem] transition-colors duration-100 ease-in-out\">\u0160is uztura bag\u0101tin\u0101t\u0101js ir piem\u0113rots pieaugu\u0161ajiem, kuri v\u0113las atbalst\u012bt kaulu vesel\u012bbu un asins rec\u0113\u0161anu.<\/span> <span class=\"relative -mx-px my-[-0.2rem] rounded px-px py-[0.2rem] transition-colors duration-100 ease-in-out\">Tas var b\u016bt \u012bpa\u0161i noder\u012bgi tiem, kam ir paaugstin\u0101ta nepiecie\u0161am\u012bba p\u0113c K2 vitam\u012bna, piem\u0113ram, gados vec\u0101kiem cilv\u0113kiem vai tiem, kuri pat\u0113r\u0113 zemu K2 vitam\u012bnu saturo\u0161u p\u0101rtikas produktu daudzumu.<\/span><\/p>\n<h2 data-start=\"599\" data-end=\"634\">K\u0101 un kad to lietot?<\/h2>\n<p class=\"\" data-start=\"636\" data-end=\"940\"><strong data-start=\"636\" data-end=\"654\">Lieto\u0161anas instrukcija:<\/strong> <span class=\"relative -mx-px my-[-0.2rem] rounded px-px py-[0.2rem] transition-colors duration-100 ease-in-out\">Ieteicam\u0101 deva pieaugu\u0161ajiem ir 1 kapsula dien\u0101.<\/span> <span class=\"relative -mx-px my-[-0.2rem] rounded px-px py-[0.2rem] transition-colors duration-100 ease-in-out\">Kapsula j\u0101norij, uzdzerot \u016bdeni.<\/span> <span class=\"relative -mx-px my-[-0.2rem] rounded px-px py-[0.2rem] transition-colors duration-100 ease-in-out\">Ieteicamo dienas devu nedr\u012bkst p\u0101rsniegt.<\/span> <span class=\"relative -mx-px my-[-0.2rem] rounded px-px py-[0.2rem] transition-colors duration-100 ease-in-out\">Uztura bag\u0101tin\u0101t\u0101js neaizst\u0101j daudzveid\u012bgu un sabalans\u0113tu uzturu vai vesel\u012bgu dz\u012bvesveidu.<\/span> <span class=\"relative -mx-px my-[-0.2rem] rounded px-px py-[0.2rem] transition-colors duration-100 ease-in-out\">Sarg\u0101t no b\u0113rniem.<\/span> <span class=\"relative -mx-px my-[-0.2rem] rounded px-px py-[0.2rem] transition-colors duration-100 ease-in-out\">Ja lietojat asins \u0161\u0137idrin\u0101t\u0101jus, pirms produkta lieto\u0161anas konsult\u0113jieties ar \u0101rstu.<\/span><\/p>\n<h2 data-start=\"947\" data-end=\"986\">K\u0101das ir sast\u0101vda\u013cas un uzturv\u0113rt\u012bba?<\/h2>\n<p class=\"\" data-start=\"988\" data-end=\"1210\"><strong data-start=\"988\" data-end=\"1004\">Sast\u0101vda\u013cas:<\/strong> <span class=\"relative -mx-px my-[-0.2rem] rounded px-px py-[0.2rem] transition-colors duration-100 ease-in-out\">Pildviela (hidroksipropilmetilceluloze), kapsulas apvalks (hidroksipropilmetilceluloze, gell\u0101na sve\u0137i), menahinona (K2 vitam\u012bna) prepar\u0101ts.<\/span> <span class=\"relative -mx-px my-[-0.2rem] rounded px-px py-[0.2rem] transition-colors duration-100 ease-in-out\">Produkts nesatur laktozi, raugu vai glut\u0113nu.<\/span> <span class=\"relative -mx-px my-[-0.2rem] rounded px-px py-[0.2rem] transition-colors duration-100 ease-in-out\">Nesatur cukuru, s\u0101li, cieti, kukur\u016bzu vai saldin\u0101t\u0101jus.<\/span> <span class=\"relative -mx-px my-[-0.2rem] rounded px-px py-[0.2rem] transition-colors duration-100 ease-in-out\">Piem\u0113rots veg\u0101niem.<\/span><\/p>\n<p class=\"\" data-start=\"1212\" data-end=\"1240\"><strong data-start=\"1212\" data-end=\"1240\">Uzturv\u0113rt\u012bba (1 kapsula):<\/strong><\/p>\n<ul data-start=\"1241\" data-end=\"1328\">\n<li class=\"\" data-start=\"1241\" data-end=\"1328\">\n<p class=\"\" data-start=\"1243\" data-end=\"1328\">K vitam\u012bns 100 \u00b5g (133% no NRV*)<br \/>\n *NRV \u2013 ieteicam\u0101 dienas deva pieaugu\u0161ajam<\/p>\n<\/li>\n<\/ul>\n<p>&nbsp;<\/p>\n","protected":false},"excerpt":{"rendered":"<p class=\"\" data-start=\"322\" data-end=\"700\">Pure+ K2 vitam\u012bns 100 \u00b5g ir uztura bag\u0101tin\u0101t\u0101js, kas atbalsta kaulu stipr\u012bbu un organisma dabisko kalcija l\u012bdzsvaru. K2 vitam\u012bns pal\u012bdz kalcijam nok\u013c\u016bt pareizaj\u0101 viet\u0101 \u2013 kaulos un zobos \u2013 un nov\u0113r\u0161 t\u0101 nogulsn\u0113\u0161anos m\u012bkstajos audos, kur tam nevajadz\u0113tu uzkr\u0101ties. K2 vitam\u012bnam ir ar\u012b noz\u012bme asins rec\u0113\u0161anas proces\u0101, atbalstot norm\u0101lu asinsrites sist\u0113mas darb\u012bbu.  <\/p>\n<p class=\"\" data-start=\"702\" data-end=\"1008\">Produkts satur menahinonu-7 (MK-7), bioakt\u012bvu K2 vitam\u012bna formu, kas labi uzs\u016bcas organism\u0101 un saglab\u0101jas organism\u0101 ilg\u0101k nek\u0101 parastais K1 vitam\u012bns. Tas padara produktu efekt\u012bvu un piem\u0113rotu ikdienas lieto\u0161anai, \u012bpa\u0161i kombin\u0101cij\u0101 ar D vitam\u012bnu, jo \u0161ie vitam\u012bni kop\u0101 darbojas kalcija metabolism\u0101. <\/p>\n<p class=\"\" data-start=\"1010\" data-end=\"1335\">Kapsulas ir t\u012bras, nesatur m\u0101ksl\u012bgas piedevas, saldin\u0101t\u0101jus, laktozi vai glut\u0113nu, un ir piem\u0113rotas veg\u0101niem un cilv\u0113kiem ar jut\u012bgu gremo\u0161anu. Viena kapsula dien\u0101 pal\u012bdz atbalst\u012bt kaulu vesel\u012bbu un asinsrites l\u012bdzsvaru dabisk\u0101 un \u0137ermenim draudz\u012bg\u0101 veid\u0101. Iepakojum\u0101 ir 60 kapsulas \u2013 divu m\u0113ne\u0161u ikdienas atbalsts.  <\/p>\n","protected":false},"featured_media":355891,"comment_status":"closed","ping_status":"closed","template":"","meta":{"_acf_changed":false},"product_brand":[],"product_cat":[3067,6816,3483,3205],"product_tag":[6821,6817,6818,6819,6820,2974,6729],"class_list":{"0":"post-353550","1":"product","2":"type-product","3":"status-publish","4":"has-post-thumbnail","6":"product_cat-ipasie-piedavajumi","7":"product_cat-k2-vitamins","8":"product_cat-locitavas-muskuli-un-kauli","9":"product_cat-vitamini","10":"product_tag-k-vitamins","11":"product_tag-k2-lv","12":"product_tag-k2-vitamins","13":"product_tag-menahinons-7","14":"product_tag-mk-7-lv","15":"product_tag-vegans","16":"product_tag-veganu-vitamini","18":"first","19":"instock","20":"sale","21":"taxable","22":"shipping-taxable","23":"purchasable","24":"product-type-simple"},"acf":[],"yoast_head":"<!-- This site is optimized with the Yoast SEO plugin v27.1.1 - https:\/\/yoast.com\/product\/yoast-seo-wordpress\/ -->\n<title>K2 vitam\u012bns 100 \u00b5g 60 kapsulas - Puhdas+<\/title>\n<meta name=\"description\" content=\"K2 vitam\u012bns \u2013 sp\u0113c\u012bgs un \u013coti labi uzs\u016bco\u0161s MenaQ7 menahinons! Atbalsta kaulu vesel\u012bbu un norm\u0101lu asins rec\u0113\u0161anu. 100% veg\u0101nisks, t\u012brs sast\u0101vs. Pas\u016btiet t\u016bl\u012bt!\" \/>\n<meta name=\"robots\" content=\"noindex, follow, max-snippet:-1, max-image-preview:large, max-video-preview:-1\" \/>\n<meta property=\"og:locale\" content=\"lv_LV\" \/>\n<meta property=\"og:type\" content=\"article\" \/>\n<meta property=\"og:title\" content=\"K2 vitam\u012bns 100 \u00b5g 60 kapsulas - Puhdas+\" \/>\n<meta property=\"og:description\" content=\"K2 vitam\u012bns \u2013 sp\u0113c\u012bgs un \u013coti labi uzs\u016bco\u0161s MenaQ7 menahinons! Atbalsta kaulu vesel\u012bbu un norm\u0101lu asins rec\u0113\u0161anu. 100% veg\u0101nisks, t\u012brs sast\u0101vs. Pas\u016btiet t\u016bl\u012bt!\" \/>\n<meta property=\"og:url\" content=\"https:\/\/test.puhdasplus.ee\/lv\/tooted\/vitamini\/k2-vitamins\/k2-vitamins-100-%c2%b5g-60-kapsulas\/\" \/>\n<meta property=\"og:site_name\" content=\"Puhdas+\" \/>\n<meta property=\"article:publisher\" content=\"https:\/\/www.facebook.com\/puhdasplus\" \/>\n<meta property=\"article:modified_time\" content=\"2026-03-10T12:43:59+00:00\" \/>\n<meta property=\"og:image\" content=\"https:\/\/test.puhdasplus.ee\/wp-content\/uploads\/2019\/11\/k2-puhdasplus-scaled.jpg\" \/>\n\t<meta property=\"og:image:width\" content=\"1862\" \/>\n\t<meta property=\"og:image:height\" content=\"2560\" \/>\n\t<meta property=\"og:image:type\" content=\"image\/jpeg\" \/>\n<meta name=\"twitter:card\" content=\"summary_large_image\" \/>\n<meta name=\"twitter:label1\" content=\"Est. reading time\" \/>\n\t<meta name=\"twitter:data1\" content=\"3 min\u016btes\" \/>\n<script type=\"application\/ld+json\" class=\"yoast-schema-graph\">{\"@context\":\"https:\/\/schema.org\",\"@graph\":[{\"@type\":\"WebPage\",\"@id\":\"https:\/\/test.puhdasplus.ee\/lv\/tooted\/vitamini\/k2-vitamins\/k2-vitamins-100-%c2%b5g-60-kapsulas\/\",\"url\":\"https:\/\/test.puhdasplus.ee\/lv\/tooted\/vitamini\/k2-vitamins\/k2-vitamins-100-%c2%b5g-60-kapsulas\/\",\"name\":\"K2 vitam\u012bns 100 \u00b5g 60 kapsulas - Puhdas+\",\"isPartOf\":{\"@id\":\"https:\/\/test.puhdasplus.ee\/lv\/#website\"},\"primaryImageOfPage\":{\"@id\":\"https:\/\/test.puhdasplus.ee\/lv\/tooted\/vitamini\/k2-vitamins\/k2-vitamins-100-%c2%b5g-60-kapsulas\/#primaryimage\"},\"image\":{\"@id\":\"https:\/\/test.puhdasplus.ee\/lv\/tooted\/vitamini\/k2-vitamins\/k2-vitamins-100-%c2%b5g-60-kapsulas\/#primaryimage\"},\"thumbnailUrl\":\"https:\/\/test.puhdasplus.ee\/wp-content\/uploads\/2019\/11\/k2-puhdasplus-scaled.jpg\",\"datePublished\":\"2019-11-23T17:09:51+00:00\",\"dateModified\":\"2026-03-10T12:43:59+00:00\",\"description\":\"K2 vitam\u012bns \u2013 sp\u0113c\u012bgs un \u013coti labi uzs\u016bco\u0161s MenaQ7 menahinons! Atbalsta kaulu vesel\u012bbu un norm\u0101lu asins rec\u0113\u0161anu. 100% veg\u0101nisks, t\u012brs sast\u0101vs. Pas\u016btiet t\u016bl\u012bt!\",\"breadcrumb\":{\"@id\":\"https:\/\/test.puhdasplus.ee\/lv\/tooted\/vitamini\/k2-vitamins\/k2-vitamins-100-%c2%b5g-60-kapsulas\/#breadcrumb\"},\"inLanguage\":\"lv-LV\",\"potentialAction\":[{\"@type\":\"ReadAction\",\"target\":[\"https:\/\/test.puhdasplus.ee\/lv\/tooted\/vitamini\/k2-vitamins\/k2-vitamins-100-%c2%b5g-60-kapsulas\/\"]}]},{\"@type\":\"ImageObject\",\"inLanguage\":\"lv-LV\",\"@id\":\"https:\/\/test.puhdasplus.ee\/lv\/tooted\/vitamini\/k2-vitamins\/k2-vitamins-100-%c2%b5g-60-kapsulas\/#primaryimage\",\"url\":\"https:\/\/test.puhdasplus.ee\/wp-content\/uploads\/2019\/11\/k2-puhdasplus-scaled.jpg\",\"contentUrl\":\"https:\/\/test.puhdasplus.ee\/wp-content\/uploads\/2019\/11\/k2-puhdasplus-scaled.jpg\",\"width\":1862,\"height\":2560,\"caption\":\"k2 puhdasplus\"},{\"@type\":\"BreadcrumbList\",\"@id\":\"https:\/\/test.puhdasplus.ee\/lv\/tooted\/vitamini\/k2-vitamins\/k2-vitamins-100-%c2%b5g-60-kapsulas\/#breadcrumb\",\"itemListElement\":[{\"@type\":\"ListItem\",\"position\":1,\"name\":\"S\u0101kums\",\"item\":\"https:\/\/test.puhdasplus.ee\/lv\/\"},{\"@type\":\"ListItem\",\"position\":2,\"name\":\"Produkti\",\"item\":\"https:\/\/test.puhdasplus.ee\/lv\/veikals\/\"},{\"@type\":\"ListItem\",\"position\":3,\"name\":\"K2 vitam\u012bns 100 \u00b5g 60 kapsulas\"}]},{\"@type\":\"WebSite\",\"@id\":\"https:\/\/test.puhdasplus.ee\/lv\/#website\",\"url\":\"https:\/\/test.puhdasplus.ee\/lv\/\",\"name\":\"Puhdas+\",\"description\":\"Vitamiinid, Toidulisandid, looduskosmeetika, tervis, sport\",\"publisher\":{\"@id\":\"https:\/\/test.puhdasplus.ee\/lv\/#organization\"},\"potentialAction\":[{\"@type\":\"SearchAction\",\"target\":{\"@type\":\"EntryPoint\",\"urlTemplate\":\"https:\/\/test.puhdasplus.ee\/lv\/?s={search_term_string}\"},\"query-input\":{\"@type\":\"PropertyValueSpecification\",\"valueRequired\":true,\"valueName\":\"search_term_string\"}}],\"inLanguage\":\"lv-LV\"},{\"@type\":\"Organization\",\"@id\":\"https:\/\/test.puhdasplus.ee\/lv\/#organization\",\"name\":\"Puhdas+\",\"alternateName\":\"Puhdasplus\",\"url\":\"https:\/\/test.puhdasplus.ee\/lv\/\",\"logo\":{\"@type\":\"ImageObject\",\"inLanguage\":\"lv-LV\",\"@id\":\"https:\/\/test.puhdasplus.ee\/lv\/#\/schema\/logo\/image\/\",\"url\":\"https:\/\/test.puhdasplus.ee\/\/wp-content\/uploads\/2019\/10\/puhdas_logo-arvele.png\",\"contentUrl\":\"https:\/\/test.puhdasplus.ee\/\/wp-content\/uploads\/2019\/10\/puhdas_logo-arvele.png\",\"width\":114,\"height\":94,\"caption\":\"Puhdas+\"},\"image\":{\"@id\":\"https:\/\/test.puhdasplus.ee\/lv\/#\/schema\/logo\/image\/\"},\"sameAs\":[\"https:\/\/www.facebook.com\/puhdasplus\",\"https:\/\/www.instagram.com\/puhdasplus_ee\/\"]}]}<\/script>\n<!-- \/ Yoast SEO plugin. -->","yoast_head_json":{"title":"K2 vitam\u012bns 100 \u00b5g 60 kapsulas - Puhdas+","description":"K2 vitam\u012bns \u2013 sp\u0113c\u012bgs un \u013coti labi uzs\u016bco\u0161s MenaQ7 menahinons! Atbalsta kaulu vesel\u012bbu un norm\u0101lu asins rec\u0113\u0161anu. 100% veg\u0101nisks, t\u012brs sast\u0101vs. Pas\u016btiet t\u016bl\u012bt!","robots":{"index":"noindex","follow":"follow","max-snippet":"max-snippet:-1","max-image-preview":"max-image-preview:large","max-video-preview":"max-video-preview:-1"},"og_locale":"lv_LV","og_type":"article","og_title":"K2 vitam\u012bns 100 \u00b5g 60 kapsulas - Puhdas+","og_description":"K2 vitam\u012bns \u2013 sp\u0113c\u012bgs un \u013coti labi uzs\u016bco\u0161s MenaQ7 menahinons! Atbalsta kaulu vesel\u012bbu un norm\u0101lu asins rec\u0113\u0161anu. 100% veg\u0101nisks, t\u012brs sast\u0101vs. Pas\u016btiet t\u016bl\u012bt!","og_url":"https:\/\/test.puhdasplus.ee\/lv\/tooted\/vitamini\/k2-vitamins\/k2-vitamins-100-%c2%b5g-60-kapsulas\/","og_site_name":"Puhdas+","article_publisher":"https:\/\/www.facebook.com\/puhdasplus","article_modified_time":"2026-03-10T12:43:59+00:00","og_image":[{"width":1862,"height":2560,"url":"https:\/\/test.puhdasplus.ee\/wp-content\/uploads\/2019\/11\/k2-puhdasplus-scaled.jpg","type":"image\/jpeg"}],"twitter_card":"summary_large_image","twitter_misc":{"Est. reading time":"3 min\u016btes"},"schema":{"@context":"https:\/\/schema.org","@graph":[{"@type":"WebPage","@id":"https:\/\/test.puhdasplus.ee\/lv\/tooted\/vitamini\/k2-vitamins\/k2-vitamins-100-%c2%b5g-60-kapsulas\/","url":"https:\/\/test.puhdasplus.ee\/lv\/tooted\/vitamini\/k2-vitamins\/k2-vitamins-100-%c2%b5g-60-kapsulas\/","name":"K2 vitam\u012bns 100 \u00b5g 60 kapsulas - Puhdas+","isPartOf":{"@id":"https:\/\/test.puhdasplus.ee\/lv\/#website"},"primaryImageOfPage":{"@id":"https:\/\/test.puhdasplus.ee\/lv\/tooted\/vitamini\/k2-vitamins\/k2-vitamins-100-%c2%b5g-60-kapsulas\/#primaryimage"},"image":{"@id":"https:\/\/test.puhdasplus.ee\/lv\/tooted\/vitamini\/k2-vitamins\/k2-vitamins-100-%c2%b5g-60-kapsulas\/#primaryimage"},"thumbnailUrl":"https:\/\/test.puhdasplus.ee\/wp-content\/uploads\/2019\/11\/k2-puhdasplus-scaled.jpg","datePublished":"2019-11-23T17:09:51+00:00","dateModified":"2026-03-10T12:43:59+00:00","description":"K2 vitam\u012bns \u2013 sp\u0113c\u012bgs un \u013coti labi uzs\u016bco\u0161s MenaQ7 menahinons! Atbalsta kaulu vesel\u012bbu un norm\u0101lu asins rec\u0113\u0161anu. 100% veg\u0101nisks, t\u012brs sast\u0101vs. Pas\u016btiet t\u016bl\u012bt!","breadcrumb":{"@id":"https:\/\/test.puhdasplus.ee\/lv\/tooted\/vitamini\/k2-vitamins\/k2-vitamins-100-%c2%b5g-60-kapsulas\/#breadcrumb"},"inLanguage":"lv-LV","potentialAction":[{"@type":"ReadAction","target":["https:\/\/test.puhdasplus.ee\/lv\/tooted\/vitamini\/k2-vitamins\/k2-vitamins-100-%c2%b5g-60-kapsulas\/"]}]},{"@type":"ImageObject","inLanguage":"lv-LV","@id":"https:\/\/test.puhdasplus.ee\/lv\/tooted\/vitamini\/k2-vitamins\/k2-vitamins-100-%c2%b5g-60-kapsulas\/#primaryimage","url":"https:\/\/test.puhdasplus.ee\/wp-content\/uploads\/2019\/11\/k2-puhdasplus-scaled.jpg","contentUrl":"https:\/\/test.puhdasplus.ee\/wp-content\/uploads\/2019\/11\/k2-puhdasplus-scaled.jpg","width":1862,"height":2560,"caption":"k2 puhdasplus"},{"@type":"BreadcrumbList","@id":"https:\/\/test.puhdasplus.ee\/lv\/tooted\/vitamini\/k2-vitamins\/k2-vitamins-100-%c2%b5g-60-kapsulas\/#breadcrumb","itemListElement":[{"@type":"ListItem","position":1,"name":"S\u0101kums","item":"https:\/\/test.puhdasplus.ee\/lv\/"},{"@type":"ListItem","position":2,"name":"Produkti","item":"https:\/\/test.puhdasplus.ee\/lv\/veikals\/"},{"@type":"ListItem","position":3,"name":"K2 vitam\u012bns 100 \u00b5g 60 kapsulas"}]},{"@type":"WebSite","@id":"https:\/\/test.puhdasplus.ee\/lv\/#website","url":"https:\/\/test.puhdasplus.ee\/lv\/","name":"Puhdas+","description":"Vitamiinid, Toidulisandid, looduskosmeetika, tervis, sport","publisher":{"@id":"https:\/\/test.puhdasplus.ee\/lv\/#organization"},"potentialAction":[{"@type":"SearchAction","target":{"@type":"EntryPoint","urlTemplate":"https:\/\/test.puhdasplus.ee\/lv\/?s={search_term_string}"},"query-input":{"@type":"PropertyValueSpecification","valueRequired":true,"valueName":"search_term_string"}}],"inLanguage":"lv-LV"},{"@type":"Organization","@id":"https:\/\/test.puhdasplus.ee\/lv\/#organization","name":"Puhdas+","alternateName":"Puhdasplus","url":"https:\/\/test.puhdasplus.ee\/lv\/","logo":{"@type":"ImageObject","inLanguage":"lv-LV","@id":"https:\/\/test.puhdasplus.ee\/lv\/#\/schema\/logo\/image\/","url":"https:\/\/test.puhdasplus.ee\/\/wp-content\/uploads\/2019\/10\/puhdas_logo-arvele.png","contentUrl":"https:\/\/test.puhdasplus.ee\/\/wp-content\/uploads\/2019\/10\/puhdas_logo-arvele.png","width":114,"height":94,"caption":"Puhdas+"},"image":{"@id":"https:\/\/test.puhdasplus.ee\/lv\/#\/schema\/logo\/image\/"},"sameAs":["https:\/\/www.facebook.com\/puhdasplus","https:\/\/www.instagram.com\/puhdasplus_ee\/"]}]}},"_links":{"self":[{"href":"https:\/\/test.puhdasplus.ee\/lv\/wp-json\/wp\/v2\/product\/353550","targetHints":{"allow":["GET"]}}],"collection":[{"href":"https:\/\/test.puhdasplus.ee\/lv\/wp-json\/wp\/v2\/product"}],"about":[{"href":"https:\/\/test.puhdasplus.ee\/lv\/wp-json\/wp\/v2\/types\/product"}],"replies":[{"embeddable":true,"href":"https:\/\/test.puhdasplus.ee\/lv\/wp-json\/wp\/v2\/comments?post=353550"}],"wp:featuredmedia":[{"embeddable":true,"href":"https:\/\/test.puhdasplus.ee\/lv\/wp-json\/wp\/v2\/media\/355891"}],"wp:attachment":[{"href":"https:\/\/test.puhdasplus.ee\/lv\/wp-json\/wp\/v2\/media?parent=353550"}],"wp:term":[{"taxonomy":"product_brand","embeddable":true,"href":"https:\/\/test.puhdasplus.ee\/lv\/wp-json\/wp\/v2\/product_brand?post=353550"},{"taxonomy":"product_cat","embeddable":true,"href":"https:\/\/test.puhdasplus.ee\/lv\/wp-json\/wp\/v2\/product_cat?post=353550"},{"taxonomy":"product_tag","embeddable":true,"href":"https:\/\/test.puhdasplus.ee\/lv\/wp-json\/wp\/v2\/product_tag?post=353550"}],"curies":[{"name":"wp","href":"https:\/\/api.w.org\/{rel}","templated":true}]}}