{"id":353527,"date":"2019-11-23T19:16:29","date_gmt":"2019-11-23T17:16:29","guid":{"rendered":"https:\/\/test.puhdasplus.ee\/\/tooted\/uncategorized\/l-teanins-40g\/"},"modified":"2026-03-10T14:44:15","modified_gmt":"2026-03-10T12:44:15","slug":"l-teanins-40g","status":"publish","type":"product","link":"https:\/\/test.puhdasplus.ee\/lv\/tooted\/stress-un-miegs\/l-teanins-40g\/","title":{"rendered":"L-tean\u012bns 40g"},"content":{"rendered":"<h2 data-start=\"221\" data-end=\"250\">Kas ir Pure+ L-tean\u012bns?<\/h2>\n<p class=\"\" data-start=\"252\" data-end=\"371\"><span class=\"relative -mx-px my-[-0.2rem] rounded px-px py-[0.2rem] transition-colors duration-100 ease-in-out\">Pure+ L-Theanine ir 100% t\u012brs uztura bag\u0101tin\u0101t\u0101js, kas satur L-tean\u012bnu \u2014 aminosk\u0101bi, kas dabiski atrodama za\u013caj\u0101 t\u0113j\u0101.<\/span> <span class=\"relative -mx-px my-[-0.2rem] rounded px-px py-[0.2rem] transition-colors duration-100 ease-in-out\">Produkts ir ra\u017eots Somij\u0101, iev\u0113rojot augstus kvalit\u0101tes standartus, un nesatur konservantus, kr\u0101svielas vai citas piedevas.<\/span><\/p>\n<h2 class=\"\" data-start=\"193\" data-end=\"237\">K\u0101p\u0113c Pure+ L-tean\u012bns ir labv\u0113l\u012bgs?<\/h2>\n<p class=\"\" data-start=\"239\" data-end=\"572\"><strong data-start=\"239\" data-end=\"252\">L-tean\u012bns<\/strong> ir dabiska aminosk\u0101be, kas galvenok\u0101rt atrodama za\u013caj\u0101 t\u0113j\u0101.<\/p>\n<p class=\"p1\">Tas tiek augstu v\u0113rt\u0113ts par to, ka tas atbalsta <b>norm\u0101lu nervu sist\u0113mas darb\u012bbu<\/b> un veicina mier\u012bg\u0101ku pr\u0101ta st\u0101vokli. At\u0161\u0137ir\u012bb\u0101 no daudziem stimulantiem, L-tean\u012bns neizraisa miegain\u012bbu vai dezorient\u0101ciju. <\/p>\n<h3 class=\"\" data-start=\"574\" data-end=\"619\">Atbalsta koncentr\u0113\u0161anos un gar\u012bgo skaidr\u012bbu<\/h3>\n<p class=\"p1\">L-tean\u012bns ir saist\u012bts ar alfa smadze\u0146u vi\u013c\u0146u aktiviz\u0113\u0161anu, kas savuk\u0101rt veicina mier\u012bgu, bet modru pr\u0101ta st\u0101vokli. Tas tiek v\u0113rt\u0113ts k\u0101 koncentr\u0113\u0161an\u0101s l\u012bdzeklis situ\u0101cij\u0101s, kad cilv\u0113ks v\u0113las saglab\u0101t mieru, bet gar\u012bgu modr\u012bbu. <\/p>\n<h3 class=\"\" data-start=\"943\" data-end=\"978\"><b>Veicina mier\u012bgu garast\u0101vokli un l\u012bdzsvaru<\/b><\/h3>\n<p data-start=\"943\" data-end=\"978\">Dab\u012bga aminosk\u0101be, kas tiek v\u0113rt\u0113ta, jo pal\u012bdz atp\u016bsties stresa br\u012b\u017eos, vienlaikus saglab\u0101jot gar\u012bgo skaidr\u012bbu un koncentr\u0113\u0161an\u0101s sp\u0113jas.<\/p>\n<h3 class=\"\" data-start=\"1262\" data-end=\"1299\"><b>Piem\u0113rots lieto\u0161anai vakar\u0101<\/b><\/h3>\n<p class=\"p1\">Pateicoties nomierino\u0161ajai iedarb\u012bbai, L-tean\u012bns ir piem\u0113rots ar\u012b lieto\u0161anai vakar\u0101, kad v\u0113laties nomierin\u0101ties un uztur\u0113t mier\u012bgu noska\u0146ojumu pirms miega. Vienlaikus tas neizraisa miegain\u012bbu vai r\u012bta smaguma saj\u016btu. <\/p>\n<h3 class=\"\" data-start=\"1642\" data-end=\"1667\">Dab\u012bgs un t\u012brs<\/h3>\n<p class=\"\" data-start=\"1669\" data-end=\"1968\">Pure+ L-tean\u012bns ir ieg\u016bts no za\u013c\u0101s t\u0113jas ekstrakta un satur 40% L-tean\u012bna, vienlaikus piln\u012bb\u0101 <strong data-start=\"1775\" data-end=\"1793\">bez piedev\u0101m<\/strong> . Tas noz\u012bm\u0113, ka produkts nesatur glut\u0113nu, laktozi, raugu, saldin\u0101t\u0101jus vai citas pievienotas \u0137\u012bmiskas vielas, padarot to ide\u0101li piem\u0113rotu veg\u0101niem un cilv\u0113kiem ar jut\u012bgu gremo\u0161anu. <\/p>\n<h2 data-start=\"568\" data-end=\"590\">Kam tas ir piem\u0113rots?<\/h2>\n<p class=\"\" data-start=\"592\" data-end=\"677\"><span class=\"relative -mx-px my-[-0.2rem] rounded px-px py-[0.2rem] transition-colors duration-100 ease-in-out\">Pure+ L-tean\u012bns ir piem\u0113rots:<\/span><\/p>\n<ul data-start=\"679\" data-end=\"892\">\n<li class=\"\" data-start=\"679\" data-end=\"720\">\n<p class=\"\" data-start=\"681\" data-end=\"720\"><span class=\"relative -mx-px my-[-0.2rem] rounded px-px py-[0.2rem] transition-colors duration-100 ease-in-out\">Cilv\u0113kiem,<\/span> kas mekl\u0113 dabisku atbalstu nervu sist\u0113mai un pr\u0101ta l\u012bdzsvaram<\/p>\n<\/li>\n<li class=\"\" data-start=\"721\" data-end=\"762\">\n<p class=\"\" data-start=\"723\" data-end=\"762\"><span class=\"relative -mx-px my-[-0.2rem] rounded px-px py-[0.2rem] transition-colors duration-100 ease-in-out\">Tiem, kas v\u0113las<\/span> uzlabot koncentr\u0113\u0161an\u0101s sp\u0113jas un gar\u012bgo skaidr\u012bbu<\/p>\n<\/li>\n<li class=\"\" data-start=\"763\" data-end=\"804\">\n<p class=\"\" data-start=\"765\" data-end=\"804\"><span class=\"relative -mx-px my-[-0.2rem] rounded px-px py-[0.2rem] transition-colors duration-100 ease-in-out\">Cilv\u0113kiem, kuri v\u0113las<\/span> lab\u0101ku sirdsmieru pirms gul\u0113tie\u0161anas<\/p>\n<\/li>\n<li class=\"\" data-start=\"805\" data-end=\"892\">\n<p class=\"\" data-start=\"807\" data-end=\"892\"><span class=\"relative -mx-px my-[-0.2rem] rounded px-px py-[0.2rem] transition-colors duration-100 ease-in-out\">Tiem, kas<\/span> dod priek\u0161roku produktiem bez piedev\u0101m un t\u012briem produktiem<\/p>\n<\/li>\n<\/ul>\n<h2 data-start=\"899\" data-end=\"913\">Lietojums<\/h2>\n<p class=\"\" data-start=\"915\" data-end=\"1040\"><span class=\"relative -mx-px my-[-0.2rem] rounded px-px py-[0.2rem] transition-colors duration-100 ease-in-out\"><strong data-start=\"0\" data-end=\"20\" data-is-only-node=\"\">Ieteicam\u0101 deva<\/strong> : 1 m\u0113rkarote (1 ml) dien\u0101.<\/span> <span class=\"relative -mx-px my-[-0.2rem] rounded px-px py-[0.2rem] transition-colors duration-100 ease-in-out\">Sajauciet pulveri ar \u016bdeni, sulu vai sm\u016btiju.<\/span><\/p>\n<p class=\"\" data-start=\"1042\" data-end=\"1127\"><span class=\"relative -mx-px my-[-0.2rem] rounded px-px py-[0.2rem] transition-colors duration-100 ease-in-out\">Nep\u0101rsniedziet ieteicamo dienas devu. Uztura bag\u0101tin\u0101t\u0101js neaizst\u0101j daudzveid\u012bgu un sabalans\u0113tu uzturu vai vesel\u012bgu dz\u012bvesveidu. Sarg\u0101t no b\u0113rniem.  <\/span>\u200b<\/p>\n<h2 data-start=\"1134\" data-end=\"1149\">Sast\u0101vda\u013cas<\/h2>\n<ul data-start=\"1151\" data-end=\"1238\">\n<li class=\"\" data-start=\"1151\" data-end=\"1238\">\n<p class=\"\" data-start=\"1153\" data-end=\"1238\"><span class=\"relative -mx-px my-[-0.2rem] rounded px-px py-[0.2rem] transition-colors duration-100 ease-in-out\">Za\u013c\u0101s t\u0113jas ekstrakts (Camellia sinensis L.), no kura 40% ir L-tean\u012bns<\/span><\/p>\n<\/li>\n<\/ul>\n<p class=\"\" data-start=\"1240\" data-end=\"1365\"><span class=\"relative -mx-px my-[-0.2rem] rounded px-px py-[0.2rem] bg-[#FCECC1] dark:bg-[#64572A] transition-colors duration-100 ease-in-out\"><strong data-start=\"0\" data-end=\"14\" data-is-only-node=\"\">Nesatur<\/strong> : laktozi, glut\u0113nu, raugu, cukuru, s\u0101li, soju vai saldin\u0101t\u0101jus.<\/span> <span class=\"relative -mx-px my-[-0.2rem] rounded px-px py-[0.2rem] transition-colors duration-100 ease-in-out\">Piem\u0113rots veg\u0101niem un ve\u0123et\u0101rie\u0161iem.<\/span><\/p>\n<h2 data-start=\"1372\" data-end=\"1388\">Uzturv\u0113rt\u012bba<\/h2>\n<p class=\"\" data-start=\"1390\" data-end=\"1475\"><span class=\"relative -mx-px my-[-0.2rem] rounded px-px py-[0.2rem] transition-colors duration-100 ease-in-out\"><strong data-start=\"0\" data-end=\"37\" data-is-only-node=\"\">1 m\u0113rkarote (1 ml) satur<\/strong> :<\/span><\/p>\n<ul data-start=\"1477\" data-end=\"1564\">\n<li class=\"\" data-start=\"1477\" data-end=\"1564\">\n<p class=\"\" data-start=\"1479\" data-end=\"1564\"><span class=\"relative -mx-px my-[-0.2rem] rounded px-px py-[0.2rem] transition-colors duration-100 ease-in-out\">L-tean\u012bns: 200 mg<\/span><\/p>\n<\/li>\n<\/ul>\n<p>Iepakojum\u0101 ir 100 devas.<\/p>\n","protected":false},"excerpt":{"rendered":"<p class=\"p1\"><span class=\"s1\"><b>Pure+ L-tean\u012bns<\/b><\/span> ir dabiska aminosk\u0101be, kas ieg\u016bta no za\u013c\u0101s t\u0113jas un vienlaikus pal\u012bdz saglab\u0101t pr\u0101tu mier\u012bgu un skaidru. T\u0101 ir ide\u0101la izv\u0113le tiem, kas v\u0113las tikt gal\u0101 ar ikdienas gar\u012bgo stresu, atbalstot koncentr\u0113\u0161an\u0101s sp\u0113jas un iek\u0161\u0113jo l\u012bdzsvaru, neizraisot miegain\u012bbu vai nervozit\u0101ti. <\/p>\n<p class=\"p1\">Pulverveida forma nodro\u0161ina elast\u012bgu doz\u0113\u0161anu, un t\u012brais sast\u0101vs ir piem\u0113rots ar\u012b cilv\u0113kiem ar jut\u012bgu gremo\u0161anu un apzin\u0101tu dz\u012bvesveidu. Piem\u0113rots veg\u0101niem un ve\u0123et\u0101rie\u0161iem.<\/p>\n","protected":false},"featured_media":353529,"comment_status":"closed","ping_status":"closed","template":"","meta":{"_acf_changed":false},"product_brand":[],"product_cat":[3509,3067,3037],"product_tag":[6499],"class_list":{"0":"post-353527","1":"product","2":"type-product","3":"status-publish","4":"has-post-thumbnail","6":"product_cat-aminoskabes","7":"product_cat-ipasie-piedavajumi","8":"product_cat-stress-un-miegs","9":"product_tag-l-teanins","11":"first","12":"instock","13":"sale","14":"featured","15":"taxable","16":"shipping-taxable","17":"purchasable","18":"product-type-simple"},"acf":[],"yoast_head":"<!-- This site is optimized with the Yoast SEO plugin v27.1.1 - https:\/\/yoast.com\/product\/yoast-seo-wordpress\/ -->\n<title>L-tean\u012bns 40g - Puhdas+<\/title>\n<meta name=\"description\" content=\"L-tean\u012bns stresa, trauksmes un miega atbalstam. Pal\u012bdz atp\u016bsties un koncentr\u0113ties bez miegain\u012bbas. T\u012brs, bez piedev\u0101m un piem\u0113rots veg\u0101niem.\" \/>\n<meta name=\"robots\" content=\"noindex, follow, max-snippet:-1, max-image-preview:large, max-video-preview:-1\" \/>\n<meta property=\"og:locale\" content=\"lv_LV\" \/>\n<meta property=\"og:type\" content=\"article\" \/>\n<meta property=\"og:title\" content=\"L-tean\u012bns 40g - Puhdas+\" \/>\n<meta property=\"og:description\" content=\"L-tean\u012bns stresa, trauksmes un miega atbalstam. Pal\u012bdz atp\u016bsties un koncentr\u0113ties bez miegain\u012bbas. T\u012brs, bez piedev\u0101m un piem\u0113rots veg\u0101niem.\" \/>\n<meta property=\"og:url\" content=\"https:\/\/test.puhdasplus.ee\/lv\/tooted\/stress-un-miegs\/l-teanins-40g\/\" \/>\n<meta property=\"og:site_name\" content=\"Puhdas+\" \/>\n<meta property=\"article:publisher\" content=\"https:\/\/www.facebook.com\/puhdasplus\" \/>\n<meta property=\"article:modified_time\" content=\"2026-03-10T12:44:15+00:00\" \/>\n<meta property=\"og:image\" content=\"https:\/\/test.puhdasplus.ee\/wp-content\/uploads\/2025\/03\/189.jpg\" \/>\n\t<meta property=\"og:image:width\" content=\"1862\" \/>\n\t<meta property=\"og:image:height\" content=\"2560\" \/>\n\t<meta property=\"og:image:type\" content=\"image\/jpeg\" \/>\n<meta name=\"twitter:card\" content=\"summary_large_image\" \/>\n<meta name=\"twitter:label1\" content=\"Est. reading time\" \/>\n\t<meta name=\"twitter:data1\" content=\"2 min\u016btes\" \/>\n<script type=\"application\/ld+json\" class=\"yoast-schema-graph\">{\"@context\":\"https:\/\/schema.org\",\"@graph\":[{\"@type\":\"WebPage\",\"@id\":\"https:\/\/test.puhdasplus.ee\/lv\/tooted\/stress-un-miegs\/l-teanins-40g\/\",\"url\":\"https:\/\/test.puhdasplus.ee\/lv\/tooted\/stress-un-miegs\/l-teanins-40g\/\",\"name\":\"L-tean\u012bns 40g - Puhdas+\",\"isPartOf\":{\"@id\":\"https:\/\/test.puhdasplus.ee\/lv\/#website\"},\"primaryImageOfPage\":{\"@id\":\"https:\/\/test.puhdasplus.ee\/lv\/tooted\/stress-un-miegs\/l-teanins-40g\/#primaryimage\"},\"image\":{\"@id\":\"https:\/\/test.puhdasplus.ee\/lv\/tooted\/stress-un-miegs\/l-teanins-40g\/#primaryimage\"},\"thumbnailUrl\":\"https:\/\/test.puhdasplus.ee\/wp-content\/uploads\/2025\/03\/189.jpg\",\"datePublished\":\"2019-11-23T17:16:29+00:00\",\"dateModified\":\"2026-03-10T12:44:15+00:00\",\"description\":\"L-tean\u012bns stresa, trauksmes un miega atbalstam. Pal\u012bdz atp\u016bsties un koncentr\u0113ties bez miegain\u012bbas. T\u012brs, bez piedev\u0101m un piem\u0113rots veg\u0101niem.\",\"breadcrumb\":{\"@id\":\"https:\/\/test.puhdasplus.ee\/lv\/tooted\/stress-un-miegs\/l-teanins-40g\/#breadcrumb\"},\"inLanguage\":\"lv-LV\",\"potentialAction\":[{\"@type\":\"ReadAction\",\"target\":[\"https:\/\/test.puhdasplus.ee\/lv\/tooted\/stress-un-miegs\/l-teanins-40g\/\"]}]},{\"@type\":\"ImageObject\",\"inLanguage\":\"lv-LV\",\"@id\":\"https:\/\/test.puhdasplus.ee\/lv\/tooted\/stress-un-miegs\/l-teanins-40g\/#primaryimage\",\"url\":\"https:\/\/test.puhdasplus.ee\/wp-content\/uploads\/2025\/03\/189.jpg\",\"contentUrl\":\"https:\/\/test.puhdasplus.ee\/wp-content\/uploads\/2025\/03\/189.jpg\",\"width\":1862,\"height\":2560,\"caption\":\"l-tean\u012bns\"},{\"@type\":\"BreadcrumbList\",\"@id\":\"https:\/\/test.puhdasplus.ee\/lv\/tooted\/stress-un-miegs\/l-teanins-40g\/#breadcrumb\",\"itemListElement\":[{\"@type\":\"ListItem\",\"position\":1,\"name\":\"S\u0101kums\",\"item\":\"https:\/\/test.puhdasplus.ee\/lv\/\"},{\"@type\":\"ListItem\",\"position\":2,\"name\":\"Produkti\",\"item\":\"https:\/\/test.puhdasplus.ee\/lv\/veikals\/\"},{\"@type\":\"ListItem\",\"position\":3,\"name\":\"L-tean\u012bns 40g\"}]},{\"@type\":\"WebSite\",\"@id\":\"https:\/\/test.puhdasplus.ee\/lv\/#website\",\"url\":\"https:\/\/test.puhdasplus.ee\/lv\/\",\"name\":\"Puhdas+\",\"description\":\"Vitamiinid, Toidulisandid, looduskosmeetika, tervis, sport\",\"publisher\":{\"@id\":\"https:\/\/test.puhdasplus.ee\/lv\/#organization\"},\"potentialAction\":[{\"@type\":\"SearchAction\",\"target\":{\"@type\":\"EntryPoint\",\"urlTemplate\":\"https:\/\/test.puhdasplus.ee\/lv\/?s={search_term_string}\"},\"query-input\":{\"@type\":\"PropertyValueSpecification\",\"valueRequired\":true,\"valueName\":\"search_term_string\"}}],\"inLanguage\":\"lv-LV\"},{\"@type\":\"Organization\",\"@id\":\"https:\/\/test.puhdasplus.ee\/lv\/#organization\",\"name\":\"Puhdas+\",\"alternateName\":\"Puhdasplus\",\"url\":\"https:\/\/test.puhdasplus.ee\/lv\/\",\"logo\":{\"@type\":\"ImageObject\",\"inLanguage\":\"lv-LV\",\"@id\":\"https:\/\/test.puhdasplus.ee\/lv\/#\/schema\/logo\/image\/\",\"url\":\"https:\/\/test.puhdasplus.ee\/\/wp-content\/uploads\/2019\/10\/puhdas_logo-arvele.png\",\"contentUrl\":\"https:\/\/test.puhdasplus.ee\/\/wp-content\/uploads\/2019\/10\/puhdas_logo-arvele.png\",\"width\":114,\"height\":94,\"caption\":\"Puhdas+\"},\"image\":{\"@id\":\"https:\/\/test.puhdasplus.ee\/lv\/#\/schema\/logo\/image\/\"},\"sameAs\":[\"https:\/\/www.facebook.com\/puhdasplus\",\"https:\/\/www.instagram.com\/puhdasplus_ee\/\"]}]}<\/script>\n<!-- \/ Yoast SEO plugin. -->","yoast_head_json":{"title":"L-tean\u012bns 40g - Puhdas+","description":"L-tean\u012bns stresa, trauksmes un miega atbalstam. Pal\u012bdz atp\u016bsties un koncentr\u0113ties bez miegain\u012bbas. T\u012brs, bez piedev\u0101m un piem\u0113rots veg\u0101niem.","robots":{"index":"noindex","follow":"follow","max-snippet":"max-snippet:-1","max-image-preview":"max-image-preview:large","max-video-preview":"max-video-preview:-1"},"og_locale":"lv_LV","og_type":"article","og_title":"L-tean\u012bns 40g - Puhdas+","og_description":"L-tean\u012bns stresa, trauksmes un miega atbalstam. Pal\u012bdz atp\u016bsties un koncentr\u0113ties bez miegain\u012bbas. T\u012brs, bez piedev\u0101m un piem\u0113rots veg\u0101niem.","og_url":"https:\/\/test.puhdasplus.ee\/lv\/tooted\/stress-un-miegs\/l-teanins-40g\/","og_site_name":"Puhdas+","article_publisher":"https:\/\/www.facebook.com\/puhdasplus","article_modified_time":"2026-03-10T12:44:15+00:00","og_image":[{"width":1862,"height":2560,"url":"https:\/\/test.puhdasplus.ee\/wp-content\/uploads\/2025\/03\/189.jpg","type":"image\/jpeg"}],"twitter_card":"summary_large_image","twitter_misc":{"Est. reading time":"2 min\u016btes"},"schema":{"@context":"https:\/\/schema.org","@graph":[{"@type":"WebPage","@id":"https:\/\/test.puhdasplus.ee\/lv\/tooted\/stress-un-miegs\/l-teanins-40g\/","url":"https:\/\/test.puhdasplus.ee\/lv\/tooted\/stress-un-miegs\/l-teanins-40g\/","name":"L-tean\u012bns 40g - Puhdas+","isPartOf":{"@id":"https:\/\/test.puhdasplus.ee\/lv\/#website"},"primaryImageOfPage":{"@id":"https:\/\/test.puhdasplus.ee\/lv\/tooted\/stress-un-miegs\/l-teanins-40g\/#primaryimage"},"image":{"@id":"https:\/\/test.puhdasplus.ee\/lv\/tooted\/stress-un-miegs\/l-teanins-40g\/#primaryimage"},"thumbnailUrl":"https:\/\/test.puhdasplus.ee\/wp-content\/uploads\/2025\/03\/189.jpg","datePublished":"2019-11-23T17:16:29+00:00","dateModified":"2026-03-10T12:44:15+00:00","description":"L-tean\u012bns stresa, trauksmes un miega atbalstam. Pal\u012bdz atp\u016bsties un koncentr\u0113ties bez miegain\u012bbas. T\u012brs, bez piedev\u0101m un piem\u0113rots veg\u0101niem.","breadcrumb":{"@id":"https:\/\/test.puhdasplus.ee\/lv\/tooted\/stress-un-miegs\/l-teanins-40g\/#breadcrumb"},"inLanguage":"lv-LV","potentialAction":[{"@type":"ReadAction","target":["https:\/\/test.puhdasplus.ee\/lv\/tooted\/stress-un-miegs\/l-teanins-40g\/"]}]},{"@type":"ImageObject","inLanguage":"lv-LV","@id":"https:\/\/test.puhdasplus.ee\/lv\/tooted\/stress-un-miegs\/l-teanins-40g\/#primaryimage","url":"https:\/\/test.puhdasplus.ee\/wp-content\/uploads\/2025\/03\/189.jpg","contentUrl":"https:\/\/test.puhdasplus.ee\/wp-content\/uploads\/2025\/03\/189.jpg","width":1862,"height":2560,"caption":"l-tean\u012bns"},{"@type":"BreadcrumbList","@id":"https:\/\/test.puhdasplus.ee\/lv\/tooted\/stress-un-miegs\/l-teanins-40g\/#breadcrumb","itemListElement":[{"@type":"ListItem","position":1,"name":"S\u0101kums","item":"https:\/\/test.puhdasplus.ee\/lv\/"},{"@type":"ListItem","position":2,"name":"Produkti","item":"https:\/\/test.puhdasplus.ee\/lv\/veikals\/"},{"@type":"ListItem","position":3,"name":"L-tean\u012bns 40g"}]},{"@type":"WebSite","@id":"https:\/\/test.puhdasplus.ee\/lv\/#website","url":"https:\/\/test.puhdasplus.ee\/lv\/","name":"Puhdas+","description":"Vitamiinid, Toidulisandid, looduskosmeetika, tervis, sport","publisher":{"@id":"https:\/\/test.puhdasplus.ee\/lv\/#organization"},"potentialAction":[{"@type":"SearchAction","target":{"@type":"EntryPoint","urlTemplate":"https:\/\/test.puhdasplus.ee\/lv\/?s={search_term_string}"},"query-input":{"@type":"PropertyValueSpecification","valueRequired":true,"valueName":"search_term_string"}}],"inLanguage":"lv-LV"},{"@type":"Organization","@id":"https:\/\/test.puhdasplus.ee\/lv\/#organization","name":"Puhdas+","alternateName":"Puhdasplus","url":"https:\/\/test.puhdasplus.ee\/lv\/","logo":{"@type":"ImageObject","inLanguage":"lv-LV","@id":"https:\/\/test.puhdasplus.ee\/lv\/#\/schema\/logo\/image\/","url":"https:\/\/test.puhdasplus.ee\/\/wp-content\/uploads\/2019\/10\/puhdas_logo-arvele.png","contentUrl":"https:\/\/test.puhdasplus.ee\/\/wp-content\/uploads\/2019\/10\/puhdas_logo-arvele.png","width":114,"height":94,"caption":"Puhdas+"},"image":{"@id":"https:\/\/test.puhdasplus.ee\/lv\/#\/schema\/logo\/image\/"},"sameAs":["https:\/\/www.facebook.com\/puhdasplus","https:\/\/www.instagram.com\/puhdasplus_ee\/"]}]}},"_links":{"self":[{"href":"https:\/\/test.puhdasplus.ee\/lv\/wp-json\/wp\/v2\/product\/353527","targetHints":{"allow":["GET"]}}],"collection":[{"href":"https:\/\/test.puhdasplus.ee\/lv\/wp-json\/wp\/v2\/product"}],"about":[{"href":"https:\/\/test.puhdasplus.ee\/lv\/wp-json\/wp\/v2\/types\/product"}],"replies":[{"embeddable":true,"href":"https:\/\/test.puhdasplus.ee\/lv\/wp-json\/wp\/v2\/comments?post=353527"}],"wp:featuredmedia":[{"embeddable":true,"href":"https:\/\/test.puhdasplus.ee\/lv\/wp-json\/wp\/v2\/media\/353529"}],"wp:attachment":[{"href":"https:\/\/test.puhdasplus.ee\/lv\/wp-json\/wp\/v2\/media?parent=353527"}],"wp:term":[{"taxonomy":"product_brand","embeddable":true,"href":"https:\/\/test.puhdasplus.ee\/lv\/wp-json\/wp\/v2\/product_brand?post=353527"},{"taxonomy":"product_cat","embeddable":true,"href":"https:\/\/test.puhdasplus.ee\/lv\/wp-json\/wp\/v2\/product_cat?post=353527"},{"taxonomy":"product_tag","embeddable":true,"href":"https:\/\/test.puhdasplus.ee\/lv\/wp-json\/wp\/v2\/product_tag?post=353527"}],"curies":[{"name":"wp","href":"https:\/\/api.w.org\/{rel}","templated":true}]}}