{"id":353526,"date":"2019-11-23T17:50:17","date_gmt":"2019-11-23T15:50:17","guid":{"rendered":"https:\/\/test.puhdasplus.ee\/\/tooted\/uncategorized\/magnija-rullitis-sportiskajam-udenim-75-ml\/"},"modified":"2026-03-10T14:43:39","modified_gmt":"2026-03-10T12:43:39","slug":"magnija-rullitis-sportiskajam-udenim-75-ml","status":"publish","type":"product","link":"https:\/\/test.puhdasplus.ee\/lv\/tooted\/minerali\/magnijs\/magnija-rullitis-sportiskajam-udenim-75-ml\/","title":{"rendered":"Magnija rull\u012btis sportiskajam \u016bdenim 75 ml"},"content":{"rendered":"<h2 data-start=\"217\" data-end=\"260\">Kas ir Pure+ Magnesium Roll-on Sport?<\/h2>\n<p class=\"\" data-start=\"346\" data-end=\"677\">Pure+ Magnesium Roll-on Sport ir produkts \u0113rt\u0101 rull\u012b\u0161a iepakojum\u0101, kas paredz\u0113ts \u0101r\u012bgai lieto\u0161anai musku\u013cu un loc\u012btavu kop\u0161anai. Tas ir kop\u0161anas l\u012bdzeklis ar dab\u012bgu un \u0137ermenim draudz\u012bgu sast\u0101vu, kas satur magnija hlor\u012bdu, arnikas ekstraktu, mentolu, eikalipta e\u013c\u013cu un augu glikozam\u012bnu. <\/p>\n<p class=\"\" data-start=\"679\" data-end=\"1069\">Produkta m\u0113r\u0137is ir nodro\u0161in\u0101t \u0101tru un viegli lietojamu kop\u0161anu stresa skart\u0101m un noguru\u0161\u0101m zon\u0101m. T\u0101 k\u0101 tas tiek uzkl\u0101ts tie\u0161i uz \u0101das, uzkl\u0101\u0161ana ir prec\u012bza un lokaliz\u0113ta \u2013 tie\u0161i tur, kur nepiecie\u0161ams. <\/p>\n<p class=\"\" data-start=\"1071\" data-end=\"1463\">Rull\u012b\u0161u forma nodro\u0161ina prec\u012bzu un higi\u0113nisku uzkl\u0101\u0161anu \u2013 ide\u0101li piem\u0113rota lieto\u0161anai p\u0113c treni\u0146a, saspringtas muguras gad\u012bjum\u0101 pie biroja galda vai pa\u0146em\u0161anai l\u012bdzi ce\u013c\u0101. Mentols un eikalipts nodro\u0161ina vieglu atv\u0113sino\u0161u un atsvaidzino\u0161u saj\u016btu, kas var pal\u012bdz\u0113t atsl\u0101bin\u0101t musku\u013cus un \u0101du. Uzkl\u0101\u0161anas laik\u0101 var b\u016bt neliela tirp\u0161ana, kas ir norm\u0101la par\u0101d\u012bba, lietojot magniju, un parasti \u0101tri p\u0101riet.  <\/p>\n<h2 data-start=\"1635\" data-end=\"1688\">Kam piem\u0113rots Pure+ Magnesium Roll-on Sport?<\/h2>\n<ul data-start=\"1690\" data-end=\"2063\">\n<li class=\"\" data-start=\"1690\" data-end=\"1766\">\n<p class=\"\" data-start=\"1692\" data-end=\"1766\"><strong data-start=\"1692\" data-end=\"1718\">Saspringtu un noguru\u0161u zonu kop\u0161anai<\/strong> p\u0113c sporta, fiziskas slodzes vai garas dienas beig\u0101s<\/p>\n<\/li>\n<li class=\"\" data-start=\"1767\" data-end=\"1850\">\n<p class=\"\" data-start=\"1769\" data-end=\"1850\"><strong data-start=\"1769\" data-end=\"1802\">Lokaliz\u0113ts t\u0101d\u0101s viet\u0101s<\/strong> k\u0101 kakls, mugura, muguras lejasda\u013ca, ce\u013cgali, ikri<\/p>\n<\/li>\n<li class=\"\" data-start=\"1851\" data-end=\"1929\">\n<p class=\"\" data-start=\"1853\" data-end=\"1929\"><strong data-start=\"1853\" data-end=\"1887\">Sportistiem un entuziastiem<\/strong> lieto\u0161anai p\u0113c treni\u0146a<\/p>\n<\/li>\n<li class=\"\" data-start=\"1930\" data-end=\"1990\">\n<p class=\"\" data-start=\"1932\" data-end=\"1990\"><strong data-start=\"1932\" data-end=\"1988\">Cilv\u0113kiem, kuri str\u0101d\u0101 mazkust\u012bgu vai fiziski smagu darbu<\/strong><\/p>\n<\/li>\n<li class=\"\" data-start=\"1991\" data-end=\"2063\">\n<h4 data-start=\"1993\" data-end=\"2063\">Ikdienas kop\u0161anai, kad v\u0113laties atsvaidzino\u0161u un relaks\u0113jo\u0161u saj\u016btu<\/h4>\n<\/li>\n<\/ul>\n<h2 data-start=\"388\" data-end=\"410\">Kam tas ir piem\u0113rots?<\/h2>\n<p class=\"\" data-start=\"412\" data-end=\"531\">Produkts ir piem\u0113rots pieaugu\u0161ajiem, kuri v\u0113las r\u016bp\u0113ties par saviem musku\u013ciem un loc\u012btav\u0101m. Tas ir \u012bpa\u0161i piem\u0113rots regul\u0101r\u0101m fizisk\u0101m aktivit\u0101t\u0113m vai musku\u013cu sasprindzin\u0101juma gad\u012bjum\u0101. Produkts nesatur m\u0101ksl\u012bgas kr\u0101svielas, smar\u017evielas vai konservantus, un tas ir piem\u0113rots ar\u012b cilv\u0113kiem ar jut\u012bg\u0101ku \u0101du. To var lietot katru dienu vai p\u0113c nepiecie\u0161am\u012bbas.   <\/p>\n<h2 data-start=\"538\" data-end=\"558\">K\u0101 lietot?<\/h2>\n<ul data-start=\"2585\" data-end=\"2812\">\n<li class=\"\" data-start=\"2585\" data-end=\"2659\">\n<p class=\"\" data-start=\"2587\" data-end=\"2659\">Uzkl\u0101t tie\u0161i uz t\u012bras \u0101das v\u0113lamaj\u0101 zon\u0101 (musku\u013ci, loc\u012btavas, mugura utt.)<\/p>\n<\/li>\n<li class=\"\" data-start=\"2660\" data-end=\"2709\">\n<p class=\"\" data-start=\"2662\" data-end=\"2709\">Ja nepiecie\u0161ams, atk\u0101rtojiet uzkl\u0101\u0161anu 1-2 reizes dien\u0101.<\/p>\n<\/li>\n<li class=\"\" data-start=\"2710\" data-end=\"2736\">\n<p class=\"\" data-start=\"2712\" data-end=\"2736\">Skalo\u0161ana nav nepiecie\u0161ama<\/p>\n<\/li>\n<li class=\"\" data-start=\"2737\" data-end=\"2766\">\n<p class=\"\" data-start=\"2739\" data-end=\"2766\">Pirms lieto\u0161anas sakrat\u012bt.<\/p>\n<\/li>\n<li class=\"\" data-start=\"2767\" data-end=\"2812\">\n<p class=\"\" data-start=\"2769\" data-end=\"2812\">Izvair\u012bties no saskares ar ac\u012bm un g\u013cot\u0101d\u0101m.<\/p>\n<\/li>\n<\/ul>\n<h2 data-start=\"810\" data-end=\"825\">Sast\u0101vda\u013cas<\/h2>\n<p class=\"\" data-start=\"827\" data-end=\"912\">\u016adens, magnija hlor\u012bds, polisorb\u0101ts 20, piparm\u0113tras lapu e\u013c\u013ca, hidroksietilceluloze, mentols, eikalipta lapu e\u013c\u013ca, glikozam\u012bna hidrohlor\u012bds, limon\u0113ns, linalols, arnikas ziedu ekstrakts, glicer\u012bns, k\u0101lija sorb\u0101ts, n\u0101trija benzo\u0101ts.<\/p>\n<p class=\"\" data-start=\"2108\" data-end=\"2123\">Iek\u013cauts produkt\u0101<\/p>\n<ul data-start=\"2124\" data-end=\"2456\">\n<li class=\"\" data-start=\"2124\" data-end=\"2223\">\n<p class=\"\" data-start=\"2126\" data-end=\"2223\"><strong data-start=\"2126\" data-end=\"2147\">Magnija hlor\u012bds<\/strong> \u2013 svar\u012bgs organisma miner\u0101ls, kas veicina norm\u0101lu musku\u013cu darb\u012bbu<\/p>\n<\/li>\n<li class=\"\" data-start=\"2224\" data-end=\"2312\">\n<p class=\"\" data-start=\"2226\" data-end=\"2312\"><strong data-start=\"2226\" data-end=\"2244\">Arnikas ekstrakts<\/strong> \u2013 augs, ko tradicion\u0101li lieto musku\u013cu un loc\u012btavu atbalstam<\/p>\n<\/li>\n<li class=\"\" data-start=\"2313\" data-end=\"2385\">\n<p class=\"\" data-start=\"2315\" data-end=\"2385\"><strong data-start=\"2315\" data-end=\"2342\">Mentols un eikalipta e\u013c\u013ca<\/strong> \u2013 nodro\u0161ina v\u0113sino\u0161u un atsvaidzino\u0161u efektu<\/p>\n<\/li>\n<li class=\"\" data-start=\"2386\" data-end=\"2456\">\n<p class=\"\" data-start=\"2388\" data-end=\"2456\"><strong data-start=\"2388\" data-end=\"2404\">Glikozam\u012bns<\/strong> \u2013 paz\u012bstams k\u0101 sast\u0101vda\u013ca loc\u012btav\u0101m paredz\u0113tos produktos<\/p>\n<\/li>\n<\/ul>\n","protected":false},"excerpt":{"rendered":"<h3 data-start=\"364\" data-end=\"401\">Pure+ Magnesium rull\u012btis sportiem<\/h3>\n<p data-start=\"403\" data-end=\"849\">Pure+ Magnesium Roll-on Sport ir dab\u012bgs un \u0113rts kop\u0161anas l\u012bdzeklis, kas sniedz atsvaidzino\u0161u un relaks\u0113jo\u0161u saj\u016btu \u0101dai p\u0113c slodzes vai garas dienas beig\u0101s. Tas satur magnija hlor\u012bdu, arnikas ekstraktu, mentolu un eikalipta e\u013c\u013cu \u2013 sast\u0101vda\u013cas, kas paz\u012bstamas ar savu atv\u0113sino\u0161o un relaks\u0113jo\u0161o iedarb\u012bbu. Rull\u012b\u0161u forma \u013cauj viegli uzkl\u0101t l\u012bdzekli uz saspringt\u0101m vai noguru\u0161\u0101m viet\u0101m, piem\u0113ram, muguras, muguras, k\u0101j\u0101m vai pleciem, nesasm\u0113r\u0113jot rokas.  <\/p>\n<p data-start=\"851\" data-end=\"1232\">Produkts ir labi piem\u0113rots sportistiem, biroja darbiniekiem un tiem, kas daudz st\u0101v vai kustas un j\u016btas saspringti vai st\u012bvi. Dab\u012bgais sast\u0101vs noz\u012bm\u0113, ka tas ir piem\u0113rots ar\u012b lietot\u0101jiem ar jut\u012bg\u0101ku \u0101du \u2013 bez m\u0101ksl\u012bg\u0101m smar\u017eviel\u0101m, kr\u0101sviel\u0101m vai konservantiem. Produktu var lietot katru dienu, pirms vai p\u0113c treni\u0146a, ce\u013cojuma laik\u0101 vai vienk\u0101r\u0161i labsaj\u016btas uzlabo\u0161anai.  <\/p>\n<p data-start=\"1234\" data-end=\"1261\"><strong data-start=\"1234\" data-end=\"1259\">Galven\u0101s sast\u0101vda\u013cas:<\/strong><\/p>\n<ul data-start=\"1262\" data-end=\"1535\">\n<li data-start=\"1262\" data-end=\"1323\">\n<p data-start=\"1264\" data-end=\"1323\"><strong data-start=\"1264\" data-end=\"1285\">Magnija hlor\u012bds<\/strong> \u2013 baro \u0101du saspringt\u0101s viet\u0101s<\/p>\n<\/li>\n<li data-start=\"1324\" data-end=\"1395\">\n<p data-start=\"1326\" data-end=\"1395\"><strong data-start=\"1326\" data-end=\"1344\">Arnikas ekstrakts<\/strong> \u2013 paz\u012bstams ar savu nomierino\u0161o un kopjo\u0161o iedarb\u012bbu<\/p>\n<\/li>\n<li data-start=\"1396\" data-end=\"1467\">\n<p data-start=\"1398\" data-end=\"1467\"><strong data-start=\"1398\" data-end=\"1425\">Mentols un eikalipta e\u013c\u013ca<\/strong> \u2013 sniedz v\u0113suma un atsvaidzino\u0161as saj\u016btas<\/p>\n<\/li>\n<li data-start=\"1468\" data-end=\"1535\">\n<p data-start=\"1470\" data-end=\"1535\"><strong data-start=\"1470\" data-end=\"1486\">Glikozam\u012bns<\/strong> \u2013 pievienots \u0101das un loc\u012btavu kop\u0161anai<\/p>\n<\/li>\n<\/ul>\n","protected":false},"featured_media":353533,"comment_status":"closed","ping_status":"closed","template":"","meta":{"_acf_changed":false},"product_brand":[],"product_cat":[3067,3280,3038],"product_tag":[6794,6795,6797,3203,3225,6796],"class_list":{"0":"post-353526","1":"product","2":"type-product","3":"status-publish","4":"has-post-thumbnail","6":"product_cat-ipasie-piedavajumi","7":"product_cat-magnijs","8":"product_cat-sports-lv","9":"product_tag-glikozamins-lv","10":"product_tag-locitavas","11":"product_tag-magnija-veltnis","12":"product_tag-magnijs","13":"product_tag-muskuli-un-locitavas","14":"product_tag-muskulu-sasprindzinajums","16":"first","17":"instock","18":"sale","19":"featured","20":"taxable","21":"shipping-taxable","22":"purchasable","23":"product-type-simple"},"acf":[],"yoast_head":"<!-- This site is optimized with the Yoast SEO plugin v27.1.1 - https:\/\/yoast.com\/product\/yoast-seo-wordpress\/ -->\n<title>Magnija rull\u012btis sportiskajam \u016bdenim 75 ml - Puhdas+<\/title>\n<meta name=\"description\" content=\"Dab\u012bgs magnija rull\u012btis musku\u013ciem un loc\u012btav\u0101m. Atv\u0113sino\u0161s un relaks\u0113jo\u0161s rull\u012btis sportam, atvese\u013co\u0161anai vai ikdienas lieto\u0161anai.\" \/>\n<meta name=\"robots\" content=\"noindex, follow, max-snippet:-1, max-image-preview:large, max-video-preview:-1\" \/>\n<meta property=\"og:locale\" content=\"lv_LV\" \/>\n<meta property=\"og:type\" content=\"article\" \/>\n<meta property=\"og:title\" content=\"Magnija rull\u012btis sportiskajam \u016bdenim 75 ml - Puhdas+\" \/>\n<meta property=\"og:description\" content=\"Dab\u012bgs magnija rull\u012btis musku\u013ciem un loc\u012btav\u0101m. Atv\u0113sino\u0161s un relaks\u0113jo\u0161s rull\u012btis sportam, atvese\u013co\u0161anai vai ikdienas lieto\u0161anai.\" \/>\n<meta property=\"og:url\" content=\"https:\/\/test.puhdasplus.ee\/lv\/tooted\/minerali\/magnijs\/magnija-rullitis-sportiskajam-udenim-75-ml\/\" \/>\n<meta property=\"og:site_name\" content=\"Puhdas+\" \/>\n<meta property=\"article:publisher\" content=\"https:\/\/www.facebook.com\/puhdasplus\" \/>\n<meta property=\"article:modified_time\" content=\"2026-03-10T12:43:39+00:00\" \/>\n<meta property=\"og:image\" content=\"https:\/\/test.puhdasplus.ee\/wp-content\/uploads\/2025\/03\/2-5.jpg\" \/>\n\t<meta property=\"og:image:width\" content=\"1862\" \/>\n\t<meta property=\"og:image:height\" content=\"2560\" \/>\n\t<meta property=\"og:image:type\" content=\"image\/jpeg\" \/>\n<meta name=\"twitter:card\" content=\"summary_large_image\" \/>\n<meta name=\"twitter:label1\" content=\"Est. reading time\" \/>\n\t<meta name=\"twitter:data1\" content=\"2 min\u016btes\" \/>\n<script type=\"application\/ld+json\" class=\"yoast-schema-graph\">{\"@context\":\"https:\/\/schema.org\",\"@graph\":[{\"@type\":\"WebPage\",\"@id\":\"https:\/\/test.puhdasplus.ee\/lv\/tooted\/minerali\/magnijs\/magnija-rullitis-sportiskajam-udenim-75-ml\/\",\"url\":\"https:\/\/test.puhdasplus.ee\/lv\/tooted\/minerali\/magnijs\/magnija-rullitis-sportiskajam-udenim-75-ml\/\",\"name\":\"Magnija rull\u012btis sportiskajam \u016bdenim 75 ml - Puhdas+\",\"isPartOf\":{\"@id\":\"https:\/\/test.puhdasplus.ee\/lv\/#website\"},\"primaryImageOfPage\":{\"@id\":\"https:\/\/test.puhdasplus.ee\/lv\/tooted\/minerali\/magnijs\/magnija-rullitis-sportiskajam-udenim-75-ml\/#primaryimage\"},\"image\":{\"@id\":\"https:\/\/test.puhdasplus.ee\/lv\/tooted\/minerali\/magnijs\/magnija-rullitis-sportiskajam-udenim-75-ml\/#primaryimage\"},\"thumbnailUrl\":\"https:\/\/test.puhdasplus.ee\/wp-content\/uploads\/2025\/03\/2-5.jpg\",\"datePublished\":\"2019-11-23T15:50:17+00:00\",\"dateModified\":\"2026-03-10T12:43:39+00:00\",\"description\":\"Dab\u012bgs magnija rull\u012btis musku\u013ciem un loc\u012btav\u0101m. Atv\u0113sino\u0161s un relaks\u0113jo\u0161s rull\u012btis sportam, atvese\u013co\u0161anai vai ikdienas lieto\u0161anai.\",\"breadcrumb\":{\"@id\":\"https:\/\/test.puhdasplus.ee\/lv\/tooted\/minerali\/magnijs\/magnija-rullitis-sportiskajam-udenim-75-ml\/#breadcrumb\"},\"inLanguage\":\"lv-LV\",\"potentialAction\":[{\"@type\":\"ReadAction\",\"target\":[\"https:\/\/test.puhdasplus.ee\/lv\/tooted\/minerali\/magnijs\/magnija-rullitis-sportiskajam-udenim-75-ml\/\"]}]},{\"@type\":\"ImageObject\",\"inLanguage\":\"lv-LV\",\"@id\":\"https:\/\/test.puhdasplus.ee\/lv\/tooted\/minerali\/magnijs\/magnija-rullitis-sportiskajam-udenim-75-ml\/#primaryimage\",\"url\":\"https:\/\/test.puhdasplus.ee\/wp-content\/uploads\/2025\/03\/2-5.jpg\",\"contentUrl\":\"https:\/\/test.puhdasplus.ee\/wp-content\/uploads\/2025\/03\/2-5.jpg\",\"width\":1862,\"height\":2560,\"caption\":\"Magnija rull\u012btis\"},{\"@type\":\"BreadcrumbList\",\"@id\":\"https:\/\/test.puhdasplus.ee\/lv\/tooted\/minerali\/magnijs\/magnija-rullitis-sportiskajam-udenim-75-ml\/#breadcrumb\",\"itemListElement\":[{\"@type\":\"ListItem\",\"position\":1,\"name\":\"S\u0101kums\",\"item\":\"https:\/\/test.puhdasplus.ee\/lv\/\"},{\"@type\":\"ListItem\",\"position\":2,\"name\":\"Produkti\",\"item\":\"https:\/\/test.puhdasplus.ee\/lv\/veikals\/\"},{\"@type\":\"ListItem\",\"position\":3,\"name\":\"Magnija rull\u012btis sportiskajam \u016bdenim 75 ml\"}]},{\"@type\":\"WebSite\",\"@id\":\"https:\/\/test.puhdasplus.ee\/lv\/#website\",\"url\":\"https:\/\/test.puhdasplus.ee\/lv\/\",\"name\":\"Puhdas+\",\"description\":\"Vitamiinid, Toidulisandid, looduskosmeetika, tervis, sport\",\"publisher\":{\"@id\":\"https:\/\/test.puhdasplus.ee\/lv\/#organization\"},\"potentialAction\":[{\"@type\":\"SearchAction\",\"target\":{\"@type\":\"EntryPoint\",\"urlTemplate\":\"https:\/\/test.puhdasplus.ee\/lv\/?s={search_term_string}\"},\"query-input\":{\"@type\":\"PropertyValueSpecification\",\"valueRequired\":true,\"valueName\":\"search_term_string\"}}],\"inLanguage\":\"lv-LV\"},{\"@type\":\"Organization\",\"@id\":\"https:\/\/test.puhdasplus.ee\/lv\/#organization\",\"name\":\"Puhdas+\",\"alternateName\":\"Puhdasplus\",\"url\":\"https:\/\/test.puhdasplus.ee\/lv\/\",\"logo\":{\"@type\":\"ImageObject\",\"inLanguage\":\"lv-LV\",\"@id\":\"https:\/\/test.puhdasplus.ee\/lv\/#\/schema\/logo\/image\/\",\"url\":\"https:\/\/test.puhdasplus.ee\/\/wp-content\/uploads\/2019\/10\/puhdas_logo-arvele.png\",\"contentUrl\":\"https:\/\/test.puhdasplus.ee\/\/wp-content\/uploads\/2019\/10\/puhdas_logo-arvele.png\",\"width\":114,\"height\":94,\"caption\":\"Puhdas+\"},\"image\":{\"@id\":\"https:\/\/test.puhdasplus.ee\/lv\/#\/schema\/logo\/image\/\"},\"sameAs\":[\"https:\/\/www.facebook.com\/puhdasplus\",\"https:\/\/www.instagram.com\/puhdasplus_ee\/\"]}]}<\/script>\n<!-- \/ Yoast SEO plugin. -->","yoast_head_json":{"title":"Magnija rull\u012btis sportiskajam \u016bdenim 75 ml - Puhdas+","description":"Dab\u012bgs magnija rull\u012btis musku\u013ciem un loc\u012btav\u0101m. Atv\u0113sino\u0161s un relaks\u0113jo\u0161s rull\u012btis sportam, atvese\u013co\u0161anai vai ikdienas lieto\u0161anai.","robots":{"index":"noindex","follow":"follow","max-snippet":"max-snippet:-1","max-image-preview":"max-image-preview:large","max-video-preview":"max-video-preview:-1"},"og_locale":"lv_LV","og_type":"article","og_title":"Magnija rull\u012btis sportiskajam \u016bdenim 75 ml - Puhdas+","og_description":"Dab\u012bgs magnija rull\u012btis musku\u013ciem un loc\u012btav\u0101m. Atv\u0113sino\u0161s un relaks\u0113jo\u0161s rull\u012btis sportam, atvese\u013co\u0161anai vai ikdienas lieto\u0161anai.","og_url":"https:\/\/test.puhdasplus.ee\/lv\/tooted\/minerali\/magnijs\/magnija-rullitis-sportiskajam-udenim-75-ml\/","og_site_name":"Puhdas+","article_publisher":"https:\/\/www.facebook.com\/puhdasplus","article_modified_time":"2026-03-10T12:43:39+00:00","og_image":[{"width":1862,"height":2560,"url":"https:\/\/test.puhdasplus.ee\/wp-content\/uploads\/2025\/03\/2-5.jpg","type":"image\/jpeg"}],"twitter_card":"summary_large_image","twitter_misc":{"Est. reading time":"2 min\u016btes"},"schema":{"@context":"https:\/\/schema.org","@graph":[{"@type":"WebPage","@id":"https:\/\/test.puhdasplus.ee\/lv\/tooted\/minerali\/magnijs\/magnija-rullitis-sportiskajam-udenim-75-ml\/","url":"https:\/\/test.puhdasplus.ee\/lv\/tooted\/minerali\/magnijs\/magnija-rullitis-sportiskajam-udenim-75-ml\/","name":"Magnija rull\u012btis sportiskajam \u016bdenim 75 ml - Puhdas+","isPartOf":{"@id":"https:\/\/test.puhdasplus.ee\/lv\/#website"},"primaryImageOfPage":{"@id":"https:\/\/test.puhdasplus.ee\/lv\/tooted\/minerali\/magnijs\/magnija-rullitis-sportiskajam-udenim-75-ml\/#primaryimage"},"image":{"@id":"https:\/\/test.puhdasplus.ee\/lv\/tooted\/minerali\/magnijs\/magnija-rullitis-sportiskajam-udenim-75-ml\/#primaryimage"},"thumbnailUrl":"https:\/\/test.puhdasplus.ee\/wp-content\/uploads\/2025\/03\/2-5.jpg","datePublished":"2019-11-23T15:50:17+00:00","dateModified":"2026-03-10T12:43:39+00:00","description":"Dab\u012bgs magnija rull\u012btis musku\u013ciem un loc\u012btav\u0101m. Atv\u0113sino\u0161s un relaks\u0113jo\u0161s rull\u012btis sportam, atvese\u013co\u0161anai vai ikdienas lieto\u0161anai.","breadcrumb":{"@id":"https:\/\/test.puhdasplus.ee\/lv\/tooted\/minerali\/magnijs\/magnija-rullitis-sportiskajam-udenim-75-ml\/#breadcrumb"},"inLanguage":"lv-LV","potentialAction":[{"@type":"ReadAction","target":["https:\/\/test.puhdasplus.ee\/lv\/tooted\/minerali\/magnijs\/magnija-rullitis-sportiskajam-udenim-75-ml\/"]}]},{"@type":"ImageObject","inLanguage":"lv-LV","@id":"https:\/\/test.puhdasplus.ee\/lv\/tooted\/minerali\/magnijs\/magnija-rullitis-sportiskajam-udenim-75-ml\/#primaryimage","url":"https:\/\/test.puhdasplus.ee\/wp-content\/uploads\/2025\/03\/2-5.jpg","contentUrl":"https:\/\/test.puhdasplus.ee\/wp-content\/uploads\/2025\/03\/2-5.jpg","width":1862,"height":2560,"caption":"Magnija rull\u012btis"},{"@type":"BreadcrumbList","@id":"https:\/\/test.puhdasplus.ee\/lv\/tooted\/minerali\/magnijs\/magnija-rullitis-sportiskajam-udenim-75-ml\/#breadcrumb","itemListElement":[{"@type":"ListItem","position":1,"name":"S\u0101kums","item":"https:\/\/test.puhdasplus.ee\/lv\/"},{"@type":"ListItem","position":2,"name":"Produkti","item":"https:\/\/test.puhdasplus.ee\/lv\/veikals\/"},{"@type":"ListItem","position":3,"name":"Magnija rull\u012btis sportiskajam \u016bdenim 75 ml"}]},{"@type":"WebSite","@id":"https:\/\/test.puhdasplus.ee\/lv\/#website","url":"https:\/\/test.puhdasplus.ee\/lv\/","name":"Puhdas+","description":"Vitamiinid, Toidulisandid, looduskosmeetika, tervis, sport","publisher":{"@id":"https:\/\/test.puhdasplus.ee\/lv\/#organization"},"potentialAction":[{"@type":"SearchAction","target":{"@type":"EntryPoint","urlTemplate":"https:\/\/test.puhdasplus.ee\/lv\/?s={search_term_string}"},"query-input":{"@type":"PropertyValueSpecification","valueRequired":true,"valueName":"search_term_string"}}],"inLanguage":"lv-LV"},{"@type":"Organization","@id":"https:\/\/test.puhdasplus.ee\/lv\/#organization","name":"Puhdas+","alternateName":"Puhdasplus","url":"https:\/\/test.puhdasplus.ee\/lv\/","logo":{"@type":"ImageObject","inLanguage":"lv-LV","@id":"https:\/\/test.puhdasplus.ee\/lv\/#\/schema\/logo\/image\/","url":"https:\/\/test.puhdasplus.ee\/\/wp-content\/uploads\/2019\/10\/puhdas_logo-arvele.png","contentUrl":"https:\/\/test.puhdasplus.ee\/\/wp-content\/uploads\/2019\/10\/puhdas_logo-arvele.png","width":114,"height":94,"caption":"Puhdas+"},"image":{"@id":"https:\/\/test.puhdasplus.ee\/lv\/#\/schema\/logo\/image\/"},"sameAs":["https:\/\/www.facebook.com\/puhdasplus","https:\/\/www.instagram.com\/puhdasplus_ee\/"]}]}},"_links":{"self":[{"href":"https:\/\/test.puhdasplus.ee\/lv\/wp-json\/wp\/v2\/product\/353526","targetHints":{"allow":["GET"]}}],"collection":[{"href":"https:\/\/test.puhdasplus.ee\/lv\/wp-json\/wp\/v2\/product"}],"about":[{"href":"https:\/\/test.puhdasplus.ee\/lv\/wp-json\/wp\/v2\/types\/product"}],"replies":[{"embeddable":true,"href":"https:\/\/test.puhdasplus.ee\/lv\/wp-json\/wp\/v2\/comments?post=353526"}],"wp:featuredmedia":[{"embeddable":true,"href":"https:\/\/test.puhdasplus.ee\/lv\/wp-json\/wp\/v2\/media\/353533"}],"wp:attachment":[{"href":"https:\/\/test.puhdasplus.ee\/lv\/wp-json\/wp\/v2\/media?parent=353526"}],"wp:term":[{"taxonomy":"product_brand","embeddable":true,"href":"https:\/\/test.puhdasplus.ee\/lv\/wp-json\/wp\/v2\/product_brand?post=353526"},{"taxonomy":"product_cat","embeddable":true,"href":"https:\/\/test.puhdasplus.ee\/lv\/wp-json\/wp\/v2\/product_cat?post=353526"},{"taxonomy":"product_tag","embeddable":true,"href":"https:\/\/test.puhdasplus.ee\/lv\/wp-json\/wp\/v2\/product_tag?post=353526"}],"curies":[{"name":"wp","href":"https:\/\/api.w.org\/{rel}","templated":true}]}}