{"id":353494,"date":"2019-10-22T11:35:54","date_gmt":"2019-10-22T08:35:54","guid":{"rendered":"https:\/\/test.puhdasplus.ee\/\/tooted\/uncategorized\/lavandas-eteriska-ella\/"},"modified":"2026-03-10T14:43:55","modified_gmt":"2026-03-10T12:43:55","slug":"lavandas-eteriska-ella","status":"publish","type":"product","link":"https:\/\/test.puhdasplus.ee\/lv\/tooted\/eteriskas-ellas\/lavandas-eteriska-ella\/","title":{"rendered":"Lavandas \u0113terisk\u0101 e\u013c\u013ca"},"content":{"rendered":"<h3>  Dabisks miers un l\u012bdzsvars<\/h3>\n<p>Lavandas \u0113terisk\u0101 e\u013c\u013ca ir 100% t\u012bra dab\u012bga e\u013c\u013ca, kas ieg\u016bta no lavandas auga (Lavandula angustifolia) ziediem. T\u0101s nomierino\u0161ais un l\u012bdzsvarojo\u0161ais arom\u0101ts pal\u012bdz mazin\u0101t stresu, veicina relaks\u0101ciju un uzlabo miega kvalit\u0101ti. <\/p>\n<p data-start=\"491\" data-end=\"964\">Lavandas \u0113terisk\u0101 e\u013c\u013ca tiek ieg\u016bta no r\u016bp\u012bgi atlas\u012btiem lavandas ziediem, nodro\u0161inot augstu kvalit\u0101ti un efektivit\u0101ti. \u0160\u012bs e\u013c\u013cas svaigais un ziedu arom\u0101ts pal\u012bdz mazin\u0101t stresu, veicina relaks\u0101ciju un uzlabo miega kvalit\u0101ti. Lavandas \u0113terisk\u0101 e\u013c\u013ca ir paz\u012bstama ar sav\u0101m antiseptiskaj\u0101m un pretiekaisuma \u012bpa\u0161\u012bb\u0101m, kas veicina \u0101das atjauno\u0161anos un labsaj\u016btu. E\u013c\u013cu var izmantot aromlamp\u0101s, difuzoros, saun\u0101 vai at\u0161\u0137aid\u012btu k\u0101 mas\u0101\u017eas e\u013c\u013cu.   <\/p>\n<p data-start=\"966\" data-end=\"987\"><strong data-start=\"966\" data-end=\"987\">Galven\u0101s priek\u0161roc\u012bbas:<\/strong><\/p>\n<ul data-start=\"988\" data-end=\"1425\">\n<li data-start=\"988\" data-end=\"1072\"><strong data-start=\"990\" data-end=\"1009\">Nomierino\u0161s arom\u0101ts:<\/strong> Pal\u012bdz mazin\u0101t stresu un trauksmi, veicinot relaks\u0101ciju.<\/li>\n<li data-start=\"1073\" data-end=\"1147\"><strong data-start=\"1075\" data-end=\"1106\">Miega kvalit\u0101tes uzlabo\u0161ana:<\/strong> Veicina mier\u012bgu miegu un pal\u012bdz aizmigt.<\/li>\n<li data-start=\"1148\" data-end=\"1228\"><strong data-start=\"1150\" data-end=\"1178\">Antiseptiskas \u012bpa\u0161\u012bbas:<\/strong> atbalsta \u0101das vesel\u012bbu un veicina br\u016b\u010du dz\u012b\u0161anu.<\/li>\n<li data-start=\"1229\" data-end=\"1339\"><strong data-start=\"1231\" data-end=\"1255\">Daudzpus\u012bgs lietojums:<\/strong> piem\u0113rots aromterapijai, mas\u0101\u017eai, saunas lieto\u0161anai un m\u0101jas gaisa atsvaidzin\u0101t\u0101jam.<\/li>\n<li data-start=\"1340\" data-end=\"1425\"><strong data-start=\"1342\" data-end=\"1370\">100% t\u012brs un dab\u012bgs:<\/strong> nesatur sint\u0113tiskas piedevas vai konservantus.<\/li>\n<\/ul>\n<p data-start=\"1427\" data-end=\"1478\"><strong data-start=\"1427\" data-end=\"1443\">Sast\u0101vs:<\/strong> Lavandula Angustifolia ziedu e\u013c\u013ca.<\/p>\n<p data-start=\"1480\" data-end=\"1500\"><strong data-start=\"1480\" data-end=\"1500\">Lieto\u0161anas instrukcija:<\/strong><\/p>\n<ul data-start=\"1501\" data-end=\"2019\">\n<li data-start=\"1501\" data-end=\"1623\"><strong data-start=\"1503\" data-end=\"1522\">Aromterapija:<\/strong> Pievienojiet 3\u20137 pilienus \u0113terisk\u0101s e\u013c\u013cas aromlampai vai difuzoram, lai rad\u012btu nomierino\u0161u un relaks\u0113jo\u0161u atmosf\u0113ru.<\/li>\n<li data-start=\"1624\" data-end=\"1788\"><strong data-start=\"1626\" data-end=\"1638\">Mas\u0101\u017ea:<\/strong> At\u0161\u0137aidiet 1-2 pilienus \u0113terisk\u0101s e\u013c\u013cas 10 ml b\u0101zes e\u013c\u013cas (piem\u0113ram, mande\u013cu vai jojobas e\u013c\u013cas) un iemas\u0113jiet \u0101d\u0101, lai mazin\u0101tu sasprindzin\u0101jumu un veicin\u0101tu relaks\u0101ciju.<\/li>\n<li data-start=\"1789\" data-end=\"1886\"><strong data-start=\"1791\" data-end=\"1800\">Pirts:<\/strong> Pievienojiet tvaika \u016bdenim 1\u20133 pilienus \u0113terisk\u0101s e\u013c\u013cas, lai rad\u012btu pat\u012bkamu un nomierino\u0161u pirts pieredzi.<\/li>\n<li data-start=\"1887\" data-end=\"2019\"><strong data-start=\"1889\" data-end=\"1898\">Vanna:<\/strong> Sajauciet 3-5 pilienus \u0113terisk\u0101s e\u013c\u013cas ar medu vai \u0161\u0137idraj\u0101m ziep\u0113m un pievienojiet vannas \u016bdenim, lai baud\u012btu relaks\u0113jo\u0161u un nomierino\u0161u vannu.<\/li>\n<\/ul>\n<p data-start=\"2021\" data-end=\"2328\"><strong data-start=\"2021\" data-end=\"2039\">Dro\u0161\u012bbas nor\u0101d\u012bjumi:<\/strong> Tikai \u0101r\u012bgai lieto\u0161anai. Neuzkl\u0101jiet neat\u0161\u0137aid\u012btu e\u013c\u013cu tie\u0161i uz \u0101das. Izvairieties no saskares ar ac\u012bm un g\u013cot\u0101d\u0101m.   Sarg\u0101t no b\u0113rniem. Gr\u016btniec\u0113m, sieviet\u0113m, kas baro b\u0113rnu ar kr\u016bti, b\u0113rniem, vec\u0101ka gadag\u0101juma cilv\u0113kiem un cilv\u0113kiem ar hronisk\u0101m slim\u012bb\u0101m pirms lieto\u0161anas j\u0101konsult\u0113jas ar vesel\u012bbas apr\u016bpes speci\u0101listu.<\/p>\n<p>&nbsp;<\/p>\n","protected":false},"excerpt":{"rendered":"<p>100% t\u012bra lavandas \u0113terisk\u0101 e\u013c\u013ca ar nomierino\u0161u arom\u0101tu un daudzpus\u012bgu pielietojumu aromterapij\u0101, mas\u0101\u017e\u0101 un m\u0101j\u0101s.<\/p>\n","protected":false},"featured_media":353502,"comment_status":"closed","ping_status":"closed","template":"","meta":{"_acf_changed":false},"product_brand":[],"product_cat":[2761],"product_tag":[3649,2764,2765,6783,6785,2762],"class_list":{"0":"post-353494","1":"product","2":"type-product","3":"status-publish","4":"has-post-thumbnail","6":"product_cat-eteriskas-ellas","7":"product_tag-antiseptiskas-ipasibas","8":"product_tag-aromterapija","9":"product_tag-dabigs-gaisa-atsvaidzinatajs","10":"product_tag-mandelu-eteriska-ella","11":"product_tag-miega-uzlabosana","12":"product_tag-stresa-mazinasana","14":"first","15":"onbackorder","16":"taxable","17":"shipping-taxable","18":"purchasable","19":"product-type-variable","20":"has-default-attributes"},"acf":[],"yoast_head":"<!-- This site is optimized with the Yoast SEO plugin v27.1.1 - https:\/\/yoast.com\/product\/yoast-seo-wordpress\/ -->\n<title>Lavandas \u0113terisk\u0101 e\u013c\u013ca - Puhdas+<\/title>\n<meta name=\"description\" content=\"Lavandas \u0113terisk\u0101 e\u013c\u013ca 10 ml ir 100% t\u012bra dab\u012bga e\u013c\u013ca, ko var daudzpus\u012bgi izmantot aromterapij\u0101, mas\u0101\u017e\u0101 un m\u0101jas apst\u0101k\u013cos.\" \/>\n<meta name=\"robots\" content=\"noindex, follow, max-snippet:-1, max-image-preview:large, max-video-preview:-1\" \/>\n<meta property=\"og:locale\" content=\"lv_LV\" \/>\n<meta property=\"og:type\" content=\"article\" \/>\n<meta property=\"og:title\" content=\"Lavandas \u0113terisk\u0101 e\u013c\u013ca - Puhdas+\" \/>\n<meta property=\"og:description\" content=\"Lavandas \u0113terisk\u0101 e\u013c\u013ca 10 ml ir 100% t\u012bra dab\u012bga e\u013c\u013ca, ko var daudzpus\u012bgi izmantot aromterapij\u0101, mas\u0101\u017e\u0101 un m\u0101jas apst\u0101k\u013cos.\" \/>\n<meta property=\"og:url\" content=\"https:\/\/test.puhdasplus.ee\/lv\/tooted\/eteriskas-ellas\/lavandas-eteriska-ella\/\" \/>\n<meta property=\"og:site_name\" content=\"Puhdas+\" \/>\n<meta property=\"article:publisher\" content=\"https:\/\/www.facebook.com\/puhdasplus\" \/>\n<meta property=\"article:modified_time\" content=\"2026-03-10T12:43:55+00:00\" \/>\n<meta property=\"og:image\" content=\"https:\/\/test.puhdasplus.ee\/wp-content\/uploads\/2019\/10\/240.jpg\" \/>\n\t<meta property=\"og:image:width\" content=\"1862\" \/>\n\t<meta property=\"og:image:height\" content=\"2560\" \/>\n\t<meta property=\"og:image:type\" content=\"image\/jpeg\" \/>\n<meta name=\"twitter:card\" content=\"summary_large_image\" \/>\n<meta name=\"twitter:label1\" content=\"Est. reading time\" \/>\n\t<meta name=\"twitter:data1\" content=\"2 min\u016btes\" \/>\n<script type=\"application\/ld+json\" class=\"yoast-schema-graph\">{\"@context\":\"https:\/\/schema.org\",\"@graph\":[{\"@type\":\"WebPage\",\"@id\":\"https:\/\/test.puhdasplus.ee\/lv\/tooted\/eteriskas-ellas\/lavandas-eteriska-ella\/\",\"url\":\"https:\/\/test.puhdasplus.ee\/lv\/tooted\/eteriskas-ellas\/lavandas-eteriska-ella\/\",\"name\":\"Lavandas \u0113terisk\u0101 e\u013c\u013ca - Puhdas+\",\"isPartOf\":{\"@id\":\"https:\/\/test.puhdasplus.ee\/lv\/#website\"},\"primaryImageOfPage\":{\"@id\":\"https:\/\/test.puhdasplus.ee\/lv\/tooted\/eteriskas-ellas\/lavandas-eteriska-ella\/#primaryimage\"},\"image\":{\"@id\":\"https:\/\/test.puhdasplus.ee\/lv\/tooted\/eteriskas-ellas\/lavandas-eteriska-ella\/#primaryimage\"},\"thumbnailUrl\":\"https:\/\/test.puhdasplus.ee\/wp-content\/uploads\/2019\/10\/240.jpg\",\"datePublished\":\"2019-10-22T08:35:54+00:00\",\"dateModified\":\"2026-03-10T12:43:55+00:00\",\"description\":\"Lavandas \u0113terisk\u0101 e\u013c\u013ca 10 ml ir 100% t\u012bra dab\u012bga e\u013c\u013ca, ko var daudzpus\u012bgi izmantot aromterapij\u0101, mas\u0101\u017e\u0101 un m\u0101jas apst\u0101k\u013cos.\",\"breadcrumb\":{\"@id\":\"https:\/\/test.puhdasplus.ee\/lv\/tooted\/eteriskas-ellas\/lavandas-eteriska-ella\/#breadcrumb\"},\"inLanguage\":\"lv-LV\",\"potentialAction\":[{\"@type\":\"ReadAction\",\"target\":[\"https:\/\/test.puhdasplus.ee\/lv\/tooted\/eteriskas-ellas\/lavandas-eteriska-ella\/\"]}]},{\"@type\":\"ImageObject\",\"inLanguage\":\"lv-LV\",\"@id\":\"https:\/\/test.puhdasplus.ee\/lv\/tooted\/eteriskas-ellas\/lavandas-eteriska-ella\/#primaryimage\",\"url\":\"https:\/\/test.puhdasplus.ee\/wp-content\/uploads\/2019\/10\/240.jpg\",\"contentUrl\":\"https:\/\/test.puhdasplus.ee\/wp-content\/uploads\/2019\/10\/240.jpg\",\"width\":1862,\"height\":2560,\"caption\":\"Lavandas \u0113terisk\u0101 e\u013c\u013ca\"},{\"@type\":\"BreadcrumbList\",\"@id\":\"https:\/\/test.puhdasplus.ee\/lv\/tooted\/eteriskas-ellas\/lavandas-eteriska-ella\/#breadcrumb\",\"itemListElement\":[{\"@type\":\"ListItem\",\"position\":1,\"name\":\"S\u0101kums\",\"item\":\"https:\/\/test.puhdasplus.ee\/lv\/\"},{\"@type\":\"ListItem\",\"position\":2,\"name\":\"Produkti\",\"item\":\"https:\/\/test.puhdasplus.ee\/lv\/veikals\/\"},{\"@type\":\"ListItem\",\"position\":3,\"name\":\"Lavandas \u0113terisk\u0101 e\u013c\u013ca\"}]},{\"@type\":\"WebSite\",\"@id\":\"https:\/\/test.puhdasplus.ee\/lv\/#website\",\"url\":\"https:\/\/test.puhdasplus.ee\/lv\/\",\"name\":\"Puhdas+\",\"description\":\"Vitamiinid, Toidulisandid, looduskosmeetika, tervis, sport\",\"publisher\":{\"@id\":\"https:\/\/test.puhdasplus.ee\/lv\/#organization\"},\"potentialAction\":[{\"@type\":\"SearchAction\",\"target\":{\"@type\":\"EntryPoint\",\"urlTemplate\":\"https:\/\/test.puhdasplus.ee\/lv\/?s={search_term_string}\"},\"query-input\":{\"@type\":\"PropertyValueSpecification\",\"valueRequired\":true,\"valueName\":\"search_term_string\"}}],\"inLanguage\":\"lv-LV\"},{\"@type\":\"Organization\",\"@id\":\"https:\/\/test.puhdasplus.ee\/lv\/#organization\",\"name\":\"Puhdas+\",\"alternateName\":\"Puhdasplus\",\"url\":\"https:\/\/test.puhdasplus.ee\/lv\/\",\"logo\":{\"@type\":\"ImageObject\",\"inLanguage\":\"lv-LV\",\"@id\":\"https:\/\/test.puhdasplus.ee\/lv\/#\/schema\/logo\/image\/\",\"url\":\"https:\/\/test.puhdasplus.ee\/\/wp-content\/uploads\/2019\/10\/puhdas_logo-arvele.png\",\"contentUrl\":\"https:\/\/test.puhdasplus.ee\/\/wp-content\/uploads\/2019\/10\/puhdas_logo-arvele.png\",\"width\":114,\"height\":94,\"caption\":\"Puhdas+\"},\"image\":{\"@id\":\"https:\/\/test.puhdasplus.ee\/lv\/#\/schema\/logo\/image\/\"},\"sameAs\":[\"https:\/\/www.facebook.com\/puhdasplus\",\"https:\/\/www.instagram.com\/puhdasplus_ee\/\"]}]}<\/script>\n<!-- \/ Yoast SEO plugin. -->","yoast_head_json":{"title":"Lavandas \u0113terisk\u0101 e\u013c\u013ca - Puhdas+","description":"Lavandas \u0113terisk\u0101 e\u013c\u013ca 10 ml ir 100% t\u012bra dab\u012bga e\u013c\u013ca, ko var daudzpus\u012bgi izmantot aromterapij\u0101, mas\u0101\u017e\u0101 un m\u0101jas apst\u0101k\u013cos.","robots":{"index":"noindex","follow":"follow","max-snippet":"max-snippet:-1","max-image-preview":"max-image-preview:large","max-video-preview":"max-video-preview:-1"},"og_locale":"lv_LV","og_type":"article","og_title":"Lavandas \u0113terisk\u0101 e\u013c\u013ca - Puhdas+","og_description":"Lavandas \u0113terisk\u0101 e\u013c\u013ca 10 ml ir 100% t\u012bra dab\u012bga e\u013c\u013ca, ko var daudzpus\u012bgi izmantot aromterapij\u0101, mas\u0101\u017e\u0101 un m\u0101jas apst\u0101k\u013cos.","og_url":"https:\/\/test.puhdasplus.ee\/lv\/tooted\/eteriskas-ellas\/lavandas-eteriska-ella\/","og_site_name":"Puhdas+","article_publisher":"https:\/\/www.facebook.com\/puhdasplus","article_modified_time":"2026-03-10T12:43:55+00:00","og_image":[{"width":1862,"height":2560,"url":"https:\/\/test.puhdasplus.ee\/wp-content\/uploads\/2019\/10\/240.jpg","type":"image\/jpeg"}],"twitter_card":"summary_large_image","twitter_misc":{"Est. reading time":"2 min\u016btes"},"schema":{"@context":"https:\/\/schema.org","@graph":[{"@type":"WebPage","@id":"https:\/\/test.puhdasplus.ee\/lv\/tooted\/eteriskas-ellas\/lavandas-eteriska-ella\/","url":"https:\/\/test.puhdasplus.ee\/lv\/tooted\/eteriskas-ellas\/lavandas-eteriska-ella\/","name":"Lavandas \u0113terisk\u0101 e\u013c\u013ca - Puhdas+","isPartOf":{"@id":"https:\/\/test.puhdasplus.ee\/lv\/#website"},"primaryImageOfPage":{"@id":"https:\/\/test.puhdasplus.ee\/lv\/tooted\/eteriskas-ellas\/lavandas-eteriska-ella\/#primaryimage"},"image":{"@id":"https:\/\/test.puhdasplus.ee\/lv\/tooted\/eteriskas-ellas\/lavandas-eteriska-ella\/#primaryimage"},"thumbnailUrl":"https:\/\/test.puhdasplus.ee\/wp-content\/uploads\/2019\/10\/240.jpg","datePublished":"2019-10-22T08:35:54+00:00","dateModified":"2026-03-10T12:43:55+00:00","description":"Lavandas \u0113terisk\u0101 e\u013c\u013ca 10 ml ir 100% t\u012bra dab\u012bga e\u013c\u013ca, ko var daudzpus\u012bgi izmantot aromterapij\u0101, mas\u0101\u017e\u0101 un m\u0101jas apst\u0101k\u013cos.","breadcrumb":{"@id":"https:\/\/test.puhdasplus.ee\/lv\/tooted\/eteriskas-ellas\/lavandas-eteriska-ella\/#breadcrumb"},"inLanguage":"lv-LV","potentialAction":[{"@type":"ReadAction","target":["https:\/\/test.puhdasplus.ee\/lv\/tooted\/eteriskas-ellas\/lavandas-eteriska-ella\/"]}]},{"@type":"ImageObject","inLanguage":"lv-LV","@id":"https:\/\/test.puhdasplus.ee\/lv\/tooted\/eteriskas-ellas\/lavandas-eteriska-ella\/#primaryimage","url":"https:\/\/test.puhdasplus.ee\/wp-content\/uploads\/2019\/10\/240.jpg","contentUrl":"https:\/\/test.puhdasplus.ee\/wp-content\/uploads\/2019\/10\/240.jpg","width":1862,"height":2560,"caption":"Lavandas \u0113terisk\u0101 e\u013c\u013ca"},{"@type":"BreadcrumbList","@id":"https:\/\/test.puhdasplus.ee\/lv\/tooted\/eteriskas-ellas\/lavandas-eteriska-ella\/#breadcrumb","itemListElement":[{"@type":"ListItem","position":1,"name":"S\u0101kums","item":"https:\/\/test.puhdasplus.ee\/lv\/"},{"@type":"ListItem","position":2,"name":"Produkti","item":"https:\/\/test.puhdasplus.ee\/lv\/veikals\/"},{"@type":"ListItem","position":3,"name":"Lavandas \u0113terisk\u0101 e\u013c\u013ca"}]},{"@type":"WebSite","@id":"https:\/\/test.puhdasplus.ee\/lv\/#website","url":"https:\/\/test.puhdasplus.ee\/lv\/","name":"Puhdas+","description":"Vitamiinid, Toidulisandid, looduskosmeetika, tervis, sport","publisher":{"@id":"https:\/\/test.puhdasplus.ee\/lv\/#organization"},"potentialAction":[{"@type":"SearchAction","target":{"@type":"EntryPoint","urlTemplate":"https:\/\/test.puhdasplus.ee\/lv\/?s={search_term_string}"},"query-input":{"@type":"PropertyValueSpecification","valueRequired":true,"valueName":"search_term_string"}}],"inLanguage":"lv-LV"},{"@type":"Organization","@id":"https:\/\/test.puhdasplus.ee\/lv\/#organization","name":"Puhdas+","alternateName":"Puhdasplus","url":"https:\/\/test.puhdasplus.ee\/lv\/","logo":{"@type":"ImageObject","inLanguage":"lv-LV","@id":"https:\/\/test.puhdasplus.ee\/lv\/#\/schema\/logo\/image\/","url":"https:\/\/test.puhdasplus.ee\/\/wp-content\/uploads\/2019\/10\/puhdas_logo-arvele.png","contentUrl":"https:\/\/test.puhdasplus.ee\/\/wp-content\/uploads\/2019\/10\/puhdas_logo-arvele.png","width":114,"height":94,"caption":"Puhdas+"},"image":{"@id":"https:\/\/test.puhdasplus.ee\/lv\/#\/schema\/logo\/image\/"},"sameAs":["https:\/\/www.facebook.com\/puhdasplus","https:\/\/www.instagram.com\/puhdasplus_ee\/"]}]}},"_links":{"self":[{"href":"https:\/\/test.puhdasplus.ee\/lv\/wp-json\/wp\/v2\/product\/353494","targetHints":{"allow":["GET"]}}],"collection":[{"href":"https:\/\/test.puhdasplus.ee\/lv\/wp-json\/wp\/v2\/product"}],"about":[{"href":"https:\/\/test.puhdasplus.ee\/lv\/wp-json\/wp\/v2\/types\/product"}],"replies":[{"embeddable":true,"href":"https:\/\/test.puhdasplus.ee\/lv\/wp-json\/wp\/v2\/comments?post=353494"}],"wp:featuredmedia":[{"embeddable":true,"href":"https:\/\/test.puhdasplus.ee\/lv\/wp-json\/wp\/v2\/media\/353502"}],"wp:attachment":[{"href":"https:\/\/test.puhdasplus.ee\/lv\/wp-json\/wp\/v2\/media?parent=353494"}],"wp:term":[{"taxonomy":"product_brand","embeddable":true,"href":"https:\/\/test.puhdasplus.ee\/lv\/wp-json\/wp\/v2\/product_brand?post=353494"},{"taxonomy":"product_cat","embeddable":true,"href":"https:\/\/test.puhdasplus.ee\/lv\/wp-json\/wp\/v2\/product_cat?post=353494"},{"taxonomy":"product_tag","embeddable":true,"href":"https:\/\/test.puhdasplus.ee\/lv\/wp-json\/wp\/v2\/product_tag?post=353494"}],"curies":[{"name":"wp","href":"https:\/\/api.w.org\/{rel}","templated":true}]}}