{"id":353477,"date":"2019-10-22T11:03:41","date_gmt":"2019-10-22T08:03:41","guid":{"rendered":"https:\/\/test.puhdasplus.ee\/\/tooted\/uncategorized\/elektrolitu-pulveris-bez-garsas-120g\/"},"modified":"2026-03-10T14:43:52","modified_gmt":"2026-03-10T12:43:52","slug":"elektrolitu-pulveris-bez-garsas-120g","status":"publish","type":"product","link":"https:\/\/test.puhdasplus.ee\/lv\/tooted\/sports-lv\/elektrolitu-pulveris-bez-garsas-120g\/","title":{"rendered":"Elektrol\u012btu pulveris bez gar\u0161as 120g"},"content":{"rendered":"<h2 class=\"\" data-start=\"128\" data-end=\"185\">Kas ir Pure+ elektrol\u012btu bezgar\u0161as pulveris?<\/h2>\n<p class=\"\" data-start=\"187\" data-end=\"268\"><span class=\"relative -mx-px my-[-0.2rem] rounded px-px py-[0.2rem] transition-colors duration-100 ease-in-out\"><strong data-start=\"0\" data-end=\"47\" data-is-only-node=\"\">Pure+ elektrol\u012btu pulveris bez gar\u0161as<\/strong> ir augstas kvalit\u0101tes uztura bag\u0101tin\u0101t\u0101js, kas satur svar\u012bgus elektrol\u012btus: magniju, k\u0101liju, n\u0101triju un kalciju. Turkl\u0101t produkts satur glic\u012bnu un C vitam\u012bnu. \u0160\u012b kombin\u0101cija pal\u012bdz uztur\u0113t elektrol\u012btu l\u012bdzsvaru organism\u0101, atbalsta norm\u0101lu musku\u013cu darb\u012bbu un pal\u012bdz mazin\u0101t nogurumu un nesp\u0113ku.  <\/span>\u200b<\/p>\n<h2 class=\"\" data-start=\"275\" data-end=\"301\">K\u0101p\u0113c bezgar\u0161as elektrol\u012btu pulveris ir noder\u012bgs?<\/h2>\n<p class=\"\" data-start=\"303\" data-end=\"384\"><span class=\"relative -mx-px my-[-0.2rem] rounded px-px py-[0.2rem] transition-colors duration-100 ease-in-out\">Elektrol\u012bti ir miner\u0101lvielas, kas p\u0101rn\u0113s\u0101 elektrisko l\u0101di\u0146u un ir b\u016btiskas daudziem organisma procesiem, tostarp nervu impulsu p\u0101rraidei, musku\u013cu kontrakcijai un \u0161\u0137idruma l\u012bdzsvara uztur\u0113\u0161anai. Fizisk\u0101s slodzes, sv\u012b\u0161anas vai slim\u012bbas laik\u0101 elektrol\u012btu l\u012bdzsvars organism\u0101 var tikt izjaukts. Pure+ elektrol\u012btu pulveris pal\u012bdz atjaunot un uztur\u0113t \u0161o l\u012bdzsvaru.  <\/span>\u200b<\/p>\n<h2 class=\"\" data-start=\"391\" data-end=\"415\">Kam piem\u0113rots bezgar\u0161as elektrol\u012btu pulveris?<\/h2>\n<p class=\"\" data-start=\"417\" data-end=\"498\"><span class=\"relative -mx-px my-[-0.2rem] rounded px-px py-[0.2rem] transition-colors duration-100 ease-in-out\">Produkts ir piem\u0113rots pieaugu\u0161ajiem, kuri v\u0113las:<\/span><\/p>\n<ul data-start=\"500\" data-end=\"711\">\n<li class=\"\" data-start=\"500\" data-end=\"539\">\n<p class=\"\" data-start=\"502\" data-end=\"539\"><span class=\"relative -mx-px my-[-0.2rem] rounded px-px py-[0.2rem] transition-colors duration-100 ease-in-out\">Atbalst\u012bt elektrol\u012btu l\u012bdzsvaru organism\u0101<\/span><\/p>\n<\/li>\n<li class=\"\" data-start=\"540\" data-end=\"581\">\n<p class=\"\" data-start=\"542\" data-end=\"581\"><span class=\"relative -mx-px my-[-0.2rem] rounded px-px py-[0.2rem] transition-colors duration-100 ease-in-out\">Mazina nogurumu un izs\u012bkumu<\/span><\/p>\n<\/li>\n<li class=\"\" data-start=\"582\" data-end=\"623\">\n<p class=\"\" data-start=\"584\" data-end=\"623\"><span class=\"relative -mx-px my-[-0.2rem] rounded px-px py-[0.2rem] transition-colors duration-100 ease-in-out\">Atbalsta norm\u0101lu musku\u013cu darb\u012bbu<\/span><\/p>\n<\/li>\n<li class=\"\" data-start=\"624\" data-end=\"711\">\n<p class=\"\" data-start=\"626\" data-end=\"711\"><span class=\"relative -mx-px my-[-0.2rem] rounded px-px py-[0.2rem] transition-colors duration-100 ease-in-out\">Uztur\u0113t \u0161\u0137idruma l\u012bdzsvaru<\/span><\/p>\n<\/li>\n<li data-start=\"624\" data-end=\"711\"><span class=\"relative -mx-px my-[-0.2rem] rounded px-px py-[0.2rem] transition-colors duration-100 ease-in-out\">Produkts ir piem\u0113rots ar\u012b veg\u0101niem un nesatur glut\u0113nu, laktozi, raugu vai soju.<\/span><\/li>\n<\/ul>\n<h2 data-start=\"95\" data-end=\"113\">Sast\u0101vda\u013cas<\/h2>\n<p class=\"\" data-start=\"117\" data-end=\"154\"><span class=\"relative -mx-px my-[-0.2rem] rounded px-px py-[0.2rem] transition-colors duration-100 ease-in-out\">N\u0101trija hlor\u012bds,<\/span> <span class=\"relative -mx-px my-[-0.2rem] rounded px-px py-[0.2rem] transition-colors duration-100 ease-in-out\">n\u0101trija bikarbon\u0101ts,<\/span> <span class=\"relative -mx-px my-[-0.2rem] rounded px-px py-[0.2rem] transition-colors duration-100 ease-in-out\">glic\u012bns,<\/span> <span class=\"relative -mx-px my-[-0.2rem] rounded px-px py-[0.2rem] transition-colors duration-100 ease-in-out\">n\u0101trija askorb\u0101ts,<\/span> <span class=\"relative -mx-px my-[-0.2rem] rounded px-px py-[0.2rem] transition-colors duration-100 ease-in-out\">kalcija citr\u0101ts,<\/span> <span class=\"relative -mx-px my-[-0.2rem] rounded px-px py-[0.2rem] transition-colors duration-100 ease-in-out\">k\u0101lija hlor\u012bds,<\/span> <span class=\"relative -mx-px my-[-0.2rem] rounded px-px py-[0.2rem] transition-colors duration-100 ease-in-out\">magnija citr\u0101ts<\/span> .<\/p>\n<p class=\"\" data-start=\"440\" data-end=\"525\"><span class=\"relative -mx-px my-[-0.2rem] rounded px-px py-[0.2rem] transition-colors duration-100 ease-in-out\">Produkts nesatur pienu, laktozi, raugu, glut\u0113nu vai soju.<\/span><\/p>\n<h2 data-start=\"532\" data-end=\"571\">Uzturv\u0113rt\u012bba (3 ml \/ 1 porcija)<\/h2>\n<ul data-start=\"573\" data-end=\"870\">\n<li class=\"\" data-start=\"573\" data-end=\"614\">\n<p class=\"\" data-start=\"575\" data-end=\"614\"><span class=\"relative -mx-px my-[-0.2rem] rounded px-px py-[0.2rem] transition-colors duration-100 ease-in-out\">Magnijs: 78 mg (21% no ieteicam\u0101s dienas devas)<\/span><\/p>\n<\/li>\n<li class=\"\" data-start=\"615\" data-end=\"656\">\n<p class=\"\" data-start=\"617\" data-end=\"656\"><span class=\"relative -mx-px my-[-0.2rem] rounded px-px py-[0.2rem] transition-colors duration-100 ease-in-out\">Kalcijs: 126 mg (16% no dienas devas)<\/span><\/p>\n<\/li>\n<li class=\"\" data-start=\"657\" data-end=\"698\">\n<p class=\"\" data-start=\"659\" data-end=\"698\"><span class=\"relative -mx-px my-[-0.2rem] rounded px-px py-[0.2rem] transition-colors duration-100 ease-in-out\">N\u0101trijs: 1737 mg<\/span><\/p>\n<\/li>\n<li class=\"\" data-start=\"699\" data-end=\"740\">\n<p class=\"\" data-start=\"701\" data-end=\"740\"><span class=\"relative -mx-px my-[-0.2rem] rounded px-px py-[0.2rem] transition-colors duration-100 ease-in-out\">Hlors: 2124 mg (266% no ieteicam\u0101s dienas devas)<\/span><\/p>\n<\/li>\n<li class=\"\" data-start=\"741\" data-end=\"782\">\n<p class=\"\" data-start=\"743\" data-end=\"782\"><span class=\"relative -mx-px my-[-0.2rem] rounded px-px py-[0.2rem] transition-colors duration-100 ease-in-out\">Glic\u012bns: 1500 mg<\/span><\/p>\n<\/li>\n<li class=\"\" data-start=\"783\" data-end=\"870\">\n<p class=\"\" data-start=\"785\" data-end=\"870\"><span class=\"relative -mx-px my-[-0.2rem] rounded px-px py-[0.2rem] transition-colors duration-100 ease-in-out\">C vitam\u012bns: 660 mg (825% no ieteicam\u0101s dienas devas)<\/span><\/p>\n<\/li>\n<\/ul>\n<h2 data-start=\"877\" data-end=\"899\">Lietot\u0101ja rokasgr\u0101mata<\/h2>\n<p class=\"\" data-start=\"901\" data-end=\"1016\"><strong data-start=\"901\" data-end=\"930\">Ieteicam\u0101 dienas deva:<\/strong> <span class=\"relative -mx-px my-[-0.2rem] rounded px-px py-[0.2rem] transition-colors duration-100 ease-in-out\">1 m\u0113rkarote (3 ml) 3 reizes dien\u0101.<\/span><\/p>\n<p class=\"\" data-start=\"1018\" data-end=\"1119\"><strong data-start=\"1018\" data-end=\"1033\">Lieto\u0161ana:<\/strong> <span class=\"relative -mx-px my-[-0.2rem] rounded px-px py-[0.2rem] transition-colors duration-100 ease-in-out\">Sajauciet pulveri ar 5 dl \u016bdens vai cita \u0161\u0137idruma.<\/span><\/p>\n<p class=\"\" data-start=\"1121\" data-end=\"1218\"><strong data-start=\"1121\" data-end=\"1132\">Piez\u012bme:<\/strong> <span class=\"relative -mx-px my-[-0.2rem] rounded px-px py-[0.2rem] transition-colors duration-100 ease-in-out\">Ieteicamo dienas devu nedr\u012bkst p\u0101rsniegt. Uztura bag\u0101tin\u0101t\u0101js neaizst\u0101j daudzveid\u012bgu un sabalans\u0113tu uzturu vai vesel\u012bgu dz\u012bvesveidu.<\/span>\u200b<\/p>\n<h2 data-start=\"1225\" data-end=\"1256\">Br\u012bdin\u0101jumi un uzglab\u0101\u0161ana<\/h2>\n<ul data-start=\"1258\" data-end=\"1429\">\n<li class=\"\" data-start=\"1258\" data-end=\"1299\">\n<p class=\"\" data-start=\"1260\" data-end=\"1299\"><span class=\"relative -mx-px my-[-0.2rem] rounded px-px py-[0.2rem] transition-colors duration-100 ease-in-out\">Sarg\u0101t no b\u0113rniem.<\/span><\/p>\n<\/li>\n<li class=\"\" data-start=\"1300\" data-end=\"1341\">\n<p class=\"\" data-start=\"1302\" data-end=\"1341\"><span class=\"relative -mx-px my-[-0.2rem] rounded px-px py-[0.2rem] transition-colors duration-100 ease-in-out\">Uzglab\u0101t saus\u0101, v\u0113s\u0101 viet\u0101 un pasarg\u0101t no gaismas.<\/span><\/p>\n<\/li>\n<li class=\"\" data-start=\"1342\" data-end=\"1429\">\n<p class=\"\" data-start=\"1344\" data-end=\"1429\"><span class=\"relative -mx-px my-[-0.2rem] rounded px-px py-[0.2rem] transition-colors duration-100 ease-in-out\">Nelietot, ja iepakojums ir boj\u0101ts.<\/span><\/p>\n<\/li>\n<\/ul>\n","protected":false},"excerpt":{"rendered":"<p class=\"\" data-start=\"205\" data-end=\"669\"><strong data-start=\"205\" data-end=\"252\">Pure+ elektrol\u012btu pulveris bez gar\u0161as<\/strong> ir izstr\u0101d\u0101ts, lai atbalst\u012btu j\u016bsu \u0137erme\u0146a svar\u012bg\u0101k\u0101s funkcijas \u2013 s\u0101kot ar \u0161\u0137idruma l\u012bdzsvara uztur\u0113\u0161anu l\u012bdz norm\u0101lai musku\u013cu un nervu sist\u0113mas darb\u012bbai. Katru dienu, \u012bpa\u0161i fiziskas slodzes, karst\u0101 laik\u0101 vai slim\u012bbas laik\u0101, organisms zaud\u0113 miner\u0101lvielas jeb elektrol\u012btus, kas nepiecie\u0161ami ener\u0123ijas, vitalit\u0101tes un labsaj\u016btas uztur\u0113\u0161anai. Ar \u0161o pulveru mais\u012bjumu j\u016bs varat viegli un efekt\u012bvi atjaunot \u0161\u012bs svar\u012bg\u0101s vielas.  <\/p>\n<p class=\"\" data-start=\"671\" data-end=\"1064\">Produkts satur r\u016bp\u012bgi atlas\u012btus elektrol\u012btus \u2013 magniju, kalciju, n\u0101triju un hloru \u2013, kas pal\u012bdz nov\u0113rst musku\u013cu krampjus, veicina atjauno\u0161anos un pal\u012bdz uztur\u0113t norm\u0101lu sirds darb\u012bbu un nervu p\u0101rvadi. Turkl\u0101t mais\u012bjums ir papildin\u0101ts ar <strong data-start=\"903\" data-end=\"917\">C vitam\u012bnu<\/strong> , kas atbalsta im\u016bnsist\u0113mu un pal\u012bdz mazin\u0101t nogurumu, un <strong data-start=\"981\" data-end=\"993\">glic\u012bnu<\/strong> , kas veicina miner\u0101lvielu uzs\u016bk\u0161anos un atbalsta organisma \u0161\u016bnu atjauno\u0161anos. <\/p>\n<p class=\"\" data-start=\"1066\" data-end=\"1414\">Produkts ir lieliski piem\u0113rots atjauno\u0161an\u0101s periodam p\u0113c treni\u0146a, \u0161\u0137idruma un s\u0101\u013cu l\u012bdzsvara atjauno\u0161anai karst\u0101 dien\u0101 vai vienk\u0101r\u0161i k\u0101 ikdienas atbalsts tiem, kam ir liels dz\u012bvesveids vai darba slodze. Bezgar\u0161as pulveris ir ide\u0101li piem\u0113rots sajauk\u0161anai ar \u016bdeni vai iecien\u012bt\u0101ko dz\u0113rienu un nesatur cukuru, m\u0101ksl\u012bgas piedevas, glut\u0113nu vai laktozi. <\/p>\n<p class=\"\" data-start=\"1416\" data-end=\"1599\"><strong data-start=\"1416\" data-end=\"1449\">Pure+ elektrol\u012btu pulveris<\/strong> ir gudra izv\u0113le tiem, kas v\u0113las uztur\u0113t savu \u0137ermeni dabisk\u0101 l\u012bdzsvar\u0101, atbalst\u012bt vitalit\u0101ti un mazin\u0101t nogurumu \u2013 dabisk\u0101 un efekt\u012bv\u0101 veid\u0101.<\/p>\n","protected":false},"featured_media":353484,"comment_status":"closed","ping_status":"closed","template":"","meta":{"_acf_changed":false},"product_brand":[],"product_cat":[3201,3200,3038],"product_tag":[3202,3220,3204,3044,3214,3209,3212,3203,3225,3216,3221,3218,3206],"class_list":{"0":"post-353477","1":"product","2":"type-product","3":"status-publish","4":"has-post-thumbnail","6":"product_cat-elektroliti","7":"product_cat-minerali","8":"product_cat-sports-lv","9":"product_tag-c-vitamins-lv","10":"product_tag-elektroliti","11":"product_tag-elektrolits","12":"product_tag-energija-un-nogurums","13":"product_tag-glicins","14":"product_tag-kalcijs","15":"product_tag-kalijs","16":"product_tag-magnijs","17":"product_tag-muskuli-un-locitavas","18":"product_tag-muskulu-funkcija","19":"product_tag-natrijs","20":"product_tag-noguruma-mazinasana","21":"product_tag-uztura-bagatinatajs","23":"first","24":"instock","25":"featured","26":"taxable","27":"shipping-taxable","28":"purchasable","29":"product-type-simple"},"acf":[],"yoast_head":"<!-- This site is optimized with the Yoast SEO plugin v27.1.1 - https:\/\/yoast.com\/product\/yoast-seo-wordpress\/ -->\n<title>Elektrol\u012btu pulveris bez gar\u0161as 120g - Puhdas+<\/title>\n<meta name=\"description\" content=\"Bezgar\u0161as elektrol\u012btu pulveris 120 g satur svar\u012bgas miner\u0101lvielas un uzturvielas, lai atbalst\u012btu elektrol\u012btu l\u012bdzsvaru un norm\u0101lu musku\u013cu darb\u012bbu.\" \/>\n<meta name=\"robots\" content=\"noindex, follow, max-snippet:-1, max-image-preview:large, max-video-preview:-1\" \/>\n<meta property=\"og:locale\" content=\"lv_LV\" \/>\n<meta property=\"og:type\" content=\"article\" \/>\n<meta property=\"og:title\" content=\"Elektrol\u012btu pulveris bez gar\u0161as 120g - Puhdas+\" \/>\n<meta property=\"og:description\" content=\"Bezgar\u0161as elektrol\u012btu pulveris 120 g satur svar\u012bgas miner\u0101lvielas un uzturvielas, lai atbalst\u012btu elektrol\u012btu l\u012bdzsvaru un norm\u0101lu musku\u013cu darb\u012bbu.\" \/>\n<meta property=\"og:url\" content=\"https:\/\/test.puhdasplus.ee\/lv\/tooted\/sports-lv\/elektrolitu-pulveris-bez-garsas-120g\/\" \/>\n<meta property=\"og:site_name\" content=\"Puhdas+\" \/>\n<meta property=\"article:publisher\" content=\"https:\/\/www.facebook.com\/puhdasplus\" \/>\n<meta property=\"article:modified_time\" content=\"2026-03-10T12:43:52+00:00\" \/>\n<meta property=\"og:image\" content=\"https:\/\/test.puhdasplus.ee\/wp-content\/uploads\/2019\/10\/Untitled-design-46-copy-2-scaled.jpg\" \/>\n\t<meta property=\"og:image:width\" content=\"1862\" \/>\n\t<meta property=\"og:image:height\" content=\"2560\" \/>\n\t<meta property=\"og:image:type\" content=\"image\/jpeg\" \/>\n<meta name=\"twitter:card\" content=\"summary_large_image\" \/>\n<meta name=\"twitter:label1\" content=\"Est. reading time\" \/>\n\t<meta name=\"twitter:data1\" content=\"2 min\u016btes\" \/>\n<script type=\"application\/ld+json\" class=\"yoast-schema-graph\">{\"@context\":\"https:\/\/schema.org\",\"@graph\":[{\"@type\":\"WebPage\",\"@id\":\"https:\/\/test.puhdasplus.ee\/lv\/tooted\/sports-lv\/elektrolitu-pulveris-bez-garsas-120g\/\",\"url\":\"https:\/\/test.puhdasplus.ee\/lv\/tooted\/sports-lv\/elektrolitu-pulveris-bez-garsas-120g\/\",\"name\":\"Elektrol\u012btu pulveris bez gar\u0161as 120g - Puhdas+\",\"isPartOf\":{\"@id\":\"https:\/\/test.puhdasplus.ee\/lv\/#website\"},\"primaryImageOfPage\":{\"@id\":\"https:\/\/test.puhdasplus.ee\/lv\/tooted\/sports-lv\/elektrolitu-pulveris-bez-garsas-120g\/#primaryimage\"},\"image\":{\"@id\":\"https:\/\/test.puhdasplus.ee\/lv\/tooted\/sports-lv\/elektrolitu-pulveris-bez-garsas-120g\/#primaryimage\"},\"thumbnailUrl\":\"https:\/\/test.puhdasplus.ee\/wp-content\/uploads\/2019\/10\/Untitled-design-46-copy-2-scaled.jpg\",\"datePublished\":\"2019-10-22T08:03:41+00:00\",\"dateModified\":\"2026-03-10T12:43:52+00:00\",\"description\":\"Bezgar\u0161as elektrol\u012btu pulveris 120 g satur svar\u012bgas miner\u0101lvielas un uzturvielas, lai atbalst\u012btu elektrol\u012btu l\u012bdzsvaru un norm\u0101lu musku\u013cu darb\u012bbu.\",\"breadcrumb\":{\"@id\":\"https:\/\/test.puhdasplus.ee\/lv\/tooted\/sports-lv\/elektrolitu-pulveris-bez-garsas-120g\/#breadcrumb\"},\"inLanguage\":\"lv-LV\",\"potentialAction\":[{\"@type\":\"ReadAction\",\"target\":[\"https:\/\/test.puhdasplus.ee\/lv\/tooted\/sports-lv\/elektrolitu-pulveris-bez-garsas-120g\/\"]}]},{\"@type\":\"ImageObject\",\"inLanguage\":\"lv-LV\",\"@id\":\"https:\/\/test.puhdasplus.ee\/lv\/tooted\/sports-lv\/elektrolitu-pulveris-bez-garsas-120g\/#primaryimage\",\"url\":\"https:\/\/test.puhdasplus.ee\/wp-content\/uploads\/2019\/10\/Untitled-design-46-copy-2-scaled.jpg\",\"contentUrl\":\"https:\/\/test.puhdasplus.ee\/wp-content\/uploads\/2019\/10\/Untitled-design-46-copy-2-scaled.jpg\",\"width\":1862,\"height\":2560,\"caption\":\"Elektrol\u012btu pulveris bez gar\u0161as 120g\"},{\"@type\":\"BreadcrumbList\",\"@id\":\"https:\/\/test.puhdasplus.ee\/lv\/tooted\/sports-lv\/elektrolitu-pulveris-bez-garsas-120g\/#breadcrumb\",\"itemListElement\":[{\"@type\":\"ListItem\",\"position\":1,\"name\":\"S\u0101kums\",\"item\":\"https:\/\/test.puhdasplus.ee\/lv\/\"},{\"@type\":\"ListItem\",\"position\":2,\"name\":\"Produkti\",\"item\":\"https:\/\/test.puhdasplus.ee\/lv\/veikals\/\"},{\"@type\":\"ListItem\",\"position\":3,\"name\":\"Elektrol\u012btu pulveris bez gar\u0161as 120g\"}]},{\"@type\":\"WebSite\",\"@id\":\"https:\/\/test.puhdasplus.ee\/lv\/#website\",\"url\":\"https:\/\/test.puhdasplus.ee\/lv\/\",\"name\":\"Puhdas+\",\"description\":\"Vitamiinid, Toidulisandid, looduskosmeetika, tervis, sport\",\"publisher\":{\"@id\":\"https:\/\/test.puhdasplus.ee\/lv\/#organization\"},\"potentialAction\":[{\"@type\":\"SearchAction\",\"target\":{\"@type\":\"EntryPoint\",\"urlTemplate\":\"https:\/\/test.puhdasplus.ee\/lv\/?s={search_term_string}\"},\"query-input\":{\"@type\":\"PropertyValueSpecification\",\"valueRequired\":true,\"valueName\":\"search_term_string\"}}],\"inLanguage\":\"lv-LV\"},{\"@type\":\"Organization\",\"@id\":\"https:\/\/test.puhdasplus.ee\/lv\/#organization\",\"name\":\"Puhdas+\",\"alternateName\":\"Puhdasplus\",\"url\":\"https:\/\/test.puhdasplus.ee\/lv\/\",\"logo\":{\"@type\":\"ImageObject\",\"inLanguage\":\"lv-LV\",\"@id\":\"https:\/\/test.puhdasplus.ee\/lv\/#\/schema\/logo\/image\/\",\"url\":\"https:\/\/test.puhdasplus.ee\/\/wp-content\/uploads\/2019\/10\/puhdas_logo-arvele.png\",\"contentUrl\":\"https:\/\/test.puhdasplus.ee\/\/wp-content\/uploads\/2019\/10\/puhdas_logo-arvele.png\",\"width\":114,\"height\":94,\"caption\":\"Puhdas+\"},\"image\":{\"@id\":\"https:\/\/test.puhdasplus.ee\/lv\/#\/schema\/logo\/image\/\"},\"sameAs\":[\"https:\/\/www.facebook.com\/puhdasplus\",\"https:\/\/www.instagram.com\/puhdasplus_ee\/\"]}]}<\/script>\n<!-- \/ Yoast SEO plugin. -->","yoast_head_json":{"title":"Elektrol\u012btu pulveris bez gar\u0161as 120g - Puhdas+","description":"Bezgar\u0161as elektrol\u012btu pulveris 120 g satur svar\u012bgas miner\u0101lvielas un uzturvielas, lai atbalst\u012btu elektrol\u012btu l\u012bdzsvaru un norm\u0101lu musku\u013cu darb\u012bbu.","robots":{"index":"noindex","follow":"follow","max-snippet":"max-snippet:-1","max-image-preview":"max-image-preview:large","max-video-preview":"max-video-preview:-1"},"og_locale":"lv_LV","og_type":"article","og_title":"Elektrol\u012btu pulveris bez gar\u0161as 120g - Puhdas+","og_description":"Bezgar\u0161as elektrol\u012btu pulveris 120 g satur svar\u012bgas miner\u0101lvielas un uzturvielas, lai atbalst\u012btu elektrol\u012btu l\u012bdzsvaru un norm\u0101lu musku\u013cu darb\u012bbu.","og_url":"https:\/\/test.puhdasplus.ee\/lv\/tooted\/sports-lv\/elektrolitu-pulveris-bez-garsas-120g\/","og_site_name":"Puhdas+","article_publisher":"https:\/\/www.facebook.com\/puhdasplus","article_modified_time":"2026-03-10T12:43:52+00:00","og_image":[{"width":1862,"height":2560,"url":"https:\/\/test.puhdasplus.ee\/wp-content\/uploads\/2019\/10\/Untitled-design-46-copy-2-scaled.jpg","type":"image\/jpeg"}],"twitter_card":"summary_large_image","twitter_misc":{"Est. reading time":"2 min\u016btes"},"schema":{"@context":"https:\/\/schema.org","@graph":[{"@type":"WebPage","@id":"https:\/\/test.puhdasplus.ee\/lv\/tooted\/sports-lv\/elektrolitu-pulveris-bez-garsas-120g\/","url":"https:\/\/test.puhdasplus.ee\/lv\/tooted\/sports-lv\/elektrolitu-pulveris-bez-garsas-120g\/","name":"Elektrol\u012btu pulveris bez gar\u0161as 120g - Puhdas+","isPartOf":{"@id":"https:\/\/test.puhdasplus.ee\/lv\/#website"},"primaryImageOfPage":{"@id":"https:\/\/test.puhdasplus.ee\/lv\/tooted\/sports-lv\/elektrolitu-pulveris-bez-garsas-120g\/#primaryimage"},"image":{"@id":"https:\/\/test.puhdasplus.ee\/lv\/tooted\/sports-lv\/elektrolitu-pulveris-bez-garsas-120g\/#primaryimage"},"thumbnailUrl":"https:\/\/test.puhdasplus.ee\/wp-content\/uploads\/2019\/10\/Untitled-design-46-copy-2-scaled.jpg","datePublished":"2019-10-22T08:03:41+00:00","dateModified":"2026-03-10T12:43:52+00:00","description":"Bezgar\u0161as elektrol\u012btu pulveris 120 g satur svar\u012bgas miner\u0101lvielas un uzturvielas, lai atbalst\u012btu elektrol\u012btu l\u012bdzsvaru un norm\u0101lu musku\u013cu darb\u012bbu.","breadcrumb":{"@id":"https:\/\/test.puhdasplus.ee\/lv\/tooted\/sports-lv\/elektrolitu-pulveris-bez-garsas-120g\/#breadcrumb"},"inLanguage":"lv-LV","potentialAction":[{"@type":"ReadAction","target":["https:\/\/test.puhdasplus.ee\/lv\/tooted\/sports-lv\/elektrolitu-pulveris-bez-garsas-120g\/"]}]},{"@type":"ImageObject","inLanguage":"lv-LV","@id":"https:\/\/test.puhdasplus.ee\/lv\/tooted\/sports-lv\/elektrolitu-pulveris-bez-garsas-120g\/#primaryimage","url":"https:\/\/test.puhdasplus.ee\/wp-content\/uploads\/2019\/10\/Untitled-design-46-copy-2-scaled.jpg","contentUrl":"https:\/\/test.puhdasplus.ee\/wp-content\/uploads\/2019\/10\/Untitled-design-46-copy-2-scaled.jpg","width":1862,"height":2560,"caption":"Elektrol\u012btu pulveris bez gar\u0161as 120g"},{"@type":"BreadcrumbList","@id":"https:\/\/test.puhdasplus.ee\/lv\/tooted\/sports-lv\/elektrolitu-pulveris-bez-garsas-120g\/#breadcrumb","itemListElement":[{"@type":"ListItem","position":1,"name":"S\u0101kums","item":"https:\/\/test.puhdasplus.ee\/lv\/"},{"@type":"ListItem","position":2,"name":"Produkti","item":"https:\/\/test.puhdasplus.ee\/lv\/veikals\/"},{"@type":"ListItem","position":3,"name":"Elektrol\u012btu pulveris bez gar\u0161as 120g"}]},{"@type":"WebSite","@id":"https:\/\/test.puhdasplus.ee\/lv\/#website","url":"https:\/\/test.puhdasplus.ee\/lv\/","name":"Puhdas+","description":"Vitamiinid, Toidulisandid, looduskosmeetika, tervis, sport","publisher":{"@id":"https:\/\/test.puhdasplus.ee\/lv\/#organization"},"potentialAction":[{"@type":"SearchAction","target":{"@type":"EntryPoint","urlTemplate":"https:\/\/test.puhdasplus.ee\/lv\/?s={search_term_string}"},"query-input":{"@type":"PropertyValueSpecification","valueRequired":true,"valueName":"search_term_string"}}],"inLanguage":"lv-LV"},{"@type":"Organization","@id":"https:\/\/test.puhdasplus.ee\/lv\/#organization","name":"Puhdas+","alternateName":"Puhdasplus","url":"https:\/\/test.puhdasplus.ee\/lv\/","logo":{"@type":"ImageObject","inLanguage":"lv-LV","@id":"https:\/\/test.puhdasplus.ee\/lv\/#\/schema\/logo\/image\/","url":"https:\/\/test.puhdasplus.ee\/\/wp-content\/uploads\/2019\/10\/puhdas_logo-arvele.png","contentUrl":"https:\/\/test.puhdasplus.ee\/\/wp-content\/uploads\/2019\/10\/puhdas_logo-arvele.png","width":114,"height":94,"caption":"Puhdas+"},"image":{"@id":"https:\/\/test.puhdasplus.ee\/lv\/#\/schema\/logo\/image\/"},"sameAs":["https:\/\/www.facebook.com\/puhdasplus","https:\/\/www.instagram.com\/puhdasplus_ee\/"]}]}},"_links":{"self":[{"href":"https:\/\/test.puhdasplus.ee\/lv\/wp-json\/wp\/v2\/product\/353477","targetHints":{"allow":["GET"]}}],"collection":[{"href":"https:\/\/test.puhdasplus.ee\/lv\/wp-json\/wp\/v2\/product"}],"about":[{"href":"https:\/\/test.puhdasplus.ee\/lv\/wp-json\/wp\/v2\/types\/product"}],"replies":[{"embeddable":true,"href":"https:\/\/test.puhdasplus.ee\/lv\/wp-json\/wp\/v2\/comments?post=353477"}],"wp:featuredmedia":[{"embeddable":true,"href":"https:\/\/test.puhdasplus.ee\/lv\/wp-json\/wp\/v2\/media\/353484"}],"wp:attachment":[{"href":"https:\/\/test.puhdasplus.ee\/lv\/wp-json\/wp\/v2\/media?parent=353477"}],"wp:term":[{"taxonomy":"product_brand","embeddable":true,"href":"https:\/\/test.puhdasplus.ee\/lv\/wp-json\/wp\/v2\/product_brand?post=353477"},{"taxonomy":"product_cat","embeddable":true,"href":"https:\/\/test.puhdasplus.ee\/lv\/wp-json\/wp\/v2\/product_cat?post=353477"},{"taxonomy":"product_tag","embeddable":true,"href":"https:\/\/test.puhdasplus.ee\/lv\/wp-json\/wp\/v2\/product_tag?post=353477"}],"curies":[{"name":"wp","href":"https:\/\/api.w.org\/{rel}","templated":true}]}}