{"id":353455,"date":"2025-08-25T14:14:33","date_gmt":"2025-08-25T11:14:33","guid":{"rendered":"https:\/\/test.puhdasplus.ee\/\/tooted\/uncategorized\/beta-karotins-15-mg-60-kapsulas\/"},"modified":"2026-03-04T22:06:01","modified_gmt":"2026-03-04T20:06:01","slug":"beta-karotins-15-mg-60-kapsulas","status":"publish","type":"product","link":"https:\/\/test.puhdasplus.ee\/lv\/tooted\/imunsistema\/beta-karotins-15-mg-60-kapsulas\/","title":{"rendered":"Beta-karot\u012bns 15 mg 60 kapsulas"},"content":{"rendered":"<h2 data-start=\"313\" data-end=\"684\">Sp\u0113c\u012bgais beta karot\u012bns satur dabisko beta karot\u012bnu, kas ir A vitam\u012bna priek\u0161tecis. Organisms p\u0113c nepiecie\u0161am\u012bbas p\u0101rveido beta karot\u012bnu par A vitam\u012bnu. A vitam\u012bns pal\u012bdz uztur\u0113t norm\u0101lu redzi, atbalsta norm\u0101lu im\u016bnsist\u0113mas un \u0101das darb\u012bbu.  <\/h2>\n<p data-start=\"686\" data-end=\"827\">\u0160is t\u012brais, augstas kvalit\u0101tes uztura bag\u0101tin\u0101t\u0101js ir pieejams \u0113rt\u0101 kapsulu form\u0101 un nesatur glut\u0113nu, laktozi, raugu, cukuru vai m\u0101ksl\u012bgos saldin\u0101t\u0101jus.<\/p>\n<ul>\n<li data-start=\"286\" data-end=\"578\">\n<p data-start=\"288\" data-end=\"578\"><strong data-start=\"288\" data-end=\"321\">Pal\u012bdz uztur\u0113t norm\u0101lu \u0101das st\u0101vokli<\/strong><br data-start=\"321\" data-end=\"324\"> Beta-karot\u012bns ir A vitam\u012bna priek\u0161tecis, ko organisms nepiecie\u0161am\u012bbas gad\u012bjum\u0101 p\u0101rv\u0113r\u0161 par akt\u012bvo A vitam\u012bnu. A vitam\u012bns veicina norm\u0101las \u0101das funkcijas. <\/p>\n<p class=\"p1\"><b>Beta-karot\u012bnu bie\u017ei lieto ar\u012b \u0101das atbalstam pirms un p\u0113c saules iedarb\u012bbas, \u012bpa\u0161i vasaras sezon\u0101.<\/b><\/p>\n<\/li>\n<li data-start=\"580\" data-end=\"770\">\n<p data-start=\"582\" data-end=\"770\"><strong data-start=\"582\" data-end=\"618\">Pal\u012bdz uztur\u0113t norm\u0101lu redzi<\/strong><br data-start=\"618\" data-end=\"621\"> A vitam\u012bns ir svar\u012bgs acu vesel\u012bbai. Tas pal\u012bdz uztur\u0113t norm\u0101lu t\u012bklenes darb\u012bbu un veicina skaidru redzi, \u012bpa\u0161i v\u0101j\u0101 apgaismojum\u0101. <\/p>\n<\/li>\n<li data-start=\"772\" data-end=\"1004\">\n<p data-start=\"774\" data-end=\"1004\"><strong data-start=\"774\" data-end=\"820\">Atbalsta norm\u0101lu im\u016bnsist\u0113mas darb\u012bbu<\/strong><br data-start=\"820\" data-end=\"823\"> A vitam\u012bns veicina norm\u0101lu im\u016bnsist\u0113mas darb\u012bbu, kas noz\u012bm\u0113, ka organisma aizsardz\u012bbas meh\u0101nismi darbojas l\u012bdzsvaroti. Tas ir svar\u012bgi ikdienas iztur\u012bbas uztur\u0113\u0161anai. <\/p>\n<\/li>\n<li data-start=\"1006\" data-end=\"1219\">\n<p data-start=\"1008\" data-end=\"1219\"><strong data-start=\"1008\" data-end=\"1052\">Veicina \u0161\u016bnu specializ\u0101ciju<\/strong><br data-start=\"1052\" data-end=\"1055\"> A vitam\u012bns ir nepiecie\u0161ams \u0161\u016bnu atjauno\u0161an\u0101s un att\u012bst\u012bbai. Tas atbalsta \u0161\u016bnu specializ\u0101ciju, kas ir svar\u012bga norm\u0101lai aug\u0161anai un audu atjauno\u0161anai organism\u0101. <\/p>\n<\/li>\n<\/ul>\n<h3 data-start=\"1114\" data-end=\"1135\"><strong data-start=\"1118\" data-end=\"1133\">Sast\u0101vda\u013cas<\/strong><\/h3>\n<p data-start=\"1136\" data-end=\"1222\">Beta-karot\u012bns, pildviela (maltodekstr\u012bns), kapsula (hidroksipropilmetilceluloze).  <strong data-start=\"1305\" data-end=\"1326\">Piem\u0113rots veg\u0101niem.<\/strong><\/p>\n<h3 data-start=\"1114\" data-end=\"1135\"><strong data-start=\"1118\" data-end=\"1133\">Uzturvielu saturs<\/strong><\/h3>\n<p data-start=\"1136\" data-end=\"1222\">1 kapsul\u0101: Beta-karot\u012bns 15 mg, kas atbilst 2500 \u00b5g A vitam\u012bna = 313% no NRV<br data-start=\"881\" data-end=\"884\"> NRV \u2013 ieteicam\u0101 dienas deva pieaugu\u0161ajiem.<\/p>\n<h3 data-start=\"1335\" data-end=\"1358\"><strong data-start=\"1339\" data-end=\"1356\">Lietot\u0101ja rokasgr\u0101mata<\/strong><\/h3>\n<p data-start=\"1359\" data-end=\"1471\">Pieaugu\u0161ajiem: <strong data-start=\"1376\" data-end=\"1395\">1 kapsula dien\u0101<\/strong> , v\u0113lams \u0113\u0161anas laik\u0101.<br data-start=\"1424\" data-end=\"1427\"> Ieteicamo dienas devu nedr\u012bkst p\u0101rsniegt.<\/p>\n<h3 data-start=\"1478\" data-end=\"1497\"><strong data-start=\"1482\" data-end=\"1495\">Br\u012bdin\u0101jumi<\/strong><\/h3>\n<ul data-start=\"1498\" data-end=\"1703\">\n<li data-start=\"1498\" data-end=\"1590\">\n<p data-start=\"1500\" data-end=\"1590\">Uztura bag\u0101tin\u0101t\u0101js neaizst\u0101j daudzveid\u012bgu un sabalans\u0113tu uzturu vai vesel\u012bgu dz\u012bvesveidu.<\/p>\n<\/li>\n<li data-start=\"1591\" data-end=\"1626\">\n<p data-start=\"1593\" data-end=\"1626\">Sarg\u0101t no b\u0113rniem.<\/p>\n<\/li>\n<li data-start=\"1627\" data-end=\"1703\">\n<p data-start=\"1629\" data-end=\"1703\">Pirms lieto\u0161anas gr\u016btniec\u012bbas un z\u012bd\u012b\u0161anas laik\u0101 konsult\u0113jieties ar \u0101rstu.<\/p>\n<\/li>\n<\/ul>\n<h3 data-start=\"1710\" data-end=\"1726\"><strong data-start=\"1714\" data-end=\"1724\">Iepakojums<\/strong><\/h3>\n<p data-start=\"1727\" data-end=\"1780\">60 kapsulas (neto svars 30 g).<\/p>\n<p data-start=\"1727\" data-end=\"1780\"><strong data-start=\"1813\" data-end=\"1824\">Ra\u017eot\u0101js:<\/strong> New Organics Oy, Somija<br data-start=\"1847\" data-end=\"1850\"><strong data-start=\"1850\" data-end=\"1865\">Import\u0113t\u0101js:<\/strong> NordenBio O\u00dc, Narva mnt 7, 10117 Tallina, Igaunija<\/p>\n","protected":false},"excerpt":{"rendered":"<p class=\"p1\"><span class=\"s1\"><b>Puhdas+ Sp\u0113c\u012bgs b\u0113ta-karot\u012bns 15 mg<\/b><\/span> ir dabisks un efekt\u012bvs uztura bag\u0101tin\u0101t\u0101js, kas veicina \u0101das skaistumu un labsaj\u016btu, pal\u012bdz saglab\u0101t skaidru redzi un veicina norm\u0101lu im\u016bnsist\u0113mas darb\u012bbu. T\u0101 k\u0101 b\u0113ta-karot\u012bns darbojas k\u0101 A vitam\u012bna priek\u0161tecis, organisms to var izmantot tie\u0161i tik daudz, cik nepiecie\u0161ams. <\/p>\n<p class=\"p3\"><b>Beta-karot\u012bns tiek uzskat\u012bts par labu izv\u0113li, \u012bpa\u0161i pirms un p\u0113c saules iedarb\u012bbas, k\u0101 ar\u012b gatavojoties vasaras sezonai, ta\u010du t\u0101 labv\u0113l\u012bg\u0101 ietekme attiecas ar\u012b uz \u0101das atbalstu visa gada garum\u0101.<\/b><b><\/b><\/p>\n<p class=\"p1\">\u0160\u012b t\u012br\u0101, veg\u0101niem draudz\u012bg\u0101 un \u0113rt\u0101 kapsulu forma padara ikdienas lieto\u0161anu par vienk\u0101r\u0161u ieradumu, kas uztur j\u016bsu \u0137ermeni un pr\u0101tu stipru visu gadu.<\/p>\n","protected":false},"featured_media":352684,"comment_status":"open","ping_status":"closed","template":"","meta":{"_acf_changed":false},"product_brand":[],"product_cat":[4584,3066],"product_tag":[6739,3425,6731,2603,6737,6741,3752,6734,6733,6743,6729,6744,6588,6745,6560,6742],"class_list":{"0":"post-353455","1":"product","2":"type-product","3":"status-publish","4":"has-post-thumbnail","6":"product_cat-acim","7":"product_cat-imunsistema","8":"product_tag-a-vitamina-prekursors","9":"product_tag-antioksidantu-aizsardziba","10":"product_tag-beta-karotina-kapsulas","11":"product_tag-beta-karotins","12":"product_tag-dabigais-beta-karotins","13":"product_tag-dabigs-a-vitamins","14":"product_tag-imunsistemas-atbalsts-lv","15":"product_tag-pureplus-beta-karotins","16":"product_tag-specigs-beta-karotins","17":"product_tag-uztura-bagatinataji-imunitatei","18":"product_tag-veganu-vitamini","19":"product_tag-vitamini-acim","20":"product_tag-vitamini-adai","21":"product_tag-vitamini-adas-veselibai","22":"product_tag-vitamini-pieaugusajiem","23":"product_tag-vitamini-redzei","25":"first","26":"onbackorder","27":"taxable","28":"shipping-taxable","29":"purchasable","30":"product-type-simple"},"acf":[],"yoast_head":"<!-- This site is optimized with the Yoast SEO plugin v27.1.1 - https:\/\/yoast.com\/product\/yoast-seo-wordpress\/ -->\n<title>Beta-karot\u012bns 15 mg 60 kapsulas - Puhdas+<\/title>\n<meta name=\"description\" content=\"Pure+ Strong beta karot\u012bns 15 mg atbalsta \u0101das, im\u016bnsist\u0113mas un redzes vesel\u012bbu un pal\u012bdz aizsarg\u0101t \u0161\u016bnas no oksidat\u012bv\u0101 stresa. Veg\u0101ns.\" \/>\n<meta name=\"robots\" content=\"noindex, follow, max-snippet:-1, max-image-preview:large, max-video-preview:-1\" \/>\n<meta property=\"og:locale\" content=\"lv_LV\" \/>\n<meta property=\"og:type\" content=\"article\" \/>\n<meta property=\"og:title\" content=\"Beta-karot\u012bns 15 mg 60 kapsulas - Puhdas+\" \/>\n<meta property=\"og:description\" content=\"Pure+ Strong beta karot\u012bns 15 mg atbalsta \u0101das, im\u016bnsist\u0113mas un redzes vesel\u012bbu un pal\u012bdz aizsarg\u0101t \u0161\u016bnas no oksidat\u012bv\u0101 stresa. Veg\u0101ns.\" \/>\n<meta property=\"og:url\" content=\"https:\/\/test.puhdasplus.ee\/lv\/tooted\/imunsistema\/beta-karotins-15-mg-60-kapsulas\/\" \/>\n<meta property=\"og:site_name\" content=\"Puhdas+\" \/>\n<meta property=\"article:publisher\" content=\"https:\/\/www.facebook.com\/puhdasplus\" \/>\n<meta property=\"article:modified_time\" content=\"2026-03-04T20:06:01+00:00\" \/>\n<meta property=\"og:image\" content=\"https:\/\/test.puhdasplus.ee\/wp-content\/uploads\/2025\/08\/tooted-ilma-taustata-copy-6-scaled.jpg\" \/>\n\t<meta property=\"og:image:width\" content=\"1862\" \/>\n\t<meta property=\"og:image:height\" content=\"2560\" \/>\n\t<meta property=\"og:image:type\" content=\"image\/jpeg\" \/>\n<meta name=\"twitter:card\" content=\"summary_large_image\" \/>\n<meta name=\"twitter:label1\" content=\"Est. reading time\" \/>\n\t<meta name=\"twitter:data1\" content=\"2 min\u016btes\" \/>\n<script type=\"application\/ld+json\" class=\"yoast-schema-graph\">{\"@context\":\"https:\/\/schema.org\",\"@graph\":[{\"@type\":\"WebPage\",\"@id\":\"https:\/\/test.puhdasplus.ee\/lv\/tooted\/imunsistema\/beta-karotins-15-mg-60-kapsulas\/\",\"url\":\"https:\/\/test.puhdasplus.ee\/lv\/tooted\/imunsistema\/beta-karotins-15-mg-60-kapsulas\/\",\"name\":\"Beta-karot\u012bns 15 mg 60 kapsulas - Puhdas+\",\"isPartOf\":{\"@id\":\"https:\/\/test.puhdasplus.ee\/lv\/#website\"},\"primaryImageOfPage\":{\"@id\":\"https:\/\/test.puhdasplus.ee\/lv\/tooted\/imunsistema\/beta-karotins-15-mg-60-kapsulas\/#primaryimage\"},\"image\":{\"@id\":\"https:\/\/test.puhdasplus.ee\/lv\/tooted\/imunsistema\/beta-karotins-15-mg-60-kapsulas\/#primaryimage\"},\"thumbnailUrl\":\"https:\/\/test.puhdasplus.ee\/wp-content\/uploads\/2025\/08\/tooted-ilma-taustata-copy-6-scaled.jpg\",\"datePublished\":\"2025-08-25T11:14:33+00:00\",\"dateModified\":\"2026-03-04T20:06:01+00:00\",\"description\":\"Pure+ Strong beta karot\u012bns 15 mg atbalsta \u0101das, im\u016bnsist\u0113mas un redzes vesel\u012bbu un pal\u012bdz aizsarg\u0101t \u0161\u016bnas no oksidat\u012bv\u0101 stresa. Veg\u0101ns.\",\"breadcrumb\":{\"@id\":\"https:\/\/test.puhdasplus.ee\/lv\/tooted\/imunsistema\/beta-karotins-15-mg-60-kapsulas\/#breadcrumb\"},\"inLanguage\":\"lv-LV\",\"potentialAction\":[{\"@type\":\"ReadAction\",\"target\":[\"https:\/\/test.puhdasplus.ee\/lv\/tooted\/imunsistema\/beta-karotins-15-mg-60-kapsulas\/\"]}]},{\"@type\":\"ImageObject\",\"inLanguage\":\"lv-LV\",\"@id\":\"https:\/\/test.puhdasplus.ee\/lv\/tooted\/imunsistema\/beta-karotins-15-mg-60-kapsulas\/#primaryimage\",\"url\":\"https:\/\/test.puhdasplus.ee\/wp-content\/uploads\/2025\/08\/tooted-ilma-taustata-copy-6-scaled.jpg\",\"contentUrl\":\"https:\/\/test.puhdasplus.ee\/wp-content\/uploads\/2025\/08\/tooted-ilma-taustata-copy-6-scaled.jpg\",\"width\":1862,\"height\":2560,\"caption\":\"Beta-karot\u012bns 15 mg, 60 kapsulas\"},{\"@type\":\"BreadcrumbList\",\"@id\":\"https:\/\/test.puhdasplus.ee\/lv\/tooted\/imunsistema\/beta-karotins-15-mg-60-kapsulas\/#breadcrumb\",\"itemListElement\":[{\"@type\":\"ListItem\",\"position\":1,\"name\":\"S\u0101kums\",\"item\":\"https:\/\/test.puhdasplus.ee\/lv\/\"},{\"@type\":\"ListItem\",\"position\":2,\"name\":\"Produkti\",\"item\":\"https:\/\/test.puhdasplus.ee\/lv\/veikals\/\"},{\"@type\":\"ListItem\",\"position\":3,\"name\":\"Beta-karot\u012bns 15 mg 60 kapsulas\"}]},{\"@type\":\"WebSite\",\"@id\":\"https:\/\/test.puhdasplus.ee\/lv\/#website\",\"url\":\"https:\/\/test.puhdasplus.ee\/lv\/\",\"name\":\"Puhdas+\",\"description\":\"Vitamiinid, Toidulisandid, looduskosmeetika, tervis, sport\",\"publisher\":{\"@id\":\"https:\/\/test.puhdasplus.ee\/lv\/#organization\"},\"potentialAction\":[{\"@type\":\"SearchAction\",\"target\":{\"@type\":\"EntryPoint\",\"urlTemplate\":\"https:\/\/test.puhdasplus.ee\/lv\/?s={search_term_string}\"},\"query-input\":{\"@type\":\"PropertyValueSpecification\",\"valueRequired\":true,\"valueName\":\"search_term_string\"}}],\"inLanguage\":\"lv-LV\"},{\"@type\":\"Organization\",\"@id\":\"https:\/\/test.puhdasplus.ee\/lv\/#organization\",\"name\":\"Puhdas+\",\"alternateName\":\"Puhdasplus\",\"url\":\"https:\/\/test.puhdasplus.ee\/lv\/\",\"logo\":{\"@type\":\"ImageObject\",\"inLanguage\":\"lv-LV\",\"@id\":\"https:\/\/test.puhdasplus.ee\/lv\/#\/schema\/logo\/image\/\",\"url\":\"https:\/\/test.puhdasplus.ee\/\/wp-content\/uploads\/2019\/10\/puhdas_logo-arvele.png\",\"contentUrl\":\"https:\/\/test.puhdasplus.ee\/\/wp-content\/uploads\/2019\/10\/puhdas_logo-arvele.png\",\"width\":114,\"height\":94,\"caption\":\"Puhdas+\"},\"image\":{\"@id\":\"https:\/\/test.puhdasplus.ee\/lv\/#\/schema\/logo\/image\/\"},\"sameAs\":[\"https:\/\/www.facebook.com\/puhdasplus\",\"https:\/\/www.instagram.com\/puhdasplus_ee\/\"]}]}<\/script>\n<!-- \/ Yoast SEO plugin. -->","yoast_head_json":{"title":"Beta-karot\u012bns 15 mg 60 kapsulas - Puhdas+","description":"Pure+ Strong beta karot\u012bns 15 mg atbalsta \u0101das, im\u016bnsist\u0113mas un redzes vesel\u012bbu un pal\u012bdz aizsarg\u0101t \u0161\u016bnas no oksidat\u012bv\u0101 stresa. Veg\u0101ns.","robots":{"index":"noindex","follow":"follow","max-snippet":"max-snippet:-1","max-image-preview":"max-image-preview:large","max-video-preview":"max-video-preview:-1"},"og_locale":"lv_LV","og_type":"article","og_title":"Beta-karot\u012bns 15 mg 60 kapsulas - Puhdas+","og_description":"Pure+ Strong beta karot\u012bns 15 mg atbalsta \u0101das, im\u016bnsist\u0113mas un redzes vesel\u012bbu un pal\u012bdz aizsarg\u0101t \u0161\u016bnas no oksidat\u012bv\u0101 stresa. Veg\u0101ns.","og_url":"https:\/\/test.puhdasplus.ee\/lv\/tooted\/imunsistema\/beta-karotins-15-mg-60-kapsulas\/","og_site_name":"Puhdas+","article_publisher":"https:\/\/www.facebook.com\/puhdasplus","article_modified_time":"2026-03-04T20:06:01+00:00","og_image":[{"width":1862,"height":2560,"url":"https:\/\/test.puhdasplus.ee\/wp-content\/uploads\/2025\/08\/tooted-ilma-taustata-copy-6-scaled.jpg","type":"image\/jpeg"}],"twitter_card":"summary_large_image","twitter_misc":{"Est. reading time":"2 min\u016btes"},"schema":{"@context":"https:\/\/schema.org","@graph":[{"@type":"WebPage","@id":"https:\/\/test.puhdasplus.ee\/lv\/tooted\/imunsistema\/beta-karotins-15-mg-60-kapsulas\/","url":"https:\/\/test.puhdasplus.ee\/lv\/tooted\/imunsistema\/beta-karotins-15-mg-60-kapsulas\/","name":"Beta-karot\u012bns 15 mg 60 kapsulas - Puhdas+","isPartOf":{"@id":"https:\/\/test.puhdasplus.ee\/lv\/#website"},"primaryImageOfPage":{"@id":"https:\/\/test.puhdasplus.ee\/lv\/tooted\/imunsistema\/beta-karotins-15-mg-60-kapsulas\/#primaryimage"},"image":{"@id":"https:\/\/test.puhdasplus.ee\/lv\/tooted\/imunsistema\/beta-karotins-15-mg-60-kapsulas\/#primaryimage"},"thumbnailUrl":"https:\/\/test.puhdasplus.ee\/wp-content\/uploads\/2025\/08\/tooted-ilma-taustata-copy-6-scaled.jpg","datePublished":"2025-08-25T11:14:33+00:00","dateModified":"2026-03-04T20:06:01+00:00","description":"Pure+ Strong beta karot\u012bns 15 mg atbalsta \u0101das, im\u016bnsist\u0113mas un redzes vesel\u012bbu un pal\u012bdz aizsarg\u0101t \u0161\u016bnas no oksidat\u012bv\u0101 stresa. Veg\u0101ns.","breadcrumb":{"@id":"https:\/\/test.puhdasplus.ee\/lv\/tooted\/imunsistema\/beta-karotins-15-mg-60-kapsulas\/#breadcrumb"},"inLanguage":"lv-LV","potentialAction":[{"@type":"ReadAction","target":["https:\/\/test.puhdasplus.ee\/lv\/tooted\/imunsistema\/beta-karotins-15-mg-60-kapsulas\/"]}]},{"@type":"ImageObject","inLanguage":"lv-LV","@id":"https:\/\/test.puhdasplus.ee\/lv\/tooted\/imunsistema\/beta-karotins-15-mg-60-kapsulas\/#primaryimage","url":"https:\/\/test.puhdasplus.ee\/wp-content\/uploads\/2025\/08\/tooted-ilma-taustata-copy-6-scaled.jpg","contentUrl":"https:\/\/test.puhdasplus.ee\/wp-content\/uploads\/2025\/08\/tooted-ilma-taustata-copy-6-scaled.jpg","width":1862,"height":2560,"caption":"Beta-karot\u012bns 15 mg, 60 kapsulas"},{"@type":"BreadcrumbList","@id":"https:\/\/test.puhdasplus.ee\/lv\/tooted\/imunsistema\/beta-karotins-15-mg-60-kapsulas\/#breadcrumb","itemListElement":[{"@type":"ListItem","position":1,"name":"S\u0101kums","item":"https:\/\/test.puhdasplus.ee\/lv\/"},{"@type":"ListItem","position":2,"name":"Produkti","item":"https:\/\/test.puhdasplus.ee\/lv\/veikals\/"},{"@type":"ListItem","position":3,"name":"Beta-karot\u012bns 15 mg 60 kapsulas"}]},{"@type":"WebSite","@id":"https:\/\/test.puhdasplus.ee\/lv\/#website","url":"https:\/\/test.puhdasplus.ee\/lv\/","name":"Puhdas+","description":"Vitamiinid, Toidulisandid, looduskosmeetika, tervis, sport","publisher":{"@id":"https:\/\/test.puhdasplus.ee\/lv\/#organization"},"potentialAction":[{"@type":"SearchAction","target":{"@type":"EntryPoint","urlTemplate":"https:\/\/test.puhdasplus.ee\/lv\/?s={search_term_string}"},"query-input":{"@type":"PropertyValueSpecification","valueRequired":true,"valueName":"search_term_string"}}],"inLanguage":"lv-LV"},{"@type":"Organization","@id":"https:\/\/test.puhdasplus.ee\/lv\/#organization","name":"Puhdas+","alternateName":"Puhdasplus","url":"https:\/\/test.puhdasplus.ee\/lv\/","logo":{"@type":"ImageObject","inLanguage":"lv-LV","@id":"https:\/\/test.puhdasplus.ee\/lv\/#\/schema\/logo\/image\/","url":"https:\/\/test.puhdasplus.ee\/\/wp-content\/uploads\/2019\/10\/puhdas_logo-arvele.png","contentUrl":"https:\/\/test.puhdasplus.ee\/\/wp-content\/uploads\/2019\/10\/puhdas_logo-arvele.png","width":114,"height":94,"caption":"Puhdas+"},"image":{"@id":"https:\/\/test.puhdasplus.ee\/lv\/#\/schema\/logo\/image\/"},"sameAs":["https:\/\/www.facebook.com\/puhdasplus","https:\/\/www.instagram.com\/puhdasplus_ee\/"]}]}},"_links":{"self":[{"href":"https:\/\/test.puhdasplus.ee\/lv\/wp-json\/wp\/v2\/product\/353455","targetHints":{"allow":["GET"]}}],"collection":[{"href":"https:\/\/test.puhdasplus.ee\/lv\/wp-json\/wp\/v2\/product"}],"about":[{"href":"https:\/\/test.puhdasplus.ee\/lv\/wp-json\/wp\/v2\/types\/product"}],"replies":[{"embeddable":true,"href":"https:\/\/test.puhdasplus.ee\/lv\/wp-json\/wp\/v2\/comments?post=353455"}],"wp:featuredmedia":[{"embeddable":true,"href":"https:\/\/test.puhdasplus.ee\/lv\/wp-json\/wp\/v2\/media\/352684"}],"wp:attachment":[{"href":"https:\/\/test.puhdasplus.ee\/lv\/wp-json\/wp\/v2\/media?parent=353455"}],"wp:term":[{"taxonomy":"product_brand","embeddable":true,"href":"https:\/\/test.puhdasplus.ee\/lv\/wp-json\/wp\/v2\/product_brand?post=353455"},{"taxonomy":"product_cat","embeddable":true,"href":"https:\/\/test.puhdasplus.ee\/lv\/wp-json\/wp\/v2\/product_cat?post=353455"},{"taxonomy":"product_tag","embeddable":true,"href":"https:\/\/test.puhdasplus.ee\/lv\/wp-json\/wp\/v2\/product_tag?post=353455"}],"curies":[{"name":"wp","href":"https:\/\/api.w.org\/{rel}","templated":true}]}}