{"id":353417,"date":"2019-11-23T21:51:24","date_gmt":"2019-11-23T19:51:24","guid":{"rendered":"https:\/\/test.puhdasplus.ee\/\/tooted\/uncategorized\/sporta-hidrolizets-kolagena-pulveris-260g\/"},"modified":"2026-03-10T14:38:05","modified_gmt":"2026-03-10T12:38:05","slug":"sporta-hidrolizets-kolagena-pulveris-260g","status":"publish","type":"product","link":"https:\/\/test.puhdasplus.ee\/lv\/tooted\/ada-mati-nagi\/kolagens\/sporta-hidrolizets-kolagena-pulveris-260g\/","title":{"rendered":"Sporta hidroliz\u0113ts kolag\u0113na pulveris 260g"},"content":{"rendered":"<h3 data-start=\"143\" data-end=\"915\"><strong data-start=\"143\" data-end=\"170\">Sport Collagen<\/strong> ir augstas kvalit\u0101tes uztura bag\u0101tin\u0101t\u0101js, kas satur 100% hidroliz\u0113tu liellopu kolag\u0113nu un ir paz\u012bstams ar z\u012bmolu <strong data-start=\"278\" data-end=\"289\">Peptan\u00ae<\/strong> .<\/h3>\n<p data-start=\"143\" data-end=\"915\">Kolag\u0113ns ir visizplat\u012bt\u0101kais prote\u012bns organism\u0101, kas veido aptuveni 30% no kop\u0113j\u0101 organisma prote\u012bna daudzuma, un \u012bpa\u0161i augst\u0101 koncentr\u0101cij\u0101 tas ir atrodams kaulos, musku\u013cos, c\u012bpsl\u0101s un \u0101d\u0101. Aptuveni no 25 gadu vecuma organisma kolag\u0113na ra\u017eo\u0161ana s\u0101k samazin\u0101ties, kas var ietekm\u0113t saistaudu dabisko sast\u0101vu.  <\/p>\n<p data-start=\"143\" data-end=\"915\"><strong data-start=\"574\" data-end=\"601\">Pure+ Sport Collagen<\/strong> ir bezgar\u0161as pulveris, kas ir ide\u0101li piem\u0113rots akt\u012bviem cilv\u0113kiem, sportistiem un tiem, kas v\u0113las&#8230;<\/p>\n<p class=\"p1\">Bag\u0101tiniet savu uzturu ar kolag\u0113nu. Olbaltumvielas veicina musku\u013cu masas aug\u0161anu un uztur\u0113\u0161anu, k\u0101 ar\u012b norm\u0101lu skeleta darb\u012bbu. Sajauciet pulveri ar savu iecien\u012bt\u0101ko dz\u0113rienu, sm\u016btiju vai jogurtu un baudiet katru dienu.  <\/p>\n<p data-start=\"143\" data-end=\"915\">Sporta kolag\u0113ns ir hidroliz\u0113ts kolag\u0113na pulveris, kas piem\u0113rots cilv\u0113kiem ar sportisku dz\u012bvesveidu. Kolag\u0113ns ir olbaltumviela, kas dabiski rodas saistaudu strukt\u016br\u0101. <\/p>\n<p class=\"p1\">Hidroliz\u0113t\u0101 forma padara pulveri viegli un daudzpus\u012bgi lietojamu.<\/p>\n<h4 data-start=\"917\" data-end=\"939\"><strong data-start=\"917\" data-end=\"939\">Kolag\u0113na galven\u0101s \u012bpa\u0161\u012bbas:<\/strong><\/h4>\n<ul data-start=\"940\" data-end=\"1287\">\n<li data-start=\"940\" data-end=\"1031\"><strong data-start=\"942\" data-end=\"989\">Augstas kvalit\u0101tes Peptan\u00ae liellopu kolag\u0113ns:<\/strong> olbaltumvielas veicina musku\u013cu masas aug\u0161anu un uztur\u0113\u0161anu, k\u0101 ar\u012b norm\u0101lu kaulu darb\u012bbu.<\/li>\n<li data-start=\"1032\" data-end=\"1181\"><strong data-start=\"1034\" data-end=\"1070\">Bez gar\u0161as un piedev\u0101m:<\/strong> Nesatur konservantus, kr\u0101svielas vai saldin\u0101t\u0101jus, piem\u0113rots pievieno\u0161anai da\u017e\u0101diem dz\u0113rieniem un \u0113dieniem.<\/li>\n<li data-start=\"1182\" data-end=\"1287\"><strong data-start=\"1184\" data-end=\"1204\">Viegli lietojams:<\/strong> Viegli \u0161\u0137\u012bst \u0161\u0137idrumos, padarot to par \u0113rtu ikdienas uztura sast\u0101vda\u013cu.<\/li>\n<\/ul>\n<p data-start=\"1289\" data-end=\"1597\"><strong data-start=\"1289\" data-end=\"1304\">Lietojums:<\/strong><\/p>\n<ul>\n<li data-start=\"952\" data-end=\"1014\">Ieteicam\u0101 dienas deva: <strong data-start=\"980\" data-end=\"1011\">1 (\u0113damkarote ~8 g)<\/strong> .<\/li>\n<li data-start=\"1015\" data-end=\"1104\">Sajauciet ar gl\u0101zi \u016bdens vai cita dz\u0113riena un lietojiet p\u0113c nepiecie\u0161am\u012bbas.<\/li>\n<\/ul>\n<p data-start=\"1289\" data-end=\"1597\">Uzman\u012bbu: Nep\u0101rsniedziet ieteicamo dienas devu. Uztura bag\u0101tin\u0101t\u0101js neaizst\u0101j daudzveid\u012bgu un sabalans\u0113tu uzturu vai vesel\u012bgu dz\u012bvesveidu. Sarg\u0101t no b\u0113rniem.  <\/p>\n<h3 data-start=\"829\" data-end=\"852\"><strong data-start=\"835\" data-end=\"850\">Neietver:<\/strong><\/h3>\n<p data-start=\"853\" data-end=\"916\">Laktoze, glut\u0113ns, cukurs, m\u0101ksl\u012bg\u0101s piedevas<\/p>\n<p data-start=\"1737\" data-end=\"1785\"><strong data-start=\"1737\" data-end=\"1785\">Uzturv\u0113rt\u012bbas inform\u0101cija (1 \u0113damkarote ~8 g):<\/strong><\/p>\n<ul data-start=\"1786\" data-end=\"1833\">\n<li data-start=\"1786\" data-end=\"1833\"><strong data-start=\"1788\" data-end=\"1802\">Kolag\u0113ns:<\/strong> 8 g\n<ul data-start=\"1809\" data-end=\"1833\">\n<li data-start=\"1809\" data-end=\"1833\">tostarp olbaltumvielas: 7 g<\/li>\n<\/ul>\n<\/li>\n<\/ul>\n<p data-start=\"1317\" data-end=\"1342\"><strong data-start=\"1324\" data-end=\"1340\">Uzglab\u0101\u0161ana:<\/strong> Uzglab\u0101t saus\u0101 un v\u0113s\u0101 viet\u0101, sarg\u0101t no tie\u0161iem saules stariem.<\/p>\n","protected":false},"excerpt":{"rendered":"<p class=\"p1\"><b>SPORTA KOLAG\u0112NS \u2013 HIDROLIZ\u0112TS KOLAG\u0112NA PULVERIS 260 G<\/b><b><\/b><\/p>\n<p class=\"p2\">Hidroliz\u0113ts sporta kolag\u0113ns ir augstas kvalit\u0101tes uztura bag\u0101tin\u0101t\u0101js, kas satur 100% Peptan\u00ae liellopu kolag\u0113na. Kolag\u0113ns ir struktur\u0101la olbaltumviela, kas dabiski rodas organism\u0101 un atrodama saistaudos un musku\u013cos. \u0160\u012b olbaltumviela veicina musku\u013cu masas aug\u0161anu un uztur\u0113\u0161anu, k\u0101 ar\u012b norm\u0101lu kaulu darb\u012bbu. Pulveris ir bez gar\u0161as un viegli sajaucas ar \u016bdeni, koktei\u013ciem vai citiem dz\u0113rieniem.   <\/p>\n","protected":false},"featured_media":354241,"comment_status":"closed","ping_status":"closed","template":"","meta":{"_acf_changed":false},"product_brand":[],"product_cat":[3067,4069,3483,3038],"product_tag":[6665,6288,6287,5505,6673,6669,6279,6684,6686,6281,3484,6688,6680,6677,6675,6682,5371,3225,3724,6667,6285,6671,6282,6286],"class_list":{"0":"post-353417","1":"product","2":"type-product","3":"status-publish","4":"has-post-thumbnail","6":"product_cat-ipasie-piedavajumi","7":"product_cat-kolagens","8":"product_cat-locitavas-muskuli-un-kauli","9":"product_cat-sports-lv","10":"product_tag-atbalsts-aktivam-dzivesveidam","11":"product_tag-augstas-kvalitates-kolagens","12":"product_tag-bezgarsas-kolagena-pulveris","13":"product_tag-dabigais-kolagens","14":"product_tag-hidrolizets-kolagena-pulveris","15":"product_tag-hidrolizets-liellopu-kolagens","16":"product_tag-kolagena-pulveris","17":"product_tag-kolagena-pulveris-ikdienas-lietosanai","18":"product_tag-kolagena-uztura-bagatinatajs-lv","19":"product_tag-kolagena-uztura-bagatinatajs","20":"product_tag-kolagens","21":"product_tag-kolagens-bez-glutena","22":"product_tag-kolagens-locitavam","23":"product_tag-kolagens-muskuliem","24":"product_tag-kolagens-sportistiem","25":"product_tag-labakais-kolagens-atveselosanai","26":"product_tag-locitavu-veseliba","27":"product_tag-muskuli-un-locitavas","28":"product_tag-muskulu-atjaunosanas","29":"product_tag-peptan-kolagens","30":"product_tag-saistaudu-atbalsts","31":"product_tag-sporta-kolagens","32":"product_tag-sporta-uztura-bagatinataji","33":"product_tag-tira-kolagena-piedevas","35":"first","36":"instock","37":"sale","38":"featured","39":"taxable","40":"shipping-taxable","41":"purchasable","42":"product-type-simple"},"acf":[],"yoast_head":"<!-- This site is optimized with the Yoast SEO plugin v27.1.1 - https:\/\/yoast.com\/product\/yoast-seo-wordpress\/ -->\n<title>Sporta hidroliz\u0113ts kolag\u0113na pulveris 260g - Puhdas+<\/title>\n<meta name=\"description\" content=\"Sport Collagen 260 g ir \u0101tri uzs\u016bco\u0161s hidroliz\u0113ts kolag\u0113na pulveris, kas atbalsta musku\u013cu atjauno\u0161anos, loc\u012btavu elast\u012bbu un \u0101das elast\u012bbu.\" \/>\n<meta name=\"robots\" content=\"noindex, follow, max-snippet:-1, max-image-preview:large, max-video-preview:-1\" \/>\n<meta property=\"og:locale\" content=\"lv_LV\" \/>\n<meta property=\"og:type\" content=\"article\" \/>\n<meta property=\"og:title\" content=\"Sporta hidroliz\u0113ts kolag\u0113na pulveris 260g - Puhdas+\" \/>\n<meta property=\"og:description\" content=\"Sport Collagen 260 g ir \u0101tri uzs\u016bco\u0161s hidroliz\u0113ts kolag\u0113na pulveris, kas atbalsta musku\u013cu atjauno\u0161anos, loc\u012btavu elast\u012bbu un \u0101das elast\u012bbu.\" \/>\n<meta property=\"og:url\" content=\"https:\/\/test.puhdasplus.ee\/lv\/tooted\/ada-mati-nagi\/kolagens\/sporta-hidrolizets-kolagena-pulveris-260g\/\" \/>\n<meta property=\"og:site_name\" content=\"Puhdas+\" \/>\n<meta property=\"article:publisher\" content=\"https:\/\/www.facebook.com\/puhdasplus\" \/>\n<meta property=\"article:modified_time\" content=\"2026-03-10T12:38:05+00:00\" \/>\n<meta property=\"og:image\" content=\"https:\/\/test.puhdasplus.ee\/wp-content\/uploads\/2019\/11\/tooted-ilma-taustata-1-scaled.jpg\" \/>\n\t<meta property=\"og:image:width\" content=\"1862\" \/>\n\t<meta property=\"og:image:height\" content=\"2560\" \/>\n\t<meta property=\"og:image:type\" content=\"image\/jpeg\" \/>\n<meta name=\"twitter:card\" content=\"summary_large_image\" \/>\n<meta name=\"twitter:label1\" content=\"Est. reading time\" \/>\n\t<meta name=\"twitter:data1\" content=\"2 min\u016btes\" \/>\n<script type=\"application\/ld+json\" class=\"yoast-schema-graph\">{\"@context\":\"https:\/\/schema.org\",\"@graph\":[{\"@type\":\"WebPage\",\"@id\":\"https:\/\/test.puhdasplus.ee\/lv\/tooted\/ada-mati-nagi\/kolagens\/sporta-hidrolizets-kolagena-pulveris-260g\/\",\"url\":\"https:\/\/test.puhdasplus.ee\/lv\/tooted\/ada-mati-nagi\/kolagens\/sporta-hidrolizets-kolagena-pulveris-260g\/\",\"name\":\"Sporta hidroliz\u0113ts kolag\u0113na pulveris 260g - Puhdas+\",\"isPartOf\":{\"@id\":\"https:\/\/test.puhdasplus.ee\/lv\/#website\"},\"primaryImageOfPage\":{\"@id\":\"https:\/\/test.puhdasplus.ee\/lv\/tooted\/ada-mati-nagi\/kolagens\/sporta-hidrolizets-kolagena-pulveris-260g\/#primaryimage\"},\"image\":{\"@id\":\"https:\/\/test.puhdasplus.ee\/lv\/tooted\/ada-mati-nagi\/kolagens\/sporta-hidrolizets-kolagena-pulveris-260g\/#primaryimage\"},\"thumbnailUrl\":\"https:\/\/test.puhdasplus.ee\/wp-content\/uploads\/2019\/11\/tooted-ilma-taustata-1-scaled.jpg\",\"datePublished\":\"2019-11-23T19:51:24+00:00\",\"dateModified\":\"2026-03-10T12:38:05+00:00\",\"description\":\"Sport Collagen 260 g ir \u0101tri uzs\u016bco\u0161s hidroliz\u0113ts kolag\u0113na pulveris, kas atbalsta musku\u013cu atjauno\u0161anos, loc\u012btavu elast\u012bbu un \u0101das elast\u012bbu.\",\"breadcrumb\":{\"@id\":\"https:\/\/test.puhdasplus.ee\/lv\/tooted\/ada-mati-nagi\/kolagens\/sporta-hidrolizets-kolagena-pulveris-260g\/#breadcrumb\"},\"inLanguage\":\"lv-LV\",\"potentialAction\":[{\"@type\":\"ReadAction\",\"target\":[\"https:\/\/test.puhdasplus.ee\/lv\/tooted\/ada-mati-nagi\/kolagens\/sporta-hidrolizets-kolagena-pulveris-260g\/\"]}]},{\"@type\":\"ImageObject\",\"inLanguage\":\"lv-LV\",\"@id\":\"https:\/\/test.puhdasplus.ee\/lv\/tooted\/ada-mati-nagi\/kolagens\/sporta-hidrolizets-kolagena-pulveris-260g\/#primaryimage\",\"url\":\"https:\/\/test.puhdasplus.ee\/wp-content\/uploads\/2019\/11\/tooted-ilma-taustata-1-scaled.jpg\",\"contentUrl\":\"https:\/\/test.puhdasplus.ee\/wp-content\/uploads\/2019\/11\/tooted-ilma-taustata-1-scaled.jpg\",\"width\":1862,\"height\":2560,\"caption\":\"Sporta hidroliz\u0113ts kolag\u0113na pulveris 260g\"},{\"@type\":\"BreadcrumbList\",\"@id\":\"https:\/\/test.puhdasplus.ee\/lv\/tooted\/ada-mati-nagi\/kolagens\/sporta-hidrolizets-kolagena-pulveris-260g\/#breadcrumb\",\"itemListElement\":[{\"@type\":\"ListItem\",\"position\":1,\"name\":\"S\u0101kums\",\"item\":\"https:\/\/test.puhdasplus.ee\/lv\/\"},{\"@type\":\"ListItem\",\"position\":2,\"name\":\"Produkti\",\"item\":\"https:\/\/test.puhdasplus.ee\/lv\/veikals\/\"},{\"@type\":\"ListItem\",\"position\":3,\"name\":\"Sporta hidroliz\u0113ts kolag\u0113na pulveris 260g\"}]},{\"@type\":\"WebSite\",\"@id\":\"https:\/\/test.puhdasplus.ee\/lv\/#website\",\"url\":\"https:\/\/test.puhdasplus.ee\/lv\/\",\"name\":\"Puhdas+\",\"description\":\"Vitamiinid, Toidulisandid, looduskosmeetika, tervis, sport\",\"publisher\":{\"@id\":\"https:\/\/test.puhdasplus.ee\/lv\/#organization\"},\"potentialAction\":[{\"@type\":\"SearchAction\",\"target\":{\"@type\":\"EntryPoint\",\"urlTemplate\":\"https:\/\/test.puhdasplus.ee\/lv\/?s={search_term_string}\"},\"query-input\":{\"@type\":\"PropertyValueSpecification\",\"valueRequired\":true,\"valueName\":\"search_term_string\"}}],\"inLanguage\":\"lv-LV\"},{\"@type\":\"Organization\",\"@id\":\"https:\/\/test.puhdasplus.ee\/lv\/#organization\",\"name\":\"Puhdas+\",\"alternateName\":\"Puhdasplus\",\"url\":\"https:\/\/test.puhdasplus.ee\/lv\/\",\"logo\":{\"@type\":\"ImageObject\",\"inLanguage\":\"lv-LV\",\"@id\":\"https:\/\/test.puhdasplus.ee\/lv\/#\/schema\/logo\/image\/\",\"url\":\"https:\/\/test.puhdasplus.ee\/\/wp-content\/uploads\/2019\/10\/puhdas_logo-arvele.png\",\"contentUrl\":\"https:\/\/test.puhdasplus.ee\/\/wp-content\/uploads\/2019\/10\/puhdas_logo-arvele.png\",\"width\":114,\"height\":94,\"caption\":\"Puhdas+\"},\"image\":{\"@id\":\"https:\/\/test.puhdasplus.ee\/lv\/#\/schema\/logo\/image\/\"},\"sameAs\":[\"https:\/\/www.facebook.com\/puhdasplus\",\"https:\/\/www.instagram.com\/puhdasplus_ee\/\"]}]}<\/script>\n<!-- \/ Yoast SEO plugin. -->","yoast_head_json":{"title":"Sporta hidroliz\u0113ts kolag\u0113na pulveris 260g - Puhdas+","description":"Sport Collagen 260 g ir \u0101tri uzs\u016bco\u0161s hidroliz\u0113ts kolag\u0113na pulveris, kas atbalsta musku\u013cu atjauno\u0161anos, loc\u012btavu elast\u012bbu un \u0101das elast\u012bbu.","robots":{"index":"noindex","follow":"follow","max-snippet":"max-snippet:-1","max-image-preview":"max-image-preview:large","max-video-preview":"max-video-preview:-1"},"og_locale":"lv_LV","og_type":"article","og_title":"Sporta hidroliz\u0113ts kolag\u0113na pulveris 260g - Puhdas+","og_description":"Sport Collagen 260 g ir \u0101tri uzs\u016bco\u0161s hidroliz\u0113ts kolag\u0113na pulveris, kas atbalsta musku\u013cu atjauno\u0161anos, loc\u012btavu elast\u012bbu un \u0101das elast\u012bbu.","og_url":"https:\/\/test.puhdasplus.ee\/lv\/tooted\/ada-mati-nagi\/kolagens\/sporta-hidrolizets-kolagena-pulveris-260g\/","og_site_name":"Puhdas+","article_publisher":"https:\/\/www.facebook.com\/puhdasplus","article_modified_time":"2026-03-10T12:38:05+00:00","og_image":[{"width":1862,"height":2560,"url":"https:\/\/test.puhdasplus.ee\/wp-content\/uploads\/2019\/11\/tooted-ilma-taustata-1-scaled.jpg","type":"image\/jpeg"}],"twitter_card":"summary_large_image","twitter_misc":{"Est. reading time":"2 min\u016btes"},"schema":{"@context":"https:\/\/schema.org","@graph":[{"@type":"WebPage","@id":"https:\/\/test.puhdasplus.ee\/lv\/tooted\/ada-mati-nagi\/kolagens\/sporta-hidrolizets-kolagena-pulveris-260g\/","url":"https:\/\/test.puhdasplus.ee\/lv\/tooted\/ada-mati-nagi\/kolagens\/sporta-hidrolizets-kolagena-pulveris-260g\/","name":"Sporta hidroliz\u0113ts kolag\u0113na pulveris 260g - Puhdas+","isPartOf":{"@id":"https:\/\/test.puhdasplus.ee\/lv\/#website"},"primaryImageOfPage":{"@id":"https:\/\/test.puhdasplus.ee\/lv\/tooted\/ada-mati-nagi\/kolagens\/sporta-hidrolizets-kolagena-pulveris-260g\/#primaryimage"},"image":{"@id":"https:\/\/test.puhdasplus.ee\/lv\/tooted\/ada-mati-nagi\/kolagens\/sporta-hidrolizets-kolagena-pulveris-260g\/#primaryimage"},"thumbnailUrl":"https:\/\/test.puhdasplus.ee\/wp-content\/uploads\/2019\/11\/tooted-ilma-taustata-1-scaled.jpg","datePublished":"2019-11-23T19:51:24+00:00","dateModified":"2026-03-10T12:38:05+00:00","description":"Sport Collagen 260 g ir \u0101tri uzs\u016bco\u0161s hidroliz\u0113ts kolag\u0113na pulveris, kas atbalsta musku\u013cu atjauno\u0161anos, loc\u012btavu elast\u012bbu un \u0101das elast\u012bbu.","breadcrumb":{"@id":"https:\/\/test.puhdasplus.ee\/lv\/tooted\/ada-mati-nagi\/kolagens\/sporta-hidrolizets-kolagena-pulveris-260g\/#breadcrumb"},"inLanguage":"lv-LV","potentialAction":[{"@type":"ReadAction","target":["https:\/\/test.puhdasplus.ee\/lv\/tooted\/ada-mati-nagi\/kolagens\/sporta-hidrolizets-kolagena-pulveris-260g\/"]}]},{"@type":"ImageObject","inLanguage":"lv-LV","@id":"https:\/\/test.puhdasplus.ee\/lv\/tooted\/ada-mati-nagi\/kolagens\/sporta-hidrolizets-kolagena-pulveris-260g\/#primaryimage","url":"https:\/\/test.puhdasplus.ee\/wp-content\/uploads\/2019\/11\/tooted-ilma-taustata-1-scaled.jpg","contentUrl":"https:\/\/test.puhdasplus.ee\/wp-content\/uploads\/2019\/11\/tooted-ilma-taustata-1-scaled.jpg","width":1862,"height":2560,"caption":"Sporta hidroliz\u0113ts kolag\u0113na pulveris 260g"},{"@type":"BreadcrumbList","@id":"https:\/\/test.puhdasplus.ee\/lv\/tooted\/ada-mati-nagi\/kolagens\/sporta-hidrolizets-kolagena-pulveris-260g\/#breadcrumb","itemListElement":[{"@type":"ListItem","position":1,"name":"S\u0101kums","item":"https:\/\/test.puhdasplus.ee\/lv\/"},{"@type":"ListItem","position":2,"name":"Produkti","item":"https:\/\/test.puhdasplus.ee\/lv\/veikals\/"},{"@type":"ListItem","position":3,"name":"Sporta hidroliz\u0113ts kolag\u0113na pulveris 260g"}]},{"@type":"WebSite","@id":"https:\/\/test.puhdasplus.ee\/lv\/#website","url":"https:\/\/test.puhdasplus.ee\/lv\/","name":"Puhdas+","description":"Vitamiinid, Toidulisandid, looduskosmeetika, tervis, sport","publisher":{"@id":"https:\/\/test.puhdasplus.ee\/lv\/#organization"},"potentialAction":[{"@type":"SearchAction","target":{"@type":"EntryPoint","urlTemplate":"https:\/\/test.puhdasplus.ee\/lv\/?s={search_term_string}"},"query-input":{"@type":"PropertyValueSpecification","valueRequired":true,"valueName":"search_term_string"}}],"inLanguage":"lv-LV"},{"@type":"Organization","@id":"https:\/\/test.puhdasplus.ee\/lv\/#organization","name":"Puhdas+","alternateName":"Puhdasplus","url":"https:\/\/test.puhdasplus.ee\/lv\/","logo":{"@type":"ImageObject","inLanguage":"lv-LV","@id":"https:\/\/test.puhdasplus.ee\/lv\/#\/schema\/logo\/image\/","url":"https:\/\/test.puhdasplus.ee\/\/wp-content\/uploads\/2019\/10\/puhdas_logo-arvele.png","contentUrl":"https:\/\/test.puhdasplus.ee\/\/wp-content\/uploads\/2019\/10\/puhdas_logo-arvele.png","width":114,"height":94,"caption":"Puhdas+"},"image":{"@id":"https:\/\/test.puhdasplus.ee\/lv\/#\/schema\/logo\/image\/"},"sameAs":["https:\/\/www.facebook.com\/puhdasplus","https:\/\/www.instagram.com\/puhdasplus_ee\/"]}]}},"_links":{"self":[{"href":"https:\/\/test.puhdasplus.ee\/lv\/wp-json\/wp\/v2\/product\/353417","targetHints":{"allow":["GET"]}}],"collection":[{"href":"https:\/\/test.puhdasplus.ee\/lv\/wp-json\/wp\/v2\/product"}],"about":[{"href":"https:\/\/test.puhdasplus.ee\/lv\/wp-json\/wp\/v2\/types\/product"}],"replies":[{"embeddable":true,"href":"https:\/\/test.puhdasplus.ee\/lv\/wp-json\/wp\/v2\/comments?post=353417"}],"wp:featuredmedia":[{"embeddable":true,"href":"https:\/\/test.puhdasplus.ee\/lv\/wp-json\/wp\/v2\/media\/354241"}],"wp:attachment":[{"href":"https:\/\/test.puhdasplus.ee\/lv\/wp-json\/wp\/v2\/media?parent=353417"}],"wp:term":[{"taxonomy":"product_brand","embeddable":true,"href":"https:\/\/test.puhdasplus.ee\/lv\/wp-json\/wp\/v2\/product_brand?post=353417"},{"taxonomy":"product_cat","embeddable":true,"href":"https:\/\/test.puhdasplus.ee\/lv\/wp-json\/wp\/v2\/product_cat?post=353417"},{"taxonomy":"product_tag","embeddable":true,"href":"https:\/\/test.puhdasplus.ee\/lv\/wp-json\/wp\/v2\/product_tag?post=353417"}],"curies":[{"name":"wp","href":"https:\/\/api.w.org\/{rel}","templated":true}]}}