{"id":353405,"date":"2019-11-23T23:06:59","date_gmt":"2019-11-23T21:06:59","guid":{"rendered":"https:\/\/test.puhdasplus.ee\/\/tooted\/uncategorized\/c-vitamina-pulveris-1000-mg-200-g\/"},"modified":"2026-03-10T14:38:11","modified_gmt":"2026-03-10T12:38:11","slug":"c-vitamina-pulveris-1000-mg-200-g","status":"publish","type":"product","link":"https:\/\/test.puhdasplus.ee\/lv\/tooted\/vitamini\/c-vitamins\/c-vitamina-pulveris-1000-mg-200-g\/","title":{"rendered":"C vitam\u012bna pulveris 1000 mg 200 g"},"content":{"rendered":"<p data-start=\"109\" data-end=\"421\">Pure+ C vitam\u012bns 1000 mg ir augstas kvalit\u0101tes uztura bag\u0101tin\u0101t\u0101js, kas satur t\u012bru n\u0101trija L-askorb\u0101tu \u2013 ku\u0146\u0123im draudz\u012bgu un labi uzs\u016bco\u0161u C vitam\u012bna formu.  <span class=\"relative -mx-px my-[-0.2rem] rounded px-px py-[0.2rem] transition-colors duration-100 ease-in-out\">Produkts ir pulvera veid\u0101, kas nodro\u0161ina elast\u012bgu doz\u0113\u0161anu un ir piem\u0113rots ar\u012b cilv\u0113kiem ar jut\u012bgu gremo\u0161anu.<\/span> <span class=\"relative -mx-px my-[-0.2rem] rounded px-px py-[0.2rem] transition-colors duration-100 ease-in-out\">C vitam\u012bns veicina norm\u0101lu im\u016bnsist\u0113mas darb\u012bbu, norm\u0101lu nervu sist\u0113mas darb\u012bbu un pal\u012bdz mazin\u0101t nogurumu un nesp\u0113ku.  <\/span><span class=\"relative -mx-px my-[-0.2rem] rounded px-px py-[0.2rem] transition-colors duration-100 ease-in-out\">Tas ar\u012b veicina norm\u0101lu kolag\u0113na veido\u0161anos, kas ir svar\u012bgs norm\u0101lai \u0101das, asinsvadu, kaulu, skrim\u0161\u013cu, smaganu un zobu funkcijai.<\/span><\/p>\n<h2 data-start=\"215\" data-end=\"264\">K\u0101p\u0113c izv\u0113l\u0113ties tie\u0161i \u0161o C vitam\u012bna uztura bag\u0101tin\u0101t\u0101ju?<\/h2>\n<p class=\"\" data-start=\"266\" data-end=\"423\"><span class=\"relative -mx-px my-[-0.2rem] rounded px-px py-[0.2rem] transition-colors duration-100 ease-in-out\">Pure+ C vitam\u012bns 1000 mg ir augstas kvalit\u0101tes uztura bag\u0101tin\u0101t\u0101js, kas satur tikai n\u0101trija L-askorb\u0101tu \u2013 ku\u0146\u0123im draudz\u012bgu un labi uzs\u016bco\u0161u C vitam\u012bna formu.<\/span> <span class=\"relative -mx-px my-[-0.2rem] rounded px-px py-[0.2rem] transition-colors duration-100 ease-in-out\">Produkts nesatur konservantus, kr\u0101svielas vai saldin\u0101t\u0101jus, un tas ir piem\u0113rots ar\u012b cilv\u0113kiem ar jut\u012bgu gremo\u0161anu.<\/span> <span class=\"relative -mx-px my-[-0.2rem] rounded px-px py-[0.2rem] transition-colors duration-100 ease-in-out\">Pulverveida forma nodro\u0161ina elast\u012bgu doz\u0113\u0161anu un \u0113rtu sajauk\u0161anu ar \u016bdeni, sulu vai koktei\u013ciem.<\/span><\/p>\n<h2 data-start=\"430\" data-end=\"465\">K\u0101 tas atbalsta manu vesel\u012bbu?<\/h2>\n<p class=\"\" data-start=\"467\" data-end=\"626\"><span class=\"relative -mx-px my-[-0.2rem] rounded px-px py-[0.2rem] transition-colors duration-100 ease-in-out\">C vitam\u012bns veicina norm\u0101lu im\u016bnsist\u0113mas darb\u012bbu, norm\u0101lu nervu sist\u0113mas darb\u012bbu un pal\u012bdz mazin\u0101t nogurumu un nesp\u0113ku.<\/span> <span class=\"relative -mx-px my-[-0.2rem] rounded px-px py-[0.2rem] transition-colors duration-100 ease-in-out\">Tas ar\u012b veicina norm\u0101lu kolag\u0113na veido\u0161anos, kas ir svar\u012bgs norm\u0101lai \u0101das, asinsvadu, kaulu, skrim\u0161\u013cu, smaganu un zobu darb\u012bbai.<\/span> <span class=\"relative -mx-px my-[-0.2rem] rounded px-px py-[0.2rem] transition-colors duration-100 ease-in-out\">C vitam\u012bns ar\u012b pal\u012bdz aizsarg\u0101t \u0161\u016bnas no oksidat\u012bv\u0101 stresa.<\/span><\/p>\n<h2 data-start=\"633\" data-end=\"686\">Vai tas ir piem\u0113rots ar\u012b cilv\u0113kiem ar jut\u012bgu gremo\u0161anu?<\/h2>\n<p class=\"\" data-start=\"688\" data-end=\"813\"><span class=\"relative -mx-px my-[-0.2rem] rounded px-px py-[0.2rem] transition-colors duration-100 ease-in-out\">J\u0101, produkts satur n\u0101trija L-askorb\u0101tu, kas ir ku\u0146\u0123im draudz\u012bg\u0101ks nek\u0101 tradicion\u0101l\u0101 askorb\u012bnsk\u0101be.<\/span> <span class=\"relative -mx-px my-[-0.2rem] rounded px-px py-[0.2rem] transition-colors duration-100 ease-in-out\">Tas padara produktu piem\u0113rotu cilv\u0113kiem ar jut\u012bgu gremo\u0161anas sist\u0113mu.<\/span><\/p>\n<h2 data-start=\"688\" data-end=\"813\">K\u0101 un kad to lietot?<\/h2>\n<p class=\"\" data-start=\"423\" data-end=\"677\"><strong data-start=\"423\" data-end=\"441\">Lieto\u0161anas instrukcija:<\/strong> <span class=\"relative -mx-px my-[-0.2rem] rounded px-px py-[0.2rem] transition-colors duration-100 ease-in-out\">Ieteicam\u0101 deva pieaugu\u0161ajiem ir 1 m\u0113rkarote (1 ml) dien\u0101.<\/span> <span class=\"relative -mx-px my-[-0.2rem] rounded px-px py-[0.2rem] transition-colors duration-100 ease-in-out\">Sajauciet pulveri ar gl\u0101zi \u016bdens, sulas vai sm\u016btija.<\/span> <span class=\"relative -mx-px my-[-0.2rem] rounded px-px py-[0.2rem] transition-colors duration-100 ease-in-out\">Ieteicamo dienas devu nedr\u012bkst p\u0101rsniegt.<\/span> <span class=\"relative -mx-px my-[-0.2rem] rounded px-px py-[0.2rem] transition-colors duration-100 ease-in-out\">Uztura bag\u0101tin\u0101t\u0101js neaizst\u0101j daudzveid\u012bgu un sabalans\u0113tu uzturu vai vesel\u012bgu dz\u012bvesveidu.<\/span> <span class=\"relative -mx-px my-[-0.2rem] rounded px-px py-[0.2rem] transition-colors duration-100 ease-in-out\">Sarg\u0101t no b\u0113rniem.<\/span><\/p>\n<h2>K\u0101das ir sast\u0101vda\u013cas un uzturv\u0113rt\u012bba?<\/h2>\n<p><strong>Sast\u0101vda\u013cas:<\/strong> <span class=\"relative -mx-px my-[-0.2rem] rounded px-px py-[0.2rem] transition-colors duration-100 ease-in-out\">n\u0101trija L-askorb\u0101ts.<\/span> <span class=\"relative -mx-px my-[-0.2rem] rounded px-px py-[0.2rem] transition-colors duration-100 ease-in-out\">Produkts nesatur laktozi, glut\u0113nu, raugu, cukuru, cieti, kukur\u016bzu, soju vai saldin\u0101t\u0101jus.<\/span> <span class=\"relative -mx-px my-[-0.2rem] rounded px-px py-[0.2rem] transition-colors duration-100 ease-in-out\">Piem\u0113rots veg\u0101niem.<\/span><\/p>\n<p><strong data-start=\"1041\" data-end=\"1058\">Uzturv\u0113rt\u012bba:<\/strong> <span class=\"relative -mx-px my-[-0.2rem] rounded px-px py-[0.2rem] transition-colors duration-100 ease-in-out\">1 m\u0113rkarote (1 ml) satur 1000 mg C vitam\u012bna (1250% no ieteicam\u0101s dienas devas)<\/span><\/p>\n<h2 data-start=\"1463\" data-end=\"1494\">Vai \u0161\u012b ir ekonomiska izv\u0113le?<\/h2>\n<p class=\"\" data-start=\"1496\" data-end=\"1581\"><span class=\"relative -mx-px my-[-0.2rem] rounded px-px py-[0.2rem] transition-colors duration-100 ease-in-out\">J\u0101, iepakojum\u0101 ir aptuveni 180 devas, kas padara to par ekonomisku un ilgsto\u0161u izv\u0113li ikdienas lieto\u0161anai.<\/span><\/p>\n<p data-start=\"1496\" data-end=\"1581\">\n<p data-start=\"1496\" data-end=\"1581\"><strong data-start=\"1312\" data-end=\"1323\">Ra\u017eot\u0101js:<\/strong> New Organics Oy, Somija<br data-start=\"1346\" data-end=\"1349\"><strong data-start=\"1349\" data-end=\"1364\">Import\u0113t\u0101js:<\/strong> NordenBio O\u00dc, Narva mnt 7, 10117 Tallina, Igaunija<\/p>\n","protected":false},"excerpt":{"rendered":"<p data-start=\"0\" data-end=\"18\"><span class=\"relative -mx-px my-[-0.2rem] rounded px-px py-[0.2rem] transition-colors duration-100 ease-in-out\">Pure+ C vitam\u012bns 1000 mg ir t\u012brs un efekt\u012bvs uztura bag\u0101tin\u0101t\u0101js, kas satur tikai n\u0101trija L-askorb\u0101tu.<\/span> <span class=\"relative -mx-px my-[-0.2rem] rounded px-px py-[0.2rem] transition-colors duration-100 ease-in-out\">Pulverveida forma \u013cauj to viegli sajaukt ar \u016bdeni, sulu vai koktei\u013ciem.<\/span> <span class=\"relative -mx-px my-[-0.2rem] rounded px-px py-[0.2rem] transition-colors duration-100 ease-in-out\">C vitam\u012bns atbalsta norm\u0101lu im\u016bnsist\u0113mas darb\u012bbu un pal\u012bdz mazin\u0101t nogurumu un nesp\u0113ku.<\/span> <span class=\"relative -mx-px my-[-0.2rem] rounded px-px py-[0.2rem] transition-colors duration-100 ease-in-out\">Produkts nesatur m\u0101ksl\u012bgas piedevas un ir piem\u0113rots ar\u012b veg\u0101niem un cilv\u0113kiem ar aler\u0123ij\u0101m.<\/span> <span class=\"relative -mx-px my-[-0.2rem] rounded px-px py-[0.2rem] transition-colors duration-100 ease-in-out\">Iepakojum\u0101 ir aptuveni 180 devas, kas nodro\u0161ina ilgtermi\u0146a v\u0113rt\u012bbu.<\/span><\/p>\n","protected":false},"featured_media":353412,"comment_status":"closed","ping_status":"closed","template":"","meta":{"_acf_changed":false},"product_brand":[],"product_cat":[6350,3066,3205],"product_tag":[3425,6648,6290,3202,6655,3041,3752,6652,6651,3218,6658,6657,6647],"class_list":{"0":"post-353405","1":"product","2":"type-product","3":"status-publish","4":"has-post-thumbnail","6":"product_cat-c-vitamins","7":"product_cat-imunsistema","8":"product_cat-vitamini","9":"product_tag-antioksidantu-aizsardziba","10":"product_tag-askorbats","11":"product_tag-c-vitamina-piedeva","12":"product_tag-c-vitamins-lv","13":"product_tag-dabisks-veselibas-atbalsts-lv","14":"product_tag-imunitate","15":"product_tag-imunsistemas-atbalsts-lv","16":"product_tag-kolagena-razosana","17":"product_tag-natrija-askorbats","18":"product_tag-noguruma-mazinasana","19":"product_tag-piemerots-jutigiem-kungiem","20":"product_tag-viegli-uzsucoss-c-vitamins","21":"product_tag-vitamins-lv","23":"first","24":"instock","25":"featured","26":"taxable","27":"shipping-taxable","28":"purchasable","29":"product-type-simple"},"acf":[],"yoast_head":"<!-- This site is optimized with the Yoast SEO plugin v27.1.1 - https:\/\/yoast.com\/product\/yoast-seo-wordpress\/ -->\n<title>C vitam\u012bna pulveris 1000 mg 200 g - Puhdas+<\/title>\n<meta name=\"description\" content=\"C vitam\u012bns 1000 mg (n\u0101trija askorb\u0101ts) ir viegli uzs\u016bco\u0161a C vitam\u012bna forma, kas atbalsta imunit\u0101ti, mazina nogurumu un veicina kolag\u0113na veido\u0161anos.\" \/>\n<meta name=\"robots\" content=\"noindex, follow, max-snippet:-1, max-image-preview:large, max-video-preview:-1\" \/>\n<meta property=\"og:locale\" content=\"lv_LV\" \/>\n<meta property=\"og:type\" content=\"article\" \/>\n<meta property=\"og:title\" content=\"C vitam\u012bna pulveris 1000 mg 200 g - Puhdas+\" \/>\n<meta property=\"og:description\" content=\"C vitam\u012bns 1000 mg (n\u0101trija askorb\u0101ts) ir viegli uzs\u016bco\u0161a C vitam\u012bna forma, kas atbalsta imunit\u0101ti, mazina nogurumu un veicina kolag\u0113na veido\u0161anos.\" \/>\n<meta property=\"og:url\" content=\"https:\/\/test.puhdasplus.ee\/lv\/tooted\/vitamini\/c-vitamins\/c-vitamina-pulveris-1000-mg-200-g\/\" \/>\n<meta property=\"og:site_name\" content=\"Puhdas+\" \/>\n<meta property=\"article:publisher\" content=\"https:\/\/www.facebook.com\/puhdasplus\" \/>\n<meta property=\"article:modified_time\" content=\"2026-03-10T12:38:11+00:00\" \/>\n<meta property=\"og:image\" content=\"https:\/\/test.puhdasplus.ee\/wp-content\/uploads\/2025\/03\/1-1.jpg\" \/>\n\t<meta property=\"og:image:width\" content=\"1862\" \/>\n\t<meta property=\"og:image:height\" content=\"2560\" \/>\n\t<meta property=\"og:image:type\" content=\"image\/jpeg\" \/>\n<meta name=\"twitter:card\" content=\"summary_large_image\" \/>\n<meta name=\"twitter:label1\" content=\"Est. reading time\" \/>\n\t<meta name=\"twitter:data1\" content=\"2 min\u016btes\" \/>\n<script type=\"application\/ld+json\" class=\"yoast-schema-graph\">{\"@context\":\"https:\/\/schema.org\",\"@graph\":[{\"@type\":\"WebPage\",\"@id\":\"https:\/\/test.puhdasplus.ee\/lv\/tooted\/vitamini\/c-vitamins\/c-vitamina-pulveris-1000-mg-200-g\/\",\"url\":\"https:\/\/test.puhdasplus.ee\/lv\/tooted\/vitamini\/c-vitamins\/c-vitamina-pulveris-1000-mg-200-g\/\",\"name\":\"C vitam\u012bna pulveris 1000 mg 200 g - Puhdas+\",\"isPartOf\":{\"@id\":\"https:\/\/test.puhdasplus.ee\/lv\/#website\"},\"primaryImageOfPage\":{\"@id\":\"https:\/\/test.puhdasplus.ee\/lv\/tooted\/vitamini\/c-vitamins\/c-vitamina-pulveris-1000-mg-200-g\/#primaryimage\"},\"image\":{\"@id\":\"https:\/\/test.puhdasplus.ee\/lv\/tooted\/vitamini\/c-vitamins\/c-vitamina-pulveris-1000-mg-200-g\/#primaryimage\"},\"thumbnailUrl\":\"https:\/\/test.puhdasplus.ee\/wp-content\/uploads\/2025\/03\/1-1.jpg\",\"datePublished\":\"2019-11-23T21:06:59+00:00\",\"dateModified\":\"2026-03-10T12:38:11+00:00\",\"description\":\"C vitam\u012bns 1000 mg (n\u0101trija askorb\u0101ts) ir viegli uzs\u016bco\u0161a C vitam\u012bna forma, kas atbalsta imunit\u0101ti, mazina nogurumu un veicina kolag\u0113na veido\u0161anos.\",\"breadcrumb\":{\"@id\":\"https:\/\/test.puhdasplus.ee\/lv\/tooted\/vitamini\/c-vitamins\/c-vitamina-pulveris-1000-mg-200-g\/#breadcrumb\"},\"inLanguage\":\"lv-LV\",\"potentialAction\":[{\"@type\":\"ReadAction\",\"target\":[\"https:\/\/test.puhdasplus.ee\/lv\/tooted\/vitamini\/c-vitamins\/c-vitamina-pulveris-1000-mg-200-g\/\"]}]},{\"@type\":\"ImageObject\",\"inLanguage\":\"lv-LV\",\"@id\":\"https:\/\/test.puhdasplus.ee\/lv\/tooted\/vitamini\/c-vitamins\/c-vitamina-pulveris-1000-mg-200-g\/#primaryimage\",\"url\":\"https:\/\/test.puhdasplus.ee\/wp-content\/uploads\/2025\/03\/1-1.jpg\",\"contentUrl\":\"https:\/\/test.puhdasplus.ee\/wp-content\/uploads\/2025\/03\/1-1.jpg\",\"width\":1862,\"height\":2560,\"caption\":\"C vitam\u012bns 1000 mg (n\u0101trija askorb\u0101ts)\"},{\"@type\":\"BreadcrumbList\",\"@id\":\"https:\/\/test.puhdasplus.ee\/lv\/tooted\/vitamini\/c-vitamins\/c-vitamina-pulveris-1000-mg-200-g\/#breadcrumb\",\"itemListElement\":[{\"@type\":\"ListItem\",\"position\":1,\"name\":\"S\u0101kums\",\"item\":\"https:\/\/test.puhdasplus.ee\/lv\/\"},{\"@type\":\"ListItem\",\"position\":2,\"name\":\"Produkti\",\"item\":\"https:\/\/test.puhdasplus.ee\/lv\/veikals\/\"},{\"@type\":\"ListItem\",\"position\":3,\"name\":\"C vitam\u012bna pulveris 1000 mg 200 g\"}]},{\"@type\":\"WebSite\",\"@id\":\"https:\/\/test.puhdasplus.ee\/lv\/#website\",\"url\":\"https:\/\/test.puhdasplus.ee\/lv\/\",\"name\":\"Puhdas+\",\"description\":\"Vitamiinid, Toidulisandid, looduskosmeetika, tervis, sport\",\"publisher\":{\"@id\":\"https:\/\/test.puhdasplus.ee\/lv\/#organization\"},\"potentialAction\":[{\"@type\":\"SearchAction\",\"target\":{\"@type\":\"EntryPoint\",\"urlTemplate\":\"https:\/\/test.puhdasplus.ee\/lv\/?s={search_term_string}\"},\"query-input\":{\"@type\":\"PropertyValueSpecification\",\"valueRequired\":true,\"valueName\":\"search_term_string\"}}],\"inLanguage\":\"lv-LV\"},{\"@type\":\"Organization\",\"@id\":\"https:\/\/test.puhdasplus.ee\/lv\/#organization\",\"name\":\"Puhdas+\",\"alternateName\":\"Puhdasplus\",\"url\":\"https:\/\/test.puhdasplus.ee\/lv\/\",\"logo\":{\"@type\":\"ImageObject\",\"inLanguage\":\"lv-LV\",\"@id\":\"https:\/\/test.puhdasplus.ee\/lv\/#\/schema\/logo\/image\/\",\"url\":\"https:\/\/test.puhdasplus.ee\/\/wp-content\/uploads\/2019\/10\/puhdas_logo-arvele.png\",\"contentUrl\":\"https:\/\/test.puhdasplus.ee\/\/wp-content\/uploads\/2019\/10\/puhdas_logo-arvele.png\",\"width\":114,\"height\":94,\"caption\":\"Puhdas+\"},\"image\":{\"@id\":\"https:\/\/test.puhdasplus.ee\/lv\/#\/schema\/logo\/image\/\"},\"sameAs\":[\"https:\/\/www.facebook.com\/puhdasplus\",\"https:\/\/www.instagram.com\/puhdasplus_ee\/\"]}]}<\/script>\n<!-- \/ Yoast SEO plugin. -->","yoast_head_json":{"title":"C vitam\u012bna pulveris 1000 mg 200 g - Puhdas+","description":"C vitam\u012bns 1000 mg (n\u0101trija askorb\u0101ts) ir viegli uzs\u016bco\u0161a C vitam\u012bna forma, kas atbalsta imunit\u0101ti, mazina nogurumu un veicina kolag\u0113na veido\u0161anos.","robots":{"index":"noindex","follow":"follow","max-snippet":"max-snippet:-1","max-image-preview":"max-image-preview:large","max-video-preview":"max-video-preview:-1"},"og_locale":"lv_LV","og_type":"article","og_title":"C vitam\u012bna pulveris 1000 mg 200 g - Puhdas+","og_description":"C vitam\u012bns 1000 mg (n\u0101trija askorb\u0101ts) ir viegli uzs\u016bco\u0161a C vitam\u012bna forma, kas atbalsta imunit\u0101ti, mazina nogurumu un veicina kolag\u0113na veido\u0161anos.","og_url":"https:\/\/test.puhdasplus.ee\/lv\/tooted\/vitamini\/c-vitamins\/c-vitamina-pulveris-1000-mg-200-g\/","og_site_name":"Puhdas+","article_publisher":"https:\/\/www.facebook.com\/puhdasplus","article_modified_time":"2026-03-10T12:38:11+00:00","og_image":[{"width":1862,"height":2560,"url":"https:\/\/test.puhdasplus.ee\/wp-content\/uploads\/2025\/03\/1-1.jpg","type":"image\/jpeg"}],"twitter_card":"summary_large_image","twitter_misc":{"Est. reading time":"2 min\u016btes"},"schema":{"@context":"https:\/\/schema.org","@graph":[{"@type":"WebPage","@id":"https:\/\/test.puhdasplus.ee\/lv\/tooted\/vitamini\/c-vitamins\/c-vitamina-pulveris-1000-mg-200-g\/","url":"https:\/\/test.puhdasplus.ee\/lv\/tooted\/vitamini\/c-vitamins\/c-vitamina-pulveris-1000-mg-200-g\/","name":"C vitam\u012bna pulveris 1000 mg 200 g - Puhdas+","isPartOf":{"@id":"https:\/\/test.puhdasplus.ee\/lv\/#website"},"primaryImageOfPage":{"@id":"https:\/\/test.puhdasplus.ee\/lv\/tooted\/vitamini\/c-vitamins\/c-vitamina-pulveris-1000-mg-200-g\/#primaryimage"},"image":{"@id":"https:\/\/test.puhdasplus.ee\/lv\/tooted\/vitamini\/c-vitamins\/c-vitamina-pulveris-1000-mg-200-g\/#primaryimage"},"thumbnailUrl":"https:\/\/test.puhdasplus.ee\/wp-content\/uploads\/2025\/03\/1-1.jpg","datePublished":"2019-11-23T21:06:59+00:00","dateModified":"2026-03-10T12:38:11+00:00","description":"C vitam\u012bns 1000 mg (n\u0101trija askorb\u0101ts) ir viegli uzs\u016bco\u0161a C vitam\u012bna forma, kas atbalsta imunit\u0101ti, mazina nogurumu un veicina kolag\u0113na veido\u0161anos.","breadcrumb":{"@id":"https:\/\/test.puhdasplus.ee\/lv\/tooted\/vitamini\/c-vitamins\/c-vitamina-pulveris-1000-mg-200-g\/#breadcrumb"},"inLanguage":"lv-LV","potentialAction":[{"@type":"ReadAction","target":["https:\/\/test.puhdasplus.ee\/lv\/tooted\/vitamini\/c-vitamins\/c-vitamina-pulveris-1000-mg-200-g\/"]}]},{"@type":"ImageObject","inLanguage":"lv-LV","@id":"https:\/\/test.puhdasplus.ee\/lv\/tooted\/vitamini\/c-vitamins\/c-vitamina-pulveris-1000-mg-200-g\/#primaryimage","url":"https:\/\/test.puhdasplus.ee\/wp-content\/uploads\/2025\/03\/1-1.jpg","contentUrl":"https:\/\/test.puhdasplus.ee\/wp-content\/uploads\/2025\/03\/1-1.jpg","width":1862,"height":2560,"caption":"C vitam\u012bns 1000 mg (n\u0101trija askorb\u0101ts)"},{"@type":"BreadcrumbList","@id":"https:\/\/test.puhdasplus.ee\/lv\/tooted\/vitamini\/c-vitamins\/c-vitamina-pulveris-1000-mg-200-g\/#breadcrumb","itemListElement":[{"@type":"ListItem","position":1,"name":"S\u0101kums","item":"https:\/\/test.puhdasplus.ee\/lv\/"},{"@type":"ListItem","position":2,"name":"Produkti","item":"https:\/\/test.puhdasplus.ee\/lv\/veikals\/"},{"@type":"ListItem","position":3,"name":"C vitam\u012bna pulveris 1000 mg 200 g"}]},{"@type":"WebSite","@id":"https:\/\/test.puhdasplus.ee\/lv\/#website","url":"https:\/\/test.puhdasplus.ee\/lv\/","name":"Puhdas+","description":"Vitamiinid, Toidulisandid, looduskosmeetika, tervis, sport","publisher":{"@id":"https:\/\/test.puhdasplus.ee\/lv\/#organization"},"potentialAction":[{"@type":"SearchAction","target":{"@type":"EntryPoint","urlTemplate":"https:\/\/test.puhdasplus.ee\/lv\/?s={search_term_string}"},"query-input":{"@type":"PropertyValueSpecification","valueRequired":true,"valueName":"search_term_string"}}],"inLanguage":"lv-LV"},{"@type":"Organization","@id":"https:\/\/test.puhdasplus.ee\/lv\/#organization","name":"Puhdas+","alternateName":"Puhdasplus","url":"https:\/\/test.puhdasplus.ee\/lv\/","logo":{"@type":"ImageObject","inLanguage":"lv-LV","@id":"https:\/\/test.puhdasplus.ee\/lv\/#\/schema\/logo\/image\/","url":"https:\/\/test.puhdasplus.ee\/\/wp-content\/uploads\/2019\/10\/puhdas_logo-arvele.png","contentUrl":"https:\/\/test.puhdasplus.ee\/\/wp-content\/uploads\/2019\/10\/puhdas_logo-arvele.png","width":114,"height":94,"caption":"Puhdas+"},"image":{"@id":"https:\/\/test.puhdasplus.ee\/lv\/#\/schema\/logo\/image\/"},"sameAs":["https:\/\/www.facebook.com\/puhdasplus","https:\/\/www.instagram.com\/puhdasplus_ee\/"]}]}},"_links":{"self":[{"href":"https:\/\/test.puhdasplus.ee\/lv\/wp-json\/wp\/v2\/product\/353405","targetHints":{"allow":["GET"]}}],"collection":[{"href":"https:\/\/test.puhdasplus.ee\/lv\/wp-json\/wp\/v2\/product"}],"about":[{"href":"https:\/\/test.puhdasplus.ee\/lv\/wp-json\/wp\/v2\/types\/product"}],"replies":[{"embeddable":true,"href":"https:\/\/test.puhdasplus.ee\/lv\/wp-json\/wp\/v2\/comments?post=353405"}],"wp:featuredmedia":[{"embeddable":true,"href":"https:\/\/test.puhdasplus.ee\/lv\/wp-json\/wp\/v2\/media\/353412"}],"wp:attachment":[{"href":"https:\/\/test.puhdasplus.ee\/lv\/wp-json\/wp\/v2\/media?parent=353405"}],"wp:term":[{"taxonomy":"product_brand","embeddable":true,"href":"https:\/\/test.puhdasplus.ee\/lv\/wp-json\/wp\/v2\/product_brand?post=353405"},{"taxonomy":"product_cat","embeddable":true,"href":"https:\/\/test.puhdasplus.ee\/lv\/wp-json\/wp\/v2\/product_cat?post=353405"},{"taxonomy":"product_tag","embeddable":true,"href":"https:\/\/test.puhdasplus.ee\/lv\/wp-json\/wp\/v2\/product_tag?post=353405"}],"curies":[{"name":"wp","href":"https:\/\/api.w.org\/{rel}","templated":true}]}}