{"id":353403,"date":"2025-08-25T14:03:42","date_gmt":"2025-08-25T11:03:42","guid":{"rendered":"https:\/\/test.puhdasplus.ee\/\/tooted\/uncategorized\/e-vitamins-268-mg-60-kapsulas\/"},"modified":"2026-03-04T22:04:13","modified_gmt":"2026-03-04T20:04:13","slug":"e-vitamins-268-mg-60-kapsulas","status":"publish","type":"product","link":"https:\/\/test.puhdasplus.ee\/lv\/tooted\/vitamini\/e-vitamins-268-mg-60-kapsulas\/","title":{"rendered":"Sp\u0113c\u012bgs E vitam\u012bns 268 mg 60 kapsulas"},"content":{"rendered":"<h3><b>Kas ir sp\u0113c\u012bgais E vitam\u012bns un k\u0101p\u0113c tas ir nepiecie\u0161ams?<\/b><\/h3>\n<p class=\"p3\">Pure+ Strong E vitam\u012bns 268 mg ir efekt\u012bvs antioksidantu uztura bag\u0101tin\u0101t\u0101js, kas pal\u012bdz aizsarg\u0101t \u0161\u016bnas no oksidat\u012bv\u0101 stresa un atbalsta ikdienas labsaj\u016btu. E vitam\u012bns ir viens no organisma svar\u012bg\u0101kajiem taukos \u0161\u0137\u012bsto\u0161ajiem antioksidantiem, kas pal\u012bdz aizsarg\u0101t \u0161\u016bnas no br\u012bvo radik\u0101\u013cu kait\u012bg\u0101s ietekmes. Produkts satur dabisko D-alfa-tokoferolu \u2013 akt\u012bv\u0101ko un vislab\u0101k uzs\u016bco\u0161o E vitam\u012bna formu.  <\/p>\n<h3><b>Atbalsta \u0161\u016bnu aizsardz\u012bbu un \u0101das labsaj\u016btu pat vasaras sezon\u0101<\/b><\/h3>\n<p class=\"p3\">E vitam\u012bns tiek uzskat\u012bts ar\u012b par svar\u012bgu antioksidantu vasar\u0101, kad saules gaisma var palielin\u0101t oksidat\u012bvo stresu \u0101das \u0161\u016bn\u0101s. Sp\u0113c\u012bgs E vitam\u012bns pal\u012bdz uztur\u0113t \u0161\u016bnu l\u012bdzsvaru un atbalsta organisma dabisk\u0101s aizsargsp\u0113jas visos gada laikos. <\/p>\n<h3><b>Kam piem\u0113rots stiprais E vitam\u012bns?<\/b><\/h3>\n<p class=\"p3\">Produkts ir piem\u0113rots ikvienam, kur\u0161 v\u0113las atbalst\u012bt savu \u0161\u016bnu vesel\u012bbu un visp\u0101r\u0113jo labsaj\u016btu. Tas ir \u012bpa\u0161i piem\u0113rots cilv\u0113kiem, kuri ir pak\u013cauti t\u0101diem vides faktoriem k\u0101 saules gaisma, pies\u0101r\u0146ojums, fiziska slodze vai stress. <\/p>\n<h3><b>K\u0101 lietot?<\/b><\/h3>\n<p class=\"p3\">Pieaugu\u0161ajiem: 1 kapsula dien\u0101 \u0113\u0161anas laik\u0101. Ieteicamo dienas devu nedr\u012bkst p\u0101rsniegt.<\/p>\n<h3><b>Sast\u0101vda\u013cas un uzturv\u0113rt\u012bba<\/b><\/h3>\n<p class=\"p3\">D-alfa-tokoferols (E vitam\u012bns), kapsula (liellopu \u017eelat\u012bns), sojas e\u013c\u013ca, mitrin\u0101t\u0101js (glicer\u012bns).<\/p>\n<p class=\"p4\"><b>Nesatur laktozi, glut\u0113nu, raugu, cukuru, s\u0101li vai m\u0101ksl\u012bgos saldin\u0101t\u0101jus.<\/b><b><\/b><\/p>\n<p class=\"p4\"><b>Uzturv\u0113rt\u012bba 1 kapsul\u0101:<\/b><b><\/b><\/p>\n<p class=\"p3\">E vitam\u012bns 268 mg = 2233% no ieteicam\u0101s dienas devas<\/p>\n<p class=\"p3\">( <i>NRV \u2013 ieteicam\u0101 dienas deva pieaugu\u0161ajiem<\/i> )<\/p>\n<h3><b>Br\u012bdin\u0101jumi<\/b><\/h3>\n<p class=\"p3\">Uztura bag\u0101tin\u0101t\u0101js neaizst\u0101j daudzveid\u012bgu un sabalans\u0113tu uzturu vai vesel\u012bgu dz\u012bvesveidu.<\/p>\n<p class=\"p3\">Sarg\u0101t no b\u0113rniem.<\/p>\n<h3><b>Neto daudzums:<\/b><\/h3>\n<h3><b>  60 kapsulas (42 g)<\/b><\/h3>\n<p>Ieteicams l\u012bdz \/ Partijas numurs: skat\u012bt iepakojumu<\/p>\n<p><strong data-start=\"796\" data-end=\"807\">Ra\u017eot\u0101js:<\/strong> New Organics Oy, Somija<br data-start=\"830\" data-end=\"833\"><strong data-start=\"833\" data-end=\"848\">Import\u0113t\u0101js:<\/strong> NordenBio O\u00dc, Narva mnt 7, 10117 Tallina, Igaunija<\/p>\n","protected":false},"excerpt":{"rendered":"<p><strong data-start=\"89\" data-end=\"124\">Sp\u0113c\u012bgs E vitam\u012bns 268 mg<\/strong> ir sp\u0113c\u012bgs antioksidants, kas pal\u012bdz aizsarg\u0101t \u0161\u016bnas no oksidat\u012bv\u0101 stresa un atbalsta ikdienas labsaj\u016btu. \u0112rt\u0101 kapsulu forma nodro\u0161ina vienk\u0101r\u0161u un dro\u0161u veidu, k\u0101 katru dienu r\u016bp\u0113ties par sava organisma aizsargsp\u0113j\u0101m. <\/p>\n","protected":false},"featured_media":352678,"comment_status":"open","ping_status":"closed","template":"","meta":{"_acf_changed":false},"product_brand":[],"product_cat":[3205],"product_tag":[6636,3425,6638,6634,6643,2579,6641,6637,6635,6588,6644,6639,6645,6560,6640,6642],"class_list":{"0":"post-353403","1":"product","2":"type-product","3":"status-publish","4":"has-post-thumbnail","6":"product_cat-vitamini","7":"product_tag-antioksidanta-vitamins","8":"product_tag-antioksidantu-aizsardziba","9":"product_tag-dabigais-e-vitamins","10":"product_tag-e-vitamina-kapsulas","11":"product_tag-e-vitamina-uztura-bagatinatajs","12":"product_tag-e-vitamins","13":"product_tag-oksidativais-stress","14":"product_tag-pureplus-e-vitamins","15":"product_tag-specigs-e-vitamins","16":"product_tag-vitamini-adai","17":"product_tag-vitamini-energijai","18":"product_tag-vitamini-imunitatei","19":"product_tag-vitamini-labsajutai","20":"product_tag-vitamini-pieaugusajiem","21":"product_tag-vitamini-sunu-aizsardzibai","22":"product_tag-vitaminu-kapsula","24":"first","25":"onbackorder","26":"taxable","27":"shipping-taxable","28":"purchasable","29":"product-type-simple"},"acf":[],"yoast_head":"<!-- This site is optimized with the Yoast SEO plugin v27.1.1 - https:\/\/yoast.com\/product\/yoast-seo-wordpress\/ -->\n<title>Sp\u0113c\u012bgs E vitam\u012bns 268 mg 60 kapsulas - Puhdas+<\/title>\n<meta name=\"description\" content=\"Pure+ Strong E vitam\u012bns 268 mg pal\u012bdz aizsarg\u0101t \u0161\u016bnas no oksidat\u012bv\u0101 stresa un atbalsta ikdienas labsaj\u016btu. \u0112rta un efekt\u012bva kapsulu forma.\" \/>\n<meta name=\"robots\" content=\"noindex, follow, max-snippet:-1, max-image-preview:large, max-video-preview:-1\" \/>\n<meta property=\"og:locale\" content=\"lv_LV\" \/>\n<meta property=\"og:type\" content=\"article\" \/>\n<meta property=\"og:title\" content=\"Sp\u0113c\u012bgs E vitam\u012bns 268 mg 60 kapsulas - Puhdas+\" \/>\n<meta property=\"og:description\" content=\"Pure+ Strong E vitam\u012bns 268 mg pal\u012bdz aizsarg\u0101t \u0161\u016bnas no oksidat\u012bv\u0101 stresa un atbalsta ikdienas labsaj\u016btu. \u0112rta un efekt\u012bva kapsulu forma.\" \/>\n<meta property=\"og:url\" content=\"https:\/\/test.puhdasplus.ee\/lv\/tooted\/vitamini\/e-vitamins-268-mg-60-kapsulas\/\" \/>\n<meta property=\"og:site_name\" content=\"Puhdas+\" \/>\n<meta property=\"article:publisher\" content=\"https:\/\/www.facebook.com\/puhdasplus\" \/>\n<meta property=\"article:modified_time\" content=\"2026-03-04T20:04:13+00:00\" \/>\n<meta property=\"og:image\" content=\"https:\/\/test.puhdasplus.ee\/wp-content\/uploads\/2025\/08\/tooted-ilma-taustata-copy-5-scaled.jpg\" \/>\n\t<meta property=\"og:image:width\" content=\"1862\" \/>\n\t<meta property=\"og:image:height\" content=\"2560\" \/>\n\t<meta property=\"og:image:type\" content=\"image\/jpeg\" \/>\n<meta name=\"twitter:card\" content=\"summary_large_image\" \/>\n<meta name=\"twitter:label1\" content=\"Est. reading time\" \/>\n\t<meta name=\"twitter:data1\" content=\"2 min\u016btes\" \/>\n<script type=\"application\/ld+json\" class=\"yoast-schema-graph\">{\"@context\":\"https:\/\/schema.org\",\"@graph\":[{\"@type\":\"WebPage\",\"@id\":\"https:\/\/test.puhdasplus.ee\/lv\/tooted\/vitamini\/e-vitamins-268-mg-60-kapsulas\/\",\"url\":\"https:\/\/test.puhdasplus.ee\/lv\/tooted\/vitamini\/e-vitamins-268-mg-60-kapsulas\/\",\"name\":\"Sp\u0113c\u012bgs E vitam\u012bns 268 mg 60 kapsulas - Puhdas+\",\"isPartOf\":{\"@id\":\"https:\/\/test.puhdasplus.ee\/lv\/#website\"},\"primaryImageOfPage\":{\"@id\":\"https:\/\/test.puhdasplus.ee\/lv\/tooted\/vitamini\/e-vitamins-268-mg-60-kapsulas\/#primaryimage\"},\"image\":{\"@id\":\"https:\/\/test.puhdasplus.ee\/lv\/tooted\/vitamini\/e-vitamins-268-mg-60-kapsulas\/#primaryimage\"},\"thumbnailUrl\":\"https:\/\/test.puhdasplus.ee\/wp-content\/uploads\/2025\/08\/tooted-ilma-taustata-copy-5-scaled.jpg\",\"datePublished\":\"2025-08-25T11:03:42+00:00\",\"dateModified\":\"2026-03-04T20:04:13+00:00\",\"description\":\"Pure+ Strong E vitam\u012bns 268 mg pal\u012bdz aizsarg\u0101t \u0161\u016bnas no oksidat\u012bv\u0101 stresa un atbalsta ikdienas labsaj\u016btu. \u0112rta un efekt\u012bva kapsulu forma.\",\"breadcrumb\":{\"@id\":\"https:\/\/test.puhdasplus.ee\/lv\/tooted\/vitamini\/e-vitamins-268-mg-60-kapsulas\/#breadcrumb\"},\"inLanguage\":\"lv-LV\",\"potentialAction\":[{\"@type\":\"ReadAction\",\"target\":[\"https:\/\/test.puhdasplus.ee\/lv\/tooted\/vitamini\/e-vitamins-268-mg-60-kapsulas\/\"]}]},{\"@type\":\"ImageObject\",\"inLanguage\":\"lv-LV\",\"@id\":\"https:\/\/test.puhdasplus.ee\/lv\/tooted\/vitamini\/e-vitamins-268-mg-60-kapsulas\/#primaryimage\",\"url\":\"https:\/\/test.puhdasplus.ee\/wp-content\/uploads\/2025\/08\/tooted-ilma-taustata-copy-5-scaled.jpg\",\"contentUrl\":\"https:\/\/test.puhdasplus.ee\/wp-content\/uploads\/2025\/08\/tooted-ilma-taustata-copy-5-scaled.jpg\",\"width\":1862,\"height\":2560,\"caption\":\"Sp\u0113c\u012bgs E vitam\u012bns 268 mg\"},{\"@type\":\"BreadcrumbList\",\"@id\":\"https:\/\/test.puhdasplus.ee\/lv\/tooted\/vitamini\/e-vitamins-268-mg-60-kapsulas\/#breadcrumb\",\"itemListElement\":[{\"@type\":\"ListItem\",\"position\":1,\"name\":\"S\u0101kums\",\"item\":\"https:\/\/test.puhdasplus.ee\/lv\/\"},{\"@type\":\"ListItem\",\"position\":2,\"name\":\"Produkti\",\"item\":\"https:\/\/test.puhdasplus.ee\/lv\/veikals\/\"},{\"@type\":\"ListItem\",\"position\":3,\"name\":\"Sp\u0113c\u012bgs E vitam\u012bns 268 mg 60 kapsulas\"}]},{\"@type\":\"WebSite\",\"@id\":\"https:\/\/test.puhdasplus.ee\/lv\/#website\",\"url\":\"https:\/\/test.puhdasplus.ee\/lv\/\",\"name\":\"Puhdas+\",\"description\":\"Vitamiinid, Toidulisandid, looduskosmeetika, tervis, sport\",\"publisher\":{\"@id\":\"https:\/\/test.puhdasplus.ee\/lv\/#organization\"},\"potentialAction\":[{\"@type\":\"SearchAction\",\"target\":{\"@type\":\"EntryPoint\",\"urlTemplate\":\"https:\/\/test.puhdasplus.ee\/lv\/?s={search_term_string}\"},\"query-input\":{\"@type\":\"PropertyValueSpecification\",\"valueRequired\":true,\"valueName\":\"search_term_string\"}}],\"inLanguage\":\"lv-LV\"},{\"@type\":\"Organization\",\"@id\":\"https:\/\/test.puhdasplus.ee\/lv\/#organization\",\"name\":\"Puhdas+\",\"alternateName\":\"Puhdasplus\",\"url\":\"https:\/\/test.puhdasplus.ee\/lv\/\",\"logo\":{\"@type\":\"ImageObject\",\"inLanguage\":\"lv-LV\",\"@id\":\"https:\/\/test.puhdasplus.ee\/lv\/#\/schema\/logo\/image\/\",\"url\":\"https:\/\/test.puhdasplus.ee\/\/wp-content\/uploads\/2019\/10\/puhdas_logo-arvele.png\",\"contentUrl\":\"https:\/\/test.puhdasplus.ee\/\/wp-content\/uploads\/2019\/10\/puhdas_logo-arvele.png\",\"width\":114,\"height\":94,\"caption\":\"Puhdas+\"},\"image\":{\"@id\":\"https:\/\/test.puhdasplus.ee\/lv\/#\/schema\/logo\/image\/\"},\"sameAs\":[\"https:\/\/www.facebook.com\/puhdasplus\",\"https:\/\/www.instagram.com\/puhdasplus_ee\/\"]}]}<\/script>\n<!-- \/ Yoast SEO plugin. -->","yoast_head_json":{"title":"Sp\u0113c\u012bgs E vitam\u012bns 268 mg 60 kapsulas - Puhdas+","description":"Pure+ Strong E vitam\u012bns 268 mg pal\u012bdz aizsarg\u0101t \u0161\u016bnas no oksidat\u012bv\u0101 stresa un atbalsta ikdienas labsaj\u016btu. \u0112rta un efekt\u012bva kapsulu forma.","robots":{"index":"noindex","follow":"follow","max-snippet":"max-snippet:-1","max-image-preview":"max-image-preview:large","max-video-preview":"max-video-preview:-1"},"og_locale":"lv_LV","og_type":"article","og_title":"Sp\u0113c\u012bgs E vitam\u012bns 268 mg 60 kapsulas - Puhdas+","og_description":"Pure+ Strong E vitam\u012bns 268 mg pal\u012bdz aizsarg\u0101t \u0161\u016bnas no oksidat\u012bv\u0101 stresa un atbalsta ikdienas labsaj\u016btu. \u0112rta un efekt\u012bva kapsulu forma.","og_url":"https:\/\/test.puhdasplus.ee\/lv\/tooted\/vitamini\/e-vitamins-268-mg-60-kapsulas\/","og_site_name":"Puhdas+","article_publisher":"https:\/\/www.facebook.com\/puhdasplus","article_modified_time":"2026-03-04T20:04:13+00:00","og_image":[{"width":1862,"height":2560,"url":"https:\/\/test.puhdasplus.ee\/wp-content\/uploads\/2025\/08\/tooted-ilma-taustata-copy-5-scaled.jpg","type":"image\/jpeg"}],"twitter_card":"summary_large_image","twitter_misc":{"Est. reading time":"2 min\u016btes"},"schema":{"@context":"https:\/\/schema.org","@graph":[{"@type":"WebPage","@id":"https:\/\/test.puhdasplus.ee\/lv\/tooted\/vitamini\/e-vitamins-268-mg-60-kapsulas\/","url":"https:\/\/test.puhdasplus.ee\/lv\/tooted\/vitamini\/e-vitamins-268-mg-60-kapsulas\/","name":"Sp\u0113c\u012bgs E vitam\u012bns 268 mg 60 kapsulas - Puhdas+","isPartOf":{"@id":"https:\/\/test.puhdasplus.ee\/lv\/#website"},"primaryImageOfPage":{"@id":"https:\/\/test.puhdasplus.ee\/lv\/tooted\/vitamini\/e-vitamins-268-mg-60-kapsulas\/#primaryimage"},"image":{"@id":"https:\/\/test.puhdasplus.ee\/lv\/tooted\/vitamini\/e-vitamins-268-mg-60-kapsulas\/#primaryimage"},"thumbnailUrl":"https:\/\/test.puhdasplus.ee\/wp-content\/uploads\/2025\/08\/tooted-ilma-taustata-copy-5-scaled.jpg","datePublished":"2025-08-25T11:03:42+00:00","dateModified":"2026-03-04T20:04:13+00:00","description":"Pure+ Strong E vitam\u012bns 268 mg pal\u012bdz aizsarg\u0101t \u0161\u016bnas no oksidat\u012bv\u0101 stresa un atbalsta ikdienas labsaj\u016btu. \u0112rta un efekt\u012bva kapsulu forma.","breadcrumb":{"@id":"https:\/\/test.puhdasplus.ee\/lv\/tooted\/vitamini\/e-vitamins-268-mg-60-kapsulas\/#breadcrumb"},"inLanguage":"lv-LV","potentialAction":[{"@type":"ReadAction","target":["https:\/\/test.puhdasplus.ee\/lv\/tooted\/vitamini\/e-vitamins-268-mg-60-kapsulas\/"]}]},{"@type":"ImageObject","inLanguage":"lv-LV","@id":"https:\/\/test.puhdasplus.ee\/lv\/tooted\/vitamini\/e-vitamins-268-mg-60-kapsulas\/#primaryimage","url":"https:\/\/test.puhdasplus.ee\/wp-content\/uploads\/2025\/08\/tooted-ilma-taustata-copy-5-scaled.jpg","contentUrl":"https:\/\/test.puhdasplus.ee\/wp-content\/uploads\/2025\/08\/tooted-ilma-taustata-copy-5-scaled.jpg","width":1862,"height":2560,"caption":"Sp\u0113c\u012bgs E vitam\u012bns 268 mg"},{"@type":"BreadcrumbList","@id":"https:\/\/test.puhdasplus.ee\/lv\/tooted\/vitamini\/e-vitamins-268-mg-60-kapsulas\/#breadcrumb","itemListElement":[{"@type":"ListItem","position":1,"name":"S\u0101kums","item":"https:\/\/test.puhdasplus.ee\/lv\/"},{"@type":"ListItem","position":2,"name":"Produkti","item":"https:\/\/test.puhdasplus.ee\/lv\/veikals\/"},{"@type":"ListItem","position":3,"name":"Sp\u0113c\u012bgs E vitam\u012bns 268 mg 60 kapsulas"}]},{"@type":"WebSite","@id":"https:\/\/test.puhdasplus.ee\/lv\/#website","url":"https:\/\/test.puhdasplus.ee\/lv\/","name":"Puhdas+","description":"Vitamiinid, Toidulisandid, looduskosmeetika, tervis, sport","publisher":{"@id":"https:\/\/test.puhdasplus.ee\/lv\/#organization"},"potentialAction":[{"@type":"SearchAction","target":{"@type":"EntryPoint","urlTemplate":"https:\/\/test.puhdasplus.ee\/lv\/?s={search_term_string}"},"query-input":{"@type":"PropertyValueSpecification","valueRequired":true,"valueName":"search_term_string"}}],"inLanguage":"lv-LV"},{"@type":"Organization","@id":"https:\/\/test.puhdasplus.ee\/lv\/#organization","name":"Puhdas+","alternateName":"Puhdasplus","url":"https:\/\/test.puhdasplus.ee\/lv\/","logo":{"@type":"ImageObject","inLanguage":"lv-LV","@id":"https:\/\/test.puhdasplus.ee\/lv\/#\/schema\/logo\/image\/","url":"https:\/\/test.puhdasplus.ee\/\/wp-content\/uploads\/2019\/10\/puhdas_logo-arvele.png","contentUrl":"https:\/\/test.puhdasplus.ee\/\/wp-content\/uploads\/2019\/10\/puhdas_logo-arvele.png","width":114,"height":94,"caption":"Puhdas+"},"image":{"@id":"https:\/\/test.puhdasplus.ee\/lv\/#\/schema\/logo\/image\/"},"sameAs":["https:\/\/www.facebook.com\/puhdasplus","https:\/\/www.instagram.com\/puhdasplus_ee\/"]}]}},"_links":{"self":[{"href":"https:\/\/test.puhdasplus.ee\/lv\/wp-json\/wp\/v2\/product\/353403","targetHints":{"allow":["GET"]}}],"collection":[{"href":"https:\/\/test.puhdasplus.ee\/lv\/wp-json\/wp\/v2\/product"}],"about":[{"href":"https:\/\/test.puhdasplus.ee\/lv\/wp-json\/wp\/v2\/types\/product"}],"replies":[{"embeddable":true,"href":"https:\/\/test.puhdasplus.ee\/lv\/wp-json\/wp\/v2\/comments?post=353403"}],"wp:featuredmedia":[{"embeddable":true,"href":"https:\/\/test.puhdasplus.ee\/lv\/wp-json\/wp\/v2\/media\/352678"}],"wp:attachment":[{"href":"https:\/\/test.puhdasplus.ee\/lv\/wp-json\/wp\/v2\/media?parent=353403"}],"wp:term":[{"taxonomy":"product_brand","embeddable":true,"href":"https:\/\/test.puhdasplus.ee\/lv\/wp-json\/wp\/v2\/product_brand?post=353403"},{"taxonomy":"product_cat","embeddable":true,"href":"https:\/\/test.puhdasplus.ee\/lv\/wp-json\/wp\/v2\/product_cat?post=353403"},{"taxonomy":"product_tag","embeddable":true,"href":"https:\/\/test.puhdasplus.ee\/lv\/wp-json\/wp\/v2\/product_tag?post=353403"}],"curies":[{"name":"wp","href":"https:\/\/api.w.org\/{rel}","templated":true}]}}