{"id":353398,"date":"2025-08-25T12:37:41","date_gmt":"2025-08-25T09:37:41","guid":{"rendered":"https:\/\/test.puhdasplus.ee\/\/tooted\/uncategorized\/vitamins-b3-niacins-500-mg-60-kapsulas\/"},"modified":"2026-03-04T22:04:02","modified_gmt":"2026-03-04T20:04:02","slug":"vitamins-b3-niacins-500-mg-60-kapsulas","status":"publish","type":"product","link":"https:\/\/test.puhdasplus.ee\/lv\/tooted\/vitamini\/b-vitamins\/vitamins-b3-niacins-500-mg-60-kapsulas\/","title":{"rendered":"Vitam\u012bns B3 (niac\u012bns) 500 mg 60 kapsulas"},"content":{"rendered":"<h2 data-start=\"122\" data-end=\"159\">Kas ir Puhdas+ B3 vitam\u012bns?<\/h2>\n<p><strong>B3 vitam\u012bns ir \u016bden\u012b \u0161\u0137\u012bsto\u0161s vitam\u012bns<\/strong>, kas pieder B grupas vitam\u012bniem.<br data-start=\"404\" data-end=\"407\">No niac\u012bna form\u0101m \u0161aj\u0101 produkt\u0101 tiek izmantots <strong data-start=\"452\" data-end=\"470\">nikot\u012bnam\u012bds<\/strong>, kas<strong> neizraisa<\/strong> parasto \u0101das aps\u0101rtumu (t\u0101 saukto <em data-start=\"517\" data-end=\"531\">flush efektu<\/em>), kas var rasties, lietojot nikot\u012bnsk\u0101bi.<\/p>\n<p data-start=\"1009\" data-end=\"1226\">B3 vitam\u012bns ir iesaist\u012bts <strong data-start=\"1257\" data-end=\"1284\">vair\u0101k nek\u0101 200 enz\u012bmu sist\u0113m\u0101s<\/strong> , pal\u012bdzot \u0161\u016bn\u0101m ra\u017eot ener\u0123iju no og\u013chidr\u0101tiem, taukiem un olbaltumviel\u0101m. Pietiekama niac\u012bna uz\u0146em\u0161ana atbalsta \u0101das un g\u013cot\u0101du vesel\u012bbu, veicinot to norm\u0101lu darb\u012bbu. Atbalstot nervu sist\u0113mu un psiholo\u0123isk\u0101s funkcijas, niac\u012bns var veicin\u0101t koncentr\u0113\u0161an\u0101s sp\u0113jas un visp\u0101r\u0113jo gar\u012bgo labsaj\u016btu. K\u0101 \u016bden\u012b \u0161\u0137\u012bsto\u0161s vitam\u012bns, tas organism\u0101 neuzkr\u0101jas lielos daudzumos, t\u0101p\u0113c ir svar\u012bgi to katru dienu uz\u0146emt ar p\u0101rtiku vai uztura bag\u0101tin\u0101t\u0101jiem.   <\/p>\n<ul>\n<li data-start=\"694\" data-end=\"743\">\n<p data-start=\"696\" data-end=\"743\">Atbalsta <strong data-start=\"703\" data-end=\"741\">norm\u0101lu nervu sist\u0113mas darb\u012bbu<\/strong><\/p>\n<\/li>\n<li data-start=\"694\" data-end=\"743\">Pal\u012bdz <strong data-start=\"651\" data-end=\"691\">uztur\u0113t norm\u0101lu ener\u0123ijas metabolismu<\/strong><\/li>\n<li data-start=\"744\" data-end=\"804\">\n<p data-start=\"746\" data-end=\"804\">Pal\u012bdz <strong data-start=\"752\" data-end=\"802\">uztur\u0113t norm\u0101las psiholo\u0123isk\u0101s funkcijas<\/strong><\/p>\n<\/li>\n<li data-start=\"805\" data-end=\"847\">\n<p data-start=\"807\" data-end=\"847\">Pal\u012bdz <strong data-start=\"813\" data-end=\"845\">uztur\u0113t norm\u0101las g\u013cot\u0101das<\/strong><\/p>\n<\/li>\n<li data-start=\"848\" data-end=\"885\">\n<p data-start=\"850\" data-end=\"885\">Pal\u012bdz <strong data-start=\"856\" data-end=\"883\">uztur\u0113t norm\u0101lu \u0101das st\u0101vokli<\/strong><\/p>\n<\/li>\n<li data-start=\"886\" data-end=\"929\">\n<p data-start=\"888\" data-end=\"929\">Pal\u012bdz <strong data-start=\"894\" data-end=\"929\">mazin\u0101t nogurumu un nesp\u0113ku<\/strong><\/p>\n<\/li>\n<\/ul>\n<h2 data-start=\"122\" data-end=\"159\">Sast\u0101vda\u013cas<\/h2>\n<ul data-start=\"160\" data-end=\"479\">\n<li data-start=\"160\" data-end=\"239\">\n<p data-start=\"162\" data-end=\"239\"><span class=\"relative -mx-px my-[-0.2rem] rounded px-px py-[0.2rem] transition-colors duration-100 ease-in-out\"><strong data-start=\"0\" data-end=\"17\" data-is-only-node=\"\">Nikot\u012bnam\u012bds<\/strong> \u2013 B3 vitam\u012bna veids, kas neizraisa pietv\u012bkumu<\/span><\/p>\n<\/li>\n<li data-start=\"240\" data-end=\"319\">\n<p data-start=\"242\" data-end=\"319\"><span class=\"relative -mx-px my-[-0.2rem] rounded px-px py-[0.2rem] transition-colors duration-100 ease-in-out\"><strong data-start=\"0\" data-end=\"13\" data-is-only-node=\"\">Pild\u012bjuma sast\u0101vda\u013ca<\/strong> : r\u012bsu milti<\/span><\/p>\n<\/li>\n<li data-start=\"320\" data-end=\"399\">\n<p data-start=\"322\" data-end=\"399\"><span class=\"relative -mx-px my-[-0.2rem] rounded px-px py-[0.2rem] transition-colors duration-100 ease-in-out\"><strong data-start=\"0\" data-end=\"10\" data-is-only-node=\"\">Kapsula<\/strong> : stabilizators \u2013 hidroksipropilmetilceluloze<\/span><\/p>\n<\/li>\n<li data-start=\"400\" data-end=\"479\">\n<p data-start=\"402\" data-end=\"479\"><span class=\"relative -mx-px my-[-0.2rem] rounded px-px py-[0.2rem] transition-colors duration-100 ease-in-out\"><strong data-start=\"0\" data-end=\"14\" data-is-only-node=\"\">MCT pulveris<\/strong> (vid\u0113jas \u0137\u0113des triglicer\u012bds \u2013 no kokosrieksta)<\/span><\/p>\n<\/li>\n<\/ul>\n<p><strong data-start=\"1073\" data-end=\"1105\">Uzturvielu saturs (1 kapsula): <\/strong>B3 vitam\u012bns (niac\u012bns) 500 mg (3125% NRV)<\/p>\n<h2 data-start=\"732\" data-end=\"758\">Ieteicamais lietojums<\/h2>\n<ul data-start=\"759\" data-end=\"929\">\n<li data-start=\"759\" data-end=\"802\">\n<p data-start=\"761\" data-end=\"802\"><span class=\"relative -mx-px my-[-0.2rem] rounded px-px py-[0.2rem] transition-colors duration-100 ease-in-out\"><strong data-start=\"0\" data-end=\"17\" data-is-only-node=\"\">Dienas deva<\/strong> : 1 kapsula dien\u0101.<\/span><\/p>\n<\/li>\n<li data-start=\"803\" data-end=\"846\">\n<p data-start=\"805\" data-end=\"846\"><span class=\"relative -mx-px my-[-0.2rem] rounded px-px py-[0.2rem] transition-colors duration-100 ease-in-out\"><strong data-start=\"0\" data-end=\"11\" data-is-only-node=\"\">Br\u012bdin\u0101jums<\/strong>: Nep\u0101rsniegt ieteicamo diennakts devu. Neizmantot uztura bag\u0101tin\u0101t\u0101ju pilnv\u0113rt\u012bga un sabalans\u0113ta uztura, k\u0101 ar\u012b vesel\u012bga dz\u012bvesveida aizvieto\u0161anai.<br data-start=\"872\" data-end=\"875\">Glab\u0101t b\u0113rniem nepieejam\u0101 viet\u0101. <\/span><\/p>\n<ul>\n<li data-start=\"1765\" data-end=\"1864\">\n<p data-start=\"1767\" data-end=\"1864\">Augst\u0101 niac\u012bna satura d\u0113\u013c tas var izrais\u012bt \u012bslaic\u012bgu \u0101das aps\u0101rtumu, karstuma saj\u016btu un niezi.<\/p>\n<\/li>\n<li data-start=\"1865\" data-end=\"1928\">\n<p data-start=\"1867\" data-end=\"1928\">Nav ieteicams gr\u016btniec\u0113m vai sieviet\u0113m, kas baro b\u0113rnu ar kr\u016bti.<\/p>\n<\/li>\n<\/ul>\n<\/li>\n<li data-start=\"847\" data-end=\"929\">\n<p data-start=\"849\" data-end=\"929\"><span class=\"relative -mx-px my-[-0.2rem] rounded px-px py-[0.2rem] transition-colors duration-100 ease-in-out\"><strong data-start=\"0\" data-end=\"12\" data-is-only-node=\"\">Piez\u012bmes<\/strong> : \u0160is uztura bag\u0101tin\u0101t\u0101js neaizst\u0101j daudzveid\u012bgu uzturu un vesel\u012bgu dz\u012bvesveidu. Sarg\u0101t no b\u0113rniem. <\/span><\/p>\n<\/li>\n<\/ul>\n<p>&nbsp;<\/p>\n<p><strong data-start=\"209\" data-end=\"220\">Ra\u017eot\u0101js:<\/strong> New Organics Oy, Somija<br data-start=\"243\" data-end=\"246\"><strong data-start=\"246\" data-end=\"261\">Import\u0113t\u0101js:<\/strong> NordenBio O\u00dc, Narva mnt 7, 10117 Tallina, Igaunija<\/p>\n","protected":false},"excerpt":{"rendered":"<p><strong data-start=\"478\" data-end=\"527\">Puhdas+ B3 vitam\u012bns (niac\u012bns) ir uztura bag\u0101tin\u0101t\u0101js<\/strong>, kas pal\u012bdz nodro\u0161in\u0101t norm\u0101lu ener\u0123ijas ieguves vielmai\u0146u, veicina norm\u0101lu nervu sist\u0113mas darb\u012bbu, k\u0101 ar\u012b pal\u012bdz samazin\u0101t nogurumu un nesp\u0113ku.<\/p>\n","protected":false},"featured_media":352655,"comment_status":"open","ping_status":"closed","template":"","meta":{"_acf_changed":false},"product_brand":[],"product_cat":[3207],"product_tag":[3301,6576,6580,6569,3044,6584,3211,6572,6578,6573,3218,6586,6582,6588,6587,3719],"class_list":{"0":"post-353398","1":"product","2":"type-product","3":"status-publish","4":"has-post-thumbnail","6":"product_cat-b-vitamins","7":"product_tag-adas-veseliba","8":"product_tag-b3-vitamina-kapsulas","9":"product_tag-b3-vitamins","10":"product_tag-b3-vitamins-500-mg-nikotinamids","11":"product_tag-energija-un-nogurums","12":"product_tag-glotadas-veseliba","13":"product_tag-nervu-sistemas-atbalsts","14":"product_tag-niacins","15":"product_tag-niacins-500-mg","16":"product_tag-nikotinamidi","17":"product_tag-noguruma-mazinasana","18":"product_tag-psihologiska-labklajiba","19":"product_tag-tirs-b3","20":"product_tag-vitamini-adai","21":"product_tag-vitamini-nervu-sistemai","22":"product_tag-vitamins-b3","24":"first","25":"onbackorder","26":"taxable","27":"shipping-taxable","28":"purchasable","29":"product-type-simple"},"acf":[],"yoast_head":"<!-- This site is optimized with the Yoast SEO plugin v27.1.1 - https:\/\/yoast.com\/product\/yoast-seo-wordpress\/ -->\n<title>Vitam\u012bns B3 (niac\u012bns) 500 mg 60 kapsulas - Puhdas+<\/title>\n<meta name=\"description\" content=\"B3 vitam\u012bns 500 mg (nikot\u012bnam\u012bds) atbalsta ener\u0123ijas vielmai\u0146u, mazina nogurumu un pal\u012bdz uztur\u0113t nervu sist\u0113mas, \u0101das un g\u013cot\u0101du vesel\u012bbu.\" \/>\n<meta name=\"robots\" content=\"noindex, follow, max-snippet:-1, max-image-preview:large, max-video-preview:-1\" \/>\n<meta property=\"og:locale\" content=\"lv_LV\" \/>\n<meta property=\"og:type\" content=\"article\" \/>\n<meta property=\"og:title\" content=\"Vitam\u012bns B3 (niac\u012bns) 500 mg 60 kapsulas - Puhdas+\" \/>\n<meta property=\"og:description\" content=\"B3 vitam\u012bns 500 mg (nikot\u012bnam\u012bds) atbalsta ener\u0123ijas vielmai\u0146u, mazina nogurumu un pal\u012bdz uztur\u0113t nervu sist\u0113mas, \u0101das un g\u013cot\u0101du vesel\u012bbu.\" \/>\n<meta property=\"og:url\" content=\"https:\/\/test.puhdasplus.ee\/lv\/tooted\/vitamini\/b-vitamins\/vitamins-b3-niacins-500-mg-60-kapsulas\/\" \/>\n<meta property=\"og:site_name\" content=\"Puhdas+\" \/>\n<meta property=\"article:publisher\" content=\"https:\/\/www.facebook.com\/puhdasplus\" \/>\n<meta property=\"article:modified_time\" content=\"2026-03-04T20:04:02+00:00\" \/>\n<meta property=\"og:image\" content=\"https:\/\/test.puhdasplus.ee\/wp-content\/uploads\/2025\/08\/tooted-ilma-taustata-copy-scaled.jpg\" \/>\n\t<meta property=\"og:image:width\" content=\"1862\" \/>\n\t<meta property=\"og:image:height\" content=\"2560\" \/>\n\t<meta property=\"og:image:type\" content=\"image\/jpeg\" \/>\n<meta name=\"twitter:card\" content=\"summary_large_image\" \/>\n<meta name=\"twitter:label1\" content=\"Est. reading time\" \/>\n\t<meta name=\"twitter:data1\" content=\"2 min\u016btes\" \/>\n<script type=\"application\/ld+json\" class=\"yoast-schema-graph\">{\"@context\":\"https:\/\/schema.org\",\"@graph\":[{\"@type\":\"WebPage\",\"@id\":\"https:\/\/test.puhdasplus.ee\/lv\/tooted\/vitamini\/b-vitamins\/vitamins-b3-niacins-500-mg-60-kapsulas\/\",\"url\":\"https:\/\/test.puhdasplus.ee\/lv\/tooted\/vitamini\/b-vitamins\/vitamins-b3-niacins-500-mg-60-kapsulas\/\",\"name\":\"Vitam\u012bns B3 (niac\u012bns) 500 mg 60 kapsulas - Puhdas+\",\"isPartOf\":{\"@id\":\"https:\/\/test.puhdasplus.ee\/lv\/#website\"},\"primaryImageOfPage\":{\"@id\":\"https:\/\/test.puhdasplus.ee\/lv\/tooted\/vitamini\/b-vitamins\/vitamins-b3-niacins-500-mg-60-kapsulas\/#primaryimage\"},\"image\":{\"@id\":\"https:\/\/test.puhdasplus.ee\/lv\/tooted\/vitamini\/b-vitamins\/vitamins-b3-niacins-500-mg-60-kapsulas\/#primaryimage\"},\"thumbnailUrl\":\"https:\/\/test.puhdasplus.ee\/wp-content\/uploads\/2025\/08\/tooted-ilma-taustata-copy-scaled.jpg\",\"datePublished\":\"2025-08-25T09:37:41+00:00\",\"dateModified\":\"2026-03-04T20:04:02+00:00\",\"description\":\"B3 vitam\u012bns 500 mg (nikot\u012bnam\u012bds) atbalsta ener\u0123ijas vielmai\u0146u, mazina nogurumu un pal\u012bdz uztur\u0113t nervu sist\u0113mas, \u0101das un g\u013cot\u0101du vesel\u012bbu.\",\"breadcrumb\":{\"@id\":\"https:\/\/test.puhdasplus.ee\/lv\/tooted\/vitamini\/b-vitamins\/vitamins-b3-niacins-500-mg-60-kapsulas\/#breadcrumb\"},\"inLanguage\":\"lv-LV\",\"potentialAction\":[{\"@type\":\"ReadAction\",\"target\":[\"https:\/\/test.puhdasplus.ee\/lv\/tooted\/vitamini\/b-vitamins\/vitamins-b3-niacins-500-mg-60-kapsulas\/\"]}]},{\"@type\":\"ImageObject\",\"inLanguage\":\"lv-LV\",\"@id\":\"https:\/\/test.puhdasplus.ee\/lv\/tooted\/vitamini\/b-vitamins\/vitamins-b3-niacins-500-mg-60-kapsulas\/#primaryimage\",\"url\":\"https:\/\/test.puhdasplus.ee\/wp-content\/uploads\/2025\/08\/tooted-ilma-taustata-copy-scaled.jpg\",\"contentUrl\":\"https:\/\/test.puhdasplus.ee\/wp-content\/uploads\/2025\/08\/tooted-ilma-taustata-copy-scaled.jpg\",\"width\":1862,\"height\":2560,\"caption\":\"B3 vitam\u012bns 500 mg (nikot\u012bnam\u012bds)\"},{\"@type\":\"BreadcrumbList\",\"@id\":\"https:\/\/test.puhdasplus.ee\/lv\/tooted\/vitamini\/b-vitamins\/vitamins-b3-niacins-500-mg-60-kapsulas\/#breadcrumb\",\"itemListElement\":[{\"@type\":\"ListItem\",\"position\":1,\"name\":\"S\u0101kums\",\"item\":\"https:\/\/test.puhdasplus.ee\/lv\/\"},{\"@type\":\"ListItem\",\"position\":2,\"name\":\"Produkti\",\"item\":\"https:\/\/test.puhdasplus.ee\/lv\/veikals\/\"},{\"@type\":\"ListItem\",\"position\":3,\"name\":\"Vitam\u012bns B3 (niac\u012bns) 500 mg 60 kapsulas\"}]},{\"@type\":\"WebSite\",\"@id\":\"https:\/\/test.puhdasplus.ee\/lv\/#website\",\"url\":\"https:\/\/test.puhdasplus.ee\/lv\/\",\"name\":\"Puhdas+\",\"description\":\"Vitamiinid, Toidulisandid, looduskosmeetika, tervis, sport\",\"publisher\":{\"@id\":\"https:\/\/test.puhdasplus.ee\/lv\/#organization\"},\"potentialAction\":[{\"@type\":\"SearchAction\",\"target\":{\"@type\":\"EntryPoint\",\"urlTemplate\":\"https:\/\/test.puhdasplus.ee\/lv\/?s={search_term_string}\"},\"query-input\":{\"@type\":\"PropertyValueSpecification\",\"valueRequired\":true,\"valueName\":\"search_term_string\"}}],\"inLanguage\":\"lv-LV\"},{\"@type\":\"Organization\",\"@id\":\"https:\/\/test.puhdasplus.ee\/lv\/#organization\",\"name\":\"Puhdas+\",\"alternateName\":\"Puhdasplus\",\"url\":\"https:\/\/test.puhdasplus.ee\/lv\/\",\"logo\":{\"@type\":\"ImageObject\",\"inLanguage\":\"lv-LV\",\"@id\":\"https:\/\/test.puhdasplus.ee\/lv\/#\/schema\/logo\/image\/\",\"url\":\"https:\/\/test.puhdasplus.ee\/\/wp-content\/uploads\/2019\/10\/puhdas_logo-arvele.png\",\"contentUrl\":\"https:\/\/test.puhdasplus.ee\/\/wp-content\/uploads\/2019\/10\/puhdas_logo-arvele.png\",\"width\":114,\"height\":94,\"caption\":\"Puhdas+\"},\"image\":{\"@id\":\"https:\/\/test.puhdasplus.ee\/lv\/#\/schema\/logo\/image\/\"},\"sameAs\":[\"https:\/\/www.facebook.com\/puhdasplus\",\"https:\/\/www.instagram.com\/puhdasplus_ee\/\"]}]}<\/script>\n<!-- \/ Yoast SEO plugin. -->","yoast_head_json":{"title":"Vitam\u012bns B3 (niac\u012bns) 500 mg 60 kapsulas - Puhdas+","description":"B3 vitam\u012bns 500 mg (nikot\u012bnam\u012bds) atbalsta ener\u0123ijas vielmai\u0146u, mazina nogurumu un pal\u012bdz uztur\u0113t nervu sist\u0113mas, \u0101das un g\u013cot\u0101du vesel\u012bbu.","robots":{"index":"noindex","follow":"follow","max-snippet":"max-snippet:-1","max-image-preview":"max-image-preview:large","max-video-preview":"max-video-preview:-1"},"og_locale":"lv_LV","og_type":"article","og_title":"Vitam\u012bns B3 (niac\u012bns) 500 mg 60 kapsulas - Puhdas+","og_description":"B3 vitam\u012bns 500 mg (nikot\u012bnam\u012bds) atbalsta ener\u0123ijas vielmai\u0146u, mazina nogurumu un pal\u012bdz uztur\u0113t nervu sist\u0113mas, \u0101das un g\u013cot\u0101du vesel\u012bbu.","og_url":"https:\/\/test.puhdasplus.ee\/lv\/tooted\/vitamini\/b-vitamins\/vitamins-b3-niacins-500-mg-60-kapsulas\/","og_site_name":"Puhdas+","article_publisher":"https:\/\/www.facebook.com\/puhdasplus","article_modified_time":"2026-03-04T20:04:02+00:00","og_image":[{"width":1862,"height":2560,"url":"https:\/\/test.puhdasplus.ee\/wp-content\/uploads\/2025\/08\/tooted-ilma-taustata-copy-scaled.jpg","type":"image\/jpeg"}],"twitter_card":"summary_large_image","twitter_misc":{"Est. reading time":"2 min\u016btes"},"schema":{"@context":"https:\/\/schema.org","@graph":[{"@type":"WebPage","@id":"https:\/\/test.puhdasplus.ee\/lv\/tooted\/vitamini\/b-vitamins\/vitamins-b3-niacins-500-mg-60-kapsulas\/","url":"https:\/\/test.puhdasplus.ee\/lv\/tooted\/vitamini\/b-vitamins\/vitamins-b3-niacins-500-mg-60-kapsulas\/","name":"Vitam\u012bns B3 (niac\u012bns) 500 mg 60 kapsulas - Puhdas+","isPartOf":{"@id":"https:\/\/test.puhdasplus.ee\/lv\/#website"},"primaryImageOfPage":{"@id":"https:\/\/test.puhdasplus.ee\/lv\/tooted\/vitamini\/b-vitamins\/vitamins-b3-niacins-500-mg-60-kapsulas\/#primaryimage"},"image":{"@id":"https:\/\/test.puhdasplus.ee\/lv\/tooted\/vitamini\/b-vitamins\/vitamins-b3-niacins-500-mg-60-kapsulas\/#primaryimage"},"thumbnailUrl":"https:\/\/test.puhdasplus.ee\/wp-content\/uploads\/2025\/08\/tooted-ilma-taustata-copy-scaled.jpg","datePublished":"2025-08-25T09:37:41+00:00","dateModified":"2026-03-04T20:04:02+00:00","description":"B3 vitam\u012bns 500 mg (nikot\u012bnam\u012bds) atbalsta ener\u0123ijas vielmai\u0146u, mazina nogurumu un pal\u012bdz uztur\u0113t nervu sist\u0113mas, \u0101das un g\u013cot\u0101du vesel\u012bbu.","breadcrumb":{"@id":"https:\/\/test.puhdasplus.ee\/lv\/tooted\/vitamini\/b-vitamins\/vitamins-b3-niacins-500-mg-60-kapsulas\/#breadcrumb"},"inLanguage":"lv-LV","potentialAction":[{"@type":"ReadAction","target":["https:\/\/test.puhdasplus.ee\/lv\/tooted\/vitamini\/b-vitamins\/vitamins-b3-niacins-500-mg-60-kapsulas\/"]}]},{"@type":"ImageObject","inLanguage":"lv-LV","@id":"https:\/\/test.puhdasplus.ee\/lv\/tooted\/vitamini\/b-vitamins\/vitamins-b3-niacins-500-mg-60-kapsulas\/#primaryimage","url":"https:\/\/test.puhdasplus.ee\/wp-content\/uploads\/2025\/08\/tooted-ilma-taustata-copy-scaled.jpg","contentUrl":"https:\/\/test.puhdasplus.ee\/wp-content\/uploads\/2025\/08\/tooted-ilma-taustata-copy-scaled.jpg","width":1862,"height":2560,"caption":"B3 vitam\u012bns 500 mg (nikot\u012bnam\u012bds)"},{"@type":"BreadcrumbList","@id":"https:\/\/test.puhdasplus.ee\/lv\/tooted\/vitamini\/b-vitamins\/vitamins-b3-niacins-500-mg-60-kapsulas\/#breadcrumb","itemListElement":[{"@type":"ListItem","position":1,"name":"S\u0101kums","item":"https:\/\/test.puhdasplus.ee\/lv\/"},{"@type":"ListItem","position":2,"name":"Produkti","item":"https:\/\/test.puhdasplus.ee\/lv\/veikals\/"},{"@type":"ListItem","position":3,"name":"Vitam\u012bns B3 (niac\u012bns) 500 mg 60 kapsulas"}]},{"@type":"WebSite","@id":"https:\/\/test.puhdasplus.ee\/lv\/#website","url":"https:\/\/test.puhdasplus.ee\/lv\/","name":"Puhdas+","description":"Vitamiinid, Toidulisandid, looduskosmeetika, tervis, sport","publisher":{"@id":"https:\/\/test.puhdasplus.ee\/lv\/#organization"},"potentialAction":[{"@type":"SearchAction","target":{"@type":"EntryPoint","urlTemplate":"https:\/\/test.puhdasplus.ee\/lv\/?s={search_term_string}"},"query-input":{"@type":"PropertyValueSpecification","valueRequired":true,"valueName":"search_term_string"}}],"inLanguage":"lv-LV"},{"@type":"Organization","@id":"https:\/\/test.puhdasplus.ee\/lv\/#organization","name":"Puhdas+","alternateName":"Puhdasplus","url":"https:\/\/test.puhdasplus.ee\/lv\/","logo":{"@type":"ImageObject","inLanguage":"lv-LV","@id":"https:\/\/test.puhdasplus.ee\/lv\/#\/schema\/logo\/image\/","url":"https:\/\/test.puhdasplus.ee\/\/wp-content\/uploads\/2019\/10\/puhdas_logo-arvele.png","contentUrl":"https:\/\/test.puhdasplus.ee\/\/wp-content\/uploads\/2019\/10\/puhdas_logo-arvele.png","width":114,"height":94,"caption":"Puhdas+"},"image":{"@id":"https:\/\/test.puhdasplus.ee\/lv\/#\/schema\/logo\/image\/"},"sameAs":["https:\/\/www.facebook.com\/puhdasplus","https:\/\/www.instagram.com\/puhdasplus_ee\/"]}]}},"_links":{"self":[{"href":"https:\/\/test.puhdasplus.ee\/lv\/wp-json\/wp\/v2\/product\/353398","targetHints":{"allow":["GET"]}}],"collection":[{"href":"https:\/\/test.puhdasplus.ee\/lv\/wp-json\/wp\/v2\/product"}],"about":[{"href":"https:\/\/test.puhdasplus.ee\/lv\/wp-json\/wp\/v2\/types\/product"}],"replies":[{"embeddable":true,"href":"https:\/\/test.puhdasplus.ee\/lv\/wp-json\/wp\/v2\/comments?post=353398"}],"wp:featuredmedia":[{"embeddable":true,"href":"https:\/\/test.puhdasplus.ee\/lv\/wp-json\/wp\/v2\/media\/352655"}],"wp:attachment":[{"href":"https:\/\/test.puhdasplus.ee\/lv\/wp-json\/wp\/v2\/media?parent=353398"}],"wp:term":[{"taxonomy":"product_brand","embeddable":true,"href":"https:\/\/test.puhdasplus.ee\/lv\/wp-json\/wp\/v2\/product_brand?post=353398"},{"taxonomy":"product_cat","embeddable":true,"href":"https:\/\/test.puhdasplus.ee\/lv\/wp-json\/wp\/v2\/product_cat?post=353398"},{"taxonomy":"product_tag","embeddable":true,"href":"https:\/\/test.puhdasplus.ee\/lv\/wp-json\/wp\/v2\/product_tag?post=353398"}],"curies":[{"name":"wp","href":"https:\/\/api.w.org\/{rel}","templated":true}]}}