{"id":353354,"date":"2019-12-06T21:10:18","date_gmt":"2019-12-06T19:10:18","guid":{"rendered":"https:\/\/test.puhdasplus.ee\/\/tooted\/uncategorized\/matcha-teja-45g\/"},"modified":"2026-03-10T14:39:22","modified_gmt":"2026-03-10T12:39:22","slug":"matcha-teja-45g","status":"publish","type":"product","link":"https:\/\/test.puhdasplus.ee\/lv\/tooted\/gremosana-un-vielmaina\/detoksikacija\/matcha-teja-45g\/","title":{"rendered":"Matcha t\u0113ja 45g"},"content":{"rendered":"<h2>Kas ir Pure+ Matcha t\u0113ja?<\/h2>\n<p data-start=\"259\" data-end=\"548\">Pure+ Matcha t\u0113ja ir 100% t\u012brs un nepiejaukts za\u013c\u0101s t\u0113jas pulveris, kas pagatavots no \u0113n\u0101 augo\u0161a t\u0113jas kr\u016bma (Camellia sinensis) lap\u0101m. R\u016bp\u012bgi samalts smalk\u0101 pulver\u012b, tas satur visas t\u0113jas lapas uzturvielas un ir lielisks dab\u012bg\u0101 kofe\u012bna un antioksidantu avots. <\/p>\n<p data-start=\"550\" data-end=\"827\">Ma\u010das pulveris veicina koncentr\u0113\u0161an\u0101s sp\u0113jas, uzmundrina pr\u0101tu un sniedz dabisku ener\u0123iju. Pateicoties L-tean\u012bnam, kofe\u012bns iedarbojas vienm\u0113r\u012bg\u0101k un vienm\u0113r\u012bg\u0101k nek\u0101 kafij\u0101, pal\u012bdzot saglab\u0101t pr\u0101tu skaidru un \u0137ermeni modru. Ma\u010da ir lieliska k\u0101 r\u012bta dz\u0113riens vai dienas laik\u0101, kas prasa gar\u012bgu piep\u016bli.  <\/p>\n<h2 class=\"\" data-start=\"196\" data-end=\"234\">K\u0101p\u0113c Pure+ Matcha t\u0113ja ir labv\u0113l\u012bga?<\/h2>\n<h3 class=\"\" data-start=\"236\" data-end=\"285\">1. Dab\u012bgs un sabalans\u0113ts ener\u0123ijas avots<\/h3>\n<p class=\"\" data-start=\"286\" data-end=\"711\">Matcha satur dab\u012bgu kofe\u012bnu, kas kop\u0101 ar L-tean\u012bnu rada stabilu un nomierino\u0161u efektu, atbalstot koncentr\u0113\u0161an\u0101s sp\u0113jas bez p\u0113k\u0161\u0146iem ener\u0123ijas kritumiem.<\/p>\n<h3 class=\"\" data-start=\"718\" data-end=\"775\">2. Atbalsta koncentr\u0113\u0161an\u0101s sp\u0113jas un gar\u012bgo l\u012bdzsvaru<\/h3>\n<p class=\"\" data-start=\"776\" data-end=\"1077\">Matcha sast\u0101v\u0101 eso\u0161ais L-tean\u012bns pal\u012bdz veicin\u0101t relaks\u0101ciju un koncentr\u0113tu, mier\u012bgu noska\u0146ojumu.<\/p>\n<h3 class=\"\" data-start=\"1084\" data-end=\"1130\">3. \u013boti sp\u0113c\u012bgs antioksidantu avots<\/h3>\n<p class=\"\" data-start=\"1131\" data-end=\"1465\">Ma\u010da ir bag\u0101ta ar kateh\u012bniem, \u012bpa\u0161i EGCG (epigalokateh\u012bna-3-gal\u0101tu), kas atbalsta \u0161\u016bnas pret oksidat\u012bvo stresu un veicina organisma dabisko aizsardz\u012bbu.<br data-start=\"1432\" data-end=\"1435\"> <em data-start=\"1435\" data-end=\"1510\">(1 g ma\u010das pulvera satur aptuveni 30\u201366 mg EGCG t\u0101 dabiskaj\u0101 form\u0101)<\/em> .<\/p>\n<h3 class=\"\" data-start=\"1472\" data-end=\"1518\">4. Visa lapa \u2013 vair\u0101k bar\u012bbas vielu<\/h3>\n<p class=\"\" data-start=\"1519\" data-end=\"1829\">Ma\u010du t\u0113ja tiek pat\u0113r\u0113ta pulvera veid\u0101, un taj\u0101 ir l\u012bdz pat 10 reiz\u0113m vair\u0101k veselas t\u0113jas lapas labv\u0113l\u012bgo savienojumu \u2013 antioksidantu, vitam\u012bnu un miner\u0101lvielu \u2013 nek\u0101 parastaj\u0101 za\u013caj\u0101 t\u0113j\u0101.<\/p>\n<h3 class=\"\" data-start=\"1836\" data-end=\"1890\">5. Piem\u0113rots akt\u012bvam dz\u012bvesveidam un koncentr\u0113\u0161an\u0101s sp\u0113j\u0101m<\/h3>\n<p class=\"\" data-start=\"1891\" data-end=\"2158\">Matcha t\u0113ja ir dabisks vielmai\u0146as un gar\u012bg\u0101s modr\u012bbas atbalsts, \u012bpa\u0161i m\u0101c\u012bbu, darba vai fizisko aktivit\u0101\u0161u laik\u0101.<\/p>\n<h3 class=\"\" data-start=\"2165\" data-end=\"2203\">6. Dab\u012bgs un t\u012brs sast\u0101vs<\/h3>\n<p class=\"\" data-start=\"2204\" data-end=\"2449\">Pure+ Matcha t\u0113ja satur 100% t\u012bru, neviltotu matcha pulveri. Produkts nav bag\u0101tin\u0101ts ar konservantiem, smar\u017eviel\u0101m vai cit\u0101m p\u0101rstr\u0101d\u0101t\u0101m piedev\u0101m. Tas padara to par ide\u0101lu izv\u0113li tiem, kas dod priek\u0161roku dab\u012bgam un augstas kvalit\u0101tes produktam.  <\/p>\n<h2 data-start=\"483\" data-end=\"502\">Sast\u0101vda\u013cas<\/h2>\n<ul data-start=\"504\" data-end=\"584\">\n<li class=\"\" data-start=\"504\" data-end=\"584\">\n<p class=\"\" data-start=\"506\" data-end=\"584\"><span class=\"relative -mx-px my-[-0.2rem] rounded px-px py-[0.2rem] transition-colors duration-100 ease-in-out\">100% ma\u010das t\u0113ja (Camellia sinensis)<\/span><\/p>\n<\/li>\n<li data-start=\"504\" data-end=\"584\">1 g ma\u010das pulvera satur vid\u0113ji 30\u201366 mg epigalokateh\u012bna-3-gal\u0101ta (EGCG) t\u0101 dabiskaj\u0101 form\u0101.<\/li>\n<\/ul>\n<p class=\"\" data-start=\"586\" data-end=\"664\"><span class=\"relative -mx-px my-[-0.2rem] rounded px-px py-[0.2rem] transition-colors duration-100 ease-in-out\">Produkts nesatur m\u0101ksl\u012bgas piedevas, konservantus vai pildvielas.<\/span><\/p>\n<h2 data-start=\"671\" data-end=\"696\">Lieto\u0161anas ieteikumi<\/h2>\n<p class=\"\" data-start=\"698\" data-end=\"856\"><span class=\"relative -mx-px my-[-0.2rem] rounded px-px py-[0.2rem] transition-colors duration-100 ease-in-out\">Sajauciet apm\u0113ram 1\/2 t\u0113jkarotes (2\u20133 g) ma\u010das pulvera ar 80 \u00b0C karstu \u016bdeni (apm\u0113ram 200 ml), l\u012bdz ieg\u016bstat viendab\u012bgu dz\u0113rienu bez kunku\u013ciem.<\/span>  <span class=\"relative -mx-px my-[-0.2rem] rounded px-px py-[0.2rem] transition-colors duration-100 ease-in-out\">Vislab\u0101ko tekst\u016bru pal\u012bdz\u0113s sasniegt, izmantojot tradicion\u0101lo bambusa putojamo sloti\u0146u.<\/span> <span class=\"relative -mx-px my-[-0.2rem] rounded px-px py-[0.2rem] transition-colors duration-100 ease-in-out\">Matcha pulveri var pievienot ar\u012b koktei\u013ciem, ceptiem izstr\u0101d\u0101jumiem vai izmantot latte pagatavo\u0161an\u0101.<\/span><\/p>\n<ul data-start=\"468\" data-end=\"661\">\n<li data-start=\"468\" data-end=\"538\">\n<p data-start=\"470\" data-end=\"538\">S\u0101ciet <strong data-start=\"477\" data-end=\"497\">ar 1 tasi dien\u0101<\/strong> , \u012bpa\u0161i, ja jums ir paaugstin\u0101ta jut\u012bba pret kofe\u012bnu.<\/p>\n<\/li>\n<li data-start=\"539\" data-end=\"597\">\n<p data-start=\"541\" data-end=\"597\">Lietojiet <strong data-start=\"547\" data-end=\"570\">no r\u012bta vai dienas laik\u0101,<\/strong> lai kofe\u012bns netrauc\u0113tu miegu.<\/p>\n<\/li>\n<li data-start=\"598\" data-end=\"661\">\n<p data-start=\"600\" data-end=\"661\">Matcha ir lieliska ar\u012b <strong data-start=\"622\" data-end=\"637\">pirms treni\u0146a<\/strong> vai <strong data-start=\"642\" data-end=\"660\">koncentr\u0113\u0161an\u0101s veicin\u0101\u0161anai<\/strong> .<\/p>\n<\/li>\n<li data-start=\"598\" data-end=\"661\">Nav ieteicams lietot vair\u0101k nek\u0101 divas tases dien\u0101.<\/li>\n<\/ul>\n<h2 data-start=\"863\" data-end=\"882\">Uzglab\u0101\u0161ana<\/h2>\n<p class=\"\" data-start=\"884\" data-end=\"1002\"><span class=\"relative -mx-px my-[-0.2rem] rounded px-px py-[0.2rem] transition-colors duration-100 ease-in-out\">Uzglab\u0101t saus\u0101 un v\u0113s\u0101 viet\u0101, sarg\u0101t no tie\u0161iem saules stariem.<\/span> <span class=\"relative -mx-px my-[-0.2rem] rounded px-px py-[0.2rem] transition-colors duration-100 ease-in-out\">P\u0113c atv\u0113r\u0161anas cie\u0161i aizveriet un izlietojiet 6 m\u0113ne\u0161u laik\u0101.<\/span><\/p>\n<h2 data-start=\"1009\" data-end=\"1031\">Iepakojuma izm\u0113rs<\/h2>\n<p class=\"\" data-start=\"1033\" data-end=\"1076\">45 g<\/p>\n","protected":false},"excerpt":{"rendered":"<p data-start=\"422\" data-end=\"853\"><strong data-start=\"422\" data-end=\"444\">Pure+ Matcha t\u0113ja<\/strong> ir 100% t\u012brs un nepiejaukts za\u013c\u0101s t\u0113jas pulveris, kas pagatavots no r\u016bp\u012bgi audz\u0113t\u0101m jaun\u0101m \u0113n\u0101 audz\u0113tas Camellia sinensis lap\u0101m, kuras tiek samaltas smalk\u0101, spilgti za\u013c\u0101 pulver\u012b. At\u0161\u0137ir\u012bb\u0101 no parast\u0101s za\u013c\u0101s t\u0113jas, ma\u010da tiek pat\u0113r\u0113ta k\u0101 vesela lapa, kas noz\u012bm\u0113, ka j\u016bs uz\u0146emat iev\u0113rojami liel\u0101ku daudzumu labv\u0113l\u012bgo savienojumu, tostarp dabiskos antioksidantus, aminosk\u0101bes, vitam\u012bnus un miner\u0101lvielas. <\/p>\n<p data-start=\"855\" data-end=\"1194\">Ma\u010das t\u0113ja tiek augstu v\u0113rt\u0113ta t\u0101s dabisk\u0101 kofe\u012bna un L-tean\u012bna satura d\u0113\u013c. \u0160\u012b unik\u0101l\u0101 kombin\u0101cija pal\u012bdz saglab\u0101t koncentr\u0113\u0161an\u0101s sp\u0113jas un atbalst\u012bt gar\u012bgo modr\u012bbu, nodro\u0161inot stabilu ener\u0123ijas l\u012bmeni bez nervozit\u0101tes vai p\u0113k\u0161\u0146a emocion\u0101la sabrukuma, ko parasti rada kafija. Tas padara ma\u010du par lielisku r\u012bta kafijas aizvietot\u0101ju vai atbalstu gar\u012bga stresa laik\u0101.  <\/p>\n<p data-start=\"1196\" data-end=\"1475\">Pateicoties augstajam kateh\u012bnu un EGCG (epigalokateh\u012bna gall\u0101ta) saturam, ma\u010da ir sp\u0113c\u012bgs antioksidantu avots, kas pal\u012bdz aizsarg\u0101t \u0161\u016bnas no oksidat\u012bv\u0101 stresa un atbalsta organisma dabisk\u0101s aizsargsp\u0113jas.<\/p>\n<p data-start=\"1477\" data-end=\"1712\">Regul\u0101ra ma\u010das lieto\u0161ana var b\u016bt ar\u012b da\u013ca no akt\u012bva dz\u012bvesveida un apzin\u0101ta uztura, jo za\u013c\u0101 t\u0113ja atbalsta tauku vielmai\u0146u un pal\u012bdz uztur\u0113t norm\u0101lu svaru, ja to apvieno ar sabalans\u0113tu uzturu un fizisk\u0101m aktivit\u0101t\u0113m.<\/p>\n<p data-start=\"1714\" data-end=\"2035\"><strong data-start=\"1714\" data-end=\"1736\">Pure+ Matcha t\u0113ja<\/strong> ir neviltota, t\u012bra un dab\u012bga. T\u0101 ir piem\u0113rota gan tradicion\u0101l\u0101s t\u0113jas pagatavo\u0161anai, gan sm\u016btijos, matcha latte, ceptos izstr\u0101d\u0101jumos vai k\u0101 apzin\u0101ts papildin\u0101jums ikdienas rut\u012bnai. Ide\u0101la izv\u0113le tiem, kas nov\u0113rt\u0113 kvalit\u0101ti un v\u0113las atbalst\u012bt savu labsaj\u016btu dabisk\u0101 veid\u0101 \u2013 no iek\u0161ienes.  <\/p>\n","protected":false},"featured_media":353358,"comment_status":"closed","ping_status":"closed","template":"","meta":{"_acf_changed":false},"product_brand":[],"product_cat":[5781,3067],"product_tag":[6501,3042,3041,6502,6499,6500,3043,2974],"class_list":{"0":"post-353354","1":"product","2":"type-product","3":"status-publish","4":"has-post-thumbnail","6":"product_cat-detoksikacija","7":"product_cat-ipasie-piedavajumi","8":"product_tag-antioksidanti","9":"product_tag-energija-lv","10":"product_tag-imunitate","11":"product_tag-koncentracija-lv-2","12":"product_tag-l-teanins","13":"product_tag-macas-teja","14":"product_tag-superediens","15":"product_tag-vegans","17":"first","18":"instock","19":"sale","20":"taxable","21":"shipping-taxable","22":"purchasable","23":"product-type-simple"},"acf":[],"yoast_head":"<!-- This site is optimized with the Yoast SEO plugin v27.1.1 - https:\/\/yoast.com\/product\/yoast-seo-wordpress\/ -->\n<title>Matcha t\u0113ja 45g - Puhdas+<\/title>\n<meta name=\"description\" content=\"Pure+ Matcha t\u0113ja 45 g \u2013 t\u012brs un neviltin\u0101ts za\u013c\u0101s t\u0113jas pulveris. Dab\u012bga ener\u0123ija, koncentr\u0113\u0161an\u0101s sp\u0113jas un sp\u0113c\u012bgs antioksidantu avots.\" \/>\n<meta name=\"robots\" content=\"noindex, follow, max-snippet:-1, max-image-preview:large, max-video-preview:-1\" \/>\n<meta property=\"og:locale\" content=\"lv_LV\" \/>\n<meta property=\"og:type\" content=\"article\" \/>\n<meta property=\"og:title\" content=\"Matcha t\u0113ja 45g - Puhdas+\" \/>\n<meta property=\"og:description\" content=\"Pure+ Matcha t\u0113ja 45 g \u2013 t\u012brs un neviltin\u0101ts za\u013c\u0101s t\u0113jas pulveris. Dab\u012bga ener\u0123ija, koncentr\u0113\u0161an\u0101s sp\u0113jas un sp\u0113c\u012bgs antioksidantu avots.\" \/>\n<meta property=\"og:url\" content=\"https:\/\/test.puhdasplus.ee\/lv\/tooted\/gremosana-un-vielmaina\/detoksikacija\/matcha-teja-45g\/\" \/>\n<meta property=\"og:site_name\" content=\"Puhdas+\" \/>\n<meta property=\"article:publisher\" content=\"https:\/\/www.facebook.com\/puhdasplus\" \/>\n<meta property=\"article:modified_time\" content=\"2026-03-10T12:39:22+00:00\" \/>\n<meta property=\"og:image\" content=\"https:\/\/test.puhdasplus.ee\/wp-content\/uploads\/2025\/03\/52.jpg\" \/>\n\t<meta property=\"og:image:width\" content=\"1862\" \/>\n\t<meta property=\"og:image:height\" content=\"2560\" \/>\n\t<meta property=\"og:image:type\" content=\"image\/jpeg\" \/>\n<meta name=\"twitter:card\" content=\"summary_large_image\" \/>\n<meta name=\"twitter:label1\" content=\"Est. reading time\" \/>\n\t<meta name=\"twitter:data1\" content=\"3 min\u016btes\" \/>\n<script type=\"application\/ld+json\" class=\"yoast-schema-graph\">{\"@context\":\"https:\/\/schema.org\",\"@graph\":[{\"@type\":\"WebPage\",\"@id\":\"https:\/\/test.puhdasplus.ee\/lv\/tooted\/gremosana-un-vielmaina\/detoksikacija\/matcha-teja-45g\/\",\"url\":\"https:\/\/test.puhdasplus.ee\/lv\/tooted\/gremosana-un-vielmaina\/detoksikacija\/matcha-teja-45g\/\",\"name\":\"Matcha t\u0113ja 45g - Puhdas+\",\"isPartOf\":{\"@id\":\"https:\/\/test.puhdasplus.ee\/lv\/#website\"},\"primaryImageOfPage\":{\"@id\":\"https:\/\/test.puhdasplus.ee\/lv\/tooted\/gremosana-un-vielmaina\/detoksikacija\/matcha-teja-45g\/#primaryimage\"},\"image\":{\"@id\":\"https:\/\/test.puhdasplus.ee\/lv\/tooted\/gremosana-un-vielmaina\/detoksikacija\/matcha-teja-45g\/#primaryimage\"},\"thumbnailUrl\":\"https:\/\/test.puhdasplus.ee\/wp-content\/uploads\/2025\/03\/52.jpg\",\"datePublished\":\"2019-12-06T19:10:18+00:00\",\"dateModified\":\"2026-03-10T12:39:22+00:00\",\"description\":\"Pure+ Matcha t\u0113ja 45 g \u2013 t\u012brs un neviltin\u0101ts za\u013c\u0101s t\u0113jas pulveris. Dab\u012bga ener\u0123ija, koncentr\u0113\u0161an\u0101s sp\u0113jas un sp\u0113c\u012bgs antioksidantu avots.\",\"breadcrumb\":{\"@id\":\"https:\/\/test.puhdasplus.ee\/lv\/tooted\/gremosana-un-vielmaina\/detoksikacija\/matcha-teja-45g\/#breadcrumb\"},\"inLanguage\":\"lv-LV\",\"potentialAction\":[{\"@type\":\"ReadAction\",\"target\":[\"https:\/\/test.puhdasplus.ee\/lv\/tooted\/gremosana-un-vielmaina\/detoksikacija\/matcha-teja-45g\/\"]}]},{\"@type\":\"ImageObject\",\"inLanguage\":\"lv-LV\",\"@id\":\"https:\/\/test.puhdasplus.ee\/lv\/tooted\/gremosana-un-vielmaina\/detoksikacija\/matcha-teja-45g\/#primaryimage\",\"url\":\"https:\/\/test.puhdasplus.ee\/wp-content\/uploads\/2025\/03\/52.jpg\",\"contentUrl\":\"https:\/\/test.puhdasplus.ee\/wp-content\/uploads\/2025\/03\/52.jpg\",\"width\":1862,\"height\":2560,\"caption\":\"Matcha t\u0113ja 45g\"},{\"@type\":\"BreadcrumbList\",\"@id\":\"https:\/\/test.puhdasplus.ee\/lv\/tooted\/gremosana-un-vielmaina\/detoksikacija\/matcha-teja-45g\/#breadcrumb\",\"itemListElement\":[{\"@type\":\"ListItem\",\"position\":1,\"name\":\"S\u0101kums\",\"item\":\"https:\/\/test.puhdasplus.ee\/lv\/\"},{\"@type\":\"ListItem\",\"position\":2,\"name\":\"Produkti\",\"item\":\"https:\/\/test.puhdasplus.ee\/lv\/veikals\/\"},{\"@type\":\"ListItem\",\"position\":3,\"name\":\"Matcha t\u0113ja 45g\"}]},{\"@type\":\"WebSite\",\"@id\":\"https:\/\/test.puhdasplus.ee\/lv\/#website\",\"url\":\"https:\/\/test.puhdasplus.ee\/lv\/\",\"name\":\"Puhdas+\",\"description\":\"Vitamiinid, Toidulisandid, looduskosmeetika, tervis, sport\",\"publisher\":{\"@id\":\"https:\/\/test.puhdasplus.ee\/lv\/#organization\"},\"potentialAction\":[{\"@type\":\"SearchAction\",\"target\":{\"@type\":\"EntryPoint\",\"urlTemplate\":\"https:\/\/test.puhdasplus.ee\/lv\/?s={search_term_string}\"},\"query-input\":{\"@type\":\"PropertyValueSpecification\",\"valueRequired\":true,\"valueName\":\"search_term_string\"}}],\"inLanguage\":\"lv-LV\"},{\"@type\":\"Organization\",\"@id\":\"https:\/\/test.puhdasplus.ee\/lv\/#organization\",\"name\":\"Puhdas+\",\"alternateName\":\"Puhdasplus\",\"url\":\"https:\/\/test.puhdasplus.ee\/lv\/\",\"logo\":{\"@type\":\"ImageObject\",\"inLanguage\":\"lv-LV\",\"@id\":\"https:\/\/test.puhdasplus.ee\/lv\/#\/schema\/logo\/image\/\",\"url\":\"https:\/\/test.puhdasplus.ee\/\/wp-content\/uploads\/2019\/10\/puhdas_logo-arvele.png\",\"contentUrl\":\"https:\/\/test.puhdasplus.ee\/\/wp-content\/uploads\/2019\/10\/puhdas_logo-arvele.png\",\"width\":114,\"height\":94,\"caption\":\"Puhdas+\"},\"image\":{\"@id\":\"https:\/\/test.puhdasplus.ee\/lv\/#\/schema\/logo\/image\/\"},\"sameAs\":[\"https:\/\/www.facebook.com\/puhdasplus\",\"https:\/\/www.instagram.com\/puhdasplus_ee\/\"]}]}<\/script>\n<!-- \/ Yoast SEO plugin. -->","yoast_head_json":{"title":"Matcha t\u0113ja 45g - Puhdas+","description":"Pure+ Matcha t\u0113ja 45 g \u2013 t\u012brs un neviltin\u0101ts za\u013c\u0101s t\u0113jas pulveris. Dab\u012bga ener\u0123ija, koncentr\u0113\u0161an\u0101s sp\u0113jas un sp\u0113c\u012bgs antioksidantu avots.","robots":{"index":"noindex","follow":"follow","max-snippet":"max-snippet:-1","max-image-preview":"max-image-preview:large","max-video-preview":"max-video-preview:-1"},"og_locale":"lv_LV","og_type":"article","og_title":"Matcha t\u0113ja 45g - Puhdas+","og_description":"Pure+ Matcha t\u0113ja 45 g \u2013 t\u012brs un neviltin\u0101ts za\u013c\u0101s t\u0113jas pulveris. Dab\u012bga ener\u0123ija, koncentr\u0113\u0161an\u0101s sp\u0113jas un sp\u0113c\u012bgs antioksidantu avots.","og_url":"https:\/\/test.puhdasplus.ee\/lv\/tooted\/gremosana-un-vielmaina\/detoksikacija\/matcha-teja-45g\/","og_site_name":"Puhdas+","article_publisher":"https:\/\/www.facebook.com\/puhdasplus","article_modified_time":"2026-03-10T12:39:22+00:00","og_image":[{"width":1862,"height":2560,"url":"https:\/\/test.puhdasplus.ee\/wp-content\/uploads\/2025\/03\/52.jpg","type":"image\/jpeg"}],"twitter_card":"summary_large_image","twitter_misc":{"Est. reading time":"3 min\u016btes"},"schema":{"@context":"https:\/\/schema.org","@graph":[{"@type":"WebPage","@id":"https:\/\/test.puhdasplus.ee\/lv\/tooted\/gremosana-un-vielmaina\/detoksikacija\/matcha-teja-45g\/","url":"https:\/\/test.puhdasplus.ee\/lv\/tooted\/gremosana-un-vielmaina\/detoksikacija\/matcha-teja-45g\/","name":"Matcha t\u0113ja 45g - Puhdas+","isPartOf":{"@id":"https:\/\/test.puhdasplus.ee\/lv\/#website"},"primaryImageOfPage":{"@id":"https:\/\/test.puhdasplus.ee\/lv\/tooted\/gremosana-un-vielmaina\/detoksikacija\/matcha-teja-45g\/#primaryimage"},"image":{"@id":"https:\/\/test.puhdasplus.ee\/lv\/tooted\/gremosana-un-vielmaina\/detoksikacija\/matcha-teja-45g\/#primaryimage"},"thumbnailUrl":"https:\/\/test.puhdasplus.ee\/wp-content\/uploads\/2025\/03\/52.jpg","datePublished":"2019-12-06T19:10:18+00:00","dateModified":"2026-03-10T12:39:22+00:00","description":"Pure+ Matcha t\u0113ja 45 g \u2013 t\u012brs un neviltin\u0101ts za\u013c\u0101s t\u0113jas pulveris. Dab\u012bga ener\u0123ija, koncentr\u0113\u0161an\u0101s sp\u0113jas un sp\u0113c\u012bgs antioksidantu avots.","breadcrumb":{"@id":"https:\/\/test.puhdasplus.ee\/lv\/tooted\/gremosana-un-vielmaina\/detoksikacija\/matcha-teja-45g\/#breadcrumb"},"inLanguage":"lv-LV","potentialAction":[{"@type":"ReadAction","target":["https:\/\/test.puhdasplus.ee\/lv\/tooted\/gremosana-un-vielmaina\/detoksikacija\/matcha-teja-45g\/"]}]},{"@type":"ImageObject","inLanguage":"lv-LV","@id":"https:\/\/test.puhdasplus.ee\/lv\/tooted\/gremosana-un-vielmaina\/detoksikacija\/matcha-teja-45g\/#primaryimage","url":"https:\/\/test.puhdasplus.ee\/wp-content\/uploads\/2025\/03\/52.jpg","contentUrl":"https:\/\/test.puhdasplus.ee\/wp-content\/uploads\/2025\/03\/52.jpg","width":1862,"height":2560,"caption":"Matcha t\u0113ja 45g"},{"@type":"BreadcrumbList","@id":"https:\/\/test.puhdasplus.ee\/lv\/tooted\/gremosana-un-vielmaina\/detoksikacija\/matcha-teja-45g\/#breadcrumb","itemListElement":[{"@type":"ListItem","position":1,"name":"S\u0101kums","item":"https:\/\/test.puhdasplus.ee\/lv\/"},{"@type":"ListItem","position":2,"name":"Produkti","item":"https:\/\/test.puhdasplus.ee\/lv\/veikals\/"},{"@type":"ListItem","position":3,"name":"Matcha t\u0113ja 45g"}]},{"@type":"WebSite","@id":"https:\/\/test.puhdasplus.ee\/lv\/#website","url":"https:\/\/test.puhdasplus.ee\/lv\/","name":"Puhdas+","description":"Vitamiinid, Toidulisandid, looduskosmeetika, tervis, sport","publisher":{"@id":"https:\/\/test.puhdasplus.ee\/lv\/#organization"},"potentialAction":[{"@type":"SearchAction","target":{"@type":"EntryPoint","urlTemplate":"https:\/\/test.puhdasplus.ee\/lv\/?s={search_term_string}"},"query-input":{"@type":"PropertyValueSpecification","valueRequired":true,"valueName":"search_term_string"}}],"inLanguage":"lv-LV"},{"@type":"Organization","@id":"https:\/\/test.puhdasplus.ee\/lv\/#organization","name":"Puhdas+","alternateName":"Puhdasplus","url":"https:\/\/test.puhdasplus.ee\/lv\/","logo":{"@type":"ImageObject","inLanguage":"lv-LV","@id":"https:\/\/test.puhdasplus.ee\/lv\/#\/schema\/logo\/image\/","url":"https:\/\/test.puhdasplus.ee\/\/wp-content\/uploads\/2019\/10\/puhdas_logo-arvele.png","contentUrl":"https:\/\/test.puhdasplus.ee\/\/wp-content\/uploads\/2019\/10\/puhdas_logo-arvele.png","width":114,"height":94,"caption":"Puhdas+"},"image":{"@id":"https:\/\/test.puhdasplus.ee\/lv\/#\/schema\/logo\/image\/"},"sameAs":["https:\/\/www.facebook.com\/puhdasplus","https:\/\/www.instagram.com\/puhdasplus_ee\/"]}]}},"_links":{"self":[{"href":"https:\/\/test.puhdasplus.ee\/lv\/wp-json\/wp\/v2\/product\/353354","targetHints":{"allow":["GET"]}}],"collection":[{"href":"https:\/\/test.puhdasplus.ee\/lv\/wp-json\/wp\/v2\/product"}],"about":[{"href":"https:\/\/test.puhdasplus.ee\/lv\/wp-json\/wp\/v2\/types\/product"}],"replies":[{"embeddable":true,"href":"https:\/\/test.puhdasplus.ee\/lv\/wp-json\/wp\/v2\/comments?post=353354"}],"wp:featuredmedia":[{"embeddable":true,"href":"https:\/\/test.puhdasplus.ee\/lv\/wp-json\/wp\/v2\/media\/353358"}],"wp:attachment":[{"href":"https:\/\/test.puhdasplus.ee\/lv\/wp-json\/wp\/v2\/media?parent=353354"}],"wp:term":[{"taxonomy":"product_brand","embeddable":true,"href":"https:\/\/test.puhdasplus.ee\/lv\/wp-json\/wp\/v2\/product_brand?post=353354"},{"taxonomy":"product_cat","embeddable":true,"href":"https:\/\/test.puhdasplus.ee\/lv\/wp-json\/wp\/v2\/product_cat?post=353354"},{"taxonomy":"product_tag","embeddable":true,"href":"https:\/\/test.puhdasplus.ee\/lv\/wp-json\/wp\/v2\/product_tag?post=353354"}],"curies":[{"name":"wp","href":"https:\/\/api.w.org\/{rel}","templated":true}]}}