{"id":353330,"date":"2019-12-09T07:48:50","date_gmt":"2019-12-09T05:48:50","guid":{"rendered":"https:\/\/test.puhdasplus.ee\/\/tooted\/uncategorized\/magnija-citrats-250-mg-200-g\/"},"modified":"2026-03-10T14:39:31","modified_gmt":"2026-03-10T12:39:31","slug":"magnija-citrats-250-mg-200-g","status":"publish","type":"product","link":"https:\/\/test.puhdasplus.ee\/lv\/tooted\/minerali\/magnijs\/magnija-citrats-250-mg-200-g\/","title":{"rendered":"Magnija citr\u0101ts 250 mg 200 g"},"content":{"rendered":"<h2 class=\"\" data-start=\"277\" data-end=\"318\">Kas ir Pure+ magnija citr\u0101ts?<\/h2>\n<p class=\"\" data-start=\"320\" data-end=\"624\">Pure+ Magnesium Powder ir t\u012brs uztura bag\u0101tin\u0101t\u0101js, kas satur <strong data-start=\"393\" data-end=\"416\">magnija citr\u0101tu<\/strong> \u2014 vienu no vislab\u0101k absorb\u0113jamaj\u0101m magnija form\u0101m. Tas ir bezgar\u0161\u012bgs, <strong data-start=\"488\" data-end=\"515\">piedevu nesaturo\u0161s pulveris<\/strong> , kas piem\u0113rots sajauk\u0161anai ar \u016bdeni, sulu vai citiem dz\u0113rieniem un \u013cauj piel\u0101got devu atbilsto\u0161i nepiecie\u0161am\u012bbai. <\/p>\n<p class=\"\" data-start=\"626\" data-end=\"857\">Produkts ir da\u013ca no Somijas z\u012bmola <strong data-start=\"652\" data-end=\"663\">Puhdas+<\/strong> kl\u0101sta, kas paz\u012bstams ar savu kvalit\u0101ti, caursp\u012bd\u012bgumu un t\u012br\u012bbu. Tas <strong data-start=\"746\" data-end=\"792\">nesatur glut\u0113nu, laktozi, raugu un cukuru<\/strong> , t\u0101p\u0113c tas ir piem\u0113rots cilv\u0113kiem ar jut\u012bgu gremo\u0161anas sist\u0113mu vai p\u0101rtikas nepanesam\u012bbu. <\/p>\n<h2 class=\"\" data-start=\"864\" data-end=\"898\"><strong data-start=\"867\" data-end=\"898\">K\u0101p\u0113c magnijs ir noder\u012bgs?<\/strong><\/h2>\n<h3 data-start=\"900\" data-end=\"946\">1. <b>Veicina norm\u0101lu musku\u013cu darb\u012bbu<\/b><\/h3>\n<p class=\"p1\">Magnijs veicina musku\u013cu relaks\u0101ciju un veicina to norm\u0101lu darb\u012bbu. Piem\u0113rots cilv\u0113kiem, kuri j\u016btas saspringti vai v\u0113las saglab\u0101t stabilu musku\u013cu darb\u012bbu. <\/p>\n<h3 data-start=\"1132\" data-end=\"1180\">2. Pal\u012bdz mazin\u0101t nogurumu un nesp\u0113ku<\/h3>\n<p class=\"p1\">Magnijs piedal\u0101s norm\u0101l\u0101 ener\u0123ijas metabolism\u0101 un pal\u012bdz mazin\u0101t nogurumu un nesp\u0113ku.<\/p>\n<h3 data-start=\"1329\" data-end=\"1360\">3. <b>Atbalsta norm\u0101lu nervu sist\u0113mas darb\u012bbu<\/b><\/h3>\n<p class=\"p1\">Magnijs veicina norm\u0101lu nervu sist\u0113mas darb\u012bbu un var pal\u012bdz\u0113t uztur\u0113t l\u012bdzsvarotu garast\u0101vokli.<\/p>\n<h3 data-start=\"1530\" data-end=\"1574\">4. <b>Pal\u012bdz uztur\u0113t elektrol\u012btu l\u012bdzsvaru<\/b><\/h3>\n<p class=\"p1\">Magnijs pal\u012bdz uztur\u0113t elektrol\u012btu l\u012bdzsvaru organism\u0101 un ir iesaist\u012bts \u0161\u0137idruma l\u012bdzsvar\u0101 un musku\u013cu darb\u012bb\u0101.<\/p>\n<h2 class=\"\" data-start=\"1680\" data-end=\"1741\">Kam un kad magnija pulveris ir \u012bpa\u0161i noder\u012bgs?<\/h2>\n<ul data-start=\"1743\" data-end=\"2182\">\n<li class=\"\" data-start=\"1743\" data-end=\"1814\">\n<p class=\"p1\">Tiem, kas v\u0113las atbalst\u012bt <b>musku\u013cu relaks\u0101ciju<\/b> un mazin\u0101t nogurumu<\/p>\n<\/li>\n<li class=\"\" data-start=\"1815\" data-end=\"1893\">\n<p class=\"\" data-start=\"1817\" data-end=\"1893\">Fiziski akt\u012bviem cilv\u0113kiem \u2013 <strong data-start=\"1844\" data-end=\"1871\">sportistiem, hobijiem<\/strong> , atvese\u013co\u0161an\u0101s period\u0101<\/p>\n<\/li>\n<li class=\"\" data-start=\"1894\" data-end=\"1974\">\n<p class=\"\" data-start=\"1896\" data-end=\"1974\"><strong data-start=\"1896\" data-end=\"1919\">Cilv\u0113kiem, kas atrodas stresa situ\u0101cij\u0101s<\/strong> \u2013 gar\u012bg\u0101 un emocion\u0101l\u0101 slodze palielina nepiecie\u0161am\u012bbu<\/p>\n<\/li>\n<li class=\"\" data-start=\"1975\" data-end=\"2032\">\n<p class=\"\" data-start=\"1977\" data-end=\"2032\"><strong data-start=\"1977\" data-end=\"1989\">Gados vec\u0101kiem cilv\u0113kiem<\/strong> , kuriem var b\u016bt nepiecie\u0161ama papildu uzman\u012bba uzturam vai absorbcijas sp\u0113jai<\/p>\n<\/li>\n<li class=\"\" data-start=\"2033\" data-end=\"2113\">\n<p class=\"\" data-start=\"2035\" data-end=\"2113\">Cilv\u0113kiem <strong data-start=\"2035\" data-end=\"2060\">, kas iev\u0113ro veg\u0101nu di\u0113tu un<\/strong> kuriem uztur\u0101 var\u0113tu b\u016bt magnija defic\u012bts<\/p>\n<\/li>\n<li class=\"\" data-start=\"2114\" data-end=\"2182\">\n<p class=\"\" data-start=\"2116\" data-end=\"2182\">Tiem, kas v\u0113las produktu <strong data-start=\"2136\" data-end=\"2154\">bez piedev\u0101m<\/strong> un labi uzs\u016bco\u0161u<\/p>\n<\/li>\n<\/ul>\n<h2 data-start=\"1533\" data-end=\"1548\">Sast\u0101vs<\/h2>\n<ul data-start=\"1550\" data-end=\"1754\">\n<li class=\"\" data-start=\"1550\" data-end=\"1636\">\n<p class=\"\" data-start=\"1552\" data-end=\"1636\">1\u20132 m\u0113rkarotes (1\u20132 ml) satur 250\u2013500 mg magnija (67\u2013133 % no ieteicam\u0101s dienas devas).<\/p>\n<\/li>\n<li class=\"\" data-start=\"1637\" data-end=\"1700\">\n<p class=\"\" data-start=\"1639\" data-end=\"1700\">Nesatur konservantus, m\u0101ksl\u012bg\u0101s kr\u0101svielas vai saldin\u0101t\u0101jus<\/p>\n<\/li>\n<li class=\"\" data-start=\"1701\" data-end=\"1754\">\n<p class=\"\" data-start=\"1703\" data-end=\"1754\">Bez laktozes, glut\u0113na, rauga, sojas un cukura<\/p>\n<\/li>\n<\/ul>\n<h2 data-start=\"1722\" data-end=\"1743\">Lietot\u0101ja rokasgr\u0101mata<\/h2>\n<p class=\"\" data-start=\"1745\" data-end=\"1991\">Ieteicam\u0101 dienas deva: <strong data-start=\"1772\" data-end=\"1812\">1-2 m\u0113rkarotes (1-2 ml) dien\u0101<\/strong> , sajaucot ar \u016bdeni vai citu dz\u0113rienu.<br data-start=\"1843\" data-end=\"1846\"> Ieteicamo devu nedr\u012bkst p\u0101rsniegt.<br data-start=\"1882\" data-end=\"1885\"> Uztura bag\u0101tin\u0101t\u0101js neaizst\u0101j daudzveid\u012bgu uzturu vai vesel\u012bgu dz\u012bvesveidu.<br data-start=\"1954\" data-end=\"1957\"> Sarg\u0101t no b\u0113rniem.<\/p>\n<h2>K\u0101p\u0113c izv\u0113l\u0113ties Pure+ magnija pulveri?<\/h2>\n<ul data-start=\"2235\" data-end=\"2649\">\n<li class=\"\" data-start=\"2235\" data-end=\"2320\">\n<p class=\"\" data-start=\"2237\" data-end=\"2320\"><strong data-start=\"2237\" data-end=\"2255\">Efekt\u012bvs un t\u012brs<\/strong> \u2013 magnija citr\u0101ts uzs\u016bcas lab\u0101k nek\u0101 daudzas citas formas<\/p>\n<\/li>\n<li class=\"\" data-start=\"2321\" data-end=\"2412\">\n<p class=\"\" data-start=\"2323\" data-end=\"2412\"><strong data-start=\"2323\" data-end=\"2337\">Pulverveida forma<\/strong> \u2014 \u013cauj piel\u0101got devu un sajaukt to ar iecien\u012bt\u0101ko dz\u0113rienu<\/p>\n<\/li>\n<li class=\"\" data-start=\"2413\" data-end=\"2477\">\n<p class=\"\" data-start=\"2415\" data-end=\"2477\"><strong data-start=\"2415\" data-end=\"2427\">Bez gar\u0161as<\/strong> \u2013 nesatur smar\u017evielas, aromatiz\u0113t\u0101jus vai konservantus<\/p>\n<\/li>\n<li class=\"\" data-start=\"2478\" data-end=\"2573\">\n<p class=\"\" data-start=\"2480\" data-end=\"2573\"><strong data-start=\"2480\" data-end=\"2526\">Piem\u0113rots ar\u012b cilv\u0113kiem ar jut\u012bgu gremo\u0161anu<\/strong> \u2013 nesatur laktozi, glut\u0113nu vai cukuru<\/p>\n<\/li>\n<li class=\"\" data-start=\"2574\" data-end=\"2649\">\n<p class=\"\" data-start=\"2576\" data-end=\"2649\"><strong data-start=\"2576\" data-end=\"2595\">Ra\u017eots Somij\u0101<\/strong> , atbilst augstiem t\u012br\u012bbas un kvalit\u0101tes standartiem<\/p>\n<\/li>\n<\/ul>\n","protected":false},"excerpt":{"rendered":"<p class=\"\" data-start=\"170\" data-end=\"617\">Magnijs ir vit\u0101li svar\u012bgs miner\u0101ls m\u016bsu organismam, kas iesaist\u012bts simtiem vielmai\u0146as procesu \u2013 s\u0101kot no nervu sist\u0113mas darb\u012bbas l\u012bdz musku\u013cu darb\u012bbai un ener\u0123ijas metabolismam. Daudzi cilv\u0113ki ar ikdienas uzturu neuz\u0146em pietiekami daudz magnija, \u012bpa\u0161i stresa periodos, palielin\u0101tas fiziskas slodzes vai vienpus\u012bga uztura d\u0113\u013c. Magnija defic\u012bts var izpausties k\u0101 nogurums, musku\u013cu sasprindzin\u0101jums, krampji, miega trauc\u0113jumi vai pat aizkaitin\u0101m\u012bba.  <\/p>\n<p class=\"\" data-start=\"619\" data-end=\"1149\">Pure+ magnija pulveris ir izstr\u0101d\u0101ts, lai sniegtu organismam viegli uzs\u016bcamu un efekt\u012bvu atbalstu. Pulver\u012b eso\u0161ais <strong data-start=\"743\" data-end=\"765\">magnija citr\u0101ts<\/strong> ir viena no vislab\u0101k uzs\u016bcamaj\u0101m magnija form\u0101m, kas pal\u012bdz \u0101tr\u0101k l\u012bdzsvarot organisma vajadz\u012bbas. Produkts ir bezgar\u0161\u012bgs un ar t\u012bru sast\u0101vu \u2013 tas nesatur m\u0101ksl\u012bgas piedevas, saldin\u0101t\u0101jus vai alerg\u0113nus, t\u0101p\u0113c tas ir piem\u0113rots ar\u012b cilv\u0113kiem ar jut\u012bgu gremo\u0161anu vai p\u0101rtikas nepanesam\u012bbu. Pulvera forma \u013cauj doz\u0113t p\u0113c nepiecie\u0161am\u012bbas un ir \u0113rti sajaucama ar \u016bdeni vai citiem dz\u0113rieniem.   <\/p>\n<p class=\"\" data-start=\"1151\" data-end=\"1359\">Ja v\u0113laties atbalst\u012bt musku\u013cu relaks\u0101ciju, nov\u0113rst krampjus, saglab\u0101t nervu sist\u0113mas l\u012bdzsvaru un mazin\u0101t ikdienas nogurumu, Pure+ magnija pulveris ir vienk\u0101r\u0161a un uzticama izv\u0113le, lai atbalst\u012btu savu labsaj\u016btu.<\/p>\n","protected":false},"featured_media":354693,"comment_status":"closed","ping_status":"closed","template":"","meta":{"_acf_changed":false},"product_brand":[],"product_cat":[3280,3200],"product_tag":[6476,3203,3522,3225,2974],"class_list":{"0":"post-353330","1":"product","2":"type-product","3":"status-publish","4":"has-post-thumbnail","6":"product_cat-magnijs","7":"product_cat-minerali","8":"product_tag-magnija-pulveris-lv","9":"product_tag-magnijs","10":"product_tag-miegs-un-stress","11":"product_tag-muskuli-un-locitavas","12":"product_tag-vegans","14":"first","15":"instock","16":"featured","17":"taxable","18":"shipping-taxable","19":"purchasable","20":"product-type-simple"},"acf":[],"yoast_head":"<!-- This site is optimized with the Yoast SEO plugin v27.1.1 - https:\/\/yoast.com\/product\/yoast-seo-wordpress\/ -->\n<title>Magnija citr\u0101ts 250 mg 200 g - Puhdas+<\/title>\n<meta name=\"description\" content=\"Pure+ magnija pulveris \u2013 efekt\u012bvs musku\u013cu, nervu sist\u0113mas un ener\u0123ijas l\u012bme\u0146a atbalsts. Augsti absorb\u0113jo\u0161s magnija citr\u0101ts, bezgar\u0161\u012bgs un ar t\u012bru sast\u0101vu.\" \/>\n<meta name=\"robots\" content=\"noindex, follow, max-snippet:-1, max-image-preview:large, max-video-preview:-1\" \/>\n<meta property=\"og:locale\" content=\"lv_LV\" \/>\n<meta property=\"og:type\" content=\"article\" \/>\n<meta property=\"og:title\" content=\"Magnija citr\u0101ts 250 mg 200 g - Puhdas+\" \/>\n<meta property=\"og:description\" content=\"Pure+ magnija pulveris \u2013 efekt\u012bvs musku\u013cu, nervu sist\u0113mas un ener\u0123ijas l\u012bme\u0146a atbalsts. Augsti absorb\u0113jo\u0161s magnija citr\u0101ts, bezgar\u0161\u012bgs un ar t\u012bru sast\u0101vu.\" \/>\n<meta property=\"og:url\" content=\"https:\/\/test.puhdasplus.ee\/lv\/tooted\/minerali\/magnijs\/magnija-citrats-250-mg-200-g\/\" \/>\n<meta property=\"og:site_name\" content=\"Puhdas+\" \/>\n<meta property=\"article:publisher\" content=\"https:\/\/www.facebook.com\/puhdasplus\" \/>\n<meta property=\"article:modified_time\" content=\"2026-03-10T12:39:31+00:00\" \/>\n<meta property=\"og:image\" content=\"https:\/\/test.puhdasplus.ee\/wp-content\/uploads\/2019\/12\/tooted-ilma-taustata-copy-scaled.jpg\" \/>\n\t<meta property=\"og:image:width\" content=\"1862\" \/>\n\t<meta property=\"og:image:height\" content=\"2560\" \/>\n\t<meta property=\"og:image:type\" content=\"image\/jpeg\" \/>\n<meta name=\"twitter:card\" content=\"summary_large_image\" \/>\n<meta name=\"twitter:label1\" content=\"Est. reading time\" \/>\n\t<meta name=\"twitter:data1\" content=\"3 min\u016btes\" \/>\n<script type=\"application\/ld+json\" class=\"yoast-schema-graph\">{\"@context\":\"https:\/\/schema.org\",\"@graph\":[{\"@type\":\"WebPage\",\"@id\":\"https:\/\/test.puhdasplus.ee\/lv\/tooted\/minerali\/magnijs\/magnija-citrats-250-mg-200-g\/\",\"url\":\"https:\/\/test.puhdasplus.ee\/lv\/tooted\/minerali\/magnijs\/magnija-citrats-250-mg-200-g\/\",\"name\":\"Magnija citr\u0101ts 250 mg 200 g - Puhdas+\",\"isPartOf\":{\"@id\":\"https:\/\/test.puhdasplus.ee\/lv\/#website\"},\"primaryImageOfPage\":{\"@id\":\"https:\/\/test.puhdasplus.ee\/lv\/tooted\/minerali\/magnijs\/magnija-citrats-250-mg-200-g\/#primaryimage\"},\"image\":{\"@id\":\"https:\/\/test.puhdasplus.ee\/lv\/tooted\/minerali\/magnijs\/magnija-citrats-250-mg-200-g\/#primaryimage\"},\"thumbnailUrl\":\"https:\/\/test.puhdasplus.ee\/wp-content\/uploads\/2019\/12\/tooted-ilma-taustata-copy-scaled.jpg\",\"datePublished\":\"2019-12-09T05:48:50+00:00\",\"dateModified\":\"2026-03-10T12:39:31+00:00\",\"description\":\"Pure+ magnija pulveris \u2013 efekt\u012bvs musku\u013cu, nervu sist\u0113mas un ener\u0123ijas l\u012bme\u0146a atbalsts. Augsti absorb\u0113jo\u0161s magnija citr\u0101ts, bezgar\u0161\u012bgs un ar t\u012bru sast\u0101vu.\",\"breadcrumb\":{\"@id\":\"https:\/\/test.puhdasplus.ee\/lv\/tooted\/minerali\/magnijs\/magnija-citrats-250-mg-200-g\/#breadcrumb\"},\"inLanguage\":\"lv-LV\",\"potentialAction\":[{\"@type\":\"ReadAction\",\"target\":[\"https:\/\/test.puhdasplus.ee\/lv\/tooted\/minerali\/magnijs\/magnija-citrats-250-mg-200-g\/\"]}]},{\"@type\":\"ImageObject\",\"inLanguage\":\"lv-LV\",\"@id\":\"https:\/\/test.puhdasplus.ee\/lv\/tooted\/minerali\/magnijs\/magnija-citrats-250-mg-200-g\/#primaryimage\",\"url\":\"https:\/\/test.puhdasplus.ee\/wp-content\/uploads\/2019\/12\/tooted-ilma-taustata-copy-scaled.jpg\",\"contentUrl\":\"https:\/\/test.puhdasplus.ee\/wp-content\/uploads\/2019\/12\/tooted-ilma-taustata-copy-scaled.jpg\",\"width\":1862,\"height\":2560,\"caption\":\"magnijs\"},{\"@type\":\"BreadcrumbList\",\"@id\":\"https:\/\/test.puhdasplus.ee\/lv\/tooted\/minerali\/magnijs\/magnija-citrats-250-mg-200-g\/#breadcrumb\",\"itemListElement\":[{\"@type\":\"ListItem\",\"position\":1,\"name\":\"S\u0101kums\",\"item\":\"https:\/\/test.puhdasplus.ee\/lv\/\"},{\"@type\":\"ListItem\",\"position\":2,\"name\":\"Produkti\",\"item\":\"https:\/\/test.puhdasplus.ee\/lv\/veikals\/\"},{\"@type\":\"ListItem\",\"position\":3,\"name\":\"Magnija citr\u0101ts 250 mg 200 g\"}]},{\"@type\":\"WebSite\",\"@id\":\"https:\/\/test.puhdasplus.ee\/lv\/#website\",\"url\":\"https:\/\/test.puhdasplus.ee\/lv\/\",\"name\":\"Puhdas+\",\"description\":\"Vitamiinid, Toidulisandid, looduskosmeetika, tervis, sport\",\"publisher\":{\"@id\":\"https:\/\/test.puhdasplus.ee\/lv\/#organization\"},\"potentialAction\":[{\"@type\":\"SearchAction\",\"target\":{\"@type\":\"EntryPoint\",\"urlTemplate\":\"https:\/\/test.puhdasplus.ee\/lv\/?s={search_term_string}\"},\"query-input\":{\"@type\":\"PropertyValueSpecification\",\"valueRequired\":true,\"valueName\":\"search_term_string\"}}],\"inLanguage\":\"lv-LV\"},{\"@type\":\"Organization\",\"@id\":\"https:\/\/test.puhdasplus.ee\/lv\/#organization\",\"name\":\"Puhdas+\",\"alternateName\":\"Puhdasplus\",\"url\":\"https:\/\/test.puhdasplus.ee\/lv\/\",\"logo\":{\"@type\":\"ImageObject\",\"inLanguage\":\"lv-LV\",\"@id\":\"https:\/\/test.puhdasplus.ee\/lv\/#\/schema\/logo\/image\/\",\"url\":\"https:\/\/test.puhdasplus.ee\/\/wp-content\/uploads\/2019\/10\/puhdas_logo-arvele.png\",\"contentUrl\":\"https:\/\/test.puhdasplus.ee\/\/wp-content\/uploads\/2019\/10\/puhdas_logo-arvele.png\",\"width\":114,\"height\":94,\"caption\":\"Puhdas+\"},\"image\":{\"@id\":\"https:\/\/test.puhdasplus.ee\/lv\/#\/schema\/logo\/image\/\"},\"sameAs\":[\"https:\/\/www.facebook.com\/puhdasplus\",\"https:\/\/www.instagram.com\/puhdasplus_ee\/\"]}]}<\/script>\n<!-- \/ Yoast SEO plugin. -->","yoast_head_json":{"title":"Magnija citr\u0101ts 250 mg 200 g - Puhdas+","description":"Pure+ magnija pulveris \u2013 efekt\u012bvs musku\u013cu, nervu sist\u0113mas un ener\u0123ijas l\u012bme\u0146a atbalsts. Augsti absorb\u0113jo\u0161s magnija citr\u0101ts, bezgar\u0161\u012bgs un ar t\u012bru sast\u0101vu.","robots":{"index":"noindex","follow":"follow","max-snippet":"max-snippet:-1","max-image-preview":"max-image-preview:large","max-video-preview":"max-video-preview:-1"},"og_locale":"lv_LV","og_type":"article","og_title":"Magnija citr\u0101ts 250 mg 200 g - Puhdas+","og_description":"Pure+ magnija pulveris \u2013 efekt\u012bvs musku\u013cu, nervu sist\u0113mas un ener\u0123ijas l\u012bme\u0146a atbalsts. Augsti absorb\u0113jo\u0161s magnija citr\u0101ts, bezgar\u0161\u012bgs un ar t\u012bru sast\u0101vu.","og_url":"https:\/\/test.puhdasplus.ee\/lv\/tooted\/minerali\/magnijs\/magnija-citrats-250-mg-200-g\/","og_site_name":"Puhdas+","article_publisher":"https:\/\/www.facebook.com\/puhdasplus","article_modified_time":"2026-03-10T12:39:31+00:00","og_image":[{"width":1862,"height":2560,"url":"https:\/\/test.puhdasplus.ee\/wp-content\/uploads\/2019\/12\/tooted-ilma-taustata-copy-scaled.jpg","type":"image\/jpeg"}],"twitter_card":"summary_large_image","twitter_misc":{"Est. reading time":"3 min\u016btes"},"schema":{"@context":"https:\/\/schema.org","@graph":[{"@type":"WebPage","@id":"https:\/\/test.puhdasplus.ee\/lv\/tooted\/minerali\/magnijs\/magnija-citrats-250-mg-200-g\/","url":"https:\/\/test.puhdasplus.ee\/lv\/tooted\/minerali\/magnijs\/magnija-citrats-250-mg-200-g\/","name":"Magnija citr\u0101ts 250 mg 200 g - Puhdas+","isPartOf":{"@id":"https:\/\/test.puhdasplus.ee\/lv\/#website"},"primaryImageOfPage":{"@id":"https:\/\/test.puhdasplus.ee\/lv\/tooted\/minerali\/magnijs\/magnija-citrats-250-mg-200-g\/#primaryimage"},"image":{"@id":"https:\/\/test.puhdasplus.ee\/lv\/tooted\/minerali\/magnijs\/magnija-citrats-250-mg-200-g\/#primaryimage"},"thumbnailUrl":"https:\/\/test.puhdasplus.ee\/wp-content\/uploads\/2019\/12\/tooted-ilma-taustata-copy-scaled.jpg","datePublished":"2019-12-09T05:48:50+00:00","dateModified":"2026-03-10T12:39:31+00:00","description":"Pure+ magnija pulveris \u2013 efekt\u012bvs musku\u013cu, nervu sist\u0113mas un ener\u0123ijas l\u012bme\u0146a atbalsts. Augsti absorb\u0113jo\u0161s magnija citr\u0101ts, bezgar\u0161\u012bgs un ar t\u012bru sast\u0101vu.","breadcrumb":{"@id":"https:\/\/test.puhdasplus.ee\/lv\/tooted\/minerali\/magnijs\/magnija-citrats-250-mg-200-g\/#breadcrumb"},"inLanguage":"lv-LV","potentialAction":[{"@type":"ReadAction","target":["https:\/\/test.puhdasplus.ee\/lv\/tooted\/minerali\/magnijs\/magnija-citrats-250-mg-200-g\/"]}]},{"@type":"ImageObject","inLanguage":"lv-LV","@id":"https:\/\/test.puhdasplus.ee\/lv\/tooted\/minerali\/magnijs\/magnija-citrats-250-mg-200-g\/#primaryimage","url":"https:\/\/test.puhdasplus.ee\/wp-content\/uploads\/2019\/12\/tooted-ilma-taustata-copy-scaled.jpg","contentUrl":"https:\/\/test.puhdasplus.ee\/wp-content\/uploads\/2019\/12\/tooted-ilma-taustata-copy-scaled.jpg","width":1862,"height":2560,"caption":"magnijs"},{"@type":"BreadcrumbList","@id":"https:\/\/test.puhdasplus.ee\/lv\/tooted\/minerali\/magnijs\/magnija-citrats-250-mg-200-g\/#breadcrumb","itemListElement":[{"@type":"ListItem","position":1,"name":"S\u0101kums","item":"https:\/\/test.puhdasplus.ee\/lv\/"},{"@type":"ListItem","position":2,"name":"Produkti","item":"https:\/\/test.puhdasplus.ee\/lv\/veikals\/"},{"@type":"ListItem","position":3,"name":"Magnija citr\u0101ts 250 mg 200 g"}]},{"@type":"WebSite","@id":"https:\/\/test.puhdasplus.ee\/lv\/#website","url":"https:\/\/test.puhdasplus.ee\/lv\/","name":"Puhdas+","description":"Vitamiinid, Toidulisandid, looduskosmeetika, tervis, sport","publisher":{"@id":"https:\/\/test.puhdasplus.ee\/lv\/#organization"},"potentialAction":[{"@type":"SearchAction","target":{"@type":"EntryPoint","urlTemplate":"https:\/\/test.puhdasplus.ee\/lv\/?s={search_term_string}"},"query-input":{"@type":"PropertyValueSpecification","valueRequired":true,"valueName":"search_term_string"}}],"inLanguage":"lv-LV"},{"@type":"Organization","@id":"https:\/\/test.puhdasplus.ee\/lv\/#organization","name":"Puhdas+","alternateName":"Puhdasplus","url":"https:\/\/test.puhdasplus.ee\/lv\/","logo":{"@type":"ImageObject","inLanguage":"lv-LV","@id":"https:\/\/test.puhdasplus.ee\/lv\/#\/schema\/logo\/image\/","url":"https:\/\/test.puhdasplus.ee\/\/wp-content\/uploads\/2019\/10\/puhdas_logo-arvele.png","contentUrl":"https:\/\/test.puhdasplus.ee\/\/wp-content\/uploads\/2019\/10\/puhdas_logo-arvele.png","width":114,"height":94,"caption":"Puhdas+"},"image":{"@id":"https:\/\/test.puhdasplus.ee\/lv\/#\/schema\/logo\/image\/"},"sameAs":["https:\/\/www.facebook.com\/puhdasplus","https:\/\/www.instagram.com\/puhdasplus_ee\/"]}]}},"_links":{"self":[{"href":"https:\/\/test.puhdasplus.ee\/lv\/wp-json\/wp\/v2\/product\/353330","targetHints":{"allow":["GET"]}}],"collection":[{"href":"https:\/\/test.puhdasplus.ee\/lv\/wp-json\/wp\/v2\/product"}],"about":[{"href":"https:\/\/test.puhdasplus.ee\/lv\/wp-json\/wp\/v2\/types\/product"}],"replies":[{"embeddable":true,"href":"https:\/\/test.puhdasplus.ee\/lv\/wp-json\/wp\/v2\/comments?post=353330"}],"wp:featuredmedia":[{"embeddable":true,"href":"https:\/\/test.puhdasplus.ee\/lv\/wp-json\/wp\/v2\/media\/354693"}],"wp:attachment":[{"href":"https:\/\/test.puhdasplus.ee\/lv\/wp-json\/wp\/v2\/media?parent=353330"}],"wp:term":[{"taxonomy":"product_brand","embeddable":true,"href":"https:\/\/test.puhdasplus.ee\/lv\/wp-json\/wp\/v2\/product_brand?post=353330"},{"taxonomy":"product_cat","embeddable":true,"href":"https:\/\/test.puhdasplus.ee\/lv\/wp-json\/wp\/v2\/product_cat?post=353330"},{"taxonomy":"product_tag","embeddable":true,"href":"https:\/\/test.puhdasplus.ee\/lv\/wp-json\/wp\/v2\/product_tag?post=353330"}],"curies":[{"name":"wp","href":"https:\/\/api.w.org\/{rel}","templated":true}]}}