{"id":353316,"date":"2020-01-23T22:16:14","date_gmt":"2020-01-23T20:16:14","guid":{"rendered":"https:\/\/test.puhdasplus.ee\/\/tooted\/uncategorized\/ultraskanas-aromatu-difuzors-elephant-berniem-120ml\/"},"modified":"2026-03-10T14:39:39","modified_gmt":"2026-03-10T12:39:39","slug":"ultraskanas-aromatu-difuzors-elephant-berniem-120ml","status":"publish","type":"product","link":"https:\/\/test.puhdasplus.ee\/lv\/tooted\/difuzori\/ultraskanas-aromatu-difuzors-elephant-berniem-120ml\/","title":{"rendered":"Ultraska\u0146as arom\u0101tu difuzors \u201cElephant\" b\u0113rniem 120ml"},"content":{"rendered":"<p>Ultraska\u0146as aromdif\u016bzors \u201cElephant\" KIDS ir lieliska izv\u0113le b\u0113rna istabai, radot nomierino\u0161u un relaks\u0113jo\u0161u atmosf\u0113ru. \u0160\u012b difuzora maig\u0101 ultraska\u0146as tehnolo\u0123ija izplata \u0113terisko e\u013c\u013cu arom\u0101tu, pal\u012bdzot nomierin\u0101t b\u0113rnu un rad\u012bt pat\u012bkamu atmosf\u0113ru gul\u0113\u0161anai vai sp\u0113l\u0113\u0161anai. Kompaktais un jautrais zilo\u0146a dizains padara \u0161o ier\u012bci ide\u0101li piem\u0113rotu b\u0113rna istabai, vienlaikus esot piln\u012bgi dro\u0161ai un viegli lietojamai.  <\/p>\n<p>Da\u017ei no visbie\u017e\u0101k sastopamajiem simptomiem, ko izraisa sauss iek\u0161telpu gaiss, ir:<\/p>\n<ul>\n<li>sausa un kairin\u0101ta r\u012bkle un deguna dobums<\/li>\n<li>sauss klepus vai kairin\u0101tas balss saites<\/li>\n<li>deguna asi\u0146o\u0161ana un galvass\u0101pes.<\/li>\n<\/ul>\n<p>Gaisa mitrin\u0101t\u0101js efekt\u012bvi mazina \u0161os simptomus un ar\u012b uzlabo miegu. Gaisa mitrin\u0101t\u0101js ar\u012b samazina saslim\u0161anas risku, jo v\u012brusi mitr\u0101k\u0101 gais\u0101 izdz\u012bvo \u012bs\u0101ku laiku, un mitr\u0101ks gaiss ar\u012b samazina putek\u013cu da\u013ci\u0146u kust\u012bbu. <\/p>\n<p>Ide\u0101li piem\u0113rots lieto\u0161anai ar \u0113teriskaj\u0101m e\u013c\u013c\u0101m.<\/p>\n<p data-start=\"575\" data-end=\"608\"><strong data-start=\"582\" data-end=\"606\">Priek\u0161roc\u012bbas un funkcijas:<\/strong><\/p>\n<ul data-start=\"609\" data-end=\"1117\">\n<li data-start=\"609\" data-end=\"711\"><strong data-start=\"611\" data-end=\"637\">Ultraska\u0146as tehnolo\u0123ija:<\/strong> dabisks un kluss veids, k\u0101 izplat\u012bt arom\u0101tu, neizmantojot siltumu.<\/li>\n<li data-start=\"712\" data-end=\"805\"><strong data-start=\"714\" data-end=\"739\">B\u0113rniem draudz\u012bgs dizains:<\/strong> zilo\u0146a dizains ienes istab\u0101 jautr\u012bbu un ir dro\u0161s lieto\u0161an\u0101.<\/li>\n<li data-start=\"806\" data-end=\"904\"><strong data-start=\"808\" data-end=\"829\">Nomierino\u0161a atmosf\u0113ra:<\/strong> Pal\u012bdz mazin\u0101t stresu, trauksmi un rad\u012bt mier\u012bgu vidi miegam.<\/li>\n<li data-start=\"905\" data-end=\"994\"><strong data-start=\"907\" data-end=\"940\">Kompakts un viegli lietojams:<\/strong> piem\u0113rots jebkurai telpai, gan maziem, gan lieliem b\u0113rniem.<\/li>\n<li data-start=\"995\" data-end=\"1117\"><strong data-start=\"997\" data-end=\"1020\">Veg\u0101ns un dab\u012bgs:<\/strong> Izmantojiet b\u0113rniem paredz\u0113tas \u0113terisk\u0101s e\u013c\u013cas, lai piepild\u012btu gaisu ar nomierino\u0161u un t\u012bru arom\u0101tu.<\/li>\n<\/ul>\n<p><strong>Lietojums:  <\/strong><\/p>\n<ul>\n<li style=\"list-style-type: none;\">\n<ul data-start=\"1149\" data-end=\"1338\">\n<li data-start=\"1149\" data-end=\"1209\">Pievienojiet 2\u20135 pilienus \u0113terisk\u0101s e\u013c\u013cas (p\u0113c nepiecie\u0161am\u012bbas) un piepildiet ar \u016bdeni.<\/li>\n<li data-start=\"1210\" data-end=\"1264\">Iesl\u0113dziet un izbaudiet relaks\u0113jo\u0161u aromterapiju.<\/li>\n<li data-start=\"1265\" data-end=\"1338\">Piem\u0113rots ikdienas lieto\u0161anai b\u0113rnu gu\u013camistab\u0101s un rota\u013cu istab\u0101s.<\/li>\n<\/ul>\n<\/li>\n<\/ul>\n<p>Uzman\u012bbu: Tikai \u0101r\u012bgai lieto\u0161anai. Izvair\u012bties no saskares ar ac\u012bm.  Sarg\u0101t no b\u0113rniem. Lietojiet tikai saska\u0146\u0101 ar ra\u017eot\u0101ja nor\u0101d\u012bjumiem.<\/p>\n<p data-start=\"1536\" data-end=\"1561\">Uzglab\u0101\u0161ana: Uzglab\u0101t saus\u0101 un v\u0113s\u0101 viet\u0101, sarg\u0101t no tie\u0161iem saules stariem.<\/p>\n","protected":false},"excerpt":{"rendered":"<p><strong data-start=\"2403\" data-end=\"2455\">Ultraska\u0146as arom\u0101tu difuzors \u201cElephant\" b\u0113rniem 120ml<\/strong><br data-start=\"2455\" data-end=\"2458\"> Radiet mier\u012bgu un relaks\u0113jo\u0161u vidi savam b\u0113rnam ar m\u016bsu jauko zilo\u0146a difuzoru! Ultraska\u0146as tehnolo\u0123ija pal\u012bdz dro\u0161i un klusi izklied\u0113t \u0113terisk\u0101s e\u013c\u013cas.   <strong data-start=\"2639\" data-end=\"2682\">Pas\u016btiet jau tagad un izbaudiet mieru un atp\u016btu!<\/strong><\/p>\n","protected":false},"featured_media":353320,"comment_status":"closed","ping_status":"closed","template":"","meta":{"_acf_changed":false},"product_brand":[],"product_cat":[2785,3067],"product_tag":[6449,6450,6456,6454,6455,6458,6459,6457,6447,6453],"class_list":{"0":"post-353316","1":"product","2":"type-product","3":"status-publish","4":"has-post-thumbnail","6":"product_cat-difuzori","7":"product_cat-ipasie-piedavajumi","8":"product_tag-aromterapijas-difuzors-berniem","9":"product_tag-bernu-aromatu-difuzors","10":"product_tag-bernu-difuzors","11":"product_tag-bernu-gulamistabas-mitrinatajs","12":"product_tag-dross-aromatu-difuzors","13":"product_tag-eterisko-ellu-difuzors-berniem","14":"product_tag-nomierinosa-atmosfera-bernu-istaba","15":"product_tag-relaksejosa-aromterapija-berniem","16":"product_tag-ultraskanas-aromatu-difuzors","17":"product_tag-zilona-formas-difuzors","19":"first","20":"instock","21":"sale","22":"taxable","23":"shipping-taxable","24":"purchasable","25":"product-type-simple"},"acf":[],"yoast_head":"<!-- This site is optimized with the Yoast SEO plugin v27.1.1 - https:\/\/yoast.com\/product\/yoast-seo-wordpress\/ -->\n<title>Ultraska\u0146as arom\u0101tu difuzors &quot;Elephant&quot; b\u0113rniem 120ml - Puhdas+<\/title>\n<meta name=\"description\" content=\"Ultraska\u0146as arom\u0101tu difuzors &quot;Elephant&quot; KIDS 120ml ir ide\u0101ls risin\u0101jums, lai rad\u012btu mier\u012bgu un relaks\u0113jo\u0161u atmosf\u0113ru b\u0113rnu gu\u013camistab\u0101.\" \/>\n<meta name=\"robots\" content=\"noindex, follow, max-snippet:-1, max-image-preview:large, max-video-preview:-1\" \/>\n<meta property=\"og:locale\" content=\"lv_LV\" \/>\n<meta property=\"og:type\" content=\"article\" \/>\n<meta property=\"og:title\" content=\"Ultraska\u0146as arom\u0101tu difuzors &quot;Elephant&quot; b\u0113rniem 120ml - Puhdas+\" \/>\n<meta property=\"og:description\" content=\"Ultraska\u0146as arom\u0101tu difuzors &quot;Elephant&quot; KIDS 120ml ir ide\u0101ls risin\u0101jums, lai rad\u012btu mier\u012bgu un relaks\u0113jo\u0161u atmosf\u0113ru b\u0113rnu gu\u013camistab\u0101.\" \/>\n<meta property=\"og:url\" content=\"https:\/\/test.puhdasplus.ee\/lv\/tooted\/difuzori\/ultraskanas-aromatu-difuzors-elephant-berniem-120ml\/\" \/>\n<meta property=\"og:site_name\" content=\"Puhdas+\" \/>\n<meta property=\"article:publisher\" content=\"https:\/\/www.facebook.com\/puhdasplus\" \/>\n<meta property=\"article:modified_time\" content=\"2026-03-10T12:39:39+00:00\" \/>\n<meta property=\"og:image\" content=\"https:\/\/test.puhdasplus.ee\/wp-content\/uploads\/2020\/01\/Aroma_Diffuuseri_Valkoinen_norsu_120ml_puhdasplus.webp\" \/>\n\t<meta property=\"og:image:width\" content=\"1600\" \/>\n\t<meta property=\"og:image:height\" content=\"2200\" \/>\n\t<meta property=\"og:image:type\" content=\"image\/webp\" \/>\n<meta name=\"twitter:card\" content=\"summary_large_image\" \/>\n<meta name=\"twitter:label1\" content=\"Est. reading time\" \/>\n\t<meta name=\"twitter:data1\" content=\"2 min\u016btes\" \/>\n<script type=\"application\/ld+json\" class=\"yoast-schema-graph\">{\"@context\":\"https:\/\/schema.org\",\"@graph\":[{\"@type\":\"WebPage\",\"@id\":\"https:\/\/test.puhdasplus.ee\/lv\/tooted\/difuzori\/ultraskanas-aromatu-difuzors-elephant-berniem-120ml\/\",\"url\":\"https:\/\/test.puhdasplus.ee\/lv\/tooted\/difuzori\/ultraskanas-aromatu-difuzors-elephant-berniem-120ml\/\",\"name\":\"Ultraska\u0146as arom\u0101tu difuzors \\\"Elephant\\\" b\u0113rniem 120ml - Puhdas+\",\"isPartOf\":{\"@id\":\"https:\/\/test.puhdasplus.ee\/lv\/#website\"},\"primaryImageOfPage\":{\"@id\":\"https:\/\/test.puhdasplus.ee\/lv\/tooted\/difuzori\/ultraskanas-aromatu-difuzors-elephant-berniem-120ml\/#primaryimage\"},\"image\":{\"@id\":\"https:\/\/test.puhdasplus.ee\/lv\/tooted\/difuzori\/ultraskanas-aromatu-difuzors-elephant-berniem-120ml\/#primaryimage\"},\"thumbnailUrl\":\"https:\/\/test.puhdasplus.ee\/wp-content\/uploads\/2020\/01\/Aroma_Diffuuseri_Valkoinen_norsu_120ml_puhdasplus.webp\",\"datePublished\":\"2020-01-23T20:16:14+00:00\",\"dateModified\":\"2026-03-10T12:39:39+00:00\",\"description\":\"Ultraska\u0146as arom\u0101tu difuzors \\\"Elephant\\\" KIDS 120ml ir ide\u0101ls risin\u0101jums, lai rad\u012btu mier\u012bgu un relaks\u0113jo\u0161u atmosf\u0113ru b\u0113rnu gu\u013camistab\u0101.\",\"breadcrumb\":{\"@id\":\"https:\/\/test.puhdasplus.ee\/lv\/tooted\/difuzori\/ultraskanas-aromatu-difuzors-elephant-berniem-120ml\/#breadcrumb\"},\"inLanguage\":\"lv-LV\",\"potentialAction\":[{\"@type\":\"ReadAction\",\"target\":[\"https:\/\/test.puhdasplus.ee\/lv\/tooted\/difuzori\/ultraskanas-aromatu-difuzors-elephant-berniem-120ml\/\"]}]},{\"@type\":\"ImageObject\",\"inLanguage\":\"lv-LV\",\"@id\":\"https:\/\/test.puhdasplus.ee\/lv\/tooted\/difuzori\/ultraskanas-aromatu-difuzors-elephant-berniem-120ml\/#primaryimage\",\"url\":\"https:\/\/test.puhdasplus.ee\/wp-content\/uploads\/2020\/01\/Aroma_Diffuuseri_Valkoinen_norsu_120ml_puhdasplus.webp\",\"contentUrl\":\"https:\/\/test.puhdasplus.ee\/wp-content\/uploads\/2020\/01\/Aroma_Diffuuseri_Valkoinen_norsu_120ml_puhdasplus.webp\",\"width\":1600,\"height\":2200},{\"@type\":\"BreadcrumbList\",\"@id\":\"https:\/\/test.puhdasplus.ee\/lv\/tooted\/difuzori\/ultraskanas-aromatu-difuzors-elephant-berniem-120ml\/#breadcrumb\",\"itemListElement\":[{\"@type\":\"ListItem\",\"position\":1,\"name\":\"S\u0101kums\",\"item\":\"https:\/\/test.puhdasplus.ee\/lv\/\"},{\"@type\":\"ListItem\",\"position\":2,\"name\":\"Produkti\",\"item\":\"https:\/\/test.puhdasplus.ee\/lv\/veikals\/\"},{\"@type\":\"ListItem\",\"position\":3,\"name\":\"Ultraska\u0146as arom\u0101tu difuzors \u201cElephant\\\" b\u0113rniem 120ml\"}]},{\"@type\":\"WebSite\",\"@id\":\"https:\/\/test.puhdasplus.ee\/lv\/#website\",\"url\":\"https:\/\/test.puhdasplus.ee\/lv\/\",\"name\":\"Puhdas+\",\"description\":\"Vitamiinid, Toidulisandid, looduskosmeetika, tervis, sport\",\"publisher\":{\"@id\":\"https:\/\/test.puhdasplus.ee\/lv\/#organization\"},\"potentialAction\":[{\"@type\":\"SearchAction\",\"target\":{\"@type\":\"EntryPoint\",\"urlTemplate\":\"https:\/\/test.puhdasplus.ee\/lv\/?s={search_term_string}\"},\"query-input\":{\"@type\":\"PropertyValueSpecification\",\"valueRequired\":true,\"valueName\":\"search_term_string\"}}],\"inLanguage\":\"lv-LV\"},{\"@type\":\"Organization\",\"@id\":\"https:\/\/test.puhdasplus.ee\/lv\/#organization\",\"name\":\"Puhdas+\",\"alternateName\":\"Puhdasplus\",\"url\":\"https:\/\/test.puhdasplus.ee\/lv\/\",\"logo\":{\"@type\":\"ImageObject\",\"inLanguage\":\"lv-LV\",\"@id\":\"https:\/\/test.puhdasplus.ee\/lv\/#\/schema\/logo\/image\/\",\"url\":\"https:\/\/test.puhdasplus.ee\/\/wp-content\/uploads\/2019\/10\/puhdas_logo-arvele.png\",\"contentUrl\":\"https:\/\/test.puhdasplus.ee\/\/wp-content\/uploads\/2019\/10\/puhdas_logo-arvele.png\",\"width\":114,\"height\":94,\"caption\":\"Puhdas+\"},\"image\":{\"@id\":\"https:\/\/test.puhdasplus.ee\/lv\/#\/schema\/logo\/image\/\"},\"sameAs\":[\"https:\/\/www.facebook.com\/puhdasplus\",\"https:\/\/www.instagram.com\/puhdasplus_ee\/\"]}]}<\/script>\n<!-- \/ Yoast SEO plugin. -->","yoast_head_json":{"title":"Ultraska\u0146as arom\u0101tu difuzors \"Elephant\" b\u0113rniem 120ml - Puhdas+","description":"Ultraska\u0146as arom\u0101tu difuzors \"Elephant\" KIDS 120ml ir ide\u0101ls risin\u0101jums, lai rad\u012btu mier\u012bgu un relaks\u0113jo\u0161u atmosf\u0113ru b\u0113rnu gu\u013camistab\u0101.","robots":{"index":"noindex","follow":"follow","max-snippet":"max-snippet:-1","max-image-preview":"max-image-preview:large","max-video-preview":"max-video-preview:-1"},"og_locale":"lv_LV","og_type":"article","og_title":"Ultraska\u0146as arom\u0101tu difuzors \"Elephant\" b\u0113rniem 120ml - Puhdas+","og_description":"Ultraska\u0146as arom\u0101tu difuzors \"Elephant\" KIDS 120ml ir ide\u0101ls risin\u0101jums, lai rad\u012btu mier\u012bgu un relaks\u0113jo\u0161u atmosf\u0113ru b\u0113rnu gu\u013camistab\u0101.","og_url":"https:\/\/test.puhdasplus.ee\/lv\/tooted\/difuzori\/ultraskanas-aromatu-difuzors-elephant-berniem-120ml\/","og_site_name":"Puhdas+","article_publisher":"https:\/\/www.facebook.com\/puhdasplus","article_modified_time":"2026-03-10T12:39:39+00:00","og_image":[{"width":1600,"height":2200,"url":"https:\/\/test.puhdasplus.ee\/wp-content\/uploads\/2020\/01\/Aroma_Diffuuseri_Valkoinen_norsu_120ml_puhdasplus.webp","type":"image\/webp"}],"twitter_card":"summary_large_image","twitter_misc":{"Est. reading time":"2 min\u016btes"},"schema":{"@context":"https:\/\/schema.org","@graph":[{"@type":"WebPage","@id":"https:\/\/test.puhdasplus.ee\/lv\/tooted\/difuzori\/ultraskanas-aromatu-difuzors-elephant-berniem-120ml\/","url":"https:\/\/test.puhdasplus.ee\/lv\/tooted\/difuzori\/ultraskanas-aromatu-difuzors-elephant-berniem-120ml\/","name":"Ultraska\u0146as arom\u0101tu difuzors \"Elephant\" b\u0113rniem 120ml - Puhdas+","isPartOf":{"@id":"https:\/\/test.puhdasplus.ee\/lv\/#website"},"primaryImageOfPage":{"@id":"https:\/\/test.puhdasplus.ee\/lv\/tooted\/difuzori\/ultraskanas-aromatu-difuzors-elephant-berniem-120ml\/#primaryimage"},"image":{"@id":"https:\/\/test.puhdasplus.ee\/lv\/tooted\/difuzori\/ultraskanas-aromatu-difuzors-elephant-berniem-120ml\/#primaryimage"},"thumbnailUrl":"https:\/\/test.puhdasplus.ee\/wp-content\/uploads\/2020\/01\/Aroma_Diffuuseri_Valkoinen_norsu_120ml_puhdasplus.webp","datePublished":"2020-01-23T20:16:14+00:00","dateModified":"2026-03-10T12:39:39+00:00","description":"Ultraska\u0146as arom\u0101tu difuzors \"Elephant\" KIDS 120ml ir ide\u0101ls risin\u0101jums, lai rad\u012btu mier\u012bgu un relaks\u0113jo\u0161u atmosf\u0113ru b\u0113rnu gu\u013camistab\u0101.","breadcrumb":{"@id":"https:\/\/test.puhdasplus.ee\/lv\/tooted\/difuzori\/ultraskanas-aromatu-difuzors-elephant-berniem-120ml\/#breadcrumb"},"inLanguage":"lv-LV","potentialAction":[{"@type":"ReadAction","target":["https:\/\/test.puhdasplus.ee\/lv\/tooted\/difuzori\/ultraskanas-aromatu-difuzors-elephant-berniem-120ml\/"]}]},{"@type":"ImageObject","inLanguage":"lv-LV","@id":"https:\/\/test.puhdasplus.ee\/lv\/tooted\/difuzori\/ultraskanas-aromatu-difuzors-elephant-berniem-120ml\/#primaryimage","url":"https:\/\/test.puhdasplus.ee\/wp-content\/uploads\/2020\/01\/Aroma_Diffuuseri_Valkoinen_norsu_120ml_puhdasplus.webp","contentUrl":"https:\/\/test.puhdasplus.ee\/wp-content\/uploads\/2020\/01\/Aroma_Diffuuseri_Valkoinen_norsu_120ml_puhdasplus.webp","width":1600,"height":2200},{"@type":"BreadcrumbList","@id":"https:\/\/test.puhdasplus.ee\/lv\/tooted\/difuzori\/ultraskanas-aromatu-difuzors-elephant-berniem-120ml\/#breadcrumb","itemListElement":[{"@type":"ListItem","position":1,"name":"S\u0101kums","item":"https:\/\/test.puhdasplus.ee\/lv\/"},{"@type":"ListItem","position":2,"name":"Produkti","item":"https:\/\/test.puhdasplus.ee\/lv\/veikals\/"},{"@type":"ListItem","position":3,"name":"Ultraska\u0146as arom\u0101tu difuzors \u201cElephant\" b\u0113rniem 120ml"}]},{"@type":"WebSite","@id":"https:\/\/test.puhdasplus.ee\/lv\/#website","url":"https:\/\/test.puhdasplus.ee\/lv\/","name":"Puhdas+","description":"Vitamiinid, Toidulisandid, looduskosmeetika, tervis, sport","publisher":{"@id":"https:\/\/test.puhdasplus.ee\/lv\/#organization"},"potentialAction":[{"@type":"SearchAction","target":{"@type":"EntryPoint","urlTemplate":"https:\/\/test.puhdasplus.ee\/lv\/?s={search_term_string}"},"query-input":{"@type":"PropertyValueSpecification","valueRequired":true,"valueName":"search_term_string"}}],"inLanguage":"lv-LV"},{"@type":"Organization","@id":"https:\/\/test.puhdasplus.ee\/lv\/#organization","name":"Puhdas+","alternateName":"Puhdasplus","url":"https:\/\/test.puhdasplus.ee\/lv\/","logo":{"@type":"ImageObject","inLanguage":"lv-LV","@id":"https:\/\/test.puhdasplus.ee\/lv\/#\/schema\/logo\/image\/","url":"https:\/\/test.puhdasplus.ee\/\/wp-content\/uploads\/2019\/10\/puhdas_logo-arvele.png","contentUrl":"https:\/\/test.puhdasplus.ee\/\/wp-content\/uploads\/2019\/10\/puhdas_logo-arvele.png","width":114,"height":94,"caption":"Puhdas+"},"image":{"@id":"https:\/\/test.puhdasplus.ee\/lv\/#\/schema\/logo\/image\/"},"sameAs":["https:\/\/www.facebook.com\/puhdasplus","https:\/\/www.instagram.com\/puhdasplus_ee\/"]}]}},"_links":{"self":[{"href":"https:\/\/test.puhdasplus.ee\/lv\/wp-json\/wp\/v2\/product\/353316","targetHints":{"allow":["GET"]}}],"collection":[{"href":"https:\/\/test.puhdasplus.ee\/lv\/wp-json\/wp\/v2\/product"}],"about":[{"href":"https:\/\/test.puhdasplus.ee\/lv\/wp-json\/wp\/v2\/types\/product"}],"replies":[{"embeddable":true,"href":"https:\/\/test.puhdasplus.ee\/lv\/wp-json\/wp\/v2\/comments?post=353316"}],"wp:featuredmedia":[{"embeddable":true,"href":"https:\/\/test.puhdasplus.ee\/lv\/wp-json\/wp\/v2\/media\/353320"}],"wp:attachment":[{"href":"https:\/\/test.puhdasplus.ee\/lv\/wp-json\/wp\/v2\/media?parent=353316"}],"wp:term":[{"taxonomy":"product_brand","embeddable":true,"href":"https:\/\/test.puhdasplus.ee\/lv\/wp-json\/wp\/v2\/product_brand?post=353316"},{"taxonomy":"product_cat","embeddable":true,"href":"https:\/\/test.puhdasplus.ee\/lv\/wp-json\/wp\/v2\/product_cat?post=353316"},{"taxonomy":"product_tag","embeddable":true,"href":"https:\/\/test.puhdasplus.ee\/lv\/wp-json\/wp\/v2\/product_tag?post=353316"}],"curies":[{"name":"wp","href":"https:\/\/api.w.org\/{rel}","templated":true}]}}