{"id":353240,"date":"2019-12-05T23:50:44","date_gmt":"2019-12-05T21:50:44","guid":{"rendered":"https:\/\/test.puhdasplus.ee\/\/tooted\/uncategorized\/saccharomyces-boulardii-250-mg\/"},"modified":"2026-03-10T14:38:15","modified_gmt":"2026-03-10T12:38:15","slug":"saccharomyces-boulardii-250-mg","status":"publish","type":"product","link":"https:\/\/test.puhdasplus.ee\/lv\/tooted\/ipasie-piedavajumi\/saccharomyces-boulardii-250-mg\/","title":{"rendered":"Saccharomyces Boulardii 250 mg"},"content":{"rendered":"<p data-start=\"108\" data-end=\"600\"><strong data-start=\"108\" data-end=\"150\">Saccharomyces Boulardii 250 mg<\/strong> ir augstas kvalit\u0101tes uztura bag\u0101tin\u0101t\u0101js, kas satur efekt\u012bvu devu p\u0113t\u012bt\u0101 rauga <strong data-start=\"216\" data-end=\"243\">Saccharomyces boulardii<\/strong> . At\u0161\u0137ir\u012bb\u0101 no daudz\u0101m piensk\u0101bes bakt\u0113rij\u0101m, <strong data-start=\"298\" data-end=\"325\">Saccharomyces boulardii<\/strong> ir iztur\u012bg\u0101ka pret ku\u0146\u0123a sk\u0101b\u0113m, pal\u012bdzot uztur\u0113t zarnu mikrofloras l\u012bdzsvaru pat sare\u017e\u0123\u012btos apst\u0101k\u013cos. Piem\u0113rots ikdienas lieto\u0161anai vai kursa veid\u0101, \u012bpa\u0161i antibiotiku lieto\u0161anas laik\u0101 vai ce\u013cojumu laik\u0101.  <\/p>\n<p data-start=\"602\" data-end=\"624\"><strong data-start=\"602\" data-end=\"624\">Galven\u0101s iez\u012bmes:<\/strong><\/p>\n<ul data-start=\"625\" data-end=\"1152\">\n<li data-start=\"625\" data-end=\"770\"><strong data-start=\"627\" data-end=\"643\">Efekt\u012bv\u0101 deva:<\/strong> Katra kapsula satur 250 mg <strong data-start=\"671\" data-end=\"698\">Saccharomyces boulardii<\/strong> , ieteicam\u0101 dienas deva ir 1\u20132 kapsulas.<\/li>\n<li data-start=\"771\" data-end=\"887\"><strong data-start=\"773\" data-end=\"796\">Augsta iztur\u012bba:<\/strong> <strong data-start=\"797\" data-end=\"824\">Saccharomyces boulardii<\/strong> labi panes ku\u0146\u0123a sk\u0101bes, nodro\u0161inot efekt\u012bvu iedarb\u012bbu gremo\u0161anas trakt\u0101.<\/li>\n<li data-start=\"888\" data-end=\"1037\"><strong data-start=\"890\" data-end=\"913\">T\u012bras sast\u0101vda\u013cas:<\/strong> Nesatur laktozi, glut\u0113nu, cukuru, s\u0101li, cieti, kukur\u016bzu, soju vai saldin\u0101t\u0101jus. Piem\u0113rots ve\u0123et\u0101rie\u0161iem un veg\u0101niem. <\/li>\n<li data-start=\"1038\" data-end=\"1152\"><strong data-start=\"1040\" data-end=\"1060\">Bez piedev\u0101m:<\/strong> Pagatavo\u0161an\u0101 nav izmantotas nevajadz\u012bgas piedevas, piem\u0113ram, konservanti, kr\u0101svielas vai aromatiz\u0113t\u0101ji.<\/li>\n<\/ul>\n<p data-start=\"1154\" data-end=\"1399\"><strong data-start=\"1154\" data-end=\"1169\">Lieto\u0161ana:<\/strong> Pieaugu\u0161ajiem ieteicams lietot 1\u20132 kapsulas dien\u0101, uzdzerot \u016bdeni. Nep\u0101rsniedziet ieteicamo dienas devu. Uztura bag\u0101tin\u0101t\u0101js neaizst\u0101j daudzveid\u012bgu un sabalans\u0113tu uzturu vai vesel\u012bgu dz\u012bvesveidu. Sarg\u0101t no b\u0113rniem.   <\/p>\n<p data-start=\"1401\" data-end=\"1682\"><strong data-start=\"1401\" data-end=\"1417\">Sast\u0101vda\u013cas:<\/strong> <strong data-start=\"1418\" data-end=\"1445\">Saccharomyces boulardii<\/strong> , kapsula (stabilizatori: hidroksipropilmetilceluloze, gell\u0101na sve\u0137i), pildviela (mikrokrist\u0101lisk\u0101 celuloze). Nesatur laktozi, glut\u0113nu, cukuru, s\u0101li, cieti, kukur\u016bzu, soju vai saldin\u0101t\u0101jus.  Piem\u0113rots ve\u0123et\u0101rie\u0161iem un veg\u0101niem.<\/p>\n<p data-start=\"1684\" data-end=\"1715\"><strong data-start=\"1684\" data-end=\"1715\">Uzturv\u0113rt\u012bba (1\u20132 kapsulas):<\/strong><\/p>\n<ul data-start=\"1716\" data-end=\"1757\">\n<li data-start=\"1716\" data-end=\"1757\"><strong data-start=\"1718\" data-end=\"1746\">Saccharomyces boulardii:<\/strong> 250\u2013500 mg<\/li>\n<\/ul>\n","protected":false},"excerpt":{"rendered":"<p><strong data-start=\"1783\" data-end=\"1825\">Saccharomyces Boulardii 250 mg<\/strong> ir efekt\u012bvs uztura bag\u0101tin\u0101t\u0101js, kas atbalsta zarnu mikrofloras l\u012bdzsvaru. Piem\u0113rots ikdienas lieto\u0161anai vai k\u0101 \u0101rst\u0113\u0161anas kursam, \u012bpa\u0161i antibiotiku lieto\u0161anas laik\u0101 vai ce\u013cojumu laik\u0101. Nesatur laktozi vai glut\u0113nu, piem\u0113rots veg\u0101niem.<\/p>\n","protected":false},"featured_media":353782,"comment_status":"closed","ping_status":"closed","template":"","meta":{"_acf_changed":false},"product_brand":[],"product_cat":[3344,3067,3200],"product_tag":[3348,3347,6410,3878,6411,3354],"class_list":{"0":"post-353240","1":"product","2":"type-product","3":"status-publish","4":"has-post-thumbnail","6":"product_cat-gremosana-un-vielmaina","7":"product_cat-ipasie-piedavajumi","8":"product_cat-minerali","9":"product_tag-bez-glutena","10":"product_tag-bez-laktozes","11":"product_tag-glotada","12":"product_tag-gremosana-un-vielmaina","13":"product_tag-saccharomyces-boulardii-lv","14":"product_tag-zarnu-mikroflora","16":"first","17":"instock","18":"sale","19":"featured","20":"taxable","21":"shipping-taxable","22":"purchasable","23":"product-type-variable","24":"has-default-attributes"},"acf":[],"yoast_head":"<!-- This site is optimized with the Yoast SEO plugin v27.1.1 - https:\/\/yoast.com\/product\/yoast-seo-wordpress\/ -->\n<title>Saccharomyces Boulardii 250 mg - Puhdas+<\/title>\n<meta name=\"description\" content=\"Saccharomyces boulardii 250 mg \u2013 efekt\u012bvs probiotiskais raugs, kas uztur zarnu mikrofloras l\u012bdzsvaru, atbalsta gremo\u0161anu un pal\u012bdz stiprin\u0101t imunit\u0101ti.\" \/>\n<meta name=\"robots\" content=\"noindex, follow, max-snippet:-1, max-image-preview:large, max-video-preview:-1\" \/>\n<meta property=\"og:locale\" content=\"lv_LV\" \/>\n<meta property=\"og:type\" content=\"article\" \/>\n<meta property=\"og:title\" content=\"Saccharomyces Boulardii 250 mg - Puhdas+\" \/>\n<meta property=\"og:description\" content=\"Saccharomyces boulardii 250 mg \u2013 efekt\u012bvs probiotiskais raugs, kas uztur zarnu mikrofloras l\u012bdzsvaru, atbalsta gremo\u0161anu un pal\u012bdz stiprin\u0101t imunit\u0101ti.\" \/>\n<meta property=\"og:url\" content=\"https:\/\/test.puhdasplus.ee\/lv\/tooted\/ipasie-piedavajumi\/saccharomyces-boulardii-250-mg\/\" \/>\n<meta property=\"og:site_name\" content=\"Puhdas+\" \/>\n<meta property=\"article:publisher\" content=\"https:\/\/www.facebook.com\/puhdasplus\" \/>\n<meta property=\"article:modified_time\" content=\"2026-03-10T12:38:15+00:00\" \/>\n<meta property=\"og:image\" content=\"https:\/\/test.puhdasplus.ee\/wp-content\/uploads\/2019\/12\/4-scaled.jpg\" \/>\n\t<meta property=\"og:image:width\" content=\"1862\" \/>\n\t<meta property=\"og:image:height\" content=\"2560\" \/>\n\t<meta property=\"og:image:type\" content=\"image\/jpeg\" \/>\n<meta name=\"twitter:card\" content=\"summary_large_image\" \/>\n<meta name=\"twitter:label1\" content=\"Est. reading time\" \/>\n\t<meta name=\"twitter:data1\" content=\"1 minute\" \/>\n<script type=\"application\/ld+json\" class=\"yoast-schema-graph\">{\"@context\":\"https:\/\/schema.org\",\"@graph\":[{\"@type\":\"WebPage\",\"@id\":\"https:\/\/test.puhdasplus.ee\/lv\/tooted\/ipasie-piedavajumi\/saccharomyces-boulardii-250-mg\/\",\"url\":\"https:\/\/test.puhdasplus.ee\/lv\/tooted\/ipasie-piedavajumi\/saccharomyces-boulardii-250-mg\/\",\"name\":\"Saccharomyces Boulardii 250 mg - Puhdas+\",\"isPartOf\":{\"@id\":\"https:\/\/test.puhdasplus.ee\/lv\/#website\"},\"primaryImageOfPage\":{\"@id\":\"https:\/\/test.puhdasplus.ee\/lv\/tooted\/ipasie-piedavajumi\/saccharomyces-boulardii-250-mg\/#primaryimage\"},\"image\":{\"@id\":\"https:\/\/test.puhdasplus.ee\/lv\/tooted\/ipasie-piedavajumi\/saccharomyces-boulardii-250-mg\/#primaryimage\"},\"thumbnailUrl\":\"https:\/\/test.puhdasplus.ee\/wp-content\/uploads\/2019\/12\/4-scaled.jpg\",\"datePublished\":\"2019-12-05T21:50:44+00:00\",\"dateModified\":\"2026-03-10T12:38:15+00:00\",\"description\":\"Saccharomyces boulardii 250 mg \u2013 efekt\u012bvs probiotiskais raugs, kas uztur zarnu mikrofloras l\u012bdzsvaru, atbalsta gremo\u0161anu un pal\u012bdz stiprin\u0101t imunit\u0101ti.\",\"breadcrumb\":{\"@id\":\"https:\/\/test.puhdasplus.ee\/lv\/tooted\/ipasie-piedavajumi\/saccharomyces-boulardii-250-mg\/#breadcrumb\"},\"inLanguage\":\"lv-LV\",\"potentialAction\":[{\"@type\":\"ReadAction\",\"target\":[\"https:\/\/test.puhdasplus.ee\/lv\/tooted\/ipasie-piedavajumi\/saccharomyces-boulardii-250-mg\/\"]}]},{\"@type\":\"ImageObject\",\"inLanguage\":\"lv-LV\",\"@id\":\"https:\/\/test.puhdasplus.ee\/lv\/tooted\/ipasie-piedavajumi\/saccharomyces-boulardii-250-mg\/#primaryimage\",\"url\":\"https:\/\/test.puhdasplus.ee\/wp-content\/uploads\/2019\/12\/4-scaled.jpg\",\"contentUrl\":\"https:\/\/test.puhdasplus.ee\/wp-content\/uploads\/2019\/12\/4-scaled.jpg\",\"width\":1862,\"height\":2560,\"caption\":\"Saccharomyces boulardii 250 mg\"},{\"@type\":\"BreadcrumbList\",\"@id\":\"https:\/\/test.puhdasplus.ee\/lv\/tooted\/ipasie-piedavajumi\/saccharomyces-boulardii-250-mg\/#breadcrumb\",\"itemListElement\":[{\"@type\":\"ListItem\",\"position\":1,\"name\":\"S\u0101kums\",\"item\":\"https:\/\/test.puhdasplus.ee\/lv\/\"},{\"@type\":\"ListItem\",\"position\":2,\"name\":\"Produkti\",\"item\":\"https:\/\/test.puhdasplus.ee\/lv\/veikals\/\"},{\"@type\":\"ListItem\",\"position\":3,\"name\":\"Saccharomyces Boulardii 250 mg\"}]},{\"@type\":\"WebSite\",\"@id\":\"https:\/\/test.puhdasplus.ee\/lv\/#website\",\"url\":\"https:\/\/test.puhdasplus.ee\/lv\/\",\"name\":\"Puhdas+\",\"description\":\"Vitamiinid, Toidulisandid, looduskosmeetika, tervis, sport\",\"publisher\":{\"@id\":\"https:\/\/test.puhdasplus.ee\/lv\/#organization\"},\"potentialAction\":[{\"@type\":\"SearchAction\",\"target\":{\"@type\":\"EntryPoint\",\"urlTemplate\":\"https:\/\/test.puhdasplus.ee\/lv\/?s={search_term_string}\"},\"query-input\":{\"@type\":\"PropertyValueSpecification\",\"valueRequired\":true,\"valueName\":\"search_term_string\"}}],\"inLanguage\":\"lv-LV\"},{\"@type\":\"Organization\",\"@id\":\"https:\/\/test.puhdasplus.ee\/lv\/#organization\",\"name\":\"Puhdas+\",\"alternateName\":\"Puhdasplus\",\"url\":\"https:\/\/test.puhdasplus.ee\/lv\/\",\"logo\":{\"@type\":\"ImageObject\",\"inLanguage\":\"lv-LV\",\"@id\":\"https:\/\/test.puhdasplus.ee\/lv\/#\/schema\/logo\/image\/\",\"url\":\"https:\/\/test.puhdasplus.ee\/\/wp-content\/uploads\/2019\/10\/puhdas_logo-arvele.png\",\"contentUrl\":\"https:\/\/test.puhdasplus.ee\/\/wp-content\/uploads\/2019\/10\/puhdas_logo-arvele.png\",\"width\":114,\"height\":94,\"caption\":\"Puhdas+\"},\"image\":{\"@id\":\"https:\/\/test.puhdasplus.ee\/lv\/#\/schema\/logo\/image\/\"},\"sameAs\":[\"https:\/\/www.facebook.com\/puhdasplus\",\"https:\/\/www.instagram.com\/puhdasplus_ee\/\"]}]}<\/script>\n<!-- \/ Yoast SEO plugin. -->","yoast_head_json":{"title":"Saccharomyces Boulardii 250 mg - Puhdas+","description":"Saccharomyces boulardii 250 mg \u2013 efekt\u012bvs probiotiskais raugs, kas uztur zarnu mikrofloras l\u012bdzsvaru, atbalsta gremo\u0161anu un pal\u012bdz stiprin\u0101t imunit\u0101ti.","robots":{"index":"noindex","follow":"follow","max-snippet":"max-snippet:-1","max-image-preview":"max-image-preview:large","max-video-preview":"max-video-preview:-1"},"og_locale":"lv_LV","og_type":"article","og_title":"Saccharomyces Boulardii 250 mg - Puhdas+","og_description":"Saccharomyces boulardii 250 mg \u2013 efekt\u012bvs probiotiskais raugs, kas uztur zarnu mikrofloras l\u012bdzsvaru, atbalsta gremo\u0161anu un pal\u012bdz stiprin\u0101t imunit\u0101ti.","og_url":"https:\/\/test.puhdasplus.ee\/lv\/tooted\/ipasie-piedavajumi\/saccharomyces-boulardii-250-mg\/","og_site_name":"Puhdas+","article_publisher":"https:\/\/www.facebook.com\/puhdasplus","article_modified_time":"2026-03-10T12:38:15+00:00","og_image":[{"width":1862,"height":2560,"url":"https:\/\/test.puhdasplus.ee\/wp-content\/uploads\/2019\/12\/4-scaled.jpg","type":"image\/jpeg"}],"twitter_card":"summary_large_image","twitter_misc":{"Est. reading time":"1 minute"},"schema":{"@context":"https:\/\/schema.org","@graph":[{"@type":"WebPage","@id":"https:\/\/test.puhdasplus.ee\/lv\/tooted\/ipasie-piedavajumi\/saccharomyces-boulardii-250-mg\/","url":"https:\/\/test.puhdasplus.ee\/lv\/tooted\/ipasie-piedavajumi\/saccharomyces-boulardii-250-mg\/","name":"Saccharomyces Boulardii 250 mg - Puhdas+","isPartOf":{"@id":"https:\/\/test.puhdasplus.ee\/lv\/#website"},"primaryImageOfPage":{"@id":"https:\/\/test.puhdasplus.ee\/lv\/tooted\/ipasie-piedavajumi\/saccharomyces-boulardii-250-mg\/#primaryimage"},"image":{"@id":"https:\/\/test.puhdasplus.ee\/lv\/tooted\/ipasie-piedavajumi\/saccharomyces-boulardii-250-mg\/#primaryimage"},"thumbnailUrl":"https:\/\/test.puhdasplus.ee\/wp-content\/uploads\/2019\/12\/4-scaled.jpg","datePublished":"2019-12-05T21:50:44+00:00","dateModified":"2026-03-10T12:38:15+00:00","description":"Saccharomyces boulardii 250 mg \u2013 efekt\u012bvs probiotiskais raugs, kas uztur zarnu mikrofloras l\u012bdzsvaru, atbalsta gremo\u0161anu un pal\u012bdz stiprin\u0101t imunit\u0101ti.","breadcrumb":{"@id":"https:\/\/test.puhdasplus.ee\/lv\/tooted\/ipasie-piedavajumi\/saccharomyces-boulardii-250-mg\/#breadcrumb"},"inLanguage":"lv-LV","potentialAction":[{"@type":"ReadAction","target":["https:\/\/test.puhdasplus.ee\/lv\/tooted\/ipasie-piedavajumi\/saccharomyces-boulardii-250-mg\/"]}]},{"@type":"ImageObject","inLanguage":"lv-LV","@id":"https:\/\/test.puhdasplus.ee\/lv\/tooted\/ipasie-piedavajumi\/saccharomyces-boulardii-250-mg\/#primaryimage","url":"https:\/\/test.puhdasplus.ee\/wp-content\/uploads\/2019\/12\/4-scaled.jpg","contentUrl":"https:\/\/test.puhdasplus.ee\/wp-content\/uploads\/2019\/12\/4-scaled.jpg","width":1862,"height":2560,"caption":"Saccharomyces boulardii 250 mg"},{"@type":"BreadcrumbList","@id":"https:\/\/test.puhdasplus.ee\/lv\/tooted\/ipasie-piedavajumi\/saccharomyces-boulardii-250-mg\/#breadcrumb","itemListElement":[{"@type":"ListItem","position":1,"name":"S\u0101kums","item":"https:\/\/test.puhdasplus.ee\/lv\/"},{"@type":"ListItem","position":2,"name":"Produkti","item":"https:\/\/test.puhdasplus.ee\/lv\/veikals\/"},{"@type":"ListItem","position":3,"name":"Saccharomyces Boulardii 250 mg"}]},{"@type":"WebSite","@id":"https:\/\/test.puhdasplus.ee\/lv\/#website","url":"https:\/\/test.puhdasplus.ee\/lv\/","name":"Puhdas+","description":"Vitamiinid, Toidulisandid, looduskosmeetika, tervis, sport","publisher":{"@id":"https:\/\/test.puhdasplus.ee\/lv\/#organization"},"potentialAction":[{"@type":"SearchAction","target":{"@type":"EntryPoint","urlTemplate":"https:\/\/test.puhdasplus.ee\/lv\/?s={search_term_string}"},"query-input":{"@type":"PropertyValueSpecification","valueRequired":true,"valueName":"search_term_string"}}],"inLanguage":"lv-LV"},{"@type":"Organization","@id":"https:\/\/test.puhdasplus.ee\/lv\/#organization","name":"Puhdas+","alternateName":"Puhdasplus","url":"https:\/\/test.puhdasplus.ee\/lv\/","logo":{"@type":"ImageObject","inLanguage":"lv-LV","@id":"https:\/\/test.puhdasplus.ee\/lv\/#\/schema\/logo\/image\/","url":"https:\/\/test.puhdasplus.ee\/\/wp-content\/uploads\/2019\/10\/puhdas_logo-arvele.png","contentUrl":"https:\/\/test.puhdasplus.ee\/\/wp-content\/uploads\/2019\/10\/puhdas_logo-arvele.png","width":114,"height":94,"caption":"Puhdas+"},"image":{"@id":"https:\/\/test.puhdasplus.ee\/lv\/#\/schema\/logo\/image\/"},"sameAs":["https:\/\/www.facebook.com\/puhdasplus","https:\/\/www.instagram.com\/puhdasplus_ee\/"]}]}},"_links":{"self":[{"href":"https:\/\/test.puhdasplus.ee\/lv\/wp-json\/wp\/v2\/product\/353240","targetHints":{"allow":["GET"]}}],"collection":[{"href":"https:\/\/test.puhdasplus.ee\/lv\/wp-json\/wp\/v2\/product"}],"about":[{"href":"https:\/\/test.puhdasplus.ee\/lv\/wp-json\/wp\/v2\/types\/product"}],"replies":[{"embeddable":true,"href":"https:\/\/test.puhdasplus.ee\/lv\/wp-json\/wp\/v2\/comments?post=353240"}],"wp:featuredmedia":[{"embeddable":true,"href":"https:\/\/test.puhdasplus.ee\/lv\/wp-json\/wp\/v2\/media\/353782"}],"wp:attachment":[{"href":"https:\/\/test.puhdasplus.ee\/lv\/wp-json\/wp\/v2\/media?parent=353240"}],"wp:term":[{"taxonomy":"product_brand","embeddable":true,"href":"https:\/\/test.puhdasplus.ee\/lv\/wp-json\/wp\/v2\/product_brand?post=353240"},{"taxonomy":"product_cat","embeddable":true,"href":"https:\/\/test.puhdasplus.ee\/lv\/wp-json\/wp\/v2\/product_cat?post=353240"},{"taxonomy":"product_tag","embeddable":true,"href":"https:\/\/test.puhdasplus.ee\/lv\/wp-json\/wp\/v2\/product_tag?post=353240"}],"curies":[{"name":"wp","href":"https:\/\/api.w.org\/{rel}","templated":true}]}}