{"id":353222,"date":"2019-12-06T00:17:18","date_gmt":"2019-12-05T22:17:18","guid":{"rendered":"https:\/\/test.puhdasplus.ee\/\/tooted\/uncategorized\/abolu-pektins-150-g\/"},"modified":"2026-03-10T14:39:06","modified_gmt":"2026-03-10T12:39:06","slug":"abolu-pektins-150-g","status":"publish","type":"product","link":"https:\/\/test.puhdasplus.ee\/lv\/tooted\/ipasie-piedavajumi\/abolu-pektins-150-g\/","title":{"rendered":"\u0100bolu pekt\u012bns 150 g"},"content":{"rendered":"<h2 data-start=\"228\" data-end=\"251\">Kas ir \u0101bolu pekt\u012bns?<\/h2>\n<p data-start=\"137\" data-end=\"420\">\u0100bolu pekt\u012bns ir \u016bden\u012b \u0161\u0137\u012bsto\u0161a \u0161\u0137iedra, kas dabiski ieg\u016bta no \u0101boliem. Tas ir dab\u012bgs og\u013chidr\u0101ts, kas pieder pie polisahar\u012bdiem un kam piem\u012bt \u017eelejveida \u012bpa\u0161\u012bbas. Pekt\u012bns, sajaucot ar \u016bdeni, veido \u017eeleju un ir labs papildu \u0161\u0137iedrvielu avots ikdienas uztur\u0101.  <\/p>\n<p data-start=\"422\" data-end=\"644\">Pure+ \u0101bolu pekt\u012bns ir ra\u017eots no 100% t\u012br\u0101m sast\u0101vda\u013c\u0101m, bez piedev\u0101m, pildviel\u0101m vai m\u0101ksl\u012bgiem konservantiem. Tas ir piem\u0113rots veg\u0101niem un tiem, kas mekl\u0113 \u0161\u0137iedrvielu avotu bez glut\u0113na un laktozes. <\/p>\n<h2 data-start=\"1005\" data-end=\"1037\">K\u0101p\u0113c \u0101bolu pekt\u012bns ir noder\u012bgs?<\/h2>\n<h3 data-start=\"1039\" data-end=\"1072\">1. Dienas \u0161\u0137iedrvielu avots<\/h3>\n<p class=\"\" data-start=\"1073\" data-end=\"1327\">\u0100bolu pekt\u012bns ir koncentr\u0113ta \u0161\u0137\u012bsto\u0161\u0101 \u0161\u0137iedra, kas pal\u012bdz palielin\u0101t \u0161\u0137iedrvielu uz\u0146em\u0161anu k\u0101 da\u013cu no sabalans\u0113ta uztura.<\/p>\n<h3 data-start=\"1329\" data-end=\"1370\">2. \u017delejveida \u012bpa\u0161\u012bbas<\/h3>\n<p class=\"\" data-start=\"1371\" data-end=\"1653\">Pekt\u012bns sajaucas ar \u016bdeni un veido \u017eeleju, padarot to par \u0113rtu piedevu da\u017e\u0101diem dz\u0113rieniem vai koktei\u013ciem.<\/p>\n<h3 data-start=\"1655\" data-end=\"1688\">3. T\u012brs sast\u0101vs<\/h3>\n<p class=\"\" data-start=\"1689\" data-end=\"1867\">\u0100bolu pekt\u012bns ir 100% dab\u012bgs, bez m\u0101ksl\u012bg\u0101m piedev\u0101m vai konservantiem.<\/p>\n<h3>4. Piem\u0113rots da\u017e\u0101d\u0101m di\u0113t\u0101m<\/h3>\n<p class=\"\" data-start=\"1900\" data-end=\"2094\">Nesatur laktozi, glut\u0113nu vai raugu, un ir piem\u0113rots ar\u012b veg\u0101niem un ve\u0123et\u0101rie\u0161iem.<\/p>\n<h2 data-start=\"315\" data-end=\"330\">Sast\u0101vda\u013cas<\/h2>\n<p class=\"\" data-start=\"332\" data-end=\"410\"><span class=\"relative -mx-px my-[-0.2rem] rounded px-px py-[0.2rem] transition-colors duration-100 ease-in-out\">100% \u0101bolu pekt\u012bns.<\/span><\/p>\n<p class=\"\" data-start=\"412\" data-end=\"530\"><span class=\"relative -mx-px my-[-0.2rem] rounded px-px py-[0.2rem] transition-colors duration-100 ease-in-out\">Produkts nesatur laktozi, raugu, glut\u0113nu, s\u0101li, kukur\u016bzu, soju vai saldin\u0101t\u0101jus.<\/span> <span class=\"relative -mx-px my-[-0.2rem] rounded px-px py-[0.2rem] transition-colors duration-100 ease-in-out\">Piem\u0113rots ve\u0123et\u0101rie\u0161iem.<\/span><\/p>\n<h2 data-start=\"532\" data-end=\"548\">Uzturv\u0113rt\u012bba<\/h2>\n<p class=\"\" data-start=\"550\" data-end=\"644\">Ieteicam\u0101 dienas deva (1\/3 t\u0113jkarotes) satur:<\/p>\n<ul data-start=\"646\" data-end=\"705\">\n<li class=\"\" data-start=\"646\" data-end=\"705\">\n<p class=\"\" data-start=\"648\" data-end=\"705\">\u0100bolu pekt\u012bns: 1,5 g<\/p>\n<\/li>\n<\/ul>\n<h2 data-start=\"707\" data-end=\"721\">Lietojums<\/h2>\n<p class=\"\" data-start=\"2117\" data-end=\"2144\">Ieteicam\u0101 dienas deva:<\/p>\n<ul data-start=\"2145\" data-end=\"2290\">\n<li class=\"\" data-start=\"2145\" data-end=\"2201\">\n<p class=\"\" data-start=\"2147\" data-end=\"2201\">Pieaugu\u0161ajiem 1\/3 t\u0113jkarotes (aptuveni 1,5 g) dien\u0101.<\/p>\n<\/li>\n<li class=\"\" data-start=\"2202\" data-end=\"2245\">\n<p class=\"\" data-start=\"2204\" data-end=\"2245\">Sajauciet ar \u016bdeni, sulu vai pievienojiet sm\u016btijiem.<\/p>\n<\/li>\n<li class=\"\" data-start=\"2246\" data-end=\"2290\">\n<p class=\"\" data-start=\"2248\" data-end=\"2290\">Ieteicams lietot 30 min\u016btes pirms \u0113\u0161anas.<\/p>\n<\/li>\n<\/ul>\n<p class=\"\" data-start=\"2292\" data-end=\"2446\">Ieteicams da\u017e\u0101dot \u0161\u0137iedrvielu uz\u0146em\u0161anu. Pekt\u012bnu var lietot pa da\u013c\u0101m, p\u0101rmai\u0146us ar citiem \u0161\u0137iedrvielu avotiem, piem\u0113ram, psyllium vai ak\u0101cijas \u0161\u0137iedrviel\u0101m. <\/p>\n<h2 data-start=\"923\" data-end=\"939\">Svar\u012bga inform\u0101cija<\/h2>\n<ul data-start=\"941\" data-end=\"1147\">\n<li class=\"\" data-start=\"941\" data-end=\"982\">\n<p class=\"\" data-start=\"943\" data-end=\"982\"><span class=\"relative -mx-px my-[-0.2rem] rounded px-px py-[0.2rem] transition-colors duration-100 ease-in-out\">Nep\u0101rsniedziet ieteicamo dienas devu.<\/span><\/p>\n<\/li>\n<li class=\"\" data-start=\"983\" data-end=\"1024\">\n<p class=\"\" data-start=\"985\" data-end=\"1024\"><span class=\"relative -mx-px my-[-0.2rem] rounded px-px py-[0.2rem] transition-colors duration-100 ease-in-out\">Uztura bag\u0101tin\u0101t\u0101js neaizst\u0101j daudzveid\u012bgu un sabalans\u0113tu uzturu vai vesel\u012bgu dz\u012bvesveidu.<\/span><\/p>\n<\/li>\n<li class=\"\" data-start=\"1025\" data-end=\"1066\">\n<p class=\"\" data-start=\"1027\" data-end=\"1066\"><span class=\"relative -mx-px my-[-0.2rem] rounded px-px py-[0.2rem] transition-colors duration-100 ease-in-out\">Sarg\u0101t no b\u0113rniem.<\/span><\/p>\n<\/li>\n<li class=\"\" data-start=\"1067\" data-end=\"1147\">\n<p class=\"\" data-start=\"1069\" data-end=\"1147\"><span class=\"relative -mx-px my-[-0.2rem] rounded px-px py-[0.2rem] transition-colors duration-100 ease-in-out\">Uzglab\u0101t saus\u0101 un v\u0113s\u0101 viet\u0101, ori\u0123in\u0101laj\u0101 iepakojum\u0101.<\/span><\/p>\n<\/li>\n<\/ul>\n","protected":false},"excerpt":{"rendered":"<p data-start=\"392\" data-end=\"778\"><strong data-start=\"392\" data-end=\"487\">Pure+ \u0101bolu pekt\u012bns ir dabisks un vienk\u0101r\u0161s veids, k\u0101 palielin\u0101t ikdienas \u0161\u0137iedrvielu uz\u0146em\u0161anu.<\/strong>  \u0100bolu pekt\u012bns ir \u016bden\u012b \u0161\u0137\u012bsto\u0161a \u0161\u0137iedrviela, ko ieg\u016bst no \u0101boliem un kurai piem\u012bt \u012bpa\u0161\u012bba, sajaucoties ar \u0161\u0137idrumu, veidot g\u0113lveida masu. Pateicoties tam, tas ir lieliski piem\u0113rots pievieno\u0161anai sm\u016btijiem, sul\u0101m vai vienk\u0101r\u0161i sajauk\u0161anai ar \u016bdeni, padarot ikdienas \u0161\u0137iedrvielu uz\u0146em\u0161anu \u0113rtu un dabisku.<\/p>\n<p data-start=\"780\" data-end=\"1102\">\u0100bolu pekt\u012bns tiek augstu v\u0113rt\u0113ts <strong data-start=\"808\" data-end=\"851\">t\u0101 maig\u0101 iedarb\u012bbas un dabisk\u0101s izcelsmes d\u0113\u013c<\/strong> . Tas ir 100% t\u012brs \u0161\u0137iedrvielu avots, kas nesatur m\u0101ksl\u012bgas piedevas, glut\u0113nu, laktozi, raugu vai kukur\u016bzu. Tas padara to piem\u0113rotu cilv\u0113kiem ar jut\u012bgu gremo\u0161anu un tiem, kas v\u0113las palielin\u0101t augu \u0161\u0137iedrvielu daudzumu sav\u0101 uztur\u0101.  <\/p>\n<p data-start=\"1104\" data-end=\"1383\"><strong data-start=\"1104\" data-end=\"1146\">\u0100bolu pekt\u012bns bag\u0101tina ikdienas \u0113dienkarti<\/strong> un ir ide\u0101la izv\u0113le ikvienam, kas mekl\u0113 vienk\u0101r\u0161u, no t\u012briem avotiem ieg\u016btu, veg\u0101niem draudz\u012bgu uztura bag\u0101tin\u0101t\u0101ju. Regul\u0101ra lieto\u0161ana pal\u012bdz da\u017e\u0101dot \u0161\u0137iedrvielu uz\u0146em\u0161anu un atbalst\u012bt sabalans\u0113tu un vesel\u012bgu dz\u012bvesveidu. <\/p>\n","protected":false},"featured_media":353227,"comment_status":"closed","ping_status":"closed","template":"","meta":{"_acf_changed":false},"product_brand":[],"product_cat":[3344,3067],"product_tag":[6404,3348,3347,3878,4890,6405],"class_list":{"0":"post-353222","1":"product","2":"type-product","3":"status-publish","4":"has-post-thumbnail","6":"product_cat-gremosana-un-vielmaina","7":"product_cat-ipasie-piedavajumi","8":"product_tag-abolu-pektins","9":"product_tag-bez-glutena","10":"product_tag-bez-laktozes","11":"product_tag-gremosana-un-vielmaina","12":"product_tag-skiedra-lv","13":"product_tag-zarnas","15":"first","16":"instock","17":"sale","18":"taxable","19":"shipping-taxable","20":"purchasable","21":"product-type-simple"},"acf":[],"yoast_head":"<!-- This site is optimized with the Yoast SEO plugin v27.1.1 - https:\/\/yoast.com\/product\/yoast-seo-wordpress\/ -->\n<title>\u0100bolu pekt\u012bns 150 g - Puhdas+<\/title>\n<meta name=\"description\" content=\"\u0100bolu pekt\u012bns 150 g \u2013 dab\u012bgas \u0161\u0137iedrvielas, kas ieg\u016btas no \u0101boliem, gremo\u0161anas atbalstam. Bez glut\u0113na, bez piedev\u0101m un piem\u0113rots ve\u0123et\u0101rie\u0161iem.\" \/>\n<meta name=\"robots\" content=\"noindex, follow, max-snippet:-1, max-image-preview:large, max-video-preview:-1\" \/>\n<meta property=\"og:locale\" content=\"lv_LV\" \/>\n<meta property=\"og:type\" content=\"article\" \/>\n<meta property=\"og:title\" content=\"\u0100bolu pekt\u012bns 150 g - Puhdas+\" \/>\n<meta property=\"og:description\" content=\"\u0100bolu pekt\u012bns 150 g \u2013 dab\u012bgas \u0161\u0137iedrvielas, kas ieg\u016btas no \u0101boliem, gremo\u0161anas atbalstam. Bez glut\u0113na, bez piedev\u0101m un piem\u0113rots ve\u0123et\u0101rie\u0161iem.\" \/>\n<meta property=\"og:url\" content=\"https:\/\/test.puhdasplus.ee\/lv\/tooted\/ipasie-piedavajumi\/abolu-pektins-150-g\/\" \/>\n<meta property=\"og:site_name\" content=\"Puhdas+\" \/>\n<meta property=\"article:publisher\" content=\"https:\/\/www.facebook.com\/puhdasplus\" \/>\n<meta property=\"article:modified_time\" content=\"2026-03-10T12:39:06+00:00\" \/>\n<meta property=\"og:image\" content=\"https:\/\/test.puhdasplus.ee\/wp-content\/uploads\/2025\/03\/19.jpg\" \/>\n\t<meta property=\"og:image:width\" content=\"1862\" \/>\n\t<meta property=\"og:image:height\" content=\"2560\" \/>\n\t<meta property=\"og:image:type\" content=\"image\/jpeg\" \/>\n<meta name=\"twitter:card\" content=\"summary_large_image\" \/>\n<meta name=\"twitter:label1\" content=\"Est. reading time\" \/>\n\t<meta name=\"twitter:data1\" content=\"2 min\u016btes\" \/>\n<script type=\"application\/ld+json\" class=\"yoast-schema-graph\">{\"@context\":\"https:\/\/schema.org\",\"@graph\":[{\"@type\":\"WebPage\",\"@id\":\"https:\/\/test.puhdasplus.ee\/lv\/tooted\/ipasie-piedavajumi\/abolu-pektins-150-g\/\",\"url\":\"https:\/\/test.puhdasplus.ee\/lv\/tooted\/ipasie-piedavajumi\/abolu-pektins-150-g\/\",\"name\":\"\u0100bolu pekt\u012bns 150 g - Puhdas+\",\"isPartOf\":{\"@id\":\"https:\/\/test.puhdasplus.ee\/lv\/#website\"},\"primaryImageOfPage\":{\"@id\":\"https:\/\/test.puhdasplus.ee\/lv\/tooted\/ipasie-piedavajumi\/abolu-pektins-150-g\/#primaryimage\"},\"image\":{\"@id\":\"https:\/\/test.puhdasplus.ee\/lv\/tooted\/ipasie-piedavajumi\/abolu-pektins-150-g\/#primaryimage\"},\"thumbnailUrl\":\"https:\/\/test.puhdasplus.ee\/wp-content\/uploads\/2025\/03\/19.jpg\",\"datePublished\":\"2019-12-05T22:17:18+00:00\",\"dateModified\":\"2026-03-10T12:39:06+00:00\",\"description\":\"\u0100bolu pekt\u012bns 150 g \u2013 dab\u012bgas \u0161\u0137iedrvielas, kas ieg\u016btas no \u0101boliem, gremo\u0161anas atbalstam. Bez glut\u0113na, bez piedev\u0101m un piem\u0113rots ve\u0123et\u0101rie\u0161iem.\",\"breadcrumb\":{\"@id\":\"https:\/\/test.puhdasplus.ee\/lv\/tooted\/ipasie-piedavajumi\/abolu-pektins-150-g\/#breadcrumb\"},\"inLanguage\":\"lv-LV\",\"potentialAction\":[{\"@type\":\"ReadAction\",\"target\":[\"https:\/\/test.puhdasplus.ee\/lv\/tooted\/ipasie-piedavajumi\/abolu-pektins-150-g\/\"]}]},{\"@type\":\"ImageObject\",\"inLanguage\":\"lv-LV\",\"@id\":\"https:\/\/test.puhdasplus.ee\/lv\/tooted\/ipasie-piedavajumi\/abolu-pektins-150-g\/#primaryimage\",\"url\":\"https:\/\/test.puhdasplus.ee\/wp-content\/uploads\/2025\/03\/19.jpg\",\"contentUrl\":\"https:\/\/test.puhdasplus.ee\/wp-content\/uploads\/2025\/03\/19.jpg\",\"width\":1862,\"height\":2560,\"caption\":\"\u0100bolu pekt\u012bns 150 g\"},{\"@type\":\"BreadcrumbList\",\"@id\":\"https:\/\/test.puhdasplus.ee\/lv\/tooted\/ipasie-piedavajumi\/abolu-pektins-150-g\/#breadcrumb\",\"itemListElement\":[{\"@type\":\"ListItem\",\"position\":1,\"name\":\"S\u0101kums\",\"item\":\"https:\/\/test.puhdasplus.ee\/lv\/\"},{\"@type\":\"ListItem\",\"position\":2,\"name\":\"Produkti\",\"item\":\"https:\/\/test.puhdasplus.ee\/lv\/veikals\/\"},{\"@type\":\"ListItem\",\"position\":3,\"name\":\"\u0100bolu pekt\u012bns 150 g\"}]},{\"@type\":\"WebSite\",\"@id\":\"https:\/\/test.puhdasplus.ee\/lv\/#website\",\"url\":\"https:\/\/test.puhdasplus.ee\/lv\/\",\"name\":\"Puhdas+\",\"description\":\"Vitamiinid, Toidulisandid, looduskosmeetika, tervis, sport\",\"publisher\":{\"@id\":\"https:\/\/test.puhdasplus.ee\/lv\/#organization\"},\"potentialAction\":[{\"@type\":\"SearchAction\",\"target\":{\"@type\":\"EntryPoint\",\"urlTemplate\":\"https:\/\/test.puhdasplus.ee\/lv\/?s={search_term_string}\"},\"query-input\":{\"@type\":\"PropertyValueSpecification\",\"valueRequired\":true,\"valueName\":\"search_term_string\"}}],\"inLanguage\":\"lv-LV\"},{\"@type\":\"Organization\",\"@id\":\"https:\/\/test.puhdasplus.ee\/lv\/#organization\",\"name\":\"Puhdas+\",\"alternateName\":\"Puhdasplus\",\"url\":\"https:\/\/test.puhdasplus.ee\/lv\/\",\"logo\":{\"@type\":\"ImageObject\",\"inLanguage\":\"lv-LV\",\"@id\":\"https:\/\/test.puhdasplus.ee\/lv\/#\/schema\/logo\/image\/\",\"url\":\"https:\/\/test.puhdasplus.ee\/\/wp-content\/uploads\/2019\/10\/puhdas_logo-arvele.png\",\"contentUrl\":\"https:\/\/test.puhdasplus.ee\/\/wp-content\/uploads\/2019\/10\/puhdas_logo-arvele.png\",\"width\":114,\"height\":94,\"caption\":\"Puhdas+\"},\"image\":{\"@id\":\"https:\/\/test.puhdasplus.ee\/lv\/#\/schema\/logo\/image\/\"},\"sameAs\":[\"https:\/\/www.facebook.com\/puhdasplus\",\"https:\/\/www.instagram.com\/puhdasplus_ee\/\"]}]}<\/script>\n<!-- \/ Yoast SEO plugin. -->","yoast_head_json":{"title":"\u0100bolu pekt\u012bns 150 g - Puhdas+","description":"\u0100bolu pekt\u012bns 150 g \u2013 dab\u012bgas \u0161\u0137iedrvielas, kas ieg\u016btas no \u0101boliem, gremo\u0161anas atbalstam. Bez glut\u0113na, bez piedev\u0101m un piem\u0113rots ve\u0123et\u0101rie\u0161iem.","robots":{"index":"noindex","follow":"follow","max-snippet":"max-snippet:-1","max-image-preview":"max-image-preview:large","max-video-preview":"max-video-preview:-1"},"og_locale":"lv_LV","og_type":"article","og_title":"\u0100bolu pekt\u012bns 150 g - Puhdas+","og_description":"\u0100bolu pekt\u012bns 150 g \u2013 dab\u012bgas \u0161\u0137iedrvielas, kas ieg\u016btas no \u0101boliem, gremo\u0161anas atbalstam. Bez glut\u0113na, bez piedev\u0101m un piem\u0113rots ve\u0123et\u0101rie\u0161iem.","og_url":"https:\/\/test.puhdasplus.ee\/lv\/tooted\/ipasie-piedavajumi\/abolu-pektins-150-g\/","og_site_name":"Puhdas+","article_publisher":"https:\/\/www.facebook.com\/puhdasplus","article_modified_time":"2026-03-10T12:39:06+00:00","og_image":[{"width":1862,"height":2560,"url":"https:\/\/test.puhdasplus.ee\/wp-content\/uploads\/2025\/03\/19.jpg","type":"image\/jpeg"}],"twitter_card":"summary_large_image","twitter_misc":{"Est. reading time":"2 min\u016btes"},"schema":{"@context":"https:\/\/schema.org","@graph":[{"@type":"WebPage","@id":"https:\/\/test.puhdasplus.ee\/lv\/tooted\/ipasie-piedavajumi\/abolu-pektins-150-g\/","url":"https:\/\/test.puhdasplus.ee\/lv\/tooted\/ipasie-piedavajumi\/abolu-pektins-150-g\/","name":"\u0100bolu pekt\u012bns 150 g - Puhdas+","isPartOf":{"@id":"https:\/\/test.puhdasplus.ee\/lv\/#website"},"primaryImageOfPage":{"@id":"https:\/\/test.puhdasplus.ee\/lv\/tooted\/ipasie-piedavajumi\/abolu-pektins-150-g\/#primaryimage"},"image":{"@id":"https:\/\/test.puhdasplus.ee\/lv\/tooted\/ipasie-piedavajumi\/abolu-pektins-150-g\/#primaryimage"},"thumbnailUrl":"https:\/\/test.puhdasplus.ee\/wp-content\/uploads\/2025\/03\/19.jpg","datePublished":"2019-12-05T22:17:18+00:00","dateModified":"2026-03-10T12:39:06+00:00","description":"\u0100bolu pekt\u012bns 150 g \u2013 dab\u012bgas \u0161\u0137iedrvielas, kas ieg\u016btas no \u0101boliem, gremo\u0161anas atbalstam. Bez glut\u0113na, bez piedev\u0101m un piem\u0113rots ve\u0123et\u0101rie\u0161iem.","breadcrumb":{"@id":"https:\/\/test.puhdasplus.ee\/lv\/tooted\/ipasie-piedavajumi\/abolu-pektins-150-g\/#breadcrumb"},"inLanguage":"lv-LV","potentialAction":[{"@type":"ReadAction","target":["https:\/\/test.puhdasplus.ee\/lv\/tooted\/ipasie-piedavajumi\/abolu-pektins-150-g\/"]}]},{"@type":"ImageObject","inLanguage":"lv-LV","@id":"https:\/\/test.puhdasplus.ee\/lv\/tooted\/ipasie-piedavajumi\/abolu-pektins-150-g\/#primaryimage","url":"https:\/\/test.puhdasplus.ee\/wp-content\/uploads\/2025\/03\/19.jpg","contentUrl":"https:\/\/test.puhdasplus.ee\/wp-content\/uploads\/2025\/03\/19.jpg","width":1862,"height":2560,"caption":"\u0100bolu pekt\u012bns 150 g"},{"@type":"BreadcrumbList","@id":"https:\/\/test.puhdasplus.ee\/lv\/tooted\/ipasie-piedavajumi\/abolu-pektins-150-g\/#breadcrumb","itemListElement":[{"@type":"ListItem","position":1,"name":"S\u0101kums","item":"https:\/\/test.puhdasplus.ee\/lv\/"},{"@type":"ListItem","position":2,"name":"Produkti","item":"https:\/\/test.puhdasplus.ee\/lv\/veikals\/"},{"@type":"ListItem","position":3,"name":"\u0100bolu pekt\u012bns 150 g"}]},{"@type":"WebSite","@id":"https:\/\/test.puhdasplus.ee\/lv\/#website","url":"https:\/\/test.puhdasplus.ee\/lv\/","name":"Puhdas+","description":"Vitamiinid, Toidulisandid, looduskosmeetika, tervis, sport","publisher":{"@id":"https:\/\/test.puhdasplus.ee\/lv\/#organization"},"potentialAction":[{"@type":"SearchAction","target":{"@type":"EntryPoint","urlTemplate":"https:\/\/test.puhdasplus.ee\/lv\/?s={search_term_string}"},"query-input":{"@type":"PropertyValueSpecification","valueRequired":true,"valueName":"search_term_string"}}],"inLanguage":"lv-LV"},{"@type":"Organization","@id":"https:\/\/test.puhdasplus.ee\/lv\/#organization","name":"Puhdas+","alternateName":"Puhdasplus","url":"https:\/\/test.puhdasplus.ee\/lv\/","logo":{"@type":"ImageObject","inLanguage":"lv-LV","@id":"https:\/\/test.puhdasplus.ee\/lv\/#\/schema\/logo\/image\/","url":"https:\/\/test.puhdasplus.ee\/\/wp-content\/uploads\/2019\/10\/puhdas_logo-arvele.png","contentUrl":"https:\/\/test.puhdasplus.ee\/\/wp-content\/uploads\/2019\/10\/puhdas_logo-arvele.png","width":114,"height":94,"caption":"Puhdas+"},"image":{"@id":"https:\/\/test.puhdasplus.ee\/lv\/#\/schema\/logo\/image\/"},"sameAs":["https:\/\/www.facebook.com\/puhdasplus","https:\/\/www.instagram.com\/puhdasplus_ee\/"]}]}},"_links":{"self":[{"href":"https:\/\/test.puhdasplus.ee\/lv\/wp-json\/wp\/v2\/product\/353222","targetHints":{"allow":["GET"]}}],"collection":[{"href":"https:\/\/test.puhdasplus.ee\/lv\/wp-json\/wp\/v2\/product"}],"about":[{"href":"https:\/\/test.puhdasplus.ee\/lv\/wp-json\/wp\/v2\/types\/product"}],"replies":[{"embeddable":true,"href":"https:\/\/test.puhdasplus.ee\/lv\/wp-json\/wp\/v2\/comments?post=353222"}],"wp:featuredmedia":[{"embeddable":true,"href":"https:\/\/test.puhdasplus.ee\/lv\/wp-json\/wp\/v2\/media\/353227"}],"wp:attachment":[{"href":"https:\/\/test.puhdasplus.ee\/lv\/wp-json\/wp\/v2\/media?parent=353222"}],"wp:term":[{"taxonomy":"product_brand","embeddable":true,"href":"https:\/\/test.puhdasplus.ee\/lv\/wp-json\/wp\/v2\/product_brand?post=353222"},{"taxonomy":"product_cat","embeddable":true,"href":"https:\/\/test.puhdasplus.ee\/lv\/wp-json\/wp\/v2\/product_cat?post=353222"},{"taxonomy":"product_tag","embeddable":true,"href":"https:\/\/test.puhdasplus.ee\/lv\/wp-json\/wp\/v2\/product_tag?post=353222"}],"curies":[{"name":"wp","href":"https:\/\/api.w.org\/{rel}","templated":true}]}}