{"id":353199,"date":"2020-04-25T22:28:18","date_gmt":"2020-04-25T19:28:18","guid":{"rendered":"https:\/\/test.puhdasplus.ee\/\/tooted\/uncategorized\/tejas-koka-kermena-mazgasanas-lidzeklis-250-ml\/"},"modified":"2026-03-10T14:39:50","modified_gmt":"2026-03-10T12:39:50","slug":"tejas-koka-kermena-mazgasanas-lidzeklis-250-ml","status":"publish","type":"product","link":"https:\/\/test.puhdasplus.ee\/lv\/tooted\/kosmetika\/tejas-koka-kermena-mazgasanas-lidzeklis-250-ml\/","title":{"rendered":"T\u0113jas koka \u0137erme\u0146a mazg\u0101\u0161anas l\u012bdzeklis 250 ml"},"content":{"rendered":"<p>T\u0113jas koka \u0137erme\u0146a mazg\u0101\u0161anas l\u012bdzeklis ir dabiski antibakteri\u0101ls un l\u012bdzsvarojo\u0161s t\u012br\u012b\u0161anas l\u012bdzeklis, kas pal\u012bdz no\u0146emt lieko e\u013c\u013cu, net\u012brumus un piemais\u012bjumus, atst\u0101jot \u0101du svaigu un t\u012bru. <strong data-start=\"304\" data-end=\"317\">T\u0113jas koka e\u013c\u013ca<\/strong> ir paz\u012bstama ar sav\u0101m <strong data-start=\"332\" data-end=\"383\">pretiekaisuma un antibakteri\u0101laj\u0101m \u012bpa\u0161\u012bb\u0101m<\/strong> , pal\u012bdzot c\u012bn\u012bties pret pinn\u0113m, pump\u0101m un \u0101das kairin\u0101jumu. Maig\u0101, bet efekt\u012bv\u0101 formula neizsausina \u0101du un ir piem\u0113rota ikdienas lieto\u0161anai gan sejai, gan \u0137ermenim. <\/p>\n<p>T\u0113jas koka \u0137erme\u0146a mazg\u0101\u0161anas l\u012bdzeklis ir izstr\u0101d\u0101ts, lai nodro\u0161in\u0101tu maigu un efekt\u012bvu att\u012br\u012b\u0161anu, atst\u0101jot \u0101du svaigu un t\u012bru. T\u0113jas koka e\u013c\u013cas antibakteri\u0101l\u0101s \u012bpa\u0161\u012bbas pal\u012bdz att\u012br\u012bt \u0101du, savuk\u0101rt apels\u012bna mizas ekstrakts pie\u0161\u0137ir atsvaidzino\u0161u arom\u0101tu un baro \u0101du. Glicer\u012bns uztur \u0101du mitrin\u0101tu, padarot to maigu un elast\u012bgu. Piem\u0113rots ikdienas \u0137erme\u0146a att\u012br\u012b\u0161anai visiem \u0101das tipiem. Ide\u0101li piem\u0113rots taukainai, kombin\u0113tai un problem\u0101tiskai \u0101dai.    <\/p>\n<p data-start=\"1336\" data-end=\"1363\"><strong data-start=\"1346\" data-end=\"1361\">Lietojums:<\/strong><\/p>\n<ul data-start=\"1364\" data-end=\"1576\">\n<li data-start=\"1364\" data-end=\"1406\">Vienm\u0113r\u012bgi izsmidziniet uz att\u012br\u012btas \u0101das.<\/li>\n<li data-start=\"1407\" data-end=\"1481\">Viegli iemas\u0113jiet \u0101du, lai att\u012br\u012btu to no net\u012brumiem un liek\u0101s e\u013c\u013cas.<\/li>\n<li data-start=\"1482\" data-end=\"1519\">R\u016bp\u012bgi noskalojiet ar siltu \u016bdeni.<\/li>\n<li data-start=\"1520\" data-end=\"1576\">Piem\u0113rots ikdienas \u0137erme\u0146a att\u012br\u012b\u0161anai un atsvaidzin\u0101\u0161anai.<\/li>\n<\/ul>\n<p data-start=\"515\" data-end=\"557\"><strong data-start=\"522\" data-end=\"555\">Sast\u0101vda\u013cas un to priek\u0161roc\u012bbas:<\/strong><\/p>\n<ul data-start=\"558\" data-end=\"1189\">\n<li data-start=\"558\" data-end=\"708\"><strong data-start=\"560\" data-end=\"605\">Melaleuca Alternifolia (t\u0113jas koka) lapu e\u013c\u013ca:<\/strong> Paz\u012bstama ar sav\u0101m antibakteri\u0101laj\u0101m un nomierino\u0161aj\u0101m \u012bpa\u0161\u012bb\u0101m, t\u0101 pal\u012bdz att\u012br\u012bt un atsvaidzin\u0101t \u0101du.<\/li>\n<li data-start=\"709\" data-end=\"860\"><strong data-start=\"711\" data-end=\"765\">Citrus Aurantium Dulcis (apels\u012bnu mizas ekstrakts):<\/strong> atbalsta \u0101das elast\u012bbu, nodro\u0161ina svaigu citrusaug\u013cu arom\u0101tu un aizsarg\u0101 \u0101du no oksidat\u012bv\u0101 stresa.<\/li>\n<li data-start=\"861\" data-end=\"942\"><strong data-start=\"863\" data-end=\"891\">N\u0101trija kokoilglutam\u0101ts:<\/strong> maigs, dab\u012bgs t\u012br\u012b\u0161anas l\u012bdzeklis, kas neizsausina \u0101du.<\/li>\n<li data-start=\"943\" data-end=\"1034\"><strong data-start=\"945\" data-end=\"972\">Kokamidopropilbeta\u012bns:<\/strong> maiga putojo\u0161a formula, kas maigi no\u0146em net\u012brumus un e\u013c\u013cu.<\/li>\n<li data-start=\"1035\" data-end=\"1099\"><strong data-start=\"1037\" data-end=\"1052\">Glicer\u012bns:<\/strong> mitrina un uztur \u0101du m\u012bkstu un elast\u012bgu.<\/li>\n<li data-start=\"1100\" data-end=\"1189\"><strong data-start=\"1102\" data-end=\"1131\">Citronsk\u0101be:<\/strong> Pal\u012bdz l\u012bdzsvarot \u0101das pH l\u012bmeni un m\u012bkstina \u0101du.<\/li>\n<\/ul>\n<p data-start=\"1196\" data-end=\"1219\"><strong data-start=\"1202\" data-end=\"1217\">Neietver:<\/strong><\/p>\n<p data-start=\"1220\" data-end=\"1329\">\u274c Parab\u0113ni<br data-start=\"1231\" data-end=\"1234\"> \u274c Sulf\u0101ti<br data-start=\"1244\" data-end=\"1247\"> \u274c Miner\u0101le\u013c\u013cas<br data-start=\"1263\" data-end=\"1266\"> \u274c M\u0101ksl\u012bg\u0101s smar\u017evielas<br data-start=\"1290\" data-end=\"1293\"> \u274c Bez dz\u012bvnieku izcelsmes sast\u0101vda\u013c\u0101m (100% veg\u0101ns)<\/p>\n<p data-start=\"1220\" data-end=\"1329\">Uzman\u012bbu: Tikai \u0101r\u012bgai lieto\u0161anai. Izvair\u012bties no saskares ar ac\u012bm. Nelietot iek\u0161\u0137\u012bgi.   Sarg\u0101t no b\u0113rniem.<\/p>\n<p data-start=\"1759\" data-end=\"1784\">Uzglab\u0101\u0161ana: Uzglab\u0101t istabas temperat\u016br\u0101, saus\u0101 viet\u0101 un sarg\u0101t no tie\u0161iem saules stariem.<\/p>\n","protected":false},"excerpt":{"rendered":"<p><strong data-start=\"2578\" data-end=\"2643\">T\u0113jas koka \u0137erme\u0146a mazg\u0101\u0161anas gels 250 ml \u2013 dab\u012bga \u0137erme\u0146a kop\u0161ana un att\u012br\u012b\u0161ana!<\/strong><br data-start=\"2643\" data-end=\"2646\">Att\u012briet un atsvaidziniet savu \u0101du ar dab\u012bgu t\u0113jas koka e\u013c\u013cu un apels\u012bnu ekstraktu. Maigs un efekt\u012bvs \u0137erme\u0146a t\u012br\u012b\u0161anas l\u012bdzeklis, kas neizsausina \u0101du. <\/p>\n","protected":false},"featured_media":357426,"comment_status":"closed","ping_status":"closed","template":"","meta":{"_acf_changed":false},"product_brand":[],"product_cat":[3296,2533],"product_tag":[4458,6378,6372,6379,6376,4485,6389,4469,2549,6381,6385,6373,4462,4466,2622,6383,6374,4465,2974,6375,6387],"class_list":{"0":"post-353199","1":"product","2":"type-product","3":"status-publish","4":"has-post-thumbnail","6":"product_cat-ada-mati-nagi","7":"product_cat-kosmetika","8":"product_tag-aknes-aprupe","9":"product_tag-antibakterials-kermena-mazgasanas-lidzeklis-lv","10":"product_tag-antibakterials-kermena-mazgasanas-lidzeklis","11":"product_tag-apelsinu-ekstrakta-adas-kopsana","12":"product_tag-dabiga-kermena-ella","13":"product_tag-dabigs-kermena-mazgasanas-lidzeklis","14":"product_tag-dabigs-kermena-mazgasanas-lidzeklis-lv-2","15":"product_tag-dabigs-mazgasanas-zeleja","16":"product_tag-dabiska-adas-kopsana","17":"product_tag-kermena-attirisana-ar-eteriskajam-ellam","18":"product_tag-kermena-tirisanas-lidzeklis-ikdienas-lietosanai","19":"product_tag-mitrinosa-un-attirosa","20":"product_tag-pretiekaisuma-aprupe","21":"product_tag-problematiskas-adas-attirisana","22":"product_tag-sebuma-sekrecijas-lidzsvarosana","23":"product_tag-tejas-koka-ella-kermena-attirisanai","24":"product_tag-tejas-koka-kermena-mazgasanas-lidzeklis","25":"product_tag-tejas-koka-mazgasanas-zeleja","26":"product_tag-vegans","27":"product_tag-vegans-kermena-tirisanas-lidzeklis","28":"product_tag-veganu-kermena-ella","30":"first","31":"onbackorder","32":"taxable","33":"shipping-taxable","34":"purchasable","35":"product-type-simple"},"acf":[],"yoast_head":"<!-- This site is optimized with the Yoast SEO plugin v27.1.1 - https:\/\/yoast.com\/product\/yoast-seo-wordpress\/ -->\n<title>T\u0113jas koka \u0137erme\u0146a mazg\u0101\u0161anas l\u012bdzeklis 250 ml - Puhdas+<\/title>\n<meta name=\"description\" content=\"Teepuu \u0137erme\u0146a mazg\u0101\u0161anas l\u012bdzeklis 250 ml dzi\u013ci att\u012bra \u0101du, l\u012bdzsvaro sebuma izdal\u012b\u0161anos un pal\u012bdz mazin\u0101t akni un kairin\u0101jumu. Ide\u0101li piem\u0113rots ikdienas lieto\u0161anai!\" \/>\n<meta name=\"robots\" content=\"noindex, follow, max-snippet:-1, max-image-preview:large, max-video-preview:-1\" \/>\n<meta property=\"og:locale\" content=\"lv_LV\" \/>\n<meta property=\"og:type\" content=\"article\" \/>\n<meta property=\"og:title\" content=\"T\u0113jas koka \u0137erme\u0146a mazg\u0101\u0161anas l\u012bdzeklis 250 ml - Puhdas+\" \/>\n<meta property=\"og:description\" content=\"Teepuu \u0137erme\u0146a mazg\u0101\u0161anas l\u012bdzeklis 250 ml dzi\u013ci att\u012bra \u0101du, l\u012bdzsvaro sebuma izdal\u012b\u0161anos un pal\u012bdz mazin\u0101t akni un kairin\u0101jumu. Ide\u0101li piem\u0113rots ikdienas lieto\u0161anai!\" \/>\n<meta property=\"og:url\" content=\"https:\/\/test.puhdasplus.ee\/lv\/tooted\/kosmetika\/tejas-koka-kermena-mazgasanas-lidzeklis-250-ml\/\" \/>\n<meta property=\"og:site_name\" content=\"Puhdas+\" \/>\n<meta property=\"article:publisher\" content=\"https:\/\/www.facebook.com\/puhdasplus\" \/>\n<meta property=\"article:modified_time\" content=\"2026-03-10T12:39:50+00:00\" \/>\n<meta property=\"og:image\" content=\"https:\/\/test.puhdasplus.ee\/wp-content\/uploads\/2020\/04\/Teepuu-kehapesugeel-250-m.jpg\" \/>\n\t<meta property=\"og:image:width\" content=\"1024\" \/>\n\t<meta property=\"og:image:height\" content=\"1408\" \/>\n\t<meta property=\"og:image:type\" content=\"image\/jpeg\" \/>\n<meta name=\"twitter:card\" content=\"summary_large_image\" \/>\n<meta name=\"twitter:label1\" content=\"Est. reading time\" \/>\n\t<meta name=\"twitter:data1\" content=\"2 min\u016btes\" \/>\n<script type=\"application\/ld+json\" class=\"yoast-schema-graph\">{\"@context\":\"https:\/\/schema.org\",\"@graph\":[{\"@type\":\"WebPage\",\"@id\":\"https:\/\/test.puhdasplus.ee\/lv\/tooted\/kosmetika\/tejas-koka-kermena-mazgasanas-lidzeklis-250-ml\/\",\"url\":\"https:\/\/test.puhdasplus.ee\/lv\/tooted\/kosmetika\/tejas-koka-kermena-mazgasanas-lidzeklis-250-ml\/\",\"name\":\"T\u0113jas koka \u0137erme\u0146a mazg\u0101\u0161anas l\u012bdzeklis 250 ml - Puhdas+\",\"isPartOf\":{\"@id\":\"https:\/\/test.puhdasplus.ee\/lv\/#website\"},\"primaryImageOfPage\":{\"@id\":\"https:\/\/test.puhdasplus.ee\/lv\/tooted\/kosmetika\/tejas-koka-kermena-mazgasanas-lidzeklis-250-ml\/#primaryimage\"},\"image\":{\"@id\":\"https:\/\/test.puhdasplus.ee\/lv\/tooted\/kosmetika\/tejas-koka-kermena-mazgasanas-lidzeklis-250-ml\/#primaryimage\"},\"thumbnailUrl\":\"https:\/\/test.puhdasplus.ee\/wp-content\/uploads\/2020\/04\/Teepuu-kehapesugeel-250-m.jpg\",\"datePublished\":\"2020-04-25T19:28:18+00:00\",\"dateModified\":\"2026-03-10T12:39:50+00:00\",\"description\":\"Teepuu \u0137erme\u0146a mazg\u0101\u0161anas l\u012bdzeklis 250 ml dzi\u013ci att\u012bra \u0101du, l\u012bdzsvaro sebuma izdal\u012b\u0161anos un pal\u012bdz mazin\u0101t akni un kairin\u0101jumu. Ide\u0101li piem\u0113rots ikdienas lieto\u0161anai!\",\"breadcrumb\":{\"@id\":\"https:\/\/test.puhdasplus.ee\/lv\/tooted\/kosmetika\/tejas-koka-kermena-mazgasanas-lidzeklis-250-ml\/#breadcrumb\"},\"inLanguage\":\"lv-LV\",\"potentialAction\":[{\"@type\":\"ReadAction\",\"target\":[\"https:\/\/test.puhdasplus.ee\/lv\/tooted\/kosmetika\/tejas-koka-kermena-mazgasanas-lidzeklis-250-ml\/\"]}]},{\"@type\":\"ImageObject\",\"inLanguage\":\"lv-LV\",\"@id\":\"https:\/\/test.puhdasplus.ee\/lv\/tooted\/kosmetika\/tejas-koka-kermena-mazgasanas-lidzeklis-250-ml\/#primaryimage\",\"url\":\"https:\/\/test.puhdasplus.ee\/wp-content\/uploads\/2020\/04\/Teepuu-kehapesugeel-250-m.jpg\",\"contentUrl\":\"https:\/\/test.puhdasplus.ee\/wp-content\/uploads\/2020\/04\/Teepuu-kehapesugeel-250-m.jpg\",\"width\":1024,\"height\":1408,\"caption\":\"T\u0113jas koka \u0137erme\u0146a mazg\u0101\u0161anas \u017eeleja 250 ml\"},{\"@type\":\"BreadcrumbList\",\"@id\":\"https:\/\/test.puhdasplus.ee\/lv\/tooted\/kosmetika\/tejas-koka-kermena-mazgasanas-lidzeklis-250-ml\/#breadcrumb\",\"itemListElement\":[{\"@type\":\"ListItem\",\"position\":1,\"name\":\"S\u0101kums\",\"item\":\"https:\/\/test.puhdasplus.ee\/lv\/\"},{\"@type\":\"ListItem\",\"position\":2,\"name\":\"Produkti\",\"item\":\"https:\/\/test.puhdasplus.ee\/lv\/veikals\/\"},{\"@type\":\"ListItem\",\"position\":3,\"name\":\"T\u0113jas koka \u0137erme\u0146a mazg\u0101\u0161anas l\u012bdzeklis 250 ml\"}]},{\"@type\":\"WebSite\",\"@id\":\"https:\/\/test.puhdasplus.ee\/lv\/#website\",\"url\":\"https:\/\/test.puhdasplus.ee\/lv\/\",\"name\":\"Puhdas+\",\"description\":\"Vitamiinid, Toidulisandid, looduskosmeetika, tervis, sport\",\"publisher\":{\"@id\":\"https:\/\/test.puhdasplus.ee\/lv\/#organization\"},\"potentialAction\":[{\"@type\":\"SearchAction\",\"target\":{\"@type\":\"EntryPoint\",\"urlTemplate\":\"https:\/\/test.puhdasplus.ee\/lv\/?s={search_term_string}\"},\"query-input\":{\"@type\":\"PropertyValueSpecification\",\"valueRequired\":true,\"valueName\":\"search_term_string\"}}],\"inLanguage\":\"lv-LV\"},{\"@type\":\"Organization\",\"@id\":\"https:\/\/test.puhdasplus.ee\/lv\/#organization\",\"name\":\"Puhdas+\",\"alternateName\":\"Puhdasplus\",\"url\":\"https:\/\/test.puhdasplus.ee\/lv\/\",\"logo\":{\"@type\":\"ImageObject\",\"inLanguage\":\"lv-LV\",\"@id\":\"https:\/\/test.puhdasplus.ee\/lv\/#\/schema\/logo\/image\/\",\"url\":\"https:\/\/test.puhdasplus.ee\/\/wp-content\/uploads\/2019\/10\/puhdas_logo-arvele.png\",\"contentUrl\":\"https:\/\/test.puhdasplus.ee\/\/wp-content\/uploads\/2019\/10\/puhdas_logo-arvele.png\",\"width\":114,\"height\":94,\"caption\":\"Puhdas+\"},\"image\":{\"@id\":\"https:\/\/test.puhdasplus.ee\/lv\/#\/schema\/logo\/image\/\"},\"sameAs\":[\"https:\/\/www.facebook.com\/puhdasplus\",\"https:\/\/www.instagram.com\/puhdasplus_ee\/\"]}]}<\/script>\n<!-- \/ Yoast SEO plugin. -->","yoast_head_json":{"title":"T\u0113jas koka \u0137erme\u0146a mazg\u0101\u0161anas l\u012bdzeklis 250 ml - Puhdas+","description":"Teepuu \u0137erme\u0146a mazg\u0101\u0161anas l\u012bdzeklis 250 ml dzi\u013ci att\u012bra \u0101du, l\u012bdzsvaro sebuma izdal\u012b\u0161anos un pal\u012bdz mazin\u0101t akni un kairin\u0101jumu. Ide\u0101li piem\u0113rots ikdienas lieto\u0161anai!","robots":{"index":"noindex","follow":"follow","max-snippet":"max-snippet:-1","max-image-preview":"max-image-preview:large","max-video-preview":"max-video-preview:-1"},"og_locale":"lv_LV","og_type":"article","og_title":"T\u0113jas koka \u0137erme\u0146a mazg\u0101\u0161anas l\u012bdzeklis 250 ml - Puhdas+","og_description":"Teepuu \u0137erme\u0146a mazg\u0101\u0161anas l\u012bdzeklis 250 ml dzi\u013ci att\u012bra \u0101du, l\u012bdzsvaro sebuma izdal\u012b\u0161anos un pal\u012bdz mazin\u0101t akni un kairin\u0101jumu. Ide\u0101li piem\u0113rots ikdienas lieto\u0161anai!","og_url":"https:\/\/test.puhdasplus.ee\/lv\/tooted\/kosmetika\/tejas-koka-kermena-mazgasanas-lidzeklis-250-ml\/","og_site_name":"Puhdas+","article_publisher":"https:\/\/www.facebook.com\/puhdasplus","article_modified_time":"2026-03-10T12:39:50+00:00","og_image":[{"width":1024,"height":1408,"url":"https:\/\/test.puhdasplus.ee\/wp-content\/uploads\/2020\/04\/Teepuu-kehapesugeel-250-m.jpg","type":"image\/jpeg"}],"twitter_card":"summary_large_image","twitter_misc":{"Est. reading time":"2 min\u016btes"},"schema":{"@context":"https:\/\/schema.org","@graph":[{"@type":"WebPage","@id":"https:\/\/test.puhdasplus.ee\/lv\/tooted\/kosmetika\/tejas-koka-kermena-mazgasanas-lidzeklis-250-ml\/","url":"https:\/\/test.puhdasplus.ee\/lv\/tooted\/kosmetika\/tejas-koka-kermena-mazgasanas-lidzeklis-250-ml\/","name":"T\u0113jas koka \u0137erme\u0146a mazg\u0101\u0161anas l\u012bdzeklis 250 ml - Puhdas+","isPartOf":{"@id":"https:\/\/test.puhdasplus.ee\/lv\/#website"},"primaryImageOfPage":{"@id":"https:\/\/test.puhdasplus.ee\/lv\/tooted\/kosmetika\/tejas-koka-kermena-mazgasanas-lidzeklis-250-ml\/#primaryimage"},"image":{"@id":"https:\/\/test.puhdasplus.ee\/lv\/tooted\/kosmetika\/tejas-koka-kermena-mazgasanas-lidzeklis-250-ml\/#primaryimage"},"thumbnailUrl":"https:\/\/test.puhdasplus.ee\/wp-content\/uploads\/2020\/04\/Teepuu-kehapesugeel-250-m.jpg","datePublished":"2020-04-25T19:28:18+00:00","dateModified":"2026-03-10T12:39:50+00:00","description":"Teepuu \u0137erme\u0146a mazg\u0101\u0161anas l\u012bdzeklis 250 ml dzi\u013ci att\u012bra \u0101du, l\u012bdzsvaro sebuma izdal\u012b\u0161anos un pal\u012bdz mazin\u0101t akni un kairin\u0101jumu. Ide\u0101li piem\u0113rots ikdienas lieto\u0161anai!","breadcrumb":{"@id":"https:\/\/test.puhdasplus.ee\/lv\/tooted\/kosmetika\/tejas-koka-kermena-mazgasanas-lidzeklis-250-ml\/#breadcrumb"},"inLanguage":"lv-LV","potentialAction":[{"@type":"ReadAction","target":["https:\/\/test.puhdasplus.ee\/lv\/tooted\/kosmetika\/tejas-koka-kermena-mazgasanas-lidzeklis-250-ml\/"]}]},{"@type":"ImageObject","inLanguage":"lv-LV","@id":"https:\/\/test.puhdasplus.ee\/lv\/tooted\/kosmetika\/tejas-koka-kermena-mazgasanas-lidzeklis-250-ml\/#primaryimage","url":"https:\/\/test.puhdasplus.ee\/wp-content\/uploads\/2020\/04\/Teepuu-kehapesugeel-250-m.jpg","contentUrl":"https:\/\/test.puhdasplus.ee\/wp-content\/uploads\/2020\/04\/Teepuu-kehapesugeel-250-m.jpg","width":1024,"height":1408,"caption":"T\u0113jas koka \u0137erme\u0146a mazg\u0101\u0161anas \u017eeleja 250 ml"},{"@type":"BreadcrumbList","@id":"https:\/\/test.puhdasplus.ee\/lv\/tooted\/kosmetika\/tejas-koka-kermena-mazgasanas-lidzeklis-250-ml\/#breadcrumb","itemListElement":[{"@type":"ListItem","position":1,"name":"S\u0101kums","item":"https:\/\/test.puhdasplus.ee\/lv\/"},{"@type":"ListItem","position":2,"name":"Produkti","item":"https:\/\/test.puhdasplus.ee\/lv\/veikals\/"},{"@type":"ListItem","position":3,"name":"T\u0113jas koka \u0137erme\u0146a mazg\u0101\u0161anas l\u012bdzeklis 250 ml"}]},{"@type":"WebSite","@id":"https:\/\/test.puhdasplus.ee\/lv\/#website","url":"https:\/\/test.puhdasplus.ee\/lv\/","name":"Puhdas+","description":"Vitamiinid, Toidulisandid, looduskosmeetika, tervis, sport","publisher":{"@id":"https:\/\/test.puhdasplus.ee\/lv\/#organization"},"potentialAction":[{"@type":"SearchAction","target":{"@type":"EntryPoint","urlTemplate":"https:\/\/test.puhdasplus.ee\/lv\/?s={search_term_string}"},"query-input":{"@type":"PropertyValueSpecification","valueRequired":true,"valueName":"search_term_string"}}],"inLanguage":"lv-LV"},{"@type":"Organization","@id":"https:\/\/test.puhdasplus.ee\/lv\/#organization","name":"Puhdas+","alternateName":"Puhdasplus","url":"https:\/\/test.puhdasplus.ee\/lv\/","logo":{"@type":"ImageObject","inLanguage":"lv-LV","@id":"https:\/\/test.puhdasplus.ee\/lv\/#\/schema\/logo\/image\/","url":"https:\/\/test.puhdasplus.ee\/\/wp-content\/uploads\/2019\/10\/puhdas_logo-arvele.png","contentUrl":"https:\/\/test.puhdasplus.ee\/\/wp-content\/uploads\/2019\/10\/puhdas_logo-arvele.png","width":114,"height":94,"caption":"Puhdas+"},"image":{"@id":"https:\/\/test.puhdasplus.ee\/lv\/#\/schema\/logo\/image\/"},"sameAs":["https:\/\/www.facebook.com\/puhdasplus","https:\/\/www.instagram.com\/puhdasplus_ee\/"]}]}},"_links":{"self":[{"href":"https:\/\/test.puhdasplus.ee\/lv\/wp-json\/wp\/v2\/product\/353199","targetHints":{"allow":["GET"]}}],"collection":[{"href":"https:\/\/test.puhdasplus.ee\/lv\/wp-json\/wp\/v2\/product"}],"about":[{"href":"https:\/\/test.puhdasplus.ee\/lv\/wp-json\/wp\/v2\/types\/product"}],"replies":[{"embeddable":true,"href":"https:\/\/test.puhdasplus.ee\/lv\/wp-json\/wp\/v2\/comments?post=353199"}],"wp:featuredmedia":[{"embeddable":true,"href":"https:\/\/test.puhdasplus.ee\/lv\/wp-json\/wp\/v2\/media\/357426"}],"wp:attachment":[{"href":"https:\/\/test.puhdasplus.ee\/lv\/wp-json\/wp\/v2\/media?parent=353199"}],"wp:term":[{"taxonomy":"product_brand","embeddable":true,"href":"https:\/\/test.puhdasplus.ee\/lv\/wp-json\/wp\/v2\/product_brand?post=353199"},{"taxonomy":"product_cat","embeddable":true,"href":"https:\/\/test.puhdasplus.ee\/lv\/wp-json\/wp\/v2\/product_cat?post=353199"},{"taxonomy":"product_tag","embeddable":true,"href":"https:\/\/test.puhdasplus.ee\/lv\/wp-json\/wp\/v2\/product_tag?post=353199"}],"curies":[{"name":"wp","href":"https:\/\/api.w.org\/{rel}","templated":true}]}}