{"id":353173,"date":"2020-04-27T19:31:38","date_gmt":"2020-04-27T16:31:38","guid":{"rendered":"https:\/\/test.puhdasplus.ee\/\/tooted\/uncategorized\/nac-n-acetilcisteins-300-mg-60-kapsulas\/"},"modified":"2026-03-10T14:39:45","modified_gmt":"2026-03-10T12:39:45","slug":"nac-n-acetilcisteins-300-mg-60-kapsulas","status":"publish","type":"product","link":"https:\/\/test.puhdasplus.ee\/lv\/tooted\/aminoskabes\/nac-n-acetilcisteins-300-mg-60-kapsulas\/","title":{"rendered":"NAC N-acetilciste\u012bns 300 mg 60 kapsulas"},"content":{"rendered":"<h2 data-start=\"225\" data-end=\"248\">Kas ir Pure+ NAC?<\/h2>\n<p data-start=\"271\" data-end=\"606\"><strong data-start=\"271\" data-end=\"313\">Pure+ NAC ir augstas kvalit\u0101tes uztura bag\u0101tin\u0101t\u0101js,<\/strong> kas satur N-acetilciste\u012bnu (NAC) \u2014 stabilu ciste\u012bna formu, kas ir iesaist\u012bta da\u017e\u0101dos vielmai\u0146as procesos organism\u0101. NAC ir \u012bpa\u0161i labi paz\u012bstams ar savu lomu glutationa \u2014 organism\u0101 dabiski sastopamas vielas \u2014 ra\u017eo\u0161an\u0101. Glutations ir svar\u012bga organisma iek\u0161\u0113j\u0101s aizsardz\u012bbas sist\u0113mas sast\u0101vda\u013ca.  <\/p>\n<p data-start=\"608\" data-end=\"709\">Produkts ir ra\u017eots Somij\u0101, iev\u0113rojot stingrus t\u012br\u012bbas un kvalit\u0101tes standartus, un ir piem\u0113rots veg\u0101niem.<\/p>\n<h2 data-start=\"452\" data-end=\"476\">K\u0101p\u0113c tas ir noder\u012bgi?<\/h2>\n<p data-start=\"754\" data-end=\"801\"><strong data-start=\"754\" data-end=\"801\">Atbalsts organisma iek\u0161\u0113j\u0101s att\u012br\u012b\u0161anas procesiem<\/strong><\/p>\n<p data-start=\"803\" data-end=\"1070\">NAC pal\u012bdz organismam ra\u017eot glutationu \u2014 vielu, kas iesaist\u012bta \u0161\u016bnu aizsardz\u012bb\u0101 un organisma dabisk\u0101 l\u012bdzsvara uztur\u0113\u0161an\u0101. Glutations ir iesaist\u012bts da\u017e\u0101dos vielmai\u0146as un att\u012br\u012b\u0161anas procesos organism\u0101 un ir svar\u012bga l\u012bdzsvara uztur\u0113\u0161anas sast\u0101vda\u013ca \u0161\u016bnu l\u012bmen\u012b. <\/p>\n<p data-start=\"1072\" data-end=\"1100\"><strong data-start=\"1072\" data-end=\"1100\">Ikdienas atbalsts labsaj\u016btai<\/strong><\/p>\n<p data-start=\"1102\" data-end=\"1391\">Pure+ NAC ir piem\u0113rots uztura bag\u0101tin\u0101t\u0101js cilv\u0113kiem, kuri v\u0113las atbalst\u012bt sava \u0137erme\u0146a dabisko sp\u0113ju ikdien\u0101 tikt gal\u0101 ar da\u017e\u0101d\u0101m iek\u0161\u0113j\u0101m un vides ietekm\u0113m. NAC var\u0113tu b\u016bt piem\u0113rots tiem, kuri laiku pa laikam j\u016btas noguru\u0161i, dz\u012bvo steidz\u012bgu dz\u012bvesveidu vai mekl\u0113 l\u012bdzsvarotu atbalstu atvese\u013co\u0161anai. <\/p>\n<h2>Kam tas ir piem\u0113rots?<\/h2>\n<ul>\n<li data-start=\"2222\" data-end=\"2290\">Cilv\u0113kiem, kuri v\u0113las atbalst\u012bt <b>\u0137erme\u0146a dabisko l\u012bdzsvaru un atjauno\u0161anos<\/b><\/li>\n<li data-start=\"2293\" data-end=\"2379\">Tiem, kam nepiecie\u0161ama atbalsto\u0161a uztura bag\u0101tin\u0101t\u0101ja iedarb\u012bba ikdienas <b>elpo\u0161anas komfortam vai visp\u0101r\u0113jai viegluma saj\u016btai.<\/b><\/li>\n<li data-start=\"2382\" data-end=\"2445\">Tiem, kuru ikdienas dz\u012bve var b\u016bt saist\u012bta ar <b>\u0101tru dz\u012bves ritmu, nogurumu vai vides ietekmi<\/b><\/li>\n<li data-start=\"2448\" data-end=\"2525\">Cilv\u0113kiem, kuriem r\u016bp <b>aknu vesel\u012bba<\/b> un kuri v\u0113las apzin\u0101ti atbalst\u012bt <b>organisma att\u012br\u012b\u0161an\u0101s procesus<\/b><\/li>\n<li data-start=\"2528\" data-end=\"2608\">Ikvienam, kas mekl\u0113 t\u012bru, bez piedev\u0101m un veg\u0101niem draudz\u012bgu uztura bag\u0101tin\u0101t\u0101ju<\/li>\n<\/ul>\n<h2 data-start=\"1112\" data-end=\"1126\">Lietojums<\/h2>\n<p class=\"\" data-start=\"1128\" data-end=\"1213\"><span class=\"relative -mx-px my-[-0.2rem] rounded px-px py-[0.2rem] transition-colors duration-100 ease-in-out\"><strong data-start=\"0\" data-end=\"20\" data-is-only-node=\"\">Ieteicam\u0101 deva<\/strong> : 1\u20132 kapsulas dien\u0101, uzdzerot \u016bdeni.<\/span><\/p>\n<p class=\"\" data-start=\"1215\" data-end=\"1300\"><span class=\"relative -mx-px my-[-0.2rem] rounded px-px py-[0.2rem] transition-colors duration-100 ease-in-out\">Nep\u0101rsniedziet ieteicamo dienas devu. Uztura bag\u0101tin\u0101t\u0101js neaizst\u0101j daudzveid\u012bgu un sabalans\u0113tu uzturu vai vesel\u012bgu dz\u012bvesveidu. Sarg\u0101t no b\u0113rniem.  <\/span>\u200b<\/p>\n<h2 data-start=\"1307\" data-end=\"1322\">Sast\u0101vda\u013cas<\/h2>\n<ul data-start=\"1324\" data-end=\"1495\">\n<li class=\"\" data-start=\"1324\" data-end=\"1365\">\n<p class=\"\" data-start=\"1326\" data-end=\"1365\"><span class=\"relative -mx-px my-[-0.2rem] rounded px-px py-[0.2rem] transition-colors duration-100 ease-in-out\">N-acetilciste\u012bns<\/span><\/p>\n<\/li>\n<li class=\"\" data-start=\"1366\" data-end=\"1407\">\n<p class=\"\" data-start=\"1368\" data-end=\"1407\"><span class=\"relative -mx-px my-[-0.2rem] rounded px-px py-[0.2rem] transition-colors duration-100 ease-in-out\">Kapsulas apvalks: hidroksipropilmetilceluloze, gell\u0101na sve\u0137i<\/span><\/p>\n<\/li>\n<li class=\"\" data-start=\"1408\" data-end=\"1495\">\n<p class=\"\" data-start=\"1410\" data-end=\"1495\"><span class=\"relative -mx-px my-[-0.2rem] rounded px-px py-[0.2rem] transition-colors duration-100 ease-in-out\">Pildviela: mikrokrist\u0101lisk\u0101 celuloze<\/span><\/p>\n<\/li>\n<\/ul>\n<h2 data-start=\"1629\" data-end=\"1645\">Uzturv\u0113rt\u012bba<\/h2>\n<p class=\"\" data-start=\"1647\" data-end=\"1732\"><span class=\"relative -mx-px my-[-0.2rem] rounded px-px py-[0.2rem] transition-colors duration-100 ease-in-out\"><strong data-start=\"0\" data-end=\"21\" data-is-only-node=\"\">1 kapsula satur<\/strong> :<\/span><\/p>\n<ul data-start=\"1734\" data-end=\"1821\">\n<li class=\"\" data-start=\"1734\" data-end=\"1821\">\n<p class=\"\" data-start=\"1736\" data-end=\"1821\"><span class=\"relative -mx-px my-[-0.2rem] rounded px-px py-[0.2rem] transition-colors duration-100 ease-in-out\">N-acetilciste\u012bns: 300 mg<\/span><\/p>\n<\/li>\n<\/ul>\n","protected":false},"excerpt":{"rendered":"<p data-start=\"257\" data-end=\"407\"><strong data-start=\"261\" data-end=\"405\">Pure+ NAC 300 mg<\/strong> kapsulas satur N-acetilciste\u012bnu \u2014 aminosk\u0101bes formu, kas piedal\u0101s <strong data-start=\"261\" data-end=\"405\">organisma dabiskaj\u0101 l\u012bdzsvar\u0101 un aizsardz\u012bbas meh\u0101nismos.<\/strong><\/p>\n<p data-start=\"408\" data-end=\"581\">NAC ir savienojums, kas ieg\u016bts no ciste\u012bna, ko organisms izmanto, lai ra\u017eotu glutationu \u2013 vielu, kas dabiski rodas organism\u0101 un pal\u012bdz \u0161\u016bn\u0101m uztur\u0113t iek\u0161\u0113jo l\u012bdzsvaru.<\/p>\n<p data-start=\"583\" data-end=\"843\">NAC var\u0113tu b\u016bt piem\u0113rota izv\u0113le tiem, kas v\u0113las atbalst\u012bt sava \u0137erme\u0146a darb\u012bbu stresa, gadalaiku mai\u0146as vai palielin\u0101tas darba slodzes laik\u0101. Pateicoties t\u0101 \u012bpa\u0161\u012bb\u0101m, tas ir piem\u0113rots ar\u012b cilv\u0113kiem, kuri j\u016bt nepiecie\u0161am\u012bbu atbalst\u012bt \u0137erme\u0146a visp\u0101r\u0113jo labsaj\u016btu un att\u012br\u012b\u0161an\u0101s procesus. <\/p>\n<p data-start=\"845\" data-end=\"1012\">Produkts ir <strong data-start=\"854\" data-end=\"938\">t\u012brs, bez laktozes, glut\u0113na, saldin\u0101t\u0101jiem vai m\u0101ksl\u012bg\u0101m piedev\u0101m<\/strong> , un ir piem\u0113rots veg\u0101niem. Viegli lietojams \u2013 1\u20132 kapsulas dien\u0101, uzdzerot \u016bdeni. <\/p>\n","protected":false},"featured_media":357386,"comment_status":"closed","ping_status":"closed","template":"","meta":{"_acf_changed":false},"product_brand":[],"product_cat":[3509],"product_tag":[4569,4791,6365,3041,3068,6363,5564,6364],"class_list":{"0":"post-353173","1":"product","2":"type-product","3":"status-publish","4":"has-post-thumbnail","6":"product_cat-aminoskabes","7":"product_tag-aknu-veseliba","8":"product_tag-antioksidants-lv","9":"product_tag-elposanas-celu-veseliba","10":"product_tag-imunitate","11":"product_tag-imunsistemas-atbalsts","12":"product_tag-n-acetilcisteins","13":"product_tag-veganu-uztura-bagatinatajs","14":"product_tag-ziemelatlantijas-stata-padome","16":"first","17":"instock","18":"featured","19":"taxable","20":"shipping-taxable","21":"purchasable","22":"product-type-simple"},"acf":[],"yoast_head":"<!-- This site is optimized with the Yoast SEO plugin v27.1.1 - https:\/\/yoast.com\/product\/yoast-seo-wordpress\/ -->\n<title>NAC N-acetilciste\u012bns 300 mg 60 kapsulas - Puhdas+<\/title>\n<meta name=\"description\" content=\"Efekt\u012bvs NAC uztura bag\u0101tin\u0101t\u0101js aknu, elpo\u0161anas ce\u013cu un antioksidantu aizsardz\u012bbai. Glutationa atbalsts un dabiska att\u012br\u012b\u0161ana no iek\u0161puses. Piem\u0113rots ar\u012b veg\u0101niem.\" \/>\n<meta name=\"robots\" content=\"noindex, follow, max-snippet:-1, max-image-preview:large, max-video-preview:-1\" \/>\n<meta property=\"og:locale\" content=\"lv_LV\" \/>\n<meta property=\"og:type\" content=\"article\" \/>\n<meta property=\"og:title\" content=\"NAC N-acetilciste\u012bns 300 mg 60 kapsulas - Puhdas+\" \/>\n<meta property=\"og:description\" content=\"Efekt\u012bvs NAC uztura bag\u0101tin\u0101t\u0101js aknu, elpo\u0161anas ce\u013cu un antioksidantu aizsardz\u012bbai. Glutationa atbalsts un dabiska att\u012br\u012b\u0161ana no iek\u0161puses. Piem\u0113rots ar\u012b veg\u0101niem.\" \/>\n<meta property=\"og:url\" content=\"https:\/\/test.puhdasplus.ee\/lv\/tooted\/aminoskabes\/nac-n-acetilcisteins-300-mg-60-kapsulas\/\" \/>\n<meta property=\"og:site_name\" content=\"Puhdas+\" \/>\n<meta property=\"article:publisher\" content=\"https:\/\/www.facebook.com\/puhdasplus\" \/>\n<meta property=\"article:modified_time\" content=\"2026-03-10T12:39:45+00:00\" \/>\n<meta property=\"og:image\" content=\"https:\/\/test.puhdasplus.ee\/wp-content\/uploads\/2020\/04\/NAC-60-KAPSLIT-puhdasPlus-scaled.jpg\" \/>\n\t<meta property=\"og:image:width\" content=\"1862\" \/>\n\t<meta property=\"og:image:height\" content=\"2560\" \/>\n\t<meta property=\"og:image:type\" content=\"image\/jpeg\" \/>\n<meta name=\"twitter:card\" content=\"summary_large_image\" \/>\n<meta name=\"twitter:label1\" content=\"Est. reading time\" \/>\n\t<meta name=\"twitter:data1\" content=\"2 min\u016btes\" \/>\n<script type=\"application\/ld+json\" class=\"yoast-schema-graph\">{\"@context\":\"https:\/\/schema.org\",\"@graph\":[{\"@type\":\"WebPage\",\"@id\":\"https:\/\/test.puhdasplus.ee\/lv\/tooted\/aminoskabes\/nac-n-acetilcisteins-300-mg-60-kapsulas\/\",\"url\":\"https:\/\/test.puhdasplus.ee\/lv\/tooted\/aminoskabes\/nac-n-acetilcisteins-300-mg-60-kapsulas\/\",\"name\":\"NAC N-acetilciste\u012bns 300 mg 60 kapsulas - Puhdas+\",\"isPartOf\":{\"@id\":\"https:\/\/test.puhdasplus.ee\/lv\/#website\"},\"primaryImageOfPage\":{\"@id\":\"https:\/\/test.puhdasplus.ee\/lv\/tooted\/aminoskabes\/nac-n-acetilcisteins-300-mg-60-kapsulas\/#primaryimage\"},\"image\":{\"@id\":\"https:\/\/test.puhdasplus.ee\/lv\/tooted\/aminoskabes\/nac-n-acetilcisteins-300-mg-60-kapsulas\/#primaryimage\"},\"thumbnailUrl\":\"https:\/\/test.puhdasplus.ee\/wp-content\/uploads\/2020\/04\/NAC-60-KAPSLIT-puhdasPlus-scaled.jpg\",\"datePublished\":\"2020-04-27T16:31:38+00:00\",\"dateModified\":\"2026-03-10T12:39:45+00:00\",\"description\":\"Efekt\u012bvs NAC uztura bag\u0101tin\u0101t\u0101js aknu, elpo\u0161anas ce\u013cu un antioksidantu aizsardz\u012bbai. Glutationa atbalsts un dabiska att\u012br\u012b\u0161ana no iek\u0161puses. Piem\u0113rots ar\u012b veg\u0101niem.\",\"breadcrumb\":{\"@id\":\"https:\/\/test.puhdasplus.ee\/lv\/tooted\/aminoskabes\/nac-n-acetilcisteins-300-mg-60-kapsulas\/#breadcrumb\"},\"inLanguage\":\"lv-LV\",\"potentialAction\":[{\"@type\":\"ReadAction\",\"target\":[\"https:\/\/test.puhdasplus.ee\/lv\/tooted\/aminoskabes\/nac-n-acetilcisteins-300-mg-60-kapsulas\/\"]}]},{\"@type\":\"ImageObject\",\"inLanguage\":\"lv-LV\",\"@id\":\"https:\/\/test.puhdasplus.ee\/lv\/tooted\/aminoskabes\/nac-n-acetilcisteins-300-mg-60-kapsulas\/#primaryimage\",\"url\":\"https:\/\/test.puhdasplus.ee\/wp-content\/uploads\/2020\/04\/NAC-60-KAPSLIT-puhdasPlus-scaled.jpg\",\"contentUrl\":\"https:\/\/test.puhdasplus.ee\/wp-content\/uploads\/2020\/04\/NAC-60-KAPSLIT-puhdasPlus-scaled.jpg\",\"width\":1862,\"height\":2560,\"caption\":\"NAC 300 mg 60 kapsulas PuhdasPlus\"},{\"@type\":\"BreadcrumbList\",\"@id\":\"https:\/\/test.puhdasplus.ee\/lv\/tooted\/aminoskabes\/nac-n-acetilcisteins-300-mg-60-kapsulas\/#breadcrumb\",\"itemListElement\":[{\"@type\":\"ListItem\",\"position\":1,\"name\":\"S\u0101kums\",\"item\":\"https:\/\/test.puhdasplus.ee\/lv\/\"},{\"@type\":\"ListItem\",\"position\":2,\"name\":\"Produkti\",\"item\":\"https:\/\/test.puhdasplus.ee\/lv\/veikals\/\"},{\"@type\":\"ListItem\",\"position\":3,\"name\":\"NAC N-acetilciste\u012bns 300 mg 60 kapsulas\"}]},{\"@type\":\"WebSite\",\"@id\":\"https:\/\/test.puhdasplus.ee\/lv\/#website\",\"url\":\"https:\/\/test.puhdasplus.ee\/lv\/\",\"name\":\"Puhdas+\",\"description\":\"Vitamiinid, Toidulisandid, looduskosmeetika, tervis, sport\",\"publisher\":{\"@id\":\"https:\/\/test.puhdasplus.ee\/lv\/#organization\"},\"potentialAction\":[{\"@type\":\"SearchAction\",\"target\":{\"@type\":\"EntryPoint\",\"urlTemplate\":\"https:\/\/test.puhdasplus.ee\/lv\/?s={search_term_string}\"},\"query-input\":{\"@type\":\"PropertyValueSpecification\",\"valueRequired\":true,\"valueName\":\"search_term_string\"}}],\"inLanguage\":\"lv-LV\"},{\"@type\":\"Organization\",\"@id\":\"https:\/\/test.puhdasplus.ee\/lv\/#organization\",\"name\":\"Puhdas+\",\"alternateName\":\"Puhdasplus\",\"url\":\"https:\/\/test.puhdasplus.ee\/lv\/\",\"logo\":{\"@type\":\"ImageObject\",\"inLanguage\":\"lv-LV\",\"@id\":\"https:\/\/test.puhdasplus.ee\/lv\/#\/schema\/logo\/image\/\",\"url\":\"https:\/\/test.puhdasplus.ee\/\/wp-content\/uploads\/2019\/10\/puhdas_logo-arvele.png\",\"contentUrl\":\"https:\/\/test.puhdasplus.ee\/\/wp-content\/uploads\/2019\/10\/puhdas_logo-arvele.png\",\"width\":114,\"height\":94,\"caption\":\"Puhdas+\"},\"image\":{\"@id\":\"https:\/\/test.puhdasplus.ee\/lv\/#\/schema\/logo\/image\/\"},\"sameAs\":[\"https:\/\/www.facebook.com\/puhdasplus\",\"https:\/\/www.instagram.com\/puhdasplus_ee\/\"]}]}<\/script>\n<!-- \/ Yoast SEO plugin. -->","yoast_head_json":{"title":"NAC N-acetilciste\u012bns 300 mg 60 kapsulas - Puhdas+","description":"Efekt\u012bvs NAC uztura bag\u0101tin\u0101t\u0101js aknu, elpo\u0161anas ce\u013cu un antioksidantu aizsardz\u012bbai. Glutationa atbalsts un dabiska att\u012br\u012b\u0161ana no iek\u0161puses. Piem\u0113rots ar\u012b veg\u0101niem.","robots":{"index":"noindex","follow":"follow","max-snippet":"max-snippet:-1","max-image-preview":"max-image-preview:large","max-video-preview":"max-video-preview:-1"},"og_locale":"lv_LV","og_type":"article","og_title":"NAC N-acetilciste\u012bns 300 mg 60 kapsulas - Puhdas+","og_description":"Efekt\u012bvs NAC uztura bag\u0101tin\u0101t\u0101js aknu, elpo\u0161anas ce\u013cu un antioksidantu aizsardz\u012bbai. Glutationa atbalsts un dabiska att\u012br\u012b\u0161ana no iek\u0161puses. Piem\u0113rots ar\u012b veg\u0101niem.","og_url":"https:\/\/test.puhdasplus.ee\/lv\/tooted\/aminoskabes\/nac-n-acetilcisteins-300-mg-60-kapsulas\/","og_site_name":"Puhdas+","article_publisher":"https:\/\/www.facebook.com\/puhdasplus","article_modified_time":"2026-03-10T12:39:45+00:00","og_image":[{"width":1862,"height":2560,"url":"https:\/\/test.puhdasplus.ee\/wp-content\/uploads\/2020\/04\/NAC-60-KAPSLIT-puhdasPlus-scaled.jpg","type":"image\/jpeg"}],"twitter_card":"summary_large_image","twitter_misc":{"Est. reading time":"2 min\u016btes"},"schema":{"@context":"https:\/\/schema.org","@graph":[{"@type":"WebPage","@id":"https:\/\/test.puhdasplus.ee\/lv\/tooted\/aminoskabes\/nac-n-acetilcisteins-300-mg-60-kapsulas\/","url":"https:\/\/test.puhdasplus.ee\/lv\/tooted\/aminoskabes\/nac-n-acetilcisteins-300-mg-60-kapsulas\/","name":"NAC N-acetilciste\u012bns 300 mg 60 kapsulas - Puhdas+","isPartOf":{"@id":"https:\/\/test.puhdasplus.ee\/lv\/#website"},"primaryImageOfPage":{"@id":"https:\/\/test.puhdasplus.ee\/lv\/tooted\/aminoskabes\/nac-n-acetilcisteins-300-mg-60-kapsulas\/#primaryimage"},"image":{"@id":"https:\/\/test.puhdasplus.ee\/lv\/tooted\/aminoskabes\/nac-n-acetilcisteins-300-mg-60-kapsulas\/#primaryimage"},"thumbnailUrl":"https:\/\/test.puhdasplus.ee\/wp-content\/uploads\/2020\/04\/NAC-60-KAPSLIT-puhdasPlus-scaled.jpg","datePublished":"2020-04-27T16:31:38+00:00","dateModified":"2026-03-10T12:39:45+00:00","description":"Efekt\u012bvs NAC uztura bag\u0101tin\u0101t\u0101js aknu, elpo\u0161anas ce\u013cu un antioksidantu aizsardz\u012bbai. Glutationa atbalsts un dabiska att\u012br\u012b\u0161ana no iek\u0161puses. Piem\u0113rots ar\u012b veg\u0101niem.","breadcrumb":{"@id":"https:\/\/test.puhdasplus.ee\/lv\/tooted\/aminoskabes\/nac-n-acetilcisteins-300-mg-60-kapsulas\/#breadcrumb"},"inLanguage":"lv-LV","potentialAction":[{"@type":"ReadAction","target":["https:\/\/test.puhdasplus.ee\/lv\/tooted\/aminoskabes\/nac-n-acetilcisteins-300-mg-60-kapsulas\/"]}]},{"@type":"ImageObject","inLanguage":"lv-LV","@id":"https:\/\/test.puhdasplus.ee\/lv\/tooted\/aminoskabes\/nac-n-acetilcisteins-300-mg-60-kapsulas\/#primaryimage","url":"https:\/\/test.puhdasplus.ee\/wp-content\/uploads\/2020\/04\/NAC-60-KAPSLIT-puhdasPlus-scaled.jpg","contentUrl":"https:\/\/test.puhdasplus.ee\/wp-content\/uploads\/2020\/04\/NAC-60-KAPSLIT-puhdasPlus-scaled.jpg","width":1862,"height":2560,"caption":"NAC 300 mg 60 kapsulas PuhdasPlus"},{"@type":"BreadcrumbList","@id":"https:\/\/test.puhdasplus.ee\/lv\/tooted\/aminoskabes\/nac-n-acetilcisteins-300-mg-60-kapsulas\/#breadcrumb","itemListElement":[{"@type":"ListItem","position":1,"name":"S\u0101kums","item":"https:\/\/test.puhdasplus.ee\/lv\/"},{"@type":"ListItem","position":2,"name":"Produkti","item":"https:\/\/test.puhdasplus.ee\/lv\/veikals\/"},{"@type":"ListItem","position":3,"name":"NAC N-acetilciste\u012bns 300 mg 60 kapsulas"}]},{"@type":"WebSite","@id":"https:\/\/test.puhdasplus.ee\/lv\/#website","url":"https:\/\/test.puhdasplus.ee\/lv\/","name":"Puhdas+","description":"Vitamiinid, Toidulisandid, looduskosmeetika, tervis, sport","publisher":{"@id":"https:\/\/test.puhdasplus.ee\/lv\/#organization"},"potentialAction":[{"@type":"SearchAction","target":{"@type":"EntryPoint","urlTemplate":"https:\/\/test.puhdasplus.ee\/lv\/?s={search_term_string}"},"query-input":{"@type":"PropertyValueSpecification","valueRequired":true,"valueName":"search_term_string"}}],"inLanguage":"lv-LV"},{"@type":"Organization","@id":"https:\/\/test.puhdasplus.ee\/lv\/#organization","name":"Puhdas+","alternateName":"Puhdasplus","url":"https:\/\/test.puhdasplus.ee\/lv\/","logo":{"@type":"ImageObject","inLanguage":"lv-LV","@id":"https:\/\/test.puhdasplus.ee\/lv\/#\/schema\/logo\/image\/","url":"https:\/\/test.puhdasplus.ee\/\/wp-content\/uploads\/2019\/10\/puhdas_logo-arvele.png","contentUrl":"https:\/\/test.puhdasplus.ee\/\/wp-content\/uploads\/2019\/10\/puhdas_logo-arvele.png","width":114,"height":94,"caption":"Puhdas+"},"image":{"@id":"https:\/\/test.puhdasplus.ee\/lv\/#\/schema\/logo\/image\/"},"sameAs":["https:\/\/www.facebook.com\/puhdasplus","https:\/\/www.instagram.com\/puhdasplus_ee\/"]}]}},"_links":{"self":[{"href":"https:\/\/test.puhdasplus.ee\/lv\/wp-json\/wp\/v2\/product\/353173","targetHints":{"allow":["GET"]}}],"collection":[{"href":"https:\/\/test.puhdasplus.ee\/lv\/wp-json\/wp\/v2\/product"}],"about":[{"href":"https:\/\/test.puhdasplus.ee\/lv\/wp-json\/wp\/v2\/types\/product"}],"replies":[{"embeddable":true,"href":"https:\/\/test.puhdasplus.ee\/lv\/wp-json\/wp\/v2\/comments?post=353173"}],"wp:featuredmedia":[{"embeddable":true,"href":"https:\/\/test.puhdasplus.ee\/lv\/wp-json\/wp\/v2\/media\/357386"}],"wp:attachment":[{"href":"https:\/\/test.puhdasplus.ee\/lv\/wp-json\/wp\/v2\/media?parent=353173"}],"wp:term":[{"taxonomy":"product_brand","embeddable":true,"href":"https:\/\/test.puhdasplus.ee\/lv\/wp-json\/wp\/v2\/product_brand?post=353173"},{"taxonomy":"product_cat","embeddable":true,"href":"https:\/\/test.puhdasplus.ee\/lv\/wp-json\/wp\/v2\/product_cat?post=353173"},{"taxonomy":"product_tag","embeddable":true,"href":"https:\/\/test.puhdasplus.ee\/lv\/wp-json\/wp\/v2\/product_tag?post=353173"}],"curies":[{"name":"wp","href":"https:\/\/api.w.org\/{rel}","templated":true}]}}