{"id":353134,"date":"2019-12-06T20:03:40","date_gmt":"2019-12-06T18:03:40","guid":{"rendered":"https:\/\/test.puhdasplus.ee\/\/tooted\/uncategorized\/akacijas-skiedra-200g\/"},"modified":"2026-03-10T14:39:11","modified_gmt":"2026-03-10T12:39:11","slug":"akacijas-skiedra-200g","status":"publish","type":"product","link":"https:\/\/test.puhdasplus.ee\/lv\/tooted\/ipasie-piedavajumi\/akacijas-skiedra-200g\/","title":{"rendered":"Ak\u0101cijas \u0161\u0137iedra 200g"},"content":{"rendered":"<h2 data-start=\"252\" data-end=\"364\"><span class=\"relative -mx-px my-[-0.2rem] rounded px-px py-[0.2rem] transition-colors duration-100 ease-in-out\">Kas ir<\/span> Pure+ ak\u0101cijas \u0161\u0137iedra?<\/h2>\n<p class=\"\" data-start=\"252\" data-end=\"364\"><span class=\"relative -mx-px my-[-0.2rem] rounded px-px py-[0.2rem] transition-colors duration-100 ease-in-out\">Pure+ Acacia Fiber ir 100% dab\u012bga, \u016bden\u012b \u0161\u0137\u012bsto\u0161a \u0161\u0137iedra, kas ieg\u016bta no ak\u0101cijas koka (Acacia senegal) sve\u0137iem.  <\/span>\u0160is uztura bag\u0101tin\u0101t\u0101js ir paredz\u0113ts, lai papildin\u0101tu ikdienas \u0161\u0137iedrvielu uz\u0146em\u0161anu, kas veicina norm\u0101lu gremo\u0161anas darb\u012bbu.<\/p>\n<p class=\"\" data-start=\"366\" data-end=\"482\"><span class=\"relative -mx-px my-[-0.2rem] rounded px-px py-[0.2rem] transition-colors duration-100 ease-in-out\">Ak\u0101cijas \u0161\u0137iedrai ir maiga gar\u0161a un t\u0101 labi sajaucas ar \u0161\u0137idrumiem, neizraisot piet\u016bkumu vai dz\u0113riena tekst\u016bras izmai\u0146as.<\/span> <span class=\"relative -mx-px my-[-0.2rem] rounded px-px py-[0.2rem] transition-colors duration-100 ease-in-out\">\u0160\u012b \u012bpa\u0161\u012bba padara to par ide\u0101lu piedevu koktei\u013ciem, sul\u0101m vai vienk\u0101r\u0161i sajauk\u0161anai ar \u016bdeni.<\/span><\/p>\n<h2 class=\"\" data-start=\"148\" data-end=\"188\">K\u0101p\u0113c Pure+ Acacia Fiber ir noder\u012bga?<\/h2>\n<h3 class=\"\" data-start=\"190\" data-end=\"233\">1. Maigs, bet efekt\u012bvs gremo\u0161anas atbalsts<\/h3>\n<p class=\"\" data-start=\"234\" data-end=\"640\">Ak\u0101cijas \u0161\u0137iedra ir dabiski \u016bden\u012b \u0161\u0137\u012bsto\u0161a \u0161\u0137iedra, kas nekairina gremo\u0161anas traktu un neizraisa v\u0113dera uzp\u016b\u0161anos, padarot to ide\u0101li piem\u0113rotu cilv\u0113kiem ar jut\u012bgu gremo\u0161anu. At\u0161\u0137ir\u012bb\u0101 no da\u017e\u0101m cit\u0101m \u0161\u0137iedrviel\u0101m, t\u0101 neuzbriest ku\u0146\u0123\u012b un nerada diskomfortu. Tas padara ak\u0101cijas \u0161\u0137iedru dro\u0161u un viegli panesamu ikdienas lieto\u0161anai \u2013 pat cilv\u0113kiem, kuri tikai s\u0101k pievienot \u0161\u0137iedrvielas savam uzturam.  <\/p>\n<h3 class=\"\" data-start=\"642\" data-end=\"708\">2. Atbalsts zarnu mikrobiomam (prebiotisk\u0101 iedarb\u012bba)<\/h3>\n<p class=\"p1\">Ak\u0101cijas \u0161\u0137iedra darbojas k\u0101 prebiotika, nodro\u0161inot bar\u012bbu labv\u0113l\u012bgaj\u0101m zarnu bakt\u0113rij\u0101m. Regul\u0101ra lieto\u0161ana pal\u012bdz uztur\u0113t mikrobioma l\u012bdzsvaru un norm\u0101lu gremo\u0161anas funkciju. Vair\u0101ki p\u0113t\u012bjumi ir pier\u0101d\u012bju\u0161i, ka ak\u0101cijas \u0161\u0137iedra var pal\u012bdz\u0113t palielin\u0101t, piem\u0113ram, bifidobakt\u0113riju un laktobakt\u0113riju skaitu zarn\u0101s.  <\/p>\n<h3 class=\"\" data-start=\"1207\" data-end=\"1266\">3. \u0160\u0137iedrvielu avots sabalans\u0113tam uzturam<\/h3>\n<p class=\"\" data-start=\"1267\" data-end=\"1553\">Daudzi cilv\u0113ki ar uzturu neuz\u0146em pietiekami daudz \u0161\u0137iedrvielu. Ak\u0101cijas \u0161\u0137iedra ir lielisks, neitr\u0101las gar\u0161as uztura bag\u0101tin\u0101t\u0101js, kas pal\u012bdz dabiski palielin\u0101t ikdienas \u0161\u0137iedrvielu uz\u0146em\u0161anu. To var lieliski pievienot \u016bdenim, sulai, koktei\u013ciem vai \u0113dienam, nemainot \u0113diena gar\u0161u vai tekst\u016bru.  <\/p>\n<h3 class=\"\" data-start=\"1555\" data-end=\"1640\">4. Var pal\u012bdz\u0113t uztur\u0113t norm\u0101lu holester\u012bna l\u012bmeni un cukura l\u012bmeni asin\u012bs<\/h3>\n<p class=\"p1\">\u016aden\u012b \u0161\u0137\u012bsto\u0161\u0101s \u0161\u0137iedrvielas var pal\u012bdz\u0113t uztur\u0113t norm\u0101lu holester\u012bna l\u012bmeni k\u0101 da\u013cu no sabalans\u0113ta uztura. Lai gan t\u0101s nav z\u0101les, t\u0101s ir noder\u012bgs uztura bag\u0101tin\u0101t\u0101js cilv\u0113kiem, kuri v\u0113las atbalst\u012bt vielmai\u0146u un sirds un asinsvadu vesel\u012bbu k\u0101 da\u013cu no vesel\u012bga dz\u012bvesveida. <\/p>\n<h3 class=\"\" data-start=\"2005\" data-end=\"2080\">5. Piem\u0113rots ar\u012b jut\u012bgai gremo\u0161anas sist\u0113mai un da\u017e\u0101diem uztura stiliem<\/h3>\n<p class=\"\" data-start=\"2081\" data-end=\"2411\">Pure+ Acacia Fiber nesatur glut\u0113nu, laktozi, saldin\u0101t\u0101jus vai m\u0101ksl\u012bgas piedevas. Tas ir piem\u0113rots veg\u0101niem, ve\u0123et\u0101rie\u0161iem, tiem, kas iev\u0113ro di\u0113tu ar zemu FODMAP saturu, k\u0101 ar\u012b tiem, kam ir p\u0101rtikas nepanesam\u012bba vai jut\u012bga zarnu trakta slim\u012bba. Pateicoties t\u012brajam un maigajam sast\u0101vam, ak\u0101cijas \u0161\u0137iedru var lietot ilgsto\u0161i bez blakuspar\u0101d\u012bb\u0101m.  <\/p>\n<h2 data-start=\"484\" data-end=\"499\">Sast\u0101vda\u013cas<\/h2>\n<p class=\"\" data-start=\"501\" data-end=\"579\"><span class=\"relative -mx-px my-[-0.2rem] rounded px-px py-[0.2rem] transition-colors duration-100 ease-in-out\">100% ak\u0101cijas \u0161\u0137iedra.<\/span><\/p>\n<p class=\"\" data-start=\"581\" data-end=\"699\"><span class=\"relative -mx-px my-[-0.2rem] rounded px-px py-[0.2rem] transition-colors duration-100 ease-in-out\">Produkts nesatur laktozi, raugu, glut\u0113nu, s\u0101li, kukur\u016bzu, soju vai saldin\u0101t\u0101jus.<\/span> <span class=\"relative -mx-px my-[-0.2rem] rounded px-px py-[0.2rem] transition-colors duration-100 ease-in-out\">Piem\u0113rots ve\u0123et\u0101rie\u0161iem un veg\u0101niem.<\/span><\/p>\n<h2 data-start=\"701\" data-end=\"717\">Uzturv\u0113rt\u012bba<\/h2>\n<p class=\"\" data-start=\"719\" data-end=\"797\"><span class=\"relative -mx-px my-[-0.2rem] rounded px-px py-[0.2rem] transition-colors duration-100 ease-in-out\">Ieteicam\u0101 dienas deva (1 \u0113damkarote) satur:<\/span><\/p>\n<ul data-start=\"799\" data-end=\"923\">\n<li class=\"\" data-start=\"799\" data-end=\"923\">\n<p class=\"\" data-start=\"801\" data-end=\"840\"><span class=\"relative -mx-px my-[-0.2rem] rounded px-px py-[0.2rem] transition-colors duration-100 ease-in-out\">Ak\u0101cijas \u0161\u0137iedra: 6,5 g<\/span><\/p>\n<ul data-start=\"843\" data-end=\"923\">\n<li class=\"\" data-start=\"843\" data-end=\"923\">\n<p class=\"\" data-start=\"845\" data-end=\"923\"><span class=\"relative -mx-px my-[-0.2rem] rounded px-px py-[0.2rem] transition-colors duration-100 ease-in-out\">tostarp \u0161\u0137iedrvielas: 6 g<\/span><\/p>\n<\/li>\n<\/ul>\n<\/li>\n<\/ul>\n<h2 data-start=\"925\" data-end=\"939\">Lietojums<\/h2>\n<p class=\"\" data-start=\"941\" data-end=\"1139\"><span class=\"relative -mx-px my-[-0.2rem] rounded px-px py-[0.2rem] transition-colors duration-100 ease-in-out\">Pieaugu\u0161ajiem: 1 \u0113damkarote dien\u0101.<\/span> <span class=\"relative -mx-px my-[-0.2rem] rounded px-px py-[0.2rem] transition-colors duration-100 ease-in-out\">Pievienojiet sm\u016btijam vai sajauciet neliel\u0101 \u016bdens daudzum\u0101.<\/span> <span class=\"relative -mx-px my-[-0.2rem] rounded px-px py-[0.2rem] transition-colors duration-100 ease-in-out\">Ieteicams lietot produktu apm\u0113ram 30 min\u016btes pirms \u0113\u0161anas.<\/span> <span class=\"relative -mx-px my-[-0.2rem] rounded px-px py-[0.2rem] transition-colors duration-100 ease-in-out\">Ieteicams main\u012bt \u0161\u0137iedrvielu uz\u0146em\u0161anu no ned\u0113\u013cas uz ned\u0113\u013cu, lietojot papildu uztura bag\u0101tin\u0101t\u0101jus, piem\u0113ram, \u0101bolu pekt\u012bnu vai psiliju.<\/span><\/p>\n<h2 data-start=\"1141\" data-end=\"1157\">Svar\u012bga inform\u0101cija<\/h2>\n<ul data-start=\"1159\" data-end=\"1365\">\n<li class=\"\" data-start=\"1159\" data-end=\"1200\">\n<p class=\"\" data-start=\"1161\" data-end=\"1200\"><span class=\"relative -mx-px my-[-0.2rem] rounded px-px py-[0.2rem] transition-colors duration-100 ease-in-out\">Nep\u0101rsniedziet ieteicamo dienas devu.<\/span><\/p>\n<\/li>\n<li class=\"\" data-start=\"1201\" data-end=\"1242\">\n<p class=\"\" data-start=\"1203\" data-end=\"1242\"><span class=\"relative -mx-px my-[-0.2rem] rounded px-px py-[0.2rem] transition-colors duration-100 ease-in-out\">Uztura bag\u0101tin\u0101t\u0101js neaizst\u0101j daudzveid\u012bgu un sabalans\u0113tu uzturu vai vesel\u012bgu dz\u012bvesveidu.<\/span><\/p>\n<\/li>\n<li class=\"\" data-start=\"1243\" data-end=\"1284\">\n<p class=\"\" data-start=\"1245\" data-end=\"1284\"><span class=\"relative -mx-px my-[-0.2rem] rounded px-px py-[0.2rem] transition-colors duration-100 ease-in-out\">Sarg\u0101t no b\u0113rniem.<\/span><\/p>\n<\/li>\n<li class=\"\" data-start=\"1285\" data-end=\"1365\">\n<p class=\"\" data-start=\"1287\" data-end=\"1365\"><span class=\"relative -mx-px my-[-0.2rem] rounded px-px py-[0.2rem] transition-colors duration-100 ease-in-out\">Uzglab\u0101t saus\u0101 un v\u0113s\u0101 viet\u0101, ori\u0123in\u0101laj\u0101 iepakojum\u0101.<\/span><\/p>\n<\/li>\n<\/ul>\n<h2 data-start=\"1367\" data-end=\"1385\">Iepakojuma izm\u0113rs<\/h2>\n<p class=\"\" data-start=\"1387\" data-end=\"1431\">200 g<\/p>\n","protected":false},"excerpt":{"rendered":"<p class=\"p1\"><b>Pure+ Acacia Fiber ir lieliska izv\u0113le cilv\u0113kiem, kuri v\u0113las r\u016bp\u0113ties par savu gremo\u0161anu un visp\u0101r\u0113jo labsaj\u016btu dabisk\u0101 un saudz\u012bg\u0101 veid\u0101. T\u0101 ir 100% dab\u012bga, \u016bden\u012b \u0161\u0137\u012bsto\u0161a \u0161\u0137iedra, kas ieg\u016bta no ak\u0101cijas koka (Acacia senegal) sve\u0137iem. \u0160\u012b \u0161\u0137iedra ir \u012bpa\u0161i nov\u0113rt\u0113ta t\u0101s saudz\u012bg\u0101s iedarb\u012bbas un lielisk\u0101s panesam\u012bbas d\u0113\u013c \u2013 at\u0161\u0137ir\u012bb\u0101 no da\u017eiem citiem \u0161\u0137iedrvielu avotiem, t\u0101 neizraisa v\u0113dera uzp\u016b\u0161anos vai diskomfortu, padarot to ide\u0101li piem\u0113rotu cilv\u0113kiem ar jut\u012bgu gremo\u0161anu.  <\/b><b><\/b><\/p>\n<p class=\"p3\">Ak\u0101cijas \u0161\u0137iedrvielas darbojas k\u0101 prebiotikas, nodro\u0161inot bar\u012bbu labv\u0113l\u012bgaj\u0101m zarnu bakt\u0113rij\u0101m un pal\u012bdzot uztur\u0113t l\u012bdzsvarotu mikrobiomu. Sabalans\u0113ts mikrobioms ir svar\u012bgs gremo\u0161anai un visp\u0101r\u0113jai labsaj\u016btai. Regul\u0101ra ak\u0101cijas \u0161\u0137iedrvielu lieto\u0161ana uztur\u0101 var atbalst\u012bt labv\u0113l\u012bgo zarnu bakt\u0113riju l\u012bdzsvaru.  <\/p>\n<p class=\"p3\">Ak\u0101cijas \u0161\u0137iedra veicina norm\u0101lu gremo\u0161anu un regul\u0101ru zarnu kust\u012bbu. \u016aden\u012b \u0161\u0137\u012bsto\u0161\u0101s \u0161\u0137iedrvielas var pal\u012bdz\u0113t uztur\u0113t norm\u0101lu holester\u012bna l\u012bmeni k\u0101 da\u013cu no vesel\u012bga uztura. <\/p>\n<p class=\"p1\"><b>Pure+ Acacia Fiber ir neitr\u0101la gar\u0161a, un to ir viegli sajaukt ar \u016bdeni, sulu vai sm\u016btijiem \u2013 tas nemaina \u0113diena gar\u0161u vai tekst\u016bru, padarot to viegli pievienojamu ikdienas uzturam. T\u0101 k\u0101 produkts nesatur glut\u0113nu, laktozi, raugu, cukuru vai citas m\u0101ksl\u012bgas vielas, tas ir piem\u0113rots ar\u012b aler\u0123iju slimniekiem, veg\u0101niem un cilv\u0113kiem, kas iev\u0113ro jut\u012bgu vai ierobe\u017eojo\u0161u di\u0113tu (piem\u0113ram, FODMAP di\u0113tu). <\/b><b><\/b><\/p>\n<p>&nbsp;<\/p>\n","protected":false},"featured_media":353141,"comment_status":"closed","ping_status":"closed","template":"","meta":{"_acf_changed":false},"product_brand":[],"product_cat":[3344,3067],"product_tag":[6346,3348,3880,3878,3352,4890,2974],"class_list":{"0":"post-353134","1":"product","2":"type-product","3":"status-publish","4":"has-post-thumbnail","6":"product_cat-gremosana-un-vielmaina","7":"product_cat-ipasie-piedavajumi","8":"product_tag-akacijas-skiedras","9":"product_tag-bez-glutena","10":"product_tag-gremosana","11":"product_tag-gremosana-un-vielmaina","12":"product_tag-kunga-zarnu-trakta-veseliba","13":"product_tag-skiedra-lv","14":"product_tag-vegans","16":"first","17":"instock","18":"sale","19":"featured","20":"taxable","21":"shipping-taxable","22":"purchasable","23":"product-type-simple"},"acf":[],"yoast_head":"<!-- This site is optimized with the Yoast SEO plugin v27.1.1 - https:\/\/yoast.com\/product\/yoast-seo-wordpress\/ -->\n<title>Ak\u0101cijas \u0161\u0137iedra 200g - Puhdas+<\/title>\n<meta name=\"description\" content=\"Ak\u0101cijas \u0161\u0137iedra 200 g \u2013 dab\u012bgas bezglut\u0113na \u0161\u0137iedrvielas gremo\u0161anas atbalstam. Neitr\u0101la gar\u0161a, viegli sajaucamas, piem\u0113rotas veg\u0101niem.\" \/>\n<meta name=\"robots\" content=\"noindex, follow, max-snippet:-1, max-image-preview:large, max-video-preview:-1\" \/>\n<meta property=\"og:locale\" content=\"lv_LV\" \/>\n<meta property=\"og:type\" content=\"article\" \/>\n<meta property=\"og:title\" content=\"Ak\u0101cijas \u0161\u0137iedra 200g - Puhdas+\" \/>\n<meta property=\"og:description\" content=\"Ak\u0101cijas \u0161\u0137iedra 200 g \u2013 dab\u012bgas bezglut\u0113na \u0161\u0137iedrvielas gremo\u0161anas atbalstam. Neitr\u0101la gar\u0161a, viegli sajaucamas, piem\u0113rotas veg\u0101niem.\" \/>\n<meta property=\"og:url\" content=\"https:\/\/test.puhdasplus.ee\/lv\/tooted\/ipasie-piedavajumi\/akacijas-skiedra-200g\/\" \/>\n<meta property=\"og:site_name\" content=\"Puhdas+\" \/>\n<meta property=\"article:publisher\" content=\"https:\/\/www.facebook.com\/puhdasplus\" \/>\n<meta property=\"article:modified_time\" content=\"2026-03-10T12:39:11+00:00\" \/>\n<meta property=\"og:image\" content=\"https:\/\/test.puhdasplus.ee\/wp-content\/uploads\/2025\/03\/45.jpg\" \/>\n\t<meta property=\"og:image:width\" content=\"1862\" \/>\n\t<meta property=\"og:image:height\" content=\"2560\" \/>\n\t<meta property=\"og:image:type\" content=\"image\/jpeg\" \/>\n<meta name=\"twitter:card\" content=\"summary_large_image\" \/>\n<meta name=\"twitter:label1\" content=\"Est. reading time\" \/>\n\t<meta name=\"twitter:data1\" content=\"3 min\u016btes\" \/>\n<script type=\"application\/ld+json\" class=\"yoast-schema-graph\">{\"@context\":\"https:\/\/schema.org\",\"@graph\":[{\"@type\":\"WebPage\",\"@id\":\"https:\/\/test.puhdasplus.ee\/lv\/tooted\/ipasie-piedavajumi\/akacijas-skiedra-200g\/\",\"url\":\"https:\/\/test.puhdasplus.ee\/lv\/tooted\/ipasie-piedavajumi\/akacijas-skiedra-200g\/\",\"name\":\"Ak\u0101cijas \u0161\u0137iedra 200g - Puhdas+\",\"isPartOf\":{\"@id\":\"https:\/\/test.puhdasplus.ee\/lv\/#website\"},\"primaryImageOfPage\":{\"@id\":\"https:\/\/test.puhdasplus.ee\/lv\/tooted\/ipasie-piedavajumi\/akacijas-skiedra-200g\/#primaryimage\"},\"image\":{\"@id\":\"https:\/\/test.puhdasplus.ee\/lv\/tooted\/ipasie-piedavajumi\/akacijas-skiedra-200g\/#primaryimage\"},\"thumbnailUrl\":\"https:\/\/test.puhdasplus.ee\/wp-content\/uploads\/2025\/03\/45.jpg\",\"datePublished\":\"2019-12-06T18:03:40+00:00\",\"dateModified\":\"2026-03-10T12:39:11+00:00\",\"description\":\"Ak\u0101cijas \u0161\u0137iedra 200 g \u2013 dab\u012bgas bezglut\u0113na \u0161\u0137iedrvielas gremo\u0161anas atbalstam. Neitr\u0101la gar\u0161a, viegli sajaucamas, piem\u0113rotas veg\u0101niem.\",\"breadcrumb\":{\"@id\":\"https:\/\/test.puhdasplus.ee\/lv\/tooted\/ipasie-piedavajumi\/akacijas-skiedra-200g\/#breadcrumb\"},\"inLanguage\":\"lv-LV\",\"potentialAction\":[{\"@type\":\"ReadAction\",\"target\":[\"https:\/\/test.puhdasplus.ee\/lv\/tooted\/ipasie-piedavajumi\/akacijas-skiedra-200g\/\"]}]},{\"@type\":\"ImageObject\",\"inLanguage\":\"lv-LV\",\"@id\":\"https:\/\/test.puhdasplus.ee\/lv\/tooted\/ipasie-piedavajumi\/akacijas-skiedra-200g\/#primaryimage\",\"url\":\"https:\/\/test.puhdasplus.ee\/wp-content\/uploads\/2025\/03\/45.jpg\",\"contentUrl\":\"https:\/\/test.puhdasplus.ee\/wp-content\/uploads\/2025\/03\/45.jpg\",\"width\":1862,\"height\":2560,\"caption\":\"Ak\u0101cijas \u0161\u0137iedra (Acacia seyal) 200g\"},{\"@type\":\"BreadcrumbList\",\"@id\":\"https:\/\/test.puhdasplus.ee\/lv\/tooted\/ipasie-piedavajumi\/akacijas-skiedra-200g\/#breadcrumb\",\"itemListElement\":[{\"@type\":\"ListItem\",\"position\":1,\"name\":\"S\u0101kums\",\"item\":\"https:\/\/test.puhdasplus.ee\/lv\/\"},{\"@type\":\"ListItem\",\"position\":2,\"name\":\"Produkti\",\"item\":\"https:\/\/test.puhdasplus.ee\/lv\/veikals\/\"},{\"@type\":\"ListItem\",\"position\":3,\"name\":\"Ak\u0101cijas \u0161\u0137iedra 200g\"}]},{\"@type\":\"WebSite\",\"@id\":\"https:\/\/test.puhdasplus.ee\/lv\/#website\",\"url\":\"https:\/\/test.puhdasplus.ee\/lv\/\",\"name\":\"Puhdas+\",\"description\":\"Vitamiinid, Toidulisandid, looduskosmeetika, tervis, sport\",\"publisher\":{\"@id\":\"https:\/\/test.puhdasplus.ee\/lv\/#organization\"},\"potentialAction\":[{\"@type\":\"SearchAction\",\"target\":{\"@type\":\"EntryPoint\",\"urlTemplate\":\"https:\/\/test.puhdasplus.ee\/lv\/?s={search_term_string}\"},\"query-input\":{\"@type\":\"PropertyValueSpecification\",\"valueRequired\":true,\"valueName\":\"search_term_string\"}}],\"inLanguage\":\"lv-LV\"},{\"@type\":\"Organization\",\"@id\":\"https:\/\/test.puhdasplus.ee\/lv\/#organization\",\"name\":\"Puhdas+\",\"alternateName\":\"Puhdasplus\",\"url\":\"https:\/\/test.puhdasplus.ee\/lv\/\",\"logo\":{\"@type\":\"ImageObject\",\"inLanguage\":\"lv-LV\",\"@id\":\"https:\/\/test.puhdasplus.ee\/lv\/#\/schema\/logo\/image\/\",\"url\":\"https:\/\/test.puhdasplus.ee\/\/wp-content\/uploads\/2019\/10\/puhdas_logo-arvele.png\",\"contentUrl\":\"https:\/\/test.puhdasplus.ee\/\/wp-content\/uploads\/2019\/10\/puhdas_logo-arvele.png\",\"width\":114,\"height\":94,\"caption\":\"Puhdas+\"},\"image\":{\"@id\":\"https:\/\/test.puhdasplus.ee\/lv\/#\/schema\/logo\/image\/\"},\"sameAs\":[\"https:\/\/www.facebook.com\/puhdasplus\",\"https:\/\/www.instagram.com\/puhdasplus_ee\/\"]}]}<\/script>\n<!-- \/ Yoast SEO plugin. -->","yoast_head_json":{"title":"Ak\u0101cijas \u0161\u0137iedra 200g - Puhdas+","description":"Ak\u0101cijas \u0161\u0137iedra 200 g \u2013 dab\u012bgas bezglut\u0113na \u0161\u0137iedrvielas gremo\u0161anas atbalstam. Neitr\u0101la gar\u0161a, viegli sajaucamas, piem\u0113rotas veg\u0101niem.","robots":{"index":"noindex","follow":"follow","max-snippet":"max-snippet:-1","max-image-preview":"max-image-preview:large","max-video-preview":"max-video-preview:-1"},"og_locale":"lv_LV","og_type":"article","og_title":"Ak\u0101cijas \u0161\u0137iedra 200g - Puhdas+","og_description":"Ak\u0101cijas \u0161\u0137iedra 200 g \u2013 dab\u012bgas bezglut\u0113na \u0161\u0137iedrvielas gremo\u0161anas atbalstam. Neitr\u0101la gar\u0161a, viegli sajaucamas, piem\u0113rotas veg\u0101niem.","og_url":"https:\/\/test.puhdasplus.ee\/lv\/tooted\/ipasie-piedavajumi\/akacijas-skiedra-200g\/","og_site_name":"Puhdas+","article_publisher":"https:\/\/www.facebook.com\/puhdasplus","article_modified_time":"2026-03-10T12:39:11+00:00","og_image":[{"width":1862,"height":2560,"url":"https:\/\/test.puhdasplus.ee\/wp-content\/uploads\/2025\/03\/45.jpg","type":"image\/jpeg"}],"twitter_card":"summary_large_image","twitter_misc":{"Est. reading time":"3 min\u016btes"},"schema":{"@context":"https:\/\/schema.org","@graph":[{"@type":"WebPage","@id":"https:\/\/test.puhdasplus.ee\/lv\/tooted\/ipasie-piedavajumi\/akacijas-skiedra-200g\/","url":"https:\/\/test.puhdasplus.ee\/lv\/tooted\/ipasie-piedavajumi\/akacijas-skiedra-200g\/","name":"Ak\u0101cijas \u0161\u0137iedra 200g - Puhdas+","isPartOf":{"@id":"https:\/\/test.puhdasplus.ee\/lv\/#website"},"primaryImageOfPage":{"@id":"https:\/\/test.puhdasplus.ee\/lv\/tooted\/ipasie-piedavajumi\/akacijas-skiedra-200g\/#primaryimage"},"image":{"@id":"https:\/\/test.puhdasplus.ee\/lv\/tooted\/ipasie-piedavajumi\/akacijas-skiedra-200g\/#primaryimage"},"thumbnailUrl":"https:\/\/test.puhdasplus.ee\/wp-content\/uploads\/2025\/03\/45.jpg","datePublished":"2019-12-06T18:03:40+00:00","dateModified":"2026-03-10T12:39:11+00:00","description":"Ak\u0101cijas \u0161\u0137iedra 200 g \u2013 dab\u012bgas bezglut\u0113na \u0161\u0137iedrvielas gremo\u0161anas atbalstam. Neitr\u0101la gar\u0161a, viegli sajaucamas, piem\u0113rotas veg\u0101niem.","breadcrumb":{"@id":"https:\/\/test.puhdasplus.ee\/lv\/tooted\/ipasie-piedavajumi\/akacijas-skiedra-200g\/#breadcrumb"},"inLanguage":"lv-LV","potentialAction":[{"@type":"ReadAction","target":["https:\/\/test.puhdasplus.ee\/lv\/tooted\/ipasie-piedavajumi\/akacijas-skiedra-200g\/"]}]},{"@type":"ImageObject","inLanguage":"lv-LV","@id":"https:\/\/test.puhdasplus.ee\/lv\/tooted\/ipasie-piedavajumi\/akacijas-skiedra-200g\/#primaryimage","url":"https:\/\/test.puhdasplus.ee\/wp-content\/uploads\/2025\/03\/45.jpg","contentUrl":"https:\/\/test.puhdasplus.ee\/wp-content\/uploads\/2025\/03\/45.jpg","width":1862,"height":2560,"caption":"Ak\u0101cijas \u0161\u0137iedra (Acacia seyal) 200g"},{"@type":"BreadcrumbList","@id":"https:\/\/test.puhdasplus.ee\/lv\/tooted\/ipasie-piedavajumi\/akacijas-skiedra-200g\/#breadcrumb","itemListElement":[{"@type":"ListItem","position":1,"name":"S\u0101kums","item":"https:\/\/test.puhdasplus.ee\/lv\/"},{"@type":"ListItem","position":2,"name":"Produkti","item":"https:\/\/test.puhdasplus.ee\/lv\/veikals\/"},{"@type":"ListItem","position":3,"name":"Ak\u0101cijas \u0161\u0137iedra 200g"}]},{"@type":"WebSite","@id":"https:\/\/test.puhdasplus.ee\/lv\/#website","url":"https:\/\/test.puhdasplus.ee\/lv\/","name":"Puhdas+","description":"Vitamiinid, Toidulisandid, looduskosmeetika, tervis, sport","publisher":{"@id":"https:\/\/test.puhdasplus.ee\/lv\/#organization"},"potentialAction":[{"@type":"SearchAction","target":{"@type":"EntryPoint","urlTemplate":"https:\/\/test.puhdasplus.ee\/lv\/?s={search_term_string}"},"query-input":{"@type":"PropertyValueSpecification","valueRequired":true,"valueName":"search_term_string"}}],"inLanguage":"lv-LV"},{"@type":"Organization","@id":"https:\/\/test.puhdasplus.ee\/lv\/#organization","name":"Puhdas+","alternateName":"Puhdasplus","url":"https:\/\/test.puhdasplus.ee\/lv\/","logo":{"@type":"ImageObject","inLanguage":"lv-LV","@id":"https:\/\/test.puhdasplus.ee\/lv\/#\/schema\/logo\/image\/","url":"https:\/\/test.puhdasplus.ee\/\/wp-content\/uploads\/2019\/10\/puhdas_logo-arvele.png","contentUrl":"https:\/\/test.puhdasplus.ee\/\/wp-content\/uploads\/2019\/10\/puhdas_logo-arvele.png","width":114,"height":94,"caption":"Puhdas+"},"image":{"@id":"https:\/\/test.puhdasplus.ee\/lv\/#\/schema\/logo\/image\/"},"sameAs":["https:\/\/www.facebook.com\/puhdasplus","https:\/\/www.instagram.com\/puhdasplus_ee\/"]}]}},"_links":{"self":[{"href":"https:\/\/test.puhdasplus.ee\/lv\/wp-json\/wp\/v2\/product\/353134","targetHints":{"allow":["GET"]}}],"collection":[{"href":"https:\/\/test.puhdasplus.ee\/lv\/wp-json\/wp\/v2\/product"}],"about":[{"href":"https:\/\/test.puhdasplus.ee\/lv\/wp-json\/wp\/v2\/types\/product"}],"replies":[{"embeddable":true,"href":"https:\/\/test.puhdasplus.ee\/lv\/wp-json\/wp\/v2\/comments?post=353134"}],"wp:featuredmedia":[{"embeddable":true,"href":"https:\/\/test.puhdasplus.ee\/lv\/wp-json\/wp\/v2\/media\/353141"}],"wp:attachment":[{"href":"https:\/\/test.puhdasplus.ee\/lv\/wp-json\/wp\/v2\/media?parent=353134"}],"wp:term":[{"taxonomy":"product_brand","embeddable":true,"href":"https:\/\/test.puhdasplus.ee\/lv\/wp-json\/wp\/v2\/product_brand?post=353134"},{"taxonomy":"product_cat","embeddable":true,"href":"https:\/\/test.puhdasplus.ee\/lv\/wp-json\/wp\/v2\/product_cat?post=353134"},{"taxonomy":"product_tag","embeddable":true,"href":"https:\/\/test.puhdasplus.ee\/lv\/wp-json\/wp\/v2\/product_tag?post=353134"}],"curies":[{"name":"wp","href":"https:\/\/api.w.org\/{rel}","templated":true}]}}