{"id":353116,"date":"2020-11-05T06:49:02","date_gmt":"2020-11-05T04:49:02","guid":{"rendered":"https:\/\/test.puhdasplus.ee\/\/tooted\/uncategorized\/kalijs-300-mg-60-kapsulas\/"},"modified":"2026-03-10T14:37:05","modified_gmt":"2026-03-10T12:37:05","slug":"kalijs-300-mg-60-kapsulas","status":"publish","type":"product","link":"https:\/\/test.puhdasplus.ee\/lv\/tooted\/ipasie-piedavajumi\/kalijs-300-mg-60-kapsulas\/","title":{"rendered":"K\u0101lijs 300 mg 60 kapsulas"},"content":{"rendered":"<h3 data-start=\"176\" data-end=\"532\"><strong data-start=\"176\" data-end=\"202\">Atbalsta asinsspiedienu, nervu sist\u0113mas un musku\u013cu darb\u012bbu<\/strong><\/h3>\n<p data-start=\"176\" data-end=\"532\"><strong data-start=\"176\" data-end=\"202\">K\u0101lijs 300 mg<\/strong> ir augstas kvalit\u0101tes uztura bag\u0101tin\u0101t\u0101js, kas pal\u012bdz uztur\u0113t <strong data-start=\"259\" data-end=\"283\">norm\u0101lu asinsspiedienu<\/strong> , atbalsta <strong data-start=\"292\" data-end=\"310\">sirds vesel\u012bbu<\/strong> , <strong data-start=\"312\" data-end=\"350\">nervu sist\u0113mas un musku\u013cu darb\u012bbu<\/strong> . K\u0101lijs ir viens no svar\u012bg\u0101kajiem miner\u0101liem organism\u0101, kas pal\u012bdz uztur\u0113t <strong data-start=\"415\" data-end=\"456\">\u0161\u0137idruma un elektrol\u012btu l\u012bdzsvaru<\/strong> un piedal\u0101s <strong data-start=\"471\" data-end=\"529\">nervu impulsu p\u0101rraid\u0113 un musku\u013cu kontrakcij\u0101s<\/strong> . <\/p>\n<h3><b>K\u0101p\u0113c k\u0101lijs ir noder\u012bgs k\u0101 ikdienas uztura bag\u0101tin\u0101t\u0101js?<\/b><\/h3>\n<ul>\n<li data-start=\"717\" data-end=\"1024\"><strong data-start=\"719\" data-end=\"771\">Pal\u012bdz uztur\u0113t norm\u0101lu asinsspiedienu un sirds ritmu<\/strong><\/li>\n<li data-start=\"717\" data-end=\"1024\"><strong data-start=\"776\" data-end=\"840\">Atbalsta norm\u0101lu nervu sist\u0113mas un musku\u013cu darb\u012bbu<\/strong><\/li>\n<li data-start=\"717\" data-end=\"1024\"><strong data-start=\"845\" data-end=\"895\">Pal\u012bdz uztur\u0113t elektrol\u012btu l\u012bdzsvaru organism\u0101<\/strong><\/li>\n<li data-start=\"717\" data-end=\"1024\"><strong data-start=\"900\" data-end=\"955\">Veg\u0101ns, bez glut\u0113na un laktozes \u2013 ar t\u012br\u0101m sast\u0101vda\u013c\u0101m<\/strong><\/li>\n<li data-start=\"717\" data-end=\"1024\"><strong data-start=\"960\" data-end=\"1022\">Ra\u017eots Somij\u0101, iev\u0113rojot augst\u0101kos kvalit\u0101tes standartus<\/strong><\/li>\n<\/ul>\n<p data-start=\"1026\" data-end=\"1140\"><strong data-start=\"1026\" data-end=\"1041\">Lietojums:<\/strong><br data-start=\"1041\" data-end=\"1044\"> Pieaugu\u0161ajiem lietot 2 kapsulas dien\u0101, uzdzerot gl\u0101zi \u016bdens. <strong data-start=\"1095\" data-end=\"1138\">Nep\u0101rsniegt ieteicamo dienas devu.<\/strong><\/p>\n<p data-start=\"1142\" data-end=\"1282\"><strong data-start=\"1142\" data-end=\"1158\">Sast\u0101vda\u013cas:<\/strong><br data-start=\"1158\" data-end=\"1161\"> K\u0101lija citr\u0101ts, augu izcelsmes kapsula (stabilizators: hidroksipropilmetilceluloze), pildviela (mikrokrist\u0101lisk\u0101 celuloze).<\/p>\n<p data-start=\"1284\" data-end=\"1411\"><strong data-start=\"1284\" data-end=\"1299\">Nesatur:<\/strong> laktozi, raugu, glut\u0113nu, cukuru, s\u0101li, kukur\u016bzu, soju vai saldin\u0101t\u0101jus. Piem\u0113rots veg\u0101niem un ve\u0123et\u0101rie\u0161iem. <\/p>\n<p data-start=\"1413\" data-end=\"1450\"><strong data-start=\"1413\" data-end=\"1448\">Uzturv\u0113rt\u012bbas inform\u0101cija (2 kapsulas):<\/strong> K\u0101lijs: 300 mg (15% no ieteicam\u0101s dienas devas)<\/p>\n","protected":false},"excerpt":{"rendered":"<p><span class=\"s1\">K\u0101lijs veicina<\/span> <b>norm\u0101lu musku\u013cu darb\u012bbu<\/b> <span class=\"s1\">, caur ko tas ar\u012b atbalsta<\/span> <b>musku\u013cu relaks\u0101ciju un kontrakciju<\/b> <span class=\"s1\">.<\/span> <span class=\"s1\">Pietiekams k\u0101lija l\u012bmenis ir svar\u012bgs<\/span> <b>musku\u013cu darb\u012bbas atbalstam un nervu impulsu p\u0101rvadei.<\/b> <span class=\"s1\">Sabalans\u0113ts k\u0101lija l\u012bmenis organism\u0101 pal\u012bdz uztur\u0113t<\/span> <b>norm\u0101lu musku\u013cu un nervu sist\u0113mas darb\u012bbu<\/b> <span class=\"s1\">.<\/span><\/p>\n","protected":false},"featured_media":357381,"comment_status":"closed","ping_status":"closed","template":"","meta":{"_acf_changed":false},"product_brand":[],"product_cat":[3344,3067,3483,3200],"product_tag":[6313,6317,3044,3212,6314,3225,5447,3208,3723,2974],"class_list":{"0":"post-353116","1":"product","2":"type-product","3":"status-publish","4":"has-post-thumbnail","6":"product_cat-gremosana-un-vielmaina","7":"product_cat-ipasie-piedavajumi","8":"product_cat-locitavas-muskuli-un-kauli","9":"product_cat-minerali","10":"product_tag-asinsspiediens","11":"product_tag-elektrolitu-lidzsvars","12":"product_tag-energija-un-nogurums","13":"product_tag-kalijs","14":"product_tag-muskuli","15":"product_tag-muskuli-un-locitavas","16":"product_tag-nervu-sistema-lv","17":"product_tag-nogurums","18":"product_tag-sirds-veseliba","19":"product_tag-vegans","21":"first","22":"instock","23":"sale","24":"taxable","25":"shipping-taxable","26":"purchasable","27":"product-type-simple"},"acf":[],"yoast_head":"<!-- This site is optimized with the Yoast SEO plugin v27.1.1 - https:\/\/yoast.com\/product\/yoast-seo-wordpress\/ -->\n<title>K\u0101lijs 300 mg 60 kapsulas - Puhdas+<\/title>\n<meta name=\"description\" content=\"Ieg\u0101d\u0101jieties Pure+ Potassium 300 mg \u2013 uztura bag\u0101tin\u0101t\u0101ju, kas atbalsta norm\u0101lu asinsspiedienu, nervu sist\u0113mas un musku\u013cu darb\u012bbu. Ar t\u012bru sast\u0101vu, piem\u0113rots veg\u0101niem.\" \/>\n<meta name=\"robots\" content=\"noindex, follow, max-snippet:-1, max-image-preview:large, max-video-preview:-1\" \/>\n<meta property=\"og:locale\" content=\"lv_LV\" \/>\n<meta property=\"og:type\" content=\"article\" \/>\n<meta property=\"og:title\" content=\"K\u0101lijs 300 mg 60 kapsulas - Puhdas+\" \/>\n<meta property=\"og:description\" content=\"Ieg\u0101d\u0101jieties Pure+ Potassium 300 mg \u2013 uztura bag\u0101tin\u0101t\u0101ju, kas atbalsta norm\u0101lu asinsspiedienu, nervu sist\u0113mas un musku\u013cu darb\u012bbu. Ar t\u012bru sast\u0101vu, piem\u0113rots veg\u0101niem.\" \/>\n<meta property=\"og:url\" content=\"https:\/\/test.puhdasplus.ee\/lv\/tooted\/ipasie-piedavajumi\/kalijs-300-mg-60-kapsulas\/\" \/>\n<meta property=\"og:site_name\" content=\"Puhdas+\" \/>\n<meta property=\"article:publisher\" content=\"https:\/\/www.facebook.com\/puhdasplus\" \/>\n<meta property=\"article:modified_time\" content=\"2026-03-10T12:37:05+00:00\" \/>\n<meta property=\"og:image\" content=\"https:\/\/test.puhdasplus.ee\/wp-content\/uploads\/2020\/11\/Kaalium-PuhdasPlus-scaled.jpg\" \/>\n\t<meta property=\"og:image:width\" content=\"1862\" \/>\n\t<meta property=\"og:image:height\" content=\"2560\" \/>\n\t<meta property=\"og:image:type\" content=\"image\/jpeg\" \/>\n<meta name=\"twitter:card\" content=\"summary_large_image\" \/>\n<meta name=\"twitter:label1\" content=\"Est. reading time\" \/>\n\t<meta name=\"twitter:data1\" content=\"1 minute\" \/>\n<script type=\"application\/ld+json\" class=\"yoast-schema-graph\">{\"@context\":\"https:\/\/schema.org\",\"@graph\":[{\"@type\":\"WebPage\",\"@id\":\"https:\/\/test.puhdasplus.ee\/lv\/tooted\/ipasie-piedavajumi\/kalijs-300-mg-60-kapsulas\/\",\"url\":\"https:\/\/test.puhdasplus.ee\/lv\/tooted\/ipasie-piedavajumi\/kalijs-300-mg-60-kapsulas\/\",\"name\":\"K\u0101lijs 300 mg 60 kapsulas - Puhdas+\",\"isPartOf\":{\"@id\":\"https:\/\/test.puhdasplus.ee\/lv\/#website\"},\"primaryImageOfPage\":{\"@id\":\"https:\/\/test.puhdasplus.ee\/lv\/tooted\/ipasie-piedavajumi\/kalijs-300-mg-60-kapsulas\/#primaryimage\"},\"image\":{\"@id\":\"https:\/\/test.puhdasplus.ee\/lv\/tooted\/ipasie-piedavajumi\/kalijs-300-mg-60-kapsulas\/#primaryimage\"},\"thumbnailUrl\":\"https:\/\/test.puhdasplus.ee\/wp-content\/uploads\/2020\/11\/Kaalium-PuhdasPlus-scaled.jpg\",\"datePublished\":\"2020-11-05T04:49:02+00:00\",\"dateModified\":\"2026-03-10T12:37:05+00:00\",\"description\":\"Ieg\u0101d\u0101jieties Pure+ Potassium 300 mg \u2013 uztura bag\u0101tin\u0101t\u0101ju, kas atbalsta norm\u0101lu asinsspiedienu, nervu sist\u0113mas un musku\u013cu darb\u012bbu. Ar t\u012bru sast\u0101vu, piem\u0113rots veg\u0101niem.\",\"breadcrumb\":{\"@id\":\"https:\/\/test.puhdasplus.ee\/lv\/tooted\/ipasie-piedavajumi\/kalijs-300-mg-60-kapsulas\/#breadcrumb\"},\"inLanguage\":\"lv-LV\",\"potentialAction\":[{\"@type\":\"ReadAction\",\"target\":[\"https:\/\/test.puhdasplus.ee\/lv\/tooted\/ipasie-piedavajumi\/kalijs-300-mg-60-kapsulas\/\"]}]},{\"@type\":\"ImageObject\",\"inLanguage\":\"lv-LV\",\"@id\":\"https:\/\/test.puhdasplus.ee\/lv\/tooted\/ipasie-piedavajumi\/kalijs-300-mg-60-kapsulas\/#primaryimage\",\"url\":\"https:\/\/test.puhdasplus.ee\/wp-content\/uploads\/2020\/11\/Kaalium-PuhdasPlus-scaled.jpg\",\"contentUrl\":\"https:\/\/test.puhdasplus.ee\/wp-content\/uploads\/2020\/11\/Kaalium-PuhdasPlus-scaled.jpg\",\"width\":1862,\"height\":2560,\"caption\":\"K\u0101lijs PuhdasPlus\"},{\"@type\":\"BreadcrumbList\",\"@id\":\"https:\/\/test.puhdasplus.ee\/lv\/tooted\/ipasie-piedavajumi\/kalijs-300-mg-60-kapsulas\/#breadcrumb\",\"itemListElement\":[{\"@type\":\"ListItem\",\"position\":1,\"name\":\"S\u0101kums\",\"item\":\"https:\/\/test.puhdasplus.ee\/lv\/\"},{\"@type\":\"ListItem\",\"position\":2,\"name\":\"Produkti\",\"item\":\"https:\/\/test.puhdasplus.ee\/lv\/veikals\/\"},{\"@type\":\"ListItem\",\"position\":3,\"name\":\"K\u0101lijs 300 mg 60 kapsulas\"}]},{\"@type\":\"WebSite\",\"@id\":\"https:\/\/test.puhdasplus.ee\/lv\/#website\",\"url\":\"https:\/\/test.puhdasplus.ee\/lv\/\",\"name\":\"Puhdas+\",\"description\":\"Vitamiinid, Toidulisandid, looduskosmeetika, tervis, sport\",\"publisher\":{\"@id\":\"https:\/\/test.puhdasplus.ee\/lv\/#organization\"},\"potentialAction\":[{\"@type\":\"SearchAction\",\"target\":{\"@type\":\"EntryPoint\",\"urlTemplate\":\"https:\/\/test.puhdasplus.ee\/lv\/?s={search_term_string}\"},\"query-input\":{\"@type\":\"PropertyValueSpecification\",\"valueRequired\":true,\"valueName\":\"search_term_string\"}}],\"inLanguage\":\"lv-LV\"},{\"@type\":\"Organization\",\"@id\":\"https:\/\/test.puhdasplus.ee\/lv\/#organization\",\"name\":\"Puhdas+\",\"alternateName\":\"Puhdasplus\",\"url\":\"https:\/\/test.puhdasplus.ee\/lv\/\",\"logo\":{\"@type\":\"ImageObject\",\"inLanguage\":\"lv-LV\",\"@id\":\"https:\/\/test.puhdasplus.ee\/lv\/#\/schema\/logo\/image\/\",\"url\":\"https:\/\/test.puhdasplus.ee\/\/wp-content\/uploads\/2019\/10\/puhdas_logo-arvele.png\",\"contentUrl\":\"https:\/\/test.puhdasplus.ee\/\/wp-content\/uploads\/2019\/10\/puhdas_logo-arvele.png\",\"width\":114,\"height\":94,\"caption\":\"Puhdas+\"},\"image\":{\"@id\":\"https:\/\/test.puhdasplus.ee\/lv\/#\/schema\/logo\/image\/\"},\"sameAs\":[\"https:\/\/www.facebook.com\/puhdasplus\",\"https:\/\/www.instagram.com\/puhdasplus_ee\/\"]}]}<\/script>\n<!-- \/ Yoast SEO plugin. -->","yoast_head_json":{"title":"K\u0101lijs 300 mg 60 kapsulas - Puhdas+","description":"Ieg\u0101d\u0101jieties Pure+ Potassium 300 mg \u2013 uztura bag\u0101tin\u0101t\u0101ju, kas atbalsta norm\u0101lu asinsspiedienu, nervu sist\u0113mas un musku\u013cu darb\u012bbu. Ar t\u012bru sast\u0101vu, piem\u0113rots veg\u0101niem.","robots":{"index":"noindex","follow":"follow","max-snippet":"max-snippet:-1","max-image-preview":"max-image-preview:large","max-video-preview":"max-video-preview:-1"},"og_locale":"lv_LV","og_type":"article","og_title":"K\u0101lijs 300 mg 60 kapsulas - Puhdas+","og_description":"Ieg\u0101d\u0101jieties Pure+ Potassium 300 mg \u2013 uztura bag\u0101tin\u0101t\u0101ju, kas atbalsta norm\u0101lu asinsspiedienu, nervu sist\u0113mas un musku\u013cu darb\u012bbu. Ar t\u012bru sast\u0101vu, piem\u0113rots veg\u0101niem.","og_url":"https:\/\/test.puhdasplus.ee\/lv\/tooted\/ipasie-piedavajumi\/kalijs-300-mg-60-kapsulas\/","og_site_name":"Puhdas+","article_publisher":"https:\/\/www.facebook.com\/puhdasplus","article_modified_time":"2026-03-10T12:37:05+00:00","og_image":[{"width":1862,"height":2560,"url":"https:\/\/test.puhdasplus.ee\/wp-content\/uploads\/2020\/11\/Kaalium-PuhdasPlus-scaled.jpg","type":"image\/jpeg"}],"twitter_card":"summary_large_image","twitter_misc":{"Est. reading time":"1 minute"},"schema":{"@context":"https:\/\/schema.org","@graph":[{"@type":"WebPage","@id":"https:\/\/test.puhdasplus.ee\/lv\/tooted\/ipasie-piedavajumi\/kalijs-300-mg-60-kapsulas\/","url":"https:\/\/test.puhdasplus.ee\/lv\/tooted\/ipasie-piedavajumi\/kalijs-300-mg-60-kapsulas\/","name":"K\u0101lijs 300 mg 60 kapsulas - Puhdas+","isPartOf":{"@id":"https:\/\/test.puhdasplus.ee\/lv\/#website"},"primaryImageOfPage":{"@id":"https:\/\/test.puhdasplus.ee\/lv\/tooted\/ipasie-piedavajumi\/kalijs-300-mg-60-kapsulas\/#primaryimage"},"image":{"@id":"https:\/\/test.puhdasplus.ee\/lv\/tooted\/ipasie-piedavajumi\/kalijs-300-mg-60-kapsulas\/#primaryimage"},"thumbnailUrl":"https:\/\/test.puhdasplus.ee\/wp-content\/uploads\/2020\/11\/Kaalium-PuhdasPlus-scaled.jpg","datePublished":"2020-11-05T04:49:02+00:00","dateModified":"2026-03-10T12:37:05+00:00","description":"Ieg\u0101d\u0101jieties Pure+ Potassium 300 mg \u2013 uztura bag\u0101tin\u0101t\u0101ju, kas atbalsta norm\u0101lu asinsspiedienu, nervu sist\u0113mas un musku\u013cu darb\u012bbu. Ar t\u012bru sast\u0101vu, piem\u0113rots veg\u0101niem.","breadcrumb":{"@id":"https:\/\/test.puhdasplus.ee\/lv\/tooted\/ipasie-piedavajumi\/kalijs-300-mg-60-kapsulas\/#breadcrumb"},"inLanguage":"lv-LV","potentialAction":[{"@type":"ReadAction","target":["https:\/\/test.puhdasplus.ee\/lv\/tooted\/ipasie-piedavajumi\/kalijs-300-mg-60-kapsulas\/"]}]},{"@type":"ImageObject","inLanguage":"lv-LV","@id":"https:\/\/test.puhdasplus.ee\/lv\/tooted\/ipasie-piedavajumi\/kalijs-300-mg-60-kapsulas\/#primaryimage","url":"https:\/\/test.puhdasplus.ee\/wp-content\/uploads\/2020\/11\/Kaalium-PuhdasPlus-scaled.jpg","contentUrl":"https:\/\/test.puhdasplus.ee\/wp-content\/uploads\/2020\/11\/Kaalium-PuhdasPlus-scaled.jpg","width":1862,"height":2560,"caption":"K\u0101lijs PuhdasPlus"},{"@type":"BreadcrumbList","@id":"https:\/\/test.puhdasplus.ee\/lv\/tooted\/ipasie-piedavajumi\/kalijs-300-mg-60-kapsulas\/#breadcrumb","itemListElement":[{"@type":"ListItem","position":1,"name":"S\u0101kums","item":"https:\/\/test.puhdasplus.ee\/lv\/"},{"@type":"ListItem","position":2,"name":"Produkti","item":"https:\/\/test.puhdasplus.ee\/lv\/veikals\/"},{"@type":"ListItem","position":3,"name":"K\u0101lijs 300 mg 60 kapsulas"}]},{"@type":"WebSite","@id":"https:\/\/test.puhdasplus.ee\/lv\/#website","url":"https:\/\/test.puhdasplus.ee\/lv\/","name":"Puhdas+","description":"Vitamiinid, Toidulisandid, looduskosmeetika, tervis, sport","publisher":{"@id":"https:\/\/test.puhdasplus.ee\/lv\/#organization"},"potentialAction":[{"@type":"SearchAction","target":{"@type":"EntryPoint","urlTemplate":"https:\/\/test.puhdasplus.ee\/lv\/?s={search_term_string}"},"query-input":{"@type":"PropertyValueSpecification","valueRequired":true,"valueName":"search_term_string"}}],"inLanguage":"lv-LV"},{"@type":"Organization","@id":"https:\/\/test.puhdasplus.ee\/lv\/#organization","name":"Puhdas+","alternateName":"Puhdasplus","url":"https:\/\/test.puhdasplus.ee\/lv\/","logo":{"@type":"ImageObject","inLanguage":"lv-LV","@id":"https:\/\/test.puhdasplus.ee\/lv\/#\/schema\/logo\/image\/","url":"https:\/\/test.puhdasplus.ee\/\/wp-content\/uploads\/2019\/10\/puhdas_logo-arvele.png","contentUrl":"https:\/\/test.puhdasplus.ee\/\/wp-content\/uploads\/2019\/10\/puhdas_logo-arvele.png","width":114,"height":94,"caption":"Puhdas+"},"image":{"@id":"https:\/\/test.puhdasplus.ee\/lv\/#\/schema\/logo\/image\/"},"sameAs":["https:\/\/www.facebook.com\/puhdasplus","https:\/\/www.instagram.com\/puhdasplus_ee\/"]}]}},"_links":{"self":[{"href":"https:\/\/test.puhdasplus.ee\/lv\/wp-json\/wp\/v2\/product\/353116","targetHints":{"allow":["GET"]}}],"collection":[{"href":"https:\/\/test.puhdasplus.ee\/lv\/wp-json\/wp\/v2\/product"}],"about":[{"href":"https:\/\/test.puhdasplus.ee\/lv\/wp-json\/wp\/v2\/types\/product"}],"replies":[{"embeddable":true,"href":"https:\/\/test.puhdasplus.ee\/lv\/wp-json\/wp\/v2\/comments?post=353116"}],"wp:featuredmedia":[{"embeddable":true,"href":"https:\/\/test.puhdasplus.ee\/lv\/wp-json\/wp\/v2\/media\/357381"}],"wp:attachment":[{"href":"https:\/\/test.puhdasplus.ee\/lv\/wp-json\/wp\/v2\/media?parent=353116"}],"wp:term":[{"taxonomy":"product_brand","embeddable":true,"href":"https:\/\/test.puhdasplus.ee\/lv\/wp-json\/wp\/v2\/product_brand?post=353116"},{"taxonomy":"product_cat","embeddable":true,"href":"https:\/\/test.puhdasplus.ee\/lv\/wp-json\/wp\/v2\/product_cat?post=353116"},{"taxonomy":"product_tag","embeddable":true,"href":"https:\/\/test.puhdasplus.ee\/lv\/wp-json\/wp\/v2\/product_tag?post=353116"}],"curies":[{"name":"wp","href":"https:\/\/api.w.org\/{rel}","templated":true}]}}