{"id":35253,"date":"2020-11-19T20:07:08","date_gmt":"2020-11-19T18:07:08","guid":{"rendered":"https:\/\/test.puhdasplus.ee\/\/tooted\/uncategorized\/skaistuma-kolagens-un-hialuronskabe-c-vitamins-120-kapsulas\/"},"modified":"2026-03-10T14:37:07","modified_gmt":"2026-03-10T12:37:07","slug":"skaistuma-kolagens-un-hialuronskabe-c-vitamins-120-kapsulas","status":"publish","type":"product","link":"https:\/\/test.puhdasplus.ee\/lv\/tooted\/ada-mati-nagi\/kolagens\/skaistuma-kolagens-un-hialuronskabe-c-vitamins-120-kapsulas\/","title":{"rendered":"Skaistuma kolag\u0113ns un hialuronsk\u0101be + C vitam\u012bns 120 kapsulas"},"content":{"rendered":"<h2 data-start=\"430\" data-end=\"784\">Kas ir Pure+ kolag\u0113ns un hialuronsk\u0101be?<\/h2>\n<p class=\"\" data-start=\"430\" data-end=\"784\">Pure+ Collagen &amp; Hyaluronic Acid ir augstas kvalit\u0101tes uztura bag\u0101tin\u0101t\u0101js, kas ra\u017eots Somij\u0101 un apvieno \u0101das un saistaudu labsaj\u016btai svar\u012bgas sast\u0101vda\u013cas: <strong data-start=\"568\" data-end=\"600\">hidroliz\u0113tu zivju kolag\u0113nu<\/strong> , <strong data-start=\"602\" data-end=\"620\">hialuronsk\u0101bi<\/strong> , <strong data-start=\"622\" data-end=\"637\">C vitam\u012bnu<\/strong> , <strong data-start=\"639\" data-end=\"651\">biot\u012bnu<\/strong> un <strong data-start=\"655\" data-end=\"665\">cinku<\/strong> . Produkts ir izstr\u0101d\u0101ts, lai atbalst\u012btu \u0101das elast\u012bbu, mitrin\u0101\u0161anu un kop\u0113jo strukt\u016bru, k\u0101 ar\u012b norm\u0101lu matu un nagu st\u0101vokli. <\/p>\n<p class=\"\" data-start=\"786\" data-end=\"922\">T\u0101 ir ide\u0101la izv\u0113le cilv\u0113kiem, kuri v\u0113las atbalst\u012bt jaunekl\u012bgu \u0101du, mazin\u0101t noveco\u0161an\u0101s paz\u012bmes vai stiprin\u0101t saistaudus un loc\u012btavas.<\/p>\n<p class=\"\" data-start=\"421\" data-end=\"542\"><span class=\"relative -mx-px my-[-0.2rem] rounded px-px py-[0.2rem] transition-colors duration-100 ease-in-out\">Produkts nesatur konservantus, kr\u0101svielas vai citas piedevas.<\/span> <span class=\"relative -mx-px my-[-0.2rem] rounded px-px py-[0.2rem] transition-colors duration-100 ease-in-out\">Bez laktozes, bez glut\u0113na, bez rauga, bez cukura un bez sojas.<\/span><\/p>\n<h2 data-start=\"929\" data-end=\"957\">K\u0101p\u0113c Pure+ kolag\u0113ns un hialuronsk\u0101be ir tik labv\u0113l\u012bgi?<\/h2>\n<h3 data-start=\"959\" data-end=\"1014\">1. Kolag\u0113ns \u2013 \u0101das un saistaudu strukt\u016bras pamats<\/h3>\n<p class=\"\" data-start=\"1016\" data-end=\"1359\">Kolag\u0113ns ir visizplat\u012bt\u0101kais prote\u012bns organism\u0101, kas veido lielu da\u013cu \u0101das, c\u012bpslu, sai\u0161u un loc\u012btavu. Kolag\u0113na ra\u017eo\u0161ana pal\u0113nin\u0101s ar vecumu, kas var izrais\u012bt \u0101das \u013cenganumu un loc\u012btavu st\u012bvumu. Puhdas+ satur <strong data-start=\"1248\" data-end=\"1280\">hidroliz\u0113tu zivju kolag\u0113nu<\/strong> , kas viegli uzs\u016bcas un pal\u012bdz atjaunot kolag\u0113na rezerves organism\u0101.  <\/p>\n<h3 data-start=\"1361\" data-end=\"1404\">2. Hialuronsk\u0101be \u2013 mitruma saglab\u0101\u0161anas l\u012bdzeklis<\/h3>\n<p class=\"\" data-start=\"1406\" data-end=\"1670\">Hialuronsk\u0101be ir dabiska viela, kas saist\u0101s ar \u016bdeni un pal\u012bdz saglab\u0101t \u0101du mitrin\u0101tu un tvirtu. T\u0101s l\u012bmenis organism\u0101 ar\u012b samazin\u0101s l\u012bdz ar vecumu. Hialuronsk\u0101bes lieto\u0161ana k\u0101 uztura bag\u0101tin\u0101t\u0101js var uztur\u0113t \u0101das mitruma l\u012bmeni un pal\u012bdz\u0113t saglab\u0101t gludu, elast\u012bgu \u0101du.  <\/p>\n<h3 data-start=\"1672\" data-end=\"1730\">3. C vitam\u012bns \u2013 nepiecie\u0161ams kolag\u0113na veido\u0161anai<\/h3>\n<p class=\"\" data-start=\"1732\" data-end=\"1959\">C vitam\u012bnam ir b\u016btiska loma kolag\u0113na sint\u0113z\u0113 un tas pal\u012bdz aizsarg\u0101t \u0161\u016bnas no oksidat\u012bv\u0101 stresa. Bez pietiekama C vitam\u012bna daudzuma organisms nevar efekt\u012bvi ra\u017eot kolag\u0113nu. Tas ar\u012b atbalsta im\u016bnsist\u0113mu un ener\u0123ijas metabolismu.  <\/p>\n<h3 data-start=\"1961\" data-end=\"2024\">4. Biot\u012bns un cinks \u2013 matu, \u0101das un nagu atbalstam<\/h3>\n<p class=\"\" data-start=\"2026\" data-end=\"2229\">Biot\u012bns un cinks ir svar\u012bgi mikroelementi, kas pal\u012bdz uztur\u0113t norm\u0101lu \u0101das, matu un nagu st\u0101vokli. Cinkam ir ar\u012b noz\u012bme im\u016bnsist\u0113mas darb\u012bb\u0101 un \u0161\u016bnu aizsardz\u012bb\u0101 pret oksidat\u012bvo stresu. <\/p>\n<h2 data-start=\"2236\" data-end=\"2262\">Kam piem\u0113rots Puhdas+ kolag\u0113ns un hialuronsk\u0101be?<\/h2>\n<ul data-start=\"2264\" data-end=\"2563\">\n<li class=\"\" data-start=\"2264\" data-end=\"2327\">\n<p class=\"\" data-start=\"2266\" data-end=\"2327\">Pieaugu\u0161ajiem, kuri v\u0113las atbalst\u012bt \u0101das un saistaudu vesel\u012bbu<\/p>\n<\/li>\n<li class=\"\" data-start=\"2328\" data-end=\"2384\">\n<p class=\"\" data-start=\"2330\" data-end=\"2384\">Cilv\u0113kiem ar sausu vai \u013cenganu \u0101du<\/p>\n<\/li>\n<li class=\"\" data-start=\"2385\" data-end=\"2434\">\n<p class=\"\" data-start=\"2387\" data-end=\"2434\">Tiem, kas v\u0113las stiprin\u0101t matus un nagus<\/p>\n<\/li>\n<li class=\"\" data-start=\"2435\" data-end=\"2515\">\n<p class=\"\" data-start=\"2437\" data-end=\"2515\">Fiziski akt\u012bviem cilv\u0113kiem, kuriem nepiecie\u0161ams atbalsts loc\u012btav\u0101m un c\u012bpsl\u0101m<\/p>\n<\/li>\n<li class=\"\" data-start=\"2516\" data-end=\"2563\">\n<p class=\"\" data-start=\"2518\" data-end=\"2563\">Ikvienam, kur\u0161 v\u0113las nov\u0113rst noveco\u0161an\u0101s paz\u012bmes<\/p>\n<\/li>\n<\/ul>\n<h2 data-start=\"549\" data-end=\"564\">Sast\u0101vda\u013cas<\/h2>\n<p class=\"\" data-start=\"566\" data-end=\"651\"><span class=\"relative -mx-px my-[-0.2rem] rounded px-px py-[0.2rem] transition-colors duration-100 ease-in-out\">Hidroliz\u0113ts zivju kolag\u0113ns, kapsulas apvalks (hidroksipropilmetilceluloze), L-askorb\u012bnsk\u0101be (C vitam\u012bns), cinka citr\u0101ts, Dermial\u00ae ekstrakts (gai\u013ca \u0137emmes ekstrakts), D-biot\u012bns.<\/span><\/p>\n<h2 data-start=\"2570\" data-end=\"2594\">Produkts nesatur<\/h2>\n<ul data-start=\"2596\" data-end=\"2714\">\n<li class=\"\" data-start=\"2596\" data-end=\"2614\">\n<p class=\"\" data-start=\"2598\" data-end=\"2614\">Konservanti<\/p>\n<\/li>\n<li class=\"\" data-start=\"2615\" data-end=\"2656\">\n<p class=\"\" data-start=\"2617\" data-end=\"2656\">M\u0101ksl\u012bgie saldin\u0101t\u0101ji vai kr\u0101svielas<\/p>\n<\/li>\n<li class=\"\" data-start=\"2657\" data-end=\"2714\">\n<p class=\"\" data-start=\"2659\" data-end=\"2714\">Bez laktozes, glut\u0113na, rauga, sojas vai pievienota cukura<\/p>\n<\/li>\n<\/ul>\n<p class=\"\" data-start=\"2716\" data-end=\"2829\">Produkts ir piem\u0113rots ar\u012b cilv\u0113kiem ar jut\u012bg\u0101ku gremo\u0161anu un tiem, kas iev\u0113ro aler\u0123ijas vai nepanes\u012bbas di\u0113tas.<\/p>\n<h2 data-start=\"658\" data-end=\"685\">Akt\u012bv\u0101s vielas 1\u20134 kapsul\u0101s:<\/h2>\n<ul data-start=\"687\" data-end=\"950\">\n<li class=\"\" data-start=\"687\" data-end=\"730\">\n<p class=\"\" data-start=\"689\" data-end=\"730\"><span class=\"relative -mx-px my-[-0.2rem] rounded px-px py-[0.2rem] transition-colors duration-100 ease-in-out\">Zivju kolag\u0113ns: 250\u20131000 mg<\/span><\/p>\n<\/li>\n<li class=\"\" data-start=\"731\" data-end=\"774\">\n<p class=\"\" data-start=\"733\" data-end=\"774\"><span class=\"relative -mx-px my-[-0.2rem] rounded px-px py-[0.2rem] transition-colors duration-100 ease-in-out\">Dermial\u00ae ekstrakts (gai\u013ca \u0137emmes ekstrakts): 15\u201360 mg, tostarp hialuronsk\u0101be 10\u201340 mg<\/span><\/p>\n<\/li>\n<li class=\"\" data-start=\"775\" data-end=\"818\">\n<p class=\"\" data-start=\"777\" data-end=\"818\"><span class=\"relative -mx-px my-[-0.2rem] rounded px-px py-[0.2rem] transition-colors duration-100 ease-in-out\">C vitam\u012bns: 40\u2013160 mg (50\u2013200% no ieteicam\u0101s dienas devas*)<\/span><\/p>\n<\/li>\n<li class=\"\" data-start=\"819\" data-end=\"862\">\n<p class=\"\" data-start=\"821\" data-end=\"862\"><span class=\"relative -mx-px my-[-0.2rem] rounded px-px py-[0.2rem] transition-colors duration-100 ease-in-out\">Cinks: 3,75\u201315 mg (38\u2013150 % no ieteicam\u0101s dienas devas*)<\/span><\/p>\n<\/li>\n<li class=\"\" data-start=\"863\" data-end=\"950\">\n<p class=\"\" data-start=\"865\" data-end=\"950\"><span class=\"relative -mx-px my-[-0.2rem] rounded px-px py-[0.2rem] transition-colors duration-100 ease-in-out\">Biot\u012bns: 100\u2013400 \u00b5g (200\u2013800% no ieteicam\u0101s dienas devas*)<\/span><\/p>\n<\/li>\n<\/ul>\n<p class=\"\" data-start=\"952\" data-end=\"1037\"><span class=\"relative -mx-px my-[-0.2rem] rounded px-px py-[0.2rem] transition-colors duration-100 ease-in-out\">*NRV \u2013 ieteicam\u0101 dienas deva<\/span><\/p>\n<h2 data-start=\"1044\" data-end=\"1063\">Lietot\u0101ja rokasgr\u0101mata<\/h2>\n<p class=\"\" data-start=\"1065\" data-end=\"1270\"><span class=\"relative -mx-px my-[-0.2rem] rounded px-px py-[0.2rem] transition-colors duration-100 ease-in-out\">Pieaugu\u0161ajiem 1\u20134 kapsulas dien\u0101.<\/span> <span class=\"relative -mx-px my-[-0.2rem] rounded px-px py-[0.2rem] transition-colors duration-100 ease-in-out\">Nep\u0101rsniegt ieteicamo dienas devu.<\/span> <span class=\"relative -mx-px my-[-0.2rem] rounded px-px py-[0.2rem] transition-colors duration-100 ease-in-out\">\u0160is uztura bag\u0101tin\u0101t\u0101js neaizst\u0101j daudzveid\u012bgu un sabalans\u0113tu uzturu vai vesel\u012bgu dz\u012bvesveidu.<\/span> <span class=\"relative -mx-px my-[-0.2rem] rounded px-px py-[0.2rem] transition-colors duration-100 ease-in-out\">Sarg\u0101t no b\u0113rniem.<\/span><\/p>\n<h2 data-start=\"1277\" data-end=\"1292\">Uzglab\u0101\u0161ana<\/h2>\n<p class=\"\" data-start=\"1294\" data-end=\"1379\"><span class=\"relative -mx-px my-[-0.2rem] rounded px-px py-[0.2rem] transition-colors duration-100 ease-in-out\">Uzglab\u0101t istabas temperat\u016br\u0101, saus\u0101 viet\u0101 un sarg\u0101t no gaismas.<\/span><\/p>\n<h2 data-start=\"1386\" data-end=\"1404\">Iepakojuma izm\u0113rs<\/h2>\n<p class=\"\" data-start=\"1406\" data-end=\"1491\"><strong>Neto svars: 50 g \/ 120 kapsulas<\/strong><\/p>\n","protected":false},"excerpt":{"rendered":"<p class=\"\" data-start=\"323\" data-end=\"650\">Novecojot, m\u016bsu organisma dabisk\u0101 kolag\u0113na ra\u017eo\u0161ana pal\u0113nin\u0101s, \u0101das mitruma l\u012bmenis samazin\u0101s un s\u0101k par\u0101d\u012bties pirm\u0101s noveco\u0161an\u0101s paz\u012bmes. Vienlaikus mati var k\u013c\u016bt trausl\u0101ki un nagi v\u0101j\u0101ki. Pure+ kolag\u0113na un hialuronsk\u0101bes kapsulas ir paredz\u0113tas, lai atbalst\u012btu j\u016bsu \u0137ermeni no iek\u0161puses uz \u0101ru \u2013 dabisk\u0101 un efekt\u012bv\u0101 veid\u0101.  <\/p>\n<p class=\"\" data-start=\"652\" data-end=\"974\">\u0160is augstas kvalit\u0101tes uztura bag\u0101tin\u0101t\u0101js satur hidroliz\u0113tu <strong data-start=\"703\" data-end=\"721\">zivju kolag\u0113nu<\/strong> , kas labi uzs\u016bcas un pal\u012bdz saglab\u0101t \u0101das elast\u012bbu un stiprin\u0101t saistaudus. <strong data-start=\"800\" data-end=\"817\">Hialuronsk\u0101be<\/strong> ir galven\u0101 sast\u0101vda\u013ca \u0101das mitruma uztur\u0113\u0161an\u0101 \u2013 t\u0101 pal\u012bdz saglab\u0101t \u0101du maigu, gludu un \u201cpiln\u012bgu\u201d, pie\u0161\u0137irot tai jaun\u0101ku izskatu.<\/p>\n<p class=\"\" data-start=\"976\" data-end=\"1249\">Turkl\u0101t produkts satur <strong data-start=\"998\" data-end=\"1013\">C vitam\u012bnu<\/strong> , kas ir svar\u012bgs kolag\u0113na veido\u0161anai un pal\u012bdz aizsarg\u0101t \u0161\u016bnas no oksidat\u012bv\u0101 stresa. <strong data-start=\"1112\" data-end=\"1132\">Biot\u012bns un cinks<\/strong> veicina norm\u0101lu \u0101das, matu un nagu st\u0101vokli, k\u0101 ar\u012b tiem ir svar\u012bga loma \u0161\u016bnu atjauno\u0161an\u0101 un vielmai\u0146\u0101.<\/p>\n<p class=\"\" data-start=\"1251\" data-end=\"1523\">\u0160\u012b ir \u012bpa\u0161i noder\u012bga iesp\u0113ja tiem, kam \u0161\u0137iet, ka vi\u0146u \u0101da ir sausa, zaud\u0113jusi elast\u012bbu, ir pl\u0101ni mati vai trausli nagi. T\u0101 ir ar\u012b laba izv\u0113le tiem, kas v\u0113las nov\u0113rst noveco\u0161an\u0101s paz\u012bmes vai atbalst\u012bt akt\u012bvu dz\u012bvesveidu loc\u012btavu un saistaudu vesel\u012bbai. <\/p>\n<p class=\"\" data-start=\"1525\" data-end=\"1720\">Puhdas+ produkti ir paz\u012bstami <strong data-start=\"1554\" data-end=\"1600\">ar savu t\u012br\u012bbu un sast\u0101vu bez piedev\u0101m<\/strong> \u2013 tas noz\u012bm\u0113, ka kapsulas nesatur konservantus, kr\u0101svielas vai alerg\u0113nus, piem\u0113ram, laktozi, glut\u0113nu, soju vai raugu.<\/p>\n","protected":false},"featured_media":35257,"comment_status":"closed","ping_status":"closed","template":"","meta":{"_acf_changed":false},"product_brand":[],"product_cat":[3296,3297,3067,4069],"product_tag":[6208,6209,3299,3202,4059,5566,3484],"class_list":{"0":"post-35253","1":"product","2":"type-product","3":"status-publish","4":"has-post-thumbnail","6":"product_cat-ada-mati-nagi","7":"product_cat-biotins","8":"product_cat-ipasie-piedavajumi","9":"product_cat-kolagens","10":"product_tag-adai-un-matiem","11":"product_tag-biotina-un-cinka-kapsulas","12":"product_tag-biotins","13":"product_tag-c-vitamins-lv","14":"product_tag-cinks","15":"product_tag-hialuronskabes-kapsulas-lv","16":"product_tag-kolagens","18":"first","19":"instock","20":"sale","21":"featured","22":"taxable","23":"shipping-taxable","24":"purchasable","25":"product-type-simple"},"acf":[],"yoast_head":"<!-- This site is optimized with the Yoast SEO plugin v27.1.1 - https:\/\/yoast.com\/product\/yoast-seo-wordpress\/ -->\n<title>Skaistuma kolag\u0113ns un hialuronsk\u0101be + C vitam\u012bns 120 kapsulas - Puhdas+<\/title>\n<meta name=\"description\" content=\"Dabiski atbalsta \u0101das elast\u012bbu un matu vesel\u012bbu \u2013 Puhdas+ kolag\u0113na un hialuronsk\u0101bes kapsulas ar C vitam\u012bnu, biot\u012bnu un cinku.\" \/>\n<meta name=\"robots\" content=\"noindex, follow, max-snippet:-1, max-image-preview:large, max-video-preview:-1\" \/>\n<meta property=\"og:locale\" content=\"lv_LV\" \/>\n<meta property=\"og:type\" content=\"article\" \/>\n<meta property=\"og:title\" content=\"Skaistuma kolag\u0113ns un hialuronsk\u0101be + C vitam\u012bns 120 kapsulas - Puhdas+\" \/>\n<meta property=\"og:description\" content=\"Dabiski atbalsta \u0101das elast\u012bbu un matu vesel\u012bbu \u2013 Puhdas+ kolag\u0113na un hialuronsk\u0101bes kapsulas ar C vitam\u012bnu, biot\u012bnu un cinku.\" \/>\n<meta property=\"og:url\" content=\"https:\/\/test.puhdasplus.ee\/lv\/tooted\/ada-mati-nagi\/kolagens\/skaistuma-kolagens-un-hialuronskabe-c-vitamins-120-kapsulas\/\" \/>\n<meta property=\"og:site_name\" content=\"Puhdas+\" \/>\n<meta property=\"article:publisher\" content=\"https:\/\/www.facebook.com\/puhdasplus\" \/>\n<meta property=\"article:modified_time\" content=\"2026-03-10T12:37:07+00:00\" \/>\n<meta property=\"og:image\" content=\"https:\/\/test.puhdasplus.ee\/wp-content\/uploads\/2020\/11\/Untitled-design-46-scaled.jpg\" \/>\n\t<meta property=\"og:image:width\" content=\"1862\" \/>\n\t<meta property=\"og:image:height\" content=\"2560\" \/>\n\t<meta property=\"og:image:type\" content=\"image\/jpeg\" \/>\n<meta name=\"twitter:card\" content=\"summary_large_image\" \/>\n<meta name=\"twitter:label1\" content=\"Est. reading time\" \/>\n\t<meta name=\"twitter:data1\" content=\"3 min\u016btes\" \/>\n<script type=\"application\/ld+json\" class=\"yoast-schema-graph\">{\"@context\":\"https:\/\/schema.org\",\"@graph\":[{\"@type\":\"WebPage\",\"@id\":\"https:\/\/test.puhdasplus.ee\/lv\/tooted\/ada-mati-nagi\/kolagens\/skaistuma-kolagens-un-hialuronskabe-c-vitamins-120-kapsulas\/\",\"url\":\"https:\/\/test.puhdasplus.ee\/lv\/tooted\/ada-mati-nagi\/kolagens\/skaistuma-kolagens-un-hialuronskabe-c-vitamins-120-kapsulas\/\",\"name\":\"Skaistuma kolag\u0113ns un hialuronsk\u0101be + C vitam\u012bns 120 kapsulas - Puhdas+\",\"isPartOf\":{\"@id\":\"https:\/\/test.puhdasplus.ee\/lv\/#website\"},\"primaryImageOfPage\":{\"@id\":\"https:\/\/test.puhdasplus.ee\/lv\/tooted\/ada-mati-nagi\/kolagens\/skaistuma-kolagens-un-hialuronskabe-c-vitamins-120-kapsulas\/#primaryimage\"},\"image\":{\"@id\":\"https:\/\/test.puhdasplus.ee\/lv\/tooted\/ada-mati-nagi\/kolagens\/skaistuma-kolagens-un-hialuronskabe-c-vitamins-120-kapsulas\/#primaryimage\"},\"thumbnailUrl\":\"https:\/\/test.puhdasplus.ee\/wp-content\/uploads\/2020\/11\/Untitled-design-46-scaled.jpg\",\"datePublished\":\"2020-11-19T18:07:08+00:00\",\"dateModified\":\"2026-03-10T12:37:07+00:00\",\"description\":\"Dabiski atbalsta \u0101das elast\u012bbu un matu vesel\u012bbu \u2013 Puhdas+ kolag\u0113na un hialuronsk\u0101bes kapsulas ar C vitam\u012bnu, biot\u012bnu un cinku.\",\"breadcrumb\":{\"@id\":\"https:\/\/test.puhdasplus.ee\/lv\/tooted\/ada-mati-nagi\/kolagens\/skaistuma-kolagens-un-hialuronskabe-c-vitamins-120-kapsulas\/#breadcrumb\"},\"inLanguage\":\"lv-LV\",\"potentialAction\":[{\"@type\":\"ReadAction\",\"target\":[\"https:\/\/test.puhdasplus.ee\/lv\/tooted\/ada-mati-nagi\/kolagens\/skaistuma-kolagens-un-hialuronskabe-c-vitamins-120-kapsulas\/\"]}]},{\"@type\":\"ImageObject\",\"inLanguage\":\"lv-LV\",\"@id\":\"https:\/\/test.puhdasplus.ee\/lv\/tooted\/ada-mati-nagi\/kolagens\/skaistuma-kolagens-un-hialuronskabe-c-vitamins-120-kapsulas\/#primaryimage\",\"url\":\"https:\/\/test.puhdasplus.ee\/wp-content\/uploads\/2020\/11\/Untitled-design-46-scaled.jpg\",\"contentUrl\":\"https:\/\/test.puhdasplus.ee\/wp-content\/uploads\/2020\/11\/Untitled-design-46-scaled.jpg\",\"width\":1862,\"height\":2560,\"caption\":\"Skaistuma kolag\u0113ns un hialuronsk\u0101be + C vitam\u012bns\"},{\"@type\":\"BreadcrumbList\",\"@id\":\"https:\/\/test.puhdasplus.ee\/lv\/tooted\/ada-mati-nagi\/kolagens\/skaistuma-kolagens-un-hialuronskabe-c-vitamins-120-kapsulas\/#breadcrumb\",\"itemListElement\":[{\"@type\":\"ListItem\",\"position\":1,\"name\":\"S\u0101kums\",\"item\":\"https:\/\/test.puhdasplus.ee\/lv\/\"},{\"@type\":\"ListItem\",\"position\":2,\"name\":\"Produkti\",\"item\":\"https:\/\/test.puhdasplus.ee\/lv\/veikals\/\"},{\"@type\":\"ListItem\",\"position\":3,\"name\":\"Skaistuma kolag\u0113ns un hialuronsk\u0101be + C vitam\u012bns 120 kapsulas\"}]},{\"@type\":\"WebSite\",\"@id\":\"https:\/\/test.puhdasplus.ee\/lv\/#website\",\"url\":\"https:\/\/test.puhdasplus.ee\/lv\/\",\"name\":\"Puhdas+\",\"description\":\"Vitamiinid, Toidulisandid, looduskosmeetika, tervis, sport\",\"publisher\":{\"@id\":\"https:\/\/test.puhdasplus.ee\/lv\/#organization\"},\"potentialAction\":[{\"@type\":\"SearchAction\",\"target\":{\"@type\":\"EntryPoint\",\"urlTemplate\":\"https:\/\/test.puhdasplus.ee\/lv\/?s={search_term_string}\"},\"query-input\":{\"@type\":\"PropertyValueSpecification\",\"valueRequired\":true,\"valueName\":\"search_term_string\"}}],\"inLanguage\":\"lv-LV\"},{\"@type\":\"Organization\",\"@id\":\"https:\/\/test.puhdasplus.ee\/lv\/#organization\",\"name\":\"Puhdas+\",\"alternateName\":\"Puhdasplus\",\"url\":\"https:\/\/test.puhdasplus.ee\/lv\/\",\"logo\":{\"@type\":\"ImageObject\",\"inLanguage\":\"lv-LV\",\"@id\":\"https:\/\/test.puhdasplus.ee\/lv\/#\/schema\/logo\/image\/\",\"url\":\"https:\/\/test.puhdasplus.ee\/\/wp-content\/uploads\/2019\/10\/puhdas_logo-arvele.png\",\"contentUrl\":\"https:\/\/test.puhdasplus.ee\/\/wp-content\/uploads\/2019\/10\/puhdas_logo-arvele.png\",\"width\":114,\"height\":94,\"caption\":\"Puhdas+\"},\"image\":{\"@id\":\"https:\/\/test.puhdasplus.ee\/lv\/#\/schema\/logo\/image\/\"},\"sameAs\":[\"https:\/\/www.facebook.com\/puhdasplus\",\"https:\/\/www.instagram.com\/puhdasplus_ee\/\"]}]}<\/script>\n<!-- \/ Yoast SEO plugin. -->","yoast_head_json":{"title":"Skaistuma kolag\u0113ns un hialuronsk\u0101be + C vitam\u012bns 120 kapsulas - Puhdas+","description":"Dabiski atbalsta \u0101das elast\u012bbu un matu vesel\u012bbu \u2013 Puhdas+ kolag\u0113na un hialuronsk\u0101bes kapsulas ar C vitam\u012bnu, biot\u012bnu un cinku.","robots":{"index":"noindex","follow":"follow","max-snippet":"max-snippet:-1","max-image-preview":"max-image-preview:large","max-video-preview":"max-video-preview:-1"},"og_locale":"lv_LV","og_type":"article","og_title":"Skaistuma kolag\u0113ns un hialuronsk\u0101be + C vitam\u012bns 120 kapsulas - Puhdas+","og_description":"Dabiski atbalsta \u0101das elast\u012bbu un matu vesel\u012bbu \u2013 Puhdas+ kolag\u0113na un hialuronsk\u0101bes kapsulas ar C vitam\u012bnu, biot\u012bnu un cinku.","og_url":"https:\/\/test.puhdasplus.ee\/lv\/tooted\/ada-mati-nagi\/kolagens\/skaistuma-kolagens-un-hialuronskabe-c-vitamins-120-kapsulas\/","og_site_name":"Puhdas+","article_publisher":"https:\/\/www.facebook.com\/puhdasplus","article_modified_time":"2026-03-10T12:37:07+00:00","og_image":[{"width":1862,"height":2560,"url":"https:\/\/test.puhdasplus.ee\/wp-content\/uploads\/2020\/11\/Untitled-design-46-scaled.jpg","type":"image\/jpeg"}],"twitter_card":"summary_large_image","twitter_misc":{"Est. reading time":"3 min\u016btes"},"schema":{"@context":"https:\/\/schema.org","@graph":[{"@type":"WebPage","@id":"https:\/\/test.puhdasplus.ee\/lv\/tooted\/ada-mati-nagi\/kolagens\/skaistuma-kolagens-un-hialuronskabe-c-vitamins-120-kapsulas\/","url":"https:\/\/test.puhdasplus.ee\/lv\/tooted\/ada-mati-nagi\/kolagens\/skaistuma-kolagens-un-hialuronskabe-c-vitamins-120-kapsulas\/","name":"Skaistuma kolag\u0113ns un hialuronsk\u0101be + C vitam\u012bns 120 kapsulas - Puhdas+","isPartOf":{"@id":"https:\/\/test.puhdasplus.ee\/lv\/#website"},"primaryImageOfPage":{"@id":"https:\/\/test.puhdasplus.ee\/lv\/tooted\/ada-mati-nagi\/kolagens\/skaistuma-kolagens-un-hialuronskabe-c-vitamins-120-kapsulas\/#primaryimage"},"image":{"@id":"https:\/\/test.puhdasplus.ee\/lv\/tooted\/ada-mati-nagi\/kolagens\/skaistuma-kolagens-un-hialuronskabe-c-vitamins-120-kapsulas\/#primaryimage"},"thumbnailUrl":"https:\/\/test.puhdasplus.ee\/wp-content\/uploads\/2020\/11\/Untitled-design-46-scaled.jpg","datePublished":"2020-11-19T18:07:08+00:00","dateModified":"2026-03-10T12:37:07+00:00","description":"Dabiski atbalsta \u0101das elast\u012bbu un matu vesel\u012bbu \u2013 Puhdas+ kolag\u0113na un hialuronsk\u0101bes kapsulas ar C vitam\u012bnu, biot\u012bnu un cinku.","breadcrumb":{"@id":"https:\/\/test.puhdasplus.ee\/lv\/tooted\/ada-mati-nagi\/kolagens\/skaistuma-kolagens-un-hialuronskabe-c-vitamins-120-kapsulas\/#breadcrumb"},"inLanguage":"lv-LV","potentialAction":[{"@type":"ReadAction","target":["https:\/\/test.puhdasplus.ee\/lv\/tooted\/ada-mati-nagi\/kolagens\/skaistuma-kolagens-un-hialuronskabe-c-vitamins-120-kapsulas\/"]}]},{"@type":"ImageObject","inLanguage":"lv-LV","@id":"https:\/\/test.puhdasplus.ee\/lv\/tooted\/ada-mati-nagi\/kolagens\/skaistuma-kolagens-un-hialuronskabe-c-vitamins-120-kapsulas\/#primaryimage","url":"https:\/\/test.puhdasplus.ee\/wp-content\/uploads\/2020\/11\/Untitled-design-46-scaled.jpg","contentUrl":"https:\/\/test.puhdasplus.ee\/wp-content\/uploads\/2020\/11\/Untitled-design-46-scaled.jpg","width":1862,"height":2560,"caption":"Skaistuma kolag\u0113ns un hialuronsk\u0101be + C vitam\u012bns"},{"@type":"BreadcrumbList","@id":"https:\/\/test.puhdasplus.ee\/lv\/tooted\/ada-mati-nagi\/kolagens\/skaistuma-kolagens-un-hialuronskabe-c-vitamins-120-kapsulas\/#breadcrumb","itemListElement":[{"@type":"ListItem","position":1,"name":"S\u0101kums","item":"https:\/\/test.puhdasplus.ee\/lv\/"},{"@type":"ListItem","position":2,"name":"Produkti","item":"https:\/\/test.puhdasplus.ee\/lv\/veikals\/"},{"@type":"ListItem","position":3,"name":"Skaistuma kolag\u0113ns un hialuronsk\u0101be + C vitam\u012bns 120 kapsulas"}]},{"@type":"WebSite","@id":"https:\/\/test.puhdasplus.ee\/lv\/#website","url":"https:\/\/test.puhdasplus.ee\/lv\/","name":"Puhdas+","description":"Vitamiinid, Toidulisandid, looduskosmeetika, tervis, sport","publisher":{"@id":"https:\/\/test.puhdasplus.ee\/lv\/#organization"},"potentialAction":[{"@type":"SearchAction","target":{"@type":"EntryPoint","urlTemplate":"https:\/\/test.puhdasplus.ee\/lv\/?s={search_term_string}"},"query-input":{"@type":"PropertyValueSpecification","valueRequired":true,"valueName":"search_term_string"}}],"inLanguage":"lv-LV"},{"@type":"Organization","@id":"https:\/\/test.puhdasplus.ee\/lv\/#organization","name":"Puhdas+","alternateName":"Puhdasplus","url":"https:\/\/test.puhdasplus.ee\/lv\/","logo":{"@type":"ImageObject","inLanguage":"lv-LV","@id":"https:\/\/test.puhdasplus.ee\/lv\/#\/schema\/logo\/image\/","url":"https:\/\/test.puhdasplus.ee\/\/wp-content\/uploads\/2019\/10\/puhdas_logo-arvele.png","contentUrl":"https:\/\/test.puhdasplus.ee\/\/wp-content\/uploads\/2019\/10\/puhdas_logo-arvele.png","width":114,"height":94,"caption":"Puhdas+"},"image":{"@id":"https:\/\/test.puhdasplus.ee\/lv\/#\/schema\/logo\/image\/"},"sameAs":["https:\/\/www.facebook.com\/puhdasplus","https:\/\/www.instagram.com\/puhdasplus_ee\/"]}]}},"_links":{"self":[{"href":"https:\/\/test.puhdasplus.ee\/lv\/wp-json\/wp\/v2\/product\/35253","targetHints":{"allow":["GET"]}}],"collection":[{"href":"https:\/\/test.puhdasplus.ee\/lv\/wp-json\/wp\/v2\/product"}],"about":[{"href":"https:\/\/test.puhdasplus.ee\/lv\/wp-json\/wp\/v2\/types\/product"}],"replies":[{"embeddable":true,"href":"https:\/\/test.puhdasplus.ee\/lv\/wp-json\/wp\/v2\/comments?post=35253"}],"wp:featuredmedia":[{"embeddable":true,"href":"https:\/\/test.puhdasplus.ee\/lv\/wp-json\/wp\/v2\/media\/35257"}],"wp:attachment":[{"href":"https:\/\/test.puhdasplus.ee\/lv\/wp-json\/wp\/v2\/media?parent=35253"}],"wp:term":[{"taxonomy":"product_brand","embeddable":true,"href":"https:\/\/test.puhdasplus.ee\/lv\/wp-json\/wp\/v2\/product_brand?post=35253"},{"taxonomy":"product_cat","embeddable":true,"href":"https:\/\/test.puhdasplus.ee\/lv\/wp-json\/wp\/v2\/product_cat?post=35253"},{"taxonomy":"product_tag","embeddable":true,"href":"https:\/\/test.puhdasplus.ee\/lv\/wp-json\/wp\/v2\/product_tag?post=35253"}],"curies":[{"name":"wp","href":"https:\/\/api.w.org\/{rel}","templated":true}]}}