{"id":35244,"date":"2020-12-05T13:51:07","date_gmt":"2020-12-05T11:51:07","guid":{"rendered":"https:\/\/test.puhdasplus.ee\/\/tooted\/uncategorized\/matu-stiprinatajs-120-kapsulas-uztura-bagatinatajs\/"},"modified":"2026-03-10T14:37:10","modified_gmt":"2026-03-10T12:37:10","slug":"matu-stiprinatajs-120-kapsulas-uztura-bagatinatajs","status":"publish","type":"product","link":"https:\/\/test.puhdasplus.ee\/lv\/tooted\/ipasie-piedavajumi\/matu-stiprinatajs-120-kapsulas-uztura-bagatinatajs\/","title":{"rendered":"Matu stiprin\u0101t\u0101js 120 kapsulas \u2013 uztura bag\u0101tin\u0101t\u0101js"},"content":{"rendered":"<h3 data-start=\"169\" data-end=\"231\"><strong data-start=\"173\" data-end=\"231\">Kas ir Puhdas+ Hair Booster <\/strong><\/h3>\n<p data-start=\"171\" data-end=\"552\"><strong data-start=\"171\" data-end=\"195\">Puhdas+ Hair Booster<\/strong> ir uztura bag\u0101tin\u0101t\u0101js ar r\u016bp\u012bgi atlas\u012btu akt\u012bvo vielu kombin\u0101ciju matu un nagu norm\u0101la st\u0101vok\u013ca uztur\u0113\u0161anai. Produkts satur septi\u0146as akt\u012bv\u0101s vielas, tostarp biot\u012bnu, cinku un sel\u0113nu, kas pal\u012bdz uztur\u0113t matu vesel\u012bbu. Turkl\u0101t var\u0161 pal\u012bdz uztur\u0113t norm\u0101lu matu pigment\u0101ciju, savuk\u0101rt cinks un var\u0161 pal\u012bdz aizsarg\u0101t \u0161\u016bnas pret oksidat\u012bvo stresu.  <\/p>\n<p data-start=\"554\" data-end=\"813\">Hair Booster apvieno aminosk\u0101bes, kolag\u0113nu un svar\u012bgus mikroelementus vien\u0101 sabalans\u0113t\u0101 sast\u0101v\u0101. Produkts ir piem\u0113rots ikdienas lieto\u0161anai tiem, kuri v\u0113las atbalst\u012bt matu un nagu norm\u0101lu st\u0101vokli un papildin\u0101t uzturu ar svar\u012bg\u0101m uzturviel\u0101m. <\/p>\n<p data-start=\"815\" data-end=\"966\">Puhdas+ Hair Booster ir izstr\u0101d\u0101ts un ra\u017eots Somij\u0101. Produkta ra\u017eo\u0161an\u0101 netiek izmantotas nevajadz\u012bgas piedevas, piem\u0113ram, konservanti, kr\u0101svielas vai aromatiz\u0113t\u0101ji. <\/p>\n<p data-start=\"1030\" data-end=\"1063\"><strong data-start=\"1030\" data-end=\"1063\">K\u0101p\u0113c lietot Hair Booster?<\/strong><\/p>\n<p data-start=\"1065\" data-end=\"1181\">Hair Booster vien\u0101 kapsul\u0101 apvieno matu norm\u0101lam st\u0101voklim svar\u012bgus vitam\u012bnus, miner\u0101lvielas un aminosk\u0101bes.<\/p>\n<p data-start=\"1183\" data-end=\"1428\">\u2022 <strong data-start=\"1185\" data-end=\"1213\">Biot\u012bns, cinks un sel\u0113ns<\/strong> pal\u012bdz uztur\u0113t matu vesel\u012bbu<br data-start=\"1248\" data-end=\"1251\">\u2022 <strong data-start=\"1253\" data-end=\"1261\">Var\u0161<\/strong> pal\u012bdz uztur\u0113t norm\u0101lu matu pigment\u0101ciju<br data-start=\"1311\" data-end=\"1314\">\u2022 <strong data-start=\"1316\" data-end=\"1333\">Cinks un var\u0161<\/strong> pal\u012bdz aizsarg\u0101t \u0161\u016bnas pret oksidat\u012bvo stresu<br data-start=\"1381\" data-end=\"1384\">\u2022 papildus satur aminosk\u0101bes un kolag\u0113nu<\/p>\n<p data-start=\"1483\" data-end=\"1514\"><strong data-start=\"1483\" data-end=\"1514\">Kam Hair Booster ir piem\u0113rots?<\/strong><\/p>\n<p data-start=\"1516\" data-end=\"1705\">Hair Booster ir piem\u0113rots cilv\u0113kiem, kuri v\u0113las atbalst\u012bt matu un nagu norm\u0101lu st\u0101vokli un papildin\u0101t uzturu ar matiem svar\u012bg\u0101m uzturviel\u0101m. Produkts ir piem\u0113rots ikdienas lieto\u0161anai.<\/p>\n<p data-start=\"1516\" data-end=\"1705\"><strong data-start=\"681\" data-end=\"697\">Sast\u0101vda\u013cas:<\/strong><br data-start=\"697\" data-end=\"700\">Hidroliz\u0113ts liellopu kolag\u0113ns (Peptan\u00ae), augu izcelsmes kapsula (biezin\u0101t\u0101js: hidroksipropilmetilceluloze, \u017eel\u0113t\u0101js: gell\u0101na sve\u0137i), pildviela (pretsalipes viela: mikrokrist\u0101lisk\u0101 celuloze), L-metion\u012bns, cinka citr\u0101ts, L-sel\u0113nmetion\u012bns, vara glikon\u0101ts, L-ciste\u012bns, D-biot\u012bns.<\/p>\n<p><strong data-start=\"495\" data-end=\"508\">Uzturv\u0113rt\u012bba (1\u20132 kapsulas):<\/strong><\/p>\n<p data-start=\"353\" data-end=\"643\">Peptan\u00ae kolag\u0113ns: 200\u2013400 mg,<br data-start=\"452\" data-end=\"455\">L-metion\u012bns: 40\u201380 mg,<br data-start=\"477\" data-end=\"480\">Cinks: 10\u201320 mg (100\u2013200% NRV),<br data-start=\"511\" data-end=\"514\">Sel\u0113ns: 55\u2013110 \u00b5g (100\u2013200% NRV),<br data-start=\"547\" data-end=\"550\">Var\u0161: 1\u20132 mg (100\u2013200% NRV),<br data-start=\"578\" data-end=\"581\">L-ciste\u012bns: 3\u20136 mg,<br data-start=\"601\" data-end=\"604\">Biot\u012bns: 500\u20131000 \u00b5g (1000\u20132000% NRV)<\/p>\n<p data-start=\"645\" data-end=\"693\"><em data-start=\"645\" data-end=\"693\">NRV \u2013 ieteicam\u0101 dienas deva pieaugu\u0161ajam.<\/em><\/p>\n<p data-start=\"1516\" data-end=\"1705\"><strong data-start=\"781\" data-end=\"801\">Lieto\u0161anas instrukcija:<\/strong><br data-start=\"801\" data-end=\"804\"> Lietojiet 1\u20132 kapsulas dien\u0101, uzdzerot \u016bdeni. Nep\u0101rsniedziet ieteicamo dienas devu. <\/p>\n<p data-start=\"1516\" data-end=\"1705\"><strong data-start=\"495\" data-end=\"508\">Neto daudzums:<\/strong> 120 kapsulas<\/p>\n<p data-start=\"872\" data-end=\"1091\"><strong data-start=\"872\" data-end=\"886\">Br\u012bdin\u0101jumi:<\/strong><br data-start=\"886\" data-end=\"889\">Uztura bag\u0101tin\u0101t\u0101js neaizst\u0101j pilnv\u0113rt\u012bgu un sabalans\u0113tu uzturu vai vesel\u012bgu dz\u012bvesveidu. Sarg\u0101t no b\u0113rniem. Konsult\u0113jieties ar \u0101rstu, ja esat gr\u016btniece, barojat b\u0113rnu ar kr\u016bti vai lietojat medikamentus.<\/p>\n<p data-start=\"1093\" data-end=\"1174\"><strong data-start=\"1093\" data-end=\"1109\">Uzglab\u0101\u0161ana:<\/strong><br data-start=\"1109\" data-end=\"1112\">Uzglab\u0101t saus\u0101 un v\u0113s\u0101 viet\u0101, sarg\u0101jot no tie\u0161iem saules stariem.<\/p>\n<p data-start=\"729\" data-end=\"913\"><strong data-start=\"126\" data-end=\"137\">Ra\u017eot\u0101js:<\/strong> New Organics Oy, Somija<\/p>\n<p data-start=\"729\" data-end=\"913\"><strong data-start=\"189\" data-end=\"210\" data-is-only-node=\"\">Import\u0113t\u0101js<\/strong><strong data-start=\"189\" data-end=\"210\" data-is-only-node=\"\">:<\/strong> NordenBio O\u00dc, Narva mnt 7, 10117 Tallina, Igaunija<\/p>\n","protected":false},"excerpt":{"rendered":"<p data-start=\"270\" data-end=\"597\"><strong>Puhdas+ Hair Booster<\/strong> ir uztura bag\u0101tin\u0101t\u0101js ar r\u016bp\u012bgi atlas\u012bt\u0101m akt\u012bvaj\u0101m viel\u0101m <strong>matu un nagu norm\u0101la st\u0101vok\u013ca uztur\u0113\u0161anai.<\/strong> Produkts satur biot\u012bnu, cinku, sel\u0113nu un varu, k\u0101 ar\u012b aminosk\u0101bes, kas ir svar\u012bgas <strong>matu dabisk\u0101s strukt\u016bras un laba st\u0101vok\u013ca saglab\u0101\u0161anai.<\/strong><\/p>\n","protected":false},"featured_media":35252,"comment_status":"closed","ping_status":"closed","template":"","meta":{"_acf_changed":false},"product_brand":[],"product_cat":[3296,3297,3067],"product_tag":[4210,6207,6198,6199,6200,6206,6201,6204,6202,2559],"class_list":{"0":"post-35244","1":"product","2":"type-product","3":"status-publish","4":"has-post-thumbnail","6":"product_cat-ada-mati-nagi","7":"product_cat-biotins","8":"product_cat-ipasie-piedavajumi","9":"product_tag-biotins-matiem","10":"product_tag-bojatu-matu-atjaunosana","11":"product_tag-cinks-un-selens-matiem","12":"product_tag-hidrolizets-kolagens-matiem","13":"product_tag-l-metionins-un-l-cisteins-keratina-razosanai","14":"product_tag-lauzti-un-trausli-mati","15":"product_tag-matu-izkrisana","16":"product_tag-matu-vitalitate-un-speks","17":"product_tag-retinati-mati","18":"product_tag-tirs-skaistums","20":"first","21":"instock","22":"sale","23":"taxable","24":"shipping-taxable","25":"purchasable","26":"product-type-simple"},"acf":[],"yoast_head":"<!-- This site is optimized with the Yoast SEO plugin v27.1.1 - https:\/\/yoast.com\/product\/yoast-seo-wordpress\/ -->\n<title>Matu stiprin\u0101t\u0101js 120 kapsulas - uztura bag\u0101tin\u0101t\u0101js - Puhdas+<\/title>\n<meta name=\"description\" content=\"Hair Booster 120 kapsulas \u2013 efekt\u012bvs uztura bag\u0101tin\u0101t\u0101js matu aug\u0161anas un vesel\u012bbas atbalstam. Satur cinku, biot\u012bnu, sel\u0113nu, varu, kolag\u0113nu un aminosk\u0101bes.\" \/>\n<meta name=\"robots\" content=\"noindex, follow, max-snippet:-1, max-image-preview:large, max-video-preview:-1\" \/>\n<meta property=\"og:locale\" content=\"lv_LV\" \/>\n<meta property=\"og:type\" content=\"article\" \/>\n<meta property=\"og:title\" content=\"Matu stiprin\u0101t\u0101js 120 kapsulas - uztura bag\u0101tin\u0101t\u0101js - Puhdas+\" \/>\n<meta property=\"og:description\" content=\"Hair Booster 120 kapsulas \u2013 efekt\u012bvs uztura bag\u0101tin\u0101t\u0101js matu aug\u0161anas un vesel\u012bbas atbalstam. Satur cinku, biot\u012bnu, sel\u0113nu, varu, kolag\u0113nu un aminosk\u0101bes.\" \/>\n<meta property=\"og:url\" content=\"https:\/\/test.puhdasplus.ee\/lv\/tooted\/ipasie-piedavajumi\/matu-stiprinatajs-120-kapsulas-uztura-bagatinatajs\/\" \/>\n<meta property=\"og:site_name\" content=\"Puhdas+\" \/>\n<meta property=\"article:publisher\" content=\"https:\/\/www.facebook.com\/puhdasplus\" \/>\n<meta property=\"article:modified_time\" content=\"2026-03-10T12:37:10+00:00\" \/>\n<meta property=\"og:image\" content=\"https:\/\/test.puhdasplus.ee\/wp-content\/uploads\/2025\/03\/40.jpg\" \/>\n\t<meta property=\"og:image:width\" content=\"1862\" \/>\n\t<meta property=\"og:image:height\" content=\"2560\" \/>\n\t<meta property=\"og:image:type\" content=\"image\/jpeg\" \/>\n<meta name=\"twitter:card\" content=\"summary_large_image\" \/>\n<meta name=\"twitter:label1\" content=\"Est. reading time\" \/>\n\t<meta name=\"twitter:data1\" content=\"2 min\u016btes\" \/>\n<script type=\"application\/ld+json\" class=\"yoast-schema-graph\">{\"@context\":\"https:\/\/schema.org\",\"@graph\":[{\"@type\":\"WebPage\",\"@id\":\"https:\/\/test.puhdasplus.ee\/lv\/tooted\/ipasie-piedavajumi\/matu-stiprinatajs-120-kapsulas-uztura-bagatinatajs\/\",\"url\":\"https:\/\/test.puhdasplus.ee\/lv\/tooted\/ipasie-piedavajumi\/matu-stiprinatajs-120-kapsulas-uztura-bagatinatajs\/\",\"name\":\"Matu stiprin\u0101t\u0101js 120 kapsulas - uztura bag\u0101tin\u0101t\u0101js - Puhdas+\",\"isPartOf\":{\"@id\":\"https:\/\/test.puhdasplus.ee\/lv\/#website\"},\"primaryImageOfPage\":{\"@id\":\"https:\/\/test.puhdasplus.ee\/lv\/tooted\/ipasie-piedavajumi\/matu-stiprinatajs-120-kapsulas-uztura-bagatinatajs\/#primaryimage\"},\"image\":{\"@id\":\"https:\/\/test.puhdasplus.ee\/lv\/tooted\/ipasie-piedavajumi\/matu-stiprinatajs-120-kapsulas-uztura-bagatinatajs\/#primaryimage\"},\"thumbnailUrl\":\"https:\/\/test.puhdasplus.ee\/wp-content\/uploads\/2025\/03\/40.jpg\",\"datePublished\":\"2020-12-05T11:51:07+00:00\",\"dateModified\":\"2026-03-10T12:37:10+00:00\",\"description\":\"Hair Booster 120 kapsulas \u2013 efekt\u012bvs uztura bag\u0101tin\u0101t\u0101js matu aug\u0161anas un vesel\u012bbas atbalstam. Satur cinku, biot\u012bnu, sel\u0113nu, varu, kolag\u0113nu un aminosk\u0101bes.\",\"breadcrumb\":{\"@id\":\"https:\/\/test.puhdasplus.ee\/lv\/tooted\/ipasie-piedavajumi\/matu-stiprinatajs-120-kapsulas-uztura-bagatinatajs\/#breadcrumb\"},\"inLanguage\":\"lv-LV\",\"potentialAction\":[{\"@type\":\"ReadAction\",\"target\":[\"https:\/\/test.puhdasplus.ee\/lv\/tooted\/ipasie-piedavajumi\/matu-stiprinatajs-120-kapsulas-uztura-bagatinatajs\/\"]}]},{\"@type\":\"ImageObject\",\"inLanguage\":\"lv-LV\",\"@id\":\"https:\/\/test.puhdasplus.ee\/lv\/tooted\/ipasie-piedavajumi\/matu-stiprinatajs-120-kapsulas-uztura-bagatinatajs\/#primaryimage\",\"url\":\"https:\/\/test.puhdasplus.ee\/wp-content\/uploads\/2025\/03\/40.jpg\",\"contentUrl\":\"https:\/\/test.puhdasplus.ee\/wp-content\/uploads\/2025\/03\/40.jpg\",\"width\":1862,\"height\":2560,\"caption\":\"Matu pastiprin\u0101t\u0101js 120 kapsulas\"},{\"@type\":\"BreadcrumbList\",\"@id\":\"https:\/\/test.puhdasplus.ee\/lv\/tooted\/ipasie-piedavajumi\/matu-stiprinatajs-120-kapsulas-uztura-bagatinatajs\/#breadcrumb\",\"itemListElement\":[{\"@type\":\"ListItem\",\"position\":1,\"name\":\"S\u0101kums\",\"item\":\"https:\/\/test.puhdasplus.ee\/lv\/\"},{\"@type\":\"ListItem\",\"position\":2,\"name\":\"Produkti\",\"item\":\"https:\/\/test.puhdasplus.ee\/lv\/veikals\/\"},{\"@type\":\"ListItem\",\"position\":3,\"name\":\"Matu stiprin\u0101t\u0101js 120 kapsulas \u2013 uztura bag\u0101tin\u0101t\u0101js\"}]},{\"@type\":\"WebSite\",\"@id\":\"https:\/\/test.puhdasplus.ee\/lv\/#website\",\"url\":\"https:\/\/test.puhdasplus.ee\/lv\/\",\"name\":\"Puhdas+\",\"description\":\"Vitamiinid, Toidulisandid, looduskosmeetika, tervis, sport\",\"publisher\":{\"@id\":\"https:\/\/test.puhdasplus.ee\/lv\/#organization\"},\"potentialAction\":[{\"@type\":\"SearchAction\",\"target\":{\"@type\":\"EntryPoint\",\"urlTemplate\":\"https:\/\/test.puhdasplus.ee\/lv\/?s={search_term_string}\"},\"query-input\":{\"@type\":\"PropertyValueSpecification\",\"valueRequired\":true,\"valueName\":\"search_term_string\"}}],\"inLanguage\":\"lv-LV\"},{\"@type\":\"Organization\",\"@id\":\"https:\/\/test.puhdasplus.ee\/lv\/#organization\",\"name\":\"Puhdas+\",\"alternateName\":\"Puhdasplus\",\"url\":\"https:\/\/test.puhdasplus.ee\/lv\/\",\"logo\":{\"@type\":\"ImageObject\",\"inLanguage\":\"lv-LV\",\"@id\":\"https:\/\/test.puhdasplus.ee\/lv\/#\/schema\/logo\/image\/\",\"url\":\"https:\/\/test.puhdasplus.ee\/\/wp-content\/uploads\/2019\/10\/puhdas_logo-arvele.png\",\"contentUrl\":\"https:\/\/test.puhdasplus.ee\/\/wp-content\/uploads\/2019\/10\/puhdas_logo-arvele.png\",\"width\":114,\"height\":94,\"caption\":\"Puhdas+\"},\"image\":{\"@id\":\"https:\/\/test.puhdasplus.ee\/lv\/#\/schema\/logo\/image\/\"},\"sameAs\":[\"https:\/\/www.facebook.com\/puhdasplus\",\"https:\/\/www.instagram.com\/puhdasplus_ee\/\"]}]}<\/script>\n<!-- \/ Yoast SEO plugin. -->","yoast_head_json":{"title":"Matu stiprin\u0101t\u0101js 120 kapsulas - uztura bag\u0101tin\u0101t\u0101js - Puhdas+","description":"Hair Booster 120 kapsulas \u2013 efekt\u012bvs uztura bag\u0101tin\u0101t\u0101js matu aug\u0161anas un vesel\u012bbas atbalstam. Satur cinku, biot\u012bnu, sel\u0113nu, varu, kolag\u0113nu un aminosk\u0101bes.","robots":{"index":"noindex","follow":"follow","max-snippet":"max-snippet:-1","max-image-preview":"max-image-preview:large","max-video-preview":"max-video-preview:-1"},"og_locale":"lv_LV","og_type":"article","og_title":"Matu stiprin\u0101t\u0101js 120 kapsulas - uztura bag\u0101tin\u0101t\u0101js - Puhdas+","og_description":"Hair Booster 120 kapsulas \u2013 efekt\u012bvs uztura bag\u0101tin\u0101t\u0101js matu aug\u0161anas un vesel\u012bbas atbalstam. Satur cinku, biot\u012bnu, sel\u0113nu, varu, kolag\u0113nu un aminosk\u0101bes.","og_url":"https:\/\/test.puhdasplus.ee\/lv\/tooted\/ipasie-piedavajumi\/matu-stiprinatajs-120-kapsulas-uztura-bagatinatajs\/","og_site_name":"Puhdas+","article_publisher":"https:\/\/www.facebook.com\/puhdasplus","article_modified_time":"2026-03-10T12:37:10+00:00","og_image":[{"width":1862,"height":2560,"url":"https:\/\/test.puhdasplus.ee\/wp-content\/uploads\/2025\/03\/40.jpg","type":"image\/jpeg"}],"twitter_card":"summary_large_image","twitter_misc":{"Est. reading time":"2 min\u016btes"},"schema":{"@context":"https:\/\/schema.org","@graph":[{"@type":"WebPage","@id":"https:\/\/test.puhdasplus.ee\/lv\/tooted\/ipasie-piedavajumi\/matu-stiprinatajs-120-kapsulas-uztura-bagatinatajs\/","url":"https:\/\/test.puhdasplus.ee\/lv\/tooted\/ipasie-piedavajumi\/matu-stiprinatajs-120-kapsulas-uztura-bagatinatajs\/","name":"Matu stiprin\u0101t\u0101js 120 kapsulas - uztura bag\u0101tin\u0101t\u0101js - Puhdas+","isPartOf":{"@id":"https:\/\/test.puhdasplus.ee\/lv\/#website"},"primaryImageOfPage":{"@id":"https:\/\/test.puhdasplus.ee\/lv\/tooted\/ipasie-piedavajumi\/matu-stiprinatajs-120-kapsulas-uztura-bagatinatajs\/#primaryimage"},"image":{"@id":"https:\/\/test.puhdasplus.ee\/lv\/tooted\/ipasie-piedavajumi\/matu-stiprinatajs-120-kapsulas-uztura-bagatinatajs\/#primaryimage"},"thumbnailUrl":"https:\/\/test.puhdasplus.ee\/wp-content\/uploads\/2025\/03\/40.jpg","datePublished":"2020-12-05T11:51:07+00:00","dateModified":"2026-03-10T12:37:10+00:00","description":"Hair Booster 120 kapsulas \u2013 efekt\u012bvs uztura bag\u0101tin\u0101t\u0101js matu aug\u0161anas un vesel\u012bbas atbalstam. Satur cinku, biot\u012bnu, sel\u0113nu, varu, kolag\u0113nu un aminosk\u0101bes.","breadcrumb":{"@id":"https:\/\/test.puhdasplus.ee\/lv\/tooted\/ipasie-piedavajumi\/matu-stiprinatajs-120-kapsulas-uztura-bagatinatajs\/#breadcrumb"},"inLanguage":"lv-LV","potentialAction":[{"@type":"ReadAction","target":["https:\/\/test.puhdasplus.ee\/lv\/tooted\/ipasie-piedavajumi\/matu-stiprinatajs-120-kapsulas-uztura-bagatinatajs\/"]}]},{"@type":"ImageObject","inLanguage":"lv-LV","@id":"https:\/\/test.puhdasplus.ee\/lv\/tooted\/ipasie-piedavajumi\/matu-stiprinatajs-120-kapsulas-uztura-bagatinatajs\/#primaryimage","url":"https:\/\/test.puhdasplus.ee\/wp-content\/uploads\/2025\/03\/40.jpg","contentUrl":"https:\/\/test.puhdasplus.ee\/wp-content\/uploads\/2025\/03\/40.jpg","width":1862,"height":2560,"caption":"Matu pastiprin\u0101t\u0101js 120 kapsulas"},{"@type":"BreadcrumbList","@id":"https:\/\/test.puhdasplus.ee\/lv\/tooted\/ipasie-piedavajumi\/matu-stiprinatajs-120-kapsulas-uztura-bagatinatajs\/#breadcrumb","itemListElement":[{"@type":"ListItem","position":1,"name":"S\u0101kums","item":"https:\/\/test.puhdasplus.ee\/lv\/"},{"@type":"ListItem","position":2,"name":"Produkti","item":"https:\/\/test.puhdasplus.ee\/lv\/veikals\/"},{"@type":"ListItem","position":3,"name":"Matu stiprin\u0101t\u0101js 120 kapsulas \u2013 uztura bag\u0101tin\u0101t\u0101js"}]},{"@type":"WebSite","@id":"https:\/\/test.puhdasplus.ee\/lv\/#website","url":"https:\/\/test.puhdasplus.ee\/lv\/","name":"Puhdas+","description":"Vitamiinid, Toidulisandid, looduskosmeetika, tervis, sport","publisher":{"@id":"https:\/\/test.puhdasplus.ee\/lv\/#organization"},"potentialAction":[{"@type":"SearchAction","target":{"@type":"EntryPoint","urlTemplate":"https:\/\/test.puhdasplus.ee\/lv\/?s={search_term_string}"},"query-input":{"@type":"PropertyValueSpecification","valueRequired":true,"valueName":"search_term_string"}}],"inLanguage":"lv-LV"},{"@type":"Organization","@id":"https:\/\/test.puhdasplus.ee\/lv\/#organization","name":"Puhdas+","alternateName":"Puhdasplus","url":"https:\/\/test.puhdasplus.ee\/lv\/","logo":{"@type":"ImageObject","inLanguage":"lv-LV","@id":"https:\/\/test.puhdasplus.ee\/lv\/#\/schema\/logo\/image\/","url":"https:\/\/test.puhdasplus.ee\/\/wp-content\/uploads\/2019\/10\/puhdas_logo-arvele.png","contentUrl":"https:\/\/test.puhdasplus.ee\/\/wp-content\/uploads\/2019\/10\/puhdas_logo-arvele.png","width":114,"height":94,"caption":"Puhdas+"},"image":{"@id":"https:\/\/test.puhdasplus.ee\/lv\/#\/schema\/logo\/image\/"},"sameAs":["https:\/\/www.facebook.com\/puhdasplus","https:\/\/www.instagram.com\/puhdasplus_ee\/"]}]}},"_links":{"self":[{"href":"https:\/\/test.puhdasplus.ee\/lv\/wp-json\/wp\/v2\/product\/35244","targetHints":{"allow":["GET"]}}],"collection":[{"href":"https:\/\/test.puhdasplus.ee\/lv\/wp-json\/wp\/v2\/product"}],"about":[{"href":"https:\/\/test.puhdasplus.ee\/lv\/wp-json\/wp\/v2\/types\/product"}],"replies":[{"embeddable":true,"href":"https:\/\/test.puhdasplus.ee\/lv\/wp-json\/wp\/v2\/comments?post=35244"}],"wp:featuredmedia":[{"embeddable":true,"href":"https:\/\/test.puhdasplus.ee\/lv\/wp-json\/wp\/v2\/media\/35252"}],"wp:attachment":[{"href":"https:\/\/test.puhdasplus.ee\/lv\/wp-json\/wp\/v2\/media?parent=35244"}],"wp:term":[{"taxonomy":"product_brand","embeddable":true,"href":"https:\/\/test.puhdasplus.ee\/lv\/wp-json\/wp\/v2\/product_brand?post=35244"},{"taxonomy":"product_cat","embeddable":true,"href":"https:\/\/test.puhdasplus.ee\/lv\/wp-json\/wp\/v2\/product_cat?post=35244"},{"taxonomy":"product_tag","embeddable":true,"href":"https:\/\/test.puhdasplus.ee\/lv\/wp-json\/wp\/v2\/product_tag?post=35244"}],"curies":[{"name":"wp","href":"https:\/\/api.w.org\/{rel}","templated":true}]}}