{"id":35231,"date":"2020-07-28T10:20:01","date_gmt":"2020-07-28T07:20:01","guid":{"rendered":"https:\/\/test.puhdasplus.ee\/\/tooted\/uncategorized\/difuzors-mitrinatajs-gaisa-aromatizetajs-krasa-balta-koksne-400ml\/"},"modified":"2026-03-10T14:21:10","modified_gmt":"2026-03-10T12:21:10","slug":"difuzors-mitrinatajs-gaisa-aromatizetajs-krasa-balta-koksne-400ml","status":"publish","type":"product","link":"https:\/\/test.puhdasplus.ee\/lv\/tooted\/difuzori\/difuzors-mitrinatajs-gaisa-aromatizetajs-krasa-balta-koksne-400ml\/","title":{"rendered":"Difuzors-mitrin\u0101t\u0101js-gaisa aromatiz\u0113t\u0101js (Kr\u0101sa: balta koksne \u2013 400ml)"},"content":{"rendered":"<p>Lieto\u0161ana: Atveriet difuzora korpusu un piepildiet to ar \u016bdeni (maks. 400 ml) \u2013 pievienojiet 1-2 pilienus \u0113terisk\u0101s e\u013c\u013cas. Pievienojiet ier\u012bci elektrot\u012bklam un nospiediet iesl\u0113g\u0161anas (ON) pogu. Ier\u012bce ir gatava lieto\u0161anai.  <\/p>\n<p>Aromterapija ir maigs, bet efekt\u012bvs veids, k\u0101 dziedin\u0101t un barot dv\u0113seli, \u0137ermeni un pr\u0101tu. Difuzors ir viens no efekt\u012bv\u0101kajiem un dro\u0161\u0101kajiem veidiem, k\u0101 izplat\u012bt \u0113terisko e\u013c\u013cu molekulas m\u0101j\u0101s, spa vai sabiedrisk\u0101s viet\u0101s. <\/p>\n<p>Produkta priek\u0161roc\u012bba ir t\u0101, ka \u0113terisk\u0101s e\u013c\u013cas nev\u0101r\u0101s un nepiedeg. Produktu ir viegli un \u0113rti lietot. No produkta izpl\u016bsto\u0161\u0101 v\u0113s\u0101 migla rada pat\u012bkamu atmosf\u0113ru.  <\/p>\n<p>Augstas kvalit\u0101tes dab\u012bg\u0101s \u0113terisk\u0101s e\u013c\u013cas ir piem\u0113rotas lieto\u0161anai difuzor\u0101 un t\u0101m ir vesel\u012bgs efekts. J\u016bs varat izv\u0113l\u0113ties sev piem\u0113rot\u0101k\u0101s \u0113terisk\u0101s e\u013c\u013cas atbilsto\u0161i sav\u0101m vajadz\u012bb\u0101m. <\/p>\n<ul>\n<li>Ultraska\u0146as \u2014 iztvaic\u0113 \u016bdeni un \u0113terisk\u0101s e\u013c\u013cas, nededzinot. \u2022 7 da\u017e\u0101du kr\u0101su LED gaismas. <\/li>\n<li>Autom\u0101tiska izsl\u0113g\u0161an\u0101s, kad beidzas \u016bdens<\/li>\n<li>Taimeris 1, 3 vai 6 stundas<\/li>\n<li>Smalka smidzin\u0101\u0161ana<\/li>\n<li>Kr\u0101sa: balta<\/li>\n<\/ul>\n","protected":false},"excerpt":{"rendered":"<h4>Difuzors \u2013 mitrin\u0101t\u0101js \u2013 gaisa aromatiz\u0113t\u0101js (400ml) BALTS<\/h4>\n<p>Gaisa mitrin\u0101t\u0101js ar vienk\u0101r\u0161u un elegantu dizainu. Divas galven\u0101s funkcijas: mitrin\u0101\u0161ana un aromatiz\u0113\u0161ana. Da\u017e\u0101das programmas gaismai un gaisa mitrin\u0101\u0161anai. Mitrin\u0101\u0161anas laik\u0101 var izv\u0113l\u0113ties nep\u0101rtrauktu tvaiku, periodisku tvaiku vai izsl\u0113gt tvaiku. Apgaismojumam var izv\u0113l\u0113ties vair\u0101kas da\u017e\u0101das kr\u0101sas. Gaismas un gaisa mitrin\u0101\u0161anas programmas var kombin\u0113t da\u017e\u0101dos veidos. Mitrin\u0101\u0161anas laik\u0101 var pievienot ar\u012b t\u012bras \u0113terisk\u0101s e\u013c\u013cas p\u0113c sav\u0101m v\u0113lm\u0113m.     <\/p>\n","protected":false},"featured_media":35235,"comment_status":"closed","ping_status":"closed","template":"","meta":{"_acf_changed":false},"product_brand":[],"product_cat":[2785],"product_tag":[],"class_list":{"0":"post-35231","1":"product","2":"type-product","3":"status-publish","4":"has-post-thumbnail","6":"product_cat-difuzori","8":"first","9":"onbackorder","10":"taxable","11":"shipping-taxable","12":"purchasable","13":"product-type-simple"},"acf":[],"yoast_head":"<!-- This site is optimized with the Yoast SEO plugin v27.1.1 - https:\/\/yoast.com\/product\/yoast-seo-wordpress\/ -->\n<title>Difuzors-mitrin\u0101t\u0101js-gaisa aromatiz\u0113t\u0101js (Kr\u0101sa: balta koksne - 400ml) - Puhdas+<\/title>\n<meta name=\"robots\" content=\"noindex, follow, max-snippet:-1, max-image-preview:large, max-video-preview:-1\" \/>\n<meta property=\"og:locale\" content=\"lv_LV\" \/>\n<meta property=\"og:type\" content=\"article\" \/>\n<meta property=\"og:title\" content=\"Difuzors-mitrin\u0101t\u0101js-gaisa aromatiz\u0113t\u0101js (Kr\u0101sa: balta koksne - 400ml) - Puhdas+\" \/>\n<meta property=\"og:description\" content=\"Difuzors \u2013 mitrin\u0101t\u0101js \u2013 gaisa aromatiz\u0113t\u0101js (400ml) BALTS Gaisa mitrin\u0101t\u0101js ar vienk\u0101r\u0161u un elegantu dizainu. Divas galven\u0101s funkcijas: mitrin\u0101\u0161ana un aromatiz\u0113\u0161ana. Da\u017e\u0101das programmas gaismai un gaisa mitrin\u0101\u0161anai. Mitrin\u0101\u0161anas laik\u0101 var izv\u0113l\u0113ties nep\u0101rtrauktu tvaiku, periodisku tvaiku vai izsl\u0113gt tvaiku. Apgaismojumam var izv\u0113l\u0113ties vair\u0101kas da\u017e\u0101das kr\u0101sas. Gaismas un gaisa mitrin\u0101\u0161anas programmas var kombin\u0113t da\u017e\u0101dos veidos. Mitrin\u0101\u0161anas laik\u0101 var pievienot ar\u012b t\u012bras \u0113terisk\u0101s e\u013c\u013cas p\u0113c sav\u0101m v\u0113lm\u0113m.\" \/>\n<meta property=\"og:url\" content=\"https:\/\/test.puhdasplus.ee\/lv\/tooted\/difuzori\/difuzors-mitrinatajs-gaisa-aromatizetajs-krasa-balta-koksne-400ml\/\" \/>\n<meta property=\"og:site_name\" content=\"Puhdas+\" \/>\n<meta property=\"article:publisher\" content=\"https:\/\/www.facebook.com\/puhdasplus\" \/>\n<meta property=\"article:modified_time\" content=\"2026-03-10T12:21:10+00:00\" \/>\n<meta property=\"og:image\" content=\"https:\/\/test.puhdasplus.ee\/wp-content\/uploads\/2020\/07\/Ultrasonic_Aroma_Diffuuseri_400ml_AD12.webp\" \/>\n\t<meta property=\"og:image:width\" content=\"1600\" \/>\n\t<meta property=\"og:image:height\" content=\"2200\" \/>\n\t<meta property=\"og:image:type\" content=\"image\/webp\" \/>\n<meta name=\"twitter:card\" content=\"summary_large_image\" \/>\n<meta name=\"twitter:label1\" content=\"Est. reading time\" \/>\n\t<meta name=\"twitter:data1\" content=\"1 minute\" \/>\n<script type=\"application\/ld+json\" class=\"yoast-schema-graph\">{\"@context\":\"https:\/\/schema.org\",\"@graph\":[{\"@type\":\"WebPage\",\"@id\":\"https:\/\/test.puhdasplus.ee\/lv\/tooted\/difuzori\/difuzors-mitrinatajs-gaisa-aromatizetajs-krasa-balta-koksne-400ml\/\",\"url\":\"https:\/\/test.puhdasplus.ee\/lv\/tooted\/difuzori\/difuzors-mitrinatajs-gaisa-aromatizetajs-krasa-balta-koksne-400ml\/\",\"name\":\"Difuzors-mitrin\u0101t\u0101js-gaisa aromatiz\u0113t\u0101js (Kr\u0101sa: balta koksne - 400ml) - Puhdas+\",\"isPartOf\":{\"@id\":\"https:\/\/test.puhdasplus.ee\/lv\/#website\"},\"primaryImageOfPage\":{\"@id\":\"https:\/\/test.puhdasplus.ee\/lv\/tooted\/difuzori\/difuzors-mitrinatajs-gaisa-aromatizetajs-krasa-balta-koksne-400ml\/#primaryimage\"},\"image\":{\"@id\":\"https:\/\/test.puhdasplus.ee\/lv\/tooted\/difuzori\/difuzors-mitrinatajs-gaisa-aromatizetajs-krasa-balta-koksne-400ml\/#primaryimage\"},\"thumbnailUrl\":\"https:\/\/test.puhdasplus.ee\/wp-content\/uploads\/2020\/07\/Ultrasonic_Aroma_Diffuuseri_400ml_AD12.webp\",\"datePublished\":\"2020-07-28T07:20:01+00:00\",\"dateModified\":\"2026-03-10T12:21:10+00:00\",\"breadcrumb\":{\"@id\":\"https:\/\/test.puhdasplus.ee\/lv\/tooted\/difuzori\/difuzors-mitrinatajs-gaisa-aromatizetajs-krasa-balta-koksne-400ml\/#breadcrumb\"},\"inLanguage\":\"lv-LV\",\"potentialAction\":[{\"@type\":\"ReadAction\",\"target\":[\"https:\/\/test.puhdasplus.ee\/lv\/tooted\/difuzori\/difuzors-mitrinatajs-gaisa-aromatizetajs-krasa-balta-koksne-400ml\/\"]}]},{\"@type\":\"ImageObject\",\"inLanguage\":\"lv-LV\",\"@id\":\"https:\/\/test.puhdasplus.ee\/lv\/tooted\/difuzori\/difuzors-mitrinatajs-gaisa-aromatizetajs-krasa-balta-koksne-400ml\/#primaryimage\",\"url\":\"https:\/\/test.puhdasplus.ee\/wp-content\/uploads\/2020\/07\/Ultrasonic_Aroma_Diffuuseri_400ml_AD12.webp\",\"contentUrl\":\"https:\/\/test.puhdasplus.ee\/wp-content\/uploads\/2020\/07\/Ultrasonic_Aroma_Diffuuseri_400ml_AD12.webp\",\"width\":1600,\"height\":2200},{\"@type\":\"BreadcrumbList\",\"@id\":\"https:\/\/test.puhdasplus.ee\/lv\/tooted\/difuzori\/difuzors-mitrinatajs-gaisa-aromatizetajs-krasa-balta-koksne-400ml\/#breadcrumb\",\"itemListElement\":[{\"@type\":\"ListItem\",\"position\":1,\"name\":\"S\u0101kums\",\"item\":\"https:\/\/test.puhdasplus.ee\/lv\/\"},{\"@type\":\"ListItem\",\"position\":2,\"name\":\"Produkti\",\"item\":\"https:\/\/test.puhdasplus.ee\/lv\/veikals\/\"},{\"@type\":\"ListItem\",\"position\":3,\"name\":\"Difuzors-mitrin\u0101t\u0101js-gaisa aromatiz\u0113t\u0101js (Kr\u0101sa: balta koksne \u2013 400ml)\"}]},{\"@type\":\"WebSite\",\"@id\":\"https:\/\/test.puhdasplus.ee\/lv\/#website\",\"url\":\"https:\/\/test.puhdasplus.ee\/lv\/\",\"name\":\"Puhdas+\",\"description\":\"Vitamiinid, Toidulisandid, looduskosmeetika, tervis, sport\",\"publisher\":{\"@id\":\"https:\/\/test.puhdasplus.ee\/lv\/#organization\"},\"potentialAction\":[{\"@type\":\"SearchAction\",\"target\":{\"@type\":\"EntryPoint\",\"urlTemplate\":\"https:\/\/test.puhdasplus.ee\/lv\/?s={search_term_string}\"},\"query-input\":{\"@type\":\"PropertyValueSpecification\",\"valueRequired\":true,\"valueName\":\"search_term_string\"}}],\"inLanguage\":\"lv-LV\"},{\"@type\":\"Organization\",\"@id\":\"https:\/\/test.puhdasplus.ee\/lv\/#organization\",\"name\":\"Puhdas+\",\"alternateName\":\"Puhdasplus\",\"url\":\"https:\/\/test.puhdasplus.ee\/lv\/\",\"logo\":{\"@type\":\"ImageObject\",\"inLanguage\":\"lv-LV\",\"@id\":\"https:\/\/test.puhdasplus.ee\/lv\/#\/schema\/logo\/image\/\",\"url\":\"https:\/\/test.puhdasplus.ee\/\/wp-content\/uploads\/2019\/10\/puhdas_logo-arvele.png\",\"contentUrl\":\"https:\/\/test.puhdasplus.ee\/\/wp-content\/uploads\/2019\/10\/puhdas_logo-arvele.png\",\"width\":114,\"height\":94,\"caption\":\"Puhdas+\"},\"image\":{\"@id\":\"https:\/\/test.puhdasplus.ee\/lv\/#\/schema\/logo\/image\/\"},\"sameAs\":[\"https:\/\/www.facebook.com\/puhdasplus\",\"https:\/\/www.instagram.com\/puhdasplus_ee\/\"]}]}<\/script>\n<!-- \/ Yoast SEO plugin. -->","yoast_head_json":{"title":"Difuzors-mitrin\u0101t\u0101js-gaisa aromatiz\u0113t\u0101js (Kr\u0101sa: balta koksne - 400ml) - Puhdas+","robots":{"index":"noindex","follow":"follow","max-snippet":"max-snippet:-1","max-image-preview":"max-image-preview:large","max-video-preview":"max-video-preview:-1"},"og_locale":"lv_LV","og_type":"article","og_title":"Difuzors-mitrin\u0101t\u0101js-gaisa aromatiz\u0113t\u0101js (Kr\u0101sa: balta koksne - 400ml) - Puhdas+","og_description":"Difuzors \u2013 mitrin\u0101t\u0101js \u2013 gaisa aromatiz\u0113t\u0101js (400ml) BALTS Gaisa mitrin\u0101t\u0101js ar vienk\u0101r\u0161u un elegantu dizainu. Divas galven\u0101s funkcijas: mitrin\u0101\u0161ana un aromatiz\u0113\u0161ana. Da\u017e\u0101das programmas gaismai un gaisa mitrin\u0101\u0161anai. Mitrin\u0101\u0161anas laik\u0101 var izv\u0113l\u0113ties nep\u0101rtrauktu tvaiku, periodisku tvaiku vai izsl\u0113gt tvaiku. Apgaismojumam var izv\u0113l\u0113ties vair\u0101kas da\u017e\u0101das kr\u0101sas. Gaismas un gaisa mitrin\u0101\u0161anas programmas var kombin\u0113t da\u017e\u0101dos veidos. Mitrin\u0101\u0161anas laik\u0101 var pievienot ar\u012b t\u012bras \u0113terisk\u0101s e\u013c\u013cas p\u0113c sav\u0101m v\u0113lm\u0113m.","og_url":"https:\/\/test.puhdasplus.ee\/lv\/tooted\/difuzori\/difuzors-mitrinatajs-gaisa-aromatizetajs-krasa-balta-koksne-400ml\/","og_site_name":"Puhdas+","article_publisher":"https:\/\/www.facebook.com\/puhdasplus","article_modified_time":"2026-03-10T12:21:10+00:00","og_image":[{"width":1600,"height":2200,"url":"https:\/\/test.puhdasplus.ee\/wp-content\/uploads\/2020\/07\/Ultrasonic_Aroma_Diffuuseri_400ml_AD12.webp","type":"image\/webp"}],"twitter_card":"summary_large_image","twitter_misc":{"Est. reading time":"1 minute"},"schema":{"@context":"https:\/\/schema.org","@graph":[{"@type":"WebPage","@id":"https:\/\/test.puhdasplus.ee\/lv\/tooted\/difuzori\/difuzors-mitrinatajs-gaisa-aromatizetajs-krasa-balta-koksne-400ml\/","url":"https:\/\/test.puhdasplus.ee\/lv\/tooted\/difuzori\/difuzors-mitrinatajs-gaisa-aromatizetajs-krasa-balta-koksne-400ml\/","name":"Difuzors-mitrin\u0101t\u0101js-gaisa aromatiz\u0113t\u0101js (Kr\u0101sa: balta koksne - 400ml) - Puhdas+","isPartOf":{"@id":"https:\/\/test.puhdasplus.ee\/lv\/#website"},"primaryImageOfPage":{"@id":"https:\/\/test.puhdasplus.ee\/lv\/tooted\/difuzori\/difuzors-mitrinatajs-gaisa-aromatizetajs-krasa-balta-koksne-400ml\/#primaryimage"},"image":{"@id":"https:\/\/test.puhdasplus.ee\/lv\/tooted\/difuzori\/difuzors-mitrinatajs-gaisa-aromatizetajs-krasa-balta-koksne-400ml\/#primaryimage"},"thumbnailUrl":"https:\/\/test.puhdasplus.ee\/wp-content\/uploads\/2020\/07\/Ultrasonic_Aroma_Diffuuseri_400ml_AD12.webp","datePublished":"2020-07-28T07:20:01+00:00","dateModified":"2026-03-10T12:21:10+00:00","breadcrumb":{"@id":"https:\/\/test.puhdasplus.ee\/lv\/tooted\/difuzori\/difuzors-mitrinatajs-gaisa-aromatizetajs-krasa-balta-koksne-400ml\/#breadcrumb"},"inLanguage":"lv-LV","potentialAction":[{"@type":"ReadAction","target":["https:\/\/test.puhdasplus.ee\/lv\/tooted\/difuzori\/difuzors-mitrinatajs-gaisa-aromatizetajs-krasa-balta-koksne-400ml\/"]}]},{"@type":"ImageObject","inLanguage":"lv-LV","@id":"https:\/\/test.puhdasplus.ee\/lv\/tooted\/difuzori\/difuzors-mitrinatajs-gaisa-aromatizetajs-krasa-balta-koksne-400ml\/#primaryimage","url":"https:\/\/test.puhdasplus.ee\/wp-content\/uploads\/2020\/07\/Ultrasonic_Aroma_Diffuuseri_400ml_AD12.webp","contentUrl":"https:\/\/test.puhdasplus.ee\/wp-content\/uploads\/2020\/07\/Ultrasonic_Aroma_Diffuuseri_400ml_AD12.webp","width":1600,"height":2200},{"@type":"BreadcrumbList","@id":"https:\/\/test.puhdasplus.ee\/lv\/tooted\/difuzori\/difuzors-mitrinatajs-gaisa-aromatizetajs-krasa-balta-koksne-400ml\/#breadcrumb","itemListElement":[{"@type":"ListItem","position":1,"name":"S\u0101kums","item":"https:\/\/test.puhdasplus.ee\/lv\/"},{"@type":"ListItem","position":2,"name":"Produkti","item":"https:\/\/test.puhdasplus.ee\/lv\/veikals\/"},{"@type":"ListItem","position":3,"name":"Difuzors-mitrin\u0101t\u0101js-gaisa aromatiz\u0113t\u0101js (Kr\u0101sa: balta koksne \u2013 400ml)"}]},{"@type":"WebSite","@id":"https:\/\/test.puhdasplus.ee\/lv\/#website","url":"https:\/\/test.puhdasplus.ee\/lv\/","name":"Puhdas+","description":"Vitamiinid, Toidulisandid, looduskosmeetika, tervis, sport","publisher":{"@id":"https:\/\/test.puhdasplus.ee\/lv\/#organization"},"potentialAction":[{"@type":"SearchAction","target":{"@type":"EntryPoint","urlTemplate":"https:\/\/test.puhdasplus.ee\/lv\/?s={search_term_string}"},"query-input":{"@type":"PropertyValueSpecification","valueRequired":true,"valueName":"search_term_string"}}],"inLanguage":"lv-LV"},{"@type":"Organization","@id":"https:\/\/test.puhdasplus.ee\/lv\/#organization","name":"Puhdas+","alternateName":"Puhdasplus","url":"https:\/\/test.puhdasplus.ee\/lv\/","logo":{"@type":"ImageObject","inLanguage":"lv-LV","@id":"https:\/\/test.puhdasplus.ee\/lv\/#\/schema\/logo\/image\/","url":"https:\/\/test.puhdasplus.ee\/\/wp-content\/uploads\/2019\/10\/puhdas_logo-arvele.png","contentUrl":"https:\/\/test.puhdasplus.ee\/\/wp-content\/uploads\/2019\/10\/puhdas_logo-arvele.png","width":114,"height":94,"caption":"Puhdas+"},"image":{"@id":"https:\/\/test.puhdasplus.ee\/lv\/#\/schema\/logo\/image\/"},"sameAs":["https:\/\/www.facebook.com\/puhdasplus","https:\/\/www.instagram.com\/puhdasplus_ee\/"]}]}},"_links":{"self":[{"href":"https:\/\/test.puhdasplus.ee\/lv\/wp-json\/wp\/v2\/product\/35231","targetHints":{"allow":["GET"]}}],"collection":[{"href":"https:\/\/test.puhdasplus.ee\/lv\/wp-json\/wp\/v2\/product"}],"about":[{"href":"https:\/\/test.puhdasplus.ee\/lv\/wp-json\/wp\/v2\/types\/product"}],"replies":[{"embeddable":true,"href":"https:\/\/test.puhdasplus.ee\/lv\/wp-json\/wp\/v2\/comments?post=35231"}],"wp:featuredmedia":[{"embeddable":true,"href":"https:\/\/test.puhdasplus.ee\/lv\/wp-json\/wp\/v2\/media\/35235"}],"wp:attachment":[{"href":"https:\/\/test.puhdasplus.ee\/lv\/wp-json\/wp\/v2\/media?parent=35231"}],"wp:term":[{"taxonomy":"product_brand","embeddable":true,"href":"https:\/\/test.puhdasplus.ee\/lv\/wp-json\/wp\/v2\/product_brand?post=35231"},{"taxonomy":"product_cat","embeddable":true,"href":"https:\/\/test.puhdasplus.ee\/lv\/wp-json\/wp\/v2\/product_cat?post=35231"},{"taxonomy":"product_tag","embeddable":true,"href":"https:\/\/test.puhdasplus.ee\/lv\/wp-json\/wp\/v2\/product_tag?post=35231"}],"curies":[{"name":"wp","href":"https:\/\/api.w.org\/{rel}","templated":true}]}}