{"id":35203,"date":"2021-04-10T13:17:56","date_gmt":"2021-04-10T10:17:56","guid":{"rendered":"https:\/\/test.puhdasplus.ee\/\/tooted\/uncategorized\/augstakas-kvalitates-omega-3\/"},"modified":"2026-03-10T14:24:11","modified_gmt":"2026-03-10T12:24:11","slug":"augstakas-kvalitates-omega-3","status":"publish","type":"product","link":"https:\/\/test.puhdasplus.ee\/lv\/tooted\/sirds-veseliba\/omega-3-lv\/augstakas-kvalitates-omega-3\/","title":{"rendered":"Augst\u0101k\u0101s kvalit\u0101tes Omega-3"},"content":{"rendered":"<p><b>Puhdas+ Premium Omega-3<\/b> ir augstas kvalit\u0101tes zivju e\u013c\u013cas kapsulas, kas satur \u013coti labi uzs\u016bco\u0161u <b>EPA un DHA tauksk\u0101bju mais\u012bjumu to dabiskaj\u0101 triglicer\u012bdu form\u0101.<\/b> DHA pal\u012bdz uztur\u0113t norm\u0101lu <b>redzi un smadze\u0146u darb\u012bbu<\/b> , un kop\u0101 ar EPA atbalsta <b>norm\u0101lu sirds darb\u012bbu.<\/b> <\/p>\n<p class=\"p1\">DHA un EPA ieguvumi vesel\u012bbai ir zin\u0101tniski pier\u0101d\u012bti. DHA pal\u012bdz uztur\u0113t norm\u0101lu smadze\u0146u darb\u012bbu un redzi, un kop\u0101 ar EPA t\u0101 atbalsta ar\u012b norm\u0101lu sirds darb\u012bbu. Labv\u0113l\u012bg\u0101 ietekme tiek pan\u0101kta, ja katru dienu tiek uz\u0146emti vismaz 250 mg DHA un EPA.  <\/p>\n<h2 data-start=\"214\" data-end=\"261\">K\u0101p\u0113c omega-3 tauksk\u0101bes ir labv\u0113l\u012bgas?<\/h2>\n<p class=\"\" data-start=\"263\" data-end=\"598\">Omega-3 tauksk\u0101bes \u2013 galvenok\u0101rt <strong data-start=\"292\" data-end=\"320\">EPA (eikozatapenta\u0113nsk\u0101be)<\/strong> un <strong data-start=\"324\" data-end=\"352\">DHA (dokozaheksa\u0113nsk\u0101be)<\/strong> \u2013 ir neaizvietojam\u0101s tauksk\u0101bes, ko organisms pats nevar sara\u017eot, un t\u0101s j\u0101uz\u0146em ar p\u0101rtiku vai uztura bag\u0101tin\u0101t\u0101jiem. \u0160\u012bs tauksk\u0101bes ir b\u016btiskas <b>\u0161\u016bnu strukt\u016brai<\/b> <span class=\"s1\">un t\u0101m ir svar\u012bga loma<\/span> <b>sirds, smadze\u0146u un redzes norm\u0101l\u0101 darb\u012bb\u0101<\/b> <span class=\"s1\">.<\/span> <\/p>\n<ul data-start=\"600\" data-end=\"1065\">\n<li class=\"\" data-start=\"600\" data-end=\"720\">\n<p class=\"\" data-start=\"602\" data-end=\"720\"><strong data-start=\"605\" data-end=\"617\">Sirdij<\/strong> : EPA un DHA pal\u012bdz uztur\u0113t norm\u0101lu sirds darb\u012bbu.<\/p>\n<\/li>\n<li class=\"\" data-start=\"600\" data-end=\"720\">\n<p class=\"\" data-start=\"602\" data-end=\"720\"><strong data-start=\"726\" data-end=\"735\">Smadzen\u0113m<\/strong> : DHA pal\u012bdz uztur\u0113t norm\u0101lu smadze\u0146u darb\u012bbu, atbalstot koncentr\u0113\u0161an\u0101s un atmi\u0146as procesus.<\/p>\n<\/li>\n<li class=\"\" data-start=\"829\" data-end=\"913\">\n<p class=\"\" data-start=\"831\" data-end=\"913\"><strong data-start=\"834\" data-end=\"848\">Redzei<\/strong> : DHA pal\u012bdz uztur\u0113t norm\u0101lu redzi, \u012bpa\u0161i novecojot.<\/p>\n<\/li>\n<\/ul>\n<h2 data-start=\"774\" data-end=\"824\">K\u0101p\u0113c Puhdas+ Premium Omega-3 ir \u012bpa\u0161s?<\/h2>\n<ul data-start=\"826\" data-end=\"1527\">\n<li class=\"\" data-start=\"826\" data-end=\"1054\">\n<p class=\"\" data-start=\"828\" data-end=\"1054\"><strong data-start=\"831\" data-end=\"868\">Zivju e\u013c\u013ca n\u0101k no t\u012bras dabas \u2013  <\/strong><span class=\"Y2IQFc\" lang=\"et\">Pure+ Premium Omega-3 ir ra\u017eots no dro\u0161\u0101m savva\u013cas an\u0161oviem, kas nozvejoti nepies\u0101r\u0146otos Klus\u0101 oke\u0101na dienvidu da\u013cas \u016bde\u0146os. Zivju e\u013c\u013ca pirms non\u0101k\u0161anas kapsul\u0101 tiek pak\u013cauta \u013coti r\u016bp\u012bgam att\u012br\u012b\u0161anas procesam. T\u0101p\u0113c zivju e\u013c\u013ca nesatur smagos met\u0101lus vai citus toks\u012bnus. Pure+ zivju e\u013c\u013cas Totox skaitlis parasti ir zem 5, kas noz\u012bm\u0113, ka t\u0101 ir \u013coti nedaudz oksid\u0113ta. Katra zivju e\u013c\u013cas partija ir 100% izsekojama.      <\/span><\/p>\n<\/li>\n<li class=\"\" data-start=\"1056\" data-end=\"1329\">\n<p class=\"\" data-start=\"1058\" data-end=\"1329\"><strong data-start=\"1061\" data-end=\"1093\">R\u016bp\u012bgi att\u012br\u012bts sast\u0101vs<\/strong> <br data-start=\"1093\" data-end=\"1096\"> Katra zivju e\u013c\u013cas partija tiek r\u016bp\u012bgi att\u012br\u012bta, k\u0101 rezult\u0101t\u0101 e\u013c\u013ca nesatur <strong data-start=\"1182\" data-end=\"1220\">smagos met\u0101lus un citus piemais\u012bjumus<\/strong> . Produktam ir \u013coti zema Totox v\u0113rt\u012bba (zem 5), kas nor\u0101da uz minim\u0101lu oksid\u0113\u0161anos un maksim\u0101lu svaigumu.<\/p>\n<\/li>\n<li class=\"\" data-start=\"1331\" data-end=\"1527\">\n<p class=\"\" data-start=\"1333\" data-end=\"1527\"><strong data-start=\"1336\" data-end=\"1378\">Sertific\u0113ta ilgtsp\u0113j\u012bga ra\u017eo\u0161ana<\/strong> <br data-start=\"1378\" data-end=\"1381\"> Produkts ir sa\u0146\u0113mis <strong data-start=\"1399\" data-end=\"1420\">Friend of the Sea<\/strong> sertifik\u0101tu, kas noz\u012bm\u0113, ka zveja ir videi draudz\u012bga, izsekojama un nekait\u0113 apdraud\u0113taj\u0101m zivju sug\u0101m.<\/p>\n<\/li>\n<\/ul>\n<h2 data-start=\"1072\" data-end=\"1117\">Kam piem\u0113rots Omega-3 uztura bag\u0101tin\u0101t\u0101js?<\/h2>\n<ul data-start=\"1119\" data-end=\"1520\">\n<li class=\"\" data-start=\"1119\" data-end=\"1195\">\n<p class=\"\" data-start=\"1121\" data-end=\"1195\">Cilv\u0113kiem, kas uztur\u0101 lieto maz treknu zivju vai augu izcelsmes omega-3 avotus<\/p>\n<\/li>\n<li class=\"\" data-start=\"1196\" data-end=\"1267\">\n<p class=\"\" data-start=\"1198\" data-end=\"1267\">Biroja darbiniekiem un studentiem \u2013 slodze uz smadzen\u0113m un ac\u012bm ir liela<\/p>\n<\/li>\n<li class=\"\" data-start=\"1268\" data-end=\"1333\">\n<p class=\"\" data-start=\"1270\" data-end=\"1333\">Senioriem \u2013 kuri v\u0113las atbalst\u012bt sirds un smadze\u0146u darb\u012bbu<\/p>\n<\/li>\n<li class=\"\" data-start=\"1334\" data-end=\"1417\">\n<p class=\"\" data-start=\"1336\" data-end=\"1417\">Vesel\u012bbai un fiziskajai sagatavot\u012bbai velt\u012btiem cilv\u0113kiem \u2013 tiem, kam ir liel\u0101kas uztura vajadz\u012bbas<\/p>\n<\/li>\n<li class=\"\" data-start=\"1418\" data-end=\"1520\">\n<p class=\"\" data-start=\"1420\" data-end=\"1520\">Gr\u016btniec\u0113m un sieviet\u0113m, kas baro b\u0113rnu ar kr\u016bti \u2013 <span class=\"s1\"><b>DHA veicina aug\u013ca un z\u012bdai\u0146a smadze\u0146u att\u012bst\u012bbu<\/b><\/span> (nepiecie\u0161am\u012bbas gad\u012bjum\u0101 konsult\u0113jieties ar vesel\u012bbas apr\u016bpes speci\u0101listu).<\/p>\n<\/li>\n<\/ul>\n<h2 data-start=\"1534\" data-end=\"1567\">Sast\u0101vs un deva<\/h2>\n<ul data-start=\"1569\" data-end=\"1769\">\n<li class=\"\" data-start=\"1569\" data-end=\"1696\">\n<p class=\"\" data-start=\"1571\" data-end=\"1696\"><strong data-start=\"1571\" data-end=\"1587\">Sast\u0101vda\u013cas:<\/strong> zivju e\u013c\u013ca (triglicer\u012bdu veid\u0101), kapsulas apvalks (\u017eelat\u012bns), glicer\u012bns, dab\u012bgais E vitam\u012bns (d-alfa-tokoferols)<\/p>\n<\/li>\n<li class=\"\" data-start=\"1697\" data-end=\"1769\">\n<p class=\"\" data-start=\"1699\" data-end=\"1769\"><strong data-start=\"1699\" data-end=\"1744\">Ieteicam\u0101 dienas deva pieaugu\u0161ajiem:<\/strong> 1\u20132 kapsulas dien\u0101, uzdzerot \u016bdeni.<\/p>\n<h2 data-start=\"1534\" data-end=\"1567\">Uzturvielu saturs<\/h2>\n<p class=\"p1\"><b>1 kapsula satur:<\/b><b><\/b><\/p>\n<p class=\"p2\">\u2013 Omega-3 tauksk\u0101bes: 680 mg, tostarp EPA 360 mg, DHA 240 mg<\/p>\n<p class=\"p2\">\u2013 E vitam\u012bns: 5 mg (42% no ieteicam\u0101s dienas devas*)<\/p>\n<\/li>\n<li data-start=\"1697\" data-end=\"1769\"> <b>2 kapsulas satur:<\/b>\n<p class=\"p2\">\u2013 Omega-3 tauksk\u0101bes: 1360 mg, tostarp EPA 720 mg, DHA 480 mg<\/p>\n<p class=\"p2\">\u2013 E vitam\u012bns: 10 mg (83% no ieteicam\u0101s dienas devas*)<\/p>\n<p><strong data-start=\"276\" data-end=\"321\">NRV \u2013 ieteicam\u0101 dienas deva pieaugu\u0161ajam.<\/strong><\/li>\n<\/ul>\n<p class=\"\" data-start=\"1771\" data-end=\"1940\"><br data-start=\"1782\" data-end=\"1785\">Uztura bag\u0101tin\u0101t\u0101js neaizst\u0101j daudzveid\u012bgu uzturu vai vesel\u012bgu dz\u012bvesveidu. Sarg\u0101t no b\u0113rniem.  <b>Nav piem\u0113rots cilv\u0113kiem ar asins rec\u0113\u0161anas trauc\u0113jumiem.<\/b><\/p>\n","protected":false},"excerpt":{"rendered":"<p class=\"p1\"><span class=\"s1\"><b>Puhdas+ Premium Omega-3<\/b><\/span> ir <span class=\"s1\"><b>t\u012bras<\/b><\/span> zivju e\u013c\u013cas uztura bag\u0101tin\u0101t\u0101js, kas satur EPA un DHA tauksk\u0101bes dabisk\u0101 <span class=\"s1\"><b>triglicer\u012bdu form\u0101<\/b><\/span> . \u0160\u012bs neaizvietojam\u0101s tauksk\u0101bes <span class=\"s1\"><b>pal\u012bdz uztur\u0113t norm\u0101lu sirds darb\u012bbu<\/b><\/span> , atbalsta <span class=\"s1\"><b>norm\u0101lu smadze\u0146u un redzes darb\u012bbu<\/b><\/span> , k\u0101 ar\u012b papildina ikdienas uzturu, \u012bpa\u0161i, ja ar uzturu neuz\u0146emat pietiekami daudz omega-3 tauksk\u0101bju. <\/p>\n<p class=\"p1\">Zivju e\u013c\u013ca tiek ieg\u016bta no <span class=\"s1\"><b>savva\u013cas<\/b><\/span> <b>an\u0161oviem,<\/b> kas nozvejoti <span class=\"s1\"><b>Klus\u0101 oke\u0101na dienvidu da\u013cas<\/b><\/span> t\u012brajos \u016bde\u0146os, un tiek r\u016bp\u012bgi att\u012br\u012bta, lai atdal\u012btu smagos met\u0101lus un citus pies\u0101r\u0146ot\u0101jus. Produktam ir pie\u0161\u0137irts <span class=\"s1\"><b>\u201cFriend of the Sea\u201d<\/b><\/span> sertifik\u0101ts, kas apliecina ilgtsp\u0113j\u012bgu un videi draudz\u012bgu ra\u017eo\u0161anu. <\/p>\n<p class=\"p3\"><b>Puhdas+ Premium Omega-3 ir piem\u0113rots ikdienas lieto\u0161anai<\/b> <span class=\"s2\">ikvienam, kur\u0161 v\u0113las<\/span> <b>dabisku atbalstu savai sirds, redzes un smadze\u0146u darb\u012bbai<\/b> <span class=\"s2\">.<\/span><\/p>\n","protected":false},"featured_media":30258,"comment_status":"closed","ping_status":"closed","template":"","meta":{"_acf_changed":false},"product_brand":[],"product_cat":[3442,3441],"product_tag":[3445,2579,3446,6160,3041,3449,3966,3444,3723,6161,2559,6162],"class_list":{"0":"post-35203","1":"product","2":"type-product","3":"status-publish","4":"has-post-thumbnail","6":"product_cat-omega-3-lv","7":"product_cat-sirds-veseliba","8":"product_tag-dha-dokozaheksaenskabe","9":"product_tag-e-vitamins","10":"product_tag-epa-eikosapentaenskabe","11":"product_tag-epa-un-dha-taukskabes","12":"product_tag-imunitate","13":"product_tag-omega-zivju-ella","14":"product_tag-omega-3-lv","15":"product_tag-sertificeta-zivju-ella","16":"product_tag-sirds-veseliba","17":"product_tag-smadzenu-veseliba","18":"product_tag-tirs-skaistums","19":"product_tag-vizija-lv","21":"first","22":"outofstock","23":"featured","24":"taxable","25":"shipping-taxable","26":"product-type-variable","27":"has-default-attributes"},"acf":[],"yoast_head":"<!-- This site is optimized with the Yoast SEO plugin v27.1.1 - https:\/\/yoast.com\/product\/yoast-seo-wordpress\/ -->\n<title>Augst\u0101k\u0101s kvalit\u0101tes Omega-3 - Puhdas+<\/title>\n<meta name=\"description\" content=\"Premium Omega-3 \u2013 t\u012bra un efekt\u012bva zivju e\u013c\u013ca kapsul\u0101s, kas atbalsta sirds, smadze\u0146u un redzes vesel\u012bbu. Satur augstu EPA un DHA tauksk\u0101bju koncentr\u0101ciju.\" \/>\n<meta name=\"robots\" content=\"noindex, follow, max-snippet:-1, max-image-preview:large, max-video-preview:-1\" \/>\n<meta property=\"og:locale\" content=\"lv_LV\" \/>\n<meta property=\"og:type\" content=\"article\" \/>\n<meta property=\"og:title\" content=\"Augst\u0101k\u0101s kvalit\u0101tes Omega-3 - Puhdas+\" \/>\n<meta property=\"og:description\" content=\"Premium Omega-3 \u2013 t\u012bra un efekt\u012bva zivju e\u013c\u013ca kapsul\u0101s, kas atbalsta sirds, smadze\u0146u un redzes vesel\u012bbu. Satur augstu EPA un DHA tauksk\u0101bju koncentr\u0101ciju.\" \/>\n<meta property=\"og:url\" content=\"https:\/\/test.puhdasplus.ee\/lv\/tooted\/sirds-veseliba\/omega-3-lv\/augstakas-kvalitates-omega-3\/\" \/>\n<meta property=\"og:site_name\" content=\"Puhdas+\" \/>\n<meta property=\"article:publisher\" content=\"https:\/\/www.facebook.com\/puhdasplus\" \/>\n<meta property=\"article:modified_time\" content=\"2026-03-10T12:24:11+00:00\" \/>\n<meta property=\"og:image\" content=\"https:\/\/test.puhdasplus.ee\/wp-content\/uploads\/2021\/04\/2-scaled.jpg\" \/>\n\t<meta property=\"og:image:width\" content=\"1862\" \/>\n\t<meta property=\"og:image:height\" content=\"2560\" \/>\n\t<meta property=\"og:image:type\" content=\"image\/jpeg\" \/>\n<meta name=\"twitter:card\" content=\"summary_large_image\" \/>\n<meta name=\"twitter:label1\" content=\"Est. reading time\" \/>\n\t<meta name=\"twitter:data1\" content=\"3 min\u016btes\" \/>\n<script type=\"application\/ld+json\" class=\"yoast-schema-graph\">{\"@context\":\"https:\/\/schema.org\",\"@graph\":[{\"@type\":\"WebPage\",\"@id\":\"https:\/\/test.puhdasplus.ee\/lv\/tooted\/sirds-veseliba\/omega-3-lv\/augstakas-kvalitates-omega-3\/\",\"url\":\"https:\/\/test.puhdasplus.ee\/lv\/tooted\/sirds-veseliba\/omega-3-lv\/augstakas-kvalitates-omega-3\/\",\"name\":\"Augst\u0101k\u0101s kvalit\u0101tes Omega-3 - Puhdas+\",\"isPartOf\":{\"@id\":\"https:\/\/test.puhdasplus.ee\/lv\/#website\"},\"primaryImageOfPage\":{\"@id\":\"https:\/\/test.puhdasplus.ee\/lv\/tooted\/sirds-veseliba\/omega-3-lv\/augstakas-kvalitates-omega-3\/#primaryimage\"},\"image\":{\"@id\":\"https:\/\/test.puhdasplus.ee\/lv\/tooted\/sirds-veseliba\/omega-3-lv\/augstakas-kvalitates-omega-3\/#primaryimage\"},\"thumbnailUrl\":\"https:\/\/test.puhdasplus.ee\/wp-content\/uploads\/2021\/04\/2-scaled.jpg\",\"datePublished\":\"2021-04-10T10:17:56+00:00\",\"dateModified\":\"2026-03-10T12:24:11+00:00\",\"description\":\"Premium Omega-3 \u2013 t\u012bra un efekt\u012bva zivju e\u013c\u013ca kapsul\u0101s, kas atbalsta sirds, smadze\u0146u un redzes vesel\u012bbu. Satur augstu EPA un DHA tauksk\u0101bju koncentr\u0101ciju.\",\"breadcrumb\":{\"@id\":\"https:\/\/test.puhdasplus.ee\/lv\/tooted\/sirds-veseliba\/omega-3-lv\/augstakas-kvalitates-omega-3\/#breadcrumb\"},\"inLanguage\":\"lv-LV\",\"potentialAction\":[{\"@type\":\"ReadAction\",\"target\":[\"https:\/\/test.puhdasplus.ee\/lv\/tooted\/sirds-veseliba\/omega-3-lv\/augstakas-kvalitates-omega-3\/\"]}]},{\"@type\":\"ImageObject\",\"inLanguage\":\"lv-LV\",\"@id\":\"https:\/\/test.puhdasplus.ee\/lv\/tooted\/sirds-veseliba\/omega-3-lv\/augstakas-kvalitates-omega-3\/#primaryimage\",\"url\":\"https:\/\/test.puhdasplus.ee\/wp-content\/uploads\/2021\/04\/2-scaled.jpg\",\"contentUrl\":\"https:\/\/test.puhdasplus.ee\/wp-content\/uploads\/2021\/04\/2-scaled.jpg\",\"width\":1862,\"height\":2560,\"caption\":\"Augst\u0101k\u0101s kvalit\u0101tes Omega-3\"},{\"@type\":\"BreadcrumbList\",\"@id\":\"https:\/\/test.puhdasplus.ee\/lv\/tooted\/sirds-veseliba\/omega-3-lv\/augstakas-kvalitates-omega-3\/#breadcrumb\",\"itemListElement\":[{\"@type\":\"ListItem\",\"position\":1,\"name\":\"S\u0101kums\",\"item\":\"https:\/\/test.puhdasplus.ee\/lv\/\"},{\"@type\":\"ListItem\",\"position\":2,\"name\":\"Produkti\",\"item\":\"https:\/\/test.puhdasplus.ee\/lv\/veikals\/\"},{\"@type\":\"ListItem\",\"position\":3,\"name\":\"Augst\u0101k\u0101s kvalit\u0101tes Omega-3\"}]},{\"@type\":\"WebSite\",\"@id\":\"https:\/\/test.puhdasplus.ee\/lv\/#website\",\"url\":\"https:\/\/test.puhdasplus.ee\/lv\/\",\"name\":\"Puhdas+\",\"description\":\"Vitamiinid, Toidulisandid, looduskosmeetika, tervis, sport\",\"publisher\":{\"@id\":\"https:\/\/test.puhdasplus.ee\/lv\/#organization\"},\"potentialAction\":[{\"@type\":\"SearchAction\",\"target\":{\"@type\":\"EntryPoint\",\"urlTemplate\":\"https:\/\/test.puhdasplus.ee\/lv\/?s={search_term_string}\"},\"query-input\":{\"@type\":\"PropertyValueSpecification\",\"valueRequired\":true,\"valueName\":\"search_term_string\"}}],\"inLanguage\":\"lv-LV\"},{\"@type\":\"Organization\",\"@id\":\"https:\/\/test.puhdasplus.ee\/lv\/#organization\",\"name\":\"Puhdas+\",\"alternateName\":\"Puhdasplus\",\"url\":\"https:\/\/test.puhdasplus.ee\/lv\/\",\"logo\":{\"@type\":\"ImageObject\",\"inLanguage\":\"lv-LV\",\"@id\":\"https:\/\/test.puhdasplus.ee\/lv\/#\/schema\/logo\/image\/\",\"url\":\"https:\/\/test.puhdasplus.ee\/\/wp-content\/uploads\/2019\/10\/puhdas_logo-arvele.png\",\"contentUrl\":\"https:\/\/test.puhdasplus.ee\/\/wp-content\/uploads\/2019\/10\/puhdas_logo-arvele.png\",\"width\":114,\"height\":94,\"caption\":\"Puhdas+\"},\"image\":{\"@id\":\"https:\/\/test.puhdasplus.ee\/lv\/#\/schema\/logo\/image\/\"},\"sameAs\":[\"https:\/\/www.facebook.com\/puhdasplus\",\"https:\/\/www.instagram.com\/puhdasplus_ee\/\"]}]}<\/script>\n<!-- \/ Yoast SEO plugin. -->","yoast_head_json":{"title":"Augst\u0101k\u0101s kvalit\u0101tes Omega-3 - Puhdas+","description":"Premium Omega-3 \u2013 t\u012bra un efekt\u012bva zivju e\u013c\u013ca kapsul\u0101s, kas atbalsta sirds, smadze\u0146u un redzes vesel\u012bbu. Satur augstu EPA un DHA tauksk\u0101bju koncentr\u0101ciju.","robots":{"index":"noindex","follow":"follow","max-snippet":"max-snippet:-1","max-image-preview":"max-image-preview:large","max-video-preview":"max-video-preview:-1"},"og_locale":"lv_LV","og_type":"article","og_title":"Augst\u0101k\u0101s kvalit\u0101tes Omega-3 - Puhdas+","og_description":"Premium Omega-3 \u2013 t\u012bra un efekt\u012bva zivju e\u013c\u013ca kapsul\u0101s, kas atbalsta sirds, smadze\u0146u un redzes vesel\u012bbu. Satur augstu EPA un DHA tauksk\u0101bju koncentr\u0101ciju.","og_url":"https:\/\/test.puhdasplus.ee\/lv\/tooted\/sirds-veseliba\/omega-3-lv\/augstakas-kvalitates-omega-3\/","og_site_name":"Puhdas+","article_publisher":"https:\/\/www.facebook.com\/puhdasplus","article_modified_time":"2026-03-10T12:24:11+00:00","og_image":[{"width":1862,"height":2560,"url":"https:\/\/test.puhdasplus.ee\/wp-content\/uploads\/2021\/04\/2-scaled.jpg","type":"image\/jpeg"}],"twitter_card":"summary_large_image","twitter_misc":{"Est. reading time":"3 min\u016btes"},"schema":{"@context":"https:\/\/schema.org","@graph":[{"@type":"WebPage","@id":"https:\/\/test.puhdasplus.ee\/lv\/tooted\/sirds-veseliba\/omega-3-lv\/augstakas-kvalitates-omega-3\/","url":"https:\/\/test.puhdasplus.ee\/lv\/tooted\/sirds-veseliba\/omega-3-lv\/augstakas-kvalitates-omega-3\/","name":"Augst\u0101k\u0101s kvalit\u0101tes Omega-3 - Puhdas+","isPartOf":{"@id":"https:\/\/test.puhdasplus.ee\/lv\/#website"},"primaryImageOfPage":{"@id":"https:\/\/test.puhdasplus.ee\/lv\/tooted\/sirds-veseliba\/omega-3-lv\/augstakas-kvalitates-omega-3\/#primaryimage"},"image":{"@id":"https:\/\/test.puhdasplus.ee\/lv\/tooted\/sirds-veseliba\/omega-3-lv\/augstakas-kvalitates-omega-3\/#primaryimage"},"thumbnailUrl":"https:\/\/test.puhdasplus.ee\/wp-content\/uploads\/2021\/04\/2-scaled.jpg","datePublished":"2021-04-10T10:17:56+00:00","dateModified":"2026-03-10T12:24:11+00:00","description":"Premium Omega-3 \u2013 t\u012bra un efekt\u012bva zivju e\u013c\u013ca kapsul\u0101s, kas atbalsta sirds, smadze\u0146u un redzes vesel\u012bbu. Satur augstu EPA un DHA tauksk\u0101bju koncentr\u0101ciju.","breadcrumb":{"@id":"https:\/\/test.puhdasplus.ee\/lv\/tooted\/sirds-veseliba\/omega-3-lv\/augstakas-kvalitates-omega-3\/#breadcrumb"},"inLanguage":"lv-LV","potentialAction":[{"@type":"ReadAction","target":["https:\/\/test.puhdasplus.ee\/lv\/tooted\/sirds-veseliba\/omega-3-lv\/augstakas-kvalitates-omega-3\/"]}]},{"@type":"ImageObject","inLanguage":"lv-LV","@id":"https:\/\/test.puhdasplus.ee\/lv\/tooted\/sirds-veseliba\/omega-3-lv\/augstakas-kvalitates-omega-3\/#primaryimage","url":"https:\/\/test.puhdasplus.ee\/wp-content\/uploads\/2021\/04\/2-scaled.jpg","contentUrl":"https:\/\/test.puhdasplus.ee\/wp-content\/uploads\/2021\/04\/2-scaled.jpg","width":1862,"height":2560,"caption":"Augst\u0101k\u0101s kvalit\u0101tes Omega-3"},{"@type":"BreadcrumbList","@id":"https:\/\/test.puhdasplus.ee\/lv\/tooted\/sirds-veseliba\/omega-3-lv\/augstakas-kvalitates-omega-3\/#breadcrumb","itemListElement":[{"@type":"ListItem","position":1,"name":"S\u0101kums","item":"https:\/\/test.puhdasplus.ee\/lv\/"},{"@type":"ListItem","position":2,"name":"Produkti","item":"https:\/\/test.puhdasplus.ee\/lv\/veikals\/"},{"@type":"ListItem","position":3,"name":"Augst\u0101k\u0101s kvalit\u0101tes Omega-3"}]},{"@type":"WebSite","@id":"https:\/\/test.puhdasplus.ee\/lv\/#website","url":"https:\/\/test.puhdasplus.ee\/lv\/","name":"Puhdas+","description":"Vitamiinid, Toidulisandid, looduskosmeetika, tervis, sport","publisher":{"@id":"https:\/\/test.puhdasplus.ee\/lv\/#organization"},"potentialAction":[{"@type":"SearchAction","target":{"@type":"EntryPoint","urlTemplate":"https:\/\/test.puhdasplus.ee\/lv\/?s={search_term_string}"},"query-input":{"@type":"PropertyValueSpecification","valueRequired":true,"valueName":"search_term_string"}}],"inLanguage":"lv-LV"},{"@type":"Organization","@id":"https:\/\/test.puhdasplus.ee\/lv\/#organization","name":"Puhdas+","alternateName":"Puhdasplus","url":"https:\/\/test.puhdasplus.ee\/lv\/","logo":{"@type":"ImageObject","inLanguage":"lv-LV","@id":"https:\/\/test.puhdasplus.ee\/lv\/#\/schema\/logo\/image\/","url":"https:\/\/test.puhdasplus.ee\/\/wp-content\/uploads\/2019\/10\/puhdas_logo-arvele.png","contentUrl":"https:\/\/test.puhdasplus.ee\/\/wp-content\/uploads\/2019\/10\/puhdas_logo-arvele.png","width":114,"height":94,"caption":"Puhdas+"},"image":{"@id":"https:\/\/test.puhdasplus.ee\/lv\/#\/schema\/logo\/image\/"},"sameAs":["https:\/\/www.facebook.com\/puhdasplus","https:\/\/www.instagram.com\/puhdasplus_ee\/"]}]}},"_links":{"self":[{"href":"https:\/\/test.puhdasplus.ee\/lv\/wp-json\/wp\/v2\/product\/35203","targetHints":{"allow":["GET"]}}],"collection":[{"href":"https:\/\/test.puhdasplus.ee\/lv\/wp-json\/wp\/v2\/product"}],"about":[{"href":"https:\/\/test.puhdasplus.ee\/lv\/wp-json\/wp\/v2\/types\/product"}],"replies":[{"embeddable":true,"href":"https:\/\/test.puhdasplus.ee\/lv\/wp-json\/wp\/v2\/comments?post=35203"}],"wp:featuredmedia":[{"embeddable":true,"href":"https:\/\/test.puhdasplus.ee\/lv\/wp-json\/wp\/v2\/media\/30258"}],"wp:attachment":[{"href":"https:\/\/test.puhdasplus.ee\/lv\/wp-json\/wp\/v2\/media?parent=35203"}],"wp:term":[{"taxonomy":"product_brand","embeddable":true,"href":"https:\/\/test.puhdasplus.ee\/lv\/wp-json\/wp\/v2\/product_brand?post=35203"},{"taxonomy":"product_cat","embeddable":true,"href":"https:\/\/test.puhdasplus.ee\/lv\/wp-json\/wp\/v2\/product_cat?post=35203"},{"taxonomy":"product_tag","embeddable":true,"href":"https:\/\/test.puhdasplus.ee\/lv\/wp-json\/wp\/v2\/product_tag?post=35203"}],"curies":[{"name":"wp","href":"https:\/\/api.w.org\/{rel}","templated":true}]}}