{"id":35192,"date":"2021-03-12T16:27:32","date_gmt":"2021-03-12T14:27:32","guid":{"rendered":"https:\/\/test.puhdasplus.ee\/\/tooted\/uncategorized\/eterisko-ellu-difuzors-200-ml-ad-9-dabiga-aromterapija-un-mitrinasana\/"},"modified":"2026-03-10T14:37:26","modified_gmt":"2026-03-10T12:37:26","slug":"eterisko-ellu-difuzors-200-ml-ad-9-dabiga-aromterapija-un-mitrinasana","status":"publish","type":"product","link":"https:\/\/test.puhdasplus.ee\/lv\/tooted\/difuzori\/eterisko-ellu-difuzors-200-ml-ad-9-dabiga-aromterapija-un-mitrinasana\/","title":{"rendered":"\u0112terisko e\u013c\u013cu difuzors 200 ml (AD-9) \u2013 Dab\u012bga aromterapija un mitrin\u0101\u0161ana"},"content":{"rendered":"<p data-start=\"103\" data-end=\"469\">\u0112terisko e\u013c\u013cu difuzors ar koka rakstu 200 ml (AD-9) ir <strong data-start=\"171\" data-end=\"208\">kompakts un stil\u012bgs difuzors<\/strong> , kas izplata <strong data-start=\"222\" data-end=\"265\">\u0113terisko e\u013c\u013cu arom\u0101tu un mitrina gaisu<\/strong> , pal\u012bdzot rad\u012bt <strong data-start=\"280\" data-end=\"320\">relaks\u0113jo\u0161u un atsvaidzino\u0161u atmosf\u0113ru<\/strong> . <strong data-start=\"322\" data-end=\"340\">200 ml \u016bdens tvertne<\/strong> nodro\u0161ina m\u0113renu lieto\u0161anas laiku, padarot to ide\u0101li piem\u0113rotu maz\u0101k\u0101m telp\u0101m, piem\u0113ram, gu\u013camistab\u0101m, birojiem vai medit\u0101cijas st\u016br\u012b\u0161iem.<\/p>\n<p data-start=\"471\" data-end=\"734\"><strong data-start=\"471\" data-end=\"496\">Ultraska\u0146as tehnolo\u0123ija<\/strong> \u013cauj maigi izklied\u0113t \u0113terisk\u0101s e\u013c\u013cas, neizmantojot siltumu, saglab\u0101jot to dabisk\u0101s \u012bpa\u0161\u012bbas. <strong data-start=\"605\" data-end=\"658\">Daudzkr\u0101sainais LED apgaismojums un taimera funkcija<\/strong> padara to ide\u0101li piem\u0113rotu noska\u0146as rad\u012b\u0161anai vai lieto\u0161anai nakt\u012b.<\/p>\n<h4 data-start=\"905\" data-end=\"934\"><strong data-start=\"910\" data-end=\"932\">Lieto\u0161anas instrukcija:<\/strong><\/h4>\n<ol data-start=\"935\" data-end=\"1275\">\n<li data-start=\"935\" data-end=\"1023\"><strong data-start=\"938\" data-end=\"974\">No\u0146emiet v\u0101ku un piepildiet \u016bdens tvertni<\/strong> ar t\u012bru \u016bdeni l\u012bdz maksim\u0101lajai atz\u012bmei (200 ml).<\/li>\n<li data-start=\"1024\" data-end=\"1105\"><strong data-start=\"1027\" data-end=\"1062\">Pievienojiet 3\u20135 pilienus \u0113terisk\u0101s e\u013c\u013cas,<\/strong> lai baud\u012btu relaks\u0113jo\u0161u aromterapiju.<\/li>\n<li data-start=\"1106\" data-end=\"1195\"><strong data-start=\"1109\" data-end=\"1163\">Izv\u0113lieties v\u0113lamo darb\u012bbas re\u017e\u012bmu un LED apgaismojuma kr\u0101su,<\/strong> izmantojot intuit\u012bvo vad\u012bbas paneli.<\/li>\n<li data-start=\"1196\" data-end=\"1275\"><strong data-start=\"1199\" data-end=\"1236\">Difuzors autom\u0101tiski izsl\u0113dzas,<\/strong> kad beidzas \u016bdens, t\u0101d\u0113j\u0101di nodro\u0161inot dro\u0161\u012bbu.<\/li>\n<\/ol>\n<h4 data-start=\"1277\" data-end=\"1312\"><strong data-start=\"1282\" data-end=\"1310\">Funkcijas un priek\u0161roc\u012bbas:<\/strong><\/h4>\n<ul data-start=\"1313\" data-end=\"1743\">\n<li data-start=\"1313\" data-end=\"1387\"><strong data-start=\"1315\" data-end=\"1340\">Ultraska\u0146as tehnolo\u0123ija<\/strong> \u2013 klusa un efekt\u012bva izklied\u0113\u0161ana bez siltuma.<\/li>\n<li data-start=\"1388\" data-end=\"1464\"><strong data-start=\"1390\" data-end=\"1408\">200 ml \u016bdens tvertne<\/strong> \u2013 vid\u0113js darb\u012bbas laiks, ide\u0101li piem\u0113rots maz\u0101k\u0101m telp\u0101m.<\/li>\n<li data-start=\"1465\" data-end=\"1535\"><strong data-start=\"1467\" data-end=\"1494\">Autom\u0101tiska izsl\u0113g\u0161an\u0101s<\/strong> \u2013 dro\u0161a un ener\u0123iju taupo\u0161a funkcija.<\/li>\n<li data-start=\"1536\" data-end=\"1599\"><strong data-start=\"1538\" data-end=\"1561\">LED fona apgaismojums<\/strong> \u2013 vair\u0101kas kr\u0101sas noska\u0146as rad\u012b\u0161anai.<\/li>\n<li data-start=\"1600\" data-end=\"1654\"><strong data-start=\"1602\" data-end=\"1651\">Mitrina gaisu un likvid\u0113 nepat\u012bkamas smakas<\/strong> .<\/li>\n<li data-start=\"1655\" data-end=\"1743\"><strong data-start=\"1657\" data-end=\"1695\">Piem\u0113rots \u0113terisko e\u013c\u013cu lieto\u0161anai<\/strong> relaks\u0101cijas, koncentr\u0113\u0161an\u0101s sp\u0113ju vai miega veicin\u0101\u0161anai.<\/li>\n<\/ul>\n<p>&nbsp;<\/p>\n<p>Aromterapija ir maigs, bet efekt\u012bvs veids, k\u0101 dziedin\u0101t un barot dv\u0113seli, \u0137ermeni un pr\u0101tu. Difuzors ir viens no efekt\u012bv\u0101kajiem un dro\u0161\u0101kajiem veidiem, k\u0101 izplat\u012bt \u0113terisko e\u013c\u013cu molekulas m\u0101j\u0101s, spa vai sabiedrisk\u0101s viet\u0101s. <\/p>\n<p>Produkta priek\u0161roc\u012bba ir t\u0101, ka \u0113terisk\u0101s e\u013c\u013cas nev\u0101r\u0101s un nepiedeg. Produktu ir viegli un \u0113rti lietot. No produkta izpl\u016bsto\u0161\u0101 v\u0113s\u0101 migla rada pat\u012bkamu atmosf\u0113ru.  <\/p>\n<p>Augstas kvalit\u0101tes dab\u012bg\u0101s \u0113terisk\u0101s e\u013c\u013cas ir piem\u0113rotas lieto\u0161anai difuzor\u0101 un t\u0101m ir vesel\u012bgs efekts. J\u016bs varat izv\u0113l\u0113ties sev piem\u0113rot\u0101k\u0101s \u0113terisk\u0101s e\u013c\u013cas atbilsto\u0161i sav\u0101m vajadz\u012bb\u0101m. <\/p>\n<ul>\n<li>Ultraska\u0146a \u2013 iztvaic\u0113 \u016bdeni un \u0113terisk\u0101s e\u013c\u013cas bez dedzin\u0101\u0161anas.<\/li>\n<li>\u2022 7 da\u017e\u0101du kr\u0101su LED gaismas.<\/li>\n<li>Autom\u0101tiska izsl\u0113g\u0161an\u0101s, kad beidzas \u016bdens<\/li>\n<li>Taimeris 1, 3 vai 6 stundas<\/li>\n<li>Smalka smidzin\u0101\u0161ana<\/li>\n<li>Kr\u0101sa: dab\u012bgs koks<\/li>\n<\/ul>\n","protected":false},"excerpt":{"rendered":"<h4>Kompakts un stil\u012bgs arom\u0101tu difuzors, kas <strong data-start=\"801\" data-end=\"851\">mitrina gaisu un izplata \u0113terisko e\u013c\u013cu arom\u0101tu<\/strong> , pal\u012bdzot rad\u012bt nomierino\u0161u un atsvaidzino\u0161u vidi.<\/h4>\n","protected":false},"featured_media":35195,"comment_status":"closed","ping_status":"closed","template":"","meta":{"_acf_changed":false},"product_brand":[],"product_cat":[2785],"product_tag":[6093,5966,5972,6100,5971,6102,6152,5968,5970,2786,5979,5965,5969,5976,5975,6096,5981,5978,6098,5984,6099,6151,6094,5974,5964,5983,5967,5973,6097,5982,2762,6095],"class_list":{"0":"post-35192","1":"product","2":"type-product","3":"status-publish","4":"has-post-thumbnail","6":"product_cat-difuzori","7":"product_tag-aromatu-difuzors","8":"product_tag-aromatu-difuzors-200ml","9":"product_tag-aromterapijas-difuzors","10":"product_tag-dabigs-difuzors","11":"product_tag-daudzfunkcionals-gaisa-mitrinatajs","12":"product_tag-difuzors","13":"product_tag-difuzors-ad-9","14":"product_tag-difuzors-ar-eteriskajam-ellam","15":"product_tag-elektriskais-aromatu-difuzors","16":"product_tag-eteriskas-ellas-difuzors","17":"product_tag-eterisko-ellu-difuzors-200ml","18":"product_tag-gaisa-atsvaidzinatajs-balts-ad-9","19":"product_tag-gaisa-atsvaidzinatajs-un-mitrinatajs","20":"product_tag-gaisa-mitrinatajs-ar-led-gaismu","21":"product_tag-kluss-difuzors-majam","22":"product_tag-koka-raksta-difuzors","23":"product_tag-kompakts-gaisa-aromatizetajs","24":"product_tag-labakais-mitrinataja-difuzors","25":"product_tag-led-gaismas-difuzors","26":"product_tag-majas-gaisa-mitrinatajs-un-atsvaidzinatajs","27":"product_tag-majas-spa","28":"product_tag-meditacijas-difuzors","29":"product_tag-mitrinatajs","30":"product_tag-mitrinatajs-ar-eteriskajam-ellam","31":"product_tag-mitrinatajs-balts-ad-9","32":"product_tag-mitrinatajs-stresa-mazinasanai","33":"product_tag-mitrinatajs-un-aromatu-difuzors","34":"product_tag-mitrinoss-aromatu-difuzors","35":"product_tag-relaksejosa-aromterapija","36":"product_tag-relaksejosa-aromterapijas-ierice","37":"product_tag-stresa-mazinasana","38":"product_tag-ultraskanas-difuzors","40":"first","41":"outofstock","42":"taxable","43":"shipping-taxable","44":"purchasable","45":"product-type-simple"},"acf":[],"yoast_head":"<!-- This site is optimized with the Yoast SEO plugin v27.1.1 - https:\/\/yoast.com\/product\/yoast-seo-wordpress\/ -->\n<title>\u0112terisko e\u013c\u013cu difuzors 200 ml (AD-9) \u2013 Dab\u012bga aromterapija un mitrin\u0101\u0161ana - Puhdas+<\/title>\n<meta name=\"description\" content=\"\u0112terisko e\u013c\u013cu difuzors ar koka rakstu 200 ml (AD-9) rada nomierino\u0161u atmosf\u0113ru, mitrina gaisu un izplata \u0113terisko e\u013c\u013cu arom\u0101tu.\" \/>\n<meta name=\"robots\" content=\"noindex, follow, max-snippet:-1, max-image-preview:large, max-video-preview:-1\" \/>\n<meta property=\"og:locale\" content=\"lv_LV\" \/>\n<meta property=\"og:type\" content=\"article\" \/>\n<meta property=\"og:title\" content=\"\u0112terisko e\u013c\u013cu difuzors 200 ml (AD-9) \u2013 Dab\u012bga aromterapija un mitrin\u0101\u0161ana - Puhdas+\" \/>\n<meta property=\"og:description\" content=\"\u0112terisko e\u013c\u013cu difuzors ar koka rakstu 200 ml (AD-9) rada nomierino\u0161u atmosf\u0113ru, mitrina gaisu un izplata \u0113terisko e\u013c\u013cu arom\u0101tu.\" \/>\n<meta property=\"og:url\" content=\"https:\/\/test.puhdasplus.ee\/lv\/tooted\/difuzori\/eterisko-ellu-difuzors-200-ml-ad-9-dabiga-aromterapija-un-mitrinasana\/\" \/>\n<meta property=\"og:site_name\" content=\"Puhdas+\" \/>\n<meta property=\"article:publisher\" content=\"https:\/\/www.facebook.com\/puhdasplus\" \/>\n<meta property=\"article:modified_time\" content=\"2026-03-10T12:37:26+00:00\" \/>\n<meta property=\"og:image\" content=\"https:\/\/test.puhdasplus.ee\/wp-content\/uploads\/2021\/03\/puhdas-aroma-diffuser-ad-9-wood.jpg\" \/>\n\t<meta property=\"og:image:width\" content=\"600\" \/>\n\t<meta property=\"og:image:height\" content=\"600\" \/>\n\t<meta property=\"og:image:type\" content=\"image\/jpeg\" \/>\n<meta name=\"twitter:card\" content=\"summary_large_image\" \/>\n<meta name=\"twitter:label1\" content=\"Est. reading time\" \/>\n\t<meta name=\"twitter:data1\" content=\"2 min\u016btes\" \/>\n<script type=\"application\/ld+json\" class=\"yoast-schema-graph\">{\"@context\":\"https:\/\/schema.org\",\"@graph\":[{\"@type\":\"WebPage\",\"@id\":\"https:\/\/test.puhdasplus.ee\/lv\/tooted\/difuzori\/eterisko-ellu-difuzors-200-ml-ad-9-dabiga-aromterapija-un-mitrinasana\/\",\"url\":\"https:\/\/test.puhdasplus.ee\/lv\/tooted\/difuzori\/eterisko-ellu-difuzors-200-ml-ad-9-dabiga-aromterapija-un-mitrinasana\/\",\"name\":\"\u0112terisko e\u013c\u013cu difuzors 200 ml (AD-9) \u2013 Dab\u012bga aromterapija un mitrin\u0101\u0161ana - Puhdas+\",\"isPartOf\":{\"@id\":\"https:\/\/test.puhdasplus.ee\/lv\/#website\"},\"primaryImageOfPage\":{\"@id\":\"https:\/\/test.puhdasplus.ee\/lv\/tooted\/difuzori\/eterisko-ellu-difuzors-200-ml-ad-9-dabiga-aromterapija-un-mitrinasana\/#primaryimage\"},\"image\":{\"@id\":\"https:\/\/test.puhdasplus.ee\/lv\/tooted\/difuzori\/eterisko-ellu-difuzors-200-ml-ad-9-dabiga-aromterapija-un-mitrinasana\/#primaryimage\"},\"thumbnailUrl\":\"https:\/\/test.puhdasplus.ee\/wp-content\/uploads\/2021\/03\/puhdas-aroma-diffuser-ad-9-wood.jpg\",\"datePublished\":\"2021-03-12T14:27:32+00:00\",\"dateModified\":\"2026-03-10T12:37:26+00:00\",\"description\":\"\u0112terisko e\u013c\u013cu difuzors ar koka rakstu 200 ml (AD-9) rada nomierino\u0161u atmosf\u0113ru, mitrina gaisu un izplata \u0113terisko e\u013c\u013cu arom\u0101tu.\",\"breadcrumb\":{\"@id\":\"https:\/\/test.puhdasplus.ee\/lv\/tooted\/difuzori\/eterisko-ellu-difuzors-200-ml-ad-9-dabiga-aromterapija-un-mitrinasana\/#breadcrumb\"},\"inLanguage\":\"lv-LV\",\"potentialAction\":[{\"@type\":\"ReadAction\",\"target\":[\"https:\/\/test.puhdasplus.ee\/lv\/tooted\/difuzori\/eterisko-ellu-difuzors-200-ml-ad-9-dabiga-aromterapija-un-mitrinasana\/\"]}]},{\"@type\":\"ImageObject\",\"inLanguage\":\"lv-LV\",\"@id\":\"https:\/\/test.puhdasplus.ee\/lv\/tooted\/difuzori\/eterisko-ellu-difuzors-200-ml-ad-9-dabiga-aromterapija-un-mitrinasana\/#primaryimage\",\"url\":\"https:\/\/test.puhdasplus.ee\/wp-content\/uploads\/2021\/03\/puhdas-aroma-diffuser-ad-9-wood.jpg\",\"contentUrl\":\"https:\/\/test.puhdasplus.ee\/wp-content\/uploads\/2021\/03\/puhdas-aroma-diffuser-ad-9-wood.jpg\",\"width\":600,\"height\":600,\"caption\":\"puhdusplus Aroma difuzors, mitrin\u0101t\u0101js\"},{\"@type\":\"BreadcrumbList\",\"@id\":\"https:\/\/test.puhdasplus.ee\/lv\/tooted\/difuzori\/eterisko-ellu-difuzors-200-ml-ad-9-dabiga-aromterapija-un-mitrinasana\/#breadcrumb\",\"itemListElement\":[{\"@type\":\"ListItem\",\"position\":1,\"name\":\"S\u0101kums\",\"item\":\"https:\/\/test.puhdasplus.ee\/lv\/\"},{\"@type\":\"ListItem\",\"position\":2,\"name\":\"Produkti\",\"item\":\"https:\/\/test.puhdasplus.ee\/lv\/veikals\/\"},{\"@type\":\"ListItem\",\"position\":3,\"name\":\"\u0112terisko e\u013c\u013cu difuzors 200 ml (AD-9) \u2013 Dab\u012bga aromterapija un mitrin\u0101\u0161ana\"}]},{\"@type\":\"WebSite\",\"@id\":\"https:\/\/test.puhdasplus.ee\/lv\/#website\",\"url\":\"https:\/\/test.puhdasplus.ee\/lv\/\",\"name\":\"Puhdas+\",\"description\":\"Vitamiinid, Toidulisandid, looduskosmeetika, tervis, sport\",\"publisher\":{\"@id\":\"https:\/\/test.puhdasplus.ee\/lv\/#organization\"},\"potentialAction\":[{\"@type\":\"SearchAction\",\"target\":{\"@type\":\"EntryPoint\",\"urlTemplate\":\"https:\/\/test.puhdasplus.ee\/lv\/?s={search_term_string}\"},\"query-input\":{\"@type\":\"PropertyValueSpecification\",\"valueRequired\":true,\"valueName\":\"search_term_string\"}}],\"inLanguage\":\"lv-LV\"},{\"@type\":\"Organization\",\"@id\":\"https:\/\/test.puhdasplus.ee\/lv\/#organization\",\"name\":\"Puhdas+\",\"alternateName\":\"Puhdasplus\",\"url\":\"https:\/\/test.puhdasplus.ee\/lv\/\",\"logo\":{\"@type\":\"ImageObject\",\"inLanguage\":\"lv-LV\",\"@id\":\"https:\/\/test.puhdasplus.ee\/lv\/#\/schema\/logo\/image\/\",\"url\":\"https:\/\/test.puhdasplus.ee\/\/wp-content\/uploads\/2019\/10\/puhdas_logo-arvele.png\",\"contentUrl\":\"https:\/\/test.puhdasplus.ee\/\/wp-content\/uploads\/2019\/10\/puhdas_logo-arvele.png\",\"width\":114,\"height\":94,\"caption\":\"Puhdas+\"},\"image\":{\"@id\":\"https:\/\/test.puhdasplus.ee\/lv\/#\/schema\/logo\/image\/\"},\"sameAs\":[\"https:\/\/www.facebook.com\/puhdasplus\",\"https:\/\/www.instagram.com\/puhdasplus_ee\/\"]}]}<\/script>\n<!-- \/ Yoast SEO plugin. -->","yoast_head_json":{"title":"\u0112terisko e\u013c\u013cu difuzors 200 ml (AD-9) \u2013 Dab\u012bga aromterapija un mitrin\u0101\u0161ana - Puhdas+","description":"\u0112terisko e\u013c\u013cu difuzors ar koka rakstu 200 ml (AD-9) rada nomierino\u0161u atmosf\u0113ru, mitrina gaisu un izplata \u0113terisko e\u013c\u013cu arom\u0101tu.","robots":{"index":"noindex","follow":"follow","max-snippet":"max-snippet:-1","max-image-preview":"max-image-preview:large","max-video-preview":"max-video-preview:-1"},"og_locale":"lv_LV","og_type":"article","og_title":"\u0112terisko e\u013c\u013cu difuzors 200 ml (AD-9) \u2013 Dab\u012bga aromterapija un mitrin\u0101\u0161ana - Puhdas+","og_description":"\u0112terisko e\u013c\u013cu difuzors ar koka rakstu 200 ml (AD-9) rada nomierino\u0161u atmosf\u0113ru, mitrina gaisu un izplata \u0113terisko e\u013c\u013cu arom\u0101tu.","og_url":"https:\/\/test.puhdasplus.ee\/lv\/tooted\/difuzori\/eterisko-ellu-difuzors-200-ml-ad-9-dabiga-aromterapija-un-mitrinasana\/","og_site_name":"Puhdas+","article_publisher":"https:\/\/www.facebook.com\/puhdasplus","article_modified_time":"2026-03-10T12:37:26+00:00","og_image":[{"width":600,"height":600,"url":"https:\/\/test.puhdasplus.ee\/wp-content\/uploads\/2021\/03\/puhdas-aroma-diffuser-ad-9-wood.jpg","type":"image\/jpeg"}],"twitter_card":"summary_large_image","twitter_misc":{"Est. reading time":"2 min\u016btes"},"schema":{"@context":"https:\/\/schema.org","@graph":[{"@type":"WebPage","@id":"https:\/\/test.puhdasplus.ee\/lv\/tooted\/difuzori\/eterisko-ellu-difuzors-200-ml-ad-9-dabiga-aromterapija-un-mitrinasana\/","url":"https:\/\/test.puhdasplus.ee\/lv\/tooted\/difuzori\/eterisko-ellu-difuzors-200-ml-ad-9-dabiga-aromterapija-un-mitrinasana\/","name":"\u0112terisko e\u013c\u013cu difuzors 200 ml (AD-9) \u2013 Dab\u012bga aromterapija un mitrin\u0101\u0161ana - Puhdas+","isPartOf":{"@id":"https:\/\/test.puhdasplus.ee\/lv\/#website"},"primaryImageOfPage":{"@id":"https:\/\/test.puhdasplus.ee\/lv\/tooted\/difuzori\/eterisko-ellu-difuzors-200-ml-ad-9-dabiga-aromterapija-un-mitrinasana\/#primaryimage"},"image":{"@id":"https:\/\/test.puhdasplus.ee\/lv\/tooted\/difuzori\/eterisko-ellu-difuzors-200-ml-ad-9-dabiga-aromterapija-un-mitrinasana\/#primaryimage"},"thumbnailUrl":"https:\/\/test.puhdasplus.ee\/wp-content\/uploads\/2021\/03\/puhdas-aroma-diffuser-ad-9-wood.jpg","datePublished":"2021-03-12T14:27:32+00:00","dateModified":"2026-03-10T12:37:26+00:00","description":"\u0112terisko e\u013c\u013cu difuzors ar koka rakstu 200 ml (AD-9) rada nomierino\u0161u atmosf\u0113ru, mitrina gaisu un izplata \u0113terisko e\u013c\u013cu arom\u0101tu.","breadcrumb":{"@id":"https:\/\/test.puhdasplus.ee\/lv\/tooted\/difuzori\/eterisko-ellu-difuzors-200-ml-ad-9-dabiga-aromterapija-un-mitrinasana\/#breadcrumb"},"inLanguage":"lv-LV","potentialAction":[{"@type":"ReadAction","target":["https:\/\/test.puhdasplus.ee\/lv\/tooted\/difuzori\/eterisko-ellu-difuzors-200-ml-ad-9-dabiga-aromterapija-un-mitrinasana\/"]}]},{"@type":"ImageObject","inLanguage":"lv-LV","@id":"https:\/\/test.puhdasplus.ee\/lv\/tooted\/difuzori\/eterisko-ellu-difuzors-200-ml-ad-9-dabiga-aromterapija-un-mitrinasana\/#primaryimage","url":"https:\/\/test.puhdasplus.ee\/wp-content\/uploads\/2021\/03\/puhdas-aroma-diffuser-ad-9-wood.jpg","contentUrl":"https:\/\/test.puhdasplus.ee\/wp-content\/uploads\/2021\/03\/puhdas-aroma-diffuser-ad-9-wood.jpg","width":600,"height":600,"caption":"puhdusplus Aroma difuzors, mitrin\u0101t\u0101js"},{"@type":"BreadcrumbList","@id":"https:\/\/test.puhdasplus.ee\/lv\/tooted\/difuzori\/eterisko-ellu-difuzors-200-ml-ad-9-dabiga-aromterapija-un-mitrinasana\/#breadcrumb","itemListElement":[{"@type":"ListItem","position":1,"name":"S\u0101kums","item":"https:\/\/test.puhdasplus.ee\/lv\/"},{"@type":"ListItem","position":2,"name":"Produkti","item":"https:\/\/test.puhdasplus.ee\/lv\/veikals\/"},{"@type":"ListItem","position":3,"name":"\u0112terisko e\u013c\u013cu difuzors 200 ml (AD-9) \u2013 Dab\u012bga aromterapija un mitrin\u0101\u0161ana"}]},{"@type":"WebSite","@id":"https:\/\/test.puhdasplus.ee\/lv\/#website","url":"https:\/\/test.puhdasplus.ee\/lv\/","name":"Puhdas+","description":"Vitamiinid, Toidulisandid, looduskosmeetika, tervis, sport","publisher":{"@id":"https:\/\/test.puhdasplus.ee\/lv\/#organization"},"potentialAction":[{"@type":"SearchAction","target":{"@type":"EntryPoint","urlTemplate":"https:\/\/test.puhdasplus.ee\/lv\/?s={search_term_string}"},"query-input":{"@type":"PropertyValueSpecification","valueRequired":true,"valueName":"search_term_string"}}],"inLanguage":"lv-LV"},{"@type":"Organization","@id":"https:\/\/test.puhdasplus.ee\/lv\/#organization","name":"Puhdas+","alternateName":"Puhdasplus","url":"https:\/\/test.puhdasplus.ee\/lv\/","logo":{"@type":"ImageObject","inLanguage":"lv-LV","@id":"https:\/\/test.puhdasplus.ee\/lv\/#\/schema\/logo\/image\/","url":"https:\/\/test.puhdasplus.ee\/\/wp-content\/uploads\/2019\/10\/puhdas_logo-arvele.png","contentUrl":"https:\/\/test.puhdasplus.ee\/\/wp-content\/uploads\/2019\/10\/puhdas_logo-arvele.png","width":114,"height":94,"caption":"Puhdas+"},"image":{"@id":"https:\/\/test.puhdasplus.ee\/lv\/#\/schema\/logo\/image\/"},"sameAs":["https:\/\/www.facebook.com\/puhdasplus","https:\/\/www.instagram.com\/puhdasplus_ee\/"]}]}},"_links":{"self":[{"href":"https:\/\/test.puhdasplus.ee\/lv\/wp-json\/wp\/v2\/product\/35192","targetHints":{"allow":["GET"]}}],"collection":[{"href":"https:\/\/test.puhdasplus.ee\/lv\/wp-json\/wp\/v2\/product"}],"about":[{"href":"https:\/\/test.puhdasplus.ee\/lv\/wp-json\/wp\/v2\/types\/product"}],"replies":[{"embeddable":true,"href":"https:\/\/test.puhdasplus.ee\/lv\/wp-json\/wp\/v2\/comments?post=35192"}],"wp:featuredmedia":[{"embeddable":true,"href":"https:\/\/test.puhdasplus.ee\/lv\/wp-json\/wp\/v2\/media\/35195"}],"wp:attachment":[{"href":"https:\/\/test.puhdasplus.ee\/lv\/wp-json\/wp\/v2\/media?parent=35192"}],"wp:term":[{"taxonomy":"product_brand","embeddable":true,"href":"https:\/\/test.puhdasplus.ee\/lv\/wp-json\/wp\/v2\/product_brand?post=35192"},{"taxonomy":"product_cat","embeddable":true,"href":"https:\/\/test.puhdasplus.ee\/lv\/wp-json\/wp\/v2\/product_cat?post=35192"},{"taxonomy":"product_tag","embeddable":true,"href":"https:\/\/test.puhdasplus.ee\/lv\/wp-json\/wp\/v2\/product_tag?post=35192"}],"curies":[{"name":"wp","href":"https:\/\/api.w.org\/{rel}","templated":true}]}}