{"id":35191,"date":"2021-04-27T07:49:57","date_gmt":"2021-04-27T04:49:57","guid":{"rendered":"https:\/\/test.puhdasplus.ee\/\/tooted\/uncategorized\/tejas-koka-ella\/"},"modified":"2026-03-10T14:23:58","modified_gmt":"2026-03-10T12:23:58","slug":"tejas-koka-ella","status":"publish","type":"product","link":"https:\/\/test.puhdasplus.ee\/lv\/tooted\/kosmetika\/tejas-koka-ella\/","title":{"rendered":"T\u0113jas koka e\u013c\u013ca"},"content":{"rendered":"<h3 data-start=\"97\" data-end=\"557\">T\u0113jas koka e\u013c\u013ca: dabiska att\u012bro\u0161a un nomierino\u0161a kop\u0161ana.<\/h3>\n<p data-start=\"97\" data-end=\"557\">T\u0113jas koka e\u013c\u013ca ir 100% dab\u012bga un att\u012bro\u0161a \u0113terisk\u0101 e\u013c\u013ca, kas paz\u012bstama ar sav\u0101m <strong data-start=\"177\" data-end=\"241\">antibakteri\u0101laj\u0101m, pretiekaisuma un nomierino\u0161aj\u0101m \u012bpa\u0161\u012bb\u0101m<\/strong> . T\u0113jas koka e\u013c\u013ca pal\u012bdz nomierin\u0101t \u0101das kairin\u0101jumus, akni, nelielas br\u016bces un kukai\u0146u kodumus, k\u0101 ar\u012b atbalsta \u0101das l\u012bdzsvaru. To var lietot gan sejas, gan \u0137erme\u0146a \u0101dai, matu un galvas \u0101das kop\u0161anai, k\u0101 ar\u012b k\u0101 dab\u012bgu t\u012br\u012b\u0161anas l\u012bdzekli. Ide\u0101li piem\u0113rota problem\u0101tiskai un jut\u012bgai \u0101dai, k\u0101 ar\u012b ikdienas kop\u0161anai.   <\/p>\n<h4 data-start=\"698\" data-end=\"727\"><strong data-start=\"703\" data-end=\"725\">Lieto\u0161anas instrukcija:<\/strong><\/h4>\n<ol data-start=\"728\" data-end=\"1288\">\n<li data-start=\"728\" data-end=\"839\"><strong data-start=\"731\" data-end=\"742\">\u0100dai:<\/strong> at\u0161\u0137aidiet da\u017eus pilienus b\u0101zes e\u013c\u013c\u0101 (piem\u0113ram, jojobas vai mande\u013cu e\u013c\u013c\u0101) un uzkl\u0101jiet uz probl\u0113mzon\u0101m.<\/li>\n<li data-start=\"840\" data-end=\"943\"><strong data-start=\"843\" data-end=\"872\">Pin\u0146u un pumpu \u0101rst\u0113\u0161ana:<\/strong> Uzkl\u0101jiet at\u0161\u0137aid\u012btu e\u013c\u013cu tie\u0161i uz probl\u0113mzon\u0101m ar vates tamponu.<\/li>\n<li data-start=\"944\" data-end=\"1059\"><strong data-start=\"947\" data-end=\"967\">Galvas \u0101das kop\u0161ana:<\/strong> Pievienojiet da\u017eus pilienus \u0161amp\u016bnam vai iemas\u0113jiet tie\u0161i galvas \u0101d\u0101, lai mazin\u0101tu niezi un blaugznas.<\/li>\n<li data-start=\"1060\" data-end=\"1167\"><strong data-start=\"1063\" data-end=\"1087\">Kukai\u0146u kodumu gad\u012bjum\u0101:<\/strong> uzkl\u0101t at\u0161\u0137aid\u012btu l\u012bdzekli tie\u0161i uz koduma vietas, lai mazin\u0101tu niezi un piet\u016bkumu.<\/li>\n<li data-start=\"1168\" data-end=\"1288\"><strong data-start=\"1171\" data-end=\"1190\">K\u0101 gaisa atsvaidzin\u0101t\u0101js:<\/strong> pievienojiet da\u017eus pilienus difuzoram vai sajauciet ar \u016bdeni smidzin\u0101\u0161anas pudel\u0113, lai ieg\u016btu atsvaidzino\u0161u telpas kop\u0161anas l\u012bdzekli.<\/li>\n<\/ol>\n<h4 data-start=\"1290\" data-end=\"1333\"><strong data-start=\"1295\" data-end=\"1331\">Sast\u0101vda\u013cas un to priek\u0161roc\u012bbas:<\/strong><\/h4>\n<ul data-start=\"1334\" data-end=\"1671\">\n<li data-start=\"1334\" data-end=\"1448\"><strong data-start=\"1336\" data-end=\"1385\">100% t\u012bra t\u0113jas koka e\u013c\u013ca (Melaleuca Alternifolia)<\/strong> \u2013 antibakteri\u0101la, pretiekaisuma un \u0101du nomierino\u0161a iedarb\u012bba.<\/li>\n<li data-start=\"1449\" data-end=\"1552\"><strong data-start=\"1451\" data-end=\"1475\">Dab\u012bgs antiseptisks l\u012bdzeklis<\/strong> \u2013 pal\u012bdz c\u012bn\u012bties ar \u0101das probl\u0113m\u0101m, kukai\u0146u kodumiem un s\u0113n\u012b\u0161u infekcij\u0101m.<\/li>\n<li data-start=\"1553\" data-end=\"1671\"><strong data-start=\"1555\" data-end=\"1598\">Piem\u0113rots jut\u012bgai un problem\u0101tiskai \u0101dai<\/strong> \u2013 regul\u0113 sebuma izdal\u012b\u0161anos un l\u012bdzsvaro \u0101du, to neiz\u017e\u0101v\u0113jot.<\/li>\n<\/ul>\n","protected":false},"excerpt":{"rendered":"<p data-start=\"585\" data-end=\"696\">Dab\u012bga t\u0113jas koka e\u013c\u013ca, kas att\u012bra, l\u012bdzsvaro un nomierina \u0101du, pal\u012bdzot mazin\u0101t \u0101das kairin\u0101jumu un akni.<\/p>\n<h4 data-start=\"698\" data-end=\"727\"><\/h4>\n","protected":false},"featured_media":32090,"comment_status":"closed","ping_status":"closed","template":"","meta":{"_acf_changed":false},"product_brand":[],"product_cat":[3296,2761,3067,2533],"product_tag":[2630,4458,4461,5347,2541,4247,6154,6150,6153,6149,2559],"class_list":{"0":"post-35191","1":"product","2":"type-product","3":"status-publish","4":"has-post-thumbnail","6":"product_cat-ada-mati-nagi","7":"product_cat-eteriskas-ellas","8":"product_cat-ipasie-piedavajumi","9":"product_cat-kosmetika","10":"product_tag-adas-kopsana","11":"product_tag-aknes-aprupe","12":"product_tag-antibakteriala-aprupe","13":"product_tag-dabigs-antiseptikis","14":"product_tag-dabiska-skaistumkopsana","15":"product_tag-galvas-adas-kopsana","16":"product_tag-nomierinosa-ella","17":"product_tag-pretiekaisuma-ella","18":"product_tag-problematiska-ada","19":"product_tag-tejas-koka-ella","20":"product_tag-tirs-skaistums","22":"first","23":"instock","24":"sale","25":"taxable","26":"shipping-taxable","27":"purchasable","28":"product-type-variable","29":"has-default-attributes"},"acf":[],"yoast_head":"<!-- This site is optimized with the Yoast SEO plugin v27.1.1 - https:\/\/yoast.com\/product\/yoast-seo-wordpress\/ -->\n<title>T\u0113jas koka e\u013c\u013ca - Puhdas+<\/title>\n<meta name=\"description\" content=\"T\u0113jas koka e\u013c\u013ca ir 100% dab\u012bga antiseptiska e\u013c\u013ca, kas pal\u012bdz att\u012br\u012bt un l\u012bdzsvarot \u0101du. Piem\u0113rota aknes, kairin\u0101juma un galvas \u0101das kop\u0161anai!\" \/>\n<meta name=\"robots\" content=\"noindex, follow, max-snippet:-1, max-image-preview:large, max-video-preview:-1\" \/>\n<meta property=\"og:locale\" content=\"lv_LV\" \/>\n<meta property=\"og:type\" content=\"article\" \/>\n<meta property=\"og:title\" content=\"T\u0113jas koka e\u013c\u013ca - Puhdas+\" \/>\n<meta property=\"og:description\" content=\"T\u0113jas koka e\u013c\u013ca ir 100% dab\u012bga antiseptiska e\u013c\u013ca, kas pal\u012bdz att\u012br\u012bt un l\u012bdzsvarot \u0101du. Piem\u0113rota aknes, kairin\u0101juma un galvas \u0101das kop\u0161anai!\" \/>\n<meta property=\"og:url\" content=\"https:\/\/test.puhdasplus.ee\/lv\/tooted\/kosmetika\/tejas-koka-ella\/\" \/>\n<meta property=\"og:site_name\" content=\"Puhdas+\" \/>\n<meta property=\"article:publisher\" content=\"https:\/\/www.facebook.com\/puhdasplus\" \/>\n<meta property=\"article:modified_time\" content=\"2026-03-10T12:23:58+00:00\" \/>\n<meta property=\"og:image\" content=\"https:\/\/test.puhdasplus.ee\/wp-content\/uploads\/2025\/02\/puhdasplus_Tea_Tree_Oil_10ml.jpg.webp\" \/>\n\t<meta property=\"og:image:width\" content=\"1100\" \/>\n\t<meta property=\"og:image:height\" content=\"1100\" \/>\n\t<meta property=\"og:image:type\" content=\"image\/webp\" \/>\n<meta name=\"twitter:card\" content=\"summary_large_image\" \/>\n<meta name=\"twitter:label1\" content=\"Est. reading time\" \/>\n\t<meta name=\"twitter:data1\" content=\"2 min\u016btes\" \/>\n<script type=\"application\/ld+json\" class=\"yoast-schema-graph\">{\"@context\":\"https:\/\/schema.org\",\"@graph\":[{\"@type\":\"WebPage\",\"@id\":\"https:\/\/test.puhdasplus.ee\/lv\/tooted\/kosmetika\/tejas-koka-ella\/\",\"url\":\"https:\/\/test.puhdasplus.ee\/lv\/tooted\/kosmetika\/tejas-koka-ella\/\",\"name\":\"T\u0113jas koka e\u013c\u013ca - Puhdas+\",\"isPartOf\":{\"@id\":\"https:\/\/test.puhdasplus.ee\/lv\/#website\"},\"primaryImageOfPage\":{\"@id\":\"https:\/\/test.puhdasplus.ee\/lv\/tooted\/kosmetika\/tejas-koka-ella\/#primaryimage\"},\"image\":{\"@id\":\"https:\/\/test.puhdasplus.ee\/lv\/tooted\/kosmetika\/tejas-koka-ella\/#primaryimage\"},\"thumbnailUrl\":\"https:\/\/test.puhdasplus.ee\/wp-content\/uploads\/2025\/02\/puhdasplus_Tea_Tree_Oil_10ml.jpg.webp\",\"datePublished\":\"2021-04-27T04:49:57+00:00\",\"dateModified\":\"2026-03-10T12:23:58+00:00\",\"description\":\"T\u0113jas koka e\u013c\u013ca ir 100% dab\u012bga antiseptiska e\u013c\u013ca, kas pal\u012bdz att\u012br\u012bt un l\u012bdzsvarot \u0101du. Piem\u0113rota aknes, kairin\u0101juma un galvas \u0101das kop\u0161anai!\",\"breadcrumb\":{\"@id\":\"https:\/\/test.puhdasplus.ee\/lv\/tooted\/kosmetika\/tejas-koka-ella\/#breadcrumb\"},\"inLanguage\":\"lv-LV\",\"potentialAction\":[{\"@type\":\"ReadAction\",\"target\":[\"https:\/\/test.puhdasplus.ee\/lv\/tooted\/kosmetika\/tejas-koka-ella\/\"]}]},{\"@type\":\"ImageObject\",\"inLanguage\":\"lv-LV\",\"@id\":\"https:\/\/test.puhdasplus.ee\/lv\/tooted\/kosmetika\/tejas-koka-ella\/#primaryimage\",\"url\":\"https:\/\/test.puhdasplus.ee\/wp-content\/uploads\/2025\/02\/puhdasplus_Tea_Tree_Oil_10ml.jpg.webp\",\"contentUrl\":\"https:\/\/test.puhdasplus.ee\/wp-content\/uploads\/2025\/02\/puhdasplus_Tea_Tree_Oil_10ml.jpg.webp\",\"width\":1100,\"height\":1100,\"caption\":\"T\u0113jas koka e\u013c\u013ca\"},{\"@type\":\"BreadcrumbList\",\"@id\":\"https:\/\/test.puhdasplus.ee\/lv\/tooted\/kosmetika\/tejas-koka-ella\/#breadcrumb\",\"itemListElement\":[{\"@type\":\"ListItem\",\"position\":1,\"name\":\"S\u0101kums\",\"item\":\"https:\/\/test.puhdasplus.ee\/lv\/\"},{\"@type\":\"ListItem\",\"position\":2,\"name\":\"Produkti\",\"item\":\"https:\/\/test.puhdasplus.ee\/lv\/veikals\/\"},{\"@type\":\"ListItem\",\"position\":3,\"name\":\"T\u0113jas koka e\u013c\u013ca\"}]},{\"@type\":\"WebSite\",\"@id\":\"https:\/\/test.puhdasplus.ee\/lv\/#website\",\"url\":\"https:\/\/test.puhdasplus.ee\/lv\/\",\"name\":\"Puhdas+\",\"description\":\"Vitamiinid, Toidulisandid, looduskosmeetika, tervis, sport\",\"publisher\":{\"@id\":\"https:\/\/test.puhdasplus.ee\/lv\/#organization\"},\"potentialAction\":[{\"@type\":\"SearchAction\",\"target\":{\"@type\":\"EntryPoint\",\"urlTemplate\":\"https:\/\/test.puhdasplus.ee\/lv\/?s={search_term_string}\"},\"query-input\":{\"@type\":\"PropertyValueSpecification\",\"valueRequired\":true,\"valueName\":\"search_term_string\"}}],\"inLanguage\":\"lv-LV\"},{\"@type\":\"Organization\",\"@id\":\"https:\/\/test.puhdasplus.ee\/lv\/#organization\",\"name\":\"Puhdas+\",\"alternateName\":\"Puhdasplus\",\"url\":\"https:\/\/test.puhdasplus.ee\/lv\/\",\"logo\":{\"@type\":\"ImageObject\",\"inLanguage\":\"lv-LV\",\"@id\":\"https:\/\/test.puhdasplus.ee\/lv\/#\/schema\/logo\/image\/\",\"url\":\"https:\/\/test.puhdasplus.ee\/\/wp-content\/uploads\/2019\/10\/puhdas_logo-arvele.png\",\"contentUrl\":\"https:\/\/test.puhdasplus.ee\/\/wp-content\/uploads\/2019\/10\/puhdas_logo-arvele.png\",\"width\":114,\"height\":94,\"caption\":\"Puhdas+\"},\"image\":{\"@id\":\"https:\/\/test.puhdasplus.ee\/lv\/#\/schema\/logo\/image\/\"},\"sameAs\":[\"https:\/\/www.facebook.com\/puhdasplus\",\"https:\/\/www.instagram.com\/puhdasplus_ee\/\"]}]}<\/script>\n<!-- \/ Yoast SEO plugin. -->","yoast_head_json":{"title":"T\u0113jas koka e\u013c\u013ca - Puhdas+","description":"T\u0113jas koka e\u013c\u013ca ir 100% dab\u012bga antiseptiska e\u013c\u013ca, kas pal\u012bdz att\u012br\u012bt un l\u012bdzsvarot \u0101du. Piem\u0113rota aknes, kairin\u0101juma un galvas \u0101das kop\u0161anai!","robots":{"index":"noindex","follow":"follow","max-snippet":"max-snippet:-1","max-image-preview":"max-image-preview:large","max-video-preview":"max-video-preview:-1"},"og_locale":"lv_LV","og_type":"article","og_title":"T\u0113jas koka e\u013c\u013ca - Puhdas+","og_description":"T\u0113jas koka e\u013c\u013ca ir 100% dab\u012bga antiseptiska e\u013c\u013ca, kas pal\u012bdz att\u012br\u012bt un l\u012bdzsvarot \u0101du. Piem\u0113rota aknes, kairin\u0101juma un galvas \u0101das kop\u0161anai!","og_url":"https:\/\/test.puhdasplus.ee\/lv\/tooted\/kosmetika\/tejas-koka-ella\/","og_site_name":"Puhdas+","article_publisher":"https:\/\/www.facebook.com\/puhdasplus","article_modified_time":"2026-03-10T12:23:58+00:00","og_image":[{"width":1100,"height":1100,"url":"https:\/\/test.puhdasplus.ee\/wp-content\/uploads\/2025\/02\/puhdasplus_Tea_Tree_Oil_10ml.jpg.webp","type":"image\/webp"}],"twitter_card":"summary_large_image","twitter_misc":{"Est. reading time":"2 min\u016btes"},"schema":{"@context":"https:\/\/schema.org","@graph":[{"@type":"WebPage","@id":"https:\/\/test.puhdasplus.ee\/lv\/tooted\/kosmetika\/tejas-koka-ella\/","url":"https:\/\/test.puhdasplus.ee\/lv\/tooted\/kosmetika\/tejas-koka-ella\/","name":"T\u0113jas koka e\u013c\u013ca - Puhdas+","isPartOf":{"@id":"https:\/\/test.puhdasplus.ee\/lv\/#website"},"primaryImageOfPage":{"@id":"https:\/\/test.puhdasplus.ee\/lv\/tooted\/kosmetika\/tejas-koka-ella\/#primaryimage"},"image":{"@id":"https:\/\/test.puhdasplus.ee\/lv\/tooted\/kosmetika\/tejas-koka-ella\/#primaryimage"},"thumbnailUrl":"https:\/\/test.puhdasplus.ee\/wp-content\/uploads\/2025\/02\/puhdasplus_Tea_Tree_Oil_10ml.jpg.webp","datePublished":"2021-04-27T04:49:57+00:00","dateModified":"2026-03-10T12:23:58+00:00","description":"T\u0113jas koka e\u013c\u013ca ir 100% dab\u012bga antiseptiska e\u013c\u013ca, kas pal\u012bdz att\u012br\u012bt un l\u012bdzsvarot \u0101du. Piem\u0113rota aknes, kairin\u0101juma un galvas \u0101das kop\u0161anai!","breadcrumb":{"@id":"https:\/\/test.puhdasplus.ee\/lv\/tooted\/kosmetika\/tejas-koka-ella\/#breadcrumb"},"inLanguage":"lv-LV","potentialAction":[{"@type":"ReadAction","target":["https:\/\/test.puhdasplus.ee\/lv\/tooted\/kosmetika\/tejas-koka-ella\/"]}]},{"@type":"ImageObject","inLanguage":"lv-LV","@id":"https:\/\/test.puhdasplus.ee\/lv\/tooted\/kosmetika\/tejas-koka-ella\/#primaryimage","url":"https:\/\/test.puhdasplus.ee\/wp-content\/uploads\/2025\/02\/puhdasplus_Tea_Tree_Oil_10ml.jpg.webp","contentUrl":"https:\/\/test.puhdasplus.ee\/wp-content\/uploads\/2025\/02\/puhdasplus_Tea_Tree_Oil_10ml.jpg.webp","width":1100,"height":1100,"caption":"T\u0113jas koka e\u013c\u013ca"},{"@type":"BreadcrumbList","@id":"https:\/\/test.puhdasplus.ee\/lv\/tooted\/kosmetika\/tejas-koka-ella\/#breadcrumb","itemListElement":[{"@type":"ListItem","position":1,"name":"S\u0101kums","item":"https:\/\/test.puhdasplus.ee\/lv\/"},{"@type":"ListItem","position":2,"name":"Produkti","item":"https:\/\/test.puhdasplus.ee\/lv\/veikals\/"},{"@type":"ListItem","position":3,"name":"T\u0113jas koka e\u013c\u013ca"}]},{"@type":"WebSite","@id":"https:\/\/test.puhdasplus.ee\/lv\/#website","url":"https:\/\/test.puhdasplus.ee\/lv\/","name":"Puhdas+","description":"Vitamiinid, Toidulisandid, looduskosmeetika, tervis, sport","publisher":{"@id":"https:\/\/test.puhdasplus.ee\/lv\/#organization"},"potentialAction":[{"@type":"SearchAction","target":{"@type":"EntryPoint","urlTemplate":"https:\/\/test.puhdasplus.ee\/lv\/?s={search_term_string}"},"query-input":{"@type":"PropertyValueSpecification","valueRequired":true,"valueName":"search_term_string"}}],"inLanguage":"lv-LV"},{"@type":"Organization","@id":"https:\/\/test.puhdasplus.ee\/lv\/#organization","name":"Puhdas+","alternateName":"Puhdasplus","url":"https:\/\/test.puhdasplus.ee\/lv\/","logo":{"@type":"ImageObject","inLanguage":"lv-LV","@id":"https:\/\/test.puhdasplus.ee\/lv\/#\/schema\/logo\/image\/","url":"https:\/\/test.puhdasplus.ee\/\/wp-content\/uploads\/2019\/10\/puhdas_logo-arvele.png","contentUrl":"https:\/\/test.puhdasplus.ee\/\/wp-content\/uploads\/2019\/10\/puhdas_logo-arvele.png","width":114,"height":94,"caption":"Puhdas+"},"image":{"@id":"https:\/\/test.puhdasplus.ee\/lv\/#\/schema\/logo\/image\/"},"sameAs":["https:\/\/www.facebook.com\/puhdasplus","https:\/\/www.instagram.com\/puhdasplus_ee\/"]}]}},"_links":{"self":[{"href":"https:\/\/test.puhdasplus.ee\/lv\/wp-json\/wp\/v2\/product\/35191","targetHints":{"allow":["GET"]}}],"collection":[{"href":"https:\/\/test.puhdasplus.ee\/lv\/wp-json\/wp\/v2\/product"}],"about":[{"href":"https:\/\/test.puhdasplus.ee\/lv\/wp-json\/wp\/v2\/types\/product"}],"replies":[{"embeddable":true,"href":"https:\/\/test.puhdasplus.ee\/lv\/wp-json\/wp\/v2\/comments?post=35191"}],"wp:featuredmedia":[{"embeddable":true,"href":"https:\/\/test.puhdasplus.ee\/lv\/wp-json\/wp\/v2\/media\/32090"}],"wp:attachment":[{"href":"https:\/\/test.puhdasplus.ee\/lv\/wp-json\/wp\/v2\/media?parent=35191"}],"wp:term":[{"taxonomy":"product_brand","embeddable":true,"href":"https:\/\/test.puhdasplus.ee\/lv\/wp-json\/wp\/v2\/product_brand?post=35191"},{"taxonomy":"product_cat","embeddable":true,"href":"https:\/\/test.puhdasplus.ee\/lv\/wp-json\/wp\/v2\/product_cat?post=35191"},{"taxonomy":"product_tag","embeddable":true,"href":"https:\/\/test.puhdasplus.ee\/lv\/wp-json\/wp\/v2\/product_tag?post=35191"}],"curies":[{"name":"wp","href":"https:\/\/api.w.org\/{rel}","templated":true}]}}