{"id":35185,"date":"2021-01-21T17:22:44","date_gmt":"2021-01-21T15:22:44","guid":{"rendered":"https:\/\/test.puhdasplus.ee\/\/tooted\/uncategorized\/bcaa-aminoskabes-225-g-uztura-bagatinatajs\/"},"modified":"2026-03-10T14:37:29","modified_gmt":"2026-03-10T12:37:29","slug":"bcaa-aminoskabes-225-g-uztura-bagatinatajs","status":"publish","type":"product","link":"https:\/\/test.puhdasplus.ee\/lv\/tooted\/sports-lv\/bcaa-aminoskabes-225-g-uztura-bagatinatajs\/","title":{"rendered":"BCAA aminosk\u0101bes 225 g \u2013 uztura bag\u0101tin\u0101t\u0101js"},"content":{"rendered":"<p><strong data-start=\"58\" data-end=\"73\">Uztura bag\u0101tin\u0101t\u0101js.<\/strong> Augsti \u0161\u0137\u012bsto\u0161s BCAA pulveris satur tr\u012bs sazarot\u0101s \u0137\u0113des aminosk\u0101bes attiec\u012bb\u0101 2:1:1 (leic\u012bns:izoleic\u012bns:val\u012bns).<\/p>\n<h2 data-start=\"344\" data-end=\"362\">Sast\u0101vda\u013cas:<\/h2>\n<p data-start=\"344\" data-end=\"362\">L-leic\u012bns, L-izoleic\u012bns, L-val\u012bns.<\/p>\n<h2 data-start=\"401\" data-end=\"417\">Neto daudzums:<\/h2>\n<h4 data-start=\"401\" data-end=\"417\">225 g<\/h4>\n<h2 data-start=\"425\" data-end=\"470\">Ieteicam\u0101 dienas deva (1 t\u0113jkarote = 6 g) satur:<\/h2>\n<p>&nbsp;<\/p>\n<div class=\"_tableContainer_80l1q_1\">\n<div class=\"_tableWrapper_80l1q_14 group flex w-fit flex-col-reverse\" tabindex=\"-1\">\n<table class=\"w-fit min-w-(--thread-content-width)\" data-start=\"526\" data-end=\"699\">\n<thead data-start=\"526\" data-end=\"575\">\n<tr data-start=\"526\" data-end=\"575\">\n<th data-start=\"526\" data-end=\"562\" data-col-size=\"sm\"><strong data-start=\"528\" data-end=\"561\">Dienas deva (6 g) satur:<\/strong><\/th>\n<th data-start=\"562\" data-end=\"575\" data-col-size=\"sm\"><strong data-start=\"564\" data-end=\"573\">Daudzums<\/strong><\/th>\n<\/tr>\n<\/thead>\n<tbody data-start=\"586\" data-end=\"699\">\n<tr data-start=\"586\" data-end=\"610\">\n<td data-start=\"586\" data-end=\"599\" data-col-size=\"sm\">L-leic\u012bns<\/td>\n<td data-col-size=\"sm\" data-start=\"599\" data-end=\"610\">3000 mg<\/td>\n<\/tr>\n<tr data-start=\"611\" data-end=\"638\">\n<td data-start=\"611\" data-end=\"627\" data-col-size=\"sm\">L-izoleic\u012bns<\/td>\n<td data-col-size=\"sm\" data-start=\"627\" data-end=\"638\">1500 mg<\/td>\n<\/tr>\n<tr data-start=\"639\" data-end=\"699\">\n<td data-start=\"639\" data-end=\"650\" data-col-size=\"sm\">L-val\u012bns<\/td>\n<td data-col-size=\"sm\" data-start=\"650\" data-end=\"660\">1500 mg<\/td>\n<\/tr>\n<\/tbody>\n<\/table>\n<\/div>\n<h2 data-start=\"701\" data-end=\"723\">Lieto\u0161anas instrukcija:<\/h2>\n<p data-start=\"701\" data-end=\"723\">Sajauciet 1 t\u0113jkaroti pulvera ar ~2 dl \u0161\u0137idruma un lietojiet pirms vai p\u0113c treni\u0146a. Nep\u0101rsniedziet ieteicamo dienas devu. <\/p>\n<h2 data-start=\"844\" data-end=\"860\">Br\u012bdin\u0101jumi:<\/h2>\n<p data-start=\"844\" data-end=\"860\">Uztura bag\u0101tin\u0101t\u0101js neaizst\u0101j daudzveid\u012bgu un sabalans\u0113tu uzturu vai vesel\u012bgu dz\u012bvesveidu. Sarg\u0101t no b\u0113rniem. Konsult\u0113jieties ar \u0101rstu, ja esat gr\u016btniece, barojat b\u0113rnu ar kr\u016bti vai lietojat medikamentus.<\/p>\n<h2 data-start=\"1058\" data-end=\"1076\">Uzglab\u0101\u0161ana:<\/h2>\n<p data-start=\"1058\" data-end=\"1076\">Uzglab\u0101t cie\u0161i nosl\u0113gtu saus\u0101 un v\u0113s\u0101 viet\u0101, sarg\u0101t no tie\u0161iem saules stariem.<\/p>\n<p><strong data-start=\"126\" data-end=\"137\">Ra\u017eot\u0101js:<\/strong> New Organics Oy, \u00c4yritie 8 A, 01510 Vantaa, Somija. <strong data-start=\"189\" data-end=\"210\" data-is-only-node=\"\">Import\u0113t\u0101js<\/strong> <strong data-start=\"189\" data-end=\"210\" data-is-only-node=\"\">Igaunij\u0101:<\/strong> NordenBio O\u00dc, Narva mnt 7, 10117 Tallina, Igaunija.<\/p>\n<\/div>\n","protected":false},"excerpt":{"rendered":"<h3>Augstas t\u012br\u012bbas pak\u0101pes BCAA pulveris (leic\u012bns, izoleic\u012bns, val\u012bns) attiec\u012bb\u0101 2:1:1. Viegli \u0161\u0137\u012bsto\u0161s, piem\u0113rots lieto\u0161anai pirms vai p\u0113c treni\u0146a. <\/h3>\n","protected":false},"featured_media":35189,"comment_status":"closed","ping_status":"closed","template":"","meta":{"_acf_changed":false},"product_brand":[],"product_cat":[3509,3483,3038],"product_tag":[6116,6124,6120,6128,6125,6122,6126,6119,3225,3724,6118,6123,6117,3725,6121],"class_list":{"0":"post-35185","1":"product","2":"type-product","3":"status-publish","4":"has-post-thumbnail","6":"product_cat-aminoskabes","7":"product_cat-locitavas-muskuli-un-kauli","8":"product_cat-sports-lv","9":"product_tag-bcaa-lv","10":"product_tag-bcaa-211-attieciba","11":"product_tag-bcaa-aminoskabes","12":"product_tag-bcaa-pec-trenina","13":"product_tag-bcaa-pulveris-veganiem","14":"product_tag-bcaa-trenina-laika","15":"product_tag-bcaa-treniniem","16":"product_tag-bcaa-uztura-bagatinatajs","17":"product_tag-muskuli-un-locitavas","18":"product_tag-muskulu-atjaunosanas","19":"product_tag-muskulu-augsana-lv","20":"product_tag-muskulu-masas-un-augsanas-atbalsts","21":"product_tag-sazarotas-kedes-aminoskabes","22":"product_tag-sporta-uztura-bagatinatajs","23":"product_tag-veganu-bcaa","25":"first","26":"instock","27":"taxable","28":"shipping-taxable","29":"purchasable","30":"product-type-simple"},"acf":[],"yoast_head":"<!-- This site is optimized with the Yoast SEO plugin v27.1.1 - https:\/\/yoast.com\/product\/yoast-seo-wordpress\/ -->\n<title>BCAA aminosk\u0101bes 225 g - uztura bag\u0101tin\u0101t\u0101js - Puhdas+<\/title>\n<meta name=\"description\" content=\"Instantiz\u0113tas BCAA aminosk\u0101bes, 100% veg\u0101nas, veicina musku\u013cu atjauno\u0161anos, aug\u0161anu un sniegumu. Optim\u0101la attiec\u012bba 2:1:1, ide\u0101li piem\u0113rota treni\u0146a laik\u0101 un p\u0113c t\u0101.\" \/>\n<meta name=\"robots\" content=\"noindex, follow, max-snippet:-1, max-image-preview:large, max-video-preview:-1\" \/>\n<meta property=\"og:locale\" content=\"lv_LV\" \/>\n<meta property=\"og:type\" content=\"article\" \/>\n<meta property=\"og:title\" content=\"BCAA aminosk\u0101bes 225 g - uztura bag\u0101tin\u0101t\u0101js - Puhdas+\" \/>\n<meta property=\"og:description\" content=\"Instantiz\u0113tas BCAA aminosk\u0101bes, 100% veg\u0101nas, veicina musku\u013cu atjauno\u0161anos, aug\u0161anu un sniegumu. Optim\u0101la attiec\u012bba 2:1:1, ide\u0101li piem\u0113rota treni\u0146a laik\u0101 un p\u0113c t\u0101.\" \/>\n<meta property=\"og:url\" content=\"https:\/\/test.puhdasplus.ee\/lv\/tooted\/sports-lv\/bcaa-aminoskabes-225-g-uztura-bagatinatajs\/\" \/>\n<meta property=\"og:site_name\" content=\"Puhdas+\" \/>\n<meta property=\"article:publisher\" content=\"https:\/\/www.facebook.com\/puhdasplus\" \/>\n<meta property=\"article:modified_time\" content=\"2026-03-10T12:37:29+00:00\" \/>\n<meta property=\"og:image\" content=\"https:\/\/test.puhdasplus.ee\/wp-content\/uploads\/2025\/03\/72.jpg\" \/>\n\t<meta property=\"og:image:width\" content=\"1862\" \/>\n\t<meta property=\"og:image:height\" content=\"2560\" \/>\n\t<meta property=\"og:image:type\" content=\"image\/jpeg\" \/>\n<meta name=\"twitter:card\" content=\"summary_large_image\" \/>\n<meta name=\"twitter:label1\" content=\"Est. reading time\" \/>\n\t<meta name=\"twitter:data1\" content=\"1 minute\" \/>\n<script type=\"application\/ld+json\" class=\"yoast-schema-graph\">{\"@context\":\"https:\/\/schema.org\",\"@graph\":[{\"@type\":\"WebPage\",\"@id\":\"https:\/\/test.puhdasplus.ee\/lv\/tooted\/sports-lv\/bcaa-aminoskabes-225-g-uztura-bagatinatajs\/\",\"url\":\"https:\/\/test.puhdasplus.ee\/lv\/tooted\/sports-lv\/bcaa-aminoskabes-225-g-uztura-bagatinatajs\/\",\"name\":\"BCAA aminosk\u0101bes 225 g - uztura bag\u0101tin\u0101t\u0101js - Puhdas+\",\"isPartOf\":{\"@id\":\"https:\/\/test.puhdasplus.ee\/lv\/#website\"},\"primaryImageOfPage\":{\"@id\":\"https:\/\/test.puhdasplus.ee\/lv\/tooted\/sports-lv\/bcaa-aminoskabes-225-g-uztura-bagatinatajs\/#primaryimage\"},\"image\":{\"@id\":\"https:\/\/test.puhdasplus.ee\/lv\/tooted\/sports-lv\/bcaa-aminoskabes-225-g-uztura-bagatinatajs\/#primaryimage\"},\"thumbnailUrl\":\"https:\/\/test.puhdasplus.ee\/wp-content\/uploads\/2025\/03\/72.jpg\",\"datePublished\":\"2021-01-21T15:22:44+00:00\",\"dateModified\":\"2026-03-10T12:37:29+00:00\",\"description\":\"Instantiz\u0113tas BCAA aminosk\u0101bes, 100% veg\u0101nas, veicina musku\u013cu atjauno\u0161anos, aug\u0161anu un sniegumu. Optim\u0101la attiec\u012bba 2:1:1, ide\u0101li piem\u0113rota treni\u0146a laik\u0101 un p\u0113c t\u0101.\",\"breadcrumb\":{\"@id\":\"https:\/\/test.puhdasplus.ee\/lv\/tooted\/sports-lv\/bcaa-aminoskabes-225-g-uztura-bagatinatajs\/#breadcrumb\"},\"inLanguage\":\"lv-LV\",\"potentialAction\":[{\"@type\":\"ReadAction\",\"target\":[\"https:\/\/test.puhdasplus.ee\/lv\/tooted\/sports-lv\/bcaa-aminoskabes-225-g-uztura-bagatinatajs\/\"]}]},{\"@type\":\"ImageObject\",\"inLanguage\":\"lv-LV\",\"@id\":\"https:\/\/test.puhdasplus.ee\/lv\/tooted\/sports-lv\/bcaa-aminoskabes-225-g-uztura-bagatinatajs\/#primaryimage\",\"url\":\"https:\/\/test.puhdasplus.ee\/wp-content\/uploads\/2025\/03\/72.jpg\",\"contentUrl\":\"https:\/\/test.puhdasplus.ee\/wp-content\/uploads\/2025\/03\/72.jpg\",\"width\":1862,\"height\":2560,\"caption\":\"Instantiz\u0113tas BCAA aminosk\u0101bes 225g\"},{\"@type\":\"BreadcrumbList\",\"@id\":\"https:\/\/test.puhdasplus.ee\/lv\/tooted\/sports-lv\/bcaa-aminoskabes-225-g-uztura-bagatinatajs\/#breadcrumb\",\"itemListElement\":[{\"@type\":\"ListItem\",\"position\":1,\"name\":\"S\u0101kums\",\"item\":\"https:\/\/test.puhdasplus.ee\/lv\/\"},{\"@type\":\"ListItem\",\"position\":2,\"name\":\"Produkti\",\"item\":\"https:\/\/test.puhdasplus.ee\/lv\/veikals\/\"},{\"@type\":\"ListItem\",\"position\":3,\"name\":\"BCAA aminosk\u0101bes 225 g \u2013 uztura bag\u0101tin\u0101t\u0101js\"}]},{\"@type\":\"WebSite\",\"@id\":\"https:\/\/test.puhdasplus.ee\/lv\/#website\",\"url\":\"https:\/\/test.puhdasplus.ee\/lv\/\",\"name\":\"Puhdas+\",\"description\":\"Vitamiinid, Toidulisandid, looduskosmeetika, tervis, sport\",\"publisher\":{\"@id\":\"https:\/\/test.puhdasplus.ee\/lv\/#organization\"},\"potentialAction\":[{\"@type\":\"SearchAction\",\"target\":{\"@type\":\"EntryPoint\",\"urlTemplate\":\"https:\/\/test.puhdasplus.ee\/lv\/?s={search_term_string}\"},\"query-input\":{\"@type\":\"PropertyValueSpecification\",\"valueRequired\":true,\"valueName\":\"search_term_string\"}}],\"inLanguage\":\"lv-LV\"},{\"@type\":\"Organization\",\"@id\":\"https:\/\/test.puhdasplus.ee\/lv\/#organization\",\"name\":\"Puhdas+\",\"alternateName\":\"Puhdasplus\",\"url\":\"https:\/\/test.puhdasplus.ee\/lv\/\",\"logo\":{\"@type\":\"ImageObject\",\"inLanguage\":\"lv-LV\",\"@id\":\"https:\/\/test.puhdasplus.ee\/lv\/#\/schema\/logo\/image\/\",\"url\":\"https:\/\/test.puhdasplus.ee\/\/wp-content\/uploads\/2019\/10\/puhdas_logo-arvele.png\",\"contentUrl\":\"https:\/\/test.puhdasplus.ee\/\/wp-content\/uploads\/2019\/10\/puhdas_logo-arvele.png\",\"width\":114,\"height\":94,\"caption\":\"Puhdas+\"},\"image\":{\"@id\":\"https:\/\/test.puhdasplus.ee\/lv\/#\/schema\/logo\/image\/\"},\"sameAs\":[\"https:\/\/www.facebook.com\/puhdasplus\",\"https:\/\/www.instagram.com\/puhdasplus_ee\/\"]}]}<\/script>\n<!-- \/ Yoast SEO plugin. -->","yoast_head_json":{"title":"BCAA aminosk\u0101bes 225 g - uztura bag\u0101tin\u0101t\u0101js - Puhdas+","description":"Instantiz\u0113tas BCAA aminosk\u0101bes, 100% veg\u0101nas, veicina musku\u013cu atjauno\u0161anos, aug\u0161anu un sniegumu. Optim\u0101la attiec\u012bba 2:1:1, ide\u0101li piem\u0113rota treni\u0146a laik\u0101 un p\u0113c t\u0101.","robots":{"index":"noindex","follow":"follow","max-snippet":"max-snippet:-1","max-image-preview":"max-image-preview:large","max-video-preview":"max-video-preview:-1"},"og_locale":"lv_LV","og_type":"article","og_title":"BCAA aminosk\u0101bes 225 g - uztura bag\u0101tin\u0101t\u0101js - Puhdas+","og_description":"Instantiz\u0113tas BCAA aminosk\u0101bes, 100% veg\u0101nas, veicina musku\u013cu atjauno\u0161anos, aug\u0161anu un sniegumu. Optim\u0101la attiec\u012bba 2:1:1, ide\u0101li piem\u0113rota treni\u0146a laik\u0101 un p\u0113c t\u0101.","og_url":"https:\/\/test.puhdasplus.ee\/lv\/tooted\/sports-lv\/bcaa-aminoskabes-225-g-uztura-bagatinatajs\/","og_site_name":"Puhdas+","article_publisher":"https:\/\/www.facebook.com\/puhdasplus","article_modified_time":"2026-03-10T12:37:29+00:00","og_image":[{"width":1862,"height":2560,"url":"https:\/\/test.puhdasplus.ee\/wp-content\/uploads\/2025\/03\/72.jpg","type":"image\/jpeg"}],"twitter_card":"summary_large_image","twitter_misc":{"Est. reading time":"1 minute"},"schema":{"@context":"https:\/\/schema.org","@graph":[{"@type":"WebPage","@id":"https:\/\/test.puhdasplus.ee\/lv\/tooted\/sports-lv\/bcaa-aminoskabes-225-g-uztura-bagatinatajs\/","url":"https:\/\/test.puhdasplus.ee\/lv\/tooted\/sports-lv\/bcaa-aminoskabes-225-g-uztura-bagatinatajs\/","name":"BCAA aminosk\u0101bes 225 g - uztura bag\u0101tin\u0101t\u0101js - Puhdas+","isPartOf":{"@id":"https:\/\/test.puhdasplus.ee\/lv\/#website"},"primaryImageOfPage":{"@id":"https:\/\/test.puhdasplus.ee\/lv\/tooted\/sports-lv\/bcaa-aminoskabes-225-g-uztura-bagatinatajs\/#primaryimage"},"image":{"@id":"https:\/\/test.puhdasplus.ee\/lv\/tooted\/sports-lv\/bcaa-aminoskabes-225-g-uztura-bagatinatajs\/#primaryimage"},"thumbnailUrl":"https:\/\/test.puhdasplus.ee\/wp-content\/uploads\/2025\/03\/72.jpg","datePublished":"2021-01-21T15:22:44+00:00","dateModified":"2026-03-10T12:37:29+00:00","description":"Instantiz\u0113tas BCAA aminosk\u0101bes, 100% veg\u0101nas, veicina musku\u013cu atjauno\u0161anos, aug\u0161anu un sniegumu. Optim\u0101la attiec\u012bba 2:1:1, ide\u0101li piem\u0113rota treni\u0146a laik\u0101 un p\u0113c t\u0101.","breadcrumb":{"@id":"https:\/\/test.puhdasplus.ee\/lv\/tooted\/sports-lv\/bcaa-aminoskabes-225-g-uztura-bagatinatajs\/#breadcrumb"},"inLanguage":"lv-LV","potentialAction":[{"@type":"ReadAction","target":["https:\/\/test.puhdasplus.ee\/lv\/tooted\/sports-lv\/bcaa-aminoskabes-225-g-uztura-bagatinatajs\/"]}]},{"@type":"ImageObject","inLanguage":"lv-LV","@id":"https:\/\/test.puhdasplus.ee\/lv\/tooted\/sports-lv\/bcaa-aminoskabes-225-g-uztura-bagatinatajs\/#primaryimage","url":"https:\/\/test.puhdasplus.ee\/wp-content\/uploads\/2025\/03\/72.jpg","contentUrl":"https:\/\/test.puhdasplus.ee\/wp-content\/uploads\/2025\/03\/72.jpg","width":1862,"height":2560,"caption":"Instantiz\u0113tas BCAA aminosk\u0101bes 225g"},{"@type":"BreadcrumbList","@id":"https:\/\/test.puhdasplus.ee\/lv\/tooted\/sports-lv\/bcaa-aminoskabes-225-g-uztura-bagatinatajs\/#breadcrumb","itemListElement":[{"@type":"ListItem","position":1,"name":"S\u0101kums","item":"https:\/\/test.puhdasplus.ee\/lv\/"},{"@type":"ListItem","position":2,"name":"Produkti","item":"https:\/\/test.puhdasplus.ee\/lv\/veikals\/"},{"@type":"ListItem","position":3,"name":"BCAA aminosk\u0101bes 225 g \u2013 uztura bag\u0101tin\u0101t\u0101js"}]},{"@type":"WebSite","@id":"https:\/\/test.puhdasplus.ee\/lv\/#website","url":"https:\/\/test.puhdasplus.ee\/lv\/","name":"Puhdas+","description":"Vitamiinid, Toidulisandid, looduskosmeetika, tervis, sport","publisher":{"@id":"https:\/\/test.puhdasplus.ee\/lv\/#organization"},"potentialAction":[{"@type":"SearchAction","target":{"@type":"EntryPoint","urlTemplate":"https:\/\/test.puhdasplus.ee\/lv\/?s={search_term_string}"},"query-input":{"@type":"PropertyValueSpecification","valueRequired":true,"valueName":"search_term_string"}}],"inLanguage":"lv-LV"},{"@type":"Organization","@id":"https:\/\/test.puhdasplus.ee\/lv\/#organization","name":"Puhdas+","alternateName":"Puhdasplus","url":"https:\/\/test.puhdasplus.ee\/lv\/","logo":{"@type":"ImageObject","inLanguage":"lv-LV","@id":"https:\/\/test.puhdasplus.ee\/lv\/#\/schema\/logo\/image\/","url":"https:\/\/test.puhdasplus.ee\/\/wp-content\/uploads\/2019\/10\/puhdas_logo-arvele.png","contentUrl":"https:\/\/test.puhdasplus.ee\/\/wp-content\/uploads\/2019\/10\/puhdas_logo-arvele.png","width":114,"height":94,"caption":"Puhdas+"},"image":{"@id":"https:\/\/test.puhdasplus.ee\/lv\/#\/schema\/logo\/image\/"},"sameAs":["https:\/\/www.facebook.com\/puhdasplus","https:\/\/www.instagram.com\/puhdasplus_ee\/"]}]}},"_links":{"self":[{"href":"https:\/\/test.puhdasplus.ee\/lv\/wp-json\/wp\/v2\/product\/35185","targetHints":{"allow":["GET"]}}],"collection":[{"href":"https:\/\/test.puhdasplus.ee\/lv\/wp-json\/wp\/v2\/product"}],"about":[{"href":"https:\/\/test.puhdasplus.ee\/lv\/wp-json\/wp\/v2\/types\/product"}],"replies":[{"embeddable":true,"href":"https:\/\/test.puhdasplus.ee\/lv\/wp-json\/wp\/v2\/comments?post=35185"}],"wp:featuredmedia":[{"embeddable":true,"href":"https:\/\/test.puhdasplus.ee\/lv\/wp-json\/wp\/v2\/media\/35189"}],"wp:attachment":[{"href":"https:\/\/test.puhdasplus.ee\/lv\/wp-json\/wp\/v2\/media?parent=35185"}],"wp:term":[{"taxonomy":"product_brand","embeddable":true,"href":"https:\/\/test.puhdasplus.ee\/lv\/wp-json\/wp\/v2\/product_brand?post=35185"},{"taxonomy":"product_cat","embeddable":true,"href":"https:\/\/test.puhdasplus.ee\/lv\/wp-json\/wp\/v2\/product_cat?post=35185"},{"taxonomy":"product_tag","embeddable":true,"href":"https:\/\/test.puhdasplus.ee\/lv\/wp-json\/wp\/v2\/product_tag?post=35185"}],"curies":[{"name":"wp","href":"https:\/\/api.w.org\/{rel}","templated":true}]}}