{"id":35177,"date":"2021-03-12T16:21:16","date_gmt":"2021-03-12T14:21:16","guid":{"rendered":"https:\/\/test.puhdasplus.ee\/\/tooted\/uncategorized\/eterisko-ellu-difuzors-ar-koka-imitaciju-400-ml-ad-12-dabiga-aromterapija-un-mitrinasana\/"},"modified":"2026-03-10T14:37:24","modified_gmt":"2026-03-10T12:37:24","slug":"eterisko-ellu-difuzors-ar-koka-imitaciju-400-ml-ad-12-dabiga-aromterapija-un-mitrinasana","status":"publish","type":"product","link":"https:\/\/test.puhdasplus.ee\/lv\/tooted\/difuzori\/eterisko-ellu-difuzors-ar-koka-imitaciju-400-ml-ad-12-dabiga-aromterapija-un-mitrinasana\/","title":{"rendered":"\u0112terisko e\u013c\u013cu difuzors ar koka imit\u0101ciju 400 ml (AD-12) \u2013 dab\u012bga aromterapija un mitrin\u0101\u0161ana"},"content":{"rendered":"<p data-start=\"143\" data-end=\"575\">\u0112terisko e\u013c\u013cu aroma difuzors ar koka imit\u0101ciju 400 ml (AD-12) ir <strong data-start=\"209\" data-end=\"247\">stil\u012bgs un efekt\u012bvs aroma difuzors<\/strong> , kas izplata <strong data-start=\"261\" data-end=\"304\">\u0113terisko e\u013c\u013cu arom\u0101tu un mitrina gaisu<\/strong> , radot relaks\u0113jo\u0161u un pat\u012bkamu vidi jebkur\u0101 telp\u0101. <strong data-start=\"358\" data-end=\"384\">400 ml \u016bdens tvertne<\/strong> nodro\u0161ina ilgsto\u0161u lieto\u0161anu, un <strong data-start=\"423\" data-end=\"453\">kokam l\u012bdz\u012bgais dizains<\/strong> ir piem\u0113rots jebkura interjera dekor\u0113\u0161anai. \u0160is difuzors ir ide\u0101li piem\u0113rots lieto\u0161anai <strong data-start=\"524\" data-end=\"572\">m\u0101j\u0101s, birojos, jogas un spa centros<\/strong> . <\/p>\n<p data-start=\"577\" data-end=\"872\">Difuzors <strong data-start=\"590\" data-end=\"624\">izmanto ultraska\u0146as tehnolo\u0123iju<\/strong> , lai <strong data-start=\"640\" data-end=\"676\">smalki izklied\u0113tu e\u013c\u013cas un \u016bdens mais\u012bjumu<\/strong> , uzturot mitrin\u0101tu gaisu un atsvaidzinot telpu ar pat\u012bkamiem arom\u0101tiem. <strong data-start=\"744\" data-end=\"798\">Vair\u0101kas kr\u0101su maino\u0161as LED gaismas un taimera funkcija<\/strong> padara to ide\u0101li piem\u0113rotu noska\u0146ojuma rad\u012b\u0161anai un lieto\u0161anai nakt\u012b.<\/p>\n<h4 data-start=\"1026\" data-end=\"1055\"><strong data-start=\"1031\" data-end=\"1053\">Lieto\u0161anas instrukcija:<\/strong><\/h4>\n<ol data-start=\"1056\" data-end=\"1387\">\n<li data-start=\"1056\" data-end=\"1144\"><strong data-start=\"1059\" data-end=\"1095\">No\u0146emiet v\u0101ku un piepildiet \u016bdens tvertni<\/strong> ar t\u012bru \u016bdeni l\u012bdz maksim\u0101lajai atz\u012bmei (400 ml).<\/li>\n<li data-start=\"1056\" data-end=\"1144\">Atveriet difuzora korpusu un piepildiet to ar \u016bdeni (maks. 400 ml) \u2013 pievienojiet 1-2 pilienus \u0113terisk\u0101s e\u013c\u013cas. Pievienojiet ier\u012bci elektrot\u012bklam un nospiediet iesl\u0113g\u0161anas (ON) pogu. Ier\u012bce ir gatava lieto\u0161anai.  <\/li>\n<li data-start=\"1145\" data-end=\"1224\"><strong data-start=\"1148\" data-end=\"1183\">Pievienojiet 3\u20135 pilienus \u0113terisk\u0101s e\u013c\u013cas,<\/strong> lai baud\u012btu pat\u012bkamu aromterapijas pieredzi.<\/li>\n<li data-start=\"1225\" data-end=\"1318\"><strong data-start=\"1228\" data-end=\"1279\">Izv\u0113lieties v\u0113lamo darb\u012bbas re\u017e\u012bmu un LED gaismas kr\u0101su,<\/strong> izmantojot intuit\u012bvo vad\u012bbas paneli.<\/li>\n<li data-start=\"1319\" data-end=\"1387\"><strong data-start=\"1322\" data-end=\"1365\">Difuzors autom\u0101tiski izsl\u0113dzas,<\/strong> kad beidzas \u016bdens.<\/li>\n<\/ol>\n<h4 data-start=\"1389\" data-end=\"1424\"><strong data-start=\"1394\" data-end=\"1422\">Funkcijas un priek\u0161roc\u012bbas:<\/strong><\/h4>\n<ul data-start=\"1425\" data-end=\"1829\">\n<li data-start=\"1425\" data-end=\"1489\"><strong data-start=\"1427\" data-end=\"1452\">Ultraska\u0146as tehnolo\u0123ija<\/strong> \u2013 klusa un efekt\u012bva miglas izklied\u0113\u0161ana.<\/li>\n<li data-start=\"1490\" data-end=\"1553\"><strong data-start=\"1492\" data-end=\"1515\">Liela 400 ml \u016bdens tvertne<\/strong> \u2013 l\u012bdz 10 stund\u0101m nep\u0101rtrauktas lieto\u0161anas.<\/li>\n<li data-start=\"1554\" data-end=\"1613\"><strong data-start=\"1556\" data-end=\"1583\">Autom\u0101tiska izsl\u0113g\u0161an\u0101s<\/strong> \u2013 dro\u0161a un ener\u0123iju taupo\u0161a.<\/li>\n<li data-start=\"1614\" data-end=\"1685\"><strong data-start=\"1616\" data-end=\"1639\">LED fona apgaismojums<\/strong> \u2014 vair\u0101kas kr\u0101sas, no kur\u0101m izv\u0113l\u0113ties, lai rad\u012btu noska\u0146ojumu.<\/li>\n<li data-start=\"1686\" data-end=\"1740\"><strong data-start=\"1688\" data-end=\"1737\">Mitrina gaisu un likvid\u0113 nepat\u012bkamas smakas<\/strong> .<\/li>\n<li data-start=\"1741\" data-end=\"1829\"><strong data-start=\"1743\" data-end=\"1781\">Piem\u0113rots \u0113terisko e\u013c\u013cu lieto\u0161anai<\/strong> relaks\u0101cijas, koncentr\u0113\u0161an\u0101s sp\u0113ju vai miega veicin\u0101\u0161anai.<\/li>\n<\/ul>\n<p>Aromterapija ir maigs, bet efekt\u012bvs veids, k\u0101 dziedin\u0101t un barot dv\u0113seli, \u0137ermeni un pr\u0101tu. Difuzors ir viens no efekt\u012bv\u0101kajiem un dro\u0161\u0101kajiem veidiem, k\u0101 izplat\u012bt \u0113terisko e\u013c\u013cu molekulas m\u0101j\u0101s, spa vai sabiedrisk\u0101s viet\u0101s. <\/p>\n<p>Produkta priek\u0161roc\u012bba ir t\u0101, ka \u0113terisk\u0101s e\u013c\u013cas nev\u0101r\u0101s un nepiedeg. Produktu ir viegli un \u0113rti lietot. No produkta izpl\u016bsto\u0161\u0101 v\u0113s\u0101 migla rada pat\u012bkamu atmosf\u0113ru.  <\/p>\n<p>Augstas kvalit\u0101tes dab\u012bg\u0101s \u0113terisk\u0101s e\u013c\u013cas ir piem\u0113rotas lieto\u0161anai difuzor\u0101 un t\u0101m ir vesel\u012bgs efekts. J\u016bs varat izv\u0113l\u0113ties sev piem\u0113rot\u0101k\u0101s \u0113terisk\u0101s e\u013c\u013cas atbilsto\u0161i sav\u0101m vajadz\u012bb\u0101m. <\/p>\n<ul>\n<li>Ultraska\u0146as \u2014 iztvaic\u0113 \u016bdeni un \u0113terisk\u0101s e\u013c\u013cas, nededzinot. \u2022 7 da\u017e\u0101du kr\u0101su LED gaismas. <\/li>\n<li>Autom\u0101tiska izsl\u0113g\u0161an\u0101s, kad beidzas \u016bdens<\/li>\n<li>Taimeris 1, 3 vai 6 stundas<\/li>\n<li>Smalka smidzin\u0101\u0161ana<\/li>\n<li>Kr\u0101sa: dab\u012bga<\/li>\n<\/ul>\n","protected":false},"excerpt":{"rendered":"<h4>Elegants un efekt\u012bvs arom\u0101tu difuzors, kas <strong data-start=\"942\" data-end=\"1021\">izplata \u0113terisko e\u013c\u013cu arom\u0101tu, mitrina gaisu un rada relaks\u0113jo\u0161u atmosf\u0113ru<\/strong> .<\/h4>\n","protected":false},"featured_media":35179,"comment_status":"closed","ping_status":"closed","template":"","meta":{"_acf_changed":false},"product_brand":[],"product_cat":[2785],"product_tag":[6093,6100,6102,2786,6096,6098,6099,6094,6097,2762,6095],"class_list":{"0":"post-35177","1":"product","2":"type-product","3":"status-publish","4":"has-post-thumbnail","6":"product_cat-difuzori","7":"product_tag-aromatu-difuzors","8":"product_tag-dabigs-difuzors","9":"product_tag-difuzors","10":"product_tag-eteriskas-ellas-difuzors","11":"product_tag-koka-raksta-difuzors","12":"product_tag-led-gaismas-difuzors","13":"product_tag-majas-spa","14":"product_tag-mitrinatajs","15":"product_tag-relaksejosa-aromterapija","16":"product_tag-stresa-mazinasana","17":"product_tag-ultraskanas-difuzors","19":"first","20":"onbackorder","21":"taxable","22":"shipping-taxable","23":"purchasable","24":"product-type-simple"},"acf":[],"yoast_head":"<!-- This site is optimized with the Yoast SEO plugin v27.1.1 - https:\/\/yoast.com\/product\/yoast-seo-wordpress\/ -->\n<title>\u0112terisko e\u013c\u013cu difuzors ar koka imit\u0101ciju 400 ml (AD-12) \u2013 dab\u012bga aromterapija un mitrin\u0101\u0161ana - Puhdas+<\/title>\n<meta name=\"description\" content=\"\u0112terisko e\u013c\u013cu arom\u0101tu difuzors ar koka tekst\u016bru 400 ml (AD-12) rada relaks\u0113jo\u0161u atmosf\u0113ru, izplata \u0113terisko e\u013c\u013cu arom\u0101tu un mitrina gaisu.\" \/>\n<meta name=\"robots\" content=\"noindex, follow, max-snippet:-1, max-image-preview:large, max-video-preview:-1\" \/>\n<meta property=\"og:locale\" content=\"lv_LV\" \/>\n<meta property=\"og:type\" content=\"article\" \/>\n<meta property=\"og:title\" content=\"\u0112terisko e\u013c\u013cu difuzors ar koka imit\u0101ciju 400 ml (AD-12) \u2013 dab\u012bga aromterapija un mitrin\u0101\u0161ana - Puhdas+\" \/>\n<meta property=\"og:description\" content=\"\u0112terisko e\u013c\u013cu arom\u0101tu difuzors ar koka tekst\u016bru 400 ml (AD-12) rada relaks\u0113jo\u0161u atmosf\u0113ru, izplata \u0113terisko e\u013c\u013cu arom\u0101tu un mitrina gaisu.\" \/>\n<meta property=\"og:url\" content=\"https:\/\/test.puhdasplus.ee\/lv\/tooted\/difuzori\/eterisko-ellu-difuzors-ar-koka-imitaciju-400-ml-ad-12-dabiga-aromterapija-un-mitrinasana\/\" \/>\n<meta property=\"og:site_name\" content=\"Puhdas+\" \/>\n<meta property=\"article:publisher\" content=\"https:\/\/www.facebook.com\/puhdasplus\" \/>\n<meta property=\"article:modified_time\" content=\"2026-03-10T12:37:24+00:00\" \/>\n<meta property=\"og:image\" content=\"https:\/\/test.puhdasplus.ee\/wp-content\/uploads\/2019\/10\/Puhdas_diffuuseri_AD-12A-2-1.jpg\" \/>\n\t<meta property=\"og:image:width\" content=\"1000\" \/>\n\t<meta property=\"og:image:height\" content=\"1000\" \/>\n\t<meta property=\"og:image:type\" content=\"image\/jpeg\" \/>\n<meta name=\"twitter:card\" content=\"summary_large_image\" \/>\n<meta name=\"twitter:label1\" content=\"Est. reading time\" \/>\n\t<meta name=\"twitter:data1\" content=\"2 min\u016btes\" \/>\n<script type=\"application\/ld+json\" class=\"yoast-schema-graph\">{\"@context\":\"https:\/\/schema.org\",\"@graph\":[{\"@type\":\"WebPage\",\"@id\":\"https:\/\/test.puhdasplus.ee\/lv\/tooted\/difuzori\/eterisko-ellu-difuzors-ar-koka-imitaciju-400-ml-ad-12-dabiga-aromterapija-un-mitrinasana\/\",\"url\":\"https:\/\/test.puhdasplus.ee\/lv\/tooted\/difuzori\/eterisko-ellu-difuzors-ar-koka-imitaciju-400-ml-ad-12-dabiga-aromterapija-un-mitrinasana\/\",\"name\":\"\u0112terisko e\u013c\u013cu difuzors ar koka imit\u0101ciju 400 ml (AD-12) \u2013 dab\u012bga aromterapija un mitrin\u0101\u0161ana - Puhdas+\",\"isPartOf\":{\"@id\":\"https:\/\/test.puhdasplus.ee\/lv\/#website\"},\"primaryImageOfPage\":{\"@id\":\"https:\/\/test.puhdasplus.ee\/lv\/tooted\/difuzori\/eterisko-ellu-difuzors-ar-koka-imitaciju-400-ml-ad-12-dabiga-aromterapija-un-mitrinasana\/#primaryimage\"},\"image\":{\"@id\":\"https:\/\/test.puhdasplus.ee\/lv\/tooted\/difuzori\/eterisko-ellu-difuzors-ar-koka-imitaciju-400-ml-ad-12-dabiga-aromterapija-un-mitrinasana\/#primaryimage\"},\"thumbnailUrl\":\"https:\/\/test.puhdasplus.ee\/wp-content\/uploads\/2019\/10\/Puhdas_diffuuseri_AD-12A-2-1.jpg\",\"datePublished\":\"2021-03-12T14:21:16+00:00\",\"dateModified\":\"2026-03-10T12:37:24+00:00\",\"description\":\"\u0112terisko e\u013c\u013cu arom\u0101tu difuzors ar koka tekst\u016bru 400 ml (AD-12) rada relaks\u0113jo\u0161u atmosf\u0113ru, izplata \u0113terisko e\u013c\u013cu arom\u0101tu un mitrina gaisu.\",\"breadcrumb\":{\"@id\":\"https:\/\/test.puhdasplus.ee\/lv\/tooted\/difuzori\/eterisko-ellu-difuzors-ar-koka-imitaciju-400-ml-ad-12-dabiga-aromterapija-un-mitrinasana\/#breadcrumb\"},\"inLanguage\":\"lv-LV\",\"potentialAction\":[{\"@type\":\"ReadAction\",\"target\":[\"https:\/\/test.puhdasplus.ee\/lv\/tooted\/difuzori\/eterisko-ellu-difuzors-ar-koka-imitaciju-400-ml-ad-12-dabiga-aromterapija-un-mitrinasana\/\"]}]},{\"@type\":\"ImageObject\",\"inLanguage\":\"lv-LV\",\"@id\":\"https:\/\/test.puhdasplus.ee\/lv\/tooted\/difuzori\/eterisko-ellu-difuzors-ar-koka-imitaciju-400-ml-ad-12-dabiga-aromterapija-un-mitrinasana\/#primaryimage\",\"url\":\"https:\/\/test.puhdasplus.ee\/wp-content\/uploads\/2019\/10\/Puhdas_diffuuseri_AD-12A-2-1.jpg\",\"contentUrl\":\"https:\/\/test.puhdasplus.ee\/wp-content\/uploads\/2019\/10\/Puhdas_diffuuseri_AD-12A-2-1.jpg\",\"width\":1000,\"height\":1000,\"caption\":\"difuzors\"},{\"@type\":\"BreadcrumbList\",\"@id\":\"https:\/\/test.puhdasplus.ee\/lv\/tooted\/difuzori\/eterisko-ellu-difuzors-ar-koka-imitaciju-400-ml-ad-12-dabiga-aromterapija-un-mitrinasana\/#breadcrumb\",\"itemListElement\":[{\"@type\":\"ListItem\",\"position\":1,\"name\":\"S\u0101kums\",\"item\":\"https:\/\/test.puhdasplus.ee\/lv\/\"},{\"@type\":\"ListItem\",\"position\":2,\"name\":\"Produkti\",\"item\":\"https:\/\/test.puhdasplus.ee\/lv\/veikals\/\"},{\"@type\":\"ListItem\",\"position\":3,\"name\":\"\u0112terisko e\u013c\u013cu difuzors ar koka imit\u0101ciju 400 ml (AD-12) \u2013 dab\u012bga aromterapija un mitrin\u0101\u0161ana\"}]},{\"@type\":\"WebSite\",\"@id\":\"https:\/\/test.puhdasplus.ee\/lv\/#website\",\"url\":\"https:\/\/test.puhdasplus.ee\/lv\/\",\"name\":\"Puhdas+\",\"description\":\"Vitamiinid, Toidulisandid, looduskosmeetika, tervis, sport\",\"publisher\":{\"@id\":\"https:\/\/test.puhdasplus.ee\/lv\/#organization\"},\"potentialAction\":[{\"@type\":\"SearchAction\",\"target\":{\"@type\":\"EntryPoint\",\"urlTemplate\":\"https:\/\/test.puhdasplus.ee\/lv\/?s={search_term_string}\"},\"query-input\":{\"@type\":\"PropertyValueSpecification\",\"valueRequired\":true,\"valueName\":\"search_term_string\"}}],\"inLanguage\":\"lv-LV\"},{\"@type\":\"Organization\",\"@id\":\"https:\/\/test.puhdasplus.ee\/lv\/#organization\",\"name\":\"Puhdas+\",\"alternateName\":\"Puhdasplus\",\"url\":\"https:\/\/test.puhdasplus.ee\/lv\/\",\"logo\":{\"@type\":\"ImageObject\",\"inLanguage\":\"lv-LV\",\"@id\":\"https:\/\/test.puhdasplus.ee\/lv\/#\/schema\/logo\/image\/\",\"url\":\"https:\/\/test.puhdasplus.ee\/\/wp-content\/uploads\/2019\/10\/puhdas_logo-arvele.png\",\"contentUrl\":\"https:\/\/test.puhdasplus.ee\/\/wp-content\/uploads\/2019\/10\/puhdas_logo-arvele.png\",\"width\":114,\"height\":94,\"caption\":\"Puhdas+\"},\"image\":{\"@id\":\"https:\/\/test.puhdasplus.ee\/lv\/#\/schema\/logo\/image\/\"},\"sameAs\":[\"https:\/\/www.facebook.com\/puhdasplus\",\"https:\/\/www.instagram.com\/puhdasplus_ee\/\"]}]}<\/script>\n<!-- \/ Yoast SEO plugin. -->","yoast_head_json":{"title":"\u0112terisko e\u013c\u013cu difuzors ar koka imit\u0101ciju 400 ml (AD-12) \u2013 dab\u012bga aromterapija un mitrin\u0101\u0161ana - Puhdas+","description":"\u0112terisko e\u013c\u013cu arom\u0101tu difuzors ar koka tekst\u016bru 400 ml (AD-12) rada relaks\u0113jo\u0161u atmosf\u0113ru, izplata \u0113terisko e\u013c\u013cu arom\u0101tu un mitrina gaisu.","robots":{"index":"noindex","follow":"follow","max-snippet":"max-snippet:-1","max-image-preview":"max-image-preview:large","max-video-preview":"max-video-preview:-1"},"og_locale":"lv_LV","og_type":"article","og_title":"\u0112terisko e\u013c\u013cu difuzors ar koka imit\u0101ciju 400 ml (AD-12) \u2013 dab\u012bga aromterapija un mitrin\u0101\u0161ana - Puhdas+","og_description":"\u0112terisko e\u013c\u013cu arom\u0101tu difuzors ar koka tekst\u016bru 400 ml (AD-12) rada relaks\u0113jo\u0161u atmosf\u0113ru, izplata \u0113terisko e\u013c\u013cu arom\u0101tu un mitrina gaisu.","og_url":"https:\/\/test.puhdasplus.ee\/lv\/tooted\/difuzori\/eterisko-ellu-difuzors-ar-koka-imitaciju-400-ml-ad-12-dabiga-aromterapija-un-mitrinasana\/","og_site_name":"Puhdas+","article_publisher":"https:\/\/www.facebook.com\/puhdasplus","article_modified_time":"2026-03-10T12:37:24+00:00","og_image":[{"width":1000,"height":1000,"url":"https:\/\/test.puhdasplus.ee\/wp-content\/uploads\/2019\/10\/Puhdas_diffuuseri_AD-12A-2-1.jpg","type":"image\/jpeg"}],"twitter_card":"summary_large_image","twitter_misc":{"Est. reading time":"2 min\u016btes"},"schema":{"@context":"https:\/\/schema.org","@graph":[{"@type":"WebPage","@id":"https:\/\/test.puhdasplus.ee\/lv\/tooted\/difuzori\/eterisko-ellu-difuzors-ar-koka-imitaciju-400-ml-ad-12-dabiga-aromterapija-un-mitrinasana\/","url":"https:\/\/test.puhdasplus.ee\/lv\/tooted\/difuzori\/eterisko-ellu-difuzors-ar-koka-imitaciju-400-ml-ad-12-dabiga-aromterapija-un-mitrinasana\/","name":"\u0112terisko e\u013c\u013cu difuzors ar koka imit\u0101ciju 400 ml (AD-12) \u2013 dab\u012bga aromterapija un mitrin\u0101\u0161ana - Puhdas+","isPartOf":{"@id":"https:\/\/test.puhdasplus.ee\/lv\/#website"},"primaryImageOfPage":{"@id":"https:\/\/test.puhdasplus.ee\/lv\/tooted\/difuzori\/eterisko-ellu-difuzors-ar-koka-imitaciju-400-ml-ad-12-dabiga-aromterapija-un-mitrinasana\/#primaryimage"},"image":{"@id":"https:\/\/test.puhdasplus.ee\/lv\/tooted\/difuzori\/eterisko-ellu-difuzors-ar-koka-imitaciju-400-ml-ad-12-dabiga-aromterapija-un-mitrinasana\/#primaryimage"},"thumbnailUrl":"https:\/\/test.puhdasplus.ee\/wp-content\/uploads\/2019\/10\/Puhdas_diffuuseri_AD-12A-2-1.jpg","datePublished":"2021-03-12T14:21:16+00:00","dateModified":"2026-03-10T12:37:24+00:00","description":"\u0112terisko e\u013c\u013cu arom\u0101tu difuzors ar koka tekst\u016bru 400 ml (AD-12) rada relaks\u0113jo\u0161u atmosf\u0113ru, izplata \u0113terisko e\u013c\u013cu arom\u0101tu un mitrina gaisu.","breadcrumb":{"@id":"https:\/\/test.puhdasplus.ee\/lv\/tooted\/difuzori\/eterisko-ellu-difuzors-ar-koka-imitaciju-400-ml-ad-12-dabiga-aromterapija-un-mitrinasana\/#breadcrumb"},"inLanguage":"lv-LV","potentialAction":[{"@type":"ReadAction","target":["https:\/\/test.puhdasplus.ee\/lv\/tooted\/difuzori\/eterisko-ellu-difuzors-ar-koka-imitaciju-400-ml-ad-12-dabiga-aromterapija-un-mitrinasana\/"]}]},{"@type":"ImageObject","inLanguage":"lv-LV","@id":"https:\/\/test.puhdasplus.ee\/lv\/tooted\/difuzori\/eterisko-ellu-difuzors-ar-koka-imitaciju-400-ml-ad-12-dabiga-aromterapija-un-mitrinasana\/#primaryimage","url":"https:\/\/test.puhdasplus.ee\/wp-content\/uploads\/2019\/10\/Puhdas_diffuuseri_AD-12A-2-1.jpg","contentUrl":"https:\/\/test.puhdasplus.ee\/wp-content\/uploads\/2019\/10\/Puhdas_diffuuseri_AD-12A-2-1.jpg","width":1000,"height":1000,"caption":"difuzors"},{"@type":"BreadcrumbList","@id":"https:\/\/test.puhdasplus.ee\/lv\/tooted\/difuzori\/eterisko-ellu-difuzors-ar-koka-imitaciju-400-ml-ad-12-dabiga-aromterapija-un-mitrinasana\/#breadcrumb","itemListElement":[{"@type":"ListItem","position":1,"name":"S\u0101kums","item":"https:\/\/test.puhdasplus.ee\/lv\/"},{"@type":"ListItem","position":2,"name":"Produkti","item":"https:\/\/test.puhdasplus.ee\/lv\/veikals\/"},{"@type":"ListItem","position":3,"name":"\u0112terisko e\u013c\u013cu difuzors ar koka imit\u0101ciju 400 ml (AD-12) \u2013 dab\u012bga aromterapija un mitrin\u0101\u0161ana"}]},{"@type":"WebSite","@id":"https:\/\/test.puhdasplus.ee\/lv\/#website","url":"https:\/\/test.puhdasplus.ee\/lv\/","name":"Puhdas+","description":"Vitamiinid, Toidulisandid, looduskosmeetika, tervis, sport","publisher":{"@id":"https:\/\/test.puhdasplus.ee\/lv\/#organization"},"potentialAction":[{"@type":"SearchAction","target":{"@type":"EntryPoint","urlTemplate":"https:\/\/test.puhdasplus.ee\/lv\/?s={search_term_string}"},"query-input":{"@type":"PropertyValueSpecification","valueRequired":true,"valueName":"search_term_string"}}],"inLanguage":"lv-LV"},{"@type":"Organization","@id":"https:\/\/test.puhdasplus.ee\/lv\/#organization","name":"Puhdas+","alternateName":"Puhdasplus","url":"https:\/\/test.puhdasplus.ee\/lv\/","logo":{"@type":"ImageObject","inLanguage":"lv-LV","@id":"https:\/\/test.puhdasplus.ee\/lv\/#\/schema\/logo\/image\/","url":"https:\/\/test.puhdasplus.ee\/\/wp-content\/uploads\/2019\/10\/puhdas_logo-arvele.png","contentUrl":"https:\/\/test.puhdasplus.ee\/\/wp-content\/uploads\/2019\/10\/puhdas_logo-arvele.png","width":114,"height":94,"caption":"Puhdas+"},"image":{"@id":"https:\/\/test.puhdasplus.ee\/lv\/#\/schema\/logo\/image\/"},"sameAs":["https:\/\/www.facebook.com\/puhdasplus","https:\/\/www.instagram.com\/puhdasplus_ee\/"]}]}},"_links":{"self":[{"href":"https:\/\/test.puhdasplus.ee\/lv\/wp-json\/wp\/v2\/product\/35177","targetHints":{"allow":["GET"]}}],"collection":[{"href":"https:\/\/test.puhdasplus.ee\/lv\/wp-json\/wp\/v2\/product"}],"about":[{"href":"https:\/\/test.puhdasplus.ee\/lv\/wp-json\/wp\/v2\/types\/product"}],"replies":[{"embeddable":true,"href":"https:\/\/test.puhdasplus.ee\/lv\/wp-json\/wp\/v2\/comments?post=35177"}],"wp:featuredmedia":[{"embeddable":true,"href":"https:\/\/test.puhdasplus.ee\/lv\/wp-json\/wp\/v2\/media\/35179"}],"wp:attachment":[{"href":"https:\/\/test.puhdasplus.ee\/lv\/wp-json\/wp\/v2\/media?parent=35177"}],"wp:term":[{"taxonomy":"product_brand","embeddable":true,"href":"https:\/\/test.puhdasplus.ee\/lv\/wp-json\/wp\/v2\/product_brand?post=35177"},{"taxonomy":"product_cat","embeddable":true,"href":"https:\/\/test.puhdasplus.ee\/lv\/wp-json\/wp\/v2\/product_cat?post=35177"},{"taxonomy":"product_tag","embeddable":true,"href":"https:\/\/test.puhdasplus.ee\/lv\/wp-json\/wp\/v2\/product_tag?post=35177"}],"curies":[{"name":"wp","href":"https:\/\/api.w.org\/{rel}","templated":true}]}}