{"id":35145,"date":"2021-01-20T17:20:51","date_gmt":"2021-01-20T15:20:51","guid":{"rendered":"https:\/\/test.puhdasplus.ee\/\/tooted\/uncategorized\/quattro-magnijs\/"},"modified":"2026-03-10T14:37:17","modified_gmt":"2026-03-10T12:37:17","slug":"quattro-magnijs","status":"publish","type":"product","link":"https:\/\/test.puhdasplus.ee\/lv\/tooted\/minerali\/magnijs\/quattro-magnijs\/","title":{"rendered":"Quattro magnijs"},"content":{"rendered":"<h2 data-start=\"197\" data-end=\"234\">Kas ir Pure+ Quattro Magnesium?<\/h2>\n<p class=\"\" data-start=\"396\" data-end=\"815\">Pure+ Quattro Magnesium ir daudzpus\u012bgs un efekt\u012bvs magnija uztura bag\u0101tin\u0101t\u0101js, kas apvieno <strong data-start=\"483\" data-end=\"517\">\u010detras da\u017e\u0101das magnija formas<\/strong> \u2013 j\u016bras magniju (magnija hidroks\u012bdu), magnija citr\u0101tu, magnija taur\u0101tu un magnija mal\u0101tu. \u0160\u012b kombin\u0101cija \u013cauj organismam lab\u0101k absorb\u0113t magniju un izmantot to tur, kur tas visvair\u0101k nepiecie\u0161ams \u2013 piem\u0113ram, musku\u013cu, nervu sist\u0113mas un ener\u0123ijas metabolisma atbalstam. <\/p>\n<p class=\"\" data-start=\"817\" data-end=\"945\">Magnijs ir viens no svar\u012bg\u0101kajiem organisma miner\u0101liem. Tas piedal\u0101s vair\u0101k nek\u0101 300 fermentat\u012bv\u0101s reakcij\u0101s un veicina: <\/p>\n<ul data-start=\"946\" data-end=\"1314\">\n<li class=\"\" data-start=\"946\" data-end=\"1038\">\n<p class=\"\" data-start=\"948\" data-end=\"1038\"><strong data-start=\"948\" data-end=\"985\">norm\u0101lu musku\u013cu darb\u012bbu<\/strong> , tostarp musku\u013cu sasprindzin\u0101juma un krampju nov\u0113r\u0161anu,<\/p>\n<\/li>\n<li class=\"\" data-start=\"1039\" data-end=\"1123\">\n<p class=\"\" data-start=\"1041\" data-end=\"1123\"><strong data-start=\"1041\" data-end=\"1082\">norm\u0101lai nervu sist\u0113mas darb\u012bbai  <\/strong><\/p>\n<\/li>\n<li class=\"\" data-start=\"1124\" data-end=\"1213\">\n<p class=\"\" data-start=\"1126\" data-end=\"1213\"><strong data-start=\"1126\" data-end=\"1165\">mazina nogurumu un nesp\u0113ku<\/strong> , veicina norm\u0101lu ener\u0123ijas vielmai\u0146u,<\/p>\n<\/li>\n<li class=\"\" data-start=\"1214\" data-end=\"1268\">\n<p class=\"\" data-start=\"1216\" data-end=\"1268\"><strong data-start=\"1216\" data-end=\"1260\">norm\u0101lam kaulu un zobu st\u0101voklim<\/strong> , un<\/p>\n<\/li>\n<li class=\"\" data-start=\"1269\" data-end=\"1314\">\n<p class=\"\" data-start=\"1271\" data-end=\"1314\"><strong data-start=\"1271\" data-end=\"1313\">elektrol\u012btu l\u012bdzsvara uztur\u0113\u0161ana<\/strong> .<\/p>\n<\/li>\n<\/ul>\n<p class=\"\" data-start=\"1316\" data-end=\"1497\">T\u0101 k\u0101 organisms katru dienu zaud\u0113 magniju sv\u012b\u0161anas, stresa, fizisko aktivit\u0101\u0161u vai pat noteiktu medikamentu lieto\u0161anas rezult\u0101t\u0101, t\u0101 rezervju papildin\u0101\u0161ana var b\u016bt \u013coti svar\u012bga ikdienas dz\u012bv\u0113.<\/p>\n<h2 data-start=\"1504\" data-end=\"1567\">K\u0101p\u0113c lietot \u010detras magnija formas, nevis tikai vienu?<\/h2>\n<p class=\"\" data-start=\"1569\" data-end=\"1669\">Da\u017e\u0101das magnija formas organism\u0101 uzs\u016bcas un darbojas at\u0161\u0137ir\u012bgi. Pure+ Quattro Magnesium apvieno: <\/p>\n<ul data-start=\"1670\" data-end=\"2013\">\n<li class=\"\" data-start=\"1670\" data-end=\"1740\">\n<p class=\"\" data-start=\"1672\" data-end=\"1740\"><strong data-start=\"1672\" data-end=\"1694\">Magnija citr\u0101ts<\/strong> \u2013 labi uzs\u016bco\u0161a, izplat\u012bta, bie\u017ei lietota forma.<\/p>\n<\/li>\n<li class=\"\" data-start=\"1741\" data-end=\"1834\">\n<p class=\"\" data-start=\"1743\" data-end=\"1834\"><strong data-start=\"1743\" data-end=\"1764\">Magnija taur\u0101ts<\/strong> \u2013 saist\u012bts ar taur\u012bnu, labs nervu sist\u0113mas un sirds darb\u012bbas atbalstam.<\/p>\n<\/li>\n<li class=\"\" data-start=\"1835\" data-end=\"1927\">\n<p class=\"\" data-start=\"1837\" data-end=\"1927\"><strong data-start=\"1837\" data-end=\"1858\">Magnija mal\u0101ts<\/strong> \u2013 saist\u012bts ar \u0101bolsk\u0101bi, kas ir saist\u012bta ar ener\u0123ijas ra\u017eo\u0161anu \u0161\u016bn\u0101s.<\/p>\n<\/li>\n<li class=\"\" data-start=\"1928\" data-end=\"2013\">\n<p class=\"\" data-start=\"1930\" data-end=\"2013\"><strong data-start=\"1930\" data-end=\"1971\">Magnija hidroks\u012bds (j\u016bras magnijs)<\/strong> \u2013 miner\u0101ls, kas ieg\u016bts no dabisk\u0101 j\u016bras \u016bdens.<\/p>\n<\/li>\n<\/ul>\n<p class=\"\" data-start=\"2015\" data-end=\"2144\">\u0160\u012b kombin\u0101cija nodro\u0161ina lab\u0101ku un daudzl\u012bme\u0146u uzs\u016bk\u0161anos, atbalstot norm\u0101lu organisma darb\u012bbu.<\/p>\n<h2 data-start=\"362\" data-end=\"384\">Kam piem\u0113rots magnijs?<\/h2>\n<p class=\"p1\">Produkts ir piem\u0113rots pieaugu\u0161ajiem, kuri v\u0113las papildin\u0101t magnija rezerves, \u012bpa\u0161i fiziski akt\u012bviem cilv\u0113kiem, sportistiem vai tiem, kuriem var\u0113tu b\u016bt nepiecie\u0161ams magnijs paaugstin\u0101ta stresa d\u0113\u013c.<\/p>\n<h2 data-start=\"474\" data-end=\"494\">K\u0101 lietot magniju?<\/h2>\n<p class=\"\" data-start=\"496\" data-end=\"695\"><span class=\"relative -mx-px my-[-0.2rem] rounded px-px py-[0.2rem] transition-colors duration-100 ease-in-out\">Ieteicam\u0101 deva ir 1\u20133 kapsulas dien\u0101.<\/span> <span class=\"relative -mx-px my-[-0.2rem] rounded px-px py-[0.2rem] transition-colors duration-100 ease-in-out\">Ieteicamo dienas devu nedr\u012bkst p\u0101rsniegt.<\/span> <span class=\"relative -mx-px my-[-0.2rem] rounded px-px py-[0.2rem] transition-colors duration-100 ease-in-out\">Uztura bag\u0101tin\u0101t\u0101js neaizst\u0101j daudzveid\u012bgu un sabalans\u0113tu uzturu vai vesel\u012bgu dz\u012bvesveidu.<\/span> <span class=\"relative -mx-px my-[-0.2rem] rounded px-px py-[0.2rem] transition-colors duration-100 ease-in-out\">Sarg\u0101t no b\u0113rniem.<\/span><\/p>\n<h2 data-start=\"702\" data-end=\"717\">1-3 kapsulas magnija satur<\/h2>\n<p class=\"\" data-start=\"719\" data-end=\"804\">Magnijs 140\u2013420 mg (37\u2013112 % no NRV*), magnija hidroks\u012bds (no j\u016bras \u016bdens), magnija citr\u0101ts, magnija taur\u0101ts, magnija mal\u0101ts, mikrokrist\u0101lisk\u0101 celuloze, kapsula (hidroksipropilmetilceluloze, gell\u0101na sve\u0137i).<br \/>\n *NRV \u2013 ieteicam\u0101 dienas deva pieaugu\u0161ajam<br \/>\n Nesatur laktozi, glut\u0113nu, cukuru, s\u0101li, soju vai saldin\u0101t\u0101jus.<\/p>\n<h2 data-start=\"2735\" data-end=\"2785\">K\u0101p\u0113c izv\u0113l\u0113ties Pure+ Quattro Magnesium?<\/h2>\n<ul data-start=\"2787\" data-end=\"3089\">\n<li class=\"\" data-start=\"2787\" data-end=\"2858\">\n<p class=\"\" data-start=\"2789\" data-end=\"2858\">Satur 4 magnija formas \u2013 lab\u0101ka uzs\u016bk\u0161an\u0101s un daudzpus\u012bga iedarb\u012bba<\/p>\n<\/li>\n<li class=\"\" data-start=\"2859\" data-end=\"2914\">\n<p class=\"\" data-start=\"2861\" data-end=\"2914\">Atbalsta musku\u013cus, nervu sist\u0113mu un ener\u0123ijas l\u012bmeni<\/p>\n<\/li>\n<li class=\"\" data-start=\"2915\" data-end=\"2966\">\n<p class=\"\" data-start=\"2917\" data-end=\"2966\">T\u012brs sast\u0101vs \u2013 piem\u0113rots ar\u012b jut\u012bgai gremo\u0161anas sist\u0113mai<\/p>\n<\/li>\n<li class=\"\" data-start=\"2967\" data-end=\"3027\">\n<p class=\"\" data-start=\"2969\" data-end=\"3027\">Ra\u017eots Somij\u0101 \u2013 augsta kvalit\u0101te, uzticams un dro\u0161s<\/p>\n<\/li>\n<li class=\"\" data-start=\"3028\" data-end=\"3089\">\n<p class=\"\" data-start=\"3030\" data-end=\"3089\">Piem\u0113rots ikdienas lieto\u0161anai gan jauniem, gan veciem cilv\u0113kiem<\/p>\n<\/li>\n<\/ul>\n","protected":false},"excerpt":{"rendered":"<p class=\"p1\"><b>Puhdas+ Quattro Magnesium ir ikdienas uztura bag\u0101tin\u0101t\u0101js, kas pal\u012bdz organismam efekt\u012bvi un daudzpus\u012bgi apmierin\u0101t magnija vajadz\u012bbas. Produkts satur \u010detras da\u017e\u0101das magnija formas \u2013 j\u016bras magniju, citr\u0101tu, taur\u0101tu un mal\u0101tu \u2013, kas organism\u0101 uzs\u016bcas at\u0161\u0137ir\u012bgi un atbalsta norm\u0101lu musku\u013cu darb\u012bbu, nervu sist\u0113mu un ener\u0123ijas metabolismu. \u0160\u012b kombin\u0101cija ir labi piem\u0113rota fiziski akt\u012bviem cilv\u0113kiem un tiem, kuru magnija vajadz\u012bbas var palielin\u0101ties, palielinoties slodzei.  <\/b><b><\/b><\/p>\n<p class=\"p3\">Magnijs veicina norm\u0101lu musku\u013cu darb\u012bbu, nervu sist\u0113mas darb\u012bbu un elektrol\u012btu l\u012bdzsvaru, k\u0101 ar\u012b pal\u012bdz mazin\u0101t nogurumu un atbalsta norm\u0101lu ener\u0123iju rado\u0161u vielmai\u0146u. Quattro Magnesium kapsulas ir izgatavotas no t\u012bras, bez piedev\u0101m veidotas formulas un ir piem\u0113rotas ar\u012b veg\u0101niem un cilv\u0113kiem ar jut\u012bgu gremo\u0161anu. <\/p>\n","protected":false},"featured_media":32093,"comment_status":"closed","ping_status":"closed","template":"","meta":{"_acf_changed":false},"product_brand":[],"product_cat":[3067,3483,3280,3200],"product_tag":[6025,6022,4966,6027,6023,3522,3225,6024,3218,6026,2762,2974],"class_list":{"0":"post-35145","1":"product","2":"type-product","3":"status-publish","4":"has-post-thumbnail","6":"product_cat-ipasie-piedavajumi","7":"product_cat-locitavas-muskuli-un-kauli","8":"product_cat-magnijs","9":"product_cat-minerali","10":"product_tag-magnija-bisglicinats","11":"product_tag-magnija-citrats","12":"product_tag-magnija-komplekss","13":"product_tag-magnijs-sirdij","14":"product_tag-miega-kvalitate","15":"product_tag-miegs-un-stress","16":"product_tag-muskuli-un-locitavas","17":"product_tag-muskulu-un-nervu-sistemas-atbalsts","18":"product_tag-noguruma-mazinasana","19":"product_tag-sportistiem","20":"product_tag-stresa-mazinasana","21":"product_tag-vegans","23":"first","24":"instock","25":"sale","26":"featured","27":"taxable","28":"shipping-taxable","29":"purchasable","30":"product-type-variable","31":"has-default-attributes"},"acf":[],"yoast_head":"<!-- This site is optimized with the Yoast SEO plugin v27.1.1 - https:\/\/yoast.com\/product\/yoast-seo-wordpress\/ -->\n<title>Quattro magnijs - Puhdas+<\/title>\n<meta name=\"description\" content=\"Quattro Magnesium ir \u010detru da\u017e\u0101du magnija formu kombin\u0101cija, kas atbalsta musku\u013cus, nervu sist\u0113mu un ener\u0123ijas l\u012bmeni. Veg\u0101ns!\" \/>\n<meta name=\"robots\" content=\"noindex, follow, max-snippet:-1, max-image-preview:large, max-video-preview:-1\" \/>\n<meta property=\"og:locale\" content=\"lv_LV\" \/>\n<meta property=\"og:type\" content=\"article\" \/>\n<meta property=\"og:title\" content=\"Quattro magnijs - Puhdas+\" \/>\n<meta property=\"og:description\" content=\"Quattro Magnesium ir \u010detru da\u017e\u0101du magnija formu kombin\u0101cija, kas atbalsta musku\u013cus, nervu sist\u0113mu un ener\u0123ijas l\u012bmeni. Veg\u0101ns!\" \/>\n<meta property=\"og:url\" content=\"https:\/\/test.puhdasplus.ee\/lv\/tooted\/minerali\/magnijs\/quattro-magnijs\/\" \/>\n<meta property=\"og:site_name\" content=\"Puhdas+\" \/>\n<meta property=\"article:publisher\" content=\"https:\/\/www.facebook.com\/puhdasplus\" \/>\n<meta property=\"article:modified_time\" content=\"2026-03-10T12:37:17+00:00\" \/>\n<meta property=\"og:image\" content=\"https:\/\/test.puhdasplus.ee\/wp-content\/uploads\/2021\/01\/1-scaled.png\" \/>\n\t<meta property=\"og:image:width\" content=\"1862\" \/>\n\t<meta property=\"og:image:height\" content=\"2560\" \/>\n\t<meta property=\"og:image:type\" content=\"image\/png\" \/>\n<meta name=\"twitter:card\" content=\"summary_large_image\" \/>\n<meta name=\"twitter:label1\" content=\"Est. reading time\" \/>\n\t<meta name=\"twitter:data1\" content=\"2 min\u016btes\" \/>\n<script type=\"application\/ld+json\" class=\"yoast-schema-graph\">{\"@context\":\"https:\/\/schema.org\",\"@graph\":[{\"@type\":\"WebPage\",\"@id\":\"https:\/\/test.puhdasplus.ee\/lv\/tooted\/minerali\/magnijs\/quattro-magnijs\/\",\"url\":\"https:\/\/test.puhdasplus.ee\/lv\/tooted\/minerali\/magnijs\/quattro-magnijs\/\",\"name\":\"Quattro magnijs - Puhdas+\",\"isPartOf\":{\"@id\":\"https:\/\/test.puhdasplus.ee\/lv\/#website\"},\"primaryImageOfPage\":{\"@id\":\"https:\/\/test.puhdasplus.ee\/lv\/tooted\/minerali\/magnijs\/quattro-magnijs\/#primaryimage\"},\"image\":{\"@id\":\"https:\/\/test.puhdasplus.ee\/lv\/tooted\/minerali\/magnijs\/quattro-magnijs\/#primaryimage\"},\"thumbnailUrl\":\"https:\/\/test.puhdasplus.ee\/wp-content\/uploads\/2021\/01\/1-scaled.png\",\"datePublished\":\"2021-01-20T15:20:51+00:00\",\"dateModified\":\"2026-03-10T12:37:17+00:00\",\"description\":\"Quattro Magnesium ir \u010detru da\u017e\u0101du magnija formu kombin\u0101cija, kas atbalsta musku\u013cus, nervu sist\u0113mu un ener\u0123ijas l\u012bmeni. Veg\u0101ns!\",\"breadcrumb\":{\"@id\":\"https:\/\/test.puhdasplus.ee\/lv\/tooted\/minerali\/magnijs\/quattro-magnijs\/#breadcrumb\"},\"inLanguage\":\"lv-LV\",\"potentialAction\":[{\"@type\":\"ReadAction\",\"target\":[\"https:\/\/test.puhdasplus.ee\/lv\/tooted\/minerali\/magnijs\/quattro-magnijs\/\"]}]},{\"@type\":\"ImageObject\",\"inLanguage\":\"lv-LV\",\"@id\":\"https:\/\/test.puhdasplus.ee\/lv\/tooted\/minerali\/magnijs\/quattro-magnijs\/#primaryimage\",\"url\":\"https:\/\/test.puhdasplus.ee\/wp-content\/uploads\/2021\/01\/1-scaled.png\",\"contentUrl\":\"https:\/\/test.puhdasplus.ee\/wp-content\/uploads\/2021\/01\/1-scaled.png\",\"width\":1862,\"height\":2560,\"caption\":\"Quattro magnijs\"},{\"@type\":\"BreadcrumbList\",\"@id\":\"https:\/\/test.puhdasplus.ee\/lv\/tooted\/minerali\/magnijs\/quattro-magnijs\/#breadcrumb\",\"itemListElement\":[{\"@type\":\"ListItem\",\"position\":1,\"name\":\"S\u0101kums\",\"item\":\"https:\/\/test.puhdasplus.ee\/lv\/\"},{\"@type\":\"ListItem\",\"position\":2,\"name\":\"Produkti\",\"item\":\"https:\/\/test.puhdasplus.ee\/lv\/veikals\/\"},{\"@type\":\"ListItem\",\"position\":3,\"name\":\"Quattro magnijs\"}]},{\"@type\":\"WebSite\",\"@id\":\"https:\/\/test.puhdasplus.ee\/lv\/#website\",\"url\":\"https:\/\/test.puhdasplus.ee\/lv\/\",\"name\":\"Puhdas+\",\"description\":\"Vitamiinid, Toidulisandid, looduskosmeetika, tervis, sport\",\"publisher\":{\"@id\":\"https:\/\/test.puhdasplus.ee\/lv\/#organization\"},\"potentialAction\":[{\"@type\":\"SearchAction\",\"target\":{\"@type\":\"EntryPoint\",\"urlTemplate\":\"https:\/\/test.puhdasplus.ee\/lv\/?s={search_term_string}\"},\"query-input\":{\"@type\":\"PropertyValueSpecification\",\"valueRequired\":true,\"valueName\":\"search_term_string\"}}],\"inLanguage\":\"lv-LV\"},{\"@type\":\"Organization\",\"@id\":\"https:\/\/test.puhdasplus.ee\/lv\/#organization\",\"name\":\"Puhdas+\",\"alternateName\":\"Puhdasplus\",\"url\":\"https:\/\/test.puhdasplus.ee\/lv\/\",\"logo\":{\"@type\":\"ImageObject\",\"inLanguage\":\"lv-LV\",\"@id\":\"https:\/\/test.puhdasplus.ee\/lv\/#\/schema\/logo\/image\/\",\"url\":\"https:\/\/test.puhdasplus.ee\/\/wp-content\/uploads\/2019\/10\/puhdas_logo-arvele.png\",\"contentUrl\":\"https:\/\/test.puhdasplus.ee\/\/wp-content\/uploads\/2019\/10\/puhdas_logo-arvele.png\",\"width\":114,\"height\":94,\"caption\":\"Puhdas+\"},\"image\":{\"@id\":\"https:\/\/test.puhdasplus.ee\/lv\/#\/schema\/logo\/image\/\"},\"sameAs\":[\"https:\/\/www.facebook.com\/puhdasplus\",\"https:\/\/www.instagram.com\/puhdasplus_ee\/\"]}]}<\/script>\n<!-- \/ Yoast SEO plugin. -->","yoast_head_json":{"title":"Quattro magnijs - Puhdas+","description":"Quattro Magnesium ir \u010detru da\u017e\u0101du magnija formu kombin\u0101cija, kas atbalsta musku\u013cus, nervu sist\u0113mu un ener\u0123ijas l\u012bmeni. Veg\u0101ns!","robots":{"index":"noindex","follow":"follow","max-snippet":"max-snippet:-1","max-image-preview":"max-image-preview:large","max-video-preview":"max-video-preview:-1"},"og_locale":"lv_LV","og_type":"article","og_title":"Quattro magnijs - Puhdas+","og_description":"Quattro Magnesium ir \u010detru da\u017e\u0101du magnija formu kombin\u0101cija, kas atbalsta musku\u013cus, nervu sist\u0113mu un ener\u0123ijas l\u012bmeni. Veg\u0101ns!","og_url":"https:\/\/test.puhdasplus.ee\/lv\/tooted\/minerali\/magnijs\/quattro-magnijs\/","og_site_name":"Puhdas+","article_publisher":"https:\/\/www.facebook.com\/puhdasplus","article_modified_time":"2026-03-10T12:37:17+00:00","og_image":[{"width":1862,"height":2560,"url":"https:\/\/test.puhdasplus.ee\/wp-content\/uploads\/2021\/01\/1-scaled.png","type":"image\/png"}],"twitter_card":"summary_large_image","twitter_misc":{"Est. reading time":"2 min\u016btes"},"schema":{"@context":"https:\/\/schema.org","@graph":[{"@type":"WebPage","@id":"https:\/\/test.puhdasplus.ee\/lv\/tooted\/minerali\/magnijs\/quattro-magnijs\/","url":"https:\/\/test.puhdasplus.ee\/lv\/tooted\/minerali\/magnijs\/quattro-magnijs\/","name":"Quattro magnijs - Puhdas+","isPartOf":{"@id":"https:\/\/test.puhdasplus.ee\/lv\/#website"},"primaryImageOfPage":{"@id":"https:\/\/test.puhdasplus.ee\/lv\/tooted\/minerali\/magnijs\/quattro-magnijs\/#primaryimage"},"image":{"@id":"https:\/\/test.puhdasplus.ee\/lv\/tooted\/minerali\/magnijs\/quattro-magnijs\/#primaryimage"},"thumbnailUrl":"https:\/\/test.puhdasplus.ee\/wp-content\/uploads\/2021\/01\/1-scaled.png","datePublished":"2021-01-20T15:20:51+00:00","dateModified":"2026-03-10T12:37:17+00:00","description":"Quattro Magnesium ir \u010detru da\u017e\u0101du magnija formu kombin\u0101cija, kas atbalsta musku\u013cus, nervu sist\u0113mu un ener\u0123ijas l\u012bmeni. Veg\u0101ns!","breadcrumb":{"@id":"https:\/\/test.puhdasplus.ee\/lv\/tooted\/minerali\/magnijs\/quattro-magnijs\/#breadcrumb"},"inLanguage":"lv-LV","potentialAction":[{"@type":"ReadAction","target":["https:\/\/test.puhdasplus.ee\/lv\/tooted\/minerali\/magnijs\/quattro-magnijs\/"]}]},{"@type":"ImageObject","inLanguage":"lv-LV","@id":"https:\/\/test.puhdasplus.ee\/lv\/tooted\/minerali\/magnijs\/quattro-magnijs\/#primaryimage","url":"https:\/\/test.puhdasplus.ee\/wp-content\/uploads\/2021\/01\/1-scaled.png","contentUrl":"https:\/\/test.puhdasplus.ee\/wp-content\/uploads\/2021\/01\/1-scaled.png","width":1862,"height":2560,"caption":"Quattro magnijs"},{"@type":"BreadcrumbList","@id":"https:\/\/test.puhdasplus.ee\/lv\/tooted\/minerali\/magnijs\/quattro-magnijs\/#breadcrumb","itemListElement":[{"@type":"ListItem","position":1,"name":"S\u0101kums","item":"https:\/\/test.puhdasplus.ee\/lv\/"},{"@type":"ListItem","position":2,"name":"Produkti","item":"https:\/\/test.puhdasplus.ee\/lv\/veikals\/"},{"@type":"ListItem","position":3,"name":"Quattro magnijs"}]},{"@type":"WebSite","@id":"https:\/\/test.puhdasplus.ee\/lv\/#website","url":"https:\/\/test.puhdasplus.ee\/lv\/","name":"Puhdas+","description":"Vitamiinid, Toidulisandid, looduskosmeetika, tervis, sport","publisher":{"@id":"https:\/\/test.puhdasplus.ee\/lv\/#organization"},"potentialAction":[{"@type":"SearchAction","target":{"@type":"EntryPoint","urlTemplate":"https:\/\/test.puhdasplus.ee\/lv\/?s={search_term_string}"},"query-input":{"@type":"PropertyValueSpecification","valueRequired":true,"valueName":"search_term_string"}}],"inLanguage":"lv-LV"},{"@type":"Organization","@id":"https:\/\/test.puhdasplus.ee\/lv\/#organization","name":"Puhdas+","alternateName":"Puhdasplus","url":"https:\/\/test.puhdasplus.ee\/lv\/","logo":{"@type":"ImageObject","inLanguage":"lv-LV","@id":"https:\/\/test.puhdasplus.ee\/lv\/#\/schema\/logo\/image\/","url":"https:\/\/test.puhdasplus.ee\/\/wp-content\/uploads\/2019\/10\/puhdas_logo-arvele.png","contentUrl":"https:\/\/test.puhdasplus.ee\/\/wp-content\/uploads\/2019\/10\/puhdas_logo-arvele.png","width":114,"height":94,"caption":"Puhdas+"},"image":{"@id":"https:\/\/test.puhdasplus.ee\/lv\/#\/schema\/logo\/image\/"},"sameAs":["https:\/\/www.facebook.com\/puhdasplus","https:\/\/www.instagram.com\/puhdasplus_ee\/"]}]}},"_links":{"self":[{"href":"https:\/\/test.puhdasplus.ee\/lv\/wp-json\/wp\/v2\/product\/35145","targetHints":{"allow":["GET"]}}],"collection":[{"href":"https:\/\/test.puhdasplus.ee\/lv\/wp-json\/wp\/v2\/product"}],"about":[{"href":"https:\/\/test.puhdasplus.ee\/lv\/wp-json\/wp\/v2\/types\/product"}],"replies":[{"embeddable":true,"href":"https:\/\/test.puhdasplus.ee\/lv\/wp-json\/wp\/v2\/comments?post=35145"}],"wp:featuredmedia":[{"embeddable":true,"href":"https:\/\/test.puhdasplus.ee\/lv\/wp-json\/wp\/v2\/media\/32093"}],"wp:attachment":[{"href":"https:\/\/test.puhdasplus.ee\/lv\/wp-json\/wp\/v2\/media?parent=35145"}],"wp:term":[{"taxonomy":"product_brand","embeddable":true,"href":"https:\/\/test.puhdasplus.ee\/lv\/wp-json\/wp\/v2\/product_brand?post=35145"},{"taxonomy":"product_cat","embeddable":true,"href":"https:\/\/test.puhdasplus.ee\/lv\/wp-json\/wp\/v2\/product_cat?post=35145"},{"taxonomy":"product_tag","embeddable":true,"href":"https:\/\/test.puhdasplus.ee\/lv\/wp-json\/wp\/v2\/product_tag?post=35145"}],"curies":[{"name":"wp","href":"https:\/\/api.w.org\/{rel}","templated":true}]}}