{"id":35133,"date":"2020-12-11T21:53:26","date_gmt":"2020-12-11T19:53:26","guid":{"rendered":"https:\/\/test.puhdasplus.ee\/\/tooted\/uncategorized\/inozitola-pulveris-200-g\/"},"modified":"2026-03-10T14:37:14","modified_gmt":"2026-03-10T12:37:14","slug":"inozitola-pulveris-200-g","status":"publish","type":"product","link":"https:\/\/test.puhdasplus.ee\/lv\/tooted\/vitamini\/b-vitamins\/inozitola-pulveris-200-g\/","title":{"rendered":"Inozitols 200g"},"content":{"rendered":"<h2 data-start=\"357\" data-end=\"401\">Kas ir inozitols un k\u0101p\u0113c tas ir svar\u012bgs?<\/h2>\n<p class=\"p1\"><span class=\"s1\"><b>Pure+ Inositol 200 g<\/b><\/span> ir 100% t\u012brs un bez piedev\u0101m inozitola pulveris, kas piem\u0113rots ikdienas lieto\u0161anai. Inozitols (mioinozitols) ir dabiska viela, kas atrodama da\u017e\u0101dos p\u0101rtikas produktos, piem\u0113ram, aug\u013cos, p\u0101k\u0161augos un pilngraudos. Organisms to neliel\u0101 daudzum\u0101 ar\u012b ra\u017eo. Inozitols ir iesaist\u012bts starp\u0161\u016bnu sign\u0101lu p\u0101rraid\u0113 un vielmai\u0146as procesos.   <\/p>\n<p class=\"p1\">\u0160is uztura bag\u0101tin\u0101t\u0101js ir labi piem\u0113rots apzin\u012bgiem lietot\u0101jiem, kuri v\u0113las atbalst\u012bt visp\u0101r\u0113jo labsaj\u016btu, tostarp ener\u0123ijas ra\u017eo\u0161anu un vielmai\u0146u.<\/p>\n<h2 data-start=\"1282\" data-end=\"1318\"><b>K\u0101p\u0113c lietot inozitolu?<\/b><\/h2>\n<ul>\n<li>\n<p class=\"p1\">Veicina norm\u0101lu nervu sist\u0113mas darb\u012bbu<\/p>\n<\/li>\n<li>\n<p class=\"p1\">Piedal\u0101s tauku metabolism\u0101<\/p>\n<\/li>\n<li>\n<p class=\"p1\">Piem\u0113rots k\u0101 gar\u012bg\u0101s skaidr\u012bbas un l\u012bdzsvara atbalsta sast\u0101vda\u013ca<\/p>\n<\/li>\n<\/ul>\n<h2 data-start=\"1282\" data-end=\"1318\">Kam ir piem\u0113rots Puhdas+ Inozitols?<\/h2>\n<ul>\n<li>\n<p class=\"p1\">Tiem, kas v\u0113las atbalst\u012bt nervu sist\u0113mas darb\u012bbu<\/p>\n<\/li>\n<li>\n<p class=\"p1\">Cilv\u0113kiem ar \u0101tru dz\u012bves ritmu un stresa pilniem periodiem<\/p>\n<\/li>\n<li>\n<p class=\"p1\">Ve\u0123et\u0101rie\u0161iem un veg\u0101niem<\/p>\n<\/li>\n<li>\n<p class=\"p1\">Cilv\u0113kiem ar jut\u012bgu gremo\u0161anu<\/p>\n<\/li>\n<li>\n<p class=\"p1\">Tiem, kas dod priek\u0161roku produktiem bez piedev\u0101m<\/p>\n<\/li>\n<\/ul>\n<h2 data-start=\"884\" data-end=\"923\">K\u0101das ir sast\u0101vda\u013cas un uzturv\u0113rt\u012bba?<\/h2>\n<p data-start=\"925\" data-end=\"1107\"><strong data-start=\"925\" data-end=\"941\">Sast\u0101vda\u013cas:<\/strong> <span class=\"relative -mx-px my-[-0.2rem] rounded px-px py-[0.2rem] transition-colors duration-100 ease-in-out\">100% inozitols.<\/span> <span class=\"relative -mx-px my-[-0.2rem] rounded px-px py-[0.2rem] transition-colors duration-100 ease-in-out\">Produkts nesatur laktozi, glut\u0113nu, raugu, cukuru, s\u0101li, cieti, kukur\u016bzu, soju vai saldin\u0101t\u0101jus.<\/span> <span class=\"relative -mx-px my-[-0.2rem] rounded px-px py-[0.2rem] transition-colors duration-100 ease-in-out\">Piem\u0113rots veg\u0101niem.<\/span><\/p>\n<p data-start=\"1109\" data-end=\"1212\"><strong data-start=\"1109\" data-end=\"1126\">Uzturv\u0113rt\u012bba:<\/strong> <span class=\"relative -mx-px my-[-0.2rem] rounded px-px py-[0.2rem] transition-colors duration-100 ease-in-out\">1 m\u0113rkarote (650 mg) satur 650 mg inozitola.<\/span><\/p>\n<h2 data-start=\"576\" data-end=\"611\">K\u0101 un kad to lietot?<\/h2>\n<p><strong data-start=\"613\" data-end=\"631\">Lieto\u0161anas instrukcija:<\/strong> <span class=\"relative -mx-px my-[-0.2rem] rounded px-px py-[0.2rem] transition-colors duration-100 ease-in-out\">Ieteicam\u0101 deva pieaugu\u0161ajiem ir 1 m\u0113rkarote (650 mg) dien\u0101.<\/span> <span class=\"relative -mx-px my-[-0.2rem] rounded px-px py-[0.2rem] transition-colors duration-100 ease-in-out\">Sajauciet pulveri ar gl\u0101zi \u016bdens, sulas vai sm\u016btija.<\/span> <span class=\"relative -mx-px my-[-0.2rem] rounded px-px py-[0.2rem] transition-colors duration-100 ease-in-out\">Ieteicamo dienas devu nedr\u012bkst p\u0101rsniegt.<\/span> <span class=\"relative -mx-px my-[-0.2rem] rounded px-px py-[0.2rem] transition-colors duration-100 ease-in-out\">Uztura bag\u0101tin\u0101t\u0101js neaizst\u0101j daudzveid\u012bgu un sabalans\u0113tu uzturu vai vesel\u012bgu dz\u012bvesveidu.<\/span> <span class=\"relative -mx-px my-[-0.2rem] rounded px-px py-[0.2rem] transition-colors duration-100 ease-in-out\">Sarg\u0101t no b\u0113rniem.<\/span><\/p>\n<h2 data-start=\"2369\" data-end=\"2397\">Ekonomiska un \u0113rta izv\u0113le<\/h2>\n<p class=\"\" data-start=\"2399\" data-end=\"2619\">Iepakojum\u0101 ir 200 grami t\u012bra inozitola pulvera. Ar tikai 650 mg dienas devu viena iepakojuma pietiks vair\u0101k nek\u0101 300 dien\u0101m, padarot to par \u012bpa\u0161i ekonomisku un ilgsto\u0161u atbalstu ikdienas lieto\u0161anai. <\/p>\n<p data-start=\"2228\" data-end=\"2538\">\n","protected":false},"excerpt":{"rendered":"<p class=\"p1\"><b>Pure+ Inositol (mioinozitols) ir 100% t\u012brs pulverveida uztura bag\u0101tin\u0101t\u0101js, kas pal\u012bdz atbalst\u012bt norm\u0101lu nervu sist\u0113mas darb\u012bbu un starp\u0161\u016bnu signaliz\u0101ciju.<\/b><b><\/b><\/p>\n<p class=\"p2\">Inozitols piedal\u0101s organisma dabiskajos vielmai\u0146as procesos un var atbalst\u012bt gar\u012bgo koncentr\u0113\u0161anos un iek\u0161\u0113jo l\u012bdzsvaru ikdienas dz\u012bves straujaj\u0101s situ\u0101cij\u0101s.<\/p>\n<p class=\"p2\">Produkts nesatur piedevas, ir piem\u0113rots veg\u0101niem, un tam ir neitr\u0101la gar\u0161a \u2013 to ir viegli sajaukt ar \u016bdeni, sulu vai sm\u016btijiem.<\/p>\n<p class=\"p1\"><b>Viens iepakojums (200 g) ir pietiekams vair\u0101k nek\u0101 300 lieto\u0161anas reiz\u0113m \u2013 praktiska un ekonomiska izv\u0113le.<\/b><\/p>\n","protected":false},"featured_media":35139,"comment_status":"closed","ping_status":"closed","template":"","meta":{"_acf_changed":false},"product_brand":[],"product_cat":[3296,3509,3207,3067,3038,3037,3205],"product_tag":[3071,6012,3522,6013,5447,3206],"class_list":{"0":"post-35133","1":"product","2":"type-product","3":"status-publish","4":"has-post-thumbnail","6":"product_cat-ada-mati-nagi","7":"product_cat-aminoskabes","8":"product_cat-b-vitamins","9":"product_cat-ipasie-piedavajumi","10":"product_cat-sports-lv","11":"product_cat-stress-un-miegs","12":"product_cat-vitamini","13":"product_tag-hormonalais-lidzsvars","14":"product_tag-inozitols","15":"product_tag-miegs-un-stress","16":"product_tag-mioinozitols","17":"product_tag-nervu-sistema-lv","18":"product_tag-uztura-bagatinatajs","20":"first","21":"instock","22":"sale","23":"featured","24":"taxable","25":"shipping-taxable","26":"purchasable","27":"product-type-simple"},"acf":[],"yoast_head":"<!-- This site is optimized with the Yoast SEO plugin v27.1.1 - https:\/\/yoast.com\/product\/yoast-seo-wordpress\/ -->\n<title>Inozitols 200g - Puhdas+<\/title>\n<meta name=\"description\" content=\"Inozitola pulveris 200 g ir uztura bag\u0101tin\u0101t\u0101js, kas satur t\u012bru mioinoz\u012btu, kas atbalsta nervu sist\u0113mas darb\u012bbu un hormon\u0101lo l\u012bdzsvaru.\" \/>\n<meta name=\"robots\" content=\"noindex, follow, max-snippet:-1, max-image-preview:large, max-video-preview:-1\" \/>\n<meta property=\"og:locale\" content=\"lv_LV\" \/>\n<meta property=\"og:type\" content=\"article\" \/>\n<meta property=\"og:title\" content=\"Inozitols 200g - Puhdas+\" \/>\n<meta property=\"og:description\" content=\"Inozitola pulveris 200 g ir uztura bag\u0101tin\u0101t\u0101js, kas satur t\u012bru mioinoz\u012btu, kas atbalsta nervu sist\u0113mas darb\u012bbu un hormon\u0101lo l\u012bdzsvaru.\" \/>\n<meta property=\"og:url\" content=\"https:\/\/test.puhdasplus.ee\/lv\/tooted\/vitamini\/b-vitamins\/inozitola-pulveris-200-g\/\" \/>\n<meta property=\"og:site_name\" content=\"Puhdas+\" \/>\n<meta property=\"article:publisher\" content=\"https:\/\/www.facebook.com\/puhdasplus\" \/>\n<meta property=\"article:modified_time\" content=\"2026-03-10T12:37:14+00:00\" \/>\n<meta property=\"og:image\" content=\"https:\/\/test.puhdasplus.ee\/wp-content\/uploads\/2020\/12\/7.jpg\" \/>\n\t<meta property=\"og:image:width\" content=\"1862\" \/>\n\t<meta property=\"og:image:height\" content=\"2560\" \/>\n\t<meta property=\"og:image:type\" content=\"image\/jpeg\" \/>\n<meta name=\"twitter:card\" content=\"summary_large_image\" \/>\n<meta name=\"twitter:label1\" content=\"Est. reading time\" \/>\n\t<meta name=\"twitter:data1\" content=\"2 min\u016btes\" \/>\n<script type=\"application\/ld+json\" class=\"yoast-schema-graph\">{\"@context\":\"https:\/\/schema.org\",\"@graph\":[{\"@type\":\"WebPage\",\"@id\":\"https:\/\/test.puhdasplus.ee\/lv\/tooted\/vitamini\/b-vitamins\/inozitola-pulveris-200-g\/\",\"url\":\"https:\/\/test.puhdasplus.ee\/lv\/tooted\/vitamini\/b-vitamins\/inozitola-pulveris-200-g\/\",\"name\":\"Inozitols 200g - Puhdas+\",\"isPartOf\":{\"@id\":\"https:\/\/test.puhdasplus.ee\/lv\/#website\"},\"primaryImageOfPage\":{\"@id\":\"https:\/\/test.puhdasplus.ee\/lv\/tooted\/vitamini\/b-vitamins\/inozitola-pulveris-200-g\/#primaryimage\"},\"image\":{\"@id\":\"https:\/\/test.puhdasplus.ee\/lv\/tooted\/vitamini\/b-vitamins\/inozitola-pulveris-200-g\/#primaryimage\"},\"thumbnailUrl\":\"https:\/\/test.puhdasplus.ee\/wp-content\/uploads\/2020\/12\/7.jpg\",\"datePublished\":\"2020-12-11T19:53:26+00:00\",\"dateModified\":\"2026-03-10T12:37:14+00:00\",\"description\":\"Inozitola pulveris 200 g ir uztura bag\u0101tin\u0101t\u0101js, kas satur t\u012bru mioinoz\u012btu, kas atbalsta nervu sist\u0113mas darb\u012bbu un hormon\u0101lo l\u012bdzsvaru.\",\"breadcrumb\":{\"@id\":\"https:\/\/test.puhdasplus.ee\/lv\/tooted\/vitamini\/b-vitamins\/inozitola-pulveris-200-g\/#breadcrumb\"},\"inLanguage\":\"lv-LV\",\"potentialAction\":[{\"@type\":\"ReadAction\",\"target\":[\"https:\/\/test.puhdasplus.ee\/lv\/tooted\/vitamini\/b-vitamins\/inozitola-pulveris-200-g\/\"]}]},{\"@type\":\"ImageObject\",\"inLanguage\":\"lv-LV\",\"@id\":\"https:\/\/test.puhdasplus.ee\/lv\/tooted\/vitamini\/b-vitamins\/inozitola-pulveris-200-g\/#primaryimage\",\"url\":\"https:\/\/test.puhdasplus.ee\/wp-content\/uploads\/2020\/12\/7.jpg\",\"contentUrl\":\"https:\/\/test.puhdasplus.ee\/wp-content\/uploads\/2020\/12\/7.jpg\",\"width\":1862,\"height\":2560,\"caption\":\"Inozitola pulveris\"},{\"@type\":\"BreadcrumbList\",\"@id\":\"https:\/\/test.puhdasplus.ee\/lv\/tooted\/vitamini\/b-vitamins\/inozitola-pulveris-200-g\/#breadcrumb\",\"itemListElement\":[{\"@type\":\"ListItem\",\"position\":1,\"name\":\"S\u0101kums\",\"item\":\"https:\/\/test.puhdasplus.ee\/lv\/\"},{\"@type\":\"ListItem\",\"position\":2,\"name\":\"Produkti\",\"item\":\"https:\/\/test.puhdasplus.ee\/lv\/veikals\/\"},{\"@type\":\"ListItem\",\"position\":3,\"name\":\"Inozitols 200g\"}]},{\"@type\":\"WebSite\",\"@id\":\"https:\/\/test.puhdasplus.ee\/lv\/#website\",\"url\":\"https:\/\/test.puhdasplus.ee\/lv\/\",\"name\":\"Puhdas+\",\"description\":\"Vitamiinid, Toidulisandid, looduskosmeetika, tervis, sport\",\"publisher\":{\"@id\":\"https:\/\/test.puhdasplus.ee\/lv\/#organization\"},\"potentialAction\":[{\"@type\":\"SearchAction\",\"target\":{\"@type\":\"EntryPoint\",\"urlTemplate\":\"https:\/\/test.puhdasplus.ee\/lv\/?s={search_term_string}\"},\"query-input\":{\"@type\":\"PropertyValueSpecification\",\"valueRequired\":true,\"valueName\":\"search_term_string\"}}],\"inLanguage\":\"lv-LV\"},{\"@type\":\"Organization\",\"@id\":\"https:\/\/test.puhdasplus.ee\/lv\/#organization\",\"name\":\"Puhdas+\",\"alternateName\":\"Puhdasplus\",\"url\":\"https:\/\/test.puhdasplus.ee\/lv\/\",\"logo\":{\"@type\":\"ImageObject\",\"inLanguage\":\"lv-LV\",\"@id\":\"https:\/\/test.puhdasplus.ee\/lv\/#\/schema\/logo\/image\/\",\"url\":\"https:\/\/test.puhdasplus.ee\/\/wp-content\/uploads\/2019\/10\/puhdas_logo-arvele.png\",\"contentUrl\":\"https:\/\/test.puhdasplus.ee\/\/wp-content\/uploads\/2019\/10\/puhdas_logo-arvele.png\",\"width\":114,\"height\":94,\"caption\":\"Puhdas+\"},\"image\":{\"@id\":\"https:\/\/test.puhdasplus.ee\/lv\/#\/schema\/logo\/image\/\"},\"sameAs\":[\"https:\/\/www.facebook.com\/puhdasplus\",\"https:\/\/www.instagram.com\/puhdasplus_ee\/\"]}]}<\/script>\n<!-- \/ Yoast SEO plugin. -->","yoast_head_json":{"title":"Inozitols 200g - Puhdas+","description":"Inozitola pulveris 200 g ir uztura bag\u0101tin\u0101t\u0101js, kas satur t\u012bru mioinoz\u012btu, kas atbalsta nervu sist\u0113mas darb\u012bbu un hormon\u0101lo l\u012bdzsvaru.","robots":{"index":"noindex","follow":"follow","max-snippet":"max-snippet:-1","max-image-preview":"max-image-preview:large","max-video-preview":"max-video-preview:-1"},"og_locale":"lv_LV","og_type":"article","og_title":"Inozitols 200g - Puhdas+","og_description":"Inozitola pulveris 200 g ir uztura bag\u0101tin\u0101t\u0101js, kas satur t\u012bru mioinoz\u012btu, kas atbalsta nervu sist\u0113mas darb\u012bbu un hormon\u0101lo l\u012bdzsvaru.","og_url":"https:\/\/test.puhdasplus.ee\/lv\/tooted\/vitamini\/b-vitamins\/inozitola-pulveris-200-g\/","og_site_name":"Puhdas+","article_publisher":"https:\/\/www.facebook.com\/puhdasplus","article_modified_time":"2026-03-10T12:37:14+00:00","og_image":[{"width":1862,"height":2560,"url":"https:\/\/test.puhdasplus.ee\/wp-content\/uploads\/2020\/12\/7.jpg","type":"image\/jpeg"}],"twitter_card":"summary_large_image","twitter_misc":{"Est. reading time":"2 min\u016btes"},"schema":{"@context":"https:\/\/schema.org","@graph":[{"@type":"WebPage","@id":"https:\/\/test.puhdasplus.ee\/lv\/tooted\/vitamini\/b-vitamins\/inozitola-pulveris-200-g\/","url":"https:\/\/test.puhdasplus.ee\/lv\/tooted\/vitamini\/b-vitamins\/inozitola-pulveris-200-g\/","name":"Inozitols 200g - Puhdas+","isPartOf":{"@id":"https:\/\/test.puhdasplus.ee\/lv\/#website"},"primaryImageOfPage":{"@id":"https:\/\/test.puhdasplus.ee\/lv\/tooted\/vitamini\/b-vitamins\/inozitola-pulveris-200-g\/#primaryimage"},"image":{"@id":"https:\/\/test.puhdasplus.ee\/lv\/tooted\/vitamini\/b-vitamins\/inozitola-pulveris-200-g\/#primaryimage"},"thumbnailUrl":"https:\/\/test.puhdasplus.ee\/wp-content\/uploads\/2020\/12\/7.jpg","datePublished":"2020-12-11T19:53:26+00:00","dateModified":"2026-03-10T12:37:14+00:00","description":"Inozitola pulveris 200 g ir uztura bag\u0101tin\u0101t\u0101js, kas satur t\u012bru mioinoz\u012btu, kas atbalsta nervu sist\u0113mas darb\u012bbu un hormon\u0101lo l\u012bdzsvaru.","breadcrumb":{"@id":"https:\/\/test.puhdasplus.ee\/lv\/tooted\/vitamini\/b-vitamins\/inozitola-pulveris-200-g\/#breadcrumb"},"inLanguage":"lv-LV","potentialAction":[{"@type":"ReadAction","target":["https:\/\/test.puhdasplus.ee\/lv\/tooted\/vitamini\/b-vitamins\/inozitola-pulveris-200-g\/"]}]},{"@type":"ImageObject","inLanguage":"lv-LV","@id":"https:\/\/test.puhdasplus.ee\/lv\/tooted\/vitamini\/b-vitamins\/inozitola-pulveris-200-g\/#primaryimage","url":"https:\/\/test.puhdasplus.ee\/wp-content\/uploads\/2020\/12\/7.jpg","contentUrl":"https:\/\/test.puhdasplus.ee\/wp-content\/uploads\/2020\/12\/7.jpg","width":1862,"height":2560,"caption":"Inozitola pulveris"},{"@type":"BreadcrumbList","@id":"https:\/\/test.puhdasplus.ee\/lv\/tooted\/vitamini\/b-vitamins\/inozitola-pulveris-200-g\/#breadcrumb","itemListElement":[{"@type":"ListItem","position":1,"name":"S\u0101kums","item":"https:\/\/test.puhdasplus.ee\/lv\/"},{"@type":"ListItem","position":2,"name":"Produkti","item":"https:\/\/test.puhdasplus.ee\/lv\/veikals\/"},{"@type":"ListItem","position":3,"name":"Inozitols 200g"}]},{"@type":"WebSite","@id":"https:\/\/test.puhdasplus.ee\/lv\/#website","url":"https:\/\/test.puhdasplus.ee\/lv\/","name":"Puhdas+","description":"Vitamiinid, Toidulisandid, looduskosmeetika, tervis, sport","publisher":{"@id":"https:\/\/test.puhdasplus.ee\/lv\/#organization"},"potentialAction":[{"@type":"SearchAction","target":{"@type":"EntryPoint","urlTemplate":"https:\/\/test.puhdasplus.ee\/lv\/?s={search_term_string}"},"query-input":{"@type":"PropertyValueSpecification","valueRequired":true,"valueName":"search_term_string"}}],"inLanguage":"lv-LV"},{"@type":"Organization","@id":"https:\/\/test.puhdasplus.ee\/lv\/#organization","name":"Puhdas+","alternateName":"Puhdasplus","url":"https:\/\/test.puhdasplus.ee\/lv\/","logo":{"@type":"ImageObject","inLanguage":"lv-LV","@id":"https:\/\/test.puhdasplus.ee\/lv\/#\/schema\/logo\/image\/","url":"https:\/\/test.puhdasplus.ee\/\/wp-content\/uploads\/2019\/10\/puhdas_logo-arvele.png","contentUrl":"https:\/\/test.puhdasplus.ee\/\/wp-content\/uploads\/2019\/10\/puhdas_logo-arvele.png","width":114,"height":94,"caption":"Puhdas+"},"image":{"@id":"https:\/\/test.puhdasplus.ee\/lv\/#\/schema\/logo\/image\/"},"sameAs":["https:\/\/www.facebook.com\/puhdasplus","https:\/\/www.instagram.com\/puhdasplus_ee\/"]}]}},"_links":{"self":[{"href":"https:\/\/test.puhdasplus.ee\/lv\/wp-json\/wp\/v2\/product\/35133","targetHints":{"allow":["GET"]}}],"collection":[{"href":"https:\/\/test.puhdasplus.ee\/lv\/wp-json\/wp\/v2\/product"}],"about":[{"href":"https:\/\/test.puhdasplus.ee\/lv\/wp-json\/wp\/v2\/types\/product"}],"replies":[{"embeddable":true,"href":"https:\/\/test.puhdasplus.ee\/lv\/wp-json\/wp\/v2\/comments?post=35133"}],"wp:featuredmedia":[{"embeddable":true,"href":"https:\/\/test.puhdasplus.ee\/lv\/wp-json\/wp\/v2\/media\/35139"}],"wp:attachment":[{"href":"https:\/\/test.puhdasplus.ee\/lv\/wp-json\/wp\/v2\/media?parent=35133"}],"wp:term":[{"taxonomy":"product_brand","embeddable":true,"href":"https:\/\/test.puhdasplus.ee\/lv\/wp-json\/wp\/v2\/product_brand?post=35133"},{"taxonomy":"product_cat","embeddable":true,"href":"https:\/\/test.puhdasplus.ee\/lv\/wp-json\/wp\/v2\/product_cat?post=35133"},{"taxonomy":"product_tag","embeddable":true,"href":"https:\/\/test.puhdasplus.ee\/lv\/wp-json\/wp\/v2\/product_tag?post=35133"}],"curies":[{"name":"wp","href":"https:\/\/api.w.org\/{rel}","templated":true}]}}