{"id":35119,"date":"2021-01-16T16:05:52","date_gmt":"2021-01-16T14:05:52","guid":{"rendered":"https:\/\/test.puhdasplus.ee\/\/tooted\/uncategorized\/l-triptofana-pulveris-100g\/"},"modified":"2026-03-10T14:37:11","modified_gmt":"2026-03-10T12:37:11","slug":"l-triptofana-pulveris-100g","status":"publish","type":"product","link":"https:\/\/test.puhdasplus.ee\/lv\/tooted\/stress-un-miegs\/l-triptofana-pulveris-100g\/","title":{"rendered":"L-triptof\u0101ns 100 g"},"content":{"rendered":"<h2 data-start=\"170\" data-end=\"202\">Kas ir Pure+ L-triptof\u0101ns?<\/h2>\n<p class=\"\" data-start=\"204\" data-end=\"323\"><span class=\"relative -mx-px my-[-0.2rem] rounded px-px py-[0.2rem] transition-colors duration-100 ease-in-out\">Pure+ L-triptof\u0101ns ir 100% t\u012brs un augstas kvalit\u0101tes uztura bag\u0101tin\u0101t\u0101js, kas satur tikai L-triptof\u0101nu \u2013 neaizvietojamo aminosk\u0101bi, kas organismam nepiecie\u0161ama seroton\u012bna un melaton\u012bna ra\u017eo\u0161anai.<\/span> <span class=\"relative -mx-px my-[-0.2rem] rounded px-px py-[0.2rem] transition-colors duration-100 ease-in-out\">Produkts ir ra\u017eots Somij\u0101, iev\u0113rojot augstus kvalit\u0101tes standartus, un nesatur konservantus, kr\u0101svielas vai citas piedevas.<\/span> <span class=\"relative -mx-px my-[-0.2rem] rounded px-px py-[0.2rem] transition-colors duration-100 ease-in-out\"><strong>T\u012bra un dab\u012bga aminosk\u0101be, kas atbalsta \u0137erme\u0146a un pr\u0101ta l\u012bdzsvaru.<\/strong><\/span><\/p>\n<h2 class=\"\" data-start=\"224\" data-end=\"271\">K\u0101p\u0113c Pure+ L-triptof\u0101ns ir labv\u0113l\u012bgs?<\/h2>\n<p data-start=\"724\" data-end=\"1008\">L-triptof\u0101ns ir iesaist\u012bts vair\u0101kos svar\u012bgos \u0137erme\u0146a procesos. \u0160\u012b viela ir prekursors dabiski organism\u0101 sastopamiem savienojumiem, kas ir saist\u012bti ar labsaj\u016btu, relaks\u0101ciju un diennakts ritma regul\u0113\u0161anu. T\u0101d\u0113\u013c L-triptof\u0101nam ir svar\u012bga loma gan fizisk\u0101, gan gar\u012bg\u0101 l\u012bdzsvara atbalst\u012b\u0161an\u0101.  <\/p>\n<p data-start=\"1010\" data-end=\"1261\">Tas ir labi piem\u0113rots lieto\u0161anai periodos, kad ir zema koncentr\u0113\u0161an\u0101s, miers vai atp\u016bta \u2013 piem\u0113ram, \u0101tra dz\u012bves ritma, stresa vai miega probl\u0113mu gad\u012bjum\u0101. Pulverveida forma \u013cauj \u0113rti doz\u0113t un sajaukt ar \u016bdeni, sulu vai sm\u016btijiem. <\/p>\n<h3 class=\"\" data-start=\"614\" data-end=\"655\">Seroton\u012bns \u2013 atsl\u0113ga uz garast\u0101vokli un mieru<\/h3>\n<p class=\"\" data-start=\"657\" data-end=\"1029\">L-triptof\u0101ns ir <strong data-start=\"673\" data-end=\"688\">seroton\u012bna<\/strong> ra\u017eo\u0161anas pamats. Seroton\u012bns ir neirotransmiters, kas regul\u0113 garast\u0101vokli, miera saj\u016btu, apet\u012bti un pat gremo\u0161anu. Kad seroton\u012bna l\u012bmenis ir zems, cilv\u0113ks var justies nemier\u012bgs, noguris, garast\u0101vok\u013ca sv\u0101rst\u012bbas nom\u0101kts vai nemotiv\u0113ts.  <\/p>\n<h3 class=\"\" data-start=\"1194\" data-end=\"1240\">Melaton\u012bns \u2013 mier\u012bgs miegs un diennakts ritms<\/h3>\n<p class=\"\" data-start=\"1242\" data-end=\"1550\">L-triptof\u0101ns organism\u0101 tiek p\u0101rveidots par seroton\u012bnu un p\u0113c tam <strong data-start=\"1302\" data-end=\"1319\">par melaton\u012bnu<\/strong> \u2014 hormonu, kas regul\u0113 m\u016bsu iek\u0161\u0113jo pulksteni jeb diennakts ritmu. Melaton\u012bns ir atbild\u012bgs par miegain\u012bbu un sp\u0113ju aizmigt. Ja melaton\u012bna l\u012bmenis ir zems, jums var b\u016bt gr\u016bt\u012bbas aizmigt vai ar\u012b miegs var b\u016bt viegls.  <\/p>\n<h3 class=\"\" data-start=\"1747\" data-end=\"1785\">Apet\u012bte un svara l\u012bdzsvars<\/h3>\n<p class=\"\" data-start=\"1787\" data-end=\"2115\">L-triptof\u0101nam ir ar\u012b loma apet\u012btes regul\u0113\u0161an\u0101. T\u0101 k\u0101 seroton\u012bns ietekm\u0113 s\u0101ta un apmierin\u0101t\u012bbas saj\u016btu p\u0113c \u0113\u0161anas, pietiekams triptof\u0101na l\u012bmenis organism\u0101 var pal\u012bdz\u0113t nov\u0113rst p\u0101rm\u0113r\u012bgu tieksmi p\u0113c \u0113diena vai emocion\u0101lu \u0113\u0161anu. <\/p>\n<h3 class=\"\" data-start=\"2117\" data-end=\"2153\">L\u012bdzsvars \u0137ermenim un pr\u0101tam<\/h3>\n<p class=\"\" data-start=\"2155\" data-end=\"2411\">T\u0101 k\u0101 triptof\u0101ns ir saist\u012bts gan ar hormon\u0101lo l\u012bdzsvaru, gan gar\u012bgo labsaj\u016btu, \u0161\u012b aminosk\u0101be ir <strong data-start=\"2248\" data-end=\"2296\">\u012bpa\u0161i v\u0113rt\u012bga stresa periodos<\/strong> , miega trauc\u0113jumu gad\u012bjum\u0101 vai vienk\u0101r\u0161i tad, kad j\u016btat, ka ikdienas dz\u012bv\u0113 nepiecie\u0161ams vair\u0101k miera, stabilit\u0101tes un l\u012bdzsvara.<\/p>\n<p class=\"\" data-start=\"356\" data-end=\"513\"><span class=\"relative -mx-px my-[-0.2rem] rounded px-px py-[0.2rem] transition-colors duration-100 ease-in-out\">L-triptof\u0101ns ir svar\u012bga seroton\u012bna un melaton\u012bna sint\u0113zes sast\u0101vda\u013ca.<\/span> <span class=\"relative -mx-px my-[-0.2rem] rounded px-px py-[0.2rem] transition-colors duration-100 ease-in-out\">Seroton\u012bns ir neirotransmiters, kas ietekm\u0113 garast\u0101vok\u013ca, miega un apet\u012btes regul\u0113\u0161anu, savuk\u0101rt melaton\u012bns ir hormons, kas regul\u0113 miega un nomoda ciklu.<\/span><\/p>\n<h2 data-start=\"733\" data-end=\"755\">Kam tas ir piem\u0113rots?<\/h2>\n<p class=\"\" data-start=\"757\" data-end=\"842\"><span class=\"relative -mx-px my-[-0.2rem] rounded px-px py-[0.2rem] transition-colors duration-100 ease-in-out\">Pure+ L-triptof\u0101ns ir piem\u0113rots:<\/span><\/p>\n<ul data-start=\"844\" data-end=\"1057\">\n<li class=\"\" data-start=\"844\" data-end=\"885\">\n<p class=\"\" data-start=\"846\" data-end=\"885\"><span class=\"relative -mx-px my-[-0.2rem] rounded px-px py-[0.2rem] transition-colors duration-100 ease-in-out\">Cilv\u0113kiem, kuri v\u0113las atbalst\u012bt savu gar\u012bgo l\u012bdzsvaru un labsaj\u016btu<\/span><\/p>\n<\/li>\n<li class=\"\" data-start=\"886\" data-end=\"927\">\n<p class=\"\" data-start=\"888\" data-end=\"927\"><span class=\"relative -mx-px my-[-0.2rem] rounded px-px py-[0.2rem] transition-colors duration-100 ease-in-out\">Tiem, kuru dz\u012bvesveids vai paradumi ietekm\u0113 miega un nomoda ritmu un kuri v\u0113las uzlabot miega kvalit\u0101ti un aizmig\u0161anu<\/span><\/p>\n<\/li>\n<li class=\"\" data-start=\"928\" data-end=\"969\">\n<p class=\"\" data-start=\"930\" data-end=\"969\"><span class=\"relative -mx-px my-[-0.2rem] rounded px-px py-[0.2rem] transition-colors duration-100 ease-in-out\">Cilv\u0113kiem, kuri v\u0113las atbalst\u012bt inform\u0113tas uztura izv\u0113les un vesel\u012bgus paradumus.<\/span><\/p>\n<\/li>\n<li class=\"\" data-start=\"970\" data-end=\"1057\">\n<p class=\"\" data-start=\"972\" data-end=\"1057\"><span class=\"relative -mx-px my-[-0.2rem] rounded px-px py-[0.2rem] transition-colors duration-100 ease-in-out\">Tiem, kas mekl\u0113 dab\u012bgu un bez piedev\u0101m pieejamu uztura bag\u0101tin\u0101t\u0101ju<\/span><\/p>\n<\/li>\n<\/ul>\n<h2 data-start=\"1064\" data-end=\"1078\">Lietojums<\/h2>\n<p class=\"\" data-start=\"1080\" data-end=\"1205\"><span class=\"relative -mx-px my-[-0.2rem] rounded px-px py-[0.2rem] transition-colors duration-100 ease-in-out\"><strong data-start=\"0\" data-end=\"20\" data-is-only-node=\"\">Ieteicam\u0101 deva<\/strong> : 1 m\u0113rkarote (1 ml) dien\u0101.<\/span> <span class=\"relative -mx-px my-[-0.2rem] rounded px-px py-[0.2rem] transition-colors duration-100 ease-in-out\">Sajauciet pulveri ar \u016bdeni, sulu vai sm\u016btiju.<\/span><\/p>\n<p class=\"\" data-start=\"1207\" data-end=\"1292\"><span class=\"relative -mx-px my-[-0.2rem] rounded px-px py-[0.2rem] transition-colors duration-100 ease-in-out\">Nep\u0101rsniedziet ieteicamo dienas devu. Uztura bag\u0101tin\u0101t\u0101js neaizst\u0101j daudzveid\u012bgu un sabalans\u0113tu uzturu vai vesel\u012bgu dz\u012bvesveidu. Sarg\u0101t no b\u0113rniem.  <\/span>\u200b<\/p>\n<h2 data-start=\"1299\" data-end=\"1314\">Sast\u0101vda\u013cas<\/h2>\n<ul data-start=\"1316\" data-end=\"1403\">\n<li class=\"\" data-start=\"1316\" data-end=\"1403\">\n<p class=\"\" data-start=\"1318\" data-end=\"1403\"><span class=\"relative -mx-px my-[-0.2rem] rounded px-px py-[0.2rem] transition-colors duration-100 ease-in-out\">L-triptof\u0101ns<\/span><\/p>\n<\/li>\n<\/ul>\n<p class=\"\" data-start=\"1405\" data-end=\"1530\"><span class=\"relative -mx-px my-[-0.2rem] rounded px-px py-[0.2rem] transition-colors duration-100 ease-in-out\"><strong data-start=\"0\" data-end=\"14\" data-is-only-node=\"\">Nesatur<\/strong> : laktozi, glut\u0113nu, raugu, cukuru, s\u0101li, soju vai saldin\u0101t\u0101jus.<\/span> <span class=\"relative -mx-px my-[-0.2rem] rounded px-px py-[0.2rem] transition-colors duration-100 ease-in-out\">Piem\u0113rots veg\u0101niem un ve\u0123et\u0101rie\u0161iem.<\/span><\/p>\n<h2 data-start=\"1537\" data-end=\"1553\">Uzturv\u0113rt\u012bba<\/h2>\n<p class=\"\" data-start=\"1555\" data-end=\"1640\"><span class=\"relative -mx-px my-[-0.2rem] rounded px-px py-[0.2rem] transition-colors duration-100 ease-in-out\"><strong data-start=\"0\" data-end=\"37\" data-is-only-node=\"\">1 m\u0113rkarote (1 ml) satur<\/strong> :<\/span><\/p>\n<ul data-start=\"1642\" data-end=\"1729\">\n<li class=\"\" data-start=\"1642\" data-end=\"1729\">\n<p class=\"\" data-start=\"1644\" data-end=\"1729\"><span class=\"relative -mx-px my-[-0.2rem] rounded px-px py-[0.2rem] transition-colors duration-100 ease-in-out\">L-triptof\u0101ns: 300 mg<\/span><\/p>\n<\/li>\n<\/ul>\n","protected":false},"excerpt":{"rendered":"<p><strong data-start=\"641\" data-end=\"759\">Pure+ L-triptof\u0101ns ir 100% t\u012bra aminosk\u0101be, kas pal\u012bdz uztur\u0113t organisma iek\u0161\u0113jo l\u012bdzsvaru un labsaj\u016btu.<\/strong>  L-triptof\u0101ns ir svar\u012bgs seroton\u012bna un melaton\u012bna priek\u0161tecis, kas ir saist\u012bts ar dabiskiem procesiem organism\u0101, piem\u0113ram, garast\u0101vok\u013ca regul\u0113\u0161anu un miega-modr\u012bbas ritmu. Tas ir piem\u0113rots tiem, kuri v\u0113las atbalst\u012bt apzin\u0101tu uztura izv\u0113li, l\u012bdzsvarotu dz\u012bvesveidu un iek\u0161\u0113jo mieru. Pulverim ir neitr\u0101la gar\u0161a, un tas ir viegli sajaucams ar \u016bdeni vai sulu. Piem\u0113rots veg\u0101niem un nesatur glut\u0113nu, laktozi vai citas piedevas \u2013 ide\u0101la izv\u0113le cilv\u0113kiem ar jut\u012bgu gremo\u0161anu vai tiem, kuri nov\u0113rt\u0113 t\u012br\u012bbu.  <\/p>\n","protected":false},"featured_media":35124,"comment_status":"closed","ping_status":"closed","template":"","meta":{"_acf_changed":false},"product_brand":[],"product_cat":[3509,3067,3037],"product_tag":[3485,3587,6001,5446,3522,6003,2762,3206],"class_list":{"0":"post-35119","1":"product","2":"type-product","3":"status-publish","4":"has-post-thumbnail","6":"product_cat-aminoskabes","7":"product_cat-ipasie-piedavajumi","8":"product_cat-stress-un-miegs","9":"product_tag-aminoskabe","10":"product_tag-garastavoklis","11":"product_tag-l-triptofans","12":"product_tag-miegs","13":"product_tag-miegs-un-stress","14":"product_tag-serotonins","15":"product_tag-stresa-mazinasana","16":"product_tag-uztura-bagatinatajs","18":"first","19":"instock","20":"sale","21":"taxable","22":"shipping-taxable","23":"purchasable","24":"product-type-simple"},"acf":[],"yoast_head":"<!-- This site is optimized with the Yoast SEO plugin v27.1.1 - https:\/\/yoast.com\/product\/yoast-seo-wordpress\/ -->\n<title>L-triptof\u0101ns 100 g - Puhdas+<\/title>\n<meta name=\"description\" content=\"L-triptof\u0101na pulveris 100 g ir t\u012bra aminosk\u0101bju uztura bag\u0101tin\u0101t\u0101js, kas atbalsta seroton\u012bna ra\u017eo\u0161anu, uzlabo garast\u0101vokli un miega kvalit\u0101ti.\" \/>\n<meta name=\"robots\" content=\"noindex, follow, max-snippet:-1, max-image-preview:large, max-video-preview:-1\" \/>\n<meta property=\"og:locale\" content=\"lv_LV\" \/>\n<meta property=\"og:type\" content=\"article\" \/>\n<meta property=\"og:title\" content=\"L-triptof\u0101ns 100 g - Puhdas+\" \/>\n<meta property=\"og:description\" content=\"L-triptof\u0101na pulveris 100 g ir t\u012bra aminosk\u0101bju uztura bag\u0101tin\u0101t\u0101js, kas atbalsta seroton\u012bna ra\u017eo\u0161anu, uzlabo garast\u0101vokli un miega kvalit\u0101ti.\" \/>\n<meta property=\"og:url\" content=\"https:\/\/test.puhdasplus.ee\/lv\/tooted\/stress-un-miegs\/l-triptofana-pulveris-100g\/\" \/>\n<meta property=\"og:site_name\" content=\"Puhdas+\" \/>\n<meta property=\"article:publisher\" content=\"https:\/\/www.facebook.com\/puhdasplus\" \/>\n<meta property=\"article:modified_time\" content=\"2026-03-10T12:37:11+00:00\" \/>\n<meta property=\"og:image\" content=\"https:\/\/test.puhdasplus.ee\/wp-content\/uploads\/2025\/03\/32.jpg\" \/>\n\t<meta property=\"og:image:width\" content=\"1862\" \/>\n\t<meta property=\"og:image:height\" content=\"2560\" \/>\n\t<meta property=\"og:image:type\" content=\"image\/jpeg\" \/>\n<meta name=\"twitter:card\" content=\"summary_large_image\" \/>\n<meta name=\"twitter:label1\" content=\"Est. reading time\" \/>\n\t<meta name=\"twitter:data1\" content=\"3 min\u016btes\" \/>\n<script type=\"application\/ld+json\" class=\"yoast-schema-graph\">{\"@context\":\"https:\/\/schema.org\",\"@graph\":[{\"@type\":\"WebPage\",\"@id\":\"https:\/\/test.puhdasplus.ee\/lv\/tooted\/stress-un-miegs\/l-triptofana-pulveris-100g\/\",\"url\":\"https:\/\/test.puhdasplus.ee\/lv\/tooted\/stress-un-miegs\/l-triptofana-pulveris-100g\/\",\"name\":\"L-triptof\u0101ns 100 g - Puhdas+\",\"isPartOf\":{\"@id\":\"https:\/\/test.puhdasplus.ee\/lv\/#website\"},\"primaryImageOfPage\":{\"@id\":\"https:\/\/test.puhdasplus.ee\/lv\/tooted\/stress-un-miegs\/l-triptofana-pulveris-100g\/#primaryimage\"},\"image\":{\"@id\":\"https:\/\/test.puhdasplus.ee\/lv\/tooted\/stress-un-miegs\/l-triptofana-pulveris-100g\/#primaryimage\"},\"thumbnailUrl\":\"https:\/\/test.puhdasplus.ee\/wp-content\/uploads\/2025\/03\/32.jpg\",\"datePublished\":\"2021-01-16T14:05:52+00:00\",\"dateModified\":\"2026-03-10T12:37:11+00:00\",\"description\":\"L-triptof\u0101na pulveris 100 g ir t\u012bra aminosk\u0101bju uztura bag\u0101tin\u0101t\u0101js, kas atbalsta seroton\u012bna ra\u017eo\u0161anu, uzlabo garast\u0101vokli un miega kvalit\u0101ti.\",\"breadcrumb\":{\"@id\":\"https:\/\/test.puhdasplus.ee\/lv\/tooted\/stress-un-miegs\/l-triptofana-pulveris-100g\/#breadcrumb\"},\"inLanguage\":\"lv-LV\",\"potentialAction\":[{\"@type\":\"ReadAction\",\"target\":[\"https:\/\/test.puhdasplus.ee\/lv\/tooted\/stress-un-miegs\/l-triptofana-pulveris-100g\/\"]}]},{\"@type\":\"ImageObject\",\"inLanguage\":\"lv-LV\",\"@id\":\"https:\/\/test.puhdasplus.ee\/lv\/tooted\/stress-un-miegs\/l-triptofana-pulveris-100g\/#primaryimage\",\"url\":\"https:\/\/test.puhdasplus.ee\/wp-content\/uploads\/2025\/03\/32.jpg\",\"contentUrl\":\"https:\/\/test.puhdasplus.ee\/wp-content\/uploads\/2025\/03\/32.jpg\",\"width\":1862,\"height\":2560,\"caption\":\"L-triptof\u0101na pulveris 100g\"},{\"@type\":\"BreadcrumbList\",\"@id\":\"https:\/\/test.puhdasplus.ee\/lv\/tooted\/stress-un-miegs\/l-triptofana-pulveris-100g\/#breadcrumb\",\"itemListElement\":[{\"@type\":\"ListItem\",\"position\":1,\"name\":\"S\u0101kums\",\"item\":\"https:\/\/test.puhdasplus.ee\/lv\/\"},{\"@type\":\"ListItem\",\"position\":2,\"name\":\"Produkti\",\"item\":\"https:\/\/test.puhdasplus.ee\/lv\/veikals\/\"},{\"@type\":\"ListItem\",\"position\":3,\"name\":\"L-triptof\u0101ns 100 g\"}]},{\"@type\":\"WebSite\",\"@id\":\"https:\/\/test.puhdasplus.ee\/lv\/#website\",\"url\":\"https:\/\/test.puhdasplus.ee\/lv\/\",\"name\":\"Puhdas+\",\"description\":\"Vitamiinid, Toidulisandid, looduskosmeetika, tervis, sport\",\"publisher\":{\"@id\":\"https:\/\/test.puhdasplus.ee\/lv\/#organization\"},\"potentialAction\":[{\"@type\":\"SearchAction\",\"target\":{\"@type\":\"EntryPoint\",\"urlTemplate\":\"https:\/\/test.puhdasplus.ee\/lv\/?s={search_term_string}\"},\"query-input\":{\"@type\":\"PropertyValueSpecification\",\"valueRequired\":true,\"valueName\":\"search_term_string\"}}],\"inLanguage\":\"lv-LV\"},{\"@type\":\"Organization\",\"@id\":\"https:\/\/test.puhdasplus.ee\/lv\/#organization\",\"name\":\"Puhdas+\",\"alternateName\":\"Puhdasplus\",\"url\":\"https:\/\/test.puhdasplus.ee\/lv\/\",\"logo\":{\"@type\":\"ImageObject\",\"inLanguage\":\"lv-LV\",\"@id\":\"https:\/\/test.puhdasplus.ee\/lv\/#\/schema\/logo\/image\/\",\"url\":\"https:\/\/test.puhdasplus.ee\/\/wp-content\/uploads\/2019\/10\/puhdas_logo-arvele.png\",\"contentUrl\":\"https:\/\/test.puhdasplus.ee\/\/wp-content\/uploads\/2019\/10\/puhdas_logo-arvele.png\",\"width\":114,\"height\":94,\"caption\":\"Puhdas+\"},\"image\":{\"@id\":\"https:\/\/test.puhdasplus.ee\/lv\/#\/schema\/logo\/image\/\"},\"sameAs\":[\"https:\/\/www.facebook.com\/puhdasplus\",\"https:\/\/www.instagram.com\/puhdasplus_ee\/\"]}]}<\/script>\n<!-- \/ Yoast SEO plugin. -->","yoast_head_json":{"title":"L-triptof\u0101ns 100 g - Puhdas+","description":"L-triptof\u0101na pulveris 100 g ir t\u012bra aminosk\u0101bju uztura bag\u0101tin\u0101t\u0101js, kas atbalsta seroton\u012bna ra\u017eo\u0161anu, uzlabo garast\u0101vokli un miega kvalit\u0101ti.","robots":{"index":"noindex","follow":"follow","max-snippet":"max-snippet:-1","max-image-preview":"max-image-preview:large","max-video-preview":"max-video-preview:-1"},"og_locale":"lv_LV","og_type":"article","og_title":"L-triptof\u0101ns 100 g - Puhdas+","og_description":"L-triptof\u0101na pulveris 100 g ir t\u012bra aminosk\u0101bju uztura bag\u0101tin\u0101t\u0101js, kas atbalsta seroton\u012bna ra\u017eo\u0161anu, uzlabo garast\u0101vokli un miega kvalit\u0101ti.","og_url":"https:\/\/test.puhdasplus.ee\/lv\/tooted\/stress-un-miegs\/l-triptofana-pulveris-100g\/","og_site_name":"Puhdas+","article_publisher":"https:\/\/www.facebook.com\/puhdasplus","article_modified_time":"2026-03-10T12:37:11+00:00","og_image":[{"width":1862,"height":2560,"url":"https:\/\/test.puhdasplus.ee\/wp-content\/uploads\/2025\/03\/32.jpg","type":"image\/jpeg"}],"twitter_card":"summary_large_image","twitter_misc":{"Est. reading time":"3 min\u016btes"},"schema":{"@context":"https:\/\/schema.org","@graph":[{"@type":"WebPage","@id":"https:\/\/test.puhdasplus.ee\/lv\/tooted\/stress-un-miegs\/l-triptofana-pulveris-100g\/","url":"https:\/\/test.puhdasplus.ee\/lv\/tooted\/stress-un-miegs\/l-triptofana-pulveris-100g\/","name":"L-triptof\u0101ns 100 g - Puhdas+","isPartOf":{"@id":"https:\/\/test.puhdasplus.ee\/lv\/#website"},"primaryImageOfPage":{"@id":"https:\/\/test.puhdasplus.ee\/lv\/tooted\/stress-un-miegs\/l-triptofana-pulveris-100g\/#primaryimage"},"image":{"@id":"https:\/\/test.puhdasplus.ee\/lv\/tooted\/stress-un-miegs\/l-triptofana-pulveris-100g\/#primaryimage"},"thumbnailUrl":"https:\/\/test.puhdasplus.ee\/wp-content\/uploads\/2025\/03\/32.jpg","datePublished":"2021-01-16T14:05:52+00:00","dateModified":"2026-03-10T12:37:11+00:00","description":"L-triptof\u0101na pulveris 100 g ir t\u012bra aminosk\u0101bju uztura bag\u0101tin\u0101t\u0101js, kas atbalsta seroton\u012bna ra\u017eo\u0161anu, uzlabo garast\u0101vokli un miega kvalit\u0101ti.","breadcrumb":{"@id":"https:\/\/test.puhdasplus.ee\/lv\/tooted\/stress-un-miegs\/l-triptofana-pulveris-100g\/#breadcrumb"},"inLanguage":"lv-LV","potentialAction":[{"@type":"ReadAction","target":["https:\/\/test.puhdasplus.ee\/lv\/tooted\/stress-un-miegs\/l-triptofana-pulveris-100g\/"]}]},{"@type":"ImageObject","inLanguage":"lv-LV","@id":"https:\/\/test.puhdasplus.ee\/lv\/tooted\/stress-un-miegs\/l-triptofana-pulveris-100g\/#primaryimage","url":"https:\/\/test.puhdasplus.ee\/wp-content\/uploads\/2025\/03\/32.jpg","contentUrl":"https:\/\/test.puhdasplus.ee\/wp-content\/uploads\/2025\/03\/32.jpg","width":1862,"height":2560,"caption":"L-triptof\u0101na pulveris 100g"},{"@type":"BreadcrumbList","@id":"https:\/\/test.puhdasplus.ee\/lv\/tooted\/stress-un-miegs\/l-triptofana-pulveris-100g\/#breadcrumb","itemListElement":[{"@type":"ListItem","position":1,"name":"S\u0101kums","item":"https:\/\/test.puhdasplus.ee\/lv\/"},{"@type":"ListItem","position":2,"name":"Produkti","item":"https:\/\/test.puhdasplus.ee\/lv\/veikals\/"},{"@type":"ListItem","position":3,"name":"L-triptof\u0101ns 100 g"}]},{"@type":"WebSite","@id":"https:\/\/test.puhdasplus.ee\/lv\/#website","url":"https:\/\/test.puhdasplus.ee\/lv\/","name":"Puhdas+","description":"Vitamiinid, Toidulisandid, looduskosmeetika, tervis, sport","publisher":{"@id":"https:\/\/test.puhdasplus.ee\/lv\/#organization"},"potentialAction":[{"@type":"SearchAction","target":{"@type":"EntryPoint","urlTemplate":"https:\/\/test.puhdasplus.ee\/lv\/?s={search_term_string}"},"query-input":{"@type":"PropertyValueSpecification","valueRequired":true,"valueName":"search_term_string"}}],"inLanguage":"lv-LV"},{"@type":"Organization","@id":"https:\/\/test.puhdasplus.ee\/lv\/#organization","name":"Puhdas+","alternateName":"Puhdasplus","url":"https:\/\/test.puhdasplus.ee\/lv\/","logo":{"@type":"ImageObject","inLanguage":"lv-LV","@id":"https:\/\/test.puhdasplus.ee\/lv\/#\/schema\/logo\/image\/","url":"https:\/\/test.puhdasplus.ee\/\/wp-content\/uploads\/2019\/10\/puhdas_logo-arvele.png","contentUrl":"https:\/\/test.puhdasplus.ee\/\/wp-content\/uploads\/2019\/10\/puhdas_logo-arvele.png","width":114,"height":94,"caption":"Puhdas+"},"image":{"@id":"https:\/\/test.puhdasplus.ee\/lv\/#\/schema\/logo\/image\/"},"sameAs":["https:\/\/www.facebook.com\/puhdasplus","https:\/\/www.instagram.com\/puhdasplus_ee\/"]}]}},"_links":{"self":[{"href":"https:\/\/test.puhdasplus.ee\/lv\/wp-json\/wp\/v2\/product\/35119","targetHints":{"allow":["GET"]}}],"collection":[{"href":"https:\/\/test.puhdasplus.ee\/lv\/wp-json\/wp\/v2\/product"}],"about":[{"href":"https:\/\/test.puhdasplus.ee\/lv\/wp-json\/wp\/v2\/types\/product"}],"replies":[{"embeddable":true,"href":"https:\/\/test.puhdasplus.ee\/lv\/wp-json\/wp\/v2\/comments?post=35119"}],"wp:featuredmedia":[{"embeddable":true,"href":"https:\/\/test.puhdasplus.ee\/lv\/wp-json\/wp\/v2\/media\/35124"}],"wp:attachment":[{"href":"https:\/\/test.puhdasplus.ee\/lv\/wp-json\/wp\/v2\/media?parent=35119"}],"wp:term":[{"taxonomy":"product_brand","embeddable":true,"href":"https:\/\/test.puhdasplus.ee\/lv\/wp-json\/wp\/v2\/product_brand?post=35119"},{"taxonomy":"product_cat","embeddable":true,"href":"https:\/\/test.puhdasplus.ee\/lv\/wp-json\/wp\/v2\/product_cat?post=35119"},{"taxonomy":"product_tag","embeddable":true,"href":"https:\/\/test.puhdasplus.ee\/lv\/wp-json\/wp\/v2\/product_tag?post=35119"}],"curies":[{"name":"wp","href":"https:\/\/api.w.org\/{rel}","templated":true}]}}