{"id":35094,"date":"2021-10-12T17:44:54","date_gmt":"2021-10-12T14:44:54","guid":{"rendered":"https:\/\/test.puhdasplus.ee\/\/tooted\/uncategorized\/asvaganda-bioperins\/"},"modified":"2026-03-10T14:22:53","modified_gmt":"2026-03-10T12:22:53","slug":"asvaganda-bioperins","status":"publish","type":"product","link":"https:\/\/test.puhdasplus.ee\/lv\/tooted\/stress-un-miegs\/asvaganda-bioperins\/","title":{"rendered":"A\u0161vaganda + Bioper\u012bns\u00ae"},"content":{"rendered":"<h2 data-start=\"121\" data-end=\"139\">Kas ir Pure+ Potent Ashwagandha ar Bioperine\u00ae?<\/h2>\n<p class=\"\" data-start=\"144\" data-end=\"413\"><strong data-start=\"144\" data-end=\"193\">Pure+ Strong Ashwagandha ar Bioperine\u00ae<\/strong> ir augstas kvalit\u0101tes Somij\u0101 ra\u017eots uztura bag\u0101tin\u0101t\u0101js, kas atbalsta \u0137erme\u0146a un pr\u0101ta l\u012bdzsvaru. Tas satur patent\u0113tu <strong data-start=\"301\" data-end=\"336\">Sensoril\u00ae a\u0161vagandas ekstraktu<\/strong> , kas pal\u012bdz organismam lab\u0101k tikt gal\u0101 ar stresu, nogurumu un spriedzi. <\/p>\n<p class=\"\" data-start=\"415\" data-end=\"654\">A\u0161vaganda ir paz\u012bstama k\u0101 adaptog\u0113ns \u2013 dabiska viela, kas pal\u012bdz organismam piel\u0101goties gar\u012bgam un fiziskam stresam. Sensoril\u00ae ekstrakts ir standartiz\u0113ts l\u012bdz 10% vitanol\u012bdu, kas nodro\u0161ina sp\u0113c\u012bg\u0101ku un notur\u012bg\u0101ku efektu maz\u0101k\u0101 dev\u0101. <\/p>\n<h2 data-start=\"488\" data-end=\"514\">K\u0101p\u0113c Ashwagandha ir noder\u012bga?<\/h2>\n<p class=\"\" data-start=\"516\" data-end=\"764\">Ashwagandha (Withania somnifera) ir paz\u012bstama k\u0101 <strong data-start=\"563\" data-end=\"584\">adaptog\u0113ns augs<\/strong>, kas atbalsta organisma visp\u0101r\u0113jo labsaj\u016btu.<br data-start=\"621\" data-end=\"624\">Sensoril\u00ae ekstrakts satur augstas koncentr\u0101cijas vitanol\u012bdus \u2013 dabiskus savienojumus, kas saist\u012bti ar \u0161\u0101du funkciju atbalst\u012b\u0161anu:<\/p>\n<ul data-start=\"766\" data-end=\"992\">\n<li class=\"\" data-start=\"766\" data-end=\"834\">\n<p class=\"\" data-start=\"768\" data-end=\"834\">Pal\u012bdz <strong data-start=\"774\" data-end=\"805\">uztur\u0113t \u0137erme\u0146a vitalit\u0101ti<\/strong> un tonusu<\/p>\n<\/li>\n<li class=\"\" data-start=\"835\" data-end=\"899\">\n<p class=\"\" data-start=\"837\" data-end=\"899\">Atbalsta <strong data-start=\"844\" data-end=\"881\">relaks\u0101ciju un gar\u012bgo l\u012bdzsvaru<\/strong><\/p>\n<\/li>\n<li class=\"\" data-start=\"900\" data-end=\"992\">\n<p class=\"\" data-start=\"902\" data-end=\"992\">Pal\u012bdz <strong data-start=\"908\" data-end=\"976\">uztur\u0113t fizisko un gar\u012bgo labsaj\u016btu stresa situ\u0101cij\u0101s<\/strong><\/p>\n<\/li>\n<\/ul>\n<p class=\"\" data-start=\"994\" data-end=\"1108\">Bioperine\u00ae jeb melno piparu ekstrakts pal\u012bdz <strong data-start=\"1036\" data-end=\"1072\">palielin\u0101t bar\u012bbas vielu uzs\u016bk\u0161anos<\/strong> , atbalstot akt\u012bvo sast\u0101vda\u013cu efektivit\u0101ti.<\/p>\n<h2 data-start=\"488\" data-end=\"514\">Ashwagandha Sast\u0101vda\u013cas<\/h2>\n<ul data-start=\"1338\" data-end=\"1556\">\n<li class=\"\" data-start=\"1338\" data-end=\"1393\">\n<p class=\"\" data-start=\"1340\" data-end=\"1393\">Sensoril\u00ae a\u0161vagandas ekstrakts (Withania somnifera)<\/p>\n<\/li>\n<li class=\"\" data-start=\"1394\" data-end=\"1444\">\n<p class=\"\" data-start=\"1396\" data-end=\"1444\">Bioperine\u00ae (Piper nigrum) melno piparu ekstrakts<\/p>\n<\/li>\n<li class=\"\" data-start=\"1445\" data-end=\"1489\">\n<p class=\"\" data-start=\"1447\" data-end=\"1489\">Pildviela: mikrokrist\u0101lisk\u0101 celuloze<\/p>\n<\/li>\n<li class=\"\" data-start=\"1490\" data-end=\"1556\">\n<p class=\"\" data-start=\"1492\" data-end=\"1556\">D\u0101rze\u0146u kapsulas apvalks: hidroksipropilmetilceluloze, gell\u0101na sve\u0137i<\/p>\n<\/li>\n<\/ul>\n<p class=\"\" data-start=\"1558\" data-end=\"1663\">Produkts nesatur glut\u0113nu, laktozi, raugu, cukuru, saldin\u0101t\u0101jus, m\u0101ksl\u012bg\u0101s kr\u0101svielas vai konservantus.<\/p>\n<h3 class=\"\" data-start=\"1670\" data-end=\"1707\">Uzturv\u0113rt\u012bba (1\u20132 kapsulas)<\/h3>\n<div class=\"_tableContainer_16hzy_1\">\n<div class=\"_tableWrapper_16hzy_14 group flex w-fit flex-col-reverse\" tabindex=\"-1\">\n<table class=\"w-fit min-w-(--thread-content-width)\" data-start=\"1709\" data-end=\"2036\">\n<thead data-start=\"1709\" data-end=\"1774\">\n<tr data-start=\"1709\" data-end=\"1774\">\n<th data-start=\"1709\" data-end=\"1744\" data-col-size=\"sm\">Akt\u012bv\u0101 viela<\/th>\n<th data-start=\"1744\" data-end=\"1759\" data-col-size=\"sm\">1 kapsula<\/th>\n<th data-start=\"1759\" data-end=\"1774\" data-col-size=\"sm\">2 kapsulas<\/th>\n<\/tr>\n<\/thead>\n<tbody data-start=\"1841\" data-end=\"2036\">\n<tr data-start=\"1841\" data-end=\"1906\">\n<td data-start=\"1841\" data-end=\"1876\" data-col-size=\"sm\">Sensoril\u00ae a\u0161vagandas ekstrakts<\/td>\n<td data-start=\"1876\" data-end=\"1891\" data-col-size=\"sm\">125 mg<\/td>\n<td data-start=\"1891\" data-end=\"1906\" data-col-size=\"sm\">250 mg<\/td>\n<\/tr>\n<tr data-start=\"1907\" data-end=\"1971\">\n<td data-start=\"1907\" data-end=\"1941\" data-col-size=\"sm\">\u2013 tostarp vitanolidi<\/td>\n<td data-col-size=\"sm\" data-start=\"1941\" data-end=\"1956\">12,5 mg<\/td>\n<td data-col-size=\"sm\" data-start=\"1956\" data-end=\"1971\">25 mg<\/td>\n<\/tr>\n<tr data-start=\"1972\" data-end=\"2036\">\n<td data-start=\"1972\" data-end=\"2006\" data-col-size=\"sm\">Bioperine\u00ae melno piparu ekstrakts<\/td>\n<td data-col-size=\"sm\" data-start=\"2006\" data-end=\"2021\">5 mg<\/td>\n<td data-col-size=\"sm\" data-start=\"2021\" data-end=\"2036\">10 mg<\/td>\n<\/tr>\n<\/tbody>\n<\/table>\n<h2 data-start=\"488\" data-end=\"514\">Ashwagandha Lieto\u0161ana<\/h2>\n<p class=\"\" data-start=\"2062\" data-end=\"2109\"><strong data-start=\"2062\" data-end=\"2078\">Deva:<\/strong> 1\u20132 kapsulas dien\u0101, uzdzerot \u016bdeni.<\/p>\n<ul data-start=\"2111\" data-end=\"2317\">\n<li class=\"\" data-start=\"2111\" data-end=\"2157\">\n<p class=\"\" data-start=\"2113\" data-end=\"2157\">Ieteicamo dienas devu nedr\u012bkst p\u0101rsniegt.<\/p>\n<\/li>\n<li class=\"\" data-start=\"2158\" data-end=\"2221\">\n<p class=\"\" data-start=\"2160\" data-end=\"2221\">Uztura bag\u0101tin\u0101t\u0101js netiek lietots k\u0101 daudzveid\u012bga uztura aizvietot\u0101js.<\/p>\n<\/li>\n<li class=\"\" data-start=\"2222\" data-end=\"2260\">\n<p class=\"\" data-start=\"2224\" data-end=\"2260\">Sarg\u0101t no b\u0113rniem.<\/p>\n<\/li>\n<li class=\"\" data-start=\"2261\" data-end=\"2317\">\n<p class=\"\" data-start=\"2263\" data-end=\"2317\">Gr\u016btniec\u012bbas un z\u012bd\u012b\u0161anas laik\u0101 konsult\u0113jieties ar \u0101rstu.<\/p>\n<\/li>\n<\/ul>\n<\/div>\n<\/div>\n","protected":false},"excerpt":{"rendered":"<p class=\"\" data-start=\"143\" data-end=\"647\"><strong data-start=\"143\" data-end=\"192\">Pure+Strong a\u0161vaganda ar Bioperine\u00ae<\/strong> ir izstr\u0101d\u0101ta, lai atbalst\u012btu organisma iztur\u012bbu pret gar\u012bgo un fizisko stresu. Sensoril\u00ae a\u0161vaganda ir standartiz\u0113ts ekstrakts, kas ieg\u016bts no auga saknes un lap\u0101m, un satur augstu vitan\u012bdu koncentr\u0101ciju \u2013 dabiskus savienojumus, kas saist\u012bti ar visp\u0101r\u0113j\u0101s vitalit\u0101tes un l\u012bdzsvara uztur\u0113\u0161anu organism\u0101. A\u0161vaganda tiek uzskat\u012bta par adaptog\u0113nu, kas pal\u012bdz organismam piel\u0101goties stresa situ\u0101cij\u0101m un atbalsta gar\u012bgo un fizisko labsaj\u016btu.  <\/p>\n<p class=\"\" data-start=\"649\" data-end=\"915\">Pievienotais Bioperine\u00ae (melno piparu ekstrakts) pal\u012bdz palielin\u0101t akt\u012bvo vielu uzs\u016bk\u0161anos, nodro\u0161inot lab\u0101ku efektivit\u0101ti pat pie maz\u0101kas devas. Tas padara produktu \u012bpa\u0161i piem\u0113rotu tiem, kas v\u0113las efekt\u012bvu, bet dabisku atbalstu stresa p\u0101rvald\u012bbai un ener\u0123ijas l\u012bme\u0146a uztur\u0113\u0161anai. <\/p>\n<p class=\"\" data-start=\"917\" data-end=\"1115\">Produkts ir piem\u0113rots ikdienas lieto\u0161anai un ir ra\u017eots Somij\u0101 atbilsto\u0161i augstiem kvalit\u0101tes standartiem. Tas nesatur m\u0101ksl\u012bgas piedevas, alerg\u0113nus vai dz\u012bvnieku izcelsmes sast\u0101vda\u013cas, padarot to piem\u0113rotu veg\u0101niem. <\/p>\n","protected":false},"featured_media":32320,"comment_status":"closed","ping_status":"closed","template":"","meta":{"_acf_changed":false},"product_brand":[],"product_cat":[3067,3037],"product_tag":[5963,5961,5711,5960,3522,5962,2762,3206],"class_list":{"0":"post-35094","1":"product","2":"type-product","3":"status-publish","4":"has-post-thumbnail","6":"product_cat-ipasie-piedavajumi","7":"product_cat-stress-un-miegs","8":"product_tag-adaptogens","9":"product_tag-asvaganda-lv","10":"product_tag-bioperins","11":"product_tag-garigais-lidzsvars","12":"product_tag-miegs-un-stress","13":"product_tag-sensoril-lv","14":"product_tag-stresa-mazinasana","15":"product_tag-uztura-bagatinatajs","17":"first","18":"instock","19":"sale","20":"taxable","21":"shipping-taxable","22":"purchasable","23":"product-type-variable","24":"has-default-attributes"},"acf":[],"yoast_head":"<!-- This site is optimized with the Yoast SEO plugin v27.1.1 - https:\/\/yoast.com\/product\/yoast-seo-wordpress\/ -->\n<title>A\u0161vaganda + Bioper\u012bns\u00ae - Puhdas+<\/title>\n<meta name=\"description\" content=\"A\u0161vagandas ekstrakts un Bioperine\u00ae melno piparu ekstrakts, kas pal\u012bdz mazin\u0101t stresu un atbalsta gar\u012bgo l\u012bdzsvaru un sniegumu.\" \/>\n<meta name=\"robots\" content=\"noindex, follow, max-snippet:-1, max-image-preview:large, max-video-preview:-1\" \/>\n<meta property=\"og:locale\" content=\"lv_LV\" \/>\n<meta property=\"og:type\" content=\"article\" \/>\n<meta property=\"og:title\" content=\"A\u0161vaganda + Bioper\u012bns\u00ae - Puhdas+\" \/>\n<meta property=\"og:description\" content=\"A\u0161vagandas ekstrakts un Bioperine\u00ae melno piparu ekstrakts, kas pal\u012bdz mazin\u0101t stresu un atbalsta gar\u012bgo l\u012bdzsvaru un sniegumu.\" \/>\n<meta property=\"og:url\" content=\"https:\/\/test.puhdasplus.ee\/lv\/tooted\/stress-un-miegs\/asvaganda-bioperins\/\" \/>\n<meta property=\"og:site_name\" content=\"Puhdas+\" \/>\n<meta property=\"article:publisher\" content=\"https:\/\/www.facebook.com\/puhdasplus\" \/>\n<meta property=\"article:modified_time\" content=\"2026-03-10T12:22:53+00:00\" \/>\n<meta property=\"og:image\" content=\"https:\/\/test.puhdasplus.ee\/wp-content\/uploads\/2025\/03\/58.jpg\" \/>\n\t<meta property=\"og:image:width\" content=\"1862\" \/>\n\t<meta property=\"og:image:height\" content=\"2560\" \/>\n\t<meta property=\"og:image:type\" content=\"image\/jpeg\" \/>\n<meta name=\"twitter:card\" content=\"summary_large_image\" \/>\n<meta name=\"twitter:label1\" content=\"Est. reading time\" \/>\n\t<meta name=\"twitter:data1\" content=\"2 min\u016btes\" \/>\n<script type=\"application\/ld+json\" class=\"yoast-schema-graph\">{\"@context\":\"https:\/\/schema.org\",\"@graph\":[{\"@type\":\"WebPage\",\"@id\":\"https:\/\/test.puhdasplus.ee\/lv\/tooted\/stress-un-miegs\/asvaganda-bioperins\/\",\"url\":\"https:\/\/test.puhdasplus.ee\/lv\/tooted\/stress-un-miegs\/asvaganda-bioperins\/\",\"name\":\"A\u0161vaganda + Bioper\u012bns\u00ae - Puhdas+\",\"isPartOf\":{\"@id\":\"https:\/\/test.puhdasplus.ee\/lv\/#website\"},\"primaryImageOfPage\":{\"@id\":\"https:\/\/test.puhdasplus.ee\/lv\/tooted\/stress-un-miegs\/asvaganda-bioperins\/#primaryimage\"},\"image\":{\"@id\":\"https:\/\/test.puhdasplus.ee\/lv\/tooted\/stress-un-miegs\/asvaganda-bioperins\/#primaryimage\"},\"thumbnailUrl\":\"https:\/\/test.puhdasplus.ee\/wp-content\/uploads\/2025\/03\/58.jpg\",\"datePublished\":\"2021-10-12T14:44:54+00:00\",\"dateModified\":\"2026-03-10T12:22:53+00:00\",\"description\":\"A\u0161vagandas ekstrakts un Bioperine\u00ae melno piparu ekstrakts, kas pal\u012bdz mazin\u0101t stresu un atbalsta gar\u012bgo l\u012bdzsvaru un sniegumu.\",\"breadcrumb\":{\"@id\":\"https:\/\/test.puhdasplus.ee\/lv\/tooted\/stress-un-miegs\/asvaganda-bioperins\/#breadcrumb\"},\"inLanguage\":\"lv-LV\",\"potentialAction\":[{\"@type\":\"ReadAction\",\"target\":[\"https:\/\/test.puhdasplus.ee\/lv\/tooted\/stress-un-miegs\/asvaganda-bioperins\/\"]}]},{\"@type\":\"ImageObject\",\"inLanguage\":\"lv-LV\",\"@id\":\"https:\/\/test.puhdasplus.ee\/lv\/tooted\/stress-un-miegs\/asvaganda-bioperins\/#primaryimage\",\"url\":\"https:\/\/test.puhdasplus.ee\/wp-content\/uploads\/2025\/03\/58.jpg\",\"contentUrl\":\"https:\/\/test.puhdasplus.ee\/wp-content\/uploads\/2025\/03\/58.jpg\",\"width\":1862,\"height\":2560,\"caption\":\"A\u0161vaganda + Bioper\u012bns\u00ae\"},{\"@type\":\"BreadcrumbList\",\"@id\":\"https:\/\/test.puhdasplus.ee\/lv\/tooted\/stress-un-miegs\/asvaganda-bioperins\/#breadcrumb\",\"itemListElement\":[{\"@type\":\"ListItem\",\"position\":1,\"name\":\"S\u0101kums\",\"item\":\"https:\/\/test.puhdasplus.ee\/lv\/\"},{\"@type\":\"ListItem\",\"position\":2,\"name\":\"Produkti\",\"item\":\"https:\/\/test.puhdasplus.ee\/lv\/veikals\/\"},{\"@type\":\"ListItem\",\"position\":3,\"name\":\"A\u0161vaganda + Bioper\u012bns\u00ae\"}]},{\"@type\":\"WebSite\",\"@id\":\"https:\/\/test.puhdasplus.ee\/lv\/#website\",\"url\":\"https:\/\/test.puhdasplus.ee\/lv\/\",\"name\":\"Puhdas+\",\"description\":\"Vitamiinid, Toidulisandid, looduskosmeetika, tervis, sport\",\"publisher\":{\"@id\":\"https:\/\/test.puhdasplus.ee\/lv\/#organization\"},\"potentialAction\":[{\"@type\":\"SearchAction\",\"target\":{\"@type\":\"EntryPoint\",\"urlTemplate\":\"https:\/\/test.puhdasplus.ee\/lv\/?s={search_term_string}\"},\"query-input\":{\"@type\":\"PropertyValueSpecification\",\"valueRequired\":true,\"valueName\":\"search_term_string\"}}],\"inLanguage\":\"lv-LV\"},{\"@type\":\"Organization\",\"@id\":\"https:\/\/test.puhdasplus.ee\/lv\/#organization\",\"name\":\"Puhdas+\",\"alternateName\":\"Puhdasplus\",\"url\":\"https:\/\/test.puhdasplus.ee\/lv\/\",\"logo\":{\"@type\":\"ImageObject\",\"inLanguage\":\"lv-LV\",\"@id\":\"https:\/\/test.puhdasplus.ee\/lv\/#\/schema\/logo\/image\/\",\"url\":\"https:\/\/test.puhdasplus.ee\/\/wp-content\/uploads\/2019\/10\/puhdas_logo-arvele.png\",\"contentUrl\":\"https:\/\/test.puhdasplus.ee\/\/wp-content\/uploads\/2019\/10\/puhdas_logo-arvele.png\",\"width\":114,\"height\":94,\"caption\":\"Puhdas+\"},\"image\":{\"@id\":\"https:\/\/test.puhdasplus.ee\/lv\/#\/schema\/logo\/image\/\"},\"sameAs\":[\"https:\/\/www.facebook.com\/puhdasplus\",\"https:\/\/www.instagram.com\/puhdasplus_ee\/\"]}]}<\/script>\n<!-- \/ Yoast SEO plugin. -->","yoast_head_json":{"title":"A\u0161vaganda + Bioper\u012bns\u00ae - Puhdas+","description":"A\u0161vagandas ekstrakts un Bioperine\u00ae melno piparu ekstrakts, kas pal\u012bdz mazin\u0101t stresu un atbalsta gar\u012bgo l\u012bdzsvaru un sniegumu.","robots":{"index":"noindex","follow":"follow","max-snippet":"max-snippet:-1","max-image-preview":"max-image-preview:large","max-video-preview":"max-video-preview:-1"},"og_locale":"lv_LV","og_type":"article","og_title":"A\u0161vaganda + Bioper\u012bns\u00ae - Puhdas+","og_description":"A\u0161vagandas ekstrakts un Bioperine\u00ae melno piparu ekstrakts, kas pal\u012bdz mazin\u0101t stresu un atbalsta gar\u012bgo l\u012bdzsvaru un sniegumu.","og_url":"https:\/\/test.puhdasplus.ee\/lv\/tooted\/stress-un-miegs\/asvaganda-bioperins\/","og_site_name":"Puhdas+","article_publisher":"https:\/\/www.facebook.com\/puhdasplus","article_modified_time":"2026-03-10T12:22:53+00:00","og_image":[{"width":1862,"height":2560,"url":"https:\/\/test.puhdasplus.ee\/wp-content\/uploads\/2025\/03\/58.jpg","type":"image\/jpeg"}],"twitter_card":"summary_large_image","twitter_misc":{"Est. reading time":"2 min\u016btes"},"schema":{"@context":"https:\/\/schema.org","@graph":[{"@type":"WebPage","@id":"https:\/\/test.puhdasplus.ee\/lv\/tooted\/stress-un-miegs\/asvaganda-bioperins\/","url":"https:\/\/test.puhdasplus.ee\/lv\/tooted\/stress-un-miegs\/asvaganda-bioperins\/","name":"A\u0161vaganda + Bioper\u012bns\u00ae - Puhdas+","isPartOf":{"@id":"https:\/\/test.puhdasplus.ee\/lv\/#website"},"primaryImageOfPage":{"@id":"https:\/\/test.puhdasplus.ee\/lv\/tooted\/stress-un-miegs\/asvaganda-bioperins\/#primaryimage"},"image":{"@id":"https:\/\/test.puhdasplus.ee\/lv\/tooted\/stress-un-miegs\/asvaganda-bioperins\/#primaryimage"},"thumbnailUrl":"https:\/\/test.puhdasplus.ee\/wp-content\/uploads\/2025\/03\/58.jpg","datePublished":"2021-10-12T14:44:54+00:00","dateModified":"2026-03-10T12:22:53+00:00","description":"A\u0161vagandas ekstrakts un Bioperine\u00ae melno piparu ekstrakts, kas pal\u012bdz mazin\u0101t stresu un atbalsta gar\u012bgo l\u012bdzsvaru un sniegumu.","breadcrumb":{"@id":"https:\/\/test.puhdasplus.ee\/lv\/tooted\/stress-un-miegs\/asvaganda-bioperins\/#breadcrumb"},"inLanguage":"lv-LV","potentialAction":[{"@type":"ReadAction","target":["https:\/\/test.puhdasplus.ee\/lv\/tooted\/stress-un-miegs\/asvaganda-bioperins\/"]}]},{"@type":"ImageObject","inLanguage":"lv-LV","@id":"https:\/\/test.puhdasplus.ee\/lv\/tooted\/stress-un-miegs\/asvaganda-bioperins\/#primaryimage","url":"https:\/\/test.puhdasplus.ee\/wp-content\/uploads\/2025\/03\/58.jpg","contentUrl":"https:\/\/test.puhdasplus.ee\/wp-content\/uploads\/2025\/03\/58.jpg","width":1862,"height":2560,"caption":"A\u0161vaganda + Bioper\u012bns\u00ae"},{"@type":"BreadcrumbList","@id":"https:\/\/test.puhdasplus.ee\/lv\/tooted\/stress-un-miegs\/asvaganda-bioperins\/#breadcrumb","itemListElement":[{"@type":"ListItem","position":1,"name":"S\u0101kums","item":"https:\/\/test.puhdasplus.ee\/lv\/"},{"@type":"ListItem","position":2,"name":"Produkti","item":"https:\/\/test.puhdasplus.ee\/lv\/veikals\/"},{"@type":"ListItem","position":3,"name":"A\u0161vaganda + Bioper\u012bns\u00ae"}]},{"@type":"WebSite","@id":"https:\/\/test.puhdasplus.ee\/lv\/#website","url":"https:\/\/test.puhdasplus.ee\/lv\/","name":"Puhdas+","description":"Vitamiinid, Toidulisandid, looduskosmeetika, tervis, sport","publisher":{"@id":"https:\/\/test.puhdasplus.ee\/lv\/#organization"},"potentialAction":[{"@type":"SearchAction","target":{"@type":"EntryPoint","urlTemplate":"https:\/\/test.puhdasplus.ee\/lv\/?s={search_term_string}"},"query-input":{"@type":"PropertyValueSpecification","valueRequired":true,"valueName":"search_term_string"}}],"inLanguage":"lv-LV"},{"@type":"Organization","@id":"https:\/\/test.puhdasplus.ee\/lv\/#organization","name":"Puhdas+","alternateName":"Puhdasplus","url":"https:\/\/test.puhdasplus.ee\/lv\/","logo":{"@type":"ImageObject","inLanguage":"lv-LV","@id":"https:\/\/test.puhdasplus.ee\/lv\/#\/schema\/logo\/image\/","url":"https:\/\/test.puhdasplus.ee\/\/wp-content\/uploads\/2019\/10\/puhdas_logo-arvele.png","contentUrl":"https:\/\/test.puhdasplus.ee\/\/wp-content\/uploads\/2019\/10\/puhdas_logo-arvele.png","width":114,"height":94,"caption":"Puhdas+"},"image":{"@id":"https:\/\/test.puhdasplus.ee\/lv\/#\/schema\/logo\/image\/"},"sameAs":["https:\/\/www.facebook.com\/puhdasplus","https:\/\/www.instagram.com\/puhdasplus_ee\/"]}]}},"_links":{"self":[{"href":"https:\/\/test.puhdasplus.ee\/lv\/wp-json\/wp\/v2\/product\/35094","targetHints":{"allow":["GET"]}}],"collection":[{"href":"https:\/\/test.puhdasplus.ee\/lv\/wp-json\/wp\/v2\/product"}],"about":[{"href":"https:\/\/test.puhdasplus.ee\/lv\/wp-json\/wp\/v2\/types\/product"}],"replies":[{"embeddable":true,"href":"https:\/\/test.puhdasplus.ee\/lv\/wp-json\/wp\/v2\/comments?post=35094"}],"wp:featuredmedia":[{"embeddable":true,"href":"https:\/\/test.puhdasplus.ee\/lv\/wp-json\/wp\/v2\/media\/32320"}],"wp:attachment":[{"href":"https:\/\/test.puhdasplus.ee\/lv\/wp-json\/wp\/v2\/media?parent=35094"}],"wp:term":[{"taxonomy":"product_brand","embeddable":true,"href":"https:\/\/test.puhdasplus.ee\/lv\/wp-json\/wp\/v2\/product_brand?post=35094"},{"taxonomy":"product_cat","embeddable":true,"href":"https:\/\/test.puhdasplus.ee\/lv\/wp-json\/wp\/v2\/product_cat?post=35094"},{"taxonomy":"product_tag","embeddable":true,"href":"https:\/\/test.puhdasplus.ee\/lv\/wp-json\/wp\/v2\/product_tag?post=35094"}],"curies":[{"name":"wp","href":"https:\/\/api.w.org\/{rel}","templated":true}]}}