{"id":34814,"date":"2021-12-25T16:34:45","date_gmt":"2021-12-25T14:34:45","guid":{"rendered":"https:\/\/test.puhdasplus.ee\/\/tooted\/uncategorized\/magnija-aerosols-75-ml\/"},"modified":"2026-02-27T13:13:20","modified_gmt":"2026-02-27T11:13:20","slug":"magnija-aerosols-75-ml","status":"publish","type":"product","link":"https:\/\/test.puhdasplus.ee\/lv\/tooted\/minerali\/magnijs\/magnija-aerosols-75-ml\/","title":{"rendered":"Magnija aerosols 150 ml"},"content":{"rendered":"<h2>Kas ir Puhdas+ Magnesium Spray Strong un k\u0101p\u0113c tas ir noder\u012bgs?<\/h2>\n<p class=\"\" data-start=\"358\" data-end=\"797\">Puhdas+ Magnesium Spray Strong ir sp\u0113c\u012bgs un t\u012brs magnija aerosols, kas paredz\u0113ts \u0101r\u012bgai lieto\u0161anai. Tas ir dab\u012bgs kop\u0161anas l\u012bdzeklis, kas satur tikai vienu efekt\u012bvu sast\u0101vda\u013cu \u2013 <strong data-start=\"573\" data-end=\"595\">magnija hlor\u012bda \u0161\u0137\u012bdumu<\/strong> . Aerosols tiek uzkl\u0101ts tie\u0161i uz \u0101das un ir \u012bpa\u0161i piem\u0113rots saspringtu zonu un musku\u013cu kop\u0161anai.  <\/p>\n<p data-start=\"632\" data-end=\"857\">Magnija aerosols ir vienk\u0101r\u0161s veids, k\u0101 atsvaidzin\u0101t \u0101du un atbalst\u012bt \u0137erme\u0146a relaks\u0101ciju p\u0113c sporta, fiziska darba vai garas dienas. Produkts ir piem\u0113rots ar\u012b ikdienas lieto\u0161anai, lai nodro\u0161in\u0101tu miner\u0101lu kop\u0161anu \u0101dai. <\/p>\n<p class=\"\" data-start=\"1114\" data-end=\"1530\"><strong data-start=\"1114\" data-end=\"1152\">Transderm\u0101lais magnijs<\/strong> ir alternat\u012bva iek\u0161\u0137\u012bgi lietojamiem uztura bag\u0101tin\u0101t\u0101jiem un ir piem\u0113rots cilv\u0113kiem ar jut\u012bgu ku\u0146\u0123a-zarnu traktu vai tiem, kas dod priek\u0161roku \u0101tram, lok\u0101lam risin\u0101jumam. Sprejs ir ide\u0101li piem\u0113rots lieto\u0161anai p\u0113c sporta, fiziska darba vai garas dienas, kad musku\u013ciem nepiecie\u0161ama atjauno\u0161an\u0101s un relaks\u0101cija. Tas ir piem\u0113rots ar\u012b ikdienas lieto\u0161anai, lai atbalst\u012btu organisma miner\u0101lvielu l\u012bdzsvaru.  <\/p>\n<p class=\"\" data-start=\"1532\" data-end=\"1566\">Pure+ Magnesium Spray Strong ir:<\/p>\n<ul data-start=\"1567\" data-end=\"1907\">\n<li class=\"\" data-start=\"1567\" data-end=\"1633\">\n<p class=\"\" data-start=\"1569\" data-end=\"1633\"><strong data-start=\"1569\" data-end=\"1594\">100% t\u012brs sast\u0101vs<\/strong> \u2013 satur tikai magnija hlor\u012bda \u0161\u0137\u012bdumu<\/p>\n<\/li>\n<li class=\"\" data-start=\"1634\" data-end=\"1705\">\n<p class=\"\" data-start=\"1636\" data-end=\"1705\"><strong data-start=\"1636\" data-end=\"1659\">viegli izsmidzin\u0101ms<\/strong> \u2013 praktiski lietojams jebkur un jebkur\u0101 laik\u0101<\/p>\n<\/li>\n<li class=\"\" data-start=\"1706\" data-end=\"1763\">\n<p class=\"\" data-start=\"1708\" data-end=\"1763\"><strong data-start=\"1708\" data-end=\"1728\">\u0101tri ies\u016bcas<\/strong> \u2013 neatst\u0101j lip\u012bgu sl\u0101ni uz \u0101das<\/p>\n<\/li>\n<li class=\"\" data-start=\"1764\" data-end=\"1843\">\n<p class=\"\" data-start=\"1766\" data-end=\"1843\"><strong data-start=\"1766\" data-end=\"1801\">piem\u0113rots ikdienas lieto\u0161anai<\/strong><\/p>\n<\/li>\n<li class=\"\" data-start=\"1844\" data-end=\"1907\">\n<p class=\"\" data-start=\"1846\" data-end=\"1907\"><strong data-start=\"1846\" data-end=\"1907\">efekt\u012bvi atbalsta musku\u013cus, nervu sist\u0113mu un visp\u0101r\u0113jo labsaj\u016btu<\/strong><\/p>\n<\/li>\n<\/ul>\n<p class=\"\" data-start=\"1909\" data-end=\"2122\">Pateicoties sp\u0113c\u012bgajai koncentr\u0101cijai, \u0161is aerosols ir \u012bpa\u0161i iecien\u012bts sportistu, fizisk\u0101 darba veic\u0113ju un to vid\u016b, kuri v\u0113las efekt\u012bv\u0101ku \u0101das un musku\u013cu kop\u0161anu.<\/p>\n<h2 data-start=\"359\" data-end=\"381\">Kam tas ir piem\u0113rots?<\/h2>\n<p class=\"\" data-start=\"383\" data-end=\"502\">Produkts ir piem\u0113rots pieaugu\u0161ajiem, kuri v\u0113las r\u016bp\u0113ties par savu \u0101du un musku\u013cu sasprindzin\u0101jumu.<\/p>\n<h2 data-start=\"509\" data-end=\"529\">K\u0101 lietot?<\/h2>\n<p class=\"\" data-start=\"531\" data-end=\"772\">Smidzin\u0101t\u0101js j\u0101uzkl\u0101j uz t\u012bras \u0101das v\u0113lamaj\u0101 zon\u0101, piem\u0113ram, musku\u013cos. Ieteicams l\u012bdzekli izsmidzin\u0101t 4\u20135 reizes no aptuveni 10 cm att\u0101luma. Pirmaj\u0101 lieto\u0161anas reiz\u0113 jut\u012bgai \u0101dai var rasties neliela tirp\u0161ana vai aps\u0101rtums, kas parasti izz\u016bd, regul\u0101ri lietojot.  <\/p>\n<p data-start=\"531\" data-end=\"772\">Neto daudzums: 150 ml<\/p>\n<h3 data-start=\"779\" data-end=\"794\">Sast\u0101vda\u013cas<\/h3>\n<p class=\"\" data-start=\"796\" data-end=\"881\">\u016adens, magnija hlor\u012bds<\/p>\n","protected":false},"excerpt":{"rendered":"<p data-start=\"475\" data-end=\"839\"><strong data-start=\"475\" data-end=\"837\">Puhdas+ Magnesium Spray Strong<\/strong> ir efekt\u012bvs un koncentr\u0113ts magnija aerosols <strong>\u0101r\u012bgai lieto\u0161anai<\/strong> . Tas ir lieliski piem\u0113rots noguru\u0161u, saspringtu vai saspringtu musku\u013cu \u0101rst\u0113\u0161anai un sniedz \u0101dai atsvaidzin\u0101jumu un relaks\u0101ciju. Magnija hlor\u012bda \u0161\u0137\u012bdums tiek uzkl\u0101ts tie\u0161i uz \u0101das, pal\u012bdzot r\u016bp\u0113ties par un atjaunot tie\u0161i t\u0101s zonas, kur\u0101m nepiecie\u0161ama stimul\u0101cija.  <\/p>\n<p data-start=\"841\" data-end=\"1220\">Produkts ir piem\u0113rots ikdienas lieto\u0161anai \u2013 piem\u0113ram, p\u0113c treni\u0146a, darba dienas beig\u0101s vai tad, kad \u0137ermenim nepiecie\u0161ama atp\u016bta. T\u0101 k\u0101 tas satur tikai vienu t\u012bru sast\u0101vda\u013cu \u2013 magnija hlor\u012bdu \u2013, sprejs ir maigs pret \u0101du un nesatur piedevas, kr\u0101svielas vai smar\u017evielas. Vienk\u0101r\u0161s, \u0101trs un efekt\u012bvs veids, k\u0101 nodro\u0161in\u0101t miner\u0101lviel\u0101m bag\u0101tu \u0101das kop\u0161anu akt\u012bvam un stresa pilnam dz\u012bvesveidam.  <\/p>\n","protected":false},"featured_media":34819,"comment_status":"closed","ping_status":"closed","template":"","meta":{"_acf_changed":false},"product_brand":[],"product_cat":[3067,3483,3280,3200],"product_tag":[3605,5853,5854,3203,3522,3225,3576],"class_list":{"0":"post-34814","1":"product","2":"type-product","3":"status-publish","4":"has-post-thumbnail","6":"product_cat-ipasie-piedavajumi","7":"product_cat-locitavas-muskuli-un-kauli","8":"product_cat-magnijs","9":"product_cat-minerali","10":"product_tag-atveselosanas","11":"product_tag-dabisks","12":"product_tag-magnija-aerosols","13":"product_tag-magnijs","14":"product_tag-miegs-un-stress","15":"product_tag-muskuli-un-locitavas","16":"product_tag-sports-lv","18":"first","19":"instock","20":"sale","21":"taxable","22":"shipping-taxable","23":"purchasable","24":"product-type-simple"},"acf":[],"yoast_head":"<!-- This site is optimized with the Yoast SEO plugin v27.1.1 - https:\/\/yoast.com\/product\/yoast-seo-wordpress\/ -->\n<title>Magnija aerosols 150 ml - Puhdas+<\/title>\n<meta name=\"description\" content=\"Magnija aerosols \u2013 \u0101tra un efekt\u012bva uzs\u016bk\u0161an\u0101s tie\u0161i no \u0101das! Pal\u012bdz mazin\u0101t musku\u013cu sasprindzin\u0101jumu, veicina relaks\u0101ciju un labsaj\u016btu. Bez traipiem, dab\u012bgs un bez piedev\u0101m.\" \/>\n<meta name=\"robots\" content=\"noindex, follow, max-snippet:-1, max-image-preview:large, max-video-preview:-1\" \/>\n<meta property=\"og:locale\" content=\"lv_LV\" \/>\n<meta property=\"og:type\" content=\"article\" \/>\n<meta property=\"og:title\" content=\"Magnija aerosols 150 ml - Puhdas+\" \/>\n<meta property=\"og:description\" content=\"Magnija aerosols \u2013 \u0101tra un efekt\u012bva uzs\u016bk\u0161an\u0101s tie\u0161i no \u0101das! Pal\u012bdz mazin\u0101t musku\u013cu sasprindzin\u0101jumu, veicina relaks\u0101ciju un labsaj\u016btu. Bez traipiem, dab\u012bgs un bez piedev\u0101m.\" \/>\n<meta property=\"og:url\" content=\"https:\/\/test.puhdasplus.ee\/lv\/tooted\/minerali\/magnijs\/magnija-aerosols-75-ml\/\" \/>\n<meta property=\"og:site_name\" content=\"Puhdas+\" \/>\n<meta property=\"article:publisher\" content=\"https:\/\/www.facebook.com\/puhdasplus\" \/>\n<meta property=\"article:modified_time\" content=\"2026-02-27T11:13:20+00:00\" \/>\n<meta property=\"og:image\" content=\"https:\/\/test.puhdasplus.ee\/wp-content\/uploads\/2025\/03\/51.jpg\" \/>\n\t<meta property=\"og:image:width\" content=\"1862\" \/>\n\t<meta property=\"og:image:height\" content=\"2560\" \/>\n\t<meta property=\"og:image:type\" content=\"image\/jpeg\" \/>\n<meta name=\"twitter:card\" content=\"summary_large_image\" \/>\n<meta name=\"twitter:label1\" content=\"Est. reading time\" \/>\n\t<meta name=\"twitter:data1\" content=\"2 min\u016btes\" \/>\n<script type=\"application\/ld+json\" class=\"yoast-schema-graph\">{\"@context\":\"https:\/\/schema.org\",\"@graph\":[{\"@type\":\"WebPage\",\"@id\":\"https:\/\/test.puhdasplus.ee\/lv\/tooted\/minerali\/magnijs\/magnija-aerosols-75-ml\/\",\"url\":\"https:\/\/test.puhdasplus.ee\/lv\/tooted\/minerali\/magnijs\/magnija-aerosols-75-ml\/\",\"name\":\"Magnija aerosols 150 ml - Puhdas+\",\"isPartOf\":{\"@id\":\"https:\/\/test.puhdasplus.ee\/lv\/#website\"},\"primaryImageOfPage\":{\"@id\":\"https:\/\/test.puhdasplus.ee\/lv\/tooted\/minerali\/magnijs\/magnija-aerosols-75-ml\/#primaryimage\"},\"image\":{\"@id\":\"https:\/\/test.puhdasplus.ee\/lv\/tooted\/minerali\/magnijs\/magnija-aerosols-75-ml\/#primaryimage\"},\"thumbnailUrl\":\"https:\/\/test.puhdasplus.ee\/wp-content\/uploads\/2025\/03\/51.jpg\",\"datePublished\":\"2021-12-25T14:34:45+00:00\",\"dateModified\":\"2026-02-27T11:13:20+00:00\",\"description\":\"Magnija aerosols \u2013 \u0101tra un efekt\u012bva uzs\u016bk\u0161an\u0101s tie\u0161i no \u0101das! Pal\u012bdz mazin\u0101t musku\u013cu sasprindzin\u0101jumu, veicina relaks\u0101ciju un labsaj\u016btu. Bez traipiem, dab\u012bgs un bez piedev\u0101m.\",\"breadcrumb\":{\"@id\":\"https:\/\/test.puhdasplus.ee\/lv\/tooted\/minerali\/magnijs\/magnija-aerosols-75-ml\/#breadcrumb\"},\"inLanguage\":\"lv-LV\",\"potentialAction\":[{\"@type\":\"ReadAction\",\"target\":[\"https:\/\/test.puhdasplus.ee\/lv\/tooted\/minerali\/magnijs\/magnija-aerosols-75-ml\/\"]}]},{\"@type\":\"ImageObject\",\"inLanguage\":\"lv-LV\",\"@id\":\"https:\/\/test.puhdasplus.ee\/lv\/tooted\/minerali\/magnijs\/magnija-aerosols-75-ml\/#primaryimage\",\"url\":\"https:\/\/test.puhdasplus.ee\/wp-content\/uploads\/2025\/03\/51.jpg\",\"contentUrl\":\"https:\/\/test.puhdasplus.ee\/wp-content\/uploads\/2025\/03\/51.jpg\",\"width\":1862,\"height\":2560,\"caption\":\"Magnija aerosols 150 ml\"},{\"@type\":\"BreadcrumbList\",\"@id\":\"https:\/\/test.puhdasplus.ee\/lv\/tooted\/minerali\/magnijs\/magnija-aerosols-75-ml\/#breadcrumb\",\"itemListElement\":[{\"@type\":\"ListItem\",\"position\":1,\"name\":\"S\u0101kums\",\"item\":\"https:\/\/test.puhdasplus.ee\/lv\/\"},{\"@type\":\"ListItem\",\"position\":2,\"name\":\"Produkti\",\"item\":\"https:\/\/test.puhdasplus.ee\/lv\/veikals\/\"},{\"@type\":\"ListItem\",\"position\":3,\"name\":\"Magnija aerosols 150 ml\"}]},{\"@type\":\"WebSite\",\"@id\":\"https:\/\/test.puhdasplus.ee\/lv\/#website\",\"url\":\"https:\/\/test.puhdasplus.ee\/lv\/\",\"name\":\"Puhdas+\",\"description\":\"Vitamiinid, Toidulisandid, looduskosmeetika, tervis, sport\",\"publisher\":{\"@id\":\"https:\/\/test.puhdasplus.ee\/lv\/#organization\"},\"potentialAction\":[{\"@type\":\"SearchAction\",\"target\":{\"@type\":\"EntryPoint\",\"urlTemplate\":\"https:\/\/test.puhdasplus.ee\/lv\/?s={search_term_string}\"},\"query-input\":{\"@type\":\"PropertyValueSpecification\",\"valueRequired\":true,\"valueName\":\"search_term_string\"}}],\"inLanguage\":\"lv-LV\"},{\"@type\":\"Organization\",\"@id\":\"https:\/\/test.puhdasplus.ee\/lv\/#organization\",\"name\":\"Puhdas+\",\"alternateName\":\"Puhdasplus\",\"url\":\"https:\/\/test.puhdasplus.ee\/lv\/\",\"logo\":{\"@type\":\"ImageObject\",\"inLanguage\":\"lv-LV\",\"@id\":\"https:\/\/test.puhdasplus.ee\/lv\/#\/schema\/logo\/image\/\",\"url\":\"https:\/\/test.puhdasplus.ee\/\/wp-content\/uploads\/2019\/10\/puhdas_logo-arvele.png\",\"contentUrl\":\"https:\/\/test.puhdasplus.ee\/\/wp-content\/uploads\/2019\/10\/puhdas_logo-arvele.png\",\"width\":114,\"height\":94,\"caption\":\"Puhdas+\"},\"image\":{\"@id\":\"https:\/\/test.puhdasplus.ee\/lv\/#\/schema\/logo\/image\/\"},\"sameAs\":[\"https:\/\/www.facebook.com\/puhdasplus\",\"https:\/\/www.instagram.com\/puhdasplus_ee\/\"]}]}<\/script>\n<!-- \/ Yoast SEO plugin. -->","yoast_head_json":{"title":"Magnija aerosols 150 ml - Puhdas+","description":"Magnija aerosols \u2013 \u0101tra un efekt\u012bva uzs\u016bk\u0161an\u0101s tie\u0161i no \u0101das! Pal\u012bdz mazin\u0101t musku\u013cu sasprindzin\u0101jumu, veicina relaks\u0101ciju un labsaj\u016btu. Bez traipiem, dab\u012bgs un bez piedev\u0101m.","robots":{"index":"noindex","follow":"follow","max-snippet":"max-snippet:-1","max-image-preview":"max-image-preview:large","max-video-preview":"max-video-preview:-1"},"og_locale":"lv_LV","og_type":"article","og_title":"Magnija aerosols 150 ml - Puhdas+","og_description":"Magnija aerosols \u2013 \u0101tra un efekt\u012bva uzs\u016bk\u0161an\u0101s tie\u0161i no \u0101das! Pal\u012bdz mazin\u0101t musku\u013cu sasprindzin\u0101jumu, veicina relaks\u0101ciju un labsaj\u016btu. Bez traipiem, dab\u012bgs un bez piedev\u0101m.","og_url":"https:\/\/test.puhdasplus.ee\/lv\/tooted\/minerali\/magnijs\/magnija-aerosols-75-ml\/","og_site_name":"Puhdas+","article_publisher":"https:\/\/www.facebook.com\/puhdasplus","article_modified_time":"2026-02-27T11:13:20+00:00","og_image":[{"width":1862,"height":2560,"url":"https:\/\/test.puhdasplus.ee\/wp-content\/uploads\/2025\/03\/51.jpg","type":"image\/jpeg"}],"twitter_card":"summary_large_image","twitter_misc":{"Est. reading time":"2 min\u016btes"},"schema":{"@context":"https:\/\/schema.org","@graph":[{"@type":"WebPage","@id":"https:\/\/test.puhdasplus.ee\/lv\/tooted\/minerali\/magnijs\/magnija-aerosols-75-ml\/","url":"https:\/\/test.puhdasplus.ee\/lv\/tooted\/minerali\/magnijs\/magnija-aerosols-75-ml\/","name":"Magnija aerosols 150 ml - Puhdas+","isPartOf":{"@id":"https:\/\/test.puhdasplus.ee\/lv\/#website"},"primaryImageOfPage":{"@id":"https:\/\/test.puhdasplus.ee\/lv\/tooted\/minerali\/magnijs\/magnija-aerosols-75-ml\/#primaryimage"},"image":{"@id":"https:\/\/test.puhdasplus.ee\/lv\/tooted\/minerali\/magnijs\/magnija-aerosols-75-ml\/#primaryimage"},"thumbnailUrl":"https:\/\/test.puhdasplus.ee\/wp-content\/uploads\/2025\/03\/51.jpg","datePublished":"2021-12-25T14:34:45+00:00","dateModified":"2026-02-27T11:13:20+00:00","description":"Magnija aerosols \u2013 \u0101tra un efekt\u012bva uzs\u016bk\u0161an\u0101s tie\u0161i no \u0101das! Pal\u012bdz mazin\u0101t musku\u013cu sasprindzin\u0101jumu, veicina relaks\u0101ciju un labsaj\u016btu. Bez traipiem, dab\u012bgs un bez piedev\u0101m.","breadcrumb":{"@id":"https:\/\/test.puhdasplus.ee\/lv\/tooted\/minerali\/magnijs\/magnija-aerosols-75-ml\/#breadcrumb"},"inLanguage":"lv-LV","potentialAction":[{"@type":"ReadAction","target":["https:\/\/test.puhdasplus.ee\/lv\/tooted\/minerali\/magnijs\/magnija-aerosols-75-ml\/"]}]},{"@type":"ImageObject","inLanguage":"lv-LV","@id":"https:\/\/test.puhdasplus.ee\/lv\/tooted\/minerali\/magnijs\/magnija-aerosols-75-ml\/#primaryimage","url":"https:\/\/test.puhdasplus.ee\/wp-content\/uploads\/2025\/03\/51.jpg","contentUrl":"https:\/\/test.puhdasplus.ee\/wp-content\/uploads\/2025\/03\/51.jpg","width":1862,"height":2560,"caption":"Magnija aerosols 150 ml"},{"@type":"BreadcrumbList","@id":"https:\/\/test.puhdasplus.ee\/lv\/tooted\/minerali\/magnijs\/magnija-aerosols-75-ml\/#breadcrumb","itemListElement":[{"@type":"ListItem","position":1,"name":"S\u0101kums","item":"https:\/\/test.puhdasplus.ee\/lv\/"},{"@type":"ListItem","position":2,"name":"Produkti","item":"https:\/\/test.puhdasplus.ee\/lv\/veikals\/"},{"@type":"ListItem","position":3,"name":"Magnija aerosols 150 ml"}]},{"@type":"WebSite","@id":"https:\/\/test.puhdasplus.ee\/lv\/#website","url":"https:\/\/test.puhdasplus.ee\/lv\/","name":"Puhdas+","description":"Vitamiinid, Toidulisandid, looduskosmeetika, tervis, sport","publisher":{"@id":"https:\/\/test.puhdasplus.ee\/lv\/#organization"},"potentialAction":[{"@type":"SearchAction","target":{"@type":"EntryPoint","urlTemplate":"https:\/\/test.puhdasplus.ee\/lv\/?s={search_term_string}"},"query-input":{"@type":"PropertyValueSpecification","valueRequired":true,"valueName":"search_term_string"}}],"inLanguage":"lv-LV"},{"@type":"Organization","@id":"https:\/\/test.puhdasplus.ee\/lv\/#organization","name":"Puhdas+","alternateName":"Puhdasplus","url":"https:\/\/test.puhdasplus.ee\/lv\/","logo":{"@type":"ImageObject","inLanguage":"lv-LV","@id":"https:\/\/test.puhdasplus.ee\/lv\/#\/schema\/logo\/image\/","url":"https:\/\/test.puhdasplus.ee\/\/wp-content\/uploads\/2019\/10\/puhdas_logo-arvele.png","contentUrl":"https:\/\/test.puhdasplus.ee\/\/wp-content\/uploads\/2019\/10\/puhdas_logo-arvele.png","width":114,"height":94,"caption":"Puhdas+"},"image":{"@id":"https:\/\/test.puhdasplus.ee\/lv\/#\/schema\/logo\/image\/"},"sameAs":["https:\/\/www.facebook.com\/puhdasplus","https:\/\/www.instagram.com\/puhdasplus_ee\/"]}]}},"_links":{"self":[{"href":"https:\/\/test.puhdasplus.ee\/lv\/wp-json\/wp\/v2\/product\/34814","targetHints":{"allow":["GET"]}}],"collection":[{"href":"https:\/\/test.puhdasplus.ee\/lv\/wp-json\/wp\/v2\/product"}],"about":[{"href":"https:\/\/test.puhdasplus.ee\/lv\/wp-json\/wp\/v2\/types\/product"}],"replies":[{"embeddable":true,"href":"https:\/\/test.puhdasplus.ee\/lv\/wp-json\/wp\/v2\/comments?post=34814"}],"wp:featuredmedia":[{"embeddable":true,"href":"https:\/\/test.puhdasplus.ee\/lv\/wp-json\/wp\/v2\/media\/34819"}],"wp:attachment":[{"href":"https:\/\/test.puhdasplus.ee\/lv\/wp-json\/wp\/v2\/media?parent=34814"}],"wp:term":[{"taxonomy":"product_brand","embeddable":true,"href":"https:\/\/test.puhdasplus.ee\/lv\/wp-json\/wp\/v2\/product_brand?post=34814"},{"taxonomy":"product_cat","embeddable":true,"href":"https:\/\/test.puhdasplus.ee\/lv\/wp-json\/wp\/v2\/product_cat?post=34814"},{"taxonomy":"product_tag","embeddable":true,"href":"https:\/\/test.puhdasplus.ee\/lv\/wp-json\/wp\/v2\/product_tag?post=34814"}],"curies":[{"name":"wp","href":"https:\/\/api.w.org\/{rel}","templated":true}]}}